{"id":111976,"date":"2018-11-30T12:25:35","date_gmt":"2018-11-30T11:25:35","guid":{"rendered":"https:\/\/iha-race.com\/producto\/batteria-tattu-funfly-1550-mah-14-8v-100c-4s1p-xt60\/"},"modified":"2026-01-14T11:39:47","modified_gmt":"2026-01-14T10:39:47","slug":"bateria-tattu-funfly-1550-mah-14-8v-100c-4s1p-xt60","status":"publish","type":"product","link":"https:\/\/iha-race.com\/it\/prodotto\/bateria-tattu-funfly-1550-mah-14-8v-100c-4s1p-xt60\/","title":{"rendered":"Batteria Tattu FunFly 1550 mAh 14.8V 100C 4S1P XT60"},"content":{"rendered":"<h2>Batteria Tattu FunFly 1550 mAh 14.8V 100C 4S1P XT60<\/h2>\n<p><strong>Funfly<\/strong>, il nuovo affascinante membro della famiglia Tattu, appositamente progettato per l&#8217;allenamento quotidiano e il freestyle. Siete stanchi delle pressioni del mondo delle corse? Tutto quello che dovete fare \u00e8 trovare un bel posto tranquillo in un parco locale o in una qualsiasi area aperta per iniziare l&#8217;allenamento. Grazie alle sue prestazioni stabili, potrete concentrarvi su curve, roll e power loop e perfezionare le vostre linee di freestyle fluide. Il divertimento sta volando. D&#8217;ora in poi, liberati dalla pressione e non preoccuparti di quello che dicono gli altri, buono o cattivo, positivo o negativo, usa solo i tuoi dispositivi di volo e inizia il tuo freestyle.  <strong>Batteria lipo Tattu Fun Fly 1550mAh 4S 100C <\/strong> di alta qualit\u00e0 e ad un prezzo molto conveniente nel nostro negozio ufficiale Tattu.  <\/p>\n<h2>Caratteristiche della batteria FunFly 4S 100C<\/h2>\n<ol>\n<li>La stabile tecnologia di impilamento automatico consente di raggiungere capacit\u00e0 di 1550 mAh per singola cella.<\/li>\n<li>Capacit\u00e0 maggiore rispetto alle confezioni di dimensioni analoghe.<\/li>\n<li>Alta velocit\u00e0 di 100C, massima velocit\u00e0 di scarica 200C.<\/li>\n<\/ol>\n<p>&nbsp;<\/p>\n<p><img fetchpriority=\"high\" decoding=\"async\" class=\"wp-image-4473 size-large\" src=\"https:\/\/iha-race.com\/wp-content\/uploads\/2018\/11\/funfly-2_1-1-1024x575.jpg\" alt=\"acquistare a buon mercato Tattu Fun Fly 1550 mAh batteria in australia\" width=\"840\" height=\"472\" srcset=\"https:\/\/iha-race.com\/wp-content\/uploads\/2018\/11\/funfly-2_1-1-1024x575.jpg 1024w, https:\/\/iha-race.com\/wp-content\/uploads\/2018\/11\/funfly-2_1-1.jpg 600w, https:\/\/iha-race.com\/wp-content\/uploads\/2018\/11\/funfly-2_1-1-300x169.jpg 300w, https:\/\/iha-race.com\/wp-content\/uploads\/2018\/11\/funfly-2_1-1-767x431.jpg 767w, https:\/\/iha-race.com\/wp-content\/uploads\/2018\/11\/funfly-2_1-1-788x442.jpg 788w\" sizes=\"(max-width: 840px) 100vw, 840px\" \/><\/p>\n<p><img decoding=\"async\" class=\"wp-image-4474 size-large\" src=\"https:\/\/iha-race.com\/wp-content\/uploads\/2018\/11\/tattufunfly-4-1024x575.jpg\" alt=\"Le migliori offerte Tattu Fun Fly 14.8V 100C 4S1P uk\" width=\"840\" height=\"472\" srcset=\"https:\/\/iha-race.com\/wp-content\/uploads\/2018\/11\/tattufunfly-4-1024x575.jpg 1024w, https:\/\/iha-race.com\/wp-content\/uploads\/2018\/11\/tattufunfly-4.jpg 600w, https:\/\/iha-race.com\/wp-content\/uploads\/2018\/11\/tattufunfly-4-300x169.jpg 300w, https:\/\/iha-race.com\/wp-content\/uploads\/2018\/11\/tattufunfly-4-767x431.jpg 767w, https:\/\/iha-race.com\/wp-content\/uploads\/2018\/11\/tattufunfly-4-788x442.jpg 788w\" sizes=\"(max-width: 840px) 100vw, 840px\" \/><\/p>\n<p>&nbsp;<\/p>\n<h2>Tattu FunFly Specifiche:<\/h2>\n<ul>\n<li>Capacit\u00e0 minima: 1550 mAh<\/li>\n<li>Configurazione: 4S1P \/ 14,8V \/ 4 celle<\/li>\n<li>Velocit\u00e0 di download: 100C<\/li>\n<li>Velocit\u00e0 di scarica massima: 200C<\/li>\n<li>Peso netto (\u00b1 20 g): 178 g \/ unit\u00e0<\/li>\n<li>Dimensioni: 72 mm Lunghezza 35 mm x larghezza x 36 mm Altezza<\/li>\n<li>Presa di ricarica: JST-XHR<\/li>\n<li>Presa di scarico: XT-60<\/li>\n<\/ul>\n<h3>L&#8217;acquisto della batteria Tattu FunFly 1550 mAh include:<\/h3>\n<ul>\n<li>1 batteria Tattu Fun Fly 1550 mAh 14,8V 100C 4S1P XT60<\/li>\n<\/ul>\n","protected":false},"excerpt":{"rendered":"<p>La serie Tattu Funfly offre lipo di qualit\u00e0 Tattu a un prezzo nuovo e accessibile. Elevata potenza ma miglior prezzo per 4s, raffica sufficiente per gli esperti e facile da controllare per i principianti.<\/p>\n","protected":false},"featured_media":93487,"comment_status":"open","ping_status":"closed","template":"","meta":{"_joinchat":[]},"pwb-brand":[],"product_cat":[1065,1074],"product_tag":[],"class_list":{"0":"post-111976","1":"product","2":"type-product","3":"status-publish","4":"has-post-thumbnail","6":"product_cat-batterie-fpv","7":"product_cat-s4-it","9":"first","10":"outofstock","11":"taxable","12":"shipping-taxable","13":"purchasable","14":"product-type-simple"},"barcode":null,"atum_controlled":true,"out_stock_date":"2026-01-14 11:39:47","out_stock_threshold":null,"inheritable":false,"stock_on_hold":0,"sold_today":0,"sales_last_days":0,"out_stock_days":93,"lost_sales":757,"update_date":"2026-04-18T09:37:06","atum_locations":[],"atum_stock_status":"outofstock","restock_status":false,"low_stock_amount":0,"sales_update_date":"2026-04-18T09:37:06","calc_backorders":null,"yoast_head":"<!-- This site is optimized with the Yoast SEO plugin v27.3 - https:\/\/yoast.com\/product\/yoast-seo-wordpress\/ -->\n<title>\ud83e\udd47 Batteria Tattu Fun Fly &quot; 4S &quot; 1550 mAh \u2469 Tattu Fun Fly &quot; 4S &quot; 1550 mAh \u2469 Iha Race<\/title>\n<meta name=\"description\" content=\"Tattu Funfly fornisce lipo di qualit\u00e0 Tattu a un prezzo nuovo e conveniente\u2705 Alta potenza per 4S. Consegne in 24 ore\u2708\ufe0f in tutta la Spagna.\" \/>\n<meta name=\"robots\" content=\"index, follow, max-snippet:-1, max-image-preview:large, max-video-preview:-1\" \/>\n<link rel=\"canonical\" href=\"https:\/\/iha-race.com\/it\/prodotto\/bateria-tattu-funfly-1550-mah-14-8v-100c-4s1p-xt60\/\" \/>\n<meta property=\"og:locale\" content=\"it_IT\" \/>\n<meta property=\"og:type\" content=\"article\" \/>\n<meta property=\"og:title\" content=\"\ud83e\udd47 Batteria Tattu Fun Fly &quot; 4S &quot; 1550 mAh \u2469 Tattu Fun Fly &quot; 4S &quot; 1550 mAh \u2469 Iha Race\" \/>\n<meta property=\"og:description\" content=\"Tattu Funfly fornisce lipo di qualit\u00e0 Tattu a un prezzo nuovo e conveniente\u2705 Alta potenza per 4S. Consegne in 24 ore\u2708\ufe0f in tutta la Spagna.\" \/>\n<meta property=\"og:url\" content=\"https:\/\/iha-race.com\/it\/prodotto\/bateria-tattu-funfly-1550-mah-14-8v-100c-4s1p-xt60\/\" \/>\n<meta property=\"og:site_name\" content=\"Iha Race\" \/>\n<meta property=\"article:modified_time\" content=\"2026-01-14T10:39:47+00:00\" \/>\n<meta property=\"og:image\" content=\"https:\/\/iha-race.com\/wp-content\/uploads\/2018\/11\/bateria-tattu-fun-fly-1550-mah-14-8v-100c-4s1p-comprar-tienda-online-1.jpg\" \/>\n\t<meta property=\"og:image:width\" content=\"800\" \/>\n\t<meta property=\"og:image:height\" content=\"800\" \/>\n\t<meta property=\"og:image:type\" content=\"image\/jpeg\" \/>\n<meta name=\"twitter:card\" content=\"summary_large_image\" \/>\n<meta name=\"twitter:label1\" content=\"Tempo di lettura stimato\" \/>\n\t<meta name=\"twitter:data1\" content=\"1 minuto\" \/>\n<script type=\"application\/ld+json\" class=\"yoast-schema-graph\">{\"@context\":\"https:\\\/\\\/schema.org\",\"@graph\":[{\"@type\":\"WebPage\",\"@id\":\"https:\\\/\\\/iha-race.com\\\/it\\\/prodotto\\\/bateria-tattu-funfly-1550-mah-14-8v-100c-4s1p-xt60\\\/\",\"url\":\"https:\\\/\\\/iha-race.com\\\/it\\\/prodotto\\\/bateria-tattu-funfly-1550-mah-14-8v-100c-4s1p-xt60\\\/\",\"name\":\"\ud83e\udd47 Batteria Tattu Fun Fly \\\" 4S \\\" 1550 mAh \u2469 Tattu Fun Fly \\\" 4S \\\" 1550 mAh \u2469 Iha Race\",\"isPartOf\":{\"@id\":\"https:\\\/\\\/iha-race.com\\\/it\\\/#website\"},\"primaryImageOfPage\":{\"@id\":\"https:\\\/\\\/iha-race.com\\\/it\\\/prodotto\\\/bateria-tattu-funfly-1550-mah-14-8v-100c-4s1p-xt60\\\/#primaryimage\"},\"image\":{\"@id\":\"https:\\\/\\\/iha-race.com\\\/it\\\/prodotto\\\/bateria-tattu-funfly-1550-mah-14-8v-100c-4s1p-xt60\\\/#primaryimage\"},\"thumbnailUrl\":\"https:\\\/\\\/iha-race.com\\\/wp-content\\\/uploads\\\/2018\\\/11\\\/bateria-tattu-fun-fly-1550-mah-14-8v-100c-4s1p-comprar-tienda-online-1.jpg\",\"datePublished\":\"2018-11-30T11:25:35+00:00\",\"dateModified\":\"2026-01-14T10:39:47+00:00\",\"description\":\"Tattu Funfly fornisce lipo di qualit\u00e0 Tattu a un prezzo nuovo e conveniente\u2705 Alta potenza per 4S. Consegne in 24 ore\u2708\ufe0f in tutta la Spagna.\",\"breadcrumb\":{\"@id\":\"https:\\\/\\\/iha-race.com\\\/it\\\/prodotto\\\/bateria-tattu-funfly-1550-mah-14-8v-100c-4s1p-xt60\\\/#breadcrumb\"},\"inLanguage\":\"it-IT\",\"potentialAction\":[{\"@type\":\"ReadAction\",\"target\":[\"https:\\\/\\\/iha-race.com\\\/it\\\/prodotto\\\/bateria-tattu-funfly-1550-mah-14-8v-100c-4s1p-xt60\\\/\"]}]},{\"@type\":\"ImageObject\",\"inLanguage\":\"it-IT\",\"@id\":\"https:\\\/\\\/iha-race.com\\\/it\\\/prodotto\\\/bateria-tattu-funfly-1550-mah-14-8v-100c-4s1p-xt60\\\/#primaryimage\",\"url\":\"https:\\\/\\\/iha-race.com\\\/wp-content\\\/uploads\\\/2018\\\/11\\\/bateria-tattu-fun-fly-1550-mah-14-8v-100c-4s1p-comprar-tienda-online-1.jpg\",\"contentUrl\":\"https:\\\/\\\/iha-race.com\\\/wp-content\\\/uploads\\\/2018\\\/11\\\/bateria-tattu-fun-fly-1550-mah-14-8v-100c-4s1p-comprar-tienda-online-1.jpg\",\"width\":800,\"height\":800,\"caption\":\"bateria-tattu-fun-fly-1550-mah-14-8v-100c-4s1p-comprar-tienda-online\"},{\"@type\":\"BreadcrumbList\",\"@id\":\"https:\\\/\\\/iha-race.com\\\/it\\\/prodotto\\\/bateria-tattu-funfly-1550-mah-14-8v-100c-4s1p-xt60\\\/#breadcrumb\",\"itemListElement\":[{\"@type\":\"ListItem\",\"position\":1,\"name\":\"Portada\",\"item\":\"https:\\\/\\\/iha-race.com\\\/it\\\/\"},{\"@type\":\"ListItem\",\"position\":2,\"name\":\"Negozio\",\"item\":\"https:\\\/\\\/iha-race.com\\\/it\\\/negozio\\\/\"},{\"@type\":\"ListItem\",\"position\":3,\"name\":\"Batteria Tattu FunFly 1550 mAh 14.8V 100C 4S1P XT60\"}]},{\"@type\":\"WebSite\",\"@id\":\"https:\\\/\\\/iha-race.com\\\/it\\\/#website\",\"url\":\"https:\\\/\\\/iha-race.com\\\/it\\\/\",\"name\":\"Iha Race\",\"description\":\"Comprar drones de carreras FPV env\u00edos en un d\u00eda desde Espa\u00f1a\",\"publisher\":{\"@id\":\"https:\\\/\\\/iha-race.com\\\/it\\\/#organization\"},\"potentialAction\":[{\"@type\":\"SearchAction\",\"target\":{\"@type\":\"EntryPoint\",\"urlTemplate\":\"https:\\\/\\\/iha-race.com\\\/it\\\/?s={search_term_string}\"},\"query-input\":{\"@type\":\"PropertyValueSpecification\",\"valueRequired\":true,\"valueName\":\"search_term_string\"}}],\"inLanguage\":\"it-IT\"},{\"@type\":\"Organization\",\"@id\":\"https:\\\/\\\/iha-race.com\\\/it\\\/#organization\",\"name\":\"Iha Race\",\"url\":\"https:\\\/\\\/iha-race.com\\\/it\\\/\",\"logo\":{\"@type\":\"ImageObject\",\"inLanguage\":\"it-IT\",\"@id\":\"https:\\\/\\\/iha-race.com\\\/it\\\/#\\\/schema\\\/logo\\\/image\\\/\",\"url\":\"https:\\\/\\\/iha-race.com\\\/wp-content\\\/uploads\\\/2018\\\/07\\\/iha-race-drones-de-carreras-tienda-comprar-drones.png\",\"contentUrl\":\"https:\\\/\\\/iha-race.com\\\/wp-content\\\/uploads\\\/2018\\\/07\\\/iha-race-drones-de-carreras-tienda-comprar-drones.png\",\"width\":300,\"height\":100,\"caption\":\"Iha Race\"},\"image\":{\"@id\":\"https:\\\/\\\/iha-race.com\\\/it\\\/#\\\/schema\\\/logo\\\/image\\\/\"}}]}<\/script>\n<!-- \/ Yoast SEO plugin. -->","yoast_head_json":{"title":"\ud83e\udd47 Batteria Tattu Fun Fly \" 4S \" 1550 mAh \u2469 Tattu Fun Fly \" 4S \" 1550 mAh \u2469 Iha Race","description":"Tattu Funfly fornisce lipo di qualit\u00e0 Tattu a un prezzo nuovo e conveniente\u2705 Alta potenza per 4S. Consegne in 24 ore\u2708\ufe0f in tutta la Spagna.","robots":{"index":"index","follow":"follow","max-snippet":"max-snippet:-1","max-image-preview":"max-image-preview:large","max-video-preview":"max-video-preview:-1"},"canonical":"https:\/\/iha-race.com\/it\/prodotto\/bateria-tattu-funfly-1550-mah-14-8v-100c-4s1p-xt60\/","og_locale":"it_IT","og_type":"article","og_title":"\ud83e\udd47 Batteria Tattu Fun Fly \" 4S \" 1550 mAh \u2469 Tattu Fun Fly \" 4S \" 1550 mAh \u2469 Iha Race","og_description":"Tattu Funfly fornisce lipo di qualit\u00e0 Tattu a un prezzo nuovo e conveniente\u2705 Alta potenza per 4S. Consegne in 24 ore\u2708\ufe0f in tutta la Spagna.","og_url":"https:\/\/iha-race.com\/it\/prodotto\/bateria-tattu-funfly-1550-mah-14-8v-100c-4s1p-xt60\/","og_site_name":"Iha Race","article_modified_time":"2026-01-14T10:39:47+00:00","og_image":[{"width":800,"height":800,"url":"https:\/\/iha-race.com\/wp-content\/uploads\/2018\/11\/bateria-tattu-fun-fly-1550-mah-14-8v-100c-4s1p-comprar-tienda-online-1.jpg","type":"image\/jpeg"}],"twitter_card":"summary_large_image","twitter_misc":{"Tempo di lettura stimato":"1 minuto"},"schema":{"@context":"https:\/\/schema.org","@graph":[{"@type":"WebPage","@id":"https:\/\/iha-race.com\/it\/prodotto\/bateria-tattu-funfly-1550-mah-14-8v-100c-4s1p-xt60\/","url":"https:\/\/iha-race.com\/it\/prodotto\/bateria-tattu-funfly-1550-mah-14-8v-100c-4s1p-xt60\/","name":"\ud83e\udd47 Batteria Tattu Fun Fly \" 4S \" 1550 mAh \u2469 Tattu Fun Fly \" 4S \" 1550 mAh \u2469 Iha Race","isPartOf":{"@id":"https:\/\/iha-race.com\/it\/#website"},"primaryImageOfPage":{"@id":"https:\/\/iha-race.com\/it\/prodotto\/bateria-tattu-funfly-1550-mah-14-8v-100c-4s1p-xt60\/#primaryimage"},"image":{"@id":"https:\/\/iha-race.com\/it\/prodotto\/bateria-tattu-funfly-1550-mah-14-8v-100c-4s1p-xt60\/#primaryimage"},"thumbnailUrl":"https:\/\/iha-race.com\/wp-content\/uploads\/2018\/11\/bateria-tattu-fun-fly-1550-mah-14-8v-100c-4s1p-comprar-tienda-online-1.jpg","datePublished":"2018-11-30T11:25:35+00:00","dateModified":"2026-01-14T10:39:47+00:00","description":"Tattu Funfly fornisce lipo di qualit\u00e0 Tattu a un prezzo nuovo e conveniente\u2705 Alta potenza per 4S. Consegne in 24 ore\u2708\ufe0f in tutta la Spagna.","breadcrumb":{"@id":"https:\/\/iha-race.com\/it\/prodotto\/bateria-tattu-funfly-1550-mah-14-8v-100c-4s1p-xt60\/#breadcrumb"},"inLanguage":"it-IT","potentialAction":[{"@type":"ReadAction","target":["https:\/\/iha-race.com\/it\/prodotto\/bateria-tattu-funfly-1550-mah-14-8v-100c-4s1p-xt60\/"]}]},{"@type":"ImageObject","inLanguage":"it-IT","@id":"https:\/\/iha-race.com\/it\/prodotto\/bateria-tattu-funfly-1550-mah-14-8v-100c-4s1p-xt60\/#primaryimage","url":"https:\/\/iha-race.com\/wp-content\/uploads\/2018\/11\/bateria-tattu-fun-fly-1550-mah-14-8v-100c-4s1p-comprar-tienda-online-1.jpg","contentUrl":"https:\/\/iha-race.com\/wp-content\/uploads\/2018\/11\/bateria-tattu-fun-fly-1550-mah-14-8v-100c-4s1p-comprar-tienda-online-1.jpg","width":800,"height":800,"caption":"bateria-tattu-fun-fly-1550-mah-14-8v-100c-4s1p-comprar-tienda-online"},{"@type":"BreadcrumbList","@id":"https:\/\/iha-race.com\/it\/prodotto\/bateria-tattu-funfly-1550-mah-14-8v-100c-4s1p-xt60\/#breadcrumb","itemListElement":[{"@type":"ListItem","position":1,"name":"Portada","item":"https:\/\/iha-race.com\/it\/"},{"@type":"ListItem","position":2,"name":"Negozio","item":"https:\/\/iha-race.com\/it\/negozio\/"},{"@type":"ListItem","position":3,"name":"Batteria Tattu FunFly 1550 mAh 14.8V 100C 4S1P XT60"}]},{"@type":"WebSite","@id":"https:\/\/iha-race.com\/it\/#website","url":"https:\/\/iha-race.com\/it\/","name":"Iha Race","description":"Comprar drones de carreras FPV env\u00edos en un d\u00eda desde Espa\u00f1a","publisher":{"@id":"https:\/\/iha-race.com\/it\/#organization"},"potentialAction":[{"@type":"SearchAction","target":{"@type":"EntryPoint","urlTemplate":"https:\/\/iha-race.com\/it\/?s={search_term_string}"},"query-input":{"@type":"PropertyValueSpecification","valueRequired":true,"valueName":"search_term_string"}}],"inLanguage":"it-IT"},{"@type":"Organization","@id":"https:\/\/iha-race.com\/it\/#organization","name":"Iha Race","url":"https:\/\/iha-race.com\/it\/","logo":{"@type":"ImageObject","inLanguage":"it-IT","@id":"https:\/\/iha-race.com\/it\/#\/schema\/logo\/image\/","url":"https:\/\/iha-race.com\/wp-content\/uploads\/2018\/07\/iha-race-drones-de-carreras-tienda-comprar-drones.png","contentUrl":"https:\/\/iha-race.com\/wp-content\/uploads\/2018\/07\/iha-race-drones-de-carreras-tienda-comprar-drones.png","width":300,"height":100,"caption":"Iha Race"},"image":{"@id":"https:\/\/iha-race.com\/it\/#\/schema\/logo\/image\/"}}]}},"brands":[],"_links":{"self":[{"href":"https:\/\/iha-race.com\/it\/wp-json\/wp\/v2\/product\/111976","targetHints":{"allow":["GET"]}}],"collection":[{"href":"https:\/\/iha-race.com\/it\/wp-json\/wp\/v2\/product"}],"about":[{"href":"https:\/\/iha-race.com\/it\/wp-json\/wp\/v2\/types\/product"}],"replies":[{"embeddable":true,"href":"https:\/\/iha-race.com\/it\/wp-json\/wp\/v2\/comments?post=111976"}],"version-history":[{"count":2,"href":"https:\/\/iha-race.com\/it\/wp-json\/wp\/v2\/product\/111976\/revisions"}],"predecessor-version":[{"id":248015,"href":"https:\/\/iha-race.com\/it\/wp-json\/wp\/v2\/product\/111976\/revisions\/248015"}],"wp:featuredmedia":[{"embeddable":true,"href":"https:\/\/iha-race.com\/it\/wp-json\/wp\/v2\/media\/93487"}],"wp:attachment":[{"href":"https:\/\/iha-race.com\/it\/wp-json\/wp\/v2\/media?parent=111976"}],"wp:term":[{"taxonomy":"pwb-brand","embeddable":true,"href":"https:\/\/iha-race.com\/it\/wp-json\/wp\/v2\/pwb-brand?post=111976"},{"taxonomy":"product_cat","embeddable":true,"href":"https:\/\/iha-race.com\/it\/wp-json\/wp\/v2\/product_cat?post=111976"},{"taxonomy":"product_tag","embeddable":true,"href":"https:\/\/iha-race.com\/it\/wp-json\/wp\/v2\/product_tag?post=111976"}],"curies":[{"name":"wp","href":"https:\/\/api.w.org\/{rel}","templated":true}]}}