{"id":111970,"date":"2018-11-06T11:12:16","date_gmt":"2018-11-06T10:12:16","guid":{"rendered":"https:\/\/iha-race.com\/producto\/%e2%9a%92-tbs-sexy-driver-kit\/"},"modified":"2024-08-29T16:30:49","modified_gmt":"2024-08-29T14:30:49","slug":"tbs-sexy-driver-kit","status":"publish","type":"product","link":"https:\/\/iha-race.com\/it\/prodotto\/tbs-sexy-driver-kit\/","title":{"rendered":"\u2692 TBS Sexy Driver Kit"},"content":{"rendered":"<h2>Kit per autista sexy TBS<\/h2>\n<p>  Progettato per una maneggevolezza eccellente e confortevole. Trattamento termico per una durezza estrema. Anodizzato in nero perch\u00e9 il nero \u00e8 l&#8217;unico colore che consideriamo. Strumenti di qualit\u00e0 eccellente ad un prezzo super conveniente! I migliori strumenti per lavorare sui tuoi droni FPV.  <\/p>\n<h3>Gli acquisti di TBS Sexy Driver comprendono:<\/h3>\n<ul>\n<li>1 x Cacciavite a croce M2.0<\/li>\n<li>1 x Cacciavite esagonale M2.0<\/li>\n<li>1 x M5 TBS PowerCube Strumento<\/li>\n<li>1 x M8 Prop Troppo<\/li>\n<\/ul>\n","protected":false},"excerpt":{"rendered":"<p>Utensili manuali <strong>accuratamente progettati<\/strong> e selezionati da TBS per tutte le modifiche e le riparazioni.<\/p>\n","protected":false},"featured_media":94552,"comment_status":"open","ping_status":"closed","template":"","meta":{"_joinchat":[]},"pwb-brand":[],"product_cat":[1106,1135],"product_tag":[],"class_list":{"0":"post-111970","1":"product","2":"type-product","3":"status-publish","4":"has-post-thumbnail","6":"product_cat-accessori","7":"product_cat--strumenti-e-saldatura","9":"first","10":"instock","11":"taxable","12":"shipping-taxable","13":"purchasable","14":"product-type-simple"},"barcode":null,"atum_controlled":true,"out_stock_date":null,"out_stock_threshold":null,"inheritable":false,"stock_on_hold":0,"sold_today":0,"sales_last_days":0,"out_stock_days":0,"lost_sales":0,"update_date":"2026-04-08T16:33:13","atum_locations":[],"atum_stock_status":"instock","restock_status":false,"low_stock_amount":0,"sales_update_date":"2026-04-08T10:19:01","calc_backorders":null,"yoast_head":"<!-- This site is optimized with the Yoast SEO plugin v27.3 - https:\/\/yoast.com\/product\/yoast-seo-wordpress\/ -->\n<title>\ud83e\udd47 TBS Sexy Driver Kit &quot; Riparazioni dei droni &quot; TeamBlackSheep &amp; IHA<\/title>\n<meta name=\"description\" content=\"Raccomandiamo\u261d il kit di strumenti per droni con il miglior rapporto qualit\u00e0\/prezzo di TBS\u3010 Sexy Driver Kit \u3011Ricevilo in 24 ore \u2708\ufe0f\" \/>\n<meta name=\"robots\" content=\"index, follow, max-snippet:-1, max-image-preview:large, max-video-preview:-1\" \/>\n<link rel=\"canonical\" href=\"https:\/\/iha-race.com\/it\/prodotto\/tbs-sexy-driver-kit\/\" \/>\n<meta property=\"og:locale\" content=\"it_IT\" \/>\n<meta property=\"og:type\" content=\"article\" \/>\n<meta property=\"og:title\" content=\"\ud83e\udd47 TBS Sexy Driver Kit &quot; Riparazioni dei droni &quot; TeamBlackSheep &amp; IHA\" \/>\n<meta property=\"og:description\" content=\"Raccomandiamo\u261d il kit di strumenti per droni con il miglior rapporto qualit\u00e0\/prezzo di TBS\u3010 Sexy Driver Kit \u3011Ricevilo in 24 ore \u2708\ufe0f\" \/>\n<meta property=\"og:url\" content=\"https:\/\/iha-race.com\/it\/prodotto\/tbs-sexy-driver-kit\/\" \/>\n<meta property=\"og:site_name\" content=\"Iha Race\" \/>\n<meta property=\"article:modified_time\" content=\"2024-08-29T14:30:49+00:00\" \/>\n<meta property=\"og:image\" content=\"https:\/\/iha-race.com\/wp-content\/uploads\/2018\/11\/tbs-sexy-driver-kit-1.jpg\" \/>\n\t<meta property=\"og:image:width\" content=\"800\" \/>\n\t<meta property=\"og:image:height\" content=\"800\" \/>\n\t<meta property=\"og:image:type\" content=\"image\/jpeg\" \/>\n<meta name=\"twitter:card\" content=\"summary_large_image\" \/>\n<script type=\"application\/ld+json\" class=\"yoast-schema-graph\">{\"@context\":\"https:\\\/\\\/schema.org\",\"@graph\":[{\"@type\":\"WebPage\",\"@id\":\"https:\\\/\\\/iha-race.com\\\/it\\\/prodotto\\\/tbs-sexy-driver-kit\\\/\",\"url\":\"https:\\\/\\\/iha-race.com\\\/it\\\/prodotto\\\/tbs-sexy-driver-kit\\\/\",\"name\":\"\ud83e\udd47 TBS Sexy Driver Kit \\\" Riparazioni dei droni \\\" TeamBlackSheep & IHA\",\"isPartOf\":{\"@id\":\"https:\\\/\\\/iha-race.com\\\/it\\\/#website\"},\"primaryImageOfPage\":{\"@id\":\"https:\\\/\\\/iha-race.com\\\/it\\\/prodotto\\\/tbs-sexy-driver-kit\\\/#primaryimage\"},\"image\":{\"@id\":\"https:\\\/\\\/iha-race.com\\\/it\\\/prodotto\\\/tbs-sexy-driver-kit\\\/#primaryimage\"},\"thumbnailUrl\":\"https:\\\/\\\/iha-race.com\\\/wp-content\\\/uploads\\\/2018\\\/11\\\/tbs-sexy-driver-kit-1.jpg\",\"datePublished\":\"2018-11-06T10:12:16+00:00\",\"dateModified\":\"2024-08-29T14:30:49+00:00\",\"description\":\"Raccomandiamo\u261d il kit di strumenti per droni con il miglior rapporto qualit\u00e0\\\/prezzo di TBS\u3010 Sexy Driver Kit \u3011Ricevilo in 24 ore \u2708\ufe0f\",\"breadcrumb\":{\"@id\":\"https:\\\/\\\/iha-race.com\\\/it\\\/prodotto\\\/tbs-sexy-driver-kit\\\/#breadcrumb\"},\"inLanguage\":\"it-IT\",\"potentialAction\":[{\"@type\":\"ReadAction\",\"target\":[\"https:\\\/\\\/iha-race.com\\\/it\\\/prodotto\\\/tbs-sexy-driver-kit\\\/\"]}]},{\"@type\":\"ImageObject\",\"inLanguage\":\"it-IT\",\"@id\":\"https:\\\/\\\/iha-race.com\\\/it\\\/prodotto\\\/tbs-sexy-driver-kit\\\/#primaryimage\",\"url\":\"https:\\\/\\\/iha-race.com\\\/wp-content\\\/uploads\\\/2018\\\/11\\\/tbs-sexy-driver-kit-1.jpg\",\"contentUrl\":\"https:\\\/\\\/iha-race.com\\\/wp-content\\\/uploads\\\/2018\\\/11\\\/tbs-sexy-driver-kit-1.jpg\",\"width\":800,\"height\":800,\"caption\":\"tbs-sexy-driver-kit\"},{\"@type\":\"BreadcrumbList\",\"@id\":\"https:\\\/\\\/iha-race.com\\\/it\\\/prodotto\\\/tbs-sexy-driver-kit\\\/#breadcrumb\",\"itemListElement\":[{\"@type\":\"ListItem\",\"position\":1,\"name\":\"Portada\",\"item\":\"https:\\\/\\\/iha-race.com\\\/it\\\/\"},{\"@type\":\"ListItem\",\"position\":2,\"name\":\"Negozio\",\"item\":\"https:\\\/\\\/iha-race.com\\\/it\\\/negozio\\\/\"},{\"@type\":\"ListItem\",\"position\":3,\"name\":\"\u2692 TBS Sexy Driver Kit\"}]},{\"@type\":\"WebSite\",\"@id\":\"https:\\\/\\\/iha-race.com\\\/it\\\/#website\",\"url\":\"https:\\\/\\\/iha-race.com\\\/it\\\/\",\"name\":\"Iha Race\",\"description\":\"Comprar drones de carreras FPV env\u00edos en un d\u00eda desde Espa\u00f1a\",\"publisher\":{\"@id\":\"https:\\\/\\\/iha-race.com\\\/it\\\/#organization\"},\"potentialAction\":[{\"@type\":\"SearchAction\",\"target\":{\"@type\":\"EntryPoint\",\"urlTemplate\":\"https:\\\/\\\/iha-race.com\\\/it\\\/?s={search_term_string}\"},\"query-input\":{\"@type\":\"PropertyValueSpecification\",\"valueRequired\":true,\"valueName\":\"search_term_string\"}}],\"inLanguage\":\"it-IT\"},{\"@type\":\"Organization\",\"@id\":\"https:\\\/\\\/iha-race.com\\\/it\\\/#organization\",\"name\":\"Iha Race\",\"url\":\"https:\\\/\\\/iha-race.com\\\/it\\\/\",\"logo\":{\"@type\":\"ImageObject\",\"inLanguage\":\"it-IT\",\"@id\":\"https:\\\/\\\/iha-race.com\\\/it\\\/#\\\/schema\\\/logo\\\/image\\\/\",\"url\":\"https:\\\/\\\/iha-race.com\\\/wp-content\\\/uploads\\\/2018\\\/07\\\/iha-race-drones-de-carreras-tienda-comprar-drones.png\",\"contentUrl\":\"https:\\\/\\\/iha-race.com\\\/wp-content\\\/uploads\\\/2018\\\/07\\\/iha-race-drones-de-carreras-tienda-comprar-drones.png\",\"width\":300,\"height\":100,\"caption\":\"Iha Race\"},\"image\":{\"@id\":\"https:\\\/\\\/iha-race.com\\\/it\\\/#\\\/schema\\\/logo\\\/image\\\/\"}}]}<\/script>\n<!-- \/ Yoast SEO plugin. -->","yoast_head_json":{"title":"\ud83e\udd47 TBS Sexy Driver Kit \" Riparazioni dei droni \" TeamBlackSheep & IHA","description":"Raccomandiamo\u261d il kit di strumenti per droni con il miglior rapporto qualit\u00e0\/prezzo di TBS\u3010 Sexy Driver Kit \u3011Ricevilo in 24 ore \u2708\ufe0f","robots":{"index":"index","follow":"follow","max-snippet":"max-snippet:-1","max-image-preview":"max-image-preview:large","max-video-preview":"max-video-preview:-1"},"canonical":"https:\/\/iha-race.com\/it\/prodotto\/tbs-sexy-driver-kit\/","og_locale":"it_IT","og_type":"article","og_title":"\ud83e\udd47 TBS Sexy Driver Kit \" Riparazioni dei droni \" TeamBlackSheep & IHA","og_description":"Raccomandiamo\u261d il kit di strumenti per droni con il miglior rapporto qualit\u00e0\/prezzo di TBS\u3010 Sexy Driver Kit \u3011Ricevilo in 24 ore \u2708\ufe0f","og_url":"https:\/\/iha-race.com\/it\/prodotto\/tbs-sexy-driver-kit\/","og_site_name":"Iha Race","article_modified_time":"2024-08-29T14:30:49+00:00","og_image":[{"width":800,"height":800,"url":"https:\/\/iha-race.com\/wp-content\/uploads\/2018\/11\/tbs-sexy-driver-kit-1.jpg","type":"image\/jpeg"}],"twitter_card":"summary_large_image","schema":{"@context":"https:\/\/schema.org","@graph":[{"@type":"WebPage","@id":"https:\/\/iha-race.com\/it\/prodotto\/tbs-sexy-driver-kit\/","url":"https:\/\/iha-race.com\/it\/prodotto\/tbs-sexy-driver-kit\/","name":"\ud83e\udd47 TBS Sexy Driver Kit \" Riparazioni dei droni \" TeamBlackSheep & IHA","isPartOf":{"@id":"https:\/\/iha-race.com\/it\/#website"},"primaryImageOfPage":{"@id":"https:\/\/iha-race.com\/it\/prodotto\/tbs-sexy-driver-kit\/#primaryimage"},"image":{"@id":"https:\/\/iha-race.com\/it\/prodotto\/tbs-sexy-driver-kit\/#primaryimage"},"thumbnailUrl":"https:\/\/iha-race.com\/wp-content\/uploads\/2018\/11\/tbs-sexy-driver-kit-1.jpg","datePublished":"2018-11-06T10:12:16+00:00","dateModified":"2024-08-29T14:30:49+00:00","description":"Raccomandiamo\u261d il kit di strumenti per droni con il miglior rapporto qualit\u00e0\/prezzo di TBS\u3010 Sexy Driver Kit \u3011Ricevilo in 24 ore \u2708\ufe0f","breadcrumb":{"@id":"https:\/\/iha-race.com\/it\/prodotto\/tbs-sexy-driver-kit\/#breadcrumb"},"inLanguage":"it-IT","potentialAction":[{"@type":"ReadAction","target":["https:\/\/iha-race.com\/it\/prodotto\/tbs-sexy-driver-kit\/"]}]},{"@type":"ImageObject","inLanguage":"it-IT","@id":"https:\/\/iha-race.com\/it\/prodotto\/tbs-sexy-driver-kit\/#primaryimage","url":"https:\/\/iha-race.com\/wp-content\/uploads\/2018\/11\/tbs-sexy-driver-kit-1.jpg","contentUrl":"https:\/\/iha-race.com\/wp-content\/uploads\/2018\/11\/tbs-sexy-driver-kit-1.jpg","width":800,"height":800,"caption":"tbs-sexy-driver-kit"},{"@type":"BreadcrumbList","@id":"https:\/\/iha-race.com\/it\/prodotto\/tbs-sexy-driver-kit\/#breadcrumb","itemListElement":[{"@type":"ListItem","position":1,"name":"Portada","item":"https:\/\/iha-race.com\/it\/"},{"@type":"ListItem","position":2,"name":"Negozio","item":"https:\/\/iha-race.com\/it\/negozio\/"},{"@type":"ListItem","position":3,"name":"\u2692 TBS Sexy Driver Kit"}]},{"@type":"WebSite","@id":"https:\/\/iha-race.com\/it\/#website","url":"https:\/\/iha-race.com\/it\/","name":"Iha Race","description":"Comprar drones de carreras FPV env\u00edos en un d\u00eda desde Espa\u00f1a","publisher":{"@id":"https:\/\/iha-race.com\/it\/#organization"},"potentialAction":[{"@type":"SearchAction","target":{"@type":"EntryPoint","urlTemplate":"https:\/\/iha-race.com\/it\/?s={search_term_string}"},"query-input":{"@type":"PropertyValueSpecification","valueRequired":true,"valueName":"search_term_string"}}],"inLanguage":"it-IT"},{"@type":"Organization","@id":"https:\/\/iha-race.com\/it\/#organization","name":"Iha Race","url":"https:\/\/iha-race.com\/it\/","logo":{"@type":"ImageObject","inLanguage":"it-IT","@id":"https:\/\/iha-race.com\/it\/#\/schema\/logo\/image\/","url":"https:\/\/iha-race.com\/wp-content\/uploads\/2018\/07\/iha-race-drones-de-carreras-tienda-comprar-drones.png","contentUrl":"https:\/\/iha-race.com\/wp-content\/uploads\/2018\/07\/iha-race-drones-de-carreras-tienda-comprar-drones.png","width":300,"height":100,"caption":"Iha Race"},"image":{"@id":"https:\/\/iha-race.com\/it\/#\/schema\/logo\/image\/"}}]}},"brands":[],"_links":{"self":[{"href":"https:\/\/iha-race.com\/it\/wp-json\/wp\/v2\/product\/111970","targetHints":{"allow":["GET"]}}],"collection":[{"href":"https:\/\/iha-race.com\/it\/wp-json\/wp\/v2\/product"}],"about":[{"href":"https:\/\/iha-race.com\/it\/wp-json\/wp\/v2\/types\/product"}],"replies":[{"embeddable":true,"href":"https:\/\/iha-race.com\/it\/wp-json\/wp\/v2\/comments?post=111970"}],"version-history":[{"count":2,"href":"https:\/\/iha-race.com\/it\/wp-json\/wp\/v2\/product\/111970\/revisions"}],"predecessor-version":[{"id":250369,"href":"https:\/\/iha-race.com\/it\/wp-json\/wp\/v2\/product\/111970\/revisions\/250369"}],"wp:featuredmedia":[{"embeddable":true,"href":"https:\/\/iha-race.com\/it\/wp-json\/wp\/v2\/media\/94552"}],"wp:attachment":[{"href":"https:\/\/iha-race.com\/it\/wp-json\/wp\/v2\/media?parent=111970"}],"wp:term":[{"taxonomy":"pwb-brand","embeddable":true,"href":"https:\/\/iha-race.com\/it\/wp-json\/wp\/v2\/pwb-brand?post=111970"},{"taxonomy":"product_cat","embeddable":true,"href":"https:\/\/iha-race.com\/it\/wp-json\/wp\/v2\/product_cat?post=111970"},{"taxonomy":"product_tag","embeddable":true,"href":"https:\/\/iha-race.com\/it\/wp-json\/wp\/v2\/product_tag?post=111970"}],"curies":[{"name":"wp","href":"https:\/\/api.w.org\/{rel}","templated":true}]}}