{"id":111962,"date":"2018-09-20T19:20:14","date_gmt":"2018-09-20T17:20:14","guid":{"rendered":"https:\/\/iha-race.com\/producto\/pasta-saldante-tbs-tipo-nc-559-asm-uv\/"},"modified":"2026-04-25T22:33:49","modified_gmt":"2026-04-25T20:33:49","slug":"pasta-de-soldar-tbs-tipo-nc-559-asm-uv","status":"publish","type":"product","link":"https:\/\/iha-race.com\/it\/prodotto\/pasta-de-soldar-tbs-tipo-nc-559-asm-uv\/","title":{"rendered":"Pasta saldante TBS tipo NC-559-ASM-UV"},"content":{"rendered":"<h2>Pasta saldante TBS tipo NC-559-ASM-UV<\/h2>\n<p>  Il flussante per saldature viene utilizzato prima e durante la saldatura per prevenire l&#8217;ossidazione e creare giunti di saldatura migliori e pi\u00f9 puliti. Questo tipo di flusso: NC-559-ASM-UV \u00e8 molto popolare nel settore delle riparazioni elettroniche e viene utilizzato da molti professionisti.  <strong>TBS Flux<\/strong> \u00e8 una soluzione No-Clean, il che significa che non sono necessarie ulteriori operazioni per pulire il PCB dopo l&#8217;uso. Viene fornito in una siringa da 10 cc per facilitarne l&#8217;uso. Include uno stantuffo e un ago per aiutare a erogare la quantit\u00e0 pi\u00f9 precisa per ogni costruzione delicata.  <\/p>\n<h2>Specifiche:<\/h2>\n<ul>\n<li><strong>Tipo:<\/strong> NC-559-ASM-UV<\/li>\n<li><strong>Volume:<\/strong> 10CC<\/li>\n<\/ul>\n<h2>Il pacchetto comprende:<\/h2>\n<ul>\n<li>1 siringa da 10 cc di pasta saldante TBS<\/li>\n<li>1 x stantuffo<\/li>\n<li>1 ago<\/li>\n<\/ul>\n","protected":false},"excerpt":{"rendered":"<p>Il flussante per saldatura viene utilizzato prima e durante la saldatura per prevenire l&#8217;ossidazione e creare giunti di saldatura migliori e pi\u00f9 puliti.<\/p>\n","protected":false},"featured_media":94524,"comment_status":"open","ping_status":"closed","template":"","meta":{"_joinchat":[]},"pwb-brand":[],"product_cat":[1106,1135],"product_tag":[],"class_list":{"0":"post-111962","1":"product","2":"type-product","3":"status-publish","4":"has-post-thumbnail","6":"product_cat-accessori","7":"product_cat--strumenti-e-saldatura","9":"first","10":"instock","11":"taxable","12":"shipping-taxable","13":"purchasable","14":"product-type-simple"},"barcode":null,"atum_controlled":true,"out_stock_date":null,"out_stock_threshold":null,"inheritable":false,"stock_on_hold":0,"sold_today":0,"sales_last_days":0,"out_stock_days":70,"lost_sales":69,"update_date":"2026-04-25T20:33:53","atum_locations":[],"atum_stock_status":"instock","restock_status":false,"low_stock_amount":3,"sales_update_date":"2026-04-25T20:29:14","calc_backorders":null,"yoast_head":"<!-- This site is optimized with the Yoast SEO plugin v27.3 - https:\/\/yoast.com\/product\/yoast-seo-wordpress\/ -->\n<title>Pasta saldante TBS tipo NC-559-ASM-UV - Iha Race<\/title>\n<meta name=\"robots\" content=\"index, follow, max-snippet:-1, max-image-preview:large, max-video-preview:-1\" \/>\n<link rel=\"canonical\" href=\"https:\/\/iha-race.com\/it\/prodotto\/pasta-de-soldar-tbs-tipo-nc-559-asm-uv\/\" \/>\n<meta property=\"og:locale\" content=\"it_IT\" \/>\n<meta property=\"og:type\" content=\"article\" \/>\n<meta property=\"og:title\" content=\"Pasta saldante TBS tipo NC-559-ASM-UV - Iha Race\" \/>\n<meta property=\"og:description\" content=\"Il flussante per saldatura viene utilizzato prima e durante la saldatura per prevenire l&#039;ossidazione e creare giunti di saldatura migliori e pi\u00f9 puliti.\" \/>\n<meta property=\"og:url\" content=\"https:\/\/iha-race.com\/it\/prodotto\/pasta-de-soldar-tbs-tipo-nc-559-asm-uv\/\" \/>\n<meta property=\"og:site_name\" content=\"Iha Race\" \/>\n<meta property=\"article:modified_time\" content=\"2026-04-25T20:33:49+00:00\" \/>\n<meta property=\"og:image\" content=\"https:\/\/iha-race.com\/wp-content\/uploads\/2018\/09\/Pasta-de-Soldar-TBS-Tipo-NC-559-ASM-UV.jpg\" \/>\n\t<meta property=\"og:image:width\" content=\"800\" \/>\n\t<meta property=\"og:image:height\" content=\"800\" \/>\n\t<meta property=\"og:image:type\" content=\"image\/jpeg\" \/>\n<meta name=\"twitter:card\" content=\"summary_large_image\" \/>\n<meta name=\"twitter:label1\" content=\"Tempo di lettura stimato\" \/>\n\t<meta name=\"twitter:data1\" content=\"1 minuto\" \/>\n<script type=\"application\/ld+json\" class=\"yoast-schema-graph\">{\"@context\":\"https:\\\/\\\/schema.org\",\"@graph\":[{\"@type\":\"WebPage\",\"@id\":\"https:\\\/\\\/iha-race.com\\\/it\\\/prodotto\\\/pasta-de-soldar-tbs-tipo-nc-559-asm-uv\\\/\",\"url\":\"https:\\\/\\\/iha-race.com\\\/it\\\/prodotto\\\/pasta-de-soldar-tbs-tipo-nc-559-asm-uv\\\/\",\"name\":\"Pasta saldante TBS tipo NC-559-ASM-UV - Iha Race\",\"isPartOf\":{\"@id\":\"https:\\\/\\\/iha-race.com\\\/it\\\/#website\"},\"primaryImageOfPage\":{\"@id\":\"https:\\\/\\\/iha-race.com\\\/it\\\/prodotto\\\/pasta-de-soldar-tbs-tipo-nc-559-asm-uv\\\/#primaryimage\"},\"image\":{\"@id\":\"https:\\\/\\\/iha-race.com\\\/it\\\/prodotto\\\/pasta-de-soldar-tbs-tipo-nc-559-asm-uv\\\/#primaryimage\"},\"thumbnailUrl\":\"https:\\\/\\\/iha-race.com\\\/wp-content\\\/uploads\\\/2018\\\/09\\\/Pasta-de-Soldar-TBS-Tipo-NC-559-ASM-UV.jpg\",\"datePublished\":\"2018-09-20T17:20:14+00:00\",\"dateModified\":\"2026-04-25T20:33:49+00:00\",\"breadcrumb\":{\"@id\":\"https:\\\/\\\/iha-race.com\\\/it\\\/prodotto\\\/pasta-de-soldar-tbs-tipo-nc-559-asm-uv\\\/#breadcrumb\"},\"inLanguage\":\"it-IT\",\"potentialAction\":[{\"@type\":\"ReadAction\",\"target\":[\"https:\\\/\\\/iha-race.com\\\/it\\\/prodotto\\\/pasta-de-soldar-tbs-tipo-nc-559-asm-uv\\\/\"]}]},{\"@type\":\"ImageObject\",\"inLanguage\":\"it-IT\",\"@id\":\"https:\\\/\\\/iha-race.com\\\/it\\\/prodotto\\\/pasta-de-soldar-tbs-tipo-nc-559-asm-uv\\\/#primaryimage\",\"url\":\"https:\\\/\\\/iha-race.com\\\/wp-content\\\/uploads\\\/2018\\\/09\\\/Pasta-de-Soldar-TBS-Tipo-NC-559-ASM-UV.jpg\",\"contentUrl\":\"https:\\\/\\\/iha-race.com\\\/wp-content\\\/uploads\\\/2018\\\/09\\\/Pasta-de-Soldar-TBS-Tipo-NC-559-ASM-UV.jpg\",\"width\":800,\"height\":800,\"caption\":\"acquistare il pi\u00f9 economico TBS pasta saldante tipo NC-559-ASM-UV\"},{\"@type\":\"BreadcrumbList\",\"@id\":\"https:\\\/\\\/iha-race.com\\\/it\\\/prodotto\\\/pasta-de-soldar-tbs-tipo-nc-559-asm-uv\\\/#breadcrumb\",\"itemListElement\":[{\"@type\":\"ListItem\",\"position\":1,\"name\":\"Portada\",\"item\":\"https:\\\/\\\/iha-race.com\\\/it\\\/\"},{\"@type\":\"ListItem\",\"position\":2,\"name\":\"Negozio\",\"item\":\"https:\\\/\\\/iha-race.com\\\/it\\\/negozio\\\/\"},{\"@type\":\"ListItem\",\"position\":3,\"name\":\"Pasta saldante TBS tipo NC-559-ASM-UV\"}]},{\"@type\":\"WebSite\",\"@id\":\"https:\\\/\\\/iha-race.com\\\/it\\\/#website\",\"url\":\"https:\\\/\\\/iha-race.com\\\/it\\\/\",\"name\":\"Iha Race\",\"description\":\"Comprar drones de carreras FPV env\u00edos en un d\u00eda desde Espa\u00f1a\",\"publisher\":{\"@id\":\"https:\\\/\\\/iha-race.com\\\/it\\\/#organization\"},\"potentialAction\":[{\"@type\":\"SearchAction\",\"target\":{\"@type\":\"EntryPoint\",\"urlTemplate\":\"https:\\\/\\\/iha-race.com\\\/it\\\/?s={search_term_string}\"},\"query-input\":{\"@type\":\"PropertyValueSpecification\",\"valueRequired\":true,\"valueName\":\"search_term_string\"}}],\"inLanguage\":\"it-IT\"},{\"@type\":\"Organization\",\"@id\":\"https:\\\/\\\/iha-race.com\\\/it\\\/#organization\",\"name\":\"Iha Race\",\"url\":\"https:\\\/\\\/iha-race.com\\\/it\\\/\",\"logo\":{\"@type\":\"ImageObject\",\"inLanguage\":\"it-IT\",\"@id\":\"https:\\\/\\\/iha-race.com\\\/it\\\/#\\\/schema\\\/logo\\\/image\\\/\",\"url\":\"https:\\\/\\\/iha-race.com\\\/wp-content\\\/uploads\\\/2018\\\/07\\\/iha-race-drones-de-carreras-tienda-comprar-drones.png\",\"contentUrl\":\"https:\\\/\\\/iha-race.com\\\/wp-content\\\/uploads\\\/2018\\\/07\\\/iha-race-drones-de-carreras-tienda-comprar-drones.png\",\"width\":300,\"height\":100,\"caption\":\"Iha Race\"},\"image\":{\"@id\":\"https:\\\/\\\/iha-race.com\\\/it\\\/#\\\/schema\\\/logo\\\/image\\\/\"}}]}<\/script>\n<!-- \/ Yoast SEO plugin. -->","yoast_head_json":{"title":"Pasta saldante TBS tipo NC-559-ASM-UV - Iha Race","robots":{"index":"index","follow":"follow","max-snippet":"max-snippet:-1","max-image-preview":"max-image-preview:large","max-video-preview":"max-video-preview:-1"},"canonical":"https:\/\/iha-race.com\/it\/prodotto\/pasta-de-soldar-tbs-tipo-nc-559-asm-uv\/","og_locale":"it_IT","og_type":"article","og_title":"Pasta saldante TBS tipo NC-559-ASM-UV - Iha Race","og_description":"Il flussante per saldatura viene utilizzato prima e durante la saldatura per prevenire l'ossidazione e creare giunti di saldatura migliori e pi\u00f9 puliti.","og_url":"https:\/\/iha-race.com\/it\/prodotto\/pasta-de-soldar-tbs-tipo-nc-559-asm-uv\/","og_site_name":"Iha Race","article_modified_time":"2026-04-25T20:33:49+00:00","og_image":[{"width":800,"height":800,"url":"https:\/\/iha-race.com\/wp-content\/uploads\/2018\/09\/Pasta-de-Soldar-TBS-Tipo-NC-559-ASM-UV.jpg","type":"image\/jpeg"}],"twitter_card":"summary_large_image","twitter_misc":{"Tempo di lettura stimato":"1 minuto"},"schema":{"@context":"https:\/\/schema.org","@graph":[{"@type":"WebPage","@id":"https:\/\/iha-race.com\/it\/prodotto\/pasta-de-soldar-tbs-tipo-nc-559-asm-uv\/","url":"https:\/\/iha-race.com\/it\/prodotto\/pasta-de-soldar-tbs-tipo-nc-559-asm-uv\/","name":"Pasta saldante TBS tipo NC-559-ASM-UV - Iha Race","isPartOf":{"@id":"https:\/\/iha-race.com\/it\/#website"},"primaryImageOfPage":{"@id":"https:\/\/iha-race.com\/it\/prodotto\/pasta-de-soldar-tbs-tipo-nc-559-asm-uv\/#primaryimage"},"image":{"@id":"https:\/\/iha-race.com\/it\/prodotto\/pasta-de-soldar-tbs-tipo-nc-559-asm-uv\/#primaryimage"},"thumbnailUrl":"https:\/\/iha-race.com\/wp-content\/uploads\/2018\/09\/Pasta-de-Soldar-TBS-Tipo-NC-559-ASM-UV.jpg","datePublished":"2018-09-20T17:20:14+00:00","dateModified":"2026-04-25T20:33:49+00:00","breadcrumb":{"@id":"https:\/\/iha-race.com\/it\/prodotto\/pasta-de-soldar-tbs-tipo-nc-559-asm-uv\/#breadcrumb"},"inLanguage":"it-IT","potentialAction":[{"@type":"ReadAction","target":["https:\/\/iha-race.com\/it\/prodotto\/pasta-de-soldar-tbs-tipo-nc-559-asm-uv\/"]}]},{"@type":"ImageObject","inLanguage":"it-IT","@id":"https:\/\/iha-race.com\/it\/prodotto\/pasta-de-soldar-tbs-tipo-nc-559-asm-uv\/#primaryimage","url":"https:\/\/iha-race.com\/wp-content\/uploads\/2018\/09\/Pasta-de-Soldar-TBS-Tipo-NC-559-ASM-UV.jpg","contentUrl":"https:\/\/iha-race.com\/wp-content\/uploads\/2018\/09\/Pasta-de-Soldar-TBS-Tipo-NC-559-ASM-UV.jpg","width":800,"height":800,"caption":"acquistare il pi\u00f9 economico TBS pasta saldante tipo NC-559-ASM-UV"},{"@type":"BreadcrumbList","@id":"https:\/\/iha-race.com\/it\/prodotto\/pasta-de-soldar-tbs-tipo-nc-559-asm-uv\/#breadcrumb","itemListElement":[{"@type":"ListItem","position":1,"name":"Portada","item":"https:\/\/iha-race.com\/it\/"},{"@type":"ListItem","position":2,"name":"Negozio","item":"https:\/\/iha-race.com\/it\/negozio\/"},{"@type":"ListItem","position":3,"name":"Pasta saldante TBS tipo NC-559-ASM-UV"}]},{"@type":"WebSite","@id":"https:\/\/iha-race.com\/it\/#website","url":"https:\/\/iha-race.com\/it\/","name":"Iha Race","description":"Comprar drones de carreras FPV env\u00edos en un d\u00eda desde Espa\u00f1a","publisher":{"@id":"https:\/\/iha-race.com\/it\/#organization"},"potentialAction":[{"@type":"SearchAction","target":{"@type":"EntryPoint","urlTemplate":"https:\/\/iha-race.com\/it\/?s={search_term_string}"},"query-input":{"@type":"PropertyValueSpecification","valueRequired":true,"valueName":"search_term_string"}}],"inLanguage":"it-IT"},{"@type":"Organization","@id":"https:\/\/iha-race.com\/it\/#organization","name":"Iha Race","url":"https:\/\/iha-race.com\/it\/","logo":{"@type":"ImageObject","inLanguage":"it-IT","@id":"https:\/\/iha-race.com\/it\/#\/schema\/logo\/image\/","url":"https:\/\/iha-race.com\/wp-content\/uploads\/2018\/07\/iha-race-drones-de-carreras-tienda-comprar-drones.png","contentUrl":"https:\/\/iha-race.com\/wp-content\/uploads\/2018\/07\/iha-race-drones-de-carreras-tienda-comprar-drones.png","width":300,"height":100,"caption":"Iha Race"},"image":{"@id":"https:\/\/iha-race.com\/it\/#\/schema\/logo\/image\/"}}]}},"jetpack_sharing_enabled":true,"brands":[],"_links":{"self":[{"href":"https:\/\/iha-race.com\/it\/wp-json\/wp\/v2\/product\/111962","targetHints":{"allow":["GET"]}}],"collection":[{"href":"https:\/\/iha-race.com\/it\/wp-json\/wp\/v2\/product"}],"about":[{"href":"https:\/\/iha-race.com\/it\/wp-json\/wp\/v2\/types\/product"}],"replies":[{"embeddable":true,"href":"https:\/\/iha-race.com\/it\/wp-json\/wp\/v2\/comments?post=111962"}],"version-history":[{"count":2,"href":"https:\/\/iha-race.com\/it\/wp-json\/wp\/v2\/product\/111962\/revisions"}],"predecessor-version":[{"id":250398,"href":"https:\/\/iha-race.com\/it\/wp-json\/wp\/v2\/product\/111962\/revisions\/250398"}],"wp:featuredmedia":[{"embeddable":true,"href":"https:\/\/iha-race.com\/it\/wp-json\/wp\/v2\/media\/94524"}],"wp:attachment":[{"href":"https:\/\/iha-race.com\/it\/wp-json\/wp\/v2\/media?parent=111962"}],"wp:term":[{"taxonomy":"pwb-brand","embeddable":true,"href":"https:\/\/iha-race.com\/it\/wp-json\/wp\/v2\/pwb-brand?post=111962"},{"taxonomy":"product_cat","embeddable":true,"href":"https:\/\/iha-race.com\/it\/wp-json\/wp\/v2\/product_cat?post=111962"},{"taxonomy":"product_tag","embeddable":true,"href":"https:\/\/iha-race.com\/it\/wp-json\/wp\/v2\/product_tag?post=111962"}],"curies":[{"name":"wp","href":"https:\/\/api.w.org\/{rel}","templated":true}]}}