{"id":111892,"date":"2018-09-07T20:23:48","date_gmt":"2018-09-07T18:23:48","guid":{"rendered":"https:\/\/iha-race.com\/producto\/set-di-cornici-tbs-oblivion\/"},"modified":"2024-08-29T16:33:07","modified_gmt":"2024-08-29T14:33:07","slug":"tbs-oblivion-frame-set","status":"publish","type":"product","link":"https:\/\/iha-race.com\/it\/prodotto\/tbs-oblivion-frame-set\/","title":{"rendered":"Set di cornici TBS Oblivion"},"content":{"rendered":"<h2>SET DI CORNICI TBS OBLIVION<\/h2>\n<p>  Il telaio TBS Oblivion pu\u00f2 essere utilizzato per la costruzione di questo magnifico dispositivo o come ricambio.  <\/p>\n<h3>Caratteristiche del TBS Oblivion Frame SET<\/h3>\n<p>  Costruito con una miscela di materiali personalizzati praticamente infrangibile che non solo protegge tutti i tuoi componenti elettronici, ma mantiene anche la sua forma dopo l&#8217;impatto. Il processo di produzione \u00e8 stato un processo di noiosa ricerca e di attento bilanciamento di rigidit\u00e0, durata e peso. Il risultato finale \u00e8 un drone elegante, dallo stile aerodinamico e ultra resistente per le gare, il lungo raggio o il freestyle che non deluder\u00e0.  <\/p>\n<h3><strong>L&#8217;acquisto di TBS Oblivion include:<\/strong><\/h3>\n<ul>\n<li>1 x telaio principale<\/li>\n<li>1 x baldacchino da corsa<\/li>\n<li>1 x supporto motore<\/li>\n<li>1 x strumento di supporto<\/li>\n<li>1 x Protezione della batteria<\/li>\n<li>1 x Supporto per fotocamera per principianti<\/li>\n<li>1 x supporto per telecamera per esperti<\/li>\n<li>1 cinturino per batteria<\/li>\n<\/ul>\n<h3>Suggerimenti per i piloti del TBS Oblivion Frame SET<\/h3>\n<p>  Per costruire il tuo telaio dovrai acquistare anche il set di viti TBS OBLIVION. I fori di montaggio del motore sono compatibili con i motori di tipo Cobra o a fondo aperto. Per i motori con schema di montaggio 16&#215;16 o 19&#215;19 \u00e8 possibile utilizzare solo 2 fori per le viti. I motori 230x si adattano, ma a malapena. Pu\u00f2 essere necessaria la levigatura<\/p>\n","protected":false},"excerpt":{"rendered":"<p>Un set completo di telai per il TBS Oblivion. Nel caso in cui si riesca a rompere qualcosa o ci si senta ispirati a creare il proprio!<\/p>\n","protected":false},"featured_media":93100,"comment_status":"open","ping_status":"closed","template":"","meta":{"_joinchat":[]},"pwb-brand":[],"product_cat":[3670,1438,1505,1279],"product_tag":[],"class_list":{"0":"post-111892","1":"product","2":"type-product","3":"status-publish","4":"has-post-thumbnail","6":"product_cat-cornici","7":"product_cat-droni-fpv","8":"product_cat-droni-starter","9":"product_cat-lungo-raggio","11":"first","12":"instock","13":"taxable","14":"shipping-taxable","15":"purchasable","16":"product-type-simple"},"barcode":null,"atum_controlled":true,"out_stock_date":null,"out_stock_threshold":null,"inheritable":false,"stock_on_hold":0,"sold_today":0,"sales_last_days":0,"out_stock_days":0,"lost_sales":0,"update_date":"2026-04-18T23:29:49","atum_locations":[],"atum_stock_status":"instock","restock_status":false,"low_stock_amount":0,"sales_update_date":"2026-04-18T23:29:49","calc_backorders":null,"yoast_head":"<!-- This site is optimized with the Yoast SEO plugin v27.3 - https:\/\/yoast.com\/product\/yoast-seo-wordpress\/ -->\n<title>&quot;&quot; TBS OBLIVION FRAME SET &quot;&quot; TeamBlackSheep &amp; Iha-Race<\/title>\n<meta name=\"description\" content=\"Scoprite\u261d il telaio praticamente infrangibile di TBS. Mantiene la sua forma dopo l&#039;impatto e protegge i componenti. Spedizione in 24 ore\u2708\ufe0f\u3010 OBLIVION \u3011\" \/>\n<meta name=\"robots\" content=\"index, follow, max-snippet:-1, max-image-preview:large, max-video-preview:-1\" \/>\n<link rel=\"canonical\" href=\"https:\/\/iha-race.com\/it\/prodotto\/tbs-oblivion-frame-set\/\" \/>\n<meta property=\"og:locale\" content=\"it_IT\" \/>\n<meta property=\"og:type\" content=\"article\" \/>\n<meta property=\"og:title\" content=\"&quot;&quot; TBS OBLIVION FRAME SET &quot;&quot; TeamBlackSheep &amp; Iha-Race\" \/>\n<meta property=\"og:description\" content=\"Scoprite\u261d il telaio praticamente infrangibile di TBS. Mantiene la sua forma dopo l&#039;impatto e protegge i componenti. Spedizione in 24 ore\u2708\ufe0f\u3010 OBLIVION \u3011\" \/>\n<meta property=\"og:url\" content=\"https:\/\/iha-race.com\/it\/prodotto\/tbs-oblivion-frame-set\/\" \/>\n<meta property=\"og:site_name\" content=\"Iha Race\" \/>\n<meta property=\"article:modified_time\" content=\"2024-08-29T14:33:07+00:00\" \/>\n<meta property=\"og:image\" content=\"https:\/\/iha-race.com\/wp-content\/uploads\/2018\/09\/TBS-OBLIVION-FRAME-SET-1.jpg\" \/>\n\t<meta property=\"og:image:width\" content=\"800\" \/>\n\t<meta property=\"og:image:height\" content=\"800\" \/>\n\t<meta property=\"og:image:type\" content=\"image\/jpeg\" \/>\n<meta name=\"twitter:card\" content=\"summary_large_image\" \/>\n<meta name=\"twitter:label1\" content=\"Tempo di lettura stimato\" \/>\n\t<meta name=\"twitter:data1\" content=\"1 minuto\" \/>\n<script type=\"application\/ld+json\" class=\"yoast-schema-graph\">{\"@context\":\"https:\\\/\\\/schema.org\",\"@graph\":[{\"@type\":\"WebPage\",\"@id\":\"https:\\\/\\\/iha-race.com\\\/it\\\/prodotto\\\/tbs-oblivion-frame-set\\\/\",\"url\":\"https:\\\/\\\/iha-race.com\\\/it\\\/prodotto\\\/tbs-oblivion-frame-set\\\/\",\"name\":\"\\\"\\\" TBS OBLIVION FRAME SET \\\"\\\" TeamBlackSheep & Iha-Race\",\"isPartOf\":{\"@id\":\"https:\\\/\\\/iha-race.com\\\/it\\\/#website\"},\"primaryImageOfPage\":{\"@id\":\"https:\\\/\\\/iha-race.com\\\/it\\\/prodotto\\\/tbs-oblivion-frame-set\\\/#primaryimage\"},\"image\":{\"@id\":\"https:\\\/\\\/iha-race.com\\\/it\\\/prodotto\\\/tbs-oblivion-frame-set\\\/#primaryimage\"},\"thumbnailUrl\":\"https:\\\/\\\/iha-race.com\\\/wp-content\\\/uploads\\\/2018\\\/09\\\/TBS-OBLIVION-FRAME-SET-1.jpg\",\"datePublished\":\"2018-09-07T18:23:48+00:00\",\"dateModified\":\"2024-08-29T14:33:07+00:00\",\"description\":\"Scoprite\u261d il telaio praticamente infrangibile di TBS. Mantiene la sua forma dopo l'impatto e protegge i componenti. Spedizione in 24 ore\u2708\ufe0f\u3010 OBLIVION \u3011\",\"breadcrumb\":{\"@id\":\"https:\\\/\\\/iha-race.com\\\/it\\\/prodotto\\\/tbs-oblivion-frame-set\\\/#breadcrumb\"},\"inLanguage\":\"it-IT\",\"potentialAction\":[{\"@type\":\"ReadAction\",\"target\":[\"https:\\\/\\\/iha-race.com\\\/it\\\/prodotto\\\/tbs-oblivion-frame-set\\\/\"]}]},{\"@type\":\"ImageObject\",\"inLanguage\":\"it-IT\",\"@id\":\"https:\\\/\\\/iha-race.com\\\/it\\\/prodotto\\\/tbs-oblivion-frame-set\\\/#primaryimage\",\"url\":\"https:\\\/\\\/iha-race.com\\\/wp-content\\\/uploads\\\/2018\\\/09\\\/TBS-OBLIVION-FRAME-SET-1.jpg\",\"contentUrl\":\"https:\\\/\\\/iha-race.com\\\/wp-content\\\/uploads\\\/2018\\\/09\\\/TBS-OBLIVION-FRAME-SET-1.jpg\",\"width\":800,\"height\":800,\"caption\":\"TBS-OBLIVION-FRAME-SET\"},{\"@type\":\"BreadcrumbList\",\"@id\":\"https:\\\/\\\/iha-race.com\\\/it\\\/prodotto\\\/tbs-oblivion-frame-set\\\/#breadcrumb\",\"itemListElement\":[{\"@type\":\"ListItem\",\"position\":1,\"name\":\"Portada\",\"item\":\"https:\\\/\\\/iha-race.com\\\/it\\\/\"},{\"@type\":\"ListItem\",\"position\":2,\"name\":\"Negozio\",\"item\":\"https:\\\/\\\/iha-race.com\\\/it\\\/negozio\\\/\"},{\"@type\":\"ListItem\",\"position\":3,\"name\":\"Set di cornici TBS Oblivion\"}]},{\"@type\":\"WebSite\",\"@id\":\"https:\\\/\\\/iha-race.com\\\/it\\\/#website\",\"url\":\"https:\\\/\\\/iha-race.com\\\/it\\\/\",\"name\":\"Iha Race\",\"description\":\"Comprar drones de carreras FPV env\u00edos en un d\u00eda desde Espa\u00f1a\",\"publisher\":{\"@id\":\"https:\\\/\\\/iha-race.com\\\/it\\\/#organization\"},\"potentialAction\":[{\"@type\":\"SearchAction\",\"target\":{\"@type\":\"EntryPoint\",\"urlTemplate\":\"https:\\\/\\\/iha-race.com\\\/it\\\/?s={search_term_string}\"},\"query-input\":{\"@type\":\"PropertyValueSpecification\",\"valueRequired\":true,\"valueName\":\"search_term_string\"}}],\"inLanguage\":\"it-IT\"},{\"@type\":\"Organization\",\"@id\":\"https:\\\/\\\/iha-race.com\\\/it\\\/#organization\",\"name\":\"Iha Race\",\"url\":\"https:\\\/\\\/iha-race.com\\\/it\\\/\",\"logo\":{\"@type\":\"ImageObject\",\"inLanguage\":\"it-IT\",\"@id\":\"https:\\\/\\\/iha-race.com\\\/it\\\/#\\\/schema\\\/logo\\\/image\\\/\",\"url\":\"https:\\\/\\\/iha-race.com\\\/wp-content\\\/uploads\\\/2018\\\/07\\\/iha-race-drones-de-carreras-tienda-comprar-drones.png\",\"contentUrl\":\"https:\\\/\\\/iha-race.com\\\/wp-content\\\/uploads\\\/2018\\\/07\\\/iha-race-drones-de-carreras-tienda-comprar-drones.png\",\"width\":300,\"height\":100,\"caption\":\"Iha Race\"},\"image\":{\"@id\":\"https:\\\/\\\/iha-race.com\\\/it\\\/#\\\/schema\\\/logo\\\/image\\\/\"}}]}<\/script>\n<!-- \/ Yoast SEO plugin. -->","yoast_head_json":{"title":"\"\" TBS OBLIVION FRAME SET \"\" TeamBlackSheep & Iha-Race","description":"Scoprite\u261d il telaio praticamente infrangibile di TBS. Mantiene la sua forma dopo l'impatto e protegge i componenti. Spedizione in 24 ore\u2708\ufe0f\u3010 OBLIVION \u3011","robots":{"index":"index","follow":"follow","max-snippet":"max-snippet:-1","max-image-preview":"max-image-preview:large","max-video-preview":"max-video-preview:-1"},"canonical":"https:\/\/iha-race.com\/it\/prodotto\/tbs-oblivion-frame-set\/","og_locale":"it_IT","og_type":"article","og_title":"\"\" TBS OBLIVION FRAME SET \"\" TeamBlackSheep & Iha-Race","og_description":"Scoprite\u261d il telaio praticamente infrangibile di TBS. Mantiene la sua forma dopo l'impatto e protegge i componenti. Spedizione in 24 ore\u2708\ufe0f\u3010 OBLIVION \u3011","og_url":"https:\/\/iha-race.com\/it\/prodotto\/tbs-oblivion-frame-set\/","og_site_name":"Iha Race","article_modified_time":"2024-08-29T14:33:07+00:00","og_image":[{"width":800,"height":800,"url":"https:\/\/iha-race.com\/wp-content\/uploads\/2018\/09\/TBS-OBLIVION-FRAME-SET-1.jpg","type":"image\/jpeg"}],"twitter_card":"summary_large_image","twitter_misc":{"Tempo di lettura stimato":"1 minuto"},"schema":{"@context":"https:\/\/schema.org","@graph":[{"@type":"WebPage","@id":"https:\/\/iha-race.com\/it\/prodotto\/tbs-oblivion-frame-set\/","url":"https:\/\/iha-race.com\/it\/prodotto\/tbs-oblivion-frame-set\/","name":"\"\" TBS OBLIVION FRAME SET \"\" TeamBlackSheep & Iha-Race","isPartOf":{"@id":"https:\/\/iha-race.com\/it\/#website"},"primaryImageOfPage":{"@id":"https:\/\/iha-race.com\/it\/prodotto\/tbs-oblivion-frame-set\/#primaryimage"},"image":{"@id":"https:\/\/iha-race.com\/it\/prodotto\/tbs-oblivion-frame-set\/#primaryimage"},"thumbnailUrl":"https:\/\/iha-race.com\/wp-content\/uploads\/2018\/09\/TBS-OBLIVION-FRAME-SET-1.jpg","datePublished":"2018-09-07T18:23:48+00:00","dateModified":"2024-08-29T14:33:07+00:00","description":"Scoprite\u261d il telaio praticamente infrangibile di TBS. Mantiene la sua forma dopo l'impatto e protegge i componenti. Spedizione in 24 ore\u2708\ufe0f\u3010 OBLIVION \u3011","breadcrumb":{"@id":"https:\/\/iha-race.com\/it\/prodotto\/tbs-oblivion-frame-set\/#breadcrumb"},"inLanguage":"it-IT","potentialAction":[{"@type":"ReadAction","target":["https:\/\/iha-race.com\/it\/prodotto\/tbs-oblivion-frame-set\/"]}]},{"@type":"ImageObject","inLanguage":"it-IT","@id":"https:\/\/iha-race.com\/it\/prodotto\/tbs-oblivion-frame-set\/#primaryimage","url":"https:\/\/iha-race.com\/wp-content\/uploads\/2018\/09\/TBS-OBLIVION-FRAME-SET-1.jpg","contentUrl":"https:\/\/iha-race.com\/wp-content\/uploads\/2018\/09\/TBS-OBLIVION-FRAME-SET-1.jpg","width":800,"height":800,"caption":"TBS-OBLIVION-FRAME-SET"},{"@type":"BreadcrumbList","@id":"https:\/\/iha-race.com\/it\/prodotto\/tbs-oblivion-frame-set\/#breadcrumb","itemListElement":[{"@type":"ListItem","position":1,"name":"Portada","item":"https:\/\/iha-race.com\/it\/"},{"@type":"ListItem","position":2,"name":"Negozio","item":"https:\/\/iha-race.com\/it\/negozio\/"},{"@type":"ListItem","position":3,"name":"Set di cornici TBS Oblivion"}]},{"@type":"WebSite","@id":"https:\/\/iha-race.com\/it\/#website","url":"https:\/\/iha-race.com\/it\/","name":"Iha Race","description":"Comprar drones de carreras FPV env\u00edos en un d\u00eda desde Espa\u00f1a","publisher":{"@id":"https:\/\/iha-race.com\/it\/#organization"},"potentialAction":[{"@type":"SearchAction","target":{"@type":"EntryPoint","urlTemplate":"https:\/\/iha-race.com\/it\/?s={search_term_string}"},"query-input":{"@type":"PropertyValueSpecification","valueRequired":true,"valueName":"search_term_string"}}],"inLanguage":"it-IT"},{"@type":"Organization","@id":"https:\/\/iha-race.com\/it\/#organization","name":"Iha Race","url":"https:\/\/iha-race.com\/it\/","logo":{"@type":"ImageObject","inLanguage":"it-IT","@id":"https:\/\/iha-race.com\/it\/#\/schema\/logo\/image\/","url":"https:\/\/iha-race.com\/wp-content\/uploads\/2018\/07\/iha-race-drones-de-carreras-tienda-comprar-drones.png","contentUrl":"https:\/\/iha-race.com\/wp-content\/uploads\/2018\/07\/iha-race-drones-de-carreras-tienda-comprar-drones.png","width":300,"height":100,"caption":"Iha Race"},"image":{"@id":"https:\/\/iha-race.com\/it\/#\/schema\/logo\/image\/"}}]}},"brands":[],"_links":{"self":[{"href":"https:\/\/iha-race.com\/it\/wp-json\/wp\/v2\/product\/111892","targetHints":{"allow":["GET"]}}],"collection":[{"href":"https:\/\/iha-race.com\/it\/wp-json\/wp\/v2\/product"}],"about":[{"href":"https:\/\/iha-race.com\/it\/wp-json\/wp\/v2\/types\/product"}],"replies":[{"embeddable":true,"href":"https:\/\/iha-race.com\/it\/wp-json\/wp\/v2\/comments?post=111892"}],"version-history":[{"count":2,"href":"https:\/\/iha-race.com\/it\/wp-json\/wp\/v2\/product\/111892\/revisions"}],"predecessor-version":[{"id":250394,"href":"https:\/\/iha-race.com\/it\/wp-json\/wp\/v2\/product\/111892\/revisions\/250394"}],"wp:featuredmedia":[{"embeddable":true,"href":"https:\/\/iha-race.com\/it\/wp-json\/wp\/v2\/media\/93100"}],"wp:attachment":[{"href":"https:\/\/iha-race.com\/it\/wp-json\/wp\/v2\/media?parent=111892"}],"wp:term":[{"taxonomy":"pwb-brand","embeddable":true,"href":"https:\/\/iha-race.com\/it\/wp-json\/wp\/v2\/pwb-brand?post=111892"},{"taxonomy":"product_cat","embeddable":true,"href":"https:\/\/iha-race.com\/it\/wp-json\/wp\/v2\/product_cat?post=111892"},{"taxonomy":"product_tag","embeddable":true,"href":"https:\/\/iha-race.com\/it\/wp-json\/wp\/v2\/product_tag?post=111892"}],"curies":[{"name":"wp","href":"https:\/\/api.w.org\/{rel}","templated":true}]}}