{"id":111820,"date":"2018-07-24T09:16:27","date_gmt":"2018-07-24T07:16:27","guid":{"rendered":"https:\/\/iha-race.com\/producto\/vite-allen-unbrako-m3-4-pezzi-6-10-12-16-20-25-30-35-mm\/"},"modified":"2026-03-21T19:45:56","modified_gmt":"2026-03-21T18:45:56","slug":"tornillo-allen-unbrako-m3-10-unidades-3x6-3x10-3x12-3x16-3x20-3x25-3x30-3x35-2","status":"publish","type":"product","link":"https:\/\/iha-race.com\/it\/prodotto\/tornillo-allen-unbrako-m3-10-unidades-3x6-3x10-3x12-3x16-3x20-3x25-3x30-3x35-2\/","title":{"rendered":"VITE ALLEN UNBRAKO M3 (4 pezzi) 6, 10, 12, 16, 20, 25, 30, 35 mm."},"content":{"rendered":"<h3>VITE ALLEN UNBRAKO M3 (4 pz.)<\/h3>\n<p>  Il marchio ha pi\u00f9 di 80 anni ed \u00e8 ancora la vite principale con cui si misurano tutti gli altri. Sviluppata negli anni &#8217;20, \u00e8 diventata rapidamente la vite decisionale per gli ingegneri negli Stati Uniti. e la Gran Bretagna. Oggi \u00e8 riconosciuto come il marchio leader nelle prestazioni in pi\u00f9 di 25 paesi industrializzati. Le <a href=\"http:\/\/www.antala.es\/marcas-antala\/divisiones\/metal-plastico\/unbrako-tornillos-alta-resistencia\/\">viti a testa cilindrica<\/a> <strong>UNBRAKO<\/strong>, il marchio pi\u00f9 riconosciuto al mondo, sono utilizzate nelle macchine utensili, negli utensili e negli stampi, nei macchinari per il movimento terra e per l&#8217;estrazione mineraria, oltre che in un&#8217;ampia gamma di applicazioni industriali e ingegneristiche. <strong>Misure tra cui scegliere:<\/strong> 3&#215;6, 3&#215;10, 3&#215;12, 3&#215;16, 3&#215;20, 3&#215;25, 3&#215;30, 3&#215;35<\/p>\n","protected":false},"excerpt":{"rendered":"<p>VITE ALLEN UNBRAKO M3 (4 pz.) Il marchio ha pi\u00f9 di 80 anni ed \u00e8 ancora la vite principale con cui si misurano tutti gli altri. Sviluppata negli anni &#8217;20,<\/p>\n","protected":false},"featured_media":95010,"comment_status":"open","ping_status":"closed","template":"","meta":{"_joinchat":[]},"pwb-brand":[3586],"product_cat":[1106,1247],"product_tag":[],"class_list":{"0":"post-111820","1":"product","2":"type-product","3":"status-publish","4":"has-post-thumbnail","6":"pwb-brand-iha-race","7":"product_cat-accessori","8":"product_cat--viti","10":"first","11":"instock","12":"taxable","13":"shipping-taxable","14":"purchasable","15":"product-type-variable"},"barcode":null,"atum_controlled":true,"out_stock_date":null,"out_stock_threshold":null,"inheritable":true,"stock_on_hold":0,"sold_today":0,"sales_last_days":0,"out_stock_days":0,"lost_sales":0,"update_date":"2026-04-16T08:17:37","atum_locations":[],"atum_stock_status":"instock","restock_status":false,"low_stock_amount":"","sales_update_date":"2026-04-16T08:17:37","calc_backorders":null,"yoast_head":"<!-- This site is optimized with the Yoast SEO plugin v27.3 - https:\/\/yoast.com\/product\/yoast-seo-wordpress\/ -->\n<title>VITE ALLEN UNBRAKO M3 (4 pezzi) 6, 10, 12, 16, 20, 25, 30, 35 mm. - Iha Race<\/title>\n<meta name=\"robots\" content=\"noindex, follow\" \/>\n<meta property=\"og:locale\" content=\"it_IT\" \/>\n<meta property=\"og:type\" content=\"article\" \/>\n<meta property=\"og:title\" content=\"VITE ALLEN UNBRAKO M3 (4 pezzi) 6, 10, 12, 16, 20, 25, 30, 35 mm. - Iha Race\" \/>\n<meta property=\"og:description\" content=\"VITE ALLEN UNBRAKO M3 (4 pz.) Il marchio ha pi\u00f9 di 80 anni ed \u00e8 ancora la vite principale con cui si misurano tutti gli altri. Sviluppata negli anni &#8217;20,\" \/>\n<meta property=\"og:url\" content=\"https:\/\/iha-race.com\/it\/prodotto\/tornillo-allen-unbrako-m3-10-unidades-3x6-3x10-3x12-3x16-3x20-3x25-3x30-3x35-2\/\" \/>\n<meta property=\"og:site_name\" content=\"Iha Race\" \/>\n<meta property=\"article:modified_time\" content=\"2026-03-21T18:45:56+00:00\" \/>\n<meta property=\"og:image\" content=\"https:\/\/iha-race.com\/wp-content\/uploads\/2018\/07\/tornillo-allen-unbrako-m3-1.jpg\" \/>\n\t<meta property=\"og:image:width\" content=\"800\" \/>\n\t<meta property=\"og:image:height\" content=\"800\" \/>\n\t<meta property=\"og:image:type\" content=\"image\/jpeg\" \/>\n<meta name=\"twitter:card\" content=\"summary_large_image\" \/>\n<meta name=\"twitter:label1\" content=\"Tempo di lettura stimato\" \/>\n\t<meta name=\"twitter:data1\" content=\"1 minuto\" \/>\n<script type=\"application\/ld+json\" class=\"yoast-schema-graph\">{\"@context\":\"https:\\\/\\\/schema.org\",\"@graph\":[{\"@type\":\"WebPage\",\"@id\":\"https:\\\/\\\/iha-race.com\\\/it\\\/prodotto\\\/tornillo-allen-unbrako-m3-10-unidades-3x6-3x10-3x12-3x16-3x20-3x25-3x30-3x35-2\\\/\",\"url\":\"https:\\\/\\\/iha-race.com\\\/it\\\/prodotto\\\/tornillo-allen-unbrako-m3-10-unidades-3x6-3x10-3x12-3x16-3x20-3x25-3x30-3x35-2\\\/\",\"name\":\"VITE ALLEN UNBRAKO M3 (4 pezzi) 6, 10, 12, 16, 20, 25, 30, 35 mm. - Iha Race\",\"isPartOf\":{\"@id\":\"https:\\\/\\\/iha-race.com\\\/it\\\/#website\"},\"primaryImageOfPage\":{\"@id\":\"https:\\\/\\\/iha-race.com\\\/it\\\/prodotto\\\/tornillo-allen-unbrako-m3-10-unidades-3x6-3x10-3x12-3x16-3x20-3x25-3x30-3x35-2\\\/#primaryimage\"},\"image\":{\"@id\":\"https:\\\/\\\/iha-race.com\\\/it\\\/prodotto\\\/tornillo-allen-unbrako-m3-10-unidades-3x6-3x10-3x12-3x16-3x20-3x25-3x30-3x35-2\\\/#primaryimage\"},\"thumbnailUrl\":\"https:\\\/\\\/iha-race.com\\\/wp-content\\\/uploads\\\/2018\\\/07\\\/tornillo-allen-unbrako-m3-1.jpg\",\"datePublished\":\"2018-07-24T07:16:27+00:00\",\"dateModified\":\"2026-03-21T18:45:56+00:00\",\"breadcrumb\":{\"@id\":\"https:\\\/\\\/iha-race.com\\\/it\\\/prodotto\\\/tornillo-allen-unbrako-m3-10-unidades-3x6-3x10-3x12-3x16-3x20-3x25-3x30-3x35-2\\\/#breadcrumb\"},\"inLanguage\":\"it-IT\",\"potentialAction\":[{\"@type\":\"ReadAction\",\"target\":[\"https:\\\/\\\/iha-race.com\\\/it\\\/prodotto\\\/tornillo-allen-unbrako-m3-10-unidades-3x6-3x10-3x12-3x16-3x20-3x25-3x30-3x35-2\\\/\"]}]},{\"@type\":\"ImageObject\",\"inLanguage\":\"it-IT\",\"@id\":\"https:\\\/\\\/iha-race.com\\\/it\\\/prodotto\\\/tornillo-allen-unbrako-m3-10-unidades-3x6-3x10-3x12-3x16-3x20-3x25-3x30-3x35-2\\\/#primaryimage\",\"url\":\"https:\\\/\\\/iha-race.com\\\/wp-content\\\/uploads\\\/2018\\\/07\\\/tornillo-allen-unbrako-m3-1.jpg\",\"contentUrl\":\"https:\\\/\\\/iha-race.com\\\/wp-content\\\/uploads\\\/2018\\\/07\\\/tornillo-allen-unbrako-m3-1.jpg\",\"width\":800,\"height\":800,\"caption\":\"bullone-allenatore-unbrako-m3\"},{\"@type\":\"BreadcrumbList\",\"@id\":\"https:\\\/\\\/iha-race.com\\\/it\\\/prodotto\\\/tornillo-allen-unbrako-m3-10-unidades-3x6-3x10-3x12-3x16-3x20-3x25-3x30-3x35-2\\\/#breadcrumb\",\"itemListElement\":[{\"@type\":\"ListItem\",\"position\":1,\"name\":\"Portada\",\"item\":\"https:\\\/\\\/iha-race.com\\\/it\\\/\"},{\"@type\":\"ListItem\",\"position\":2,\"name\":\"Negozio\",\"item\":\"https:\\\/\\\/iha-race.com\\\/it\\\/negozio\\\/\"},{\"@type\":\"ListItem\",\"position\":3,\"name\":\"VITE ALLEN UNBRAKO M3 (4 pezzi) 6, 10, 12, 16, 20, 25, 30, 35 mm.\"}]},{\"@type\":\"WebSite\",\"@id\":\"https:\\\/\\\/iha-race.com\\\/it\\\/#website\",\"url\":\"https:\\\/\\\/iha-race.com\\\/it\\\/\",\"name\":\"Iha Race\",\"description\":\"Comprar drones de carreras FPV env\u00edos en un d\u00eda desde Espa\u00f1a\",\"publisher\":{\"@id\":\"https:\\\/\\\/iha-race.com\\\/it\\\/#organization\"},\"potentialAction\":[{\"@type\":\"SearchAction\",\"target\":{\"@type\":\"EntryPoint\",\"urlTemplate\":\"https:\\\/\\\/iha-race.com\\\/it\\\/?s={search_term_string}\"},\"query-input\":{\"@type\":\"PropertyValueSpecification\",\"valueRequired\":true,\"valueName\":\"search_term_string\"}}],\"inLanguage\":\"it-IT\"},{\"@type\":\"Organization\",\"@id\":\"https:\\\/\\\/iha-race.com\\\/it\\\/#organization\",\"name\":\"Iha Race\",\"url\":\"https:\\\/\\\/iha-race.com\\\/it\\\/\",\"logo\":{\"@type\":\"ImageObject\",\"inLanguage\":\"it-IT\",\"@id\":\"https:\\\/\\\/iha-race.com\\\/it\\\/#\\\/schema\\\/logo\\\/image\\\/\",\"url\":\"https:\\\/\\\/iha-race.com\\\/wp-content\\\/uploads\\\/2018\\\/07\\\/iha-race-drones-de-carreras-tienda-comprar-drones.png\",\"contentUrl\":\"https:\\\/\\\/iha-race.com\\\/wp-content\\\/uploads\\\/2018\\\/07\\\/iha-race-drones-de-carreras-tienda-comprar-drones.png\",\"width\":300,\"height\":100,\"caption\":\"Iha Race\"},\"image\":{\"@id\":\"https:\\\/\\\/iha-race.com\\\/it\\\/#\\\/schema\\\/logo\\\/image\\\/\"}}]}<\/script>\n<!-- \/ Yoast SEO plugin. -->","yoast_head_json":{"title":"VITE ALLEN UNBRAKO M3 (4 pezzi) 6, 10, 12, 16, 20, 25, 30, 35 mm. - Iha Race","robots":{"index":"noindex","follow":"follow"},"og_locale":"it_IT","og_type":"article","og_title":"VITE ALLEN UNBRAKO M3 (4 pezzi) 6, 10, 12, 16, 20, 25, 30, 35 mm. - Iha Race","og_description":"VITE ALLEN UNBRAKO M3 (4 pz.) Il marchio ha pi\u00f9 di 80 anni ed \u00e8 ancora la vite principale con cui si misurano tutti gli altri. Sviluppata negli anni &#8217;20,","og_url":"https:\/\/iha-race.com\/it\/prodotto\/tornillo-allen-unbrako-m3-10-unidades-3x6-3x10-3x12-3x16-3x20-3x25-3x30-3x35-2\/","og_site_name":"Iha Race","article_modified_time":"2026-03-21T18:45:56+00:00","og_image":[{"width":800,"height":800,"url":"https:\/\/iha-race.com\/wp-content\/uploads\/2018\/07\/tornillo-allen-unbrako-m3-1.jpg","type":"image\/jpeg"}],"twitter_card":"summary_large_image","twitter_misc":{"Tempo di lettura stimato":"1 minuto"},"schema":{"@context":"https:\/\/schema.org","@graph":[{"@type":"WebPage","@id":"https:\/\/iha-race.com\/it\/prodotto\/tornillo-allen-unbrako-m3-10-unidades-3x6-3x10-3x12-3x16-3x20-3x25-3x30-3x35-2\/","url":"https:\/\/iha-race.com\/it\/prodotto\/tornillo-allen-unbrako-m3-10-unidades-3x6-3x10-3x12-3x16-3x20-3x25-3x30-3x35-2\/","name":"VITE ALLEN UNBRAKO M3 (4 pezzi) 6, 10, 12, 16, 20, 25, 30, 35 mm. - Iha Race","isPartOf":{"@id":"https:\/\/iha-race.com\/it\/#website"},"primaryImageOfPage":{"@id":"https:\/\/iha-race.com\/it\/prodotto\/tornillo-allen-unbrako-m3-10-unidades-3x6-3x10-3x12-3x16-3x20-3x25-3x30-3x35-2\/#primaryimage"},"image":{"@id":"https:\/\/iha-race.com\/it\/prodotto\/tornillo-allen-unbrako-m3-10-unidades-3x6-3x10-3x12-3x16-3x20-3x25-3x30-3x35-2\/#primaryimage"},"thumbnailUrl":"https:\/\/iha-race.com\/wp-content\/uploads\/2018\/07\/tornillo-allen-unbrako-m3-1.jpg","datePublished":"2018-07-24T07:16:27+00:00","dateModified":"2026-03-21T18:45:56+00:00","breadcrumb":{"@id":"https:\/\/iha-race.com\/it\/prodotto\/tornillo-allen-unbrako-m3-10-unidades-3x6-3x10-3x12-3x16-3x20-3x25-3x30-3x35-2\/#breadcrumb"},"inLanguage":"it-IT","potentialAction":[{"@type":"ReadAction","target":["https:\/\/iha-race.com\/it\/prodotto\/tornillo-allen-unbrako-m3-10-unidades-3x6-3x10-3x12-3x16-3x20-3x25-3x30-3x35-2\/"]}]},{"@type":"ImageObject","inLanguage":"it-IT","@id":"https:\/\/iha-race.com\/it\/prodotto\/tornillo-allen-unbrako-m3-10-unidades-3x6-3x10-3x12-3x16-3x20-3x25-3x30-3x35-2\/#primaryimage","url":"https:\/\/iha-race.com\/wp-content\/uploads\/2018\/07\/tornillo-allen-unbrako-m3-1.jpg","contentUrl":"https:\/\/iha-race.com\/wp-content\/uploads\/2018\/07\/tornillo-allen-unbrako-m3-1.jpg","width":800,"height":800,"caption":"bullone-allenatore-unbrako-m3"},{"@type":"BreadcrumbList","@id":"https:\/\/iha-race.com\/it\/prodotto\/tornillo-allen-unbrako-m3-10-unidades-3x6-3x10-3x12-3x16-3x20-3x25-3x30-3x35-2\/#breadcrumb","itemListElement":[{"@type":"ListItem","position":1,"name":"Portada","item":"https:\/\/iha-race.com\/it\/"},{"@type":"ListItem","position":2,"name":"Negozio","item":"https:\/\/iha-race.com\/it\/negozio\/"},{"@type":"ListItem","position":3,"name":"VITE ALLEN UNBRAKO M3 (4 pezzi) 6, 10, 12, 16, 20, 25, 30, 35 mm."}]},{"@type":"WebSite","@id":"https:\/\/iha-race.com\/it\/#website","url":"https:\/\/iha-race.com\/it\/","name":"Iha Race","description":"Comprar drones de carreras FPV env\u00edos en un d\u00eda desde Espa\u00f1a","publisher":{"@id":"https:\/\/iha-race.com\/it\/#organization"},"potentialAction":[{"@type":"SearchAction","target":{"@type":"EntryPoint","urlTemplate":"https:\/\/iha-race.com\/it\/?s={search_term_string}"},"query-input":{"@type":"PropertyValueSpecification","valueRequired":true,"valueName":"search_term_string"}}],"inLanguage":"it-IT"},{"@type":"Organization","@id":"https:\/\/iha-race.com\/it\/#organization","name":"Iha Race","url":"https:\/\/iha-race.com\/it\/","logo":{"@type":"ImageObject","inLanguage":"it-IT","@id":"https:\/\/iha-race.com\/it\/#\/schema\/logo\/image\/","url":"https:\/\/iha-race.com\/wp-content\/uploads\/2018\/07\/iha-race-drones-de-carreras-tienda-comprar-drones.png","contentUrl":"https:\/\/iha-race.com\/wp-content\/uploads\/2018\/07\/iha-race-drones-de-carreras-tienda-comprar-drones.png","width":300,"height":100,"caption":"Iha Race"},"image":{"@id":"https:\/\/iha-race.com\/it\/#\/schema\/logo\/image\/"}}]}},"brands":[{"id":3586,"name":"IHA Race","slug":"iha-race"}],"_links":{"self":[{"href":"https:\/\/iha-race.com\/it\/wp-json\/wp\/v2\/product\/111820","targetHints":{"allow":["GET"]}}],"collection":[{"href":"https:\/\/iha-race.com\/it\/wp-json\/wp\/v2\/product"}],"about":[{"href":"https:\/\/iha-race.com\/it\/wp-json\/wp\/v2\/types\/product"}],"replies":[{"embeddable":true,"href":"https:\/\/iha-race.com\/it\/wp-json\/wp\/v2\/comments?post=111820"}],"version-history":[{"count":1,"href":"https:\/\/iha-race.com\/it\/wp-json\/wp\/v2\/product\/111820\/revisions"}],"predecessor-version":[{"id":250481,"href":"https:\/\/iha-race.com\/it\/wp-json\/wp\/v2\/product\/111820\/revisions\/250481"}],"wp:featuredmedia":[{"embeddable":true,"href":"https:\/\/iha-race.com\/it\/wp-json\/wp\/v2\/media\/95010"}],"wp:attachment":[{"href":"https:\/\/iha-race.com\/it\/wp-json\/wp\/v2\/media?parent=111820"}],"wp:term":[{"taxonomy":"pwb-brand","embeddable":true,"href":"https:\/\/iha-race.com\/it\/wp-json\/wp\/v2\/pwb-brand?post=111820"},{"taxonomy":"product_cat","embeddable":true,"href":"https:\/\/iha-race.com\/it\/wp-json\/wp\/v2\/product_cat?post=111820"},{"taxonomy":"product_tag","embeddable":true,"href":"https:\/\/iha-race.com\/it\/wp-json\/wp\/v2\/product_tag?post=111820"}],"curies":[{"name":"wp","href":"https:\/\/api.w.org\/{rel}","templated":true}]}}