{"id":111792,"date":"2018-07-26T18:50:47","date_gmt":"2018-07-26T16:50:47","guid":{"rendered":"https:\/\/iha-race.com\/producto\/controllore-di-volo-mateksys-f405-wte\/"},"modified":"2024-08-29T16:35:25","modified_gmt":"2024-08-29T14:35:25","slug":"controllo-di-volo-mateksys-f405-wte","status":"publish","type":"product","link":"https:\/\/iha-race.com\/it\/prodotto\/controllo-di-volo-mateksys-f405-wte\/","title":{"rendered":"Controllore di volo Mateksys F405-WTE"},"content":{"rendered":"<h2><span data-sheets-value=\"{\"1\":2,\"2\":\"Control de Vuelo Mateksys F405-WTE\"}\" data-sheets-userformat=\"{\"2\":11009,\"3\":{\"1\":0},\"11\":4,\"12\":0,\"14\":{\"1\":2,\"2\":1118481},\"16\":12}\">Controllore di volo Mateksys F405-WTE<\/span><\/h2>\n<p>&nbsp;<\/p>\n<p><img fetchpriority=\"high\" decoding=\"async\" class=\"alignnone size-full wp-image-10146\" src=\"http:\/\/www.mateksys.com\/wp-content\/uploads\/2022\/04\/F405-WTE_2.jpg\" alt=\"\" width=\"1500\" height=\"600\"> <img decoding=\"async\" class=\"alignnone size-full wp-image-10147\" src=\"http:\/\/www.mateksys.com\/wp-content\/uploads\/2022\/04\/F405-WTE_3.jpg\" alt=\"\" width=\"1500\" height=\"600\"><\/p>\n<h3><a href=\"http:\/\/www.mateksys.com\/downloads\/Manual\/F405-WTE_Manual.pdf\" target=\"_blank\" rel=\"noopener noreferrer\">Guida rapida F405-WTE<\/a> PDF<\/h3>\n<hr>\n<p><strong>Specifiche FC<\/strong><\/p>\n<ul>\n<li>MCU: STM32F405RGT6, 168MHz, 1MB Flash<\/li>\n<li>IMU: ICM42688-P<\/li>\n<li>Baro: SPL06-001<\/li>\n<li>OSD: AT7456E<\/li>\n<li>Blackbox: slot per scheda MicroSD<\/li>\n<li>Telemetria WiFi ESP (MAVLink, 14dBm)<\/li>\n<li>Ricevitore ExpressLRS 2.4G (protocollo CRSF, telemetria 12dBm)<\/li>\n<li>6x UART, 1x opzione Softserial_Tx (INAV)<\/li>\n<li>12 uscite PWM<\/li>\n<li>1x I2C<\/li>\n<li>4x ADC (VBAT, corrente, RSSI, velocit\u00e0 dell&#8217;aria)<\/li>\n<li>Estensore USB\/Beep con Tipo-C (USB2.0)<\/li>\n<li>Interruttore per doppio ingresso telecamera<\/li>\n<li>9V(12V) per l&#8217;interruttore di alimentazione VTX<\/li>\n<\/ul>\n<p><strong>Firmware FC<\/strong><\/p>\n<ul>\n<li>ArduPilot: MatekF405-TE<\/li>\n<li>INAV: MATEKF405TE_SD (non disponibile nel configuratore INAV 4.x)<\/li>\n<\/ul>\n<p><strong>PDB<\/strong><\/p>\n<ul>\n<li>Gamma di tensione in ingresso: 6,8~30V (2~6S LiPo)<\/li>\n<li>1x pastiglie di potenza ESC<\/li>\n<li>Divisore di tensione della batteria 1K:20K (Scala 2100 in INAV, BATT_VOLT_MULT 21.0 in ArduPilot)<\/li>\n<li>Sensore di corrente: 220A, 3,3V ADC (Scala 150 in INAV, 66,7 A\/V in ArduPilot)<\/li>\n<li>Resistenza di rilevamento: 90A continui, 220A di picco<\/li>\n<\/ul>\n<p><strong>Uscita BEC 5V<\/strong><\/p>\n<ul>\n<li>Progettato per controller di volo, ricevitore, OSD, telecamera, cicalino, striscia LED 2812, cicalino, modulo GPS, AirSpeed<\/li>\n<li>Corrente continua: 2 Ampere, max. 3A<\/li>\n<\/ul>\n<p><strong>Uscita BEC 9V \/12V<\/strong><\/p>\n<ul>\n<li>Progettato per trasmettitore video, fotocamera, gimbal, ecc.<\/li>\n<li>Corrente continua: 2 Ampere, max. 3A<\/li>\n<li>Opzione 12V con ponticello<\/li>\n<li>per un&#8217;uscita stabile a 9V\/12V, la tensione di ingresso deve essere &gt; tensione di uscita +1V<\/li>\n<\/ul>\n<p><strong>Uscita BEC Vx<\/strong><\/p>\n<ul>\n<li>Progettato per i servi<\/li>\n<li>Tensione regolabile, 5V Predefinito, 6V o 7,2V tramite ponticello<\/li>\n<li>Corrente continua: 8 Ampere, Max. 10A<\/li>\n<li>per un&#8217;uscita Vx stabile, la tensione di ingresso deve essere &gt; tensione Vx +1V<\/li>\n<\/ul>\n<p><strong>Uscita BEC 3,3 V<\/strong><\/p>\n<ul>\n<li>Progettato per il modulo Baro\/Bussola e le periferiche esterne da 3,3 V<\/li>\n<li>Regolatore lineare<\/li>\n<li>Corrente continua: 200mA<\/li>\n<\/ul>\n<p><strong>Fisico<\/strong><\/p>\n<ul>\n<li>Montaggio: 25 x 25 mm, \u03a62 mm<\/li>\n<li>Dimensioni: 44 x 29 x 12,7 mm<\/li>\n<li>Peso: 22 g con adattatore USB\/buzzer<\/li>\n<\/ul>\n<p><strong>Incluso<\/strong><\/p>\n<ul>\n<li>1 F405-WTE<\/li>\n<li>1x estensore USB (Tipo-C)\/Beep (cicalino passivo) + cavo JST-SH-6P a JST-SH-6P da 20 cm per estensore USB.<\/li>\n<li>2x Antenne IPEX-MHF1 2.4G<\/li>\n<li>1x condensatore Rubycon ZLH 35V 470uF<\/li>\n<li>Dupont 2,54 pin <strong>(la scheda viene spedita non saldata)<\/strong><\/li>\n<\/ul>\n<p><img decoding=\"async\" src=\"http:\/\/www.mateksys.com\/wp-content\/uploads\/2022\/04\/F405-WTE_Wiring.jpg\"><\/p>\n<p>&nbsp;<\/p>\n<p>&nbsp;<\/p>\n","protected":false},"excerpt":{"rendered":"<p>Controllore di volo Mateksys F405-WTE &nbsp; Guida rapida F405-WTE PDF Specifiche FC MCU: STM32F405RGT6, 168MHz, 1MB Flash IMU: ICM42688-P Baro: SPL06-001 OSD: AT7456E Blackbox: slot per scheda MicroSD Telemetria WiFi<\/p>\n","protected":false},"featured_media":109583,"comment_status":"open","ping_status":"closed","template":"","meta":{"_joinchat":[]},"pwb-brand":[],"product_cat":[1194],"product_tag":[],"class_list":{"0":"post-111792","1":"product","2":"type-product","3":"status-publish","4":"has-post-thumbnail","6":"product_cat-controllori-di-droni","8":"first","9":"instock","10":"taxable","11":"shipping-taxable","12":"purchasable","13":"product-type-simple"},"barcode":null,"atum_controlled":true,"out_stock_date":null,"out_stock_threshold":null,"inheritable":false,"stock_on_hold":0,"sold_today":0,"sales_last_days":0,"out_stock_days":0,"lost_sales":0,"update_date":"2026-04-18T17:57:52","atum_locations":[],"atum_stock_status":"instock","restock_status":false,"low_stock_amount":0,"sales_update_date":"2026-04-18T17:57:52","calc_backorders":null,"yoast_head":"<!-- This site is optimized with the Yoast SEO plugin v27.3 - https:\/\/yoast.com\/product\/yoast-seo-wordpress\/ -->\n<title>\u25b7 Mateksys F405-wing &quot; Controllo di volo STM32 INAVOSD MPU6000 BMP280<\/title>\n<meta name=\"description\" content=\"Acquista qui\u261d.\u3010 Matek SYS F405 - Controllore di volo ad ala \u3011\u2705 Iha Race esperti in droni da corsa FPV. Spediamo in 24 ore dalla Spagna. \u260e676757149\" \/>\n<meta name=\"robots\" content=\"index, follow, max-snippet:-1, max-image-preview:large, max-video-preview:-1\" \/>\n<link rel=\"canonical\" href=\"https:\/\/iha-race.com\/it\/prodotto\/controllo-di-volo-mateksys-f405-wte\/\" \/>\n<meta property=\"og:locale\" content=\"it_IT\" \/>\n<meta property=\"og:type\" content=\"article\" \/>\n<meta property=\"og:title\" content=\"\u25b7 Mateksys F405-wing &quot; Controllo di volo STM32 INAVOSD MPU6000 BMP280\" \/>\n<meta property=\"og:description\" content=\"Acquista qui\u261d.\u3010 Matek SYS F405 - Controllore di volo ad ala \u3011\u2705 Iha Race esperti in droni da corsa FPV. Spediamo in 24 ore dalla Spagna. \u260e676757149\" \/>\n<meta property=\"og:url\" content=\"https:\/\/iha-race.com\/it\/prodotto\/controllo-di-volo-mateksys-f405-wte\/\" \/>\n<meta property=\"og:site_name\" content=\"Iha Race\" \/>\n<meta property=\"article:modified_time\" content=\"2024-08-29T14:35:25+00:00\" \/>\n<meta property=\"og:image\" content=\"https:\/\/iha-race.com\/wp-content\/uploads\/2018\/07\/S398245dbd6c7462baf80e5b075e3a8dbh.jpg\" \/>\n\t<meta property=\"og:image:width\" content=\"800\" \/>\n\t<meta property=\"og:image:height\" content=\"800\" \/>\n\t<meta property=\"og:image:type\" content=\"image\/jpeg\" \/>\n<meta name=\"twitter:card\" content=\"summary_large_image\" \/>\n<meta name=\"twitter:label1\" content=\"Tempo di lettura stimato\" \/>\n\t<meta name=\"twitter:data1\" content=\"2 minuti\" \/>\n<script type=\"application\/ld+json\" class=\"yoast-schema-graph\">{\"@context\":\"https:\\\/\\\/schema.org\",\"@graph\":[{\"@type\":\"WebPage\",\"@id\":\"https:\\\/\\\/iha-race.com\\\/it\\\/prodotto\\\/controllo-di-volo-mateksys-f405-wte\\\/\",\"url\":\"https:\\\/\\\/iha-race.com\\\/it\\\/prodotto\\\/controllo-di-volo-mateksys-f405-wte\\\/\",\"name\":\"\u25b7 Mateksys F405-wing \\\" Controllo di volo STM32 INAVOSD MPU6000 BMP280\",\"isPartOf\":{\"@id\":\"https:\\\/\\\/iha-race.com\\\/it\\\/#website\"},\"primaryImageOfPage\":{\"@id\":\"https:\\\/\\\/iha-race.com\\\/it\\\/prodotto\\\/controllo-di-volo-mateksys-f405-wte\\\/#primaryimage\"},\"image\":{\"@id\":\"https:\\\/\\\/iha-race.com\\\/it\\\/prodotto\\\/controllo-di-volo-mateksys-f405-wte\\\/#primaryimage\"},\"thumbnailUrl\":\"https:\\\/\\\/iha-race.com\\\/wp-content\\\/uploads\\\/2018\\\/07\\\/S398245dbd6c7462baf80e5b075e3a8dbh.jpg\",\"datePublished\":\"2018-07-26T16:50:47+00:00\",\"dateModified\":\"2024-08-29T14:35:25+00:00\",\"description\":\"Acquista qui\u261d.\u3010 Matek SYS F405 - Controllore di volo ad ala \u3011\u2705 Iha Race esperti in droni da corsa FPV. Spediamo in 24 ore dalla Spagna. \u260e676757149\",\"breadcrumb\":{\"@id\":\"https:\\\/\\\/iha-race.com\\\/it\\\/prodotto\\\/controllo-di-volo-mateksys-f405-wte\\\/#breadcrumb\"},\"inLanguage\":\"it-IT\",\"potentialAction\":[{\"@type\":\"ReadAction\",\"target\":[\"https:\\\/\\\/iha-race.com\\\/it\\\/prodotto\\\/controllo-di-volo-mateksys-f405-wte\\\/\"]}]},{\"@type\":\"ImageObject\",\"inLanguage\":\"it-IT\",\"@id\":\"https:\\\/\\\/iha-race.com\\\/it\\\/prodotto\\\/controllo-di-volo-mateksys-f405-wte\\\/#primaryimage\",\"url\":\"https:\\\/\\\/iha-race.com\\\/wp-content\\\/uploads\\\/2018\\\/07\\\/S398245dbd6c7462baf80e5b075e3a8dbh.jpg\",\"contentUrl\":\"https:\\\/\\\/iha-race.com\\\/wp-content\\\/uploads\\\/2018\\\/07\\\/S398245dbd6c7462baf80e5b075e3a8dbh.jpg\",\"width\":800,\"height\":800,\"caption\":\"Acquista il controllore di volo Mateksys F405-WTE\"},{\"@type\":\"BreadcrumbList\",\"@id\":\"https:\\\/\\\/iha-race.com\\\/it\\\/prodotto\\\/controllo-di-volo-mateksys-f405-wte\\\/#breadcrumb\",\"itemListElement\":[{\"@type\":\"ListItem\",\"position\":1,\"name\":\"Portada\",\"item\":\"https:\\\/\\\/iha-race.com\\\/it\\\/\"},{\"@type\":\"ListItem\",\"position\":2,\"name\":\"Negozio\",\"item\":\"https:\\\/\\\/iha-race.com\\\/it\\\/negozio\\\/\"},{\"@type\":\"ListItem\",\"position\":3,\"name\":\"Controllore di volo Mateksys F405-WTE\"}]},{\"@type\":\"WebSite\",\"@id\":\"https:\\\/\\\/iha-race.com\\\/it\\\/#website\",\"url\":\"https:\\\/\\\/iha-race.com\\\/it\\\/\",\"name\":\"Iha Race\",\"description\":\"Comprar drones de carreras FPV env\u00edos en un d\u00eda desde Espa\u00f1a\",\"publisher\":{\"@id\":\"https:\\\/\\\/iha-race.com\\\/it\\\/#organization\"},\"potentialAction\":[{\"@type\":\"SearchAction\",\"target\":{\"@type\":\"EntryPoint\",\"urlTemplate\":\"https:\\\/\\\/iha-race.com\\\/it\\\/?s={search_term_string}\"},\"query-input\":{\"@type\":\"PropertyValueSpecification\",\"valueRequired\":true,\"valueName\":\"search_term_string\"}}],\"inLanguage\":\"it-IT\"},{\"@type\":\"Organization\",\"@id\":\"https:\\\/\\\/iha-race.com\\\/it\\\/#organization\",\"name\":\"Iha Race\",\"url\":\"https:\\\/\\\/iha-race.com\\\/it\\\/\",\"logo\":{\"@type\":\"ImageObject\",\"inLanguage\":\"it-IT\",\"@id\":\"https:\\\/\\\/iha-race.com\\\/it\\\/#\\\/schema\\\/logo\\\/image\\\/\",\"url\":\"https:\\\/\\\/iha-race.com\\\/wp-content\\\/uploads\\\/2018\\\/07\\\/iha-race-drones-de-carreras-tienda-comprar-drones.png\",\"contentUrl\":\"https:\\\/\\\/iha-race.com\\\/wp-content\\\/uploads\\\/2018\\\/07\\\/iha-race-drones-de-carreras-tienda-comprar-drones.png\",\"width\":300,\"height\":100,\"caption\":\"Iha Race\"},\"image\":{\"@id\":\"https:\\\/\\\/iha-race.com\\\/it\\\/#\\\/schema\\\/logo\\\/image\\\/\"}}]}<\/script>\n<!-- \/ Yoast SEO plugin. -->","yoast_head_json":{"title":"\u25b7 Mateksys F405-wing \" Controllo di volo STM32 INAVOSD MPU6000 BMP280","description":"Acquista qui\u261d.\u3010 Matek SYS F405 - Controllore di volo ad ala \u3011\u2705 Iha Race esperti in droni da corsa FPV. Spediamo in 24 ore dalla Spagna. \u260e676757149","robots":{"index":"index","follow":"follow","max-snippet":"max-snippet:-1","max-image-preview":"max-image-preview:large","max-video-preview":"max-video-preview:-1"},"canonical":"https:\/\/iha-race.com\/it\/prodotto\/controllo-di-volo-mateksys-f405-wte\/","og_locale":"it_IT","og_type":"article","og_title":"\u25b7 Mateksys F405-wing \" Controllo di volo STM32 INAVOSD MPU6000 BMP280","og_description":"Acquista qui\u261d.\u3010 Matek SYS F405 - Controllore di volo ad ala \u3011\u2705 Iha Race esperti in droni da corsa FPV. Spediamo in 24 ore dalla Spagna. \u260e676757149","og_url":"https:\/\/iha-race.com\/it\/prodotto\/controllo-di-volo-mateksys-f405-wte\/","og_site_name":"Iha Race","article_modified_time":"2024-08-29T14:35:25+00:00","og_image":[{"width":800,"height":800,"url":"https:\/\/iha-race.com\/wp-content\/uploads\/2018\/07\/S398245dbd6c7462baf80e5b075e3a8dbh.jpg","type":"image\/jpeg"}],"twitter_card":"summary_large_image","twitter_misc":{"Tempo di lettura stimato":"2 minuti"},"schema":{"@context":"https:\/\/schema.org","@graph":[{"@type":"WebPage","@id":"https:\/\/iha-race.com\/it\/prodotto\/controllo-di-volo-mateksys-f405-wte\/","url":"https:\/\/iha-race.com\/it\/prodotto\/controllo-di-volo-mateksys-f405-wte\/","name":"\u25b7 Mateksys F405-wing \" Controllo di volo STM32 INAVOSD MPU6000 BMP280","isPartOf":{"@id":"https:\/\/iha-race.com\/it\/#website"},"primaryImageOfPage":{"@id":"https:\/\/iha-race.com\/it\/prodotto\/controllo-di-volo-mateksys-f405-wte\/#primaryimage"},"image":{"@id":"https:\/\/iha-race.com\/it\/prodotto\/controllo-di-volo-mateksys-f405-wte\/#primaryimage"},"thumbnailUrl":"https:\/\/iha-race.com\/wp-content\/uploads\/2018\/07\/S398245dbd6c7462baf80e5b075e3a8dbh.jpg","datePublished":"2018-07-26T16:50:47+00:00","dateModified":"2024-08-29T14:35:25+00:00","description":"Acquista qui\u261d.\u3010 Matek SYS F405 - Controllore di volo ad ala \u3011\u2705 Iha Race esperti in droni da corsa FPV. Spediamo in 24 ore dalla Spagna. \u260e676757149","breadcrumb":{"@id":"https:\/\/iha-race.com\/it\/prodotto\/controllo-di-volo-mateksys-f405-wte\/#breadcrumb"},"inLanguage":"it-IT","potentialAction":[{"@type":"ReadAction","target":["https:\/\/iha-race.com\/it\/prodotto\/controllo-di-volo-mateksys-f405-wte\/"]}]},{"@type":"ImageObject","inLanguage":"it-IT","@id":"https:\/\/iha-race.com\/it\/prodotto\/controllo-di-volo-mateksys-f405-wte\/#primaryimage","url":"https:\/\/iha-race.com\/wp-content\/uploads\/2018\/07\/S398245dbd6c7462baf80e5b075e3a8dbh.jpg","contentUrl":"https:\/\/iha-race.com\/wp-content\/uploads\/2018\/07\/S398245dbd6c7462baf80e5b075e3a8dbh.jpg","width":800,"height":800,"caption":"Acquista il controllore di volo Mateksys F405-WTE"},{"@type":"BreadcrumbList","@id":"https:\/\/iha-race.com\/it\/prodotto\/controllo-di-volo-mateksys-f405-wte\/#breadcrumb","itemListElement":[{"@type":"ListItem","position":1,"name":"Portada","item":"https:\/\/iha-race.com\/it\/"},{"@type":"ListItem","position":2,"name":"Negozio","item":"https:\/\/iha-race.com\/it\/negozio\/"},{"@type":"ListItem","position":3,"name":"Controllore di volo Mateksys F405-WTE"}]},{"@type":"WebSite","@id":"https:\/\/iha-race.com\/it\/#website","url":"https:\/\/iha-race.com\/it\/","name":"Iha Race","description":"Comprar drones de carreras FPV env\u00edos en un d\u00eda desde Espa\u00f1a","publisher":{"@id":"https:\/\/iha-race.com\/it\/#organization"},"potentialAction":[{"@type":"SearchAction","target":{"@type":"EntryPoint","urlTemplate":"https:\/\/iha-race.com\/it\/?s={search_term_string}"},"query-input":{"@type":"PropertyValueSpecification","valueRequired":true,"valueName":"search_term_string"}}],"inLanguage":"it-IT"},{"@type":"Organization","@id":"https:\/\/iha-race.com\/it\/#organization","name":"Iha Race","url":"https:\/\/iha-race.com\/it\/","logo":{"@type":"ImageObject","inLanguage":"it-IT","@id":"https:\/\/iha-race.com\/it\/#\/schema\/logo\/image\/","url":"https:\/\/iha-race.com\/wp-content\/uploads\/2018\/07\/iha-race-drones-de-carreras-tienda-comprar-drones.png","contentUrl":"https:\/\/iha-race.com\/wp-content\/uploads\/2018\/07\/iha-race-drones-de-carreras-tienda-comprar-drones.png","width":300,"height":100,"caption":"Iha Race"},"image":{"@id":"https:\/\/iha-race.com\/it\/#\/schema\/logo\/image\/"}}]}},"jetpack_sharing_enabled":true,"brands":[],"_links":{"self":[{"href":"https:\/\/iha-race.com\/it\/wp-json\/wp\/v2\/product\/111792","targetHints":{"allow":["GET"]}}],"collection":[{"href":"https:\/\/iha-race.com\/it\/wp-json\/wp\/v2\/product"}],"about":[{"href":"https:\/\/iha-race.com\/it\/wp-json\/wp\/v2\/types\/product"}],"replies":[{"embeddable":true,"href":"https:\/\/iha-race.com\/it\/wp-json\/wp\/v2\/comments?post=111792"}],"version-history":[{"count":1,"href":"https:\/\/iha-race.com\/it\/wp-json\/wp\/v2\/product\/111792\/revisions"}],"predecessor-version":[{"id":116240,"href":"https:\/\/iha-race.com\/it\/wp-json\/wp\/v2\/product\/111792\/revisions\/116240"}],"wp:featuredmedia":[{"embeddable":true,"href":"https:\/\/iha-race.com\/it\/wp-json\/wp\/v2\/media\/109583"}],"wp:attachment":[{"href":"https:\/\/iha-race.com\/it\/wp-json\/wp\/v2\/media?parent=111792"}],"wp:term":[{"taxonomy":"pwb-brand","embeddable":true,"href":"https:\/\/iha-race.com\/it\/wp-json\/wp\/v2\/pwb-brand?post=111792"},{"taxonomy":"product_cat","embeddable":true,"href":"https:\/\/iha-race.com\/it\/wp-json\/wp\/v2\/product_cat?post=111792"},{"taxonomy":"product_tag","embeddable":true,"href":"https:\/\/iha-race.com\/it\/wp-json\/wp\/v2\/product_tag?post=111792"}],"curies":[{"name":"wp","href":"https:\/\/api.w.org\/{rel}","templated":true}]}}