{"id":111782,"date":"2018-07-25T08:35:56","date_gmt":"2018-07-25T06:35:56","guid":{"rendered":"https:\/\/iha-race.com\/producto\/connettore-antenna-fpv-ad-angolo-retto-rpsma-sma-2-pz\/"},"modified":"2026-03-21T19:37:38","modified_gmt":"2026-03-21T18:37:38","slug":"connettore-antenna-antenna-angolo-retto-fpv-rpsma-femmina-sma-maschio-2-unita","status":"publish","type":"product","link":"https:\/\/iha-race.com\/it\/prodotto\/connettore-antenna-antenna-angolo-retto-fpv-rpsma-femmina-sma-maschio-2-unita\/","title":{"rendered":"Connettore antenna FPV ad angolo retto RPSMA \/ SMA (2 pz.)"},"content":{"rendered":"<h3>Connettore antenna FPV ad angolo retto RPSMA \/ SMA (2 pz.)<\/h3>\n<p>&nbsp;  Un design completamente nuovo, connettore antenna 5.8G per foto aeree FPV. Tutti i prodotti sono sottoposti a un rigoroso controllo di qualit\u00e0, il rapporto d&#8217;onda stazionaria \u00e8 inferiore a 1,5. \u00c8 la prima scelta per l&#8217;FPV e pu\u00f2 estendere efficacemente la distanza e l&#8217;angolo di lancio. <strong>Specifiche:<\/strong> Peso totale: 150g\/500 oz<\/p>\n","protected":false},"excerpt":{"rendered":"<p>Connettore antenna FPV ad angolo retto RPSMA \/ SMA (2 pz.) &nbsp; Un design completamente nuovo, connettore antenna 5.8G per foto aeree FPV. Tutti i prodotti sono sottoposti a un<\/p>\n","protected":false},"featured_media":93673,"comment_status":"closed","ping_status":"closed","template":"","meta":{"_joinchat":[]},"pwb-brand":[3586],"product_cat":[1106,1514,1137],"product_tag":[],"class_list":{"0":"post-111782","1":"product","2":"type-product","3":"status-publish","4":"has-post-thumbnail","6":"pwb-brand-iha-race","7":"product_cat-accessori","8":"product_cat-accessori-per-antenne","9":"product_cat-connettori","11":"first","12":"instock","13":"taxable","14":"shipping-taxable","15":"purchasable","16":"product-type-simple"},"barcode":null,"atum_controlled":true,"out_stock_date":null,"out_stock_threshold":null,"inheritable":false,"stock_on_hold":0,"sold_today":0,"sales_last_days":0,"out_stock_days":0,"lost_sales":0,"update_date":"2026-03-21T18:39:13","atum_locations":[],"atum_stock_status":"instock","restock_status":false,"low_stock_amount":"","sales_update_date":"2026-03-21T18:04:28","calc_backorders":null,"yoast_head":"<!-- This site is optimized with the Yoast SEO plugin v27.3 - https:\/\/yoast.com\/product\/yoast-seo-wordpress\/ -->\n<title>Connettore antenna FPV ad angolo retto RPSMA \/ SMA (2 pz.) - Iha Race<\/title>\n<meta name=\"robots\" content=\"noindex, follow\" \/>\n<meta property=\"og:locale\" content=\"it_IT\" \/>\n<meta property=\"og:type\" content=\"article\" \/>\n<meta property=\"og:title\" content=\"Connettore antenna FPV ad angolo retto RPSMA \/ SMA (2 pz.) - Iha Race\" \/>\n<meta property=\"og:description\" content=\"Connettore antenna FPV ad angolo retto RPSMA \/ SMA (2 pz.) &nbsp; Un design completamente nuovo, connettore antenna 5.8G per foto aeree FPV. Tutti i prodotti sono sottoposti a un\" \/>\n<meta property=\"og:url\" content=\"https:\/\/iha-race.com\/it\/prodotto\/connettore-antenna-antenna-angolo-retto-fpv-rpsma-femmina-sma-maschio-2-unita\/\" \/>\n<meta property=\"og:site_name\" content=\"Iha Race\" \/>\n<meta property=\"article:modified_time\" content=\"2026-03-21T18:37:38+00:00\" \/>\n<meta property=\"og:image\" content=\"https:\/\/iha-race.com\/wp-content\/uploads\/2018\/07\/Conector-de-antenas-angulo-recto-FPV-RPSMA-SMA-comprar-barato-1.jpg\" \/>\n\t<meta property=\"og:image:width\" content=\"800\" \/>\n\t<meta property=\"og:image:height\" content=\"800\" \/>\n\t<meta property=\"og:image:type\" content=\"image\/jpeg\" \/>\n<meta name=\"twitter:card\" content=\"summary_large_image\" \/>\n<script type=\"application\/ld+json\" class=\"yoast-schema-graph\">{\"@context\":\"https:\\\/\\\/schema.org\",\"@graph\":[{\"@type\":\"WebPage\",\"@id\":\"https:\\\/\\\/iha-race.com\\\/it\\\/prodotto\\\/connettore-antenna-antenna-angolo-retto-fpv-rpsma-femmina-sma-maschio-2-unita\\\/\",\"url\":\"https:\\\/\\\/iha-race.com\\\/it\\\/prodotto\\\/connettore-antenna-antenna-angolo-retto-fpv-rpsma-femmina-sma-maschio-2-unita\\\/\",\"name\":\"Connettore antenna FPV ad angolo retto RPSMA \\\/ SMA (2 pz.) - Iha Race\",\"isPartOf\":{\"@id\":\"https:\\\/\\\/iha-race.com\\\/it\\\/#website\"},\"primaryImageOfPage\":{\"@id\":\"https:\\\/\\\/iha-race.com\\\/it\\\/prodotto\\\/connettore-antenna-antenna-angolo-retto-fpv-rpsma-femmina-sma-maschio-2-unita\\\/#primaryimage\"},\"image\":{\"@id\":\"https:\\\/\\\/iha-race.com\\\/it\\\/prodotto\\\/connettore-antenna-antenna-angolo-retto-fpv-rpsma-femmina-sma-maschio-2-unita\\\/#primaryimage\"},\"thumbnailUrl\":\"https:\\\/\\\/iha-race.com\\\/wp-content\\\/uploads\\\/2018\\\/07\\\/Conector-de-antenas-angulo-recto-FPV-RPSMA-SMA-comprar-barato-1.jpg\",\"datePublished\":\"2018-07-25T06:35:56+00:00\",\"dateModified\":\"2026-03-21T18:37:38+00:00\",\"breadcrumb\":{\"@id\":\"https:\\\/\\\/iha-race.com\\\/it\\\/prodotto\\\/connettore-antenna-antenna-angolo-retto-fpv-rpsma-femmina-sma-maschio-2-unita\\\/#breadcrumb\"},\"inLanguage\":\"it-IT\",\"potentialAction\":[{\"@type\":\"ReadAction\",\"target\":[\"https:\\\/\\\/iha-race.com\\\/it\\\/prodotto\\\/connettore-antenna-antenna-angolo-retto-fpv-rpsma-femmina-sma-maschio-2-unita\\\/\"]}]},{\"@type\":\"ImageObject\",\"inLanguage\":\"it-IT\",\"@id\":\"https:\\\/\\\/iha-race.com\\\/it\\\/prodotto\\\/connettore-antenna-antenna-angolo-retto-fpv-rpsma-femmina-sma-maschio-2-unita\\\/#primaryimage\",\"url\":\"https:\\\/\\\/iha-race.com\\\/wp-content\\\/uploads\\\/2018\\\/07\\\/Conector-de-antenas-angulo-recto-FPV-RPSMA-SMA-comprar-barato-1.jpg\",\"contentUrl\":\"https:\\\/\\\/iha-race.com\\\/wp-content\\\/uploads\\\/2018\\\/07\\\/Conector-de-antenas-angulo-recto-FPV-RPSMA-SMA-comprar-barato-1.jpg\",\"width\":800,\"height\":800,\"caption\":\"Connettore-antenna ad angolo diretto-FPV-RPSMA-SMA-acquista-prezzo\"},{\"@type\":\"BreadcrumbList\",\"@id\":\"https:\\\/\\\/iha-race.com\\\/it\\\/prodotto\\\/connettore-antenna-antenna-angolo-retto-fpv-rpsma-femmina-sma-maschio-2-unita\\\/#breadcrumb\",\"itemListElement\":[{\"@type\":\"ListItem\",\"position\":1,\"name\":\"Portada\",\"item\":\"https:\\\/\\\/iha-race.com\\\/it\\\/\"},{\"@type\":\"ListItem\",\"position\":2,\"name\":\"Negozio\",\"item\":\"https:\\\/\\\/iha-race.com\\\/it\\\/negozio\\\/\"},{\"@type\":\"ListItem\",\"position\":3,\"name\":\"Connettore antenna FPV ad angolo retto RPSMA \\\/ SMA (2 pz.)\"}]},{\"@type\":\"WebSite\",\"@id\":\"https:\\\/\\\/iha-race.com\\\/it\\\/#website\",\"url\":\"https:\\\/\\\/iha-race.com\\\/it\\\/\",\"name\":\"Iha Race\",\"description\":\"Comprar drones de carreras FPV env\u00edos en un d\u00eda desde Espa\u00f1a\",\"publisher\":{\"@id\":\"https:\\\/\\\/iha-race.com\\\/it\\\/#organization\"},\"potentialAction\":[{\"@type\":\"SearchAction\",\"target\":{\"@type\":\"EntryPoint\",\"urlTemplate\":\"https:\\\/\\\/iha-race.com\\\/it\\\/?s={search_term_string}\"},\"query-input\":{\"@type\":\"PropertyValueSpecification\",\"valueRequired\":true,\"valueName\":\"search_term_string\"}}],\"inLanguage\":\"it-IT\"},{\"@type\":\"Organization\",\"@id\":\"https:\\\/\\\/iha-race.com\\\/it\\\/#organization\",\"name\":\"Iha Race\",\"url\":\"https:\\\/\\\/iha-race.com\\\/it\\\/\",\"logo\":{\"@type\":\"ImageObject\",\"inLanguage\":\"it-IT\",\"@id\":\"https:\\\/\\\/iha-race.com\\\/it\\\/#\\\/schema\\\/logo\\\/image\\\/\",\"url\":\"https:\\\/\\\/iha-race.com\\\/wp-content\\\/uploads\\\/2018\\\/07\\\/iha-race-drones-de-carreras-tienda-comprar-drones.png\",\"contentUrl\":\"https:\\\/\\\/iha-race.com\\\/wp-content\\\/uploads\\\/2018\\\/07\\\/iha-race-drones-de-carreras-tienda-comprar-drones.png\",\"width\":300,\"height\":100,\"caption\":\"Iha Race\"},\"image\":{\"@id\":\"https:\\\/\\\/iha-race.com\\\/it\\\/#\\\/schema\\\/logo\\\/image\\\/\"}}]}<\/script>\n<!-- \/ Yoast SEO plugin. -->","yoast_head_json":{"title":"Connettore antenna FPV ad angolo retto RPSMA \/ SMA (2 pz.) - Iha Race","robots":{"index":"noindex","follow":"follow"},"og_locale":"it_IT","og_type":"article","og_title":"Connettore antenna FPV ad angolo retto RPSMA \/ SMA (2 pz.) - Iha Race","og_description":"Connettore antenna FPV ad angolo retto RPSMA \/ SMA (2 pz.) &nbsp; Un design completamente nuovo, connettore antenna 5.8G per foto aeree FPV. Tutti i prodotti sono sottoposti a un","og_url":"https:\/\/iha-race.com\/it\/prodotto\/connettore-antenna-antenna-angolo-retto-fpv-rpsma-femmina-sma-maschio-2-unita\/","og_site_name":"Iha Race","article_modified_time":"2026-03-21T18:37:38+00:00","og_image":[{"width":800,"height":800,"url":"https:\/\/iha-race.com\/wp-content\/uploads\/2018\/07\/Conector-de-antenas-angulo-recto-FPV-RPSMA-SMA-comprar-barato-1.jpg","type":"image\/jpeg"}],"twitter_card":"summary_large_image","schema":{"@context":"https:\/\/schema.org","@graph":[{"@type":"WebPage","@id":"https:\/\/iha-race.com\/it\/prodotto\/connettore-antenna-antenna-angolo-retto-fpv-rpsma-femmina-sma-maschio-2-unita\/","url":"https:\/\/iha-race.com\/it\/prodotto\/connettore-antenna-antenna-angolo-retto-fpv-rpsma-femmina-sma-maschio-2-unita\/","name":"Connettore antenna FPV ad angolo retto RPSMA \/ SMA (2 pz.) - Iha Race","isPartOf":{"@id":"https:\/\/iha-race.com\/it\/#website"},"primaryImageOfPage":{"@id":"https:\/\/iha-race.com\/it\/prodotto\/connettore-antenna-antenna-angolo-retto-fpv-rpsma-femmina-sma-maschio-2-unita\/#primaryimage"},"image":{"@id":"https:\/\/iha-race.com\/it\/prodotto\/connettore-antenna-antenna-angolo-retto-fpv-rpsma-femmina-sma-maschio-2-unita\/#primaryimage"},"thumbnailUrl":"https:\/\/iha-race.com\/wp-content\/uploads\/2018\/07\/Conector-de-antenas-angulo-recto-FPV-RPSMA-SMA-comprar-barato-1.jpg","datePublished":"2018-07-25T06:35:56+00:00","dateModified":"2026-03-21T18:37:38+00:00","breadcrumb":{"@id":"https:\/\/iha-race.com\/it\/prodotto\/connettore-antenna-antenna-angolo-retto-fpv-rpsma-femmina-sma-maschio-2-unita\/#breadcrumb"},"inLanguage":"it-IT","potentialAction":[{"@type":"ReadAction","target":["https:\/\/iha-race.com\/it\/prodotto\/connettore-antenna-antenna-angolo-retto-fpv-rpsma-femmina-sma-maschio-2-unita\/"]}]},{"@type":"ImageObject","inLanguage":"it-IT","@id":"https:\/\/iha-race.com\/it\/prodotto\/connettore-antenna-antenna-angolo-retto-fpv-rpsma-femmina-sma-maschio-2-unita\/#primaryimage","url":"https:\/\/iha-race.com\/wp-content\/uploads\/2018\/07\/Conector-de-antenas-angulo-recto-FPV-RPSMA-SMA-comprar-barato-1.jpg","contentUrl":"https:\/\/iha-race.com\/wp-content\/uploads\/2018\/07\/Conector-de-antenas-angulo-recto-FPV-RPSMA-SMA-comprar-barato-1.jpg","width":800,"height":800,"caption":"Connettore-antenna ad angolo diretto-FPV-RPSMA-SMA-acquista-prezzo"},{"@type":"BreadcrumbList","@id":"https:\/\/iha-race.com\/it\/prodotto\/connettore-antenna-antenna-angolo-retto-fpv-rpsma-femmina-sma-maschio-2-unita\/#breadcrumb","itemListElement":[{"@type":"ListItem","position":1,"name":"Portada","item":"https:\/\/iha-race.com\/it\/"},{"@type":"ListItem","position":2,"name":"Negozio","item":"https:\/\/iha-race.com\/it\/negozio\/"},{"@type":"ListItem","position":3,"name":"Connettore antenna FPV ad angolo retto RPSMA \/ SMA (2 pz.)"}]},{"@type":"WebSite","@id":"https:\/\/iha-race.com\/it\/#website","url":"https:\/\/iha-race.com\/it\/","name":"Iha Race","description":"Comprar drones de carreras FPV env\u00edos en un d\u00eda desde Espa\u00f1a","publisher":{"@id":"https:\/\/iha-race.com\/it\/#organization"},"potentialAction":[{"@type":"SearchAction","target":{"@type":"EntryPoint","urlTemplate":"https:\/\/iha-race.com\/it\/?s={search_term_string}"},"query-input":{"@type":"PropertyValueSpecification","valueRequired":true,"valueName":"search_term_string"}}],"inLanguage":"it-IT"},{"@type":"Organization","@id":"https:\/\/iha-race.com\/it\/#organization","name":"Iha Race","url":"https:\/\/iha-race.com\/it\/","logo":{"@type":"ImageObject","inLanguage":"it-IT","@id":"https:\/\/iha-race.com\/it\/#\/schema\/logo\/image\/","url":"https:\/\/iha-race.com\/wp-content\/uploads\/2018\/07\/iha-race-drones-de-carreras-tienda-comprar-drones.png","contentUrl":"https:\/\/iha-race.com\/wp-content\/uploads\/2018\/07\/iha-race-drones-de-carreras-tienda-comprar-drones.png","width":300,"height":100,"caption":"Iha Race"},"image":{"@id":"https:\/\/iha-race.com\/it\/#\/schema\/logo\/image\/"}}]}},"brands":[{"id":3586,"name":"IHA Race","slug":"iha-race"}],"_links":{"self":[{"href":"https:\/\/iha-race.com\/it\/wp-json\/wp\/v2\/product\/111782","targetHints":{"allow":["GET"]}}],"collection":[{"href":"https:\/\/iha-race.com\/it\/wp-json\/wp\/v2\/product"}],"about":[{"href":"https:\/\/iha-race.com\/it\/wp-json\/wp\/v2\/types\/product"}],"replies":[{"embeddable":true,"href":"https:\/\/iha-race.com\/it\/wp-json\/wp\/v2\/comments?post=111782"}],"version-history":[{"count":1,"href":"https:\/\/iha-race.com\/it\/wp-json\/wp\/v2\/product\/111782\/revisions"}],"predecessor-version":[{"id":250469,"href":"https:\/\/iha-race.com\/it\/wp-json\/wp\/v2\/product\/111782\/revisions\/250469"}],"wp:featuredmedia":[{"embeddable":true,"href":"https:\/\/iha-race.com\/it\/wp-json\/wp\/v2\/media\/93673"}],"wp:attachment":[{"href":"https:\/\/iha-race.com\/it\/wp-json\/wp\/v2\/media?parent=111782"}],"wp:term":[{"taxonomy":"pwb-brand","embeddable":true,"href":"https:\/\/iha-race.com\/it\/wp-json\/wp\/v2\/pwb-brand?post=111782"},{"taxonomy":"product_cat","embeddable":true,"href":"https:\/\/iha-race.com\/it\/wp-json\/wp\/v2\/product_cat?post=111782"},{"taxonomy":"product_tag","embeddable":true,"href":"https:\/\/iha-race.com\/it\/wp-json\/wp\/v2\/product_tag?post=111782"}],"curies":[{"name":"wp","href":"https:\/\/api.w.org\/{rel}","templated":true}]}}