{"id":111776,"date":"2018-07-24T09:37:13","date_gmt":"2018-07-24T07:37:13","guid":{"rendered":"https:\/\/iha-race.com\/producto\/vite-a-brugola-inox-m3-10-pz\/"},"modified":"2026-03-21T19:38:54","modified_gmt":"2026-03-21T18:38:54","slug":"vite-inox-allen-m3-10-unita","status":"publish","type":"product","link":"https:\/\/iha-race.com\/it\/prodotto\/vite-inox-allen-m3-10-unita\/","title":{"rendered":"Vite a brugola INOX M3 (10 pz.)"},"content":{"rendered":"<h2>Vite a testa esagonale INOX M3 ( 10 pz )<\/h2>\n<p><strong>Metrico M3 da scegliere:<\/strong><\/p>\n<ul>\n<li>M3x3 mm<\/li>\n<li>M3x4 mm<\/li>\n<li>M3x6 mm<\/li>\n<li>M3x8 mm<\/li>\n<li>M3x10 mm<\/li>\n<li>M3x12 mm<\/li>\n<li>M3x14 mm<\/li>\n<li>M3x16 mm<\/li>\n<li>M3x20 mm<\/li>\n<li>M3x25 mm<\/li>\n<li>M3x30 mm<\/li>\n<li>M3x40 mm<\/li>\n<\/ul>\n","protected":false},"excerpt":{"rendered":"<p>Vite a testa esagonale INOX M3 ( 10 pz ) Metrico M3 da scegliere: M3x3 mm M3x4 mm M3x6 mm M3x8 mm M3x10 mm M3x12 mm M3x14 mm M3x16 mm<\/p>\n","protected":false},"featured_media":94821,"comment_status":"open","ping_status":"closed","template":"","meta":{"_joinchat":[]},"pwb-brand":[3586],"product_cat":[1106,1247],"product_tag":[],"class_list":{"0":"post-111776","1":"product","2":"type-product","3":"status-publish","4":"has-post-thumbnail","6":"pwb-brand-iha-race","7":"product_cat-accessori","8":"product_cat--viti","10":"first","11":"instock","12":"taxable","13":"shipping-taxable","14":"purchasable","15":"product-type-variable"},"barcode":null,"atum_controlled":true,"out_stock_date":null,"out_stock_threshold":null,"inheritable":true,"stock_on_hold":0,"sold_today":0,"sales_last_days":7,"out_stock_days":0,"lost_sales":0,"update_date":"2026-04-10T13:43:30","atum_locations":[],"atum_stock_status":"instock","restock_status":false,"low_stock_amount":"","sales_update_date":"2026-04-08T10:17:16","calc_backorders":null,"yoast_head":"<!-- This site is optimized with the Yoast SEO plugin v27.3 - https:\/\/yoast.com\/product\/yoast-seo-wordpress\/ -->\n<title>Vite a brugola INOX M3 (10 pz.) - Iha Race<\/title>\n<meta name=\"robots\" content=\"noindex, follow\" \/>\n<meta property=\"og:locale\" content=\"it_IT\" \/>\n<meta property=\"og:type\" content=\"article\" \/>\n<meta property=\"og:title\" content=\"Vite a brugola INOX M3 (10 pz.) - Iha Race\" \/>\n<meta property=\"og:description\" content=\"Vite a testa esagonale INOX M3 ( 10 pz ) Metrico M3 da scegliere: M3x3 mm M3x4 mm M3x6 mm M3x8 mm M3x10 mm M3x12 mm M3x14 mm M3x16 mm\" \/>\n<meta property=\"og:url\" content=\"https:\/\/iha-race.com\/it\/prodotto\/vite-inox-allen-m3-10-unita\/\" \/>\n<meta property=\"og:site_name\" content=\"Iha Race\" \/>\n<meta property=\"article:modified_time\" content=\"2026-03-21T18:38:54+00:00\" \/>\n<meta property=\"og:image\" content=\"https:\/\/iha-race.com\/wp-content\/uploads\/2018\/07\/tornillo-acero-inoxidable-allen-cabeza-gota-M3-1.jpg\" \/>\n\t<meta property=\"og:image:width\" content=\"800\" \/>\n\t<meta property=\"og:image:height\" content=\"800\" \/>\n\t<meta property=\"og:image:type\" content=\"image\/jpeg\" \/>\n<meta name=\"twitter:card\" content=\"summary_large_image\" \/>\n<script type=\"application\/ld+json\" class=\"yoast-schema-graph\">{\"@context\":\"https:\\\/\\\/schema.org\",\"@graph\":[{\"@type\":\"WebPage\",\"@id\":\"https:\\\/\\\/iha-race.com\\\/it\\\/prodotto\\\/vite-inox-allen-m3-10-unita\\\/\",\"url\":\"https:\\\/\\\/iha-race.com\\\/it\\\/prodotto\\\/vite-inox-allen-m3-10-unita\\\/\",\"name\":\"Vite a brugola INOX M3 (10 pz.) - Iha Race\",\"isPartOf\":{\"@id\":\"https:\\\/\\\/iha-race.com\\\/it\\\/#website\"},\"primaryImageOfPage\":{\"@id\":\"https:\\\/\\\/iha-race.com\\\/it\\\/prodotto\\\/vite-inox-allen-m3-10-unita\\\/#primaryimage\"},\"image\":{\"@id\":\"https:\\\/\\\/iha-race.com\\\/it\\\/prodotto\\\/vite-inox-allen-m3-10-unita\\\/#primaryimage\"},\"thumbnailUrl\":\"https:\\\/\\\/iha-race.com\\\/wp-content\\\/uploads\\\/2018\\\/07\\\/tornillo-acero-inoxidable-allen-cabeza-gota-M3-1.jpg\",\"datePublished\":\"2018-07-24T07:37:13+00:00\",\"dateModified\":\"2026-03-21T18:38:54+00:00\",\"breadcrumb\":{\"@id\":\"https:\\\/\\\/iha-race.com\\\/it\\\/prodotto\\\/vite-inox-allen-m3-10-unita\\\/#breadcrumb\"},\"inLanguage\":\"it-IT\",\"potentialAction\":[{\"@type\":\"ReadAction\",\"target\":[\"https:\\\/\\\/iha-race.com\\\/it\\\/prodotto\\\/vite-inox-allen-m3-10-unita\\\/\"]}]},{\"@type\":\"ImageObject\",\"inLanguage\":\"it-IT\",\"@id\":\"https:\\\/\\\/iha-race.com\\\/it\\\/prodotto\\\/vite-inox-allen-m3-10-unita\\\/#primaryimage\",\"url\":\"https:\\\/\\\/iha-race.com\\\/wp-content\\\/uploads\\\/2018\\\/07\\\/tornillo-acero-inoxidable-allen-cabeza-gota-M3-1.jpg\",\"contentUrl\":\"https:\\\/\\\/iha-race.com\\\/wp-content\\\/uploads\\\/2018\\\/07\\\/tornillo-acero-inoxidable-allen-cabeza-gota-M3-1.jpg\",\"width\":800,\"height\":800,\"caption\":\"acciaio inox-vite-allen-testa-vite-goccia-M3\"},{\"@type\":\"BreadcrumbList\",\"@id\":\"https:\\\/\\\/iha-race.com\\\/it\\\/prodotto\\\/vite-inox-allen-m3-10-unita\\\/#breadcrumb\",\"itemListElement\":[{\"@type\":\"ListItem\",\"position\":1,\"name\":\"Portada\",\"item\":\"https:\\\/\\\/iha-race.com\\\/it\\\/\"},{\"@type\":\"ListItem\",\"position\":2,\"name\":\"Negozio\",\"item\":\"https:\\\/\\\/iha-race.com\\\/it\\\/negozio\\\/\"},{\"@type\":\"ListItem\",\"position\":3,\"name\":\"Vite a brugola INOX M3 (10 pz.)\"}]},{\"@type\":\"WebSite\",\"@id\":\"https:\\\/\\\/iha-race.com\\\/it\\\/#website\",\"url\":\"https:\\\/\\\/iha-race.com\\\/it\\\/\",\"name\":\"Iha Race\",\"description\":\"Comprar drones de carreras FPV env\u00edos en un d\u00eda desde Espa\u00f1a\",\"publisher\":{\"@id\":\"https:\\\/\\\/iha-race.com\\\/it\\\/#organization\"},\"potentialAction\":[{\"@type\":\"SearchAction\",\"target\":{\"@type\":\"EntryPoint\",\"urlTemplate\":\"https:\\\/\\\/iha-race.com\\\/it\\\/?s={search_term_string}\"},\"query-input\":{\"@type\":\"PropertyValueSpecification\",\"valueRequired\":true,\"valueName\":\"search_term_string\"}}],\"inLanguage\":\"it-IT\"},{\"@type\":\"Organization\",\"@id\":\"https:\\\/\\\/iha-race.com\\\/it\\\/#organization\",\"name\":\"Iha Race\",\"url\":\"https:\\\/\\\/iha-race.com\\\/it\\\/\",\"logo\":{\"@type\":\"ImageObject\",\"inLanguage\":\"it-IT\",\"@id\":\"https:\\\/\\\/iha-race.com\\\/it\\\/#\\\/schema\\\/logo\\\/image\\\/\",\"url\":\"https:\\\/\\\/iha-race.com\\\/wp-content\\\/uploads\\\/2018\\\/07\\\/iha-race-drones-de-carreras-tienda-comprar-drones.png\",\"contentUrl\":\"https:\\\/\\\/iha-race.com\\\/wp-content\\\/uploads\\\/2018\\\/07\\\/iha-race-drones-de-carreras-tienda-comprar-drones.png\",\"width\":300,\"height\":100,\"caption\":\"Iha Race\"},\"image\":{\"@id\":\"https:\\\/\\\/iha-race.com\\\/it\\\/#\\\/schema\\\/logo\\\/image\\\/\"}}]}<\/script>\n<!-- \/ Yoast SEO plugin. -->","yoast_head_json":{"title":"Vite a brugola INOX M3 (10 pz.) - Iha Race","robots":{"index":"noindex","follow":"follow"},"og_locale":"it_IT","og_type":"article","og_title":"Vite a brugola INOX M3 (10 pz.) - Iha Race","og_description":"Vite a testa esagonale INOX M3 ( 10 pz ) Metrico M3 da scegliere: M3x3 mm M3x4 mm M3x6 mm M3x8 mm M3x10 mm M3x12 mm M3x14 mm M3x16 mm","og_url":"https:\/\/iha-race.com\/it\/prodotto\/vite-inox-allen-m3-10-unita\/","og_site_name":"Iha Race","article_modified_time":"2026-03-21T18:38:54+00:00","og_image":[{"width":800,"height":800,"url":"https:\/\/iha-race.com\/wp-content\/uploads\/2018\/07\/tornillo-acero-inoxidable-allen-cabeza-gota-M3-1.jpg","type":"image\/jpeg"}],"twitter_card":"summary_large_image","schema":{"@context":"https:\/\/schema.org","@graph":[{"@type":"WebPage","@id":"https:\/\/iha-race.com\/it\/prodotto\/vite-inox-allen-m3-10-unita\/","url":"https:\/\/iha-race.com\/it\/prodotto\/vite-inox-allen-m3-10-unita\/","name":"Vite a brugola INOX M3 (10 pz.) - Iha Race","isPartOf":{"@id":"https:\/\/iha-race.com\/it\/#website"},"primaryImageOfPage":{"@id":"https:\/\/iha-race.com\/it\/prodotto\/vite-inox-allen-m3-10-unita\/#primaryimage"},"image":{"@id":"https:\/\/iha-race.com\/it\/prodotto\/vite-inox-allen-m3-10-unita\/#primaryimage"},"thumbnailUrl":"https:\/\/iha-race.com\/wp-content\/uploads\/2018\/07\/tornillo-acero-inoxidable-allen-cabeza-gota-M3-1.jpg","datePublished":"2018-07-24T07:37:13+00:00","dateModified":"2026-03-21T18:38:54+00:00","breadcrumb":{"@id":"https:\/\/iha-race.com\/it\/prodotto\/vite-inox-allen-m3-10-unita\/#breadcrumb"},"inLanguage":"it-IT","potentialAction":[{"@type":"ReadAction","target":["https:\/\/iha-race.com\/it\/prodotto\/vite-inox-allen-m3-10-unita\/"]}]},{"@type":"ImageObject","inLanguage":"it-IT","@id":"https:\/\/iha-race.com\/it\/prodotto\/vite-inox-allen-m3-10-unita\/#primaryimage","url":"https:\/\/iha-race.com\/wp-content\/uploads\/2018\/07\/tornillo-acero-inoxidable-allen-cabeza-gota-M3-1.jpg","contentUrl":"https:\/\/iha-race.com\/wp-content\/uploads\/2018\/07\/tornillo-acero-inoxidable-allen-cabeza-gota-M3-1.jpg","width":800,"height":800,"caption":"acciaio inox-vite-allen-testa-vite-goccia-M3"},{"@type":"BreadcrumbList","@id":"https:\/\/iha-race.com\/it\/prodotto\/vite-inox-allen-m3-10-unita\/#breadcrumb","itemListElement":[{"@type":"ListItem","position":1,"name":"Portada","item":"https:\/\/iha-race.com\/it\/"},{"@type":"ListItem","position":2,"name":"Negozio","item":"https:\/\/iha-race.com\/it\/negozio\/"},{"@type":"ListItem","position":3,"name":"Vite a brugola INOX M3 (10 pz.)"}]},{"@type":"WebSite","@id":"https:\/\/iha-race.com\/it\/#website","url":"https:\/\/iha-race.com\/it\/","name":"Iha Race","description":"Comprar drones de carreras FPV env\u00edos en un d\u00eda desde Espa\u00f1a","publisher":{"@id":"https:\/\/iha-race.com\/it\/#organization"},"potentialAction":[{"@type":"SearchAction","target":{"@type":"EntryPoint","urlTemplate":"https:\/\/iha-race.com\/it\/?s={search_term_string}"},"query-input":{"@type":"PropertyValueSpecification","valueRequired":true,"valueName":"search_term_string"}}],"inLanguage":"it-IT"},{"@type":"Organization","@id":"https:\/\/iha-race.com\/it\/#organization","name":"Iha Race","url":"https:\/\/iha-race.com\/it\/","logo":{"@type":"ImageObject","inLanguage":"it-IT","@id":"https:\/\/iha-race.com\/it\/#\/schema\/logo\/image\/","url":"https:\/\/iha-race.com\/wp-content\/uploads\/2018\/07\/iha-race-drones-de-carreras-tienda-comprar-drones.png","contentUrl":"https:\/\/iha-race.com\/wp-content\/uploads\/2018\/07\/iha-race-drones-de-carreras-tienda-comprar-drones.png","width":300,"height":100,"caption":"Iha Race"},"image":{"@id":"https:\/\/iha-race.com\/it\/#\/schema\/logo\/image\/"}}]}},"brands":[{"id":3586,"name":"IHA Race","slug":"iha-race"}],"_links":{"self":[{"href":"https:\/\/iha-race.com\/it\/wp-json\/wp\/v2\/product\/111776","targetHints":{"allow":["GET"]}}],"collection":[{"href":"https:\/\/iha-race.com\/it\/wp-json\/wp\/v2\/product"}],"about":[{"href":"https:\/\/iha-race.com\/it\/wp-json\/wp\/v2\/types\/product"}],"replies":[{"embeddable":true,"href":"https:\/\/iha-race.com\/it\/wp-json\/wp\/v2\/comments?post=111776"}],"version-history":[{"count":1,"href":"https:\/\/iha-race.com\/it\/wp-json\/wp\/v2\/product\/111776\/revisions"}],"predecessor-version":[{"id":210740,"href":"https:\/\/iha-race.com\/it\/wp-json\/wp\/v2\/product\/111776\/revisions\/210740"}],"wp:featuredmedia":[{"embeddable":true,"href":"https:\/\/iha-race.com\/it\/wp-json\/wp\/v2\/media\/94821"}],"wp:attachment":[{"href":"https:\/\/iha-race.com\/it\/wp-json\/wp\/v2\/media?parent=111776"}],"wp:term":[{"taxonomy":"pwb-brand","embeddable":true,"href":"https:\/\/iha-race.com\/it\/wp-json\/wp\/v2\/pwb-brand?post=111776"},{"taxonomy":"product_cat","embeddable":true,"href":"https:\/\/iha-race.com\/it\/wp-json\/wp\/v2\/product_cat?post=111776"},{"taxonomy":"product_tag","embeddable":true,"href":"https:\/\/iha-race.com\/it\/wp-json\/wp\/v2\/product_tag?post=111776"}],"curies":[{"name":"wp","href":"https:\/\/api.w.org\/{rel}","templated":true}]}}