{"id":111694,"date":"2021-04-23T22:00:32","date_gmt":"2021-04-23T20:00:32","guid":{"rendered":"https:\/\/iha-race.com\/producto\/set-di-cacciaviti-ad-alta-precisione-jakemy-48-pezzi\/"},"modified":"2024-08-29T12:27:23","modified_gmt":"2024-08-29T10:27:23","slug":"jakemy-box-di-cacciaviti-di-alta-precisione-48-pezzi","status":"publish","type":"product","link":"https:\/\/iha-race.com\/it\/prodotto\/jakemy-box-di-cacciaviti-di-alta-precisione-48-pezzi\/","title":{"rendered":"Set di cacciaviti ad alta precisione JAKEMY (48 pezzi)"},"content":{"rendered":"<h2>Set di cacciaviti ad alta precisione JAKEMY (48 pezzi)<\/h2>\n<p>  La scatola di cacciaviti Jakemy JM-6124 \u00e8 dotata di 45 tipi di teste di cacciavite in ferro, resistenti e durevoli. Questo set di cacciaviti \u00e8 stato progettato specificamente per coloro che desiderano aprire facilmente il corpo delle apparecchiature elettroniche. Il set \u00e8 dotato di una scatola per riporre la testa del cacciavite in un design leggero e facile da trasportare ovunque. Tutte le attrezzature jakemy sono realizzate con materiale al cromo vanadio, ferro di altissima qualit\u00e0. Questo kit di attrezzi comprende anche una mini pinza o barra trasversale, utile per facilitare la rimozione dei chiodi montati nel muro, e una serie di modelli di cacciavite a occhio, molto utili per regolare le dimensioni dei bulloni che dovrai allentare, come ad esempio fiore, minud, slot, torx, ecc.  <img fetchpriority=\"high\" decoding=\"async\" class=\"alignnone wp-image-63469 size-full\" src=\"https:\/\/iha-race.com\/wp-content\/uploads\/2018\/07\/Tamano.jpg\" alt=\"\" width=\"800\" height=\"800\" srcset=\"https:\/\/iha-race.com\/wp-content\/uploads\/2018\/07\/Tamano.jpg 800w, https:\/\/iha-race.com\/wp-content\/uploads\/2018\/07\/Tamano-300x300.jpg 300w, https:\/\/iha-race.com\/wp-content\/uploads\/2018\/07\/Tamano-1024x1024.jpg 1024w, https:\/\/iha-race.com\/wp-content\/uploads\/2018\/07\/Tamano-150x150.jpg 150w, https:\/\/iha-race.com\/wp-content\/uploads\/2018\/07\/Tamano-768x768.jpg 768w, https:\/\/iha-race.com\/wp-content\/uploads\/2018\/07\/Tamano-1536x1536.jpg 1536w, https:\/\/iha-race.com\/wp-content\/uploads\/2018\/07\/Tamano-2048x2048.jpg 2048w, https:\/\/iha-race.com\/wp-content\/uploads\/2018\/07\/Tamano-100x100.jpg 100w, https:\/\/iha-race.com\/wp-content\/uploads\/2018\/07\/Tamano-350x350.jpg 350w, https:\/\/iha-race.com\/wp-content\/uploads\/2018\/07\/Tamano-788x788.jpg 788w, https:\/\/iha-race.com\/wp-content\/uploads\/2018\/07\/Tamano-600x600.jpg 600w, https:\/\/iha-race.com\/wp-content\/uploads\/2018\/07\/Tamano-135x135.jpg 135w\" sizes=\"(max-width: 800px) 100vw, 800px\" \/><img decoding=\"async\" class=\"alignnone wp-image-63470 size-full\" src=\"https:\/\/iha-race.com\/wp-content\/uploads\/2018\/07\/mango-y-puntas.jpg\" alt=\"\" width=\"800\" height=\"800\" srcset=\"https:\/\/iha-race.com\/wp-content\/uploads\/2018\/07\/mango-y-puntas.jpg 800w, https:\/\/iha-race.com\/wp-content\/uploads\/2018\/07\/mango-y-puntas-300x300.jpg 300w, https:\/\/iha-race.com\/wp-content\/uploads\/2018\/07\/mango-y-puntas-1024x1024.jpg 1024w, https:\/\/iha-race.com\/wp-content\/uploads\/2018\/07\/mango-y-puntas-150x150.jpg 150w, https:\/\/iha-race.com\/wp-content\/uploads\/2018\/07\/mango-y-puntas-768x768.jpg 768w, https:\/\/iha-race.com\/wp-content\/uploads\/2018\/07\/mango-y-puntas-1536x1536.jpg 1536w, https:\/\/iha-race.com\/wp-content\/uploads\/2018\/07\/mango-y-puntas-2048x2048.jpg 2048w, https:\/\/iha-race.com\/wp-content\/uploads\/2018\/07\/mango-y-puntas-100x100.jpg 100w, https:\/\/iha-race.com\/wp-content\/uploads\/2018\/07\/mango-y-puntas-350x350.jpg 350w, https:\/\/iha-race.com\/wp-content\/uploads\/2018\/07\/mango-y-puntas-788x788.jpg 788w, https:\/\/iha-race.com\/wp-content\/uploads\/2018\/07\/mango-y-puntas-600x600.jpg 600w, https:\/\/iha-race.com\/wp-content\/uploads\/2018\/07\/mango-y-puntas-135x135.jpg 135w\" sizes=\"(max-width: 800px) 100vw, 800px\" \/> <img decoding=\"async\" class=\"alignnone wp-image-63471 size-full\" src=\"https:\/\/iha-race.com\/wp-content\/uploads\/2018\/07\/incluido.jpg\" alt=\"\" width=\"800\" height=\"800\" srcset=\"https:\/\/iha-race.com\/wp-content\/uploads\/2018\/07\/incluido.jpg 800w, https:\/\/iha-race.com\/wp-content\/uploads\/2018\/07\/incluido-300x300.jpg 300w, https:\/\/iha-race.com\/wp-content\/uploads\/2018\/07\/incluido-1024x1024.jpg 1024w, https:\/\/iha-race.com\/wp-content\/uploads\/2018\/07\/incluido-150x150.jpg 150w, https:\/\/iha-race.com\/wp-content\/uploads\/2018\/07\/incluido-768x768.jpg 768w, https:\/\/iha-race.com\/wp-content\/uploads\/2018\/07\/incluido-1536x1536.jpg 1536w, https:\/\/iha-race.com\/wp-content\/uploads\/2018\/07\/incluido-2048x2048.jpg 2048w, https:\/\/iha-race.com\/wp-content\/uploads\/2018\/07\/incluido-100x100.jpg 100w, https:\/\/iha-race.com\/wp-content\/uploads\/2018\/07\/incluido-350x350.jpg 350w, https:\/\/iha-race.com\/wp-content\/uploads\/2018\/07\/incluido-788x788.jpg 788w, https:\/\/iha-race.com\/wp-content\/uploads\/2018\/07\/incluido-600x600.jpg 600w, https:\/\/iha-race.com\/wp-content\/uploads\/2018\/07\/incluido-135x135.jpg 135w\" sizes=\"(max-width: 800px) 100vw, 800px\" \/><\/p>\n<h2>Il pacchetto comprende:<\/h2>\n<ul>\n<li>1 x impugnatura del cacciavite<\/li>\n<li>45 x Suggerimenti<\/li>\n<li>1 x barra di leva<\/li>\n<li>1 x barra di estensione<\/li>\n<li>1 x Scatola<\/li>\n<\/ul>\n","protected":false},"excerpt":{"rendered":"<p>Set di cacciaviti ad alta precisione JAKEMY (48 pezzi) La scatola di cacciaviti Jakemy JM-6124 \u00e8 dotata di 45 tipi di teste di cacciavite in ferro, resistenti e durevoli. Questo<\/p>\n","protected":false},"featured_media":99175,"comment_status":"open","ping_status":"closed","template":"","meta":{"_joinchat":[]},"pwb-brand":[],"product_cat":[1106,1135],"product_tag":[],"class_list":{"0":"post-111694","1":"product","2":"type-product","3":"status-publish","4":"has-post-thumbnail","6":"product_cat-accessori","7":"product_cat--strumenti-e-saldatura","9":"first","10":"instock","11":"taxable","12":"shipping-taxable","13":"purchasable","14":"product-type-simple"},"barcode":null,"atum_controlled":true,"out_stock_date":null,"out_stock_threshold":null,"inheritable":false,"stock_on_hold":0,"sold_today":0,"sales_last_days":0,"out_stock_days":0,"lost_sales":0,"update_date":"2026-04-18T19:10:49","atum_locations":[],"atum_stock_status":"instock","restock_status":false,"low_stock_amount":"","sales_update_date":"2026-04-18T19:10:49","calc_backorders":null,"yoast_head":"<!-- This site is optimized with the Yoast SEO plugin v27.3 - https:\/\/yoast.com\/product\/yoast-seo-wordpress\/ -->\n<title>Set di cacciaviti ad alta precisione JAKEMY (48 pezzi) - Iha Race<\/title>\n<meta name=\"robots\" content=\"index, follow, max-snippet:-1, max-image-preview:large, max-video-preview:-1\" \/>\n<link rel=\"canonical\" href=\"https:\/\/iha-race.com\/it\/prodotto\/jakemy-box-di-cacciaviti-di-alta-precisione-48-pezzi\/\" \/>\n<meta property=\"og:locale\" content=\"it_IT\" \/>\n<meta property=\"og:type\" content=\"article\" \/>\n<meta property=\"og:title\" content=\"Set di cacciaviti ad alta precisione JAKEMY (48 pezzi) - Iha Race\" \/>\n<meta property=\"og:description\" content=\"Set di cacciaviti ad alta precisione JAKEMY (48 pezzi) La scatola di cacciaviti Jakemy JM-6124 \u00e8 dotata di 45 tipi di teste di cacciavite in ferro, resistenti e durevoli. Questo\" \/>\n<meta property=\"og:url\" content=\"https:\/\/iha-race.com\/it\/prodotto\/jakemy-box-di-cacciaviti-di-alta-precisione-48-pezzi\/\" \/>\n<meta property=\"og:site_name\" content=\"Iha Race\" \/>\n<meta property=\"article:modified_time\" content=\"2024-08-29T10:27:23+00:00\" \/>\n<meta property=\"og:image\" content=\"https:\/\/iha-race.com\/wp-content\/uploads\/2018\/07\/juego-de-destornilladores-48-piezas.jpg\" \/>\n\t<meta property=\"og:image:width\" content=\"800\" \/>\n\t<meta property=\"og:image:height\" content=\"800\" \/>\n\t<meta property=\"og:image:type\" content=\"image\/jpeg\" \/>\n<meta name=\"twitter:card\" content=\"summary_large_image\" \/>\n<meta name=\"twitter:label1\" content=\"Tempo di lettura stimato\" \/>\n\t<meta name=\"twitter:data1\" content=\"1 minuto\" \/>\n<script type=\"application\/ld+json\" class=\"yoast-schema-graph\">{\"@context\":\"https:\\\/\\\/schema.org\",\"@graph\":[{\"@type\":\"WebPage\",\"@id\":\"https:\\\/\\\/iha-race.com\\\/it\\\/prodotto\\\/jakemy-box-di-cacciaviti-di-alta-precisione-48-pezzi\\\/\",\"url\":\"https:\\\/\\\/iha-race.com\\\/it\\\/prodotto\\\/jakemy-box-di-cacciaviti-di-alta-precisione-48-pezzi\\\/\",\"name\":\"Set di cacciaviti ad alta precisione JAKEMY (48 pezzi) - Iha Race\",\"isPartOf\":{\"@id\":\"https:\\\/\\\/iha-race.com\\\/it\\\/#website\"},\"primaryImageOfPage\":{\"@id\":\"https:\\\/\\\/iha-race.com\\\/it\\\/prodotto\\\/jakemy-box-di-cacciaviti-di-alta-precisione-48-pezzi\\\/#primaryimage\"},\"image\":{\"@id\":\"https:\\\/\\\/iha-race.com\\\/it\\\/prodotto\\\/jakemy-box-di-cacciaviti-di-alta-precisione-48-pezzi\\\/#primaryimage\"},\"thumbnailUrl\":\"https:\\\/\\\/iha-race.com\\\/wp-content\\\/uploads\\\/2018\\\/07\\\/juego-de-destornilladores-48-piezas.jpg\",\"datePublished\":\"2021-04-23T20:00:32+00:00\",\"dateModified\":\"2024-08-29T10:27:23+00:00\",\"breadcrumb\":{\"@id\":\"https:\\\/\\\/iha-race.com\\\/it\\\/prodotto\\\/jakemy-box-di-cacciaviti-di-alta-precisione-48-pezzi\\\/#breadcrumb\"},\"inLanguage\":\"it-IT\",\"potentialAction\":[{\"@type\":\"ReadAction\",\"target\":[\"https:\\\/\\\/iha-race.com\\\/it\\\/prodotto\\\/jakemy-box-di-cacciaviti-di-alta-precisione-48-pezzi\\\/\"]}]},{\"@type\":\"ImageObject\",\"inLanguage\":\"it-IT\",\"@id\":\"https:\\\/\\\/iha-race.com\\\/it\\\/prodotto\\\/jakemy-box-di-cacciaviti-di-alta-precisione-48-pezzi\\\/#primaryimage\",\"url\":\"https:\\\/\\\/iha-race.com\\\/wp-content\\\/uploads\\\/2018\\\/07\\\/juego-de-destornilladores-48-piezas.jpg\",\"contentUrl\":\"https:\\\/\\\/iha-race.com\\\/wp-content\\\/uploads\\\/2018\\\/07\\\/juego-de-destornilladores-48-piezas.jpg\",\"width\":800,\"height\":800,\"caption\":\"acquistare il set di cacciaviti pi\u00f9 economico 48 pezzi\"},{\"@type\":\"BreadcrumbList\",\"@id\":\"https:\\\/\\\/iha-race.com\\\/it\\\/prodotto\\\/jakemy-box-di-cacciaviti-di-alta-precisione-48-pezzi\\\/#breadcrumb\",\"itemListElement\":[{\"@type\":\"ListItem\",\"position\":1,\"name\":\"Portada\",\"item\":\"https:\\\/\\\/iha-race.com\\\/it\\\/\"},{\"@type\":\"ListItem\",\"position\":2,\"name\":\"Negozio\",\"item\":\"https:\\\/\\\/iha-race.com\\\/it\\\/negozio\\\/\"},{\"@type\":\"ListItem\",\"position\":3,\"name\":\"Set di cacciaviti ad alta precisione JAKEMY (48 pezzi)\"}]},{\"@type\":\"WebSite\",\"@id\":\"https:\\\/\\\/iha-race.com\\\/it\\\/#website\",\"url\":\"https:\\\/\\\/iha-race.com\\\/it\\\/\",\"name\":\"Iha Race\",\"description\":\"Comprar drones de carreras FPV env\u00edos en un d\u00eda desde Espa\u00f1a\",\"publisher\":{\"@id\":\"https:\\\/\\\/iha-race.com\\\/it\\\/#organization\"},\"potentialAction\":[{\"@type\":\"SearchAction\",\"target\":{\"@type\":\"EntryPoint\",\"urlTemplate\":\"https:\\\/\\\/iha-race.com\\\/it\\\/?s={search_term_string}\"},\"query-input\":{\"@type\":\"PropertyValueSpecification\",\"valueRequired\":true,\"valueName\":\"search_term_string\"}}],\"inLanguage\":\"it-IT\"},{\"@type\":\"Organization\",\"@id\":\"https:\\\/\\\/iha-race.com\\\/it\\\/#organization\",\"name\":\"Iha Race\",\"url\":\"https:\\\/\\\/iha-race.com\\\/it\\\/\",\"logo\":{\"@type\":\"ImageObject\",\"inLanguage\":\"it-IT\",\"@id\":\"https:\\\/\\\/iha-race.com\\\/it\\\/#\\\/schema\\\/logo\\\/image\\\/\",\"url\":\"https:\\\/\\\/iha-race.com\\\/wp-content\\\/uploads\\\/2018\\\/07\\\/iha-race-drones-de-carreras-tienda-comprar-drones.png\",\"contentUrl\":\"https:\\\/\\\/iha-race.com\\\/wp-content\\\/uploads\\\/2018\\\/07\\\/iha-race-drones-de-carreras-tienda-comprar-drones.png\",\"width\":300,\"height\":100,\"caption\":\"Iha Race\"},\"image\":{\"@id\":\"https:\\\/\\\/iha-race.com\\\/it\\\/#\\\/schema\\\/logo\\\/image\\\/\"}}]}<\/script>\n<!-- \/ Yoast SEO plugin. -->","yoast_head_json":{"title":"Set di cacciaviti ad alta precisione JAKEMY (48 pezzi) - Iha Race","robots":{"index":"index","follow":"follow","max-snippet":"max-snippet:-1","max-image-preview":"max-image-preview:large","max-video-preview":"max-video-preview:-1"},"canonical":"https:\/\/iha-race.com\/it\/prodotto\/jakemy-box-di-cacciaviti-di-alta-precisione-48-pezzi\/","og_locale":"it_IT","og_type":"article","og_title":"Set di cacciaviti ad alta precisione JAKEMY (48 pezzi) - Iha Race","og_description":"Set di cacciaviti ad alta precisione JAKEMY (48 pezzi) La scatola di cacciaviti Jakemy JM-6124 \u00e8 dotata di 45 tipi di teste di cacciavite in ferro, resistenti e durevoli. Questo","og_url":"https:\/\/iha-race.com\/it\/prodotto\/jakemy-box-di-cacciaviti-di-alta-precisione-48-pezzi\/","og_site_name":"Iha Race","article_modified_time":"2024-08-29T10:27:23+00:00","og_image":[{"width":800,"height":800,"url":"https:\/\/iha-race.com\/wp-content\/uploads\/2018\/07\/juego-de-destornilladores-48-piezas.jpg","type":"image\/jpeg"}],"twitter_card":"summary_large_image","twitter_misc":{"Tempo di lettura stimato":"1 minuto"},"schema":{"@context":"https:\/\/schema.org","@graph":[{"@type":"WebPage","@id":"https:\/\/iha-race.com\/it\/prodotto\/jakemy-box-di-cacciaviti-di-alta-precisione-48-pezzi\/","url":"https:\/\/iha-race.com\/it\/prodotto\/jakemy-box-di-cacciaviti-di-alta-precisione-48-pezzi\/","name":"Set di cacciaviti ad alta precisione JAKEMY (48 pezzi) - Iha Race","isPartOf":{"@id":"https:\/\/iha-race.com\/it\/#website"},"primaryImageOfPage":{"@id":"https:\/\/iha-race.com\/it\/prodotto\/jakemy-box-di-cacciaviti-di-alta-precisione-48-pezzi\/#primaryimage"},"image":{"@id":"https:\/\/iha-race.com\/it\/prodotto\/jakemy-box-di-cacciaviti-di-alta-precisione-48-pezzi\/#primaryimage"},"thumbnailUrl":"https:\/\/iha-race.com\/wp-content\/uploads\/2018\/07\/juego-de-destornilladores-48-piezas.jpg","datePublished":"2021-04-23T20:00:32+00:00","dateModified":"2024-08-29T10:27:23+00:00","breadcrumb":{"@id":"https:\/\/iha-race.com\/it\/prodotto\/jakemy-box-di-cacciaviti-di-alta-precisione-48-pezzi\/#breadcrumb"},"inLanguage":"it-IT","potentialAction":[{"@type":"ReadAction","target":["https:\/\/iha-race.com\/it\/prodotto\/jakemy-box-di-cacciaviti-di-alta-precisione-48-pezzi\/"]}]},{"@type":"ImageObject","inLanguage":"it-IT","@id":"https:\/\/iha-race.com\/it\/prodotto\/jakemy-box-di-cacciaviti-di-alta-precisione-48-pezzi\/#primaryimage","url":"https:\/\/iha-race.com\/wp-content\/uploads\/2018\/07\/juego-de-destornilladores-48-piezas.jpg","contentUrl":"https:\/\/iha-race.com\/wp-content\/uploads\/2018\/07\/juego-de-destornilladores-48-piezas.jpg","width":800,"height":800,"caption":"acquistare il set di cacciaviti pi\u00f9 economico 48 pezzi"},{"@type":"BreadcrumbList","@id":"https:\/\/iha-race.com\/it\/prodotto\/jakemy-box-di-cacciaviti-di-alta-precisione-48-pezzi\/#breadcrumb","itemListElement":[{"@type":"ListItem","position":1,"name":"Portada","item":"https:\/\/iha-race.com\/it\/"},{"@type":"ListItem","position":2,"name":"Negozio","item":"https:\/\/iha-race.com\/it\/negozio\/"},{"@type":"ListItem","position":3,"name":"Set di cacciaviti ad alta precisione JAKEMY (48 pezzi)"}]},{"@type":"WebSite","@id":"https:\/\/iha-race.com\/it\/#website","url":"https:\/\/iha-race.com\/it\/","name":"Iha Race","description":"Comprar drones de carreras FPV env\u00edos en un d\u00eda desde Espa\u00f1a","publisher":{"@id":"https:\/\/iha-race.com\/it\/#organization"},"potentialAction":[{"@type":"SearchAction","target":{"@type":"EntryPoint","urlTemplate":"https:\/\/iha-race.com\/it\/?s={search_term_string}"},"query-input":{"@type":"PropertyValueSpecification","valueRequired":true,"valueName":"search_term_string"}}],"inLanguage":"it-IT"},{"@type":"Organization","@id":"https:\/\/iha-race.com\/it\/#organization","name":"Iha Race","url":"https:\/\/iha-race.com\/it\/","logo":{"@type":"ImageObject","inLanguage":"it-IT","@id":"https:\/\/iha-race.com\/it\/#\/schema\/logo\/image\/","url":"https:\/\/iha-race.com\/wp-content\/uploads\/2018\/07\/iha-race-drones-de-carreras-tienda-comprar-drones.png","contentUrl":"https:\/\/iha-race.com\/wp-content\/uploads\/2018\/07\/iha-race-drones-de-carreras-tienda-comprar-drones.png","width":300,"height":100,"caption":"Iha Race"},"image":{"@id":"https:\/\/iha-race.com\/it\/#\/schema\/logo\/image\/"}}]}},"jetpack_sharing_enabled":true,"brands":[],"_links":{"self":[{"href":"https:\/\/iha-race.com\/it\/wp-json\/wp\/v2\/product\/111694","targetHints":{"allow":["GET"]}}],"collection":[{"href":"https:\/\/iha-race.com\/it\/wp-json\/wp\/v2\/product"}],"about":[{"href":"https:\/\/iha-race.com\/it\/wp-json\/wp\/v2\/types\/product"}],"replies":[{"embeddable":true,"href":"https:\/\/iha-race.com\/it\/wp-json\/wp\/v2\/comments?post=111694"}],"version-history":[{"count":1,"href":"https:\/\/iha-race.com\/it\/wp-json\/wp\/v2\/product\/111694\/revisions"}],"predecessor-version":[{"id":249527,"href":"https:\/\/iha-race.com\/it\/wp-json\/wp\/v2\/product\/111694\/revisions\/249527"}],"wp:featuredmedia":[{"embeddable":true,"href":"https:\/\/iha-race.com\/it\/wp-json\/wp\/v2\/media\/99175"}],"wp:attachment":[{"href":"https:\/\/iha-race.com\/it\/wp-json\/wp\/v2\/media?parent=111694"}],"wp:term":[{"taxonomy":"pwb-brand","embeddable":true,"href":"https:\/\/iha-race.com\/it\/wp-json\/wp\/v2\/pwb-brand?post=111694"},{"taxonomy":"product_cat","embeddable":true,"href":"https:\/\/iha-race.com\/it\/wp-json\/wp\/v2\/product_cat?post=111694"},{"taxonomy":"product_tag","embeddable":true,"href":"https:\/\/iha-race.com\/it\/wp-json\/wp\/v2\/product_tag?post=111694"}],"curies":[{"name":"wp","href":"https:\/\/api.w.org\/{rel}","templated":true}]}}