{"id":111669,"date":"2018-07-24T07:30:13","date_gmt":"2018-07-24T05:30:13","guid":{"rendered":"https:\/\/iha-race.com\/producto\/connettore-amass-xt60-coppia\/"},"modified":"2025-11-25T17:37:43","modified_gmt":"2025-11-25T16:37:43","slug":"connettore-amass-xt60-pair","status":"publish","type":"product","link":"https:\/\/iha-race.com\/it\/prodotto\/connettore-amass-xt60-pair\/","title":{"rendered":"Connettore Amass XT60 (coppia)"},"content":{"rendered":"<h2>Connettore Amass XT60 (coppia)<\/h2>\n<p>  Connettori XT60 per batterie LiPo. Realizzati in nylon di alta qualit\u00e0 e con connettori dorati da 4,5 mm, offrono connessioni solide per amperaggi elevati (+100A).  <\/p>\n<h2><strong>Caratteristiche:<\/strong><\/h2>\n<ul>\n<li>Connettori XT60 per batterie LiPo<\/li>\n<li>Realizzato in nylon di alta qualit\u00e0 e connettori placcati in oro da 4,5 mm<\/li>\n<li>forniscono connessioni solide per amperaggi elevati (+100A).<\/li>\n<li>Connessione robusta<\/li>\n<li>Resistenza a temperature fino a 80 \u00b0C<\/li>\n<\/ul>\n<h3>Il pacchetto comprende:<\/h3>\n<ul>\n<li>1 x coppia di connettori Amass XT60<\/li>\n<\/ul>\n<p>&nbsp;<\/p>\n<p>&nbsp;<\/p>\n","protected":false},"excerpt":{"rendered":"<p>Connettore Amass XT60 (coppia) Connettori XT60 per batterie LiPo. Realizzati in nylon di alta qualit\u00e0 e con connettori dorati da 4,5 mm, offrono connessioni solide per amperaggi elevati (+100A). Caratteristiche:<\/p>\n","protected":false},"featured_media":95775,"comment_status":"open","ping_status":"closed","template":"","meta":{"_joinchat":[]},"pwb-brand":[],"product_cat":[1106,1137],"product_tag":[],"class_list":{"0":"post-111669","1":"product","2":"type-product","3":"status-publish","4":"has-post-thumbnail","6":"product_cat-accessori","7":"product_cat-connettori","9":"first","10":"instock","11":"taxable","12":"shipping-taxable","13":"purchasable","14":"product-type-simple"},"barcode":null,"atum_controlled":true,"out_stock_date":null,"out_stock_threshold":null,"inheritable":false,"stock_on_hold":0,"sold_today":0,"sales_last_days":50,"out_stock_days":0,"lost_sales":0,"update_date":"2026-04-16T08:17:35","atum_locations":[],"atum_stock_status":"instock","restock_status":true,"low_stock_amount":"","sales_update_date":"2026-04-16T08:17:35","calc_backorders":null,"yoast_head":"<!-- This site is optimized with the Yoast SEO plugin v27.3 - https:\/\/yoast.com\/product\/yoast-seo-wordpress\/ -->\n<title>Connettore Amass XT60 (coppia) - Iha Race<\/title>\n<meta name=\"robots\" content=\"index, follow, max-snippet:-1, max-image-preview:large, max-video-preview:-1\" \/>\n<link rel=\"canonical\" href=\"https:\/\/iha-race.com\/it\/prodotto\/connettore-amass-xt60-pair\/\" \/>\n<meta property=\"og:locale\" content=\"it_IT\" \/>\n<meta property=\"og:type\" content=\"article\" \/>\n<meta property=\"og:title\" content=\"Connettore Amass XT60 (coppia) - Iha Race\" \/>\n<meta property=\"og:description\" content=\"Connettore Amass XT60 (coppia) Connettori XT60 per batterie LiPo. Realizzati in nylon di alta qualit\u00e0 e con connettori dorati da 4,5 mm, offrono connessioni solide per amperaggi elevati (+100A). Caratteristiche:\" \/>\n<meta property=\"og:url\" content=\"https:\/\/iha-race.com\/it\/prodotto\/connettore-amass-xt60-pair\/\" \/>\n<meta property=\"og:site_name\" content=\"Iha Race\" \/>\n<meta property=\"article:modified_time\" content=\"2025-11-25T16:37:43+00:00\" \/>\n<meta property=\"og:image\" content=\"https:\/\/iha-race.com\/wp-content\/uploads\/2018\/07\/comprar-XT60-conector-macho-hembra-para-bateria-Quadcopter-multicoptero-bateria-ESC-amarillo-1.jpg\" \/>\n\t<meta property=\"og:image:width\" content=\"800\" \/>\n\t<meta property=\"og:image:height\" content=\"800\" \/>\n\t<meta property=\"og:image:type\" content=\"image\/jpeg\" \/>\n<meta name=\"twitter:card\" content=\"summary_large_image\" \/>\n<script type=\"application\/ld+json\" class=\"yoast-schema-graph\">{\"@context\":\"https:\\\/\\\/schema.org\",\"@graph\":[{\"@type\":\"WebPage\",\"@id\":\"https:\\\/\\\/iha-race.com\\\/it\\\/prodotto\\\/connettore-amass-xt60-pair\\\/\",\"url\":\"https:\\\/\\\/iha-race.com\\\/it\\\/prodotto\\\/connettore-amass-xt60-pair\\\/\",\"name\":\"Connettore Amass XT60 (coppia) - Iha Race\",\"isPartOf\":{\"@id\":\"https:\\\/\\\/iha-race.com\\\/it\\\/#website\"},\"primaryImageOfPage\":{\"@id\":\"https:\\\/\\\/iha-race.com\\\/it\\\/prodotto\\\/connettore-amass-xt60-pair\\\/#primaryimage\"},\"image\":{\"@id\":\"https:\\\/\\\/iha-race.com\\\/it\\\/prodotto\\\/connettore-amass-xt60-pair\\\/#primaryimage\"},\"thumbnailUrl\":\"https:\\\/\\\/iha-race.com\\\/wp-content\\\/uploads\\\/2018\\\/07\\\/comprar-XT60-conector-macho-hembra-para-bateria-Quadcopter-multicoptero-bateria-ESC-amarillo-1.jpg\",\"datePublished\":\"2018-07-24T05:30:13+00:00\",\"dateModified\":\"2025-11-25T16:37:43+00:00\",\"breadcrumb\":{\"@id\":\"https:\\\/\\\/iha-race.com\\\/it\\\/prodotto\\\/connettore-amass-xt60-pair\\\/#breadcrumb\"},\"inLanguage\":\"it-IT\",\"potentialAction\":[{\"@type\":\"ReadAction\",\"target\":[\"https:\\\/\\\/iha-race.com\\\/it\\\/prodotto\\\/connettore-amass-xt60-pair\\\/\"]}]},{\"@type\":\"ImageObject\",\"inLanguage\":\"it-IT\",\"@id\":\"https:\\\/\\\/iha-race.com\\\/it\\\/prodotto\\\/connettore-amass-xt60-pair\\\/#primaryimage\",\"url\":\"https:\\\/\\\/iha-race.com\\\/wp-content\\\/uploads\\\/2018\\\/07\\\/comprar-XT60-conector-macho-hembra-para-bateria-Quadcopter-multicoptero-bateria-ESC-amarillo-1.jpg\",\"contentUrl\":\"https:\\\/\\\/iha-race.com\\\/wp-content\\\/uploads\\\/2018\\\/07\\\/comprar-XT60-conector-macho-hembra-para-bateria-Quadcopter-multicoptero-bateria-ESC-amarillo-1.jpg\",\"width\":800,\"height\":800,\"caption\":\"acquistare-XT60-maschio-femmina-connettore-batteria-Quadcopter-multicopter-batteria-ESC-giallo\"},{\"@type\":\"BreadcrumbList\",\"@id\":\"https:\\\/\\\/iha-race.com\\\/it\\\/prodotto\\\/connettore-amass-xt60-pair\\\/#breadcrumb\",\"itemListElement\":[{\"@type\":\"ListItem\",\"position\":1,\"name\":\"Portada\",\"item\":\"https:\\\/\\\/iha-race.com\\\/it\\\/\"},{\"@type\":\"ListItem\",\"position\":2,\"name\":\"Negozio\",\"item\":\"https:\\\/\\\/iha-race.com\\\/it\\\/negozio\\\/\"},{\"@type\":\"ListItem\",\"position\":3,\"name\":\"Connettore Amass XT60 (coppia)\"}]},{\"@type\":\"WebSite\",\"@id\":\"https:\\\/\\\/iha-race.com\\\/it\\\/#website\",\"url\":\"https:\\\/\\\/iha-race.com\\\/it\\\/\",\"name\":\"Iha Race\",\"description\":\"Comprar drones de carreras FPV env\u00edos en un d\u00eda desde Espa\u00f1a\",\"publisher\":{\"@id\":\"https:\\\/\\\/iha-race.com\\\/it\\\/#organization\"},\"potentialAction\":[{\"@type\":\"SearchAction\",\"target\":{\"@type\":\"EntryPoint\",\"urlTemplate\":\"https:\\\/\\\/iha-race.com\\\/it\\\/?s={search_term_string}\"},\"query-input\":{\"@type\":\"PropertyValueSpecification\",\"valueRequired\":true,\"valueName\":\"search_term_string\"}}],\"inLanguage\":\"it-IT\"},{\"@type\":\"Organization\",\"@id\":\"https:\\\/\\\/iha-race.com\\\/it\\\/#organization\",\"name\":\"Iha Race\",\"url\":\"https:\\\/\\\/iha-race.com\\\/it\\\/\",\"logo\":{\"@type\":\"ImageObject\",\"inLanguage\":\"it-IT\",\"@id\":\"https:\\\/\\\/iha-race.com\\\/it\\\/#\\\/schema\\\/logo\\\/image\\\/\",\"url\":\"https:\\\/\\\/iha-race.com\\\/wp-content\\\/uploads\\\/2018\\\/07\\\/iha-race-drones-de-carreras-tienda-comprar-drones.png\",\"contentUrl\":\"https:\\\/\\\/iha-race.com\\\/wp-content\\\/uploads\\\/2018\\\/07\\\/iha-race-drones-de-carreras-tienda-comprar-drones.png\",\"width\":300,\"height\":100,\"caption\":\"Iha Race\"},\"image\":{\"@id\":\"https:\\\/\\\/iha-race.com\\\/it\\\/#\\\/schema\\\/logo\\\/image\\\/\"}}]}<\/script>\n<!-- \/ Yoast SEO plugin. -->","yoast_head_json":{"title":"Connettore Amass XT60 (coppia) - Iha Race","robots":{"index":"index","follow":"follow","max-snippet":"max-snippet:-1","max-image-preview":"max-image-preview:large","max-video-preview":"max-video-preview:-1"},"canonical":"https:\/\/iha-race.com\/it\/prodotto\/connettore-amass-xt60-pair\/","og_locale":"it_IT","og_type":"article","og_title":"Connettore Amass XT60 (coppia) - Iha Race","og_description":"Connettore Amass XT60 (coppia) Connettori XT60 per batterie LiPo. Realizzati in nylon di alta qualit\u00e0 e con connettori dorati da 4,5 mm, offrono connessioni solide per amperaggi elevati (+100A). Caratteristiche:","og_url":"https:\/\/iha-race.com\/it\/prodotto\/connettore-amass-xt60-pair\/","og_site_name":"Iha Race","article_modified_time":"2025-11-25T16:37:43+00:00","og_image":[{"width":800,"height":800,"url":"https:\/\/iha-race.com\/wp-content\/uploads\/2018\/07\/comprar-XT60-conector-macho-hembra-para-bateria-Quadcopter-multicoptero-bateria-ESC-amarillo-1.jpg","type":"image\/jpeg"}],"twitter_card":"summary_large_image","schema":{"@context":"https:\/\/schema.org","@graph":[{"@type":"WebPage","@id":"https:\/\/iha-race.com\/it\/prodotto\/connettore-amass-xt60-pair\/","url":"https:\/\/iha-race.com\/it\/prodotto\/connettore-amass-xt60-pair\/","name":"Connettore Amass XT60 (coppia) - Iha Race","isPartOf":{"@id":"https:\/\/iha-race.com\/it\/#website"},"primaryImageOfPage":{"@id":"https:\/\/iha-race.com\/it\/prodotto\/connettore-amass-xt60-pair\/#primaryimage"},"image":{"@id":"https:\/\/iha-race.com\/it\/prodotto\/connettore-amass-xt60-pair\/#primaryimage"},"thumbnailUrl":"https:\/\/iha-race.com\/wp-content\/uploads\/2018\/07\/comprar-XT60-conector-macho-hembra-para-bateria-Quadcopter-multicoptero-bateria-ESC-amarillo-1.jpg","datePublished":"2018-07-24T05:30:13+00:00","dateModified":"2025-11-25T16:37:43+00:00","breadcrumb":{"@id":"https:\/\/iha-race.com\/it\/prodotto\/connettore-amass-xt60-pair\/#breadcrumb"},"inLanguage":"it-IT","potentialAction":[{"@type":"ReadAction","target":["https:\/\/iha-race.com\/it\/prodotto\/connettore-amass-xt60-pair\/"]}]},{"@type":"ImageObject","inLanguage":"it-IT","@id":"https:\/\/iha-race.com\/it\/prodotto\/connettore-amass-xt60-pair\/#primaryimage","url":"https:\/\/iha-race.com\/wp-content\/uploads\/2018\/07\/comprar-XT60-conector-macho-hembra-para-bateria-Quadcopter-multicoptero-bateria-ESC-amarillo-1.jpg","contentUrl":"https:\/\/iha-race.com\/wp-content\/uploads\/2018\/07\/comprar-XT60-conector-macho-hembra-para-bateria-Quadcopter-multicoptero-bateria-ESC-amarillo-1.jpg","width":800,"height":800,"caption":"acquistare-XT60-maschio-femmina-connettore-batteria-Quadcopter-multicopter-batteria-ESC-giallo"},{"@type":"BreadcrumbList","@id":"https:\/\/iha-race.com\/it\/prodotto\/connettore-amass-xt60-pair\/#breadcrumb","itemListElement":[{"@type":"ListItem","position":1,"name":"Portada","item":"https:\/\/iha-race.com\/it\/"},{"@type":"ListItem","position":2,"name":"Negozio","item":"https:\/\/iha-race.com\/it\/negozio\/"},{"@type":"ListItem","position":3,"name":"Connettore Amass XT60 (coppia)"}]},{"@type":"WebSite","@id":"https:\/\/iha-race.com\/it\/#website","url":"https:\/\/iha-race.com\/it\/","name":"Iha Race","description":"Comprar drones de carreras FPV env\u00edos en un d\u00eda desde Espa\u00f1a","publisher":{"@id":"https:\/\/iha-race.com\/it\/#organization"},"potentialAction":[{"@type":"SearchAction","target":{"@type":"EntryPoint","urlTemplate":"https:\/\/iha-race.com\/it\/?s={search_term_string}"},"query-input":{"@type":"PropertyValueSpecification","valueRequired":true,"valueName":"search_term_string"}}],"inLanguage":"it-IT"},{"@type":"Organization","@id":"https:\/\/iha-race.com\/it\/#organization","name":"Iha Race","url":"https:\/\/iha-race.com\/it\/","logo":{"@type":"ImageObject","inLanguage":"it-IT","@id":"https:\/\/iha-race.com\/it\/#\/schema\/logo\/image\/","url":"https:\/\/iha-race.com\/wp-content\/uploads\/2018\/07\/iha-race-drones-de-carreras-tienda-comprar-drones.png","contentUrl":"https:\/\/iha-race.com\/wp-content\/uploads\/2018\/07\/iha-race-drones-de-carreras-tienda-comprar-drones.png","width":300,"height":100,"caption":"Iha Race"},"image":{"@id":"https:\/\/iha-race.com\/it\/#\/schema\/logo\/image\/"}}]}},"jetpack_sharing_enabled":true,"brands":[],"_links":{"self":[{"href":"https:\/\/iha-race.com\/it\/wp-json\/wp\/v2\/product\/111669","targetHints":{"allow":["GET"]}}],"collection":[{"href":"https:\/\/iha-race.com\/it\/wp-json\/wp\/v2\/product"}],"about":[{"href":"https:\/\/iha-race.com\/it\/wp-json\/wp\/v2\/types\/product"}],"replies":[{"embeddable":true,"href":"https:\/\/iha-race.com\/it\/wp-json\/wp\/v2\/comments?post=111669"}],"version-history":[{"count":2,"href":"https:\/\/iha-race.com\/it\/wp-json\/wp\/v2\/product\/111669\/revisions"}],"predecessor-version":[{"id":250487,"href":"https:\/\/iha-race.com\/it\/wp-json\/wp\/v2\/product\/111669\/revisions\/250487"}],"wp:featuredmedia":[{"embeddable":true,"href":"https:\/\/iha-race.com\/it\/wp-json\/wp\/v2\/media\/95775"}],"wp:attachment":[{"href":"https:\/\/iha-race.com\/it\/wp-json\/wp\/v2\/media?parent=111669"}],"wp:term":[{"taxonomy":"pwb-brand","embeddable":true,"href":"https:\/\/iha-race.com\/it\/wp-json\/wp\/v2\/pwb-brand?post=111669"},{"taxonomy":"product_cat","embeddable":true,"href":"https:\/\/iha-race.com\/it\/wp-json\/wp\/v2\/product_cat?post=111669"},{"taxonomy":"product_tag","embeddable":true,"href":"https:\/\/iha-race.com\/it\/wp-json\/wp\/v2\/product_tag?post=111669"}],"curies":[{"name":"wp","href":"https:\/\/api.w.org\/{rel}","templated":true}]}}