{"id":111654,"date":"2018-07-23T22:56:32","date_gmt":"2018-07-23T20:56:32","guid":{"rendered":"https:\/\/iha-race.com\/producto\/soffiatore-daria-calda-220v-300w\/"},"modified":"2025-10-19T10:46:29","modified_gmt":"2025-10-19T08:46:29","slug":"daniu-soplador-de-aire-caliente-220v-300w","status":"publish","type":"product","link":"https:\/\/iha-race.com\/it\/prodotto\/daniu-soplador-de-aire-caliente-220v-300w\/","title":{"rendered":"Soffiatore d&#8217;aria calda 220V 300W"},"content":{"rendered":"<h2>Soffiatore d&#8217;aria calda 220V 300W<\/h2>\n<p>  Una pistola termica multiuso facile e veloce.  <\/p>\n<h3 class=\"h1\">Specifiche:<\/h3>\n<ul>\n<li><strong>Tipo:<\/strong> pistola termica<\/li>\n<li><strong>Tensione nominale:<\/strong> 230 V<\/li>\n<li><strong>Peso:<\/strong> 248 g<\/li>\n<li><strong>Potenza:<\/strong> 300W<\/li>\n<li><strong>Temperatura di esercizio:<\/strong> fino a 200 \u00b0C<\/li>\n<li><strong>Lunghezza del cavo:<\/strong> 100 cm<\/li>\n<\/ul>\n<h2>Il pacchetto comprende:<\/h2>\n<ul>\n<li>1 soffiatore d&#8217;aria calda 220V 300W<\/li>\n<li>1 x Trasformatore a innesto<\/li>\n<\/ul>\n","protected":false},"excerpt":{"rendered":"<p>Soffiatore d&#8217;aria calda 220V 300W Una pistola termica multiuso facile e veloce. Specifiche: Tipo: pistola termica Tensione nominale: 230 V Peso: 248 g Potenza: 300W Temperatura di esercizio: fino a<\/p>\n","protected":false},"featured_media":94478,"comment_status":"open","ping_status":"closed","template":"","meta":{"_joinchat":[]},"pwb-brand":[],"product_cat":[139,140,145],"product_tag":[],"class_list":{"0":"post-111654","1":"product","2":"type-product","3":"status-publish","4":"has-post-thumbnail","6":"product_cat-accesorios-de-drones","7":"product_cat-cables","8":"product_cat-herramientas-soldadura","10":"first","11":"instock","12":"taxable","13":"shipping-taxable","14":"purchasable","15":"product-type-simple"},"barcode":null,"atum_controlled":true,"out_stock_date":null,"out_stock_threshold":null,"inheritable":false,"stock_on_hold":0,"sold_today":0,"sales_last_days":0,"out_stock_days":0,"lost_sales":0,"update_date":"2026-04-16T07:36:06","atum_locations":[],"atum_stock_status":"instock","restock_status":false,"low_stock_amount":"","sales_update_date":"2026-04-16T07:36:06","calc_backorders":null,"yoast_head":"<!-- This site is optimized with the Yoast SEO plugin v27.3 - https:\/\/yoast.com\/product\/yoast-seo-wordpress\/ -->\n<title>Soffiatore d&#039;aria calda 220V 300W - Iha Race<\/title>\n<meta name=\"robots\" content=\"index, follow, max-snippet:-1, max-image-preview:large, max-video-preview:-1\" \/>\n<link rel=\"canonical\" href=\"https:\/\/iha-race.com\/it\/prodotto\/daniu-soplador-de-aire-caliente-220v-300w\/\" \/>\n<meta property=\"og:locale\" content=\"it_IT\" \/>\n<meta property=\"og:type\" content=\"article\" \/>\n<meta property=\"og:title\" content=\"Soffiatore d&#039;aria calda 220V 300W - Iha Race\" \/>\n<meta property=\"og:description\" content=\"Soffiatore d&#8217;aria calda 220V 300W Una pistola termica multiuso facile e veloce. Specifiche: Tipo: pistola termica Tensione nominale: 230 V Peso: 248 g Potenza: 300W Temperatura di esercizio: fino a\" \/>\n<meta property=\"og:url\" content=\"https:\/\/iha-race.com\/it\/prodotto\/daniu-soplador-de-aire-caliente-220v-300w\/\" \/>\n<meta property=\"og:site_name\" content=\"Iha Race\" \/>\n<meta property=\"article:modified_time\" content=\"2025-10-19T08:46:29+00:00\" \/>\n<meta property=\"og:image\" content=\"https:\/\/iha-race.com\/wp-content\/uploads\/2018\/07\/daniu-soplador-de-aire-caliente-220v-300w-1.jpg\" \/>\n\t<meta property=\"og:image:width\" content=\"800\" \/>\n\t<meta property=\"og:image:height\" content=\"800\" \/>\n\t<meta property=\"og:image:type\" content=\"image\/jpeg\" \/>\n<meta name=\"twitter:card\" content=\"summary_large_image\" \/>\n<script type=\"application\/ld+json\" class=\"yoast-schema-graph\">{\"@context\":\"https:\\\/\\\/schema.org\",\"@graph\":[{\"@type\":\"WebPage\",\"@id\":\"https:\\\/\\\/iha-race.com\\\/it\\\/prodotto\\\/daniu-soplador-de-aire-caliente-220v-300w\\\/\",\"url\":\"https:\\\/\\\/iha-race.com\\\/it\\\/prodotto\\\/daniu-soplador-de-aire-caliente-220v-300w\\\/\",\"name\":\"Soffiatore d'aria calda 220V 300W - Iha Race\",\"isPartOf\":{\"@id\":\"https:\\\/\\\/iha-race.com\\\/it\\\/#website\"},\"primaryImageOfPage\":{\"@id\":\"https:\\\/\\\/iha-race.com\\\/it\\\/prodotto\\\/daniu-soplador-de-aire-caliente-220v-300w\\\/#primaryimage\"},\"image\":{\"@id\":\"https:\\\/\\\/iha-race.com\\\/it\\\/prodotto\\\/daniu-soplador-de-aire-caliente-220v-300w\\\/#primaryimage\"},\"thumbnailUrl\":\"https:\\\/\\\/iha-race.com\\\/wp-content\\\/uploads\\\/2018\\\/07\\\/daniu-soplador-de-aire-caliente-220v-300w-1.jpg\",\"datePublished\":\"2018-07-23T20:56:32+00:00\",\"dateModified\":\"2025-10-19T08:46:29+00:00\",\"breadcrumb\":{\"@id\":\"https:\\\/\\\/iha-race.com\\\/it\\\/prodotto\\\/daniu-soplador-de-aire-caliente-220v-300w\\\/#breadcrumb\"},\"inLanguage\":\"it-IT\",\"potentialAction\":[{\"@type\":\"ReadAction\",\"target\":[\"https:\\\/\\\/iha-race.com\\\/it\\\/prodotto\\\/daniu-soplador-de-aire-caliente-220v-300w\\\/\"]}]},{\"@type\":\"ImageObject\",\"inLanguage\":\"it-IT\",\"@id\":\"https:\\\/\\\/iha-race.com\\\/it\\\/prodotto\\\/daniu-soplador-de-aire-caliente-220v-300w\\\/#primaryimage\",\"url\":\"https:\\\/\\\/iha-race.com\\\/wp-content\\\/uploads\\\/2018\\\/07\\\/daniu-soplador-de-aire-caliente-220v-300w-1.jpg\",\"contentUrl\":\"https:\\\/\\\/iha-race.com\\\/wp-content\\\/uploads\\\/2018\\\/07\\\/daniu-soplador-de-aire-caliente-220v-300w-1.jpg\",\"width\":800,\"height\":800,\"caption\":\"daniu-soplador-de-aire-caliente-220v-300w\"},{\"@type\":\"BreadcrumbList\",\"@id\":\"https:\\\/\\\/iha-race.com\\\/it\\\/prodotto\\\/daniu-soplador-de-aire-caliente-220v-300w\\\/#breadcrumb\",\"itemListElement\":[{\"@type\":\"ListItem\",\"position\":1,\"name\":\"Portada\",\"item\":\"https:\\\/\\\/iha-race.com\\\/it\\\/\"},{\"@type\":\"ListItem\",\"position\":2,\"name\":\"Negozio\",\"item\":\"https:\\\/\\\/iha-race.com\\\/it\\\/negozio\\\/\"},{\"@type\":\"ListItem\",\"position\":3,\"name\":\"Soffiatore d&#8217;aria calda 220V 300W\"}]},{\"@type\":\"WebSite\",\"@id\":\"https:\\\/\\\/iha-race.com\\\/it\\\/#website\",\"url\":\"https:\\\/\\\/iha-race.com\\\/it\\\/\",\"name\":\"Iha Race\",\"description\":\"Comprar drones de carreras FPV env\u00edos en un d\u00eda desde Espa\u00f1a\",\"publisher\":{\"@id\":\"https:\\\/\\\/iha-race.com\\\/it\\\/#organization\"},\"potentialAction\":[{\"@type\":\"SearchAction\",\"target\":{\"@type\":\"EntryPoint\",\"urlTemplate\":\"https:\\\/\\\/iha-race.com\\\/it\\\/?s={search_term_string}\"},\"query-input\":{\"@type\":\"PropertyValueSpecification\",\"valueRequired\":true,\"valueName\":\"search_term_string\"}}],\"inLanguage\":\"it-IT\"},{\"@type\":\"Organization\",\"@id\":\"https:\\\/\\\/iha-race.com\\\/it\\\/#organization\",\"name\":\"Iha Race\",\"url\":\"https:\\\/\\\/iha-race.com\\\/it\\\/\",\"logo\":{\"@type\":\"ImageObject\",\"inLanguage\":\"it-IT\",\"@id\":\"https:\\\/\\\/iha-race.com\\\/it\\\/#\\\/schema\\\/logo\\\/image\\\/\",\"url\":\"https:\\\/\\\/iha-race.com\\\/wp-content\\\/uploads\\\/2018\\\/07\\\/iha-race-drones-de-carreras-tienda-comprar-drones.png\",\"contentUrl\":\"https:\\\/\\\/iha-race.com\\\/wp-content\\\/uploads\\\/2018\\\/07\\\/iha-race-drones-de-carreras-tienda-comprar-drones.png\",\"width\":300,\"height\":100,\"caption\":\"Iha Race\"},\"image\":{\"@id\":\"https:\\\/\\\/iha-race.com\\\/it\\\/#\\\/schema\\\/logo\\\/image\\\/\"}}]}<\/script>\n<!-- \/ Yoast SEO plugin. -->","yoast_head_json":{"title":"Soffiatore d'aria calda 220V 300W - Iha Race","robots":{"index":"index","follow":"follow","max-snippet":"max-snippet:-1","max-image-preview":"max-image-preview:large","max-video-preview":"max-video-preview:-1"},"canonical":"https:\/\/iha-race.com\/it\/prodotto\/daniu-soplador-de-aire-caliente-220v-300w\/","og_locale":"it_IT","og_type":"article","og_title":"Soffiatore d'aria calda 220V 300W - Iha Race","og_description":"Soffiatore d&#8217;aria calda 220V 300W Una pistola termica multiuso facile e veloce. Specifiche: Tipo: pistola termica Tensione nominale: 230 V Peso: 248 g Potenza: 300W Temperatura di esercizio: fino a","og_url":"https:\/\/iha-race.com\/it\/prodotto\/daniu-soplador-de-aire-caliente-220v-300w\/","og_site_name":"Iha Race","article_modified_time":"2025-10-19T08:46:29+00:00","og_image":[{"width":800,"height":800,"url":"https:\/\/iha-race.com\/wp-content\/uploads\/2018\/07\/daniu-soplador-de-aire-caliente-220v-300w-1.jpg","type":"image\/jpeg"}],"twitter_card":"summary_large_image","schema":{"@context":"https:\/\/schema.org","@graph":[{"@type":"WebPage","@id":"https:\/\/iha-race.com\/it\/prodotto\/daniu-soplador-de-aire-caliente-220v-300w\/","url":"https:\/\/iha-race.com\/it\/prodotto\/daniu-soplador-de-aire-caliente-220v-300w\/","name":"Soffiatore d'aria calda 220V 300W - Iha Race","isPartOf":{"@id":"https:\/\/iha-race.com\/it\/#website"},"primaryImageOfPage":{"@id":"https:\/\/iha-race.com\/it\/prodotto\/daniu-soplador-de-aire-caliente-220v-300w\/#primaryimage"},"image":{"@id":"https:\/\/iha-race.com\/it\/prodotto\/daniu-soplador-de-aire-caliente-220v-300w\/#primaryimage"},"thumbnailUrl":"https:\/\/iha-race.com\/wp-content\/uploads\/2018\/07\/daniu-soplador-de-aire-caliente-220v-300w-1.jpg","datePublished":"2018-07-23T20:56:32+00:00","dateModified":"2025-10-19T08:46:29+00:00","breadcrumb":{"@id":"https:\/\/iha-race.com\/it\/prodotto\/daniu-soplador-de-aire-caliente-220v-300w\/#breadcrumb"},"inLanguage":"it-IT","potentialAction":[{"@type":"ReadAction","target":["https:\/\/iha-race.com\/it\/prodotto\/daniu-soplador-de-aire-caliente-220v-300w\/"]}]},{"@type":"ImageObject","inLanguage":"it-IT","@id":"https:\/\/iha-race.com\/it\/prodotto\/daniu-soplador-de-aire-caliente-220v-300w\/#primaryimage","url":"https:\/\/iha-race.com\/wp-content\/uploads\/2018\/07\/daniu-soplador-de-aire-caliente-220v-300w-1.jpg","contentUrl":"https:\/\/iha-race.com\/wp-content\/uploads\/2018\/07\/daniu-soplador-de-aire-caliente-220v-300w-1.jpg","width":800,"height":800,"caption":"daniu-soplador-de-aire-caliente-220v-300w"},{"@type":"BreadcrumbList","@id":"https:\/\/iha-race.com\/it\/prodotto\/daniu-soplador-de-aire-caliente-220v-300w\/#breadcrumb","itemListElement":[{"@type":"ListItem","position":1,"name":"Portada","item":"https:\/\/iha-race.com\/it\/"},{"@type":"ListItem","position":2,"name":"Negozio","item":"https:\/\/iha-race.com\/it\/negozio\/"},{"@type":"ListItem","position":3,"name":"Soffiatore d&#8217;aria calda 220V 300W"}]},{"@type":"WebSite","@id":"https:\/\/iha-race.com\/it\/#website","url":"https:\/\/iha-race.com\/it\/","name":"Iha Race","description":"Comprar drones de carreras FPV env\u00edos en un d\u00eda desde Espa\u00f1a","publisher":{"@id":"https:\/\/iha-race.com\/it\/#organization"},"potentialAction":[{"@type":"SearchAction","target":{"@type":"EntryPoint","urlTemplate":"https:\/\/iha-race.com\/it\/?s={search_term_string}"},"query-input":{"@type":"PropertyValueSpecification","valueRequired":true,"valueName":"search_term_string"}}],"inLanguage":"it-IT"},{"@type":"Organization","@id":"https:\/\/iha-race.com\/it\/#organization","name":"Iha Race","url":"https:\/\/iha-race.com\/it\/","logo":{"@type":"ImageObject","inLanguage":"it-IT","@id":"https:\/\/iha-race.com\/it\/#\/schema\/logo\/image\/","url":"https:\/\/iha-race.com\/wp-content\/uploads\/2018\/07\/iha-race-drones-de-carreras-tienda-comprar-drones.png","contentUrl":"https:\/\/iha-race.com\/wp-content\/uploads\/2018\/07\/iha-race-drones-de-carreras-tienda-comprar-drones.png","width":300,"height":100,"caption":"Iha Race"},"image":{"@id":"https:\/\/iha-race.com\/it\/#\/schema\/logo\/image\/"}}]}},"jetpack_sharing_enabled":true,"brands":[],"_links":{"self":[{"href":"https:\/\/iha-race.com\/it\/wp-json\/wp\/v2\/product\/111654","targetHints":{"allow":["GET"]}}],"collection":[{"href":"https:\/\/iha-race.com\/it\/wp-json\/wp\/v2\/product"}],"about":[{"href":"https:\/\/iha-race.com\/it\/wp-json\/wp\/v2\/types\/product"}],"replies":[{"embeddable":true,"href":"https:\/\/iha-race.com\/it\/wp-json\/wp\/v2\/comments?post=111654"}],"version-history":[{"count":3,"href":"https:\/\/iha-race.com\/it\/wp-json\/wp\/v2\/product\/111654\/revisions"}],"predecessor-version":[{"id":250507,"href":"https:\/\/iha-race.com\/it\/wp-json\/wp\/v2\/product\/111654\/revisions\/250507"}],"wp:featuredmedia":[{"embeddable":true,"href":"https:\/\/iha-race.com\/it\/wp-json\/wp\/v2\/media\/94478"}],"wp:attachment":[{"href":"https:\/\/iha-race.com\/it\/wp-json\/wp\/v2\/media?parent=111654"}],"wp:term":[{"taxonomy":"pwb-brand","embeddable":true,"href":"https:\/\/iha-race.com\/it\/wp-json\/wp\/v2\/pwb-brand?post=111654"},{"taxonomy":"product_cat","embeddable":true,"href":"https:\/\/iha-race.com\/it\/wp-json\/wp\/v2\/product_cat?post=111654"},{"taxonomy":"product_tag","embeddable":true,"href":"https:\/\/iha-race.com\/it\/wp-json\/wp\/v2\/product_tag?post=111654"}],"curies":[{"name":"wp","href":"https:\/\/api.w.org\/{rel}","templated":true}]}}