{"id":111547,"date":"2018-07-23T12:40:46","date_gmt":"2018-07-23T12:40:46","guid":{"rendered":"https:\/\/iha-race.com\/producto\/elica-hq-slow-flyer-7x4-2-pezzi\/"},"modified":"2024-08-29T16:41:46","modified_gmt":"2024-08-29T14:41:46","slug":"elica-hq-volantino-lento-7x4-2-unita","status":"publish","type":"product","link":"https:\/\/iha-race.com\/it\/prodotto\/elica-hq-volantino-lento-7x4-2-unita\/","title":{"rendered":"Elica HQ Slow Flyer 7X4 (2 pezzi)"},"content":{"rendered":"<h2>Elica HQ Slow Flyer 7X4 (2 pezzi)<\/h2>\n<p><strong>Scegliere tra:<\/strong><\/p>\n<ul>\n<li>2 x arancione (spinta)<\/li>\n<li>2 x Arancione (rete a strascico)<\/li>\n<li>2 x verde (spinta)<\/li>\n<li>2 x Verde (rete a strascico)<\/li>\n<\/ul>\n<p>  Quest&#8217;elica \u00e8 specifica per il lungo raggio, per spingere al massimo sui motori a basso Kv e per ottimizzare i bassi consumi, di cui avremo bisogno per le lunghe percorrenze.  <\/p>\n<h3>Caratteristiche:<\/h3>\n<ul>\n<li>Diametro del mozzo in plastica: 5 mm il pi\u00f9 piccolo e 8 e 9 mm il pi\u00f9 grande.<\/li>\n<li>Diametro esterno del mozzo: 13 mm<\/li>\n<li>Spessore del mozzo: 7,5 mm<\/li>\n<li>Anello adattatore: 3,4,5,6 mm<\/li>\n<li>La serie O \u00e8 per il montaggio frontale su aerei e CW su Multi<\/li>\n<li>La serie RO \u00e8 per il montaggio posteriore negli aerei e la CWW in Multi<\/li>\n<\/ul>\n","protected":false},"excerpt":{"rendered":"<p>Quest&#8217;elica \u00e8 specifica per il lungo raggio, per spingere al massimo sui motori a basso Kv e per ottimizzare i bassi consumi, di cui avremo bisogno per le lunghe percorrenze.<\/p>\n","protected":false},"featured_media":93249,"comment_status":"open","ping_status":"closed","template":"","meta":{"_joinchat":[]},"pwb-brand":[],"product_cat":[1457,1241,1238,1240],"product_tag":[],"class_list":{"0":"post-111547","1":"product","2":"type-product","3":"status-publish","4":"has-post-thumbnail","6":"product_cat-7-it","7":"product_cat-bipala","8":"product_cat-eliche-fpv","9":"product_cat-pagaie","11":"first","12":"instock","13":"taxable","14":"shipping-taxable","15":"purchasable","16":"product-type-variable"},"barcode":null,"atum_controlled":true,"out_stock_date":null,"out_stock_threshold":null,"inheritable":true,"stock_on_hold":0,"sold_today":0,"sales_last_days":0,"out_stock_days":0,"lost_sales":0,"update_date":"2026-04-16T08:25:45","atum_locations":[],"atum_stock_status":"instock","restock_status":false,"low_stock_amount":"","sales_update_date":"2026-04-16T08:25:45","calc_backorders":null,"yoast_head":"<!-- This site is optimized with the Yoast SEO plugin v27.3 - https:\/\/yoast.com\/product\/yoast-seo-wordpress\/ -->\n<title>Elica HQ Slow Flyer 7X4 (2 pezzi) - Iha Race<\/title>\n<meta name=\"robots\" content=\"index, follow, max-snippet:-1, max-image-preview:large, max-video-preview:-1\" \/>\n<link rel=\"canonical\" href=\"https:\/\/iha-race.com\/it\/prodotto\/elica-hq-volantino-lento-7x4-2-unita\/\" \/>\n<meta property=\"og:locale\" content=\"it_IT\" \/>\n<meta property=\"og:type\" content=\"article\" \/>\n<meta property=\"og:title\" content=\"Elica HQ Slow Flyer 7X4 (2 pezzi) - Iha Race\" \/>\n<meta property=\"og:description\" content=\"Quest&#039;elica \u00e8 specifica per il lungo raggio, per spingere al massimo sui motori a basso Kv e per ottimizzare i bassi consumi, di cui avremo bisogno per le lunghe percorrenze.\" \/>\n<meta property=\"og:url\" content=\"https:\/\/iha-race.com\/it\/prodotto\/elica-hq-volantino-lento-7x4-2-unita\/\" \/>\n<meta property=\"og:site_name\" content=\"Iha Race\" \/>\n<meta property=\"article:modified_time\" content=\"2024-08-29T14:41:46+00:00\" \/>\n<meta property=\"og:image\" content=\"https:\/\/iha-race.com\/wp-content\/uploads\/2018\/07\/helice-hq-slow-flyer-7x4-1.jpg\" \/>\n\t<meta property=\"og:image:width\" content=\"800\" \/>\n\t<meta property=\"og:image:height\" content=\"800\" \/>\n\t<meta property=\"og:image:type\" content=\"image\/jpeg\" \/>\n<meta name=\"twitter:card\" content=\"summary_large_image\" \/>\n<meta name=\"twitter:label1\" content=\"Tempo di lettura stimato\" \/>\n\t<meta name=\"twitter:data1\" content=\"1 minuto\" \/>\n<script type=\"application\/ld+json\" class=\"yoast-schema-graph\">{\"@context\":\"https:\\\/\\\/schema.org\",\"@graph\":[{\"@type\":\"WebPage\",\"@id\":\"https:\\\/\\\/iha-race.com\\\/it\\\/prodotto\\\/elica-hq-volantino-lento-7x4-2-unita\\\/\",\"url\":\"https:\\\/\\\/iha-race.com\\\/it\\\/prodotto\\\/elica-hq-volantino-lento-7x4-2-unita\\\/\",\"name\":\"Elica HQ Slow Flyer 7X4 (2 pezzi) - Iha Race\",\"isPartOf\":{\"@id\":\"https:\\\/\\\/iha-race.com\\\/it\\\/#website\"},\"primaryImageOfPage\":{\"@id\":\"https:\\\/\\\/iha-race.com\\\/it\\\/prodotto\\\/elica-hq-volantino-lento-7x4-2-unita\\\/#primaryimage\"},\"image\":{\"@id\":\"https:\\\/\\\/iha-race.com\\\/it\\\/prodotto\\\/elica-hq-volantino-lento-7x4-2-unita\\\/#primaryimage\"},\"thumbnailUrl\":\"https:\\\/\\\/iha-race.com\\\/wp-content\\\/uploads\\\/2018\\\/07\\\/helice-hq-slow-flyer-7x4-1.jpg\",\"datePublished\":\"2018-07-23T12:40:46+00:00\",\"dateModified\":\"2024-08-29T14:41:46+00:00\",\"breadcrumb\":{\"@id\":\"https:\\\/\\\/iha-race.com\\\/it\\\/prodotto\\\/elica-hq-volantino-lento-7x4-2-unita\\\/#breadcrumb\"},\"inLanguage\":\"it-IT\",\"potentialAction\":[{\"@type\":\"ReadAction\",\"target\":[\"https:\\\/\\\/iha-race.com\\\/it\\\/prodotto\\\/elica-hq-volantino-lento-7x4-2-unita\\\/\"]}]},{\"@type\":\"ImageObject\",\"inLanguage\":\"it-IT\",\"@id\":\"https:\\\/\\\/iha-race.com\\\/it\\\/prodotto\\\/elica-hq-volantino-lento-7x4-2-unita\\\/#primaryimage\",\"url\":\"https:\\\/\\\/iha-race.com\\\/wp-content\\\/uploads\\\/2018\\\/07\\\/helice-hq-slow-flyer-7x4-1.jpg\",\"contentUrl\":\"https:\\\/\\\/iha-race.com\\\/wp-content\\\/uploads\\\/2018\\\/07\\\/helice-hq-slow-flyer-7x4-1.jpg\",\"width\":800,\"height\":800,\"caption\":\"elicottero-hq-volantino lento-7x4\"},{\"@type\":\"BreadcrumbList\",\"@id\":\"https:\\\/\\\/iha-race.com\\\/it\\\/prodotto\\\/elica-hq-volantino-lento-7x4-2-unita\\\/#breadcrumb\",\"itemListElement\":[{\"@type\":\"ListItem\",\"position\":1,\"name\":\"Portada\",\"item\":\"https:\\\/\\\/iha-race.com\\\/it\\\/\"},{\"@type\":\"ListItem\",\"position\":2,\"name\":\"Negozio\",\"item\":\"https:\\\/\\\/iha-race.com\\\/it\\\/negozio\\\/\"},{\"@type\":\"ListItem\",\"position\":3,\"name\":\"Elica HQ Slow Flyer 7X4 (2 pezzi)\"}]},{\"@type\":\"WebSite\",\"@id\":\"https:\\\/\\\/iha-race.com\\\/it\\\/#website\",\"url\":\"https:\\\/\\\/iha-race.com\\\/it\\\/\",\"name\":\"Iha Race\",\"description\":\"Comprar drones de carreras FPV env\u00edos en un d\u00eda desde Espa\u00f1a\",\"publisher\":{\"@id\":\"https:\\\/\\\/iha-race.com\\\/it\\\/#organization\"},\"potentialAction\":[{\"@type\":\"SearchAction\",\"target\":{\"@type\":\"EntryPoint\",\"urlTemplate\":\"https:\\\/\\\/iha-race.com\\\/it\\\/?s={search_term_string}\"},\"query-input\":{\"@type\":\"PropertyValueSpecification\",\"valueRequired\":true,\"valueName\":\"search_term_string\"}}],\"inLanguage\":\"it-IT\"},{\"@type\":\"Organization\",\"@id\":\"https:\\\/\\\/iha-race.com\\\/it\\\/#organization\",\"name\":\"Iha Race\",\"url\":\"https:\\\/\\\/iha-race.com\\\/it\\\/\",\"logo\":{\"@type\":\"ImageObject\",\"inLanguage\":\"it-IT\",\"@id\":\"https:\\\/\\\/iha-race.com\\\/it\\\/#\\\/schema\\\/logo\\\/image\\\/\",\"url\":\"https:\\\/\\\/iha-race.com\\\/wp-content\\\/uploads\\\/2018\\\/07\\\/iha-race-drones-de-carreras-tienda-comprar-drones.png\",\"contentUrl\":\"https:\\\/\\\/iha-race.com\\\/wp-content\\\/uploads\\\/2018\\\/07\\\/iha-race-drones-de-carreras-tienda-comprar-drones.png\",\"width\":300,\"height\":100,\"caption\":\"Iha Race\"},\"image\":{\"@id\":\"https:\\\/\\\/iha-race.com\\\/it\\\/#\\\/schema\\\/logo\\\/image\\\/\"}}]}<\/script>\n<!-- \/ Yoast SEO plugin. -->","yoast_head_json":{"title":"Elica HQ Slow Flyer 7X4 (2 pezzi) - Iha Race","robots":{"index":"index","follow":"follow","max-snippet":"max-snippet:-1","max-image-preview":"max-image-preview:large","max-video-preview":"max-video-preview:-1"},"canonical":"https:\/\/iha-race.com\/it\/prodotto\/elica-hq-volantino-lento-7x4-2-unita\/","og_locale":"it_IT","og_type":"article","og_title":"Elica HQ Slow Flyer 7X4 (2 pezzi) - Iha Race","og_description":"Quest'elica \u00e8 specifica per il lungo raggio, per spingere al massimo sui motori a basso Kv e per ottimizzare i bassi consumi, di cui avremo bisogno per le lunghe percorrenze.","og_url":"https:\/\/iha-race.com\/it\/prodotto\/elica-hq-volantino-lento-7x4-2-unita\/","og_site_name":"Iha Race","article_modified_time":"2024-08-29T14:41:46+00:00","og_image":[{"width":800,"height":800,"url":"https:\/\/iha-race.com\/wp-content\/uploads\/2018\/07\/helice-hq-slow-flyer-7x4-1.jpg","type":"image\/jpeg"}],"twitter_card":"summary_large_image","twitter_misc":{"Tempo di lettura stimato":"1 minuto"},"schema":{"@context":"https:\/\/schema.org","@graph":[{"@type":"WebPage","@id":"https:\/\/iha-race.com\/it\/prodotto\/elica-hq-volantino-lento-7x4-2-unita\/","url":"https:\/\/iha-race.com\/it\/prodotto\/elica-hq-volantino-lento-7x4-2-unita\/","name":"Elica HQ Slow Flyer 7X4 (2 pezzi) - Iha Race","isPartOf":{"@id":"https:\/\/iha-race.com\/it\/#website"},"primaryImageOfPage":{"@id":"https:\/\/iha-race.com\/it\/prodotto\/elica-hq-volantino-lento-7x4-2-unita\/#primaryimage"},"image":{"@id":"https:\/\/iha-race.com\/it\/prodotto\/elica-hq-volantino-lento-7x4-2-unita\/#primaryimage"},"thumbnailUrl":"https:\/\/iha-race.com\/wp-content\/uploads\/2018\/07\/helice-hq-slow-flyer-7x4-1.jpg","datePublished":"2018-07-23T12:40:46+00:00","dateModified":"2024-08-29T14:41:46+00:00","breadcrumb":{"@id":"https:\/\/iha-race.com\/it\/prodotto\/elica-hq-volantino-lento-7x4-2-unita\/#breadcrumb"},"inLanguage":"it-IT","potentialAction":[{"@type":"ReadAction","target":["https:\/\/iha-race.com\/it\/prodotto\/elica-hq-volantino-lento-7x4-2-unita\/"]}]},{"@type":"ImageObject","inLanguage":"it-IT","@id":"https:\/\/iha-race.com\/it\/prodotto\/elica-hq-volantino-lento-7x4-2-unita\/#primaryimage","url":"https:\/\/iha-race.com\/wp-content\/uploads\/2018\/07\/helice-hq-slow-flyer-7x4-1.jpg","contentUrl":"https:\/\/iha-race.com\/wp-content\/uploads\/2018\/07\/helice-hq-slow-flyer-7x4-1.jpg","width":800,"height":800,"caption":"elicottero-hq-volantino lento-7x4"},{"@type":"BreadcrumbList","@id":"https:\/\/iha-race.com\/it\/prodotto\/elica-hq-volantino-lento-7x4-2-unita\/#breadcrumb","itemListElement":[{"@type":"ListItem","position":1,"name":"Portada","item":"https:\/\/iha-race.com\/it\/"},{"@type":"ListItem","position":2,"name":"Negozio","item":"https:\/\/iha-race.com\/it\/negozio\/"},{"@type":"ListItem","position":3,"name":"Elica HQ Slow Flyer 7X4 (2 pezzi)"}]},{"@type":"WebSite","@id":"https:\/\/iha-race.com\/it\/#website","url":"https:\/\/iha-race.com\/it\/","name":"Iha Race","description":"Comprar drones de carreras FPV env\u00edos en un d\u00eda desde Espa\u00f1a","publisher":{"@id":"https:\/\/iha-race.com\/it\/#organization"},"potentialAction":[{"@type":"SearchAction","target":{"@type":"EntryPoint","urlTemplate":"https:\/\/iha-race.com\/it\/?s={search_term_string}"},"query-input":{"@type":"PropertyValueSpecification","valueRequired":true,"valueName":"search_term_string"}}],"inLanguage":"it-IT"},{"@type":"Organization","@id":"https:\/\/iha-race.com\/it\/#organization","name":"Iha Race","url":"https:\/\/iha-race.com\/it\/","logo":{"@type":"ImageObject","inLanguage":"it-IT","@id":"https:\/\/iha-race.com\/it\/#\/schema\/logo\/image\/","url":"https:\/\/iha-race.com\/wp-content\/uploads\/2018\/07\/iha-race-drones-de-carreras-tienda-comprar-drones.png","contentUrl":"https:\/\/iha-race.com\/wp-content\/uploads\/2018\/07\/iha-race-drones-de-carreras-tienda-comprar-drones.png","width":300,"height":100,"caption":"Iha Race"},"image":{"@id":"https:\/\/iha-race.com\/it\/#\/schema\/logo\/image\/"}}]}},"jetpack_sharing_enabled":true,"brands":[],"_links":{"self":[{"href":"https:\/\/iha-race.com\/it\/wp-json\/wp\/v2\/product\/111547","targetHints":{"allow":["GET"]}}],"collection":[{"href":"https:\/\/iha-race.com\/it\/wp-json\/wp\/v2\/product"}],"about":[{"href":"https:\/\/iha-race.com\/it\/wp-json\/wp\/v2\/types\/product"}],"replies":[{"embeddable":true,"href":"https:\/\/iha-race.com\/it\/wp-json\/wp\/v2\/comments?post=111547"}],"version-history":[{"count":1,"href":"https:\/\/iha-race.com\/it\/wp-json\/wp\/v2\/product\/111547\/revisions"}],"predecessor-version":[{"id":250576,"href":"https:\/\/iha-race.com\/it\/wp-json\/wp\/v2\/product\/111547\/revisions\/250576"}],"wp:featuredmedia":[{"embeddable":true,"href":"https:\/\/iha-race.com\/it\/wp-json\/wp\/v2\/media\/93249"}],"wp:attachment":[{"href":"https:\/\/iha-race.com\/it\/wp-json\/wp\/v2\/media?parent=111547"}],"wp:term":[{"taxonomy":"pwb-brand","embeddable":true,"href":"https:\/\/iha-race.com\/it\/wp-json\/wp\/v2\/pwb-brand?post=111547"},{"taxonomy":"product_cat","embeddable":true,"href":"https:\/\/iha-race.com\/it\/wp-json\/wp\/v2\/product_cat?post=111547"},{"taxonomy":"product_tag","embeddable":true,"href":"https:\/\/iha-race.com\/it\/wp-json\/wp\/v2\/product_tag?post=111547"}],"curies":[{"name":"wp","href":"https:\/\/api.w.org\/{rel}","templated":true}]}}