{"id":111538,"date":"2018-07-23T16:07:25","date_gmt":"2018-07-23T16:07:25","guid":{"rendered":"https:\/\/iha-race.com\/producto\/borsa-torvol-freestyle\/"},"modified":"2026-03-23T18:02:53","modified_gmt":"2026-03-23T17:02:53","slug":"torvol-quad-pitstop-bag","status":"publish","type":"product","link":"https:\/\/iha-race.com\/it\/prodotto\/torvol-quad-pitstop-bag\/","title":{"rendered":"Borsa Torvol Freestyle"},"content":{"rendered":"<h2><strong>La borsa per droni pi\u00f9 versatile del mercato.<\/strong><\/h2>\n<p>  La borsa Torvol Freestyle \u00e8 una borsa FPV ricca di funzioni. Si tratta di una <strong>configurazione di<\/strong> prodotti <strong>3<\/strong> in <strong>1<\/strong>. Pertanto, le imbracature per quadcopter <strong>pi\u00f9 versatili<\/strong> sul mercato. Pronti a strappare! All&#8217;interno si trovano trasmettitore, strumenti, accessori, LiPo e parti di ricambio <b>. <\/b> Occhiali e 1 quad <b>all&#8217;esterno <\/b>utilizzando la cinghia per quad. <b>Oppure <\/b>installa trasmettitore, strumenti, accessori, LiPo e ricambi <b>all&#8217;interno. <\/b><br \/>\nOcchiali e 2 quad <b>all&#8217;esterno <\/b>utilizzando una cinghia quad aggiuntiva (venduta separatamente). <b>Oppure <\/b>installa il quad, gli attrezzi, gli accessori, la LiPo e i ricambi all&#8217;interno <b>. <\/b>  Occhiali e trasmettitore <b>all&#8217;esterno <\/b>utilizzando il box trasmettitore aggiuntivo (venduto separatamente). Il design unico crea una borsa versatile con molte funzioni aggiuntive. La cerniera intelligente Torvol offre un accesso rapidissimo all&#8217;attrezzatura. E quando \u00e8 completamente aperto, crea l&#8217;area di lavoro Torvol PITSTOP per riparazioni rapide. La tasca protettiva per LiPo all&#8217;esterno protegge la LiPo da eventuali danni e facilita la sostituzione rapida della batteria. La cinghia dell&#8217;imbragatura si trasforma in una cinghia di volo utilizzando le clip del trasmettitore in dotazione.  <\/p>\n<h3 class=\"elementor-headline elementor-headline-animation-type-slide-down\" style=\"text-align: center;\"><\/h3>\n<p><iframe title=\"Torvol Freestyle Bag\" width=\"1200\" height=\"675\" src=\"https:\/\/www.youtube.com\/embed\/qMMI0KUeOl8?feature=oembed\" frameborder=\"0\" allow=\"accelerometer; autoplay; clipboard-write; encrypted-media; gyroscope; picture-in-picture; web-share\" referrerpolicy=\"strict-origin-when-cross-origin\" allowfullscreen><\/iframe><br \/>\n &nbsp;<\/p>\n","protected":false},"excerpt":{"rendered":"<p>La borsa per droni pi\u00f9 versatile del mercato. La borsa Torvol Freestyle \u00e8 una borsa FPV ricca di funzioni. Si tratta di una configurazione di prodotti 3 in 1. Pertanto,<\/p>\n","protected":false},"featured_media":84034,"comment_status":"open","ping_status":"closed","template":"","meta":{"_joinchat":[]},"pwb-brand":[],"product_cat":[139,58,143],"product_tag":[],"class_list":{"0":"post-111538","1":"product","2":"type-product","3":"status-publish","4":"has-post-thumbnail","6":"product_cat-accesorios-de-drones","7":"product_cat-emisoras","8":"product_cat-mochilas","10":"first","11":"instock","12":"sale","13":"featured","14":"taxable","15":"shipping-taxable","16":"purchasable","17":"product-type-simple"},"barcode":null,"atum_controlled":true,"out_stock_date":null,"out_stock_threshold":null,"inheritable":false,"stock_on_hold":0,"sold_today":0,"sales_last_days":0,"out_stock_days":0,"lost_sales":0,"update_date":"2026-04-18T20:30:54","atum_locations":[],"atum_stock_status":"instock","restock_status":false,"low_stock_amount":0,"sales_update_date":"2026-04-18T20:30:54","calc_backorders":null,"yoast_head":"<!-- This site is optimized with the Yoast SEO plugin v27.3 - https:\/\/yoast.com\/product\/yoast-seo-wordpress\/ -->\n<title>Borsa Torvol Freestyle - Iha Race<\/title>\n<meta name=\"robots\" content=\"index, follow, max-snippet:-1, max-image-preview:large, max-video-preview:-1\" \/>\n<link rel=\"canonical\" href=\"https:\/\/iha-race.com\/it\/prodotto\/torvol-quad-pitstop-bag\/\" \/>\n<meta property=\"og:locale\" content=\"it_IT\" \/>\n<meta property=\"og:type\" content=\"article\" \/>\n<meta property=\"og:title\" content=\"Borsa Torvol Freestyle - Iha Race\" \/>\n<meta property=\"og:description\" content=\"La borsa per droni pi\u00f9 versatile del mercato. La borsa Torvol Freestyle \u00e8 una borsa FPV ricca di funzioni. Si tratta di una configurazione di prodotti 3 in 1. Pertanto,\" \/>\n<meta property=\"og:url\" content=\"https:\/\/iha-race.com\/it\/prodotto\/torvol-quad-pitstop-bag\/\" \/>\n<meta property=\"og:site_name\" content=\"Iha Race\" \/>\n<meta property=\"article:modified_time\" content=\"2026-03-23T17:02:53+00:00\" \/>\n<meta property=\"og:image\" content=\"https:\/\/iha-race.com\/wp-content\/uploads\/2018\/07\/FREESTYLE-BAG1.jpg\" \/>\n\t<meta property=\"og:image:width\" content=\"2160\" \/>\n\t<meta property=\"og:image:height\" content=\"2160\" \/>\n\t<meta property=\"og:image:type\" content=\"image\/jpeg\" \/>\n<meta name=\"twitter:card\" content=\"summary_large_image\" \/>\n<meta name=\"twitter:label1\" content=\"Tempo di lettura stimato\" \/>\n\t<meta name=\"twitter:data1\" content=\"1 minuto\" \/>\n<script type=\"application\/ld+json\" class=\"yoast-schema-graph\">{\"@context\":\"https:\\\/\\\/schema.org\",\"@graph\":[{\"@type\":\"WebPage\",\"@id\":\"https:\\\/\\\/iha-race.com\\\/it\\\/prodotto\\\/torvol-quad-pitstop-bag\\\/\",\"url\":\"https:\\\/\\\/iha-race.com\\\/it\\\/prodotto\\\/torvol-quad-pitstop-bag\\\/\",\"name\":\"Borsa Torvol Freestyle - Iha Race\",\"isPartOf\":{\"@id\":\"https:\\\/\\\/iha-race.com\\\/it\\\/#website\"},\"primaryImageOfPage\":{\"@id\":\"https:\\\/\\\/iha-race.com\\\/it\\\/prodotto\\\/torvol-quad-pitstop-bag\\\/#primaryimage\"},\"image\":{\"@id\":\"https:\\\/\\\/iha-race.com\\\/it\\\/prodotto\\\/torvol-quad-pitstop-bag\\\/#primaryimage\"},\"thumbnailUrl\":\"https:\\\/\\\/iha-race.com\\\/wp-content\\\/uploads\\\/2018\\\/07\\\/FREESTYLE-BAG1.jpg\",\"datePublished\":\"2018-07-23T16:07:25+00:00\",\"dateModified\":\"2026-03-23T17:02:53+00:00\",\"breadcrumb\":{\"@id\":\"https:\\\/\\\/iha-race.com\\\/it\\\/prodotto\\\/torvol-quad-pitstop-bag\\\/#breadcrumb\"},\"inLanguage\":\"it-IT\",\"potentialAction\":[{\"@type\":\"ReadAction\",\"target\":[\"https:\\\/\\\/iha-race.com\\\/it\\\/prodotto\\\/torvol-quad-pitstop-bag\\\/\"]}]},{\"@type\":\"ImageObject\",\"inLanguage\":\"it-IT\",\"@id\":\"https:\\\/\\\/iha-race.com\\\/it\\\/prodotto\\\/torvol-quad-pitstop-bag\\\/#primaryimage\",\"url\":\"https:\\\/\\\/iha-race.com\\\/wp-content\\\/uploads\\\/2018\\\/07\\\/FREESTYLE-BAG1.jpg\",\"contentUrl\":\"https:\\\/\\\/iha-race.com\\\/wp-content\\\/uploads\\\/2018\\\/07\\\/FREESTYLE-BAG1.jpg\",\"width\":2160,\"height\":2160,\"caption\":\"Borsa Torvol Freestyle\"},{\"@type\":\"BreadcrumbList\",\"@id\":\"https:\\\/\\\/iha-race.com\\\/it\\\/prodotto\\\/torvol-quad-pitstop-bag\\\/#breadcrumb\",\"itemListElement\":[{\"@type\":\"ListItem\",\"position\":1,\"name\":\"Portada\",\"item\":\"https:\\\/\\\/iha-race.com\\\/it\\\/\"},{\"@type\":\"ListItem\",\"position\":2,\"name\":\"Negozio\",\"item\":\"https:\\\/\\\/iha-race.com\\\/it\\\/negozio\\\/\"},{\"@type\":\"ListItem\",\"position\":3,\"name\":\"Borsa Torvol Freestyle\"}]},{\"@type\":\"WebSite\",\"@id\":\"https:\\\/\\\/iha-race.com\\\/it\\\/#website\",\"url\":\"https:\\\/\\\/iha-race.com\\\/it\\\/\",\"name\":\"Iha Race\",\"description\":\"Comprar drones de carreras FPV env\u00edos en un d\u00eda desde Espa\u00f1a\",\"publisher\":{\"@id\":\"https:\\\/\\\/iha-race.com\\\/it\\\/#organization\"},\"potentialAction\":[{\"@type\":\"SearchAction\",\"target\":{\"@type\":\"EntryPoint\",\"urlTemplate\":\"https:\\\/\\\/iha-race.com\\\/it\\\/?s={search_term_string}\"},\"query-input\":{\"@type\":\"PropertyValueSpecification\",\"valueRequired\":true,\"valueName\":\"search_term_string\"}}],\"inLanguage\":\"it-IT\"},{\"@type\":\"Organization\",\"@id\":\"https:\\\/\\\/iha-race.com\\\/it\\\/#organization\",\"name\":\"Iha Race\",\"url\":\"https:\\\/\\\/iha-race.com\\\/it\\\/\",\"logo\":{\"@type\":\"ImageObject\",\"inLanguage\":\"it-IT\",\"@id\":\"https:\\\/\\\/iha-race.com\\\/it\\\/#\\\/schema\\\/logo\\\/image\\\/\",\"url\":\"https:\\\/\\\/iha-race.com\\\/wp-content\\\/uploads\\\/2018\\\/07\\\/iha-race-drones-de-carreras-tienda-comprar-drones.png\",\"contentUrl\":\"https:\\\/\\\/iha-race.com\\\/wp-content\\\/uploads\\\/2018\\\/07\\\/iha-race-drones-de-carreras-tienda-comprar-drones.png\",\"width\":300,\"height\":100,\"caption\":\"Iha Race\"},\"image\":{\"@id\":\"https:\\\/\\\/iha-race.com\\\/it\\\/#\\\/schema\\\/logo\\\/image\\\/\"}}]}<\/script>\n<!-- \/ Yoast SEO plugin. -->","yoast_head_json":{"title":"Borsa Torvol Freestyle - Iha Race","robots":{"index":"index","follow":"follow","max-snippet":"max-snippet:-1","max-image-preview":"max-image-preview:large","max-video-preview":"max-video-preview:-1"},"canonical":"https:\/\/iha-race.com\/it\/prodotto\/torvol-quad-pitstop-bag\/","og_locale":"it_IT","og_type":"article","og_title":"Borsa Torvol Freestyle - Iha Race","og_description":"La borsa per droni pi\u00f9 versatile del mercato. La borsa Torvol Freestyle \u00e8 una borsa FPV ricca di funzioni. Si tratta di una configurazione di prodotti 3 in 1. Pertanto,","og_url":"https:\/\/iha-race.com\/it\/prodotto\/torvol-quad-pitstop-bag\/","og_site_name":"Iha Race","article_modified_time":"2026-03-23T17:02:53+00:00","og_image":[{"width":2160,"height":2160,"url":"https:\/\/iha-race.com\/wp-content\/uploads\/2018\/07\/FREESTYLE-BAG1.jpg","type":"image\/jpeg"}],"twitter_card":"summary_large_image","twitter_misc":{"Tempo di lettura stimato":"1 minuto"},"schema":{"@context":"https:\/\/schema.org","@graph":[{"@type":"WebPage","@id":"https:\/\/iha-race.com\/it\/prodotto\/torvol-quad-pitstop-bag\/","url":"https:\/\/iha-race.com\/it\/prodotto\/torvol-quad-pitstop-bag\/","name":"Borsa Torvol Freestyle - Iha Race","isPartOf":{"@id":"https:\/\/iha-race.com\/it\/#website"},"primaryImageOfPage":{"@id":"https:\/\/iha-race.com\/it\/prodotto\/torvol-quad-pitstop-bag\/#primaryimage"},"image":{"@id":"https:\/\/iha-race.com\/it\/prodotto\/torvol-quad-pitstop-bag\/#primaryimage"},"thumbnailUrl":"https:\/\/iha-race.com\/wp-content\/uploads\/2018\/07\/FREESTYLE-BAG1.jpg","datePublished":"2018-07-23T16:07:25+00:00","dateModified":"2026-03-23T17:02:53+00:00","breadcrumb":{"@id":"https:\/\/iha-race.com\/it\/prodotto\/torvol-quad-pitstop-bag\/#breadcrumb"},"inLanguage":"it-IT","potentialAction":[{"@type":"ReadAction","target":["https:\/\/iha-race.com\/it\/prodotto\/torvol-quad-pitstop-bag\/"]}]},{"@type":"ImageObject","inLanguage":"it-IT","@id":"https:\/\/iha-race.com\/it\/prodotto\/torvol-quad-pitstop-bag\/#primaryimage","url":"https:\/\/iha-race.com\/wp-content\/uploads\/2018\/07\/FREESTYLE-BAG1.jpg","contentUrl":"https:\/\/iha-race.com\/wp-content\/uploads\/2018\/07\/FREESTYLE-BAG1.jpg","width":2160,"height":2160,"caption":"Borsa Torvol Freestyle"},{"@type":"BreadcrumbList","@id":"https:\/\/iha-race.com\/it\/prodotto\/torvol-quad-pitstop-bag\/#breadcrumb","itemListElement":[{"@type":"ListItem","position":1,"name":"Portada","item":"https:\/\/iha-race.com\/it\/"},{"@type":"ListItem","position":2,"name":"Negozio","item":"https:\/\/iha-race.com\/it\/negozio\/"},{"@type":"ListItem","position":3,"name":"Borsa Torvol Freestyle"}]},{"@type":"WebSite","@id":"https:\/\/iha-race.com\/it\/#website","url":"https:\/\/iha-race.com\/it\/","name":"Iha Race","description":"Comprar drones de carreras FPV env\u00edos en un d\u00eda desde Espa\u00f1a","publisher":{"@id":"https:\/\/iha-race.com\/it\/#organization"},"potentialAction":[{"@type":"SearchAction","target":{"@type":"EntryPoint","urlTemplate":"https:\/\/iha-race.com\/it\/?s={search_term_string}"},"query-input":{"@type":"PropertyValueSpecification","valueRequired":true,"valueName":"search_term_string"}}],"inLanguage":"it-IT"},{"@type":"Organization","@id":"https:\/\/iha-race.com\/it\/#organization","name":"Iha Race","url":"https:\/\/iha-race.com\/it\/","logo":{"@type":"ImageObject","inLanguage":"it-IT","@id":"https:\/\/iha-race.com\/it\/#\/schema\/logo\/image\/","url":"https:\/\/iha-race.com\/wp-content\/uploads\/2018\/07\/iha-race-drones-de-carreras-tienda-comprar-drones.png","contentUrl":"https:\/\/iha-race.com\/wp-content\/uploads\/2018\/07\/iha-race-drones-de-carreras-tienda-comprar-drones.png","width":300,"height":100,"caption":"Iha Race"},"image":{"@id":"https:\/\/iha-race.com\/it\/#\/schema\/logo\/image\/"}}]}},"jetpack_sharing_enabled":true,"brands":[],"_links":{"self":[{"href":"https:\/\/iha-race.com\/it\/wp-json\/wp\/v2\/product\/111538","targetHints":{"allow":["GET"]}}],"collection":[{"href":"https:\/\/iha-race.com\/it\/wp-json\/wp\/v2\/product"}],"about":[{"href":"https:\/\/iha-race.com\/it\/wp-json\/wp\/v2\/types\/product"}],"replies":[{"embeddable":true,"href":"https:\/\/iha-race.com\/it\/wp-json\/wp\/v2\/comments?post=111538"}],"version-history":[{"count":2,"href":"https:\/\/iha-race.com\/it\/wp-json\/wp\/v2\/product\/111538\/revisions"}],"predecessor-version":[{"id":250561,"href":"https:\/\/iha-race.com\/it\/wp-json\/wp\/v2\/product\/111538\/revisions\/250561"}],"wp:featuredmedia":[{"embeddable":true,"href":"https:\/\/iha-race.com\/it\/wp-json\/wp\/v2\/media\/84034"}],"wp:attachment":[{"href":"https:\/\/iha-race.com\/it\/wp-json\/wp\/v2\/media?parent=111538"}],"wp:term":[{"taxonomy":"pwb-brand","embeddable":true,"href":"https:\/\/iha-race.com\/it\/wp-json\/wp\/v2\/pwb-brand?post=111538"},{"taxonomy":"product_cat","embeddable":true,"href":"https:\/\/iha-race.com\/it\/wp-json\/wp\/v2\/product_cat?post=111538"},{"taxonomy":"product_tag","embeddable":true,"href":"https:\/\/iha-race.com\/it\/wp-json\/wp\/v2\/product_tag?post=111538"}],"curies":[{"name":"wp","href":"https:\/\/api.w.org\/{rel}","templated":true}]}}