{"id":111525,"date":"2018-07-23T19:18:05","date_gmt":"2018-07-23T17:18:05","guid":{"rendered":"https:\/\/iha-race.com\/producto\/vite-in-nylon-a-testa-tonda-m3-10-pezzi-5-6-8-10-12-15-18-20-25-mm\/"},"modified":"2026-03-21T19:45:56","modified_gmt":"2026-03-21T18:45:56","slug":"tornillo-nylon-cabeza-redonda-m3-10-piezas-5-6-8-10-12-15-18-20-25-mm","status":"publish","type":"product","link":"https:\/\/iha-race.com\/it\/prodotto\/tornillo-nylon-cabeza-redonda-m3-10-piezas-5-6-8-10-12-15-18-20-25-mm\/","title":{"rendered":"Vite in nylon a testa tonda M3 (10 pezzi) 5, 6, 8, 10, 12, 15, 18, 20, 25 mm"},"content":{"rendered":"<h2>Vite in nylon a testa tonda M3 (10 pezzi) 5, 6, 8, 10, 12, 15, 18, 20, 25 mm<\/h2>\n<h3>Il pacchetto comprende:<\/h3>\n<ul>\n<li>10 x Vite in nylon a testa tonda M3 (10 pezzi) da scegliere tra le misure: 5, 6, 8, 10, 12, 15, 18, 20, 25 mm<\/li>\n<\/ul>\n<p>&nbsp;<\/p>\n","protected":false},"excerpt":{"rendered":"<p>Vite in nylon a testa tonda M3 (10 pezzi) 5, 6, 8, 10, 12, 15, 18, 20, 25 mm Il pacchetto comprende: 10 x Vite in nylon a testa tonda<\/p>\n","protected":false},"featured_media":88264,"comment_status":"open","ping_status":"closed","template":"","meta":{"_joinchat":[]},"pwb-brand":[3586],"product_cat":[2513,2634],"product_tag":[],"class_list":{"0":"post-111525","1":"product","2":"type-product","3":"status-publish","4":"has-post-thumbnail","6":"pwb-brand-iha-race","7":"product_cat-zubehor","8":"product_cat--schrauben","10":"first","11":"instock","12":"taxable","13":"shipping-taxable","14":"purchasable","15":"product-type-variable"},"barcode":null,"atum_controlled":true,"out_stock_date":null,"out_stock_threshold":null,"inheritable":true,"stock_on_hold":0,"sold_today":0,"sales_last_days":0,"out_stock_days":0,"lost_sales":0,"update_date":"2026-04-08T10:17:17","atum_locations":[],"atum_stock_status":"instock","restock_status":false,"low_stock_amount":"","sales_update_date":"2026-04-08T10:17:17","calc_backorders":null,"yoast_head":"<!-- This site is optimized with the Yoast SEO plugin v27.3 - https:\/\/yoast.com\/product\/yoast-seo-wordpress\/ -->\n<title>Vite in nylon a testa tonda M3 (10 pezzi) 5, 6, 8, 10, 12, 15, 18, 20, 25 mm - Iha Race<\/title>\n<meta name=\"robots\" content=\"noindex, follow\" \/>\n<meta property=\"og:locale\" content=\"it_IT\" \/>\n<meta property=\"og:type\" content=\"article\" \/>\n<meta property=\"og:title\" content=\"Vite in nylon a testa tonda M3 (10 pezzi) 5, 6, 8, 10, 12, 15, 18, 20, 25 mm - Iha Race\" \/>\n<meta property=\"og:description\" content=\"Vite in nylon a testa tonda M3 (10 pezzi) 5, 6, 8, 10, 12, 15, 18, 20, 25 mm Il pacchetto comprende: 10 x Vite in nylon a testa tonda\" \/>\n<meta property=\"og:url\" content=\"https:\/\/iha-race.com\/it\/prodotto\/tornillo-nylon-cabeza-redonda-m3-10-piezas-5-6-8-10-12-15-18-20-25-mm\/\" \/>\n<meta property=\"og:site_name\" content=\"Iha Race\" \/>\n<meta property=\"article:modified_time\" content=\"2026-03-21T18:45:56+00:00\" \/>\n<meta property=\"og:image\" content=\"https:\/\/iha-race.com\/wp-content\/uploads\/2018\/07\/comprar-tornillo-nylon-m3-cabeza-redonda-buena-calidad-varias-medidas.jpg\" \/>\n\t<meta property=\"og:image:width\" content=\"800\" \/>\n\t<meta property=\"og:image:height\" content=\"800\" \/>\n\t<meta property=\"og:image:type\" content=\"image\/jpeg\" \/>\n<meta name=\"twitter:card\" content=\"summary_large_image\" \/>\n<script type=\"application\/ld+json\" class=\"yoast-schema-graph\">{\"@context\":\"https:\\\/\\\/schema.org\",\"@graph\":[{\"@type\":\"WebPage\",\"@id\":\"https:\\\/\\\/iha-race.com\\\/it\\\/prodotto\\\/tornillo-nylon-cabeza-redonda-m3-10-piezas-5-6-8-10-12-15-18-20-25-mm\\\/\",\"url\":\"https:\\\/\\\/iha-race.com\\\/it\\\/prodotto\\\/tornillo-nylon-cabeza-redonda-m3-10-piezas-5-6-8-10-12-15-18-20-25-mm\\\/\",\"name\":\"Vite in nylon a testa tonda M3 (10 pezzi) 5, 6, 8, 10, 12, 15, 18, 20, 25 mm - Iha Race\",\"isPartOf\":{\"@id\":\"https:\\\/\\\/iha-race.com\\\/it\\\/#website\"},\"primaryImageOfPage\":{\"@id\":\"https:\\\/\\\/iha-race.com\\\/it\\\/prodotto\\\/tornillo-nylon-cabeza-redonda-m3-10-piezas-5-6-8-10-12-15-18-20-25-mm\\\/#primaryimage\"},\"image\":{\"@id\":\"https:\\\/\\\/iha-race.com\\\/it\\\/prodotto\\\/tornillo-nylon-cabeza-redonda-m3-10-piezas-5-6-8-10-12-15-18-20-25-mm\\\/#primaryimage\"},\"thumbnailUrl\":\"https:\\\/\\\/iha-race.com\\\/wp-content\\\/uploads\\\/2018\\\/07\\\/comprar-tornillo-nylon-m3-cabeza-redonda-buena-calidad-varias-medidas.jpg\",\"datePublished\":\"2018-07-23T17:18:05+00:00\",\"dateModified\":\"2026-03-21T18:45:56+00:00\",\"breadcrumb\":{\"@id\":\"https:\\\/\\\/iha-race.com\\\/it\\\/prodotto\\\/tornillo-nylon-cabeza-redonda-m3-10-piezas-5-6-8-10-12-15-18-20-25-mm\\\/#breadcrumb\"},\"inLanguage\":\"it-IT\",\"potentialAction\":[{\"@type\":\"ReadAction\",\"target\":[\"https:\\\/\\\/iha-race.com\\\/it\\\/prodotto\\\/tornillo-nylon-cabeza-redonda-m3-10-piezas-5-6-8-10-12-15-18-20-25-mm\\\/\"]}]},{\"@type\":\"ImageObject\",\"inLanguage\":\"it-IT\",\"@id\":\"https:\\\/\\\/iha-race.com\\\/it\\\/prodotto\\\/tornillo-nylon-cabeza-redonda-m3-10-piezas-5-6-8-10-12-15-18-20-25-mm\\\/#primaryimage\",\"url\":\"https:\\\/\\\/iha-race.com\\\/wp-content\\\/uploads\\\/2018\\\/07\\\/comprar-tornillo-nylon-m3-cabeza-redonda-buena-calidad-varias-medidas.jpg\",\"contentUrl\":\"https:\\\/\\\/iha-race.com\\\/wp-content\\\/uploads\\\/2018\\\/07\\\/comprar-tornillo-nylon-m3-cabeza-redonda-buena-calidad-varias-medidas.jpg\",\"width\":800,\"height\":800,\"caption\":\"acquistare vite in nylon m3 testa tonda buona qualit\u00e0 varie dimensioni opportunit\u00e0\"},{\"@type\":\"BreadcrumbList\",\"@id\":\"https:\\\/\\\/iha-race.com\\\/it\\\/prodotto\\\/tornillo-nylon-cabeza-redonda-m3-10-piezas-5-6-8-10-12-15-18-20-25-mm\\\/#breadcrumb\",\"itemListElement\":[{\"@type\":\"ListItem\",\"position\":1,\"name\":\"Portada\",\"item\":\"https:\\\/\\\/iha-race.com\\\/it\\\/\"},{\"@type\":\"ListItem\",\"position\":2,\"name\":\"Negozio\",\"item\":\"https:\\\/\\\/iha-race.com\\\/it\\\/negozio\\\/\"},{\"@type\":\"ListItem\",\"position\":3,\"name\":\"Vite in nylon a testa tonda M3 (10 pezzi) 5, 6, 8, 10, 12, 15, 18, 20, 25 mm\"}]},{\"@type\":\"WebSite\",\"@id\":\"https:\\\/\\\/iha-race.com\\\/it\\\/#website\",\"url\":\"https:\\\/\\\/iha-race.com\\\/it\\\/\",\"name\":\"Iha Race\",\"description\":\"Comprar drones de carreras FPV env\u00edos en un d\u00eda desde Espa\u00f1a\",\"publisher\":{\"@id\":\"https:\\\/\\\/iha-race.com\\\/it\\\/#organization\"},\"potentialAction\":[{\"@type\":\"SearchAction\",\"target\":{\"@type\":\"EntryPoint\",\"urlTemplate\":\"https:\\\/\\\/iha-race.com\\\/it\\\/?s={search_term_string}\"},\"query-input\":{\"@type\":\"PropertyValueSpecification\",\"valueRequired\":true,\"valueName\":\"search_term_string\"}}],\"inLanguage\":\"it-IT\"},{\"@type\":\"Organization\",\"@id\":\"https:\\\/\\\/iha-race.com\\\/it\\\/#organization\",\"name\":\"Iha Race\",\"url\":\"https:\\\/\\\/iha-race.com\\\/it\\\/\",\"logo\":{\"@type\":\"ImageObject\",\"inLanguage\":\"it-IT\",\"@id\":\"https:\\\/\\\/iha-race.com\\\/it\\\/#\\\/schema\\\/logo\\\/image\\\/\",\"url\":\"https:\\\/\\\/iha-race.com\\\/wp-content\\\/uploads\\\/2018\\\/07\\\/iha-race-drones-de-carreras-tienda-comprar-drones.png\",\"contentUrl\":\"https:\\\/\\\/iha-race.com\\\/wp-content\\\/uploads\\\/2018\\\/07\\\/iha-race-drones-de-carreras-tienda-comprar-drones.png\",\"width\":300,\"height\":100,\"caption\":\"Iha Race\"},\"image\":{\"@id\":\"https:\\\/\\\/iha-race.com\\\/it\\\/#\\\/schema\\\/logo\\\/image\\\/\"}}]}<\/script>\n<!-- \/ Yoast SEO plugin. -->","yoast_head_json":{"title":"Vite in nylon a testa tonda M3 (10 pezzi) 5, 6, 8, 10, 12, 15, 18, 20, 25 mm - Iha Race","robots":{"index":"noindex","follow":"follow"},"og_locale":"it_IT","og_type":"article","og_title":"Vite in nylon a testa tonda M3 (10 pezzi) 5, 6, 8, 10, 12, 15, 18, 20, 25 mm - Iha Race","og_description":"Vite in nylon a testa tonda M3 (10 pezzi) 5, 6, 8, 10, 12, 15, 18, 20, 25 mm Il pacchetto comprende: 10 x Vite in nylon a testa tonda","og_url":"https:\/\/iha-race.com\/it\/prodotto\/tornillo-nylon-cabeza-redonda-m3-10-piezas-5-6-8-10-12-15-18-20-25-mm\/","og_site_name":"Iha Race","article_modified_time":"2026-03-21T18:45:56+00:00","og_image":[{"width":800,"height":800,"url":"https:\/\/iha-race.com\/wp-content\/uploads\/2018\/07\/comprar-tornillo-nylon-m3-cabeza-redonda-buena-calidad-varias-medidas.jpg","type":"image\/jpeg"}],"twitter_card":"summary_large_image","schema":{"@context":"https:\/\/schema.org","@graph":[{"@type":"WebPage","@id":"https:\/\/iha-race.com\/it\/prodotto\/tornillo-nylon-cabeza-redonda-m3-10-piezas-5-6-8-10-12-15-18-20-25-mm\/","url":"https:\/\/iha-race.com\/it\/prodotto\/tornillo-nylon-cabeza-redonda-m3-10-piezas-5-6-8-10-12-15-18-20-25-mm\/","name":"Vite in nylon a testa tonda M3 (10 pezzi) 5, 6, 8, 10, 12, 15, 18, 20, 25 mm - Iha Race","isPartOf":{"@id":"https:\/\/iha-race.com\/it\/#website"},"primaryImageOfPage":{"@id":"https:\/\/iha-race.com\/it\/prodotto\/tornillo-nylon-cabeza-redonda-m3-10-piezas-5-6-8-10-12-15-18-20-25-mm\/#primaryimage"},"image":{"@id":"https:\/\/iha-race.com\/it\/prodotto\/tornillo-nylon-cabeza-redonda-m3-10-piezas-5-6-8-10-12-15-18-20-25-mm\/#primaryimage"},"thumbnailUrl":"https:\/\/iha-race.com\/wp-content\/uploads\/2018\/07\/comprar-tornillo-nylon-m3-cabeza-redonda-buena-calidad-varias-medidas.jpg","datePublished":"2018-07-23T17:18:05+00:00","dateModified":"2026-03-21T18:45:56+00:00","breadcrumb":{"@id":"https:\/\/iha-race.com\/it\/prodotto\/tornillo-nylon-cabeza-redonda-m3-10-piezas-5-6-8-10-12-15-18-20-25-mm\/#breadcrumb"},"inLanguage":"it-IT","potentialAction":[{"@type":"ReadAction","target":["https:\/\/iha-race.com\/it\/prodotto\/tornillo-nylon-cabeza-redonda-m3-10-piezas-5-6-8-10-12-15-18-20-25-mm\/"]}]},{"@type":"ImageObject","inLanguage":"it-IT","@id":"https:\/\/iha-race.com\/it\/prodotto\/tornillo-nylon-cabeza-redonda-m3-10-piezas-5-6-8-10-12-15-18-20-25-mm\/#primaryimage","url":"https:\/\/iha-race.com\/wp-content\/uploads\/2018\/07\/comprar-tornillo-nylon-m3-cabeza-redonda-buena-calidad-varias-medidas.jpg","contentUrl":"https:\/\/iha-race.com\/wp-content\/uploads\/2018\/07\/comprar-tornillo-nylon-m3-cabeza-redonda-buena-calidad-varias-medidas.jpg","width":800,"height":800,"caption":"acquistare vite in nylon m3 testa tonda buona qualit\u00e0 varie dimensioni opportunit\u00e0"},{"@type":"BreadcrumbList","@id":"https:\/\/iha-race.com\/it\/prodotto\/tornillo-nylon-cabeza-redonda-m3-10-piezas-5-6-8-10-12-15-18-20-25-mm\/#breadcrumb","itemListElement":[{"@type":"ListItem","position":1,"name":"Portada","item":"https:\/\/iha-race.com\/it\/"},{"@type":"ListItem","position":2,"name":"Negozio","item":"https:\/\/iha-race.com\/it\/negozio\/"},{"@type":"ListItem","position":3,"name":"Vite in nylon a testa tonda M3 (10 pezzi) 5, 6, 8, 10, 12, 15, 18, 20, 25 mm"}]},{"@type":"WebSite","@id":"https:\/\/iha-race.com\/it\/#website","url":"https:\/\/iha-race.com\/it\/","name":"Iha Race","description":"Comprar drones de carreras FPV env\u00edos en un d\u00eda desde Espa\u00f1a","publisher":{"@id":"https:\/\/iha-race.com\/it\/#organization"},"potentialAction":[{"@type":"SearchAction","target":{"@type":"EntryPoint","urlTemplate":"https:\/\/iha-race.com\/it\/?s={search_term_string}"},"query-input":{"@type":"PropertyValueSpecification","valueRequired":true,"valueName":"search_term_string"}}],"inLanguage":"it-IT"},{"@type":"Organization","@id":"https:\/\/iha-race.com\/it\/#organization","name":"Iha Race","url":"https:\/\/iha-race.com\/it\/","logo":{"@type":"ImageObject","inLanguage":"it-IT","@id":"https:\/\/iha-race.com\/it\/#\/schema\/logo\/image\/","url":"https:\/\/iha-race.com\/wp-content\/uploads\/2018\/07\/iha-race-drones-de-carreras-tienda-comprar-drones.png","contentUrl":"https:\/\/iha-race.com\/wp-content\/uploads\/2018\/07\/iha-race-drones-de-carreras-tienda-comprar-drones.png","width":300,"height":100,"caption":"Iha Race"},"image":{"@id":"https:\/\/iha-race.com\/it\/#\/schema\/logo\/image\/"}}]}},"jetpack_sharing_enabled":true,"brands":[{"id":3586,"name":"IHA Race","slug":"iha-race"}],"_links":{"self":[{"href":"https:\/\/iha-race.com\/it\/wp-json\/wp\/v2\/product\/111525","targetHints":{"allow":["GET"]}}],"collection":[{"href":"https:\/\/iha-race.com\/it\/wp-json\/wp\/v2\/product"}],"about":[{"href":"https:\/\/iha-race.com\/it\/wp-json\/wp\/v2\/types\/product"}],"replies":[{"embeddable":true,"href":"https:\/\/iha-race.com\/it\/wp-json\/wp\/v2\/comments?post=111525"}],"version-history":[{"count":1,"href":"https:\/\/iha-race.com\/it\/wp-json\/wp\/v2\/product\/111525\/revisions"}],"predecessor-version":[{"id":115675,"href":"https:\/\/iha-race.com\/it\/wp-json\/wp\/v2\/product\/111525\/revisions\/115675"}],"wp:featuredmedia":[{"embeddable":true,"href":"https:\/\/iha-race.com\/it\/wp-json\/wp\/v2\/media\/88264"}],"wp:attachment":[{"href":"https:\/\/iha-race.com\/it\/wp-json\/wp\/v2\/media?parent=111525"}],"wp:term":[{"taxonomy":"pwb-brand","embeddable":true,"href":"https:\/\/iha-race.com\/it\/wp-json\/wp\/v2\/pwb-brand?post=111525"},{"taxonomy":"product_cat","embeddable":true,"href":"https:\/\/iha-race.com\/it\/wp-json\/wp\/v2\/product_cat?post=111525"},{"taxonomy":"product_tag","embeddable":true,"href":"https:\/\/iha-race.com\/it\/wp-json\/wp\/v2\/product_tag?post=111525"}],"curies":[{"name":"wp","href":"https:\/\/api.w.org\/{rel}","templated":true}]}}