{"id":111417,"date":"2018-07-23T12:25:23","date_gmt":"2018-07-23T10:25:23","guid":{"rendered":"https:\/\/iha-race.com\/producto\/elica-gemfan-pc-3035x3-bn-set-di-4-eliche\/"},"modified":"2024-08-29T16:42:12","modified_gmt":"2024-08-29T14:42:12","slug":"helice-gemfan-pc-3035x3-bn-juego-4-helices","status":"publish","type":"product","link":"https:\/\/iha-race.com\/it\/prodotto\/helice-gemfan-pc-3035x3-bn-juego-4-helices\/","title":{"rendered":"Elica Gemfan PC 3035&#215;3 BN (Set di 4 eliche)"},"content":{"rendered":"<h2>Elica Gemfan PC 3035&#215;3 BN (Set di 4 eliche)<\/h2>\n<h3><strong>Specifiche:<\/strong><\/h3>\n<ul>\n<li>Marchio: Gemfan<\/li>\n<li>Foro centrale: 5 mm<\/li>\n<li>Colori: verde, arancione e nero<\/li>\n<li>Materiale: poli-carbonato<\/li>\n<\/ul>\n<p><strong>Include:<\/strong><\/p>\n<ul>\n<li>2 x Eliche cw 3035<\/li>\n<li>2 eliche ccw 3035<\/li>\n<\/ul>\n","protected":false},"excerpt":{"rendered":"<p>Elica Gemfan PC 3035&#215;3 BN (Set di 4 eliche) Specifiche: Marchio: Gemfan Foro centrale: 5 mm Colori: verde, arancione e nero Materiale: poli-carbonato Include: 2 x Eliche cw 3035 2<\/p>\n","protected":false},"featured_media":93303,"comment_status":"open","ping_status":"closed","template":"","meta":{"_joinchat":[]},"pwb-brand":[],"product_cat":[1387,1238,1390],"product_tag":[],"class_list":{"0":"post-111417","1":"product","2":"type-product","3":"status-publish","4":"has-post-thumbnail","6":"product_cat-1387","7":"product_cat-eliche-fpv","8":"product_cat-tripalas-it","10":"first","11":"instock","12":"taxable","13":"shipping-taxable","14":"purchasable","15":"product-type-variable"},"barcode":null,"atum_controlled":true,"out_stock_date":null,"out_stock_threshold":null,"inheritable":true,"stock_on_hold":0,"sold_today":1,"sales_last_days":7,"out_stock_days":0,"lost_sales":0,"update_date":"2026-04-18T22:21:40","atum_locations":[],"atum_stock_status":"instock","restock_status":false,"low_stock_amount":"","sales_update_date":"2026-04-18T22:21:40","calc_backorders":null,"yoast_head":"<!-- This site is optimized with the Yoast SEO plugin v27.3 - https:\/\/yoast.com\/product\/yoast-seo-wordpress\/ -->\n<title>Elica Gemfan PC 3035x3 BN (Set di 4 eliche) - Iha Race<\/title>\n<meta name=\"robots\" content=\"index, follow, max-snippet:-1, max-image-preview:large, max-video-preview:-1\" \/>\n<link rel=\"canonical\" href=\"https:\/\/iha-race.com\/it\/prodotto\/helice-gemfan-pc-3035x3-bn-juego-4-helices\/\" \/>\n<meta property=\"og:locale\" content=\"it_IT\" \/>\n<meta property=\"og:type\" content=\"article\" \/>\n<meta property=\"og:title\" content=\"Elica Gemfan PC 3035x3 BN (Set di 4 eliche) - Iha Race\" \/>\n<meta property=\"og:description\" content=\"Elica Gemfan PC 3035&#215;3 BN (Set di 4 eliche) Specifiche: Marchio: Gemfan Foro centrale: 5 mm Colori: verde, arancione e nero Materiale: poli-carbonato Include: 2 x Eliche cw 3035 2\" \/>\n<meta property=\"og:url\" content=\"https:\/\/iha-race.com\/it\/prodotto\/helice-gemfan-pc-3035x3-bn-juego-4-helices\/\" \/>\n<meta property=\"og:site_name\" content=\"Iha Race\" \/>\n<meta property=\"article:modified_time\" content=\"2024-08-29T14:42:12+00:00\" \/>\n<meta property=\"og:image\" content=\"https:\/\/iha-race.com\/wp-content\/uploads\/2018\/07\/He\u0301lice-Gemfan-PC-3035x3-BN-1.jpg\" \/>\n\t<meta property=\"og:image:width\" content=\"800\" \/>\n\t<meta property=\"og:image:height\" content=\"800\" \/>\n\t<meta property=\"og:image:type\" content=\"image\/jpeg\" \/>\n<meta name=\"twitter:card\" content=\"summary_large_image\" \/>\n<script type=\"application\/ld+json\" class=\"yoast-schema-graph\">{\"@context\":\"https:\\\/\\\/schema.org\",\"@graph\":[{\"@type\":\"WebPage\",\"@id\":\"https:\\\/\\\/iha-race.com\\\/it\\\/prodotto\\\/helice-gemfan-pc-3035x3-bn-juego-4-helices\\\/\",\"url\":\"https:\\\/\\\/iha-race.com\\\/it\\\/prodotto\\\/helice-gemfan-pc-3035x3-bn-juego-4-helices\\\/\",\"name\":\"Elica Gemfan PC 3035x3 BN (Set di 4 eliche) - Iha Race\",\"isPartOf\":{\"@id\":\"https:\\\/\\\/iha-race.com\\\/it\\\/#website\"},\"primaryImageOfPage\":{\"@id\":\"https:\\\/\\\/iha-race.com\\\/it\\\/prodotto\\\/helice-gemfan-pc-3035x3-bn-juego-4-helices\\\/#primaryimage\"},\"image\":{\"@id\":\"https:\\\/\\\/iha-race.com\\\/it\\\/prodotto\\\/helice-gemfan-pc-3035x3-bn-juego-4-helices\\\/#primaryimage\"},\"thumbnailUrl\":\"https:\\\/\\\/iha-race.com\\\/wp-content\\\/uploads\\\/2018\\\/07\\\/He\u0301lice-Gemfan-PC-3035x3-BN-1.jpg\",\"datePublished\":\"2018-07-23T10:25:23+00:00\",\"dateModified\":\"2024-08-29T14:42:12+00:00\",\"breadcrumb\":{\"@id\":\"https:\\\/\\\/iha-race.com\\\/it\\\/prodotto\\\/helice-gemfan-pc-3035x3-bn-juego-4-helices\\\/#breadcrumb\"},\"inLanguage\":\"it-IT\",\"potentialAction\":[{\"@type\":\"ReadAction\",\"target\":[\"https:\\\/\\\/iha-race.com\\\/it\\\/prodotto\\\/helice-gemfan-pc-3035x3-bn-juego-4-helices\\\/\"]}]},{\"@type\":\"ImageObject\",\"inLanguage\":\"it-IT\",\"@id\":\"https:\\\/\\\/iha-race.com\\\/it\\\/prodotto\\\/helice-gemfan-pc-3035x3-bn-juego-4-helices\\\/#primaryimage\",\"url\":\"https:\\\/\\\/iha-race.com\\\/wp-content\\\/uploads\\\/2018\\\/07\\\/He\u0301lice-Gemfan-PC-3035x3-BN-1.jpg\",\"contentUrl\":\"https:\\\/\\\/iha-race.com\\\/wp-content\\\/uploads\\\/2018\\\/07\\\/He\u0301lice-Gemfan-PC-3035x3-BN-1.jpg\",\"width\":800,\"height\":800,\"caption\":\"He\u0301lice-Gemfan-PC-3035x3-BN\"},{\"@type\":\"BreadcrumbList\",\"@id\":\"https:\\\/\\\/iha-race.com\\\/it\\\/prodotto\\\/helice-gemfan-pc-3035x3-bn-juego-4-helices\\\/#breadcrumb\",\"itemListElement\":[{\"@type\":\"ListItem\",\"position\":1,\"name\":\"Portada\",\"item\":\"https:\\\/\\\/iha-race.com\\\/it\\\/\"},{\"@type\":\"ListItem\",\"position\":2,\"name\":\"Negozio\",\"item\":\"https:\\\/\\\/iha-race.com\\\/it\\\/negozio\\\/\"},{\"@type\":\"ListItem\",\"position\":3,\"name\":\"Elica Gemfan PC 3035&#215;3 BN (Set di 4 eliche)\"}]},{\"@type\":\"WebSite\",\"@id\":\"https:\\\/\\\/iha-race.com\\\/it\\\/#website\",\"url\":\"https:\\\/\\\/iha-race.com\\\/it\\\/\",\"name\":\"Iha Race\",\"description\":\"Comprar drones de carreras FPV env\u00edos en un d\u00eda desde Espa\u00f1a\",\"publisher\":{\"@id\":\"https:\\\/\\\/iha-race.com\\\/it\\\/#organization\"},\"potentialAction\":[{\"@type\":\"SearchAction\",\"target\":{\"@type\":\"EntryPoint\",\"urlTemplate\":\"https:\\\/\\\/iha-race.com\\\/it\\\/?s={search_term_string}\"},\"query-input\":{\"@type\":\"PropertyValueSpecification\",\"valueRequired\":true,\"valueName\":\"search_term_string\"}}],\"inLanguage\":\"it-IT\"},{\"@type\":\"Organization\",\"@id\":\"https:\\\/\\\/iha-race.com\\\/it\\\/#organization\",\"name\":\"Iha Race\",\"url\":\"https:\\\/\\\/iha-race.com\\\/it\\\/\",\"logo\":{\"@type\":\"ImageObject\",\"inLanguage\":\"it-IT\",\"@id\":\"https:\\\/\\\/iha-race.com\\\/it\\\/#\\\/schema\\\/logo\\\/image\\\/\",\"url\":\"https:\\\/\\\/iha-race.com\\\/wp-content\\\/uploads\\\/2018\\\/07\\\/iha-race-drones-de-carreras-tienda-comprar-drones.png\",\"contentUrl\":\"https:\\\/\\\/iha-race.com\\\/wp-content\\\/uploads\\\/2018\\\/07\\\/iha-race-drones-de-carreras-tienda-comprar-drones.png\",\"width\":300,\"height\":100,\"caption\":\"Iha Race\"},\"image\":{\"@id\":\"https:\\\/\\\/iha-race.com\\\/it\\\/#\\\/schema\\\/logo\\\/image\\\/\"}}]}<\/script>\n<!-- \/ Yoast SEO plugin. -->","yoast_head_json":{"title":"Elica Gemfan PC 3035x3 BN (Set di 4 eliche) - Iha Race","robots":{"index":"index","follow":"follow","max-snippet":"max-snippet:-1","max-image-preview":"max-image-preview:large","max-video-preview":"max-video-preview:-1"},"canonical":"https:\/\/iha-race.com\/it\/prodotto\/helice-gemfan-pc-3035x3-bn-juego-4-helices\/","og_locale":"it_IT","og_type":"article","og_title":"Elica Gemfan PC 3035x3 BN (Set di 4 eliche) - Iha Race","og_description":"Elica Gemfan PC 3035&#215;3 BN (Set di 4 eliche) Specifiche: Marchio: Gemfan Foro centrale: 5 mm Colori: verde, arancione e nero Materiale: poli-carbonato Include: 2 x Eliche cw 3035 2","og_url":"https:\/\/iha-race.com\/it\/prodotto\/helice-gemfan-pc-3035x3-bn-juego-4-helices\/","og_site_name":"Iha Race","article_modified_time":"2024-08-29T14:42:12+00:00","og_image":[{"width":800,"height":800,"url":"https:\/\/iha-race.com\/wp-content\/uploads\/2018\/07\/He\u0301lice-Gemfan-PC-3035x3-BN-1.jpg","type":"image\/jpeg"}],"twitter_card":"summary_large_image","schema":{"@context":"https:\/\/schema.org","@graph":[{"@type":"WebPage","@id":"https:\/\/iha-race.com\/it\/prodotto\/helice-gemfan-pc-3035x3-bn-juego-4-helices\/","url":"https:\/\/iha-race.com\/it\/prodotto\/helice-gemfan-pc-3035x3-bn-juego-4-helices\/","name":"Elica Gemfan PC 3035x3 BN (Set di 4 eliche) - Iha Race","isPartOf":{"@id":"https:\/\/iha-race.com\/it\/#website"},"primaryImageOfPage":{"@id":"https:\/\/iha-race.com\/it\/prodotto\/helice-gemfan-pc-3035x3-bn-juego-4-helices\/#primaryimage"},"image":{"@id":"https:\/\/iha-race.com\/it\/prodotto\/helice-gemfan-pc-3035x3-bn-juego-4-helices\/#primaryimage"},"thumbnailUrl":"https:\/\/iha-race.com\/wp-content\/uploads\/2018\/07\/He\u0301lice-Gemfan-PC-3035x3-BN-1.jpg","datePublished":"2018-07-23T10:25:23+00:00","dateModified":"2024-08-29T14:42:12+00:00","breadcrumb":{"@id":"https:\/\/iha-race.com\/it\/prodotto\/helice-gemfan-pc-3035x3-bn-juego-4-helices\/#breadcrumb"},"inLanguage":"it-IT","potentialAction":[{"@type":"ReadAction","target":["https:\/\/iha-race.com\/it\/prodotto\/helice-gemfan-pc-3035x3-bn-juego-4-helices\/"]}]},{"@type":"ImageObject","inLanguage":"it-IT","@id":"https:\/\/iha-race.com\/it\/prodotto\/helice-gemfan-pc-3035x3-bn-juego-4-helices\/#primaryimage","url":"https:\/\/iha-race.com\/wp-content\/uploads\/2018\/07\/He\u0301lice-Gemfan-PC-3035x3-BN-1.jpg","contentUrl":"https:\/\/iha-race.com\/wp-content\/uploads\/2018\/07\/He\u0301lice-Gemfan-PC-3035x3-BN-1.jpg","width":800,"height":800,"caption":"He\u0301lice-Gemfan-PC-3035x3-BN"},{"@type":"BreadcrumbList","@id":"https:\/\/iha-race.com\/it\/prodotto\/helice-gemfan-pc-3035x3-bn-juego-4-helices\/#breadcrumb","itemListElement":[{"@type":"ListItem","position":1,"name":"Portada","item":"https:\/\/iha-race.com\/it\/"},{"@type":"ListItem","position":2,"name":"Negozio","item":"https:\/\/iha-race.com\/it\/negozio\/"},{"@type":"ListItem","position":3,"name":"Elica Gemfan PC 3035&#215;3 BN (Set di 4 eliche)"}]},{"@type":"WebSite","@id":"https:\/\/iha-race.com\/it\/#website","url":"https:\/\/iha-race.com\/it\/","name":"Iha Race","description":"Comprar drones de carreras FPV env\u00edos en un d\u00eda desde Espa\u00f1a","publisher":{"@id":"https:\/\/iha-race.com\/it\/#organization"},"potentialAction":[{"@type":"SearchAction","target":{"@type":"EntryPoint","urlTemplate":"https:\/\/iha-race.com\/it\/?s={search_term_string}"},"query-input":{"@type":"PropertyValueSpecification","valueRequired":true,"valueName":"search_term_string"}}],"inLanguage":"it-IT"},{"@type":"Organization","@id":"https:\/\/iha-race.com\/it\/#organization","name":"Iha Race","url":"https:\/\/iha-race.com\/it\/","logo":{"@type":"ImageObject","inLanguage":"it-IT","@id":"https:\/\/iha-race.com\/it\/#\/schema\/logo\/image\/","url":"https:\/\/iha-race.com\/wp-content\/uploads\/2018\/07\/iha-race-drones-de-carreras-tienda-comprar-drones.png","contentUrl":"https:\/\/iha-race.com\/wp-content\/uploads\/2018\/07\/iha-race-drones-de-carreras-tienda-comprar-drones.png","width":300,"height":100,"caption":"Iha Race"},"image":{"@id":"https:\/\/iha-race.com\/it\/#\/schema\/logo\/image\/"}}]}},"jetpack_sharing_enabled":true,"brands":[],"_links":{"self":[{"href":"https:\/\/iha-race.com\/it\/wp-json\/wp\/v2\/product\/111417","targetHints":{"allow":["GET"]}}],"collection":[{"href":"https:\/\/iha-race.com\/it\/wp-json\/wp\/v2\/product"}],"about":[{"href":"https:\/\/iha-race.com\/it\/wp-json\/wp\/v2\/types\/product"}],"replies":[{"embeddable":true,"href":"https:\/\/iha-race.com\/it\/wp-json\/wp\/v2\/comments?post=111417"}],"version-history":[{"count":1,"href":"https:\/\/iha-race.com\/it\/wp-json\/wp\/v2\/product\/111417\/revisions"}],"predecessor-version":[{"id":115848,"href":"https:\/\/iha-race.com\/it\/wp-json\/wp\/v2\/product\/111417\/revisions\/115848"}],"wp:featuredmedia":[{"embeddable":true,"href":"https:\/\/iha-race.com\/it\/wp-json\/wp\/v2\/media\/93303"}],"wp:attachment":[{"href":"https:\/\/iha-race.com\/it\/wp-json\/wp\/v2\/media?parent=111417"}],"wp:term":[{"taxonomy":"pwb-brand","embeddable":true,"href":"https:\/\/iha-race.com\/it\/wp-json\/wp\/v2\/pwb-brand?post=111417"},{"taxonomy":"product_cat","embeddable":true,"href":"https:\/\/iha-race.com\/it\/wp-json\/wp\/v2\/product_cat?post=111417"},{"taxonomy":"product_tag","embeddable":true,"href":"https:\/\/iha-race.com\/it\/wp-json\/wp\/v2\/product_tag?post=111417"}],"curies":[{"name":"wp","href":"https:\/\/api.w.org\/{rel}","templated":true}]}}