{"id":111368,"date":"2018-07-16T15:40:33","date_gmt":"2018-07-16T13:40:33","guid":{"rendered":"https:\/\/iha-race.com\/producto\/matek-led-e-5in1-pbd-v3-scheda-di-controllo-dellalimentazione-recuperatore\/"},"modified":"2024-09-02T14:01:44","modified_gmt":"2024-09-02T12:01:44","slug":"matek-led-y-5en1-pbd-v3-controller-alimentato-card-recuperatore","status":"publish","type":"product","link":"https:\/\/iha-race.com\/it\/prodotto\/matek-led-y-5en1-pbd-v3-controller-alimentato-card-recuperatore\/","title":{"rendered":"Matek LED e 5in1 PBD V3 Scheda di controllo dell&#8217;alimentazione + Recuperatore"},"content":{"rendered":"<h3>Matek LED e 5in1 PBD V3 Scheda di controllo dell&#8217;alimentazione + Recuperatore<\/h3>\n<p>  I PDB stanno diventando sempre pi\u00f9 intelligenti e il Matek 5-in-1 LED e power hub V3 AP non fa eccezione. Con BEC da 5V 3A e 12V 500mA, un driver da 5V, un cercamodelli e un allarme di bassa tensione a LED, il nuovo V3 AP \u00e8 attualmente composto da 2 oz di rame per una maggiore capacit\u00e0 di trasporto di corrente. Quando si utilizza una LiPo 4-6S, il BEC pu\u00f2 emettere 12V per alimentare telecamere e trasmettitori video. Il regolatore di luce a LED da 5 V incorporato pu\u00f2 essere attivato con tre modalit\u00e0 di lampeggio (costante, lento o veloce). Il cicalino della scheda pu\u00f2 essere attivato tramite un interruttore sul trasmettitore per fungere da cercamodelli smarriti in caso di atterraggio imprevisto e pu\u00f2 anche fungere da allarme di bassa tensione per avvisarti che \u00e8 ora di cambiare le batterie &#8211; i LED lampeggiano per ricordartelo.  &nbsp;<\/p>\n","protected":false},"excerpt":{"rendered":"<p>Matek LED e 5in1 PBD V3 Scheda di controllo dell&#8217;alimentazione + Recuperatore I PDB stanno diventando sempre pi\u00f9 intelligenti e il Matek 5-in-1 LED e power hub V3 AP non<\/p>\n","protected":false},"featured_media":94199,"comment_status":"open","ping_status":"closed","template":"","meta":{"_joinchat":[]},"pwb-brand":[],"product_cat":[1104,2466],"product_tag":[],"class_list":{"0":"post-111368","1":"product","2":"type-product","3":"status-publish","4":"has-post-thumbnail","6":"product_cat-elettronica-e-accessori-fpv","7":"product_cat-pdb-it","9":"first","10":"instock","11":"taxable","12":"shipping-taxable","13":"purchasable","14":"product-type-simple"},"barcode":null,"atum_controlled":true,"out_stock_date":null,"out_stock_threshold":null,"inheritable":false,"stock_on_hold":0,"sold_today":0,"sales_last_days":0,"out_stock_days":0,"lost_sales":0,"update_date":"2026-04-16T08:17:08","atum_locations":[],"atum_stock_status":"instock","restock_status":false,"low_stock_amount":"","sales_update_date":"2026-04-16T08:17:08","calc_backorders":null,"yoast_head":"<!-- This site is optimized with the Yoast SEO plugin v27.3 - https:\/\/yoast.com\/product\/yoast-seo-wordpress\/ -->\n<title>Matek LED e 5in1 PBD V3 Scheda di controllo dell&#039;alimentazione + Recuperatore - Iha Race<\/title>\n<meta name=\"robots\" content=\"index, follow, max-snippet:-1, max-image-preview:large, max-video-preview:-1\" \/>\n<link rel=\"canonical\" href=\"https:\/\/iha-race.com\/it\/prodotto\/matek-led-y-5en1-pbd-v3-controller-alimentato-card-recuperatore\/\" \/>\n<meta property=\"og:locale\" content=\"it_IT\" \/>\n<meta property=\"og:type\" content=\"article\" \/>\n<meta property=\"og:title\" content=\"Matek LED e 5in1 PBD V3 Scheda di controllo dell&#039;alimentazione + Recuperatore - Iha Race\" \/>\n<meta property=\"og:description\" content=\"Matek LED e 5in1 PBD V3 Scheda di controllo dell&#8217;alimentazione + Recuperatore I PDB stanno diventando sempre pi\u00f9 intelligenti e il Matek 5-in-1 LED e power hub V3 AP non\" \/>\n<meta property=\"og:url\" content=\"https:\/\/iha-race.com\/it\/prodotto\/matek-led-y-5en1-pbd-v3-controller-alimentato-card-recuperatore\/\" \/>\n<meta property=\"og:site_name\" content=\"Iha Race\" \/>\n<meta property=\"article:modified_time\" content=\"2024-09-02T12:01:44+00:00\" \/>\n<meta property=\"og:image\" content=\"https:\/\/iha-race.com\/wp-content\/uploads\/2018\/07\/matek-led-5en1-pbd-v3-alimentacion-la-tarjeta-controladora-bec-5v-1.jpg\" \/>\n\t<meta property=\"og:image:width\" content=\"800\" \/>\n\t<meta property=\"og:image:height\" content=\"800\" \/>\n\t<meta property=\"og:image:type\" content=\"image\/jpeg\" \/>\n<meta name=\"twitter:card\" content=\"summary_large_image\" \/>\n<meta name=\"twitter:label1\" content=\"Tempo di lettura stimato\" \/>\n\t<meta name=\"twitter:data1\" content=\"1 minuto\" \/>\n<script type=\"application\/ld+json\" class=\"yoast-schema-graph\">{\"@context\":\"https:\\\/\\\/schema.org\",\"@graph\":[{\"@type\":\"WebPage\",\"@id\":\"https:\\\/\\\/iha-race.com\\\/it\\\/prodotto\\\/matek-led-y-5en1-pbd-v3-controller-alimentato-card-recuperatore\\\/\",\"url\":\"https:\\\/\\\/iha-race.com\\\/it\\\/prodotto\\\/matek-led-y-5en1-pbd-v3-controller-alimentato-card-recuperatore\\\/\",\"name\":\"Matek LED e 5in1 PBD V3 Scheda di controllo dell'alimentazione + Recuperatore - Iha Race\",\"isPartOf\":{\"@id\":\"https:\\\/\\\/iha-race.com\\\/it\\\/#website\"},\"primaryImageOfPage\":{\"@id\":\"https:\\\/\\\/iha-race.com\\\/it\\\/prodotto\\\/matek-led-y-5en1-pbd-v3-controller-alimentato-card-recuperatore\\\/#primaryimage\"},\"image\":{\"@id\":\"https:\\\/\\\/iha-race.com\\\/it\\\/prodotto\\\/matek-led-y-5en1-pbd-v3-controller-alimentato-card-recuperatore\\\/#primaryimage\"},\"thumbnailUrl\":\"https:\\\/\\\/iha-race.com\\\/wp-content\\\/uploads\\\/2018\\\/07\\\/matek-led-5en1-pbd-v3-alimentacion-la-tarjeta-controladora-bec-5v-1.jpg\",\"datePublished\":\"2018-07-16T13:40:33+00:00\",\"dateModified\":\"2024-09-02T12:01:44+00:00\",\"breadcrumb\":{\"@id\":\"https:\\\/\\\/iha-race.com\\\/it\\\/prodotto\\\/matek-led-y-5en1-pbd-v3-controller-alimentato-card-recuperatore\\\/#breadcrumb\"},\"inLanguage\":\"it-IT\",\"potentialAction\":[{\"@type\":\"ReadAction\",\"target\":[\"https:\\\/\\\/iha-race.com\\\/it\\\/prodotto\\\/matek-led-y-5en1-pbd-v3-controller-alimentato-card-recuperatore\\\/\"]}]},{\"@type\":\"ImageObject\",\"inLanguage\":\"it-IT\",\"@id\":\"https:\\\/\\\/iha-race.com\\\/it\\\/prodotto\\\/matek-led-y-5en1-pbd-v3-controller-alimentato-card-recuperatore\\\/#primaryimage\",\"url\":\"https:\\\/\\\/iha-race.com\\\/wp-content\\\/uploads\\\/2018\\\/07\\\/matek-led-5en1-pbd-v3-alimentacion-la-tarjeta-controladora-bec-5v-1.jpg\",\"contentUrl\":\"https:\\\/\\\/iha-race.com\\\/wp-content\\\/uploads\\\/2018\\\/07\\\/matek-led-5en1-pbd-v3-alimentacion-la-tarjeta-controladora-bec-5v-1.jpg\",\"width\":800,\"height\":800,\"caption\":\"matek-led-5en1-pbd-v3-alimentazione della scheda di controllo-bec-5v\"},{\"@type\":\"BreadcrumbList\",\"@id\":\"https:\\\/\\\/iha-race.com\\\/it\\\/prodotto\\\/matek-led-y-5en1-pbd-v3-controller-alimentato-card-recuperatore\\\/#breadcrumb\",\"itemListElement\":[{\"@type\":\"ListItem\",\"position\":1,\"name\":\"Portada\",\"item\":\"https:\\\/\\\/iha-race.com\\\/it\\\/\"},{\"@type\":\"ListItem\",\"position\":2,\"name\":\"Negozio\",\"item\":\"https:\\\/\\\/iha-race.com\\\/it\\\/negozio\\\/\"},{\"@type\":\"ListItem\",\"position\":3,\"name\":\"Matek LED e 5in1 PBD V3 Scheda di controllo dell&#8217;alimentazione + Recuperatore\"}]},{\"@type\":\"WebSite\",\"@id\":\"https:\\\/\\\/iha-race.com\\\/it\\\/#website\",\"url\":\"https:\\\/\\\/iha-race.com\\\/it\\\/\",\"name\":\"Iha Race\",\"description\":\"Comprar drones de carreras FPV env\u00edos en un d\u00eda desde Espa\u00f1a\",\"publisher\":{\"@id\":\"https:\\\/\\\/iha-race.com\\\/it\\\/#organization\"},\"potentialAction\":[{\"@type\":\"SearchAction\",\"target\":{\"@type\":\"EntryPoint\",\"urlTemplate\":\"https:\\\/\\\/iha-race.com\\\/it\\\/?s={search_term_string}\"},\"query-input\":{\"@type\":\"PropertyValueSpecification\",\"valueRequired\":true,\"valueName\":\"search_term_string\"}}],\"inLanguage\":\"it-IT\"},{\"@type\":\"Organization\",\"@id\":\"https:\\\/\\\/iha-race.com\\\/it\\\/#organization\",\"name\":\"Iha Race\",\"url\":\"https:\\\/\\\/iha-race.com\\\/it\\\/\",\"logo\":{\"@type\":\"ImageObject\",\"inLanguage\":\"it-IT\",\"@id\":\"https:\\\/\\\/iha-race.com\\\/it\\\/#\\\/schema\\\/logo\\\/image\\\/\",\"url\":\"https:\\\/\\\/iha-race.com\\\/wp-content\\\/uploads\\\/2018\\\/07\\\/iha-race-drones-de-carreras-tienda-comprar-drones.png\",\"contentUrl\":\"https:\\\/\\\/iha-race.com\\\/wp-content\\\/uploads\\\/2018\\\/07\\\/iha-race-drones-de-carreras-tienda-comprar-drones.png\",\"width\":300,\"height\":100,\"caption\":\"Iha Race\"},\"image\":{\"@id\":\"https:\\\/\\\/iha-race.com\\\/it\\\/#\\\/schema\\\/logo\\\/image\\\/\"}}]}<\/script>\n<!-- \/ Yoast SEO plugin. -->","yoast_head_json":{"title":"Matek LED e 5in1 PBD V3 Scheda di controllo dell'alimentazione + Recuperatore - Iha Race","robots":{"index":"index","follow":"follow","max-snippet":"max-snippet:-1","max-image-preview":"max-image-preview:large","max-video-preview":"max-video-preview:-1"},"canonical":"https:\/\/iha-race.com\/it\/prodotto\/matek-led-y-5en1-pbd-v3-controller-alimentato-card-recuperatore\/","og_locale":"it_IT","og_type":"article","og_title":"Matek LED e 5in1 PBD V3 Scheda di controllo dell'alimentazione + Recuperatore - Iha Race","og_description":"Matek LED e 5in1 PBD V3 Scheda di controllo dell&#8217;alimentazione + Recuperatore I PDB stanno diventando sempre pi\u00f9 intelligenti e il Matek 5-in-1 LED e power hub V3 AP non","og_url":"https:\/\/iha-race.com\/it\/prodotto\/matek-led-y-5en1-pbd-v3-controller-alimentato-card-recuperatore\/","og_site_name":"Iha Race","article_modified_time":"2024-09-02T12:01:44+00:00","og_image":[{"width":800,"height":800,"url":"https:\/\/iha-race.com\/wp-content\/uploads\/2018\/07\/matek-led-5en1-pbd-v3-alimentacion-la-tarjeta-controladora-bec-5v-1.jpg","type":"image\/jpeg"}],"twitter_card":"summary_large_image","twitter_misc":{"Tempo di lettura stimato":"1 minuto"},"schema":{"@context":"https:\/\/schema.org","@graph":[{"@type":"WebPage","@id":"https:\/\/iha-race.com\/it\/prodotto\/matek-led-y-5en1-pbd-v3-controller-alimentato-card-recuperatore\/","url":"https:\/\/iha-race.com\/it\/prodotto\/matek-led-y-5en1-pbd-v3-controller-alimentato-card-recuperatore\/","name":"Matek LED e 5in1 PBD V3 Scheda di controllo dell'alimentazione + Recuperatore - Iha Race","isPartOf":{"@id":"https:\/\/iha-race.com\/it\/#website"},"primaryImageOfPage":{"@id":"https:\/\/iha-race.com\/it\/prodotto\/matek-led-y-5en1-pbd-v3-controller-alimentato-card-recuperatore\/#primaryimage"},"image":{"@id":"https:\/\/iha-race.com\/it\/prodotto\/matek-led-y-5en1-pbd-v3-controller-alimentato-card-recuperatore\/#primaryimage"},"thumbnailUrl":"https:\/\/iha-race.com\/wp-content\/uploads\/2018\/07\/matek-led-5en1-pbd-v3-alimentacion-la-tarjeta-controladora-bec-5v-1.jpg","datePublished":"2018-07-16T13:40:33+00:00","dateModified":"2024-09-02T12:01:44+00:00","breadcrumb":{"@id":"https:\/\/iha-race.com\/it\/prodotto\/matek-led-y-5en1-pbd-v3-controller-alimentato-card-recuperatore\/#breadcrumb"},"inLanguage":"it-IT","potentialAction":[{"@type":"ReadAction","target":["https:\/\/iha-race.com\/it\/prodotto\/matek-led-y-5en1-pbd-v3-controller-alimentato-card-recuperatore\/"]}]},{"@type":"ImageObject","inLanguage":"it-IT","@id":"https:\/\/iha-race.com\/it\/prodotto\/matek-led-y-5en1-pbd-v3-controller-alimentato-card-recuperatore\/#primaryimage","url":"https:\/\/iha-race.com\/wp-content\/uploads\/2018\/07\/matek-led-5en1-pbd-v3-alimentacion-la-tarjeta-controladora-bec-5v-1.jpg","contentUrl":"https:\/\/iha-race.com\/wp-content\/uploads\/2018\/07\/matek-led-5en1-pbd-v3-alimentacion-la-tarjeta-controladora-bec-5v-1.jpg","width":800,"height":800,"caption":"matek-led-5en1-pbd-v3-alimentazione della scheda di controllo-bec-5v"},{"@type":"BreadcrumbList","@id":"https:\/\/iha-race.com\/it\/prodotto\/matek-led-y-5en1-pbd-v3-controller-alimentato-card-recuperatore\/#breadcrumb","itemListElement":[{"@type":"ListItem","position":1,"name":"Portada","item":"https:\/\/iha-race.com\/it\/"},{"@type":"ListItem","position":2,"name":"Negozio","item":"https:\/\/iha-race.com\/it\/negozio\/"},{"@type":"ListItem","position":3,"name":"Matek LED e 5in1 PBD V3 Scheda di controllo dell&#8217;alimentazione + Recuperatore"}]},{"@type":"WebSite","@id":"https:\/\/iha-race.com\/it\/#website","url":"https:\/\/iha-race.com\/it\/","name":"Iha Race","description":"Comprar drones de carreras FPV env\u00edos en un d\u00eda desde Espa\u00f1a","publisher":{"@id":"https:\/\/iha-race.com\/it\/#organization"},"potentialAction":[{"@type":"SearchAction","target":{"@type":"EntryPoint","urlTemplate":"https:\/\/iha-race.com\/it\/?s={search_term_string}"},"query-input":{"@type":"PropertyValueSpecification","valueRequired":true,"valueName":"search_term_string"}}],"inLanguage":"it-IT"},{"@type":"Organization","@id":"https:\/\/iha-race.com\/it\/#organization","name":"Iha Race","url":"https:\/\/iha-race.com\/it\/","logo":{"@type":"ImageObject","inLanguage":"it-IT","@id":"https:\/\/iha-race.com\/it\/#\/schema\/logo\/image\/","url":"https:\/\/iha-race.com\/wp-content\/uploads\/2018\/07\/iha-race-drones-de-carreras-tienda-comprar-drones.png","contentUrl":"https:\/\/iha-race.com\/wp-content\/uploads\/2018\/07\/iha-race-drones-de-carreras-tienda-comprar-drones.png","width":300,"height":100,"caption":"Iha Race"},"image":{"@id":"https:\/\/iha-race.com\/it\/#\/schema\/logo\/image\/"}}]}},"brands":[],"_links":{"self":[{"href":"https:\/\/iha-race.com\/it\/wp-json\/wp\/v2\/product\/111368","targetHints":{"allow":["GET"]}}],"collection":[{"href":"https:\/\/iha-race.com\/it\/wp-json\/wp\/v2\/product"}],"about":[{"href":"https:\/\/iha-race.com\/it\/wp-json\/wp\/v2\/types\/product"}],"replies":[{"embeddable":true,"href":"https:\/\/iha-race.com\/it\/wp-json\/wp\/v2\/comments?post=111368"}],"version-history":[{"count":2,"href":"https:\/\/iha-race.com\/it\/wp-json\/wp\/v2\/product\/111368\/revisions"}],"predecessor-version":[{"id":250820,"href":"https:\/\/iha-race.com\/it\/wp-json\/wp\/v2\/product\/111368\/revisions\/250820"}],"wp:featuredmedia":[{"embeddable":true,"href":"https:\/\/iha-race.com\/it\/wp-json\/wp\/v2\/media\/94199"}],"wp:attachment":[{"href":"https:\/\/iha-race.com\/it\/wp-json\/wp\/v2\/media?parent=111368"}],"wp:term":[{"taxonomy":"pwb-brand","embeddable":true,"href":"https:\/\/iha-race.com\/it\/wp-json\/wp\/v2\/pwb-brand?post=111368"},{"taxonomy":"product_cat","embeddable":true,"href":"https:\/\/iha-race.com\/it\/wp-json\/wp\/v2\/product_cat?post=111368"},{"taxonomy":"product_tag","embeddable":true,"href":"https:\/\/iha-race.com\/it\/wp-json\/wp\/v2\/product_tag?post=111368"}],"curies":[{"name":"wp","href":"https:\/\/api.w.org\/{rel}","templated":true}]}}