{"id":111243,"date":"2021-04-16T15:14:41","date_gmt":"2021-04-16T13:14:41","guid":{"rendered":"https:\/\/iha-race.com\/producto\/batteria-lipo-hv-tattu-300mah-38v-75c-1s1p-con-connettore-bt-2-0-5-pz\/"},"modified":"2026-01-05T15:59:29","modified_gmt":"2026-01-05T14:59:29","slug":"paquete-de-baterias-tattu-300mah-3-8v-75c-1s1p-hv-lipo-con-conector-bt-2-0-5-unidades","status":"publish","type":"product","link":"https:\/\/iha-race.com\/it\/prodotto\/paquete-de-baterias-tattu-300mah-3-8v-75c-1s1p-hv-lipo-con-conector-bt-2-0-5-unidades\/","title":{"rendered":"Batteria Lipo HV Tattu 300mAh 3,8V 75C 1S1P con connettore BT 2.0 (5 pz.)"},"content":{"rendered":"<h2>Batteria Lipo HV Tattu 300mAh 3,8V 75C 1S1P con connettore BT 2.0 (5 pz.)<\/h2>\n<p><strong>Tattu 300mAh 3.8V 75C 1S1P HV Lipo Battery Pack con spina BT 2.0<\/strong> \u00e8 la migliore scelta di batteria per i micro quad. Questa lipo viene fornita con una velocit\u00e0 di scarica di 75c, una potenza sufficiente, un&#8217;elevata potenza, che rende le gare indoor molto pi\u00f9 divertenti. La piccola batteria Tattu \u00e8 realizzata con i migliori materiali dell&#8217;industria lipo ed \u00e8 stabile, sicura e potente. Tattu \u00e8 una delle societ\u00e0 di batterie di alto livello con una ricerca approfondita e la produzione di NIMH, LI-PO, LI-FE grazie agli sforzi di 200 ingegneri e tecnici professionisti con 20 anni di squisita tecnologia delle batterie. Il marchio Tattu ha il concetto tradizionale di &#8220;Qualit\u00e0 eccellente&#8221;, &#8220;Ottimizzazione&#8221; e &#8220;Priorit\u00e0&#8221; nelle vendite e nell&#8217;assistenza. Tutte le batterie sono progettate per varie scale di modelli RC, come auto elettroniche, auto nitro, aerei, barche e anche altri modelli, giocattoli, elettroutensili, biciclette elettriche, auto elettriche, prodotti digitali, ecc.  <\/p>\n<h2>Caratteristiche:<\/h2>\n<ul>\n<li>La stabile tecnologia di impilamento automatico consente di raggiungere capacit\u00e0 di 300 mAh per singola cella.<\/li>\n<li>Il processo pi\u00f9 rigoroso di corrispondenza tra capacit\u00e0, tensione, resistenza e curva di scarica di una singola cella.<\/li>\n<li>Materie prime di polimeri di litio di qualit\u00e0 superiore provenienti dal Giappone e dalla Corea.<\/li>\n<li>La batteria \u00e8 dotata di spina BT 2.0.<\/li>\n<\/ul>\n<h2> <strong>Specifiche:<\/strong><\/h2>\n<ul>\n<li>Capacit\u00e0: 300mAh<\/li>\n<li>Configurazione: 1S1P * 5 \/ 3,8V<\/li>\n<li>Velocit\u00e0 di scarica: 75C<\/li>\n<li>Peso netto (\u00b1 20g): 8g per 1 pezzo<\/li>\n<li>Dimensioni: 69 * 13 * 7 mm per 1 pezzo<\/li>\n<li>Pacchetto: 5 pezzi<\/li>\n<li>Connettore: spina BT 2.0<\/li>\n<\/ul>\n<h2>Il pacchetto comprende:<\/h2>\n<ul>\n<li>5 batterie Lipo HV Tattu 300mAh 3,8V 75C 1S1P con connettore BT 2.0<\/li>\n<\/ul>\n<p><strong>Compatibile con:<\/strong> La batteria Tattu 300mAh 75C 1S1P 3.8V HV con connettore 2.0 fornisce un&#8217;alimentazione affidabile e di alta qualit\u00e0 per i micro quadcopter come Beta Meteor65 \/ Meteor75.<\/p>\n","protected":false},"excerpt":{"rendered":"<p>Batteria Lipo HV Tattu 300mAh 3,8V 75C 1S1P con connettore BT 2.0 (5 pz.) Tattu 300mAh 3.8V 75C 1S1P HV Lipo Battery Pack con spina BT 2.0 \u00e8 la migliore<\/p>\n","protected":false},"featured_media":98830,"comment_status":"open","ping_status":"closed","template":"","meta":{"_joinchat":[]},"pwb-brand":[],"product_cat":[1065,1095],"product_tag":[],"class_list":{"0":"post-111243","1":"product","2":"type-product","3":"status-publish","4":"has-post-thumbnail","6":"product_cat-batterie-fpv","7":"product_cat-s1-it","9":"first","10":"instock","11":"taxable","12":"shipping-taxable","13":"purchasable","14":"product-type-simple"},"barcode":null,"atum_controlled":true,"out_stock_date":null,"out_stock_threshold":null,"inheritable":false,"stock_on_hold":0,"sold_today":0,"sales_last_days":1,"out_stock_days":0,"lost_sales":0,"update_date":"2026-04-16T07:36:39","atum_locations":[],"atum_stock_status":"instock","restock_status":false,"low_stock_amount":"","sales_update_date":"2026-04-16T07:36:39","calc_backorders":null,"yoast_head":"<!-- This site is optimized with the Yoast SEO plugin v27.3 - https:\/\/yoast.com\/product\/yoast-seo-wordpress\/ -->\n<title>Batteria Lipo HV Tattu 300mAh 3,8V 75C 1S1P con connettore BT 2.0 (5 pz.) - Iha Race<\/title>\n<meta name=\"robots\" content=\"index, follow, max-snippet:-1, max-image-preview:large, max-video-preview:-1\" \/>\n<link rel=\"canonical\" href=\"https:\/\/iha-race.com\/it\/prodotto\/paquete-de-baterias-tattu-300mah-3-8v-75c-1s1p-hv-lipo-con-conector-bt-2-0-5-unidades\/\" \/>\n<meta property=\"og:locale\" content=\"it_IT\" \/>\n<meta property=\"og:type\" content=\"article\" \/>\n<meta property=\"og:title\" content=\"Batteria Lipo HV Tattu 300mAh 3,8V 75C 1S1P con connettore BT 2.0 (5 pz.) - Iha Race\" \/>\n<meta property=\"og:description\" content=\"Batteria Lipo HV Tattu 300mAh 3,8V 75C 1S1P con connettore BT 2.0 (5 pz.) Tattu 300mAh 3.8V 75C 1S1P HV Lipo Battery Pack con spina BT 2.0 \u00e8 la migliore\" \/>\n<meta property=\"og:url\" content=\"https:\/\/iha-race.com\/it\/prodotto\/paquete-de-baterias-tattu-300mah-3-8v-75c-1s1p-hv-lipo-con-conector-bt-2-0-5-unidades\/\" \/>\n<meta property=\"og:site_name\" content=\"Iha Race\" \/>\n<meta property=\"article:modified_time\" content=\"2026-01-05T14:59:29+00:00\" \/>\n<meta property=\"og:image\" content=\"https:\/\/iha-race.com\/wp-content\/uploads\/2021\/04\/Paquete-de-baterias-Tattu-300mAh-3.8V-75C-1S1P-HV-Lipo-con-conector-BT-2.0-5-Unidades.jpg\" \/>\n\t<meta property=\"og:image:width\" content=\"800\" \/>\n\t<meta property=\"og:image:height\" content=\"800\" \/>\n\t<meta property=\"og:image:type\" content=\"image\/jpeg\" \/>\n<meta name=\"twitter:card\" content=\"summary_large_image\" \/>\n<meta name=\"twitter:label1\" content=\"Tempo di lettura stimato\" \/>\n\t<meta name=\"twitter:data1\" content=\"1 minuto\" \/>\n<script type=\"application\/ld+json\" class=\"yoast-schema-graph\">{\"@context\":\"https:\\\/\\\/schema.org\",\"@graph\":[{\"@type\":\"WebPage\",\"@id\":\"https:\\\/\\\/iha-race.com\\\/it\\\/prodotto\\\/paquete-de-baterias-tattu-300mah-3-8v-75c-1s1p-hv-lipo-con-conector-bt-2-0-5-unidades\\\/\",\"url\":\"https:\\\/\\\/iha-race.com\\\/it\\\/prodotto\\\/paquete-de-baterias-tattu-300mah-3-8v-75c-1s1p-hv-lipo-con-conector-bt-2-0-5-unidades\\\/\",\"name\":\"Batteria Lipo HV Tattu 300mAh 3,8V 75C 1S1P con connettore BT 2.0 (5 pz.) - Iha Race\",\"isPartOf\":{\"@id\":\"https:\\\/\\\/iha-race.com\\\/it\\\/#website\"},\"primaryImageOfPage\":{\"@id\":\"https:\\\/\\\/iha-race.com\\\/it\\\/prodotto\\\/paquete-de-baterias-tattu-300mah-3-8v-75c-1s1p-hv-lipo-con-conector-bt-2-0-5-unidades\\\/#primaryimage\"},\"image\":{\"@id\":\"https:\\\/\\\/iha-race.com\\\/it\\\/prodotto\\\/paquete-de-baterias-tattu-300mah-3-8v-75c-1s1p-hv-lipo-con-conector-bt-2-0-5-unidades\\\/#primaryimage\"},\"thumbnailUrl\":\"https:\\\/\\\/iha-race.com\\\/wp-content\\\/uploads\\\/2021\\\/04\\\/Paquete-de-baterias-Tattu-300mAh-3.8V-75C-1S1P-HV-Lipo-con-conector-BT-2.0-5-Unidades.jpg\",\"datePublished\":\"2021-04-16T13:14:41+00:00\",\"dateModified\":\"2026-01-05T14:59:29+00:00\",\"breadcrumb\":{\"@id\":\"https:\\\/\\\/iha-race.com\\\/it\\\/prodotto\\\/paquete-de-baterias-tattu-300mah-3-8v-75c-1s1p-hv-lipo-con-conector-bt-2-0-5-unidades\\\/#breadcrumb\"},\"inLanguage\":\"it-IT\",\"potentialAction\":[{\"@type\":\"ReadAction\",\"target\":[\"https:\\\/\\\/iha-race.com\\\/it\\\/prodotto\\\/paquete-de-baterias-tattu-300mah-3-8v-75c-1s1p-hv-lipo-con-conector-bt-2-0-5-unidades\\\/\"]}]},{\"@type\":\"ImageObject\",\"inLanguage\":\"it-IT\",\"@id\":\"https:\\\/\\\/iha-race.com\\\/it\\\/prodotto\\\/paquete-de-baterias-tattu-300mah-3-8v-75c-1s1p-hv-lipo-con-conector-bt-2-0-5-unidades\\\/#primaryimage\",\"url\":\"https:\\\/\\\/iha-race.com\\\/wp-content\\\/uploads\\\/2021\\\/04\\\/Paquete-de-baterias-Tattu-300mAh-3.8V-75C-1S1P-HV-Lipo-con-conector-BT-2.0-5-Unidades.jpg\",\"contentUrl\":\"https:\\\/\\\/iha-race.com\\\/wp-content\\\/uploads\\\/2021\\\/04\\\/Paquete-de-baterias-Tattu-300mAh-3.8V-75C-1S1P-HV-Lipo-con-conector-BT-2.0-5-Unidades.jpg\",\"width\":800,\"height\":800,\"caption\":\"acquistare il pi\u00f9 economico pacco batteria Tattu 300mAh 3.8V 75C 1S1P HV Lipo con connettore BT 2.0 (5 pezzi).\"},{\"@type\":\"BreadcrumbList\",\"@id\":\"https:\\\/\\\/iha-race.com\\\/it\\\/prodotto\\\/paquete-de-baterias-tattu-300mah-3-8v-75c-1s1p-hv-lipo-con-conector-bt-2-0-5-unidades\\\/#breadcrumb\",\"itemListElement\":[{\"@type\":\"ListItem\",\"position\":1,\"name\":\"Portada\",\"item\":\"https:\\\/\\\/iha-race.com\\\/it\\\/\"},{\"@type\":\"ListItem\",\"position\":2,\"name\":\"Negozio\",\"item\":\"https:\\\/\\\/iha-race.com\\\/it\\\/negozio\\\/\"},{\"@type\":\"ListItem\",\"position\":3,\"name\":\"Batteria Lipo HV Tattu 300mAh 3,8V 75C 1S1P con connettore BT 2.0 (5 pz.)\"}]},{\"@type\":\"WebSite\",\"@id\":\"https:\\\/\\\/iha-race.com\\\/it\\\/#website\",\"url\":\"https:\\\/\\\/iha-race.com\\\/it\\\/\",\"name\":\"Iha Race\",\"description\":\"Comprar drones de carreras FPV env\u00edos en un d\u00eda desde Espa\u00f1a\",\"publisher\":{\"@id\":\"https:\\\/\\\/iha-race.com\\\/it\\\/#organization\"},\"potentialAction\":[{\"@type\":\"SearchAction\",\"target\":{\"@type\":\"EntryPoint\",\"urlTemplate\":\"https:\\\/\\\/iha-race.com\\\/it\\\/?s={search_term_string}\"},\"query-input\":{\"@type\":\"PropertyValueSpecification\",\"valueRequired\":true,\"valueName\":\"search_term_string\"}}],\"inLanguage\":\"it-IT\"},{\"@type\":\"Organization\",\"@id\":\"https:\\\/\\\/iha-race.com\\\/it\\\/#organization\",\"name\":\"Iha Race\",\"url\":\"https:\\\/\\\/iha-race.com\\\/it\\\/\",\"logo\":{\"@type\":\"ImageObject\",\"inLanguage\":\"it-IT\",\"@id\":\"https:\\\/\\\/iha-race.com\\\/it\\\/#\\\/schema\\\/logo\\\/image\\\/\",\"url\":\"https:\\\/\\\/iha-race.com\\\/wp-content\\\/uploads\\\/2018\\\/07\\\/iha-race-drones-de-carreras-tienda-comprar-drones.png\",\"contentUrl\":\"https:\\\/\\\/iha-race.com\\\/wp-content\\\/uploads\\\/2018\\\/07\\\/iha-race-drones-de-carreras-tienda-comprar-drones.png\",\"width\":300,\"height\":100,\"caption\":\"Iha Race\"},\"image\":{\"@id\":\"https:\\\/\\\/iha-race.com\\\/it\\\/#\\\/schema\\\/logo\\\/image\\\/\"}}]}<\/script>\n<!-- \/ Yoast SEO plugin. -->","yoast_head_json":{"title":"Batteria Lipo HV Tattu 300mAh 3,8V 75C 1S1P con connettore BT 2.0 (5 pz.) - Iha Race","robots":{"index":"index","follow":"follow","max-snippet":"max-snippet:-1","max-image-preview":"max-image-preview:large","max-video-preview":"max-video-preview:-1"},"canonical":"https:\/\/iha-race.com\/it\/prodotto\/paquete-de-baterias-tattu-300mah-3-8v-75c-1s1p-hv-lipo-con-conector-bt-2-0-5-unidades\/","og_locale":"it_IT","og_type":"article","og_title":"Batteria Lipo HV Tattu 300mAh 3,8V 75C 1S1P con connettore BT 2.0 (5 pz.) - Iha Race","og_description":"Batteria Lipo HV Tattu 300mAh 3,8V 75C 1S1P con connettore BT 2.0 (5 pz.) Tattu 300mAh 3.8V 75C 1S1P HV Lipo Battery Pack con spina BT 2.0 \u00e8 la migliore","og_url":"https:\/\/iha-race.com\/it\/prodotto\/paquete-de-baterias-tattu-300mah-3-8v-75c-1s1p-hv-lipo-con-conector-bt-2-0-5-unidades\/","og_site_name":"Iha Race","article_modified_time":"2026-01-05T14:59:29+00:00","og_image":[{"width":800,"height":800,"url":"https:\/\/iha-race.com\/wp-content\/uploads\/2021\/04\/Paquete-de-baterias-Tattu-300mAh-3.8V-75C-1S1P-HV-Lipo-con-conector-BT-2.0-5-Unidades.jpg","type":"image\/jpeg"}],"twitter_card":"summary_large_image","twitter_misc":{"Tempo di lettura stimato":"1 minuto"},"schema":{"@context":"https:\/\/schema.org","@graph":[{"@type":"WebPage","@id":"https:\/\/iha-race.com\/it\/prodotto\/paquete-de-baterias-tattu-300mah-3-8v-75c-1s1p-hv-lipo-con-conector-bt-2-0-5-unidades\/","url":"https:\/\/iha-race.com\/it\/prodotto\/paquete-de-baterias-tattu-300mah-3-8v-75c-1s1p-hv-lipo-con-conector-bt-2-0-5-unidades\/","name":"Batteria Lipo HV Tattu 300mAh 3,8V 75C 1S1P con connettore BT 2.0 (5 pz.) - Iha Race","isPartOf":{"@id":"https:\/\/iha-race.com\/it\/#website"},"primaryImageOfPage":{"@id":"https:\/\/iha-race.com\/it\/prodotto\/paquete-de-baterias-tattu-300mah-3-8v-75c-1s1p-hv-lipo-con-conector-bt-2-0-5-unidades\/#primaryimage"},"image":{"@id":"https:\/\/iha-race.com\/it\/prodotto\/paquete-de-baterias-tattu-300mah-3-8v-75c-1s1p-hv-lipo-con-conector-bt-2-0-5-unidades\/#primaryimage"},"thumbnailUrl":"https:\/\/iha-race.com\/wp-content\/uploads\/2021\/04\/Paquete-de-baterias-Tattu-300mAh-3.8V-75C-1S1P-HV-Lipo-con-conector-BT-2.0-5-Unidades.jpg","datePublished":"2021-04-16T13:14:41+00:00","dateModified":"2026-01-05T14:59:29+00:00","breadcrumb":{"@id":"https:\/\/iha-race.com\/it\/prodotto\/paquete-de-baterias-tattu-300mah-3-8v-75c-1s1p-hv-lipo-con-conector-bt-2-0-5-unidades\/#breadcrumb"},"inLanguage":"it-IT","potentialAction":[{"@type":"ReadAction","target":["https:\/\/iha-race.com\/it\/prodotto\/paquete-de-baterias-tattu-300mah-3-8v-75c-1s1p-hv-lipo-con-conector-bt-2-0-5-unidades\/"]}]},{"@type":"ImageObject","inLanguage":"it-IT","@id":"https:\/\/iha-race.com\/it\/prodotto\/paquete-de-baterias-tattu-300mah-3-8v-75c-1s1p-hv-lipo-con-conector-bt-2-0-5-unidades\/#primaryimage","url":"https:\/\/iha-race.com\/wp-content\/uploads\/2021\/04\/Paquete-de-baterias-Tattu-300mAh-3.8V-75C-1S1P-HV-Lipo-con-conector-BT-2.0-5-Unidades.jpg","contentUrl":"https:\/\/iha-race.com\/wp-content\/uploads\/2021\/04\/Paquete-de-baterias-Tattu-300mAh-3.8V-75C-1S1P-HV-Lipo-con-conector-BT-2.0-5-Unidades.jpg","width":800,"height":800,"caption":"acquistare il pi\u00f9 economico pacco batteria Tattu 300mAh 3.8V 75C 1S1P HV Lipo con connettore BT 2.0 (5 pezzi)."},{"@type":"BreadcrumbList","@id":"https:\/\/iha-race.com\/it\/prodotto\/paquete-de-baterias-tattu-300mah-3-8v-75c-1s1p-hv-lipo-con-conector-bt-2-0-5-unidades\/#breadcrumb","itemListElement":[{"@type":"ListItem","position":1,"name":"Portada","item":"https:\/\/iha-race.com\/it\/"},{"@type":"ListItem","position":2,"name":"Negozio","item":"https:\/\/iha-race.com\/it\/negozio\/"},{"@type":"ListItem","position":3,"name":"Batteria Lipo HV Tattu 300mAh 3,8V 75C 1S1P con connettore BT 2.0 (5 pz.)"}]},{"@type":"WebSite","@id":"https:\/\/iha-race.com\/it\/#website","url":"https:\/\/iha-race.com\/it\/","name":"Iha Race","description":"Comprar drones de carreras FPV env\u00edos en un d\u00eda desde Espa\u00f1a","publisher":{"@id":"https:\/\/iha-race.com\/it\/#organization"},"potentialAction":[{"@type":"SearchAction","target":{"@type":"EntryPoint","urlTemplate":"https:\/\/iha-race.com\/it\/?s={search_term_string}"},"query-input":{"@type":"PropertyValueSpecification","valueRequired":true,"valueName":"search_term_string"}}],"inLanguage":"it-IT"},{"@type":"Organization","@id":"https:\/\/iha-race.com\/it\/#organization","name":"Iha Race","url":"https:\/\/iha-race.com\/it\/","logo":{"@type":"ImageObject","inLanguage":"it-IT","@id":"https:\/\/iha-race.com\/it\/#\/schema\/logo\/image\/","url":"https:\/\/iha-race.com\/wp-content\/uploads\/2018\/07\/iha-race-drones-de-carreras-tienda-comprar-drones.png","contentUrl":"https:\/\/iha-race.com\/wp-content\/uploads\/2018\/07\/iha-race-drones-de-carreras-tienda-comprar-drones.png","width":300,"height":100,"caption":"Iha Race"},"image":{"@id":"https:\/\/iha-race.com\/it\/#\/schema\/logo\/image\/"}}]}},"brands":[],"_links":{"self":[{"href":"https:\/\/iha-race.com\/it\/wp-json\/wp\/v2\/product\/111243","targetHints":{"allow":["GET"]}}],"collection":[{"href":"https:\/\/iha-race.com\/it\/wp-json\/wp\/v2\/product"}],"about":[{"href":"https:\/\/iha-race.com\/it\/wp-json\/wp\/v2\/types\/product"}],"replies":[{"embeddable":true,"href":"https:\/\/iha-race.com\/it\/wp-json\/wp\/v2\/comments?post=111243"}],"version-history":[{"count":2,"href":"https:\/\/iha-race.com\/it\/wp-json\/wp\/v2\/product\/111243\/revisions"}],"predecessor-version":[{"id":249557,"href":"https:\/\/iha-race.com\/it\/wp-json\/wp\/v2\/product\/111243\/revisions\/249557"}],"wp:featuredmedia":[{"embeddable":true,"href":"https:\/\/iha-race.com\/it\/wp-json\/wp\/v2\/media\/98830"}],"wp:attachment":[{"href":"https:\/\/iha-race.com\/it\/wp-json\/wp\/v2\/media?parent=111243"}],"wp:term":[{"taxonomy":"pwb-brand","embeddable":true,"href":"https:\/\/iha-race.com\/it\/wp-json\/wp\/v2\/pwb-brand?post=111243"},{"taxonomy":"product_cat","embeddable":true,"href":"https:\/\/iha-race.com\/it\/wp-json\/wp\/v2\/product_cat?post=111243"},{"taxonomy":"product_tag","embeddable":true,"href":"https:\/\/iha-race.com\/it\/wp-json\/wp\/v2\/product_tag?post=111243"}],"curies":[{"name":"wp","href":"https:\/\/api.w.org\/{rel}","templated":true}]}}