{"id":111238,"date":"2020-11-13T10:08:05","date_gmt":"2020-11-13T09:08:05","guid":{"rendered":"https:\/\/iha-race.com\/producto\/batteria-tattu-funfly-series-1300mah-22-2v-100c-6s1p-xt60\/"},"modified":"2024-07-10T10:59:19","modified_gmt":"2024-07-10T08:59:19","slug":"bateria-tattu-funfly-series-1300mah-22-2v-100c-6s1p-xt60","status":"publish","type":"product","link":"https:\/\/iha-race.com\/it\/prodotto\/bateria-tattu-funfly-series-1300mah-22-2v-100c-6s1p-xt60\/","title":{"rendered":"Batteria Tattu Funfly Series 1300mAh 22.2V 100C 6S1P XT60"},"content":{"rendered":"<h2>Batteria Tattu Funfly Series 1300mAh 22.2V 100C 6S1P XT60<\/h2>\n<p><strong>Funfly<\/strong>, il nuovo affascinante membro della famiglia Tattu, appositamente progettato per l&#8217;allenamento quotidiano e il freestyle. Siete stanchi delle pressioni del mondo delle corse? Tutto quello che dovete fare \u00e8 trovare un bel posto tranquillo in un parco locale o in una qualsiasi area aperta per iniziare l&#8217;allenamento. Grazie alle sue prestazioni stabili, potrete concentrarvi su flip, roll e power loop e perfezionare le vostre linee di freestyle fluide.<\/p>\n<p>Il divertimento sta volando. D&#8217;ora in poi, liberatevi della pressione e non preoccupatevi di quello che dicono gli altri, buono o cattivo, positivo o negativo, usate solo i vostri dispositivi di volo e iniziate il vostro freestyle.<\/p>\n<p><strong>La batteria Lipo Tattu Funfly Series 1300mAh 6S 100C<\/strong> \u00e8 progettata specificamente per i quadcopter FPV che richiedono elevate velocit\u00e0 di scarica. Il pacco batteria Tattu ha la combinazione ideale di potenza e peso. La velocit\u00e0 di scarica di 100\u00b0C offre un&#8217;immediata spinta energetica durante il volo.<\/p>\n<p>Le batterie Tattu forniscono energia affidabile e di alta qualit\u00e0 per il vostro multirotore o aeromobile.<\/p>\n<p>Tutte le LiPo Tattu sono imballate con materiale resistente alle vibrazioni e al fuoco e con la nostra scatola di batterie deluxe. Assicuratevi che la batteria sia in perfette condizioni. Una procedura automatica e un processo di abbinamento delle celle di batteria del sistema informatico garantiscono la stabilit\u00e0 e la qualit\u00e0 delle batterie. A differenza della serie originale Gens Ace, TATTU \u00e8 specializzato nel mercato degli UAV e UAS, con la sua qualit\u00e0 industriale (dato che Gens Ace \u00e8 basato nell&#8217;area Hobby), il suo motto &#8220;less is more&#8221;, &#8220;more&#8221; significa pi\u00f9 tempo di volo, pi\u00f9 divertimento e pi\u00f9 soddisfazione, e &#8220;less&#8221; significa meno peso, design semplice. Tattu sviluppa sempre i suoi prodotti in base a queste due direzioni, che consentono di ottenere una batteria di alta qualit\u00e0.<\/p>\n<h2><strong>Tattu Funfly Series 1300mAh 6S 100C Lipo Tattu Lipo Battery Pack Specifiche:<\/strong><\/h2>\n<ul>\n<li>Capacit\u00e0: 1300mAh<\/li>\n<li>Tensione: 22,2V \/ 6S<\/li>\n<li>Velocit\u00e0 di scarica: 100C<\/li>\n<li>Peso (\u00b1 10 g): 225 g<\/li>\n<li>Dimensioni (\u00b1 5): 75 * 36 * 44 mm<\/li>\n<\/ul>\n<h2 class=\"p\"><strong>Batteria Lipo Tattu Funfly Series 1300mAh 6S 100C Utilizzo:<\/strong><\/h2>\n<p class=\"p\" align=\"justify\">La batteria Lipo Tattu Funfly 1300mAh 6S 100C \u00e8 compatibile con i seguenti modelli, come il quad 6S, il quad da 5 pollici per le gare sportive e il freestyle incondizionato, ecc.<\/p>\n","protected":false},"excerpt":{"rendered":"<p>Batteria Tattu Funfly Series 1300mAh 22.2V 100C 6S1P XT60 Funfly, il nuovo affascinante membro della famiglia Tattu, appositamente progettato per l&#8217;allenamento quotidiano e il freestyle. Siete stanchi delle pressioni del<\/p>\n","protected":false},"featured_media":92304,"comment_status":"open","ping_status":"closed","template":"","meta":{"_joinchat":[]},"pwb-brand":[],"product_cat":[1065,1335],"product_tag":[],"class_list":{"0":"post-111238","1":"product","2":"type-product","3":"status-publish","4":"has-post-thumbnail","6":"product_cat-batterie-fpv","7":"product_cat-s6-it","9":"first","10":"outofstock","11":"taxable","12":"shipping-taxable","13":"purchasable","14":"product-type-simple"},"barcode":null,"atum_controlled":true,"out_stock_date":"2025-11-13 16:36:29","out_stock_threshold":null,"inheritable":false,"stock_on_hold":0,"sold_today":0,"sales_last_days":0,"out_stock_days":153,"lost_sales":7191,"update_date":"2026-04-16T07:36:40","atum_locations":[],"atum_stock_status":"outofstock","restock_status":false,"low_stock_amount":"","sales_update_date":"2026-04-16T07:36:40","calc_backorders":null,"yoast_head":"<!-- This site is optimized with the Yoast SEO plugin v27.3 - https:\/\/yoast.com\/product\/yoast-seo-wordpress\/ -->\n<title>Batteria Tattu Funfly Series 1300mAh 22.2V 100C 6S1P XT60 - Iha Race<\/title>\n<meta name=\"robots\" content=\"index, follow, max-snippet:-1, max-image-preview:large, max-video-preview:-1\" \/>\n<link rel=\"canonical\" href=\"https:\/\/iha-race.com\/it\/prodotto\/bateria-tattu-funfly-series-1300mah-22-2v-100c-6s1p-xt60\/\" \/>\n<meta property=\"og:locale\" content=\"it_IT\" \/>\n<meta property=\"og:type\" content=\"article\" \/>\n<meta property=\"og:title\" content=\"Batteria Tattu Funfly Series 1300mAh 22.2V 100C 6S1P XT60 - Iha Race\" \/>\n<meta property=\"og:description\" content=\"Batteria Tattu Funfly Series 1300mAh 22.2V 100C 6S1P XT60 Funfly, il nuovo affascinante membro della famiglia Tattu, appositamente progettato per l&#8217;allenamento quotidiano e il freestyle. Siete stanchi delle pressioni del\" \/>\n<meta property=\"og:url\" content=\"https:\/\/iha-race.com\/it\/prodotto\/bateria-tattu-funfly-series-1300mah-22-2v-100c-6s1p-xt60\/\" \/>\n<meta property=\"og:site_name\" content=\"Iha Race\" \/>\n<meta property=\"article:modified_time\" content=\"2024-07-10T08:59:19+00:00\" \/>\n<meta property=\"og:image\" content=\"https:\/\/iha-race.com\/wp-content\/uploads\/2020\/11\/Tattu-Funfly-Series-1300mAh-22.2V-100C-6S1P-Lipo-Battery-Pack-with-XT60-plug.jpg\" \/>\n\t<meta property=\"og:image:width\" content=\"800\" \/>\n\t<meta property=\"og:image:height\" content=\"800\" \/>\n\t<meta property=\"og:image:type\" content=\"image\/jpeg\" \/>\n<meta name=\"twitter:card\" content=\"summary_large_image\" \/>\n<meta name=\"twitter:label1\" content=\"Tempo di lettura stimato\" \/>\n\t<meta name=\"twitter:data1\" content=\"2 minuti\" \/>\n<script type=\"application\/ld+json\" class=\"yoast-schema-graph\">{\"@context\":\"https:\\\/\\\/schema.org\",\"@graph\":[{\"@type\":\"WebPage\",\"@id\":\"https:\\\/\\\/iha-race.com\\\/it\\\/prodotto\\\/bateria-tattu-funfly-series-1300mah-22-2v-100c-6s1p-xt60\\\/\",\"url\":\"https:\\\/\\\/iha-race.com\\\/it\\\/prodotto\\\/bateria-tattu-funfly-series-1300mah-22-2v-100c-6s1p-xt60\\\/\",\"name\":\"Batteria Tattu Funfly Series 1300mAh 22.2V 100C 6S1P XT60 - Iha Race\",\"isPartOf\":{\"@id\":\"https:\\\/\\\/iha-race.com\\\/it\\\/#website\"},\"primaryImageOfPage\":{\"@id\":\"https:\\\/\\\/iha-race.com\\\/it\\\/prodotto\\\/bateria-tattu-funfly-series-1300mah-22-2v-100c-6s1p-xt60\\\/#primaryimage\"},\"image\":{\"@id\":\"https:\\\/\\\/iha-race.com\\\/it\\\/prodotto\\\/bateria-tattu-funfly-series-1300mah-22-2v-100c-6s1p-xt60\\\/#primaryimage\"},\"thumbnailUrl\":\"https:\\\/\\\/iha-race.com\\\/wp-content\\\/uploads\\\/2020\\\/11\\\/Tattu-Funfly-Series-1300mAh-22.2V-100C-6S1P-Lipo-Battery-Pack-with-XT60-plug.jpg\",\"datePublished\":\"2020-11-13T09:08:05+00:00\",\"dateModified\":\"2024-07-10T08:59:19+00:00\",\"breadcrumb\":{\"@id\":\"https:\\\/\\\/iha-race.com\\\/it\\\/prodotto\\\/bateria-tattu-funfly-series-1300mah-22-2v-100c-6s1p-xt60\\\/#breadcrumb\"},\"inLanguage\":\"it-IT\",\"potentialAction\":[{\"@type\":\"ReadAction\",\"target\":[\"https:\\\/\\\/iha-race.com\\\/it\\\/prodotto\\\/bateria-tattu-funfly-series-1300mah-22-2v-100c-6s1p-xt60\\\/\"]}]},{\"@type\":\"ImageObject\",\"inLanguage\":\"it-IT\",\"@id\":\"https:\\\/\\\/iha-race.com\\\/it\\\/prodotto\\\/bateria-tattu-funfly-series-1300mah-22-2v-100c-6s1p-xt60\\\/#primaryimage\",\"url\":\"https:\\\/\\\/iha-race.com\\\/wp-content\\\/uploads\\\/2020\\\/11\\\/Tattu-Funfly-Series-1300mAh-22.2V-100C-6S1P-Lipo-Battery-Pack-with-XT60-plug.jpg\",\"contentUrl\":\"https:\\\/\\\/iha-race.com\\\/wp-content\\\/uploads\\\/2020\\\/11\\\/Tattu-Funfly-Series-1300mAh-22.2V-100C-6S1P-Lipo-Battery-Pack-with-XT60-plug.jpg\",\"width\":800,\"height\":800,\"caption\":\"Acquistare Tattu Funfly Series 1300mAh 22.2V 100C 6S1P Batteria Lipo con connettore XT60 pi\u00f9 economico\"},{\"@type\":\"BreadcrumbList\",\"@id\":\"https:\\\/\\\/iha-race.com\\\/it\\\/prodotto\\\/bateria-tattu-funfly-series-1300mah-22-2v-100c-6s1p-xt60\\\/#breadcrumb\",\"itemListElement\":[{\"@type\":\"ListItem\",\"position\":1,\"name\":\"Portada\",\"item\":\"https:\\\/\\\/iha-race.com\\\/it\\\/\"},{\"@type\":\"ListItem\",\"position\":2,\"name\":\"Negozio\",\"item\":\"https:\\\/\\\/iha-race.com\\\/it\\\/negozio\\\/\"},{\"@type\":\"ListItem\",\"position\":3,\"name\":\"Batteria Tattu Funfly Series 1300mAh 22.2V 100C 6S1P XT60\"}]},{\"@type\":\"WebSite\",\"@id\":\"https:\\\/\\\/iha-race.com\\\/it\\\/#website\",\"url\":\"https:\\\/\\\/iha-race.com\\\/it\\\/\",\"name\":\"Iha Race\",\"description\":\"Comprar drones de carreras FPV env\u00edos en un d\u00eda desde Espa\u00f1a\",\"publisher\":{\"@id\":\"https:\\\/\\\/iha-race.com\\\/it\\\/#organization\"},\"potentialAction\":[{\"@type\":\"SearchAction\",\"target\":{\"@type\":\"EntryPoint\",\"urlTemplate\":\"https:\\\/\\\/iha-race.com\\\/it\\\/?s={search_term_string}\"},\"query-input\":{\"@type\":\"PropertyValueSpecification\",\"valueRequired\":true,\"valueName\":\"search_term_string\"}}],\"inLanguage\":\"it-IT\"},{\"@type\":\"Organization\",\"@id\":\"https:\\\/\\\/iha-race.com\\\/it\\\/#organization\",\"name\":\"Iha Race\",\"url\":\"https:\\\/\\\/iha-race.com\\\/it\\\/\",\"logo\":{\"@type\":\"ImageObject\",\"inLanguage\":\"it-IT\",\"@id\":\"https:\\\/\\\/iha-race.com\\\/it\\\/#\\\/schema\\\/logo\\\/image\\\/\",\"url\":\"https:\\\/\\\/iha-race.com\\\/wp-content\\\/uploads\\\/2018\\\/07\\\/iha-race-drones-de-carreras-tienda-comprar-drones.png\",\"contentUrl\":\"https:\\\/\\\/iha-race.com\\\/wp-content\\\/uploads\\\/2018\\\/07\\\/iha-race-drones-de-carreras-tienda-comprar-drones.png\",\"width\":300,\"height\":100,\"caption\":\"Iha Race\"},\"image\":{\"@id\":\"https:\\\/\\\/iha-race.com\\\/it\\\/#\\\/schema\\\/logo\\\/image\\\/\"}}]}<\/script>\n<!-- \/ Yoast SEO plugin. -->","yoast_head_json":{"title":"Batteria Tattu Funfly Series 1300mAh 22.2V 100C 6S1P XT60 - Iha Race","robots":{"index":"index","follow":"follow","max-snippet":"max-snippet:-1","max-image-preview":"max-image-preview:large","max-video-preview":"max-video-preview:-1"},"canonical":"https:\/\/iha-race.com\/it\/prodotto\/bateria-tattu-funfly-series-1300mah-22-2v-100c-6s1p-xt60\/","og_locale":"it_IT","og_type":"article","og_title":"Batteria Tattu Funfly Series 1300mAh 22.2V 100C 6S1P XT60 - Iha Race","og_description":"Batteria Tattu Funfly Series 1300mAh 22.2V 100C 6S1P XT60 Funfly, il nuovo affascinante membro della famiglia Tattu, appositamente progettato per l&#8217;allenamento quotidiano e il freestyle. Siete stanchi delle pressioni del","og_url":"https:\/\/iha-race.com\/it\/prodotto\/bateria-tattu-funfly-series-1300mah-22-2v-100c-6s1p-xt60\/","og_site_name":"Iha Race","article_modified_time":"2024-07-10T08:59:19+00:00","og_image":[{"width":800,"height":800,"url":"https:\/\/iha-race.com\/wp-content\/uploads\/2020\/11\/Tattu-Funfly-Series-1300mAh-22.2V-100C-6S1P-Lipo-Battery-Pack-with-XT60-plug.jpg","type":"image\/jpeg"}],"twitter_card":"summary_large_image","twitter_misc":{"Tempo di lettura stimato":"2 minuti"},"schema":{"@context":"https:\/\/schema.org","@graph":[{"@type":"WebPage","@id":"https:\/\/iha-race.com\/it\/prodotto\/bateria-tattu-funfly-series-1300mah-22-2v-100c-6s1p-xt60\/","url":"https:\/\/iha-race.com\/it\/prodotto\/bateria-tattu-funfly-series-1300mah-22-2v-100c-6s1p-xt60\/","name":"Batteria Tattu Funfly Series 1300mAh 22.2V 100C 6S1P XT60 - Iha Race","isPartOf":{"@id":"https:\/\/iha-race.com\/it\/#website"},"primaryImageOfPage":{"@id":"https:\/\/iha-race.com\/it\/prodotto\/bateria-tattu-funfly-series-1300mah-22-2v-100c-6s1p-xt60\/#primaryimage"},"image":{"@id":"https:\/\/iha-race.com\/it\/prodotto\/bateria-tattu-funfly-series-1300mah-22-2v-100c-6s1p-xt60\/#primaryimage"},"thumbnailUrl":"https:\/\/iha-race.com\/wp-content\/uploads\/2020\/11\/Tattu-Funfly-Series-1300mAh-22.2V-100C-6S1P-Lipo-Battery-Pack-with-XT60-plug.jpg","datePublished":"2020-11-13T09:08:05+00:00","dateModified":"2024-07-10T08:59:19+00:00","breadcrumb":{"@id":"https:\/\/iha-race.com\/it\/prodotto\/bateria-tattu-funfly-series-1300mah-22-2v-100c-6s1p-xt60\/#breadcrumb"},"inLanguage":"it-IT","potentialAction":[{"@type":"ReadAction","target":["https:\/\/iha-race.com\/it\/prodotto\/bateria-tattu-funfly-series-1300mah-22-2v-100c-6s1p-xt60\/"]}]},{"@type":"ImageObject","inLanguage":"it-IT","@id":"https:\/\/iha-race.com\/it\/prodotto\/bateria-tattu-funfly-series-1300mah-22-2v-100c-6s1p-xt60\/#primaryimage","url":"https:\/\/iha-race.com\/wp-content\/uploads\/2020\/11\/Tattu-Funfly-Series-1300mAh-22.2V-100C-6S1P-Lipo-Battery-Pack-with-XT60-plug.jpg","contentUrl":"https:\/\/iha-race.com\/wp-content\/uploads\/2020\/11\/Tattu-Funfly-Series-1300mAh-22.2V-100C-6S1P-Lipo-Battery-Pack-with-XT60-plug.jpg","width":800,"height":800,"caption":"Acquistare Tattu Funfly Series 1300mAh 22.2V 100C 6S1P Batteria Lipo con connettore XT60 pi\u00f9 economico"},{"@type":"BreadcrumbList","@id":"https:\/\/iha-race.com\/it\/prodotto\/bateria-tattu-funfly-series-1300mah-22-2v-100c-6s1p-xt60\/#breadcrumb","itemListElement":[{"@type":"ListItem","position":1,"name":"Portada","item":"https:\/\/iha-race.com\/it\/"},{"@type":"ListItem","position":2,"name":"Negozio","item":"https:\/\/iha-race.com\/it\/negozio\/"},{"@type":"ListItem","position":3,"name":"Batteria Tattu Funfly Series 1300mAh 22.2V 100C 6S1P XT60"}]},{"@type":"WebSite","@id":"https:\/\/iha-race.com\/it\/#website","url":"https:\/\/iha-race.com\/it\/","name":"Iha Race","description":"Comprar drones de carreras FPV env\u00edos en un d\u00eda desde Espa\u00f1a","publisher":{"@id":"https:\/\/iha-race.com\/it\/#organization"},"potentialAction":[{"@type":"SearchAction","target":{"@type":"EntryPoint","urlTemplate":"https:\/\/iha-race.com\/it\/?s={search_term_string}"},"query-input":{"@type":"PropertyValueSpecification","valueRequired":true,"valueName":"search_term_string"}}],"inLanguage":"it-IT"},{"@type":"Organization","@id":"https:\/\/iha-race.com\/it\/#organization","name":"Iha Race","url":"https:\/\/iha-race.com\/it\/","logo":{"@type":"ImageObject","inLanguage":"it-IT","@id":"https:\/\/iha-race.com\/it\/#\/schema\/logo\/image\/","url":"https:\/\/iha-race.com\/wp-content\/uploads\/2018\/07\/iha-race-drones-de-carreras-tienda-comprar-drones.png","contentUrl":"https:\/\/iha-race.com\/wp-content\/uploads\/2018\/07\/iha-race-drones-de-carreras-tienda-comprar-drones.png","width":300,"height":100,"caption":"Iha Race"},"image":{"@id":"https:\/\/iha-race.com\/it\/#\/schema\/logo\/image\/"}}]}},"brands":[],"_links":{"self":[{"href":"https:\/\/iha-race.com\/it\/wp-json\/wp\/v2\/product\/111238","targetHints":{"allow":["GET"]}}],"collection":[{"href":"https:\/\/iha-race.com\/it\/wp-json\/wp\/v2\/product"}],"about":[{"href":"https:\/\/iha-race.com\/it\/wp-json\/wp\/v2\/types\/product"}],"replies":[{"embeddable":true,"href":"https:\/\/iha-race.com\/it\/wp-json\/wp\/v2\/comments?post=111238"}],"version-history":[{"count":1,"href":"https:\/\/iha-race.com\/it\/wp-json\/wp\/v2\/product\/111238\/revisions"}],"predecessor-version":[{"id":232931,"href":"https:\/\/iha-race.com\/it\/wp-json\/wp\/v2\/product\/111238\/revisions\/232931"}],"wp:featuredmedia":[{"embeddable":true,"href":"https:\/\/iha-race.com\/it\/wp-json\/wp\/v2\/media\/92304"}],"wp:attachment":[{"href":"https:\/\/iha-race.com\/it\/wp-json\/wp\/v2\/media?parent=111238"}],"wp:term":[{"taxonomy":"pwb-brand","embeddable":true,"href":"https:\/\/iha-race.com\/it\/wp-json\/wp\/v2\/pwb-brand?post=111238"},{"taxonomy":"product_cat","embeddable":true,"href":"https:\/\/iha-race.com\/it\/wp-json\/wp\/v2\/product_cat?post=111238"},{"taxonomy":"product_tag","embeddable":true,"href":"https:\/\/iha-race.com\/it\/wp-json\/wp\/v2\/product_tag?post=111238"}],"curies":[{"name":"wp","href":"https:\/\/api.w.org\/{rel}","templated":true}]}}