{"id":111143,"date":"2018-07-23T07:01:39","date_gmt":"2018-07-23T05:01:39","guid":{"rendered":"https:\/\/iha-race.com\/producto\/servo-analogico-emax-es3301-48-6v\/"},"modified":"2024-08-29T16:43:53","modified_gmt":"2024-08-29T14:43:53","slug":"servo-emax-es3301-analogico-4-8-6v","status":"publish","type":"product","link":"https:\/\/iha-race.com\/it\/prodotto\/servo-emax-es3301-analogico-4-8-6v\/","title":{"rendered":"Servo analogico Emax ES3301 4,8-6V"},"content":{"rendered":"<h3>Servo analogico Emax ES3301 4,8-6V<\/h3>\n<p>&nbsp;<\/p>\n<h3><\/h3>\n<h3 class=\"elementor-headline elementor-headline-animation-type-slide-down\" style=\"text-align: center;\"><span class=\"elementor-headline-plain-text elementor-headline-text-wrapper\">Tutte le informazioni di cui hai bisogno per<\/span> <span class=\"elementor-headline-dynamic-wrapper elementor-headline-text-wrapper\"><span class=\"elementor-headline-dynamic-text elementor-headline-text-inactive\">connettersi, <\/span><span class=\"elementor-headline-dynamic-text elementor-headline-text-inactive\">configurare, <\/span><span class=\"elementor-headline-dynamic-text elementor-headline-text-active\">regolare e <\/span><span class=\"elementor-headline-dynamic-text elementor-headline-text-inactive\">volare<\/span><\/span> <span class=\"elementor-headline-plain-text elementor-headline-text-wrapper\">La tua ala radiocomandata si trova all&#8217;indirizzo <a href=\"https:\/\/www.rcwings.es\/\" target=\"_blank\" rel=\"noopener noreferrer\"><img decoding=\"async\" class=\"aligncenter wp-image-7087 size-full\" src=\"https:\/\/iha-race.com\/wp-content\/uploads\/2018\/07\/rcwings.png\" alt=\"RCWings\" width=\"30%\" srcset=\"https:\/\/iha-race.com\/wp-content\/uploads\/2018\/07\/rcwings.png 986w, https:\/\/iha-race.com\/wp-content\/uploads\/2018\/07\/rcwings-597x132.png 597w, https:\/\/iha-race.com\/wp-content\/uploads\/2018\/07\/rcwings-300x66.png 300w, https:\/\/iha-race.com\/wp-content\/uploads\/2018\/07\/rcwings-764x169.png 764w, https:\/\/iha-race.com\/wp-content\/uploads\/2018\/07\/rcwings-1024x226.png 1024w, https:\/\/iha-race.com\/wp-content\/uploads\/2018\/07\/rcwings-788x174.png 788w\" sizes=\"(max-width: 986px) 100vw, 986px\" \/><\/a><\/span> <\/h3>\n<p>&nbsp;<\/p>\n","protected":false},"excerpt":{"rendered":"<p>Servo analogico Emax ES3301 4,8-6V &nbsp; Tutte le informazioni di cui hai bisogno per connettersi, configurare, regolare e volare La tua ala radiocomandata si trova all&#8217;indirizzo &nbsp;<\/p>\n","protected":false},"featured_media":94181,"comment_status":"open","ping_status":"closed","template":"","meta":{"_joinchat":[]},"pwb-brand":[],"product_cat":[166,1104],"product_tag":[],"class_list":{"0":"post-111143","1":"product","2":"type-product","3":"status-publish","4":"has-post-thumbnail","6":"product_cat-aviones-alas","7":"product_cat-elettronica-e-accessori-fpv","9":"first","10":"instock","11":"taxable","12":"shipping-taxable","13":"purchasable","14":"product-type-simple"},"barcode":null,"atum_controlled":true,"out_stock_date":null,"out_stock_threshold":null,"inheritable":false,"stock_on_hold":0,"sold_today":0,"sales_last_days":2,"out_stock_days":0,"lost_sales":0,"update_date":"2026-04-08T16:31:37","atum_locations":[],"atum_stock_status":"instock","restock_status":false,"low_stock_amount":0,"sales_update_date":"2025-02-13T07:49:12","calc_backorders":null,"yoast_head":"<!-- This site is optimized with the Yoast SEO plugin v27.3 - https:\/\/yoast.com\/product\/yoast-seo-wordpress\/ -->\n<title>Servo analogico Emax ES3301 4,8-6V - Iha Race<\/title>\n<meta name=\"robots\" content=\"index, follow, max-snippet:-1, max-image-preview:large, max-video-preview:-1\" \/>\n<link rel=\"canonical\" href=\"https:\/\/iha-race.com\/it\/prodotto\/servo-emax-es3301-analogico-4-8-6v\/\" \/>\n<meta property=\"og:locale\" content=\"it_IT\" \/>\n<meta property=\"og:type\" content=\"article\" \/>\n<meta property=\"og:title\" content=\"Servo analogico Emax ES3301 4,8-6V - Iha Race\" \/>\n<meta property=\"og:description\" content=\"Servo analogico Emax ES3301 4,8-6V &nbsp; Tutte le informazioni di cui hai bisogno per connettersi, configurare, regolare e volare La tua ala radiocomandata si trova all&#8217;indirizzo &nbsp;\" \/>\n<meta property=\"og:url\" content=\"https:\/\/iha-race.com\/it\/prodotto\/servo-emax-es3301-analogico-4-8-6v\/\" \/>\n<meta property=\"og:site_name\" content=\"Iha Race\" \/>\n<meta property=\"article:modified_time\" content=\"2024-08-29T14:43:53+00:00\" \/>\n<meta property=\"og:image\" content=\"https:\/\/iha-race.com\/wp-content\/uploads\/2018\/07\/servo-emax-es3301-analogico-4-8-6v-oferta-1.jpg\" \/>\n\t<meta property=\"og:image:width\" content=\"800\" \/>\n\t<meta property=\"og:image:height\" content=\"800\" \/>\n\t<meta property=\"og:image:type\" content=\"image\/jpeg\" \/>\n<meta name=\"twitter:card\" content=\"summary_large_image\" \/>\n<script type=\"application\/ld+json\" class=\"yoast-schema-graph\">{\"@context\":\"https:\\\/\\\/schema.org\",\"@graph\":[{\"@type\":\"WebPage\",\"@id\":\"https:\\\/\\\/iha-race.com\\\/it\\\/prodotto\\\/servo-emax-es3301-analogico-4-8-6v\\\/\",\"url\":\"https:\\\/\\\/iha-race.com\\\/it\\\/prodotto\\\/servo-emax-es3301-analogico-4-8-6v\\\/\",\"name\":\"Servo analogico Emax ES3301 4,8-6V - Iha Race\",\"isPartOf\":{\"@id\":\"https:\\\/\\\/iha-race.com\\\/it\\\/#website\"},\"primaryImageOfPage\":{\"@id\":\"https:\\\/\\\/iha-race.com\\\/it\\\/prodotto\\\/servo-emax-es3301-analogico-4-8-6v\\\/#primaryimage\"},\"image\":{\"@id\":\"https:\\\/\\\/iha-race.com\\\/it\\\/prodotto\\\/servo-emax-es3301-analogico-4-8-6v\\\/#primaryimage\"},\"thumbnailUrl\":\"https:\\\/\\\/iha-race.com\\\/wp-content\\\/uploads\\\/2018\\\/07\\\/servo-emax-es3301-analogico-4-8-6v-oferta-1.jpg\",\"datePublished\":\"2018-07-23T05:01:39+00:00\",\"dateModified\":\"2024-08-29T14:43:53+00:00\",\"breadcrumb\":{\"@id\":\"https:\\\/\\\/iha-race.com\\\/it\\\/prodotto\\\/servo-emax-es3301-analogico-4-8-6v\\\/#breadcrumb\"},\"inLanguage\":\"it-IT\",\"potentialAction\":[{\"@type\":\"ReadAction\",\"target\":[\"https:\\\/\\\/iha-race.com\\\/it\\\/prodotto\\\/servo-emax-es3301-analogico-4-8-6v\\\/\"]}]},{\"@type\":\"ImageObject\",\"inLanguage\":\"it-IT\",\"@id\":\"https:\\\/\\\/iha-race.com\\\/it\\\/prodotto\\\/servo-emax-es3301-analogico-4-8-6v\\\/#primaryimage\",\"url\":\"https:\\\/\\\/iha-race.com\\\/wp-content\\\/uploads\\\/2018\\\/07\\\/servo-emax-es3301-analogico-4-8-6v-oferta-1.jpg\",\"contentUrl\":\"https:\\\/\\\/iha-race.com\\\/wp-content\\\/uploads\\\/2018\\\/07\\\/servo-emax-es3301-analogico-4-8-6v-oferta-1.jpg\",\"width\":800,\"height\":800,\"caption\":\"servo-emax-es3301-analogico-4-8-6v-oferta\"},{\"@type\":\"BreadcrumbList\",\"@id\":\"https:\\\/\\\/iha-race.com\\\/it\\\/prodotto\\\/servo-emax-es3301-analogico-4-8-6v\\\/#breadcrumb\",\"itemListElement\":[{\"@type\":\"ListItem\",\"position\":1,\"name\":\"Portada\",\"item\":\"https:\\\/\\\/iha-race.com\\\/it\\\/\"},{\"@type\":\"ListItem\",\"position\":2,\"name\":\"Negozio\",\"item\":\"https:\\\/\\\/iha-race.com\\\/it\\\/negozio\\\/\"},{\"@type\":\"ListItem\",\"position\":3,\"name\":\"Servo analogico Emax ES3301 4,8-6V\"}]},{\"@type\":\"WebSite\",\"@id\":\"https:\\\/\\\/iha-race.com\\\/it\\\/#website\",\"url\":\"https:\\\/\\\/iha-race.com\\\/it\\\/\",\"name\":\"Iha Race\",\"description\":\"Comprar drones de carreras FPV env\u00edos en un d\u00eda desde Espa\u00f1a\",\"publisher\":{\"@id\":\"https:\\\/\\\/iha-race.com\\\/it\\\/#organization\"},\"potentialAction\":[{\"@type\":\"SearchAction\",\"target\":{\"@type\":\"EntryPoint\",\"urlTemplate\":\"https:\\\/\\\/iha-race.com\\\/it\\\/?s={search_term_string}\"},\"query-input\":{\"@type\":\"PropertyValueSpecification\",\"valueRequired\":true,\"valueName\":\"search_term_string\"}}],\"inLanguage\":\"it-IT\"},{\"@type\":\"Organization\",\"@id\":\"https:\\\/\\\/iha-race.com\\\/it\\\/#organization\",\"name\":\"Iha Race\",\"url\":\"https:\\\/\\\/iha-race.com\\\/it\\\/\",\"logo\":{\"@type\":\"ImageObject\",\"inLanguage\":\"it-IT\",\"@id\":\"https:\\\/\\\/iha-race.com\\\/it\\\/#\\\/schema\\\/logo\\\/image\\\/\",\"url\":\"https:\\\/\\\/iha-race.com\\\/wp-content\\\/uploads\\\/2018\\\/07\\\/iha-race-drones-de-carreras-tienda-comprar-drones.png\",\"contentUrl\":\"https:\\\/\\\/iha-race.com\\\/wp-content\\\/uploads\\\/2018\\\/07\\\/iha-race-drones-de-carreras-tienda-comprar-drones.png\",\"width\":300,\"height\":100,\"caption\":\"Iha Race\"},\"image\":{\"@id\":\"https:\\\/\\\/iha-race.com\\\/it\\\/#\\\/schema\\\/logo\\\/image\\\/\"}}]}<\/script>\n<!-- \/ Yoast SEO plugin. -->","yoast_head_json":{"title":"Servo analogico Emax ES3301 4,8-6V - Iha Race","robots":{"index":"index","follow":"follow","max-snippet":"max-snippet:-1","max-image-preview":"max-image-preview:large","max-video-preview":"max-video-preview:-1"},"canonical":"https:\/\/iha-race.com\/it\/prodotto\/servo-emax-es3301-analogico-4-8-6v\/","og_locale":"it_IT","og_type":"article","og_title":"Servo analogico Emax ES3301 4,8-6V - Iha Race","og_description":"Servo analogico Emax ES3301 4,8-6V &nbsp; Tutte le informazioni di cui hai bisogno per connettersi, configurare, regolare e volare La tua ala radiocomandata si trova all&#8217;indirizzo &nbsp;","og_url":"https:\/\/iha-race.com\/it\/prodotto\/servo-emax-es3301-analogico-4-8-6v\/","og_site_name":"Iha Race","article_modified_time":"2024-08-29T14:43:53+00:00","og_image":[{"width":800,"height":800,"url":"https:\/\/iha-race.com\/wp-content\/uploads\/2018\/07\/servo-emax-es3301-analogico-4-8-6v-oferta-1.jpg","type":"image\/jpeg"}],"twitter_card":"summary_large_image","schema":{"@context":"https:\/\/schema.org","@graph":[{"@type":"WebPage","@id":"https:\/\/iha-race.com\/it\/prodotto\/servo-emax-es3301-analogico-4-8-6v\/","url":"https:\/\/iha-race.com\/it\/prodotto\/servo-emax-es3301-analogico-4-8-6v\/","name":"Servo analogico Emax ES3301 4,8-6V - Iha Race","isPartOf":{"@id":"https:\/\/iha-race.com\/it\/#website"},"primaryImageOfPage":{"@id":"https:\/\/iha-race.com\/it\/prodotto\/servo-emax-es3301-analogico-4-8-6v\/#primaryimage"},"image":{"@id":"https:\/\/iha-race.com\/it\/prodotto\/servo-emax-es3301-analogico-4-8-6v\/#primaryimage"},"thumbnailUrl":"https:\/\/iha-race.com\/wp-content\/uploads\/2018\/07\/servo-emax-es3301-analogico-4-8-6v-oferta-1.jpg","datePublished":"2018-07-23T05:01:39+00:00","dateModified":"2024-08-29T14:43:53+00:00","breadcrumb":{"@id":"https:\/\/iha-race.com\/it\/prodotto\/servo-emax-es3301-analogico-4-8-6v\/#breadcrumb"},"inLanguage":"it-IT","potentialAction":[{"@type":"ReadAction","target":["https:\/\/iha-race.com\/it\/prodotto\/servo-emax-es3301-analogico-4-8-6v\/"]}]},{"@type":"ImageObject","inLanguage":"it-IT","@id":"https:\/\/iha-race.com\/it\/prodotto\/servo-emax-es3301-analogico-4-8-6v\/#primaryimage","url":"https:\/\/iha-race.com\/wp-content\/uploads\/2018\/07\/servo-emax-es3301-analogico-4-8-6v-oferta-1.jpg","contentUrl":"https:\/\/iha-race.com\/wp-content\/uploads\/2018\/07\/servo-emax-es3301-analogico-4-8-6v-oferta-1.jpg","width":800,"height":800,"caption":"servo-emax-es3301-analogico-4-8-6v-oferta"},{"@type":"BreadcrumbList","@id":"https:\/\/iha-race.com\/it\/prodotto\/servo-emax-es3301-analogico-4-8-6v\/#breadcrumb","itemListElement":[{"@type":"ListItem","position":1,"name":"Portada","item":"https:\/\/iha-race.com\/it\/"},{"@type":"ListItem","position":2,"name":"Negozio","item":"https:\/\/iha-race.com\/it\/negozio\/"},{"@type":"ListItem","position":3,"name":"Servo analogico Emax ES3301 4,8-6V"}]},{"@type":"WebSite","@id":"https:\/\/iha-race.com\/it\/#website","url":"https:\/\/iha-race.com\/it\/","name":"Iha Race","description":"Comprar drones de carreras FPV env\u00edos en un d\u00eda desde Espa\u00f1a","publisher":{"@id":"https:\/\/iha-race.com\/it\/#organization"},"potentialAction":[{"@type":"SearchAction","target":{"@type":"EntryPoint","urlTemplate":"https:\/\/iha-race.com\/it\/?s={search_term_string}"},"query-input":{"@type":"PropertyValueSpecification","valueRequired":true,"valueName":"search_term_string"}}],"inLanguage":"it-IT"},{"@type":"Organization","@id":"https:\/\/iha-race.com\/it\/#organization","name":"Iha Race","url":"https:\/\/iha-race.com\/it\/","logo":{"@type":"ImageObject","inLanguage":"it-IT","@id":"https:\/\/iha-race.com\/it\/#\/schema\/logo\/image\/","url":"https:\/\/iha-race.com\/wp-content\/uploads\/2018\/07\/iha-race-drones-de-carreras-tienda-comprar-drones.png","contentUrl":"https:\/\/iha-race.com\/wp-content\/uploads\/2018\/07\/iha-race-drones-de-carreras-tienda-comprar-drones.png","width":300,"height":100,"caption":"Iha Race"},"image":{"@id":"https:\/\/iha-race.com\/it\/#\/schema\/logo\/image\/"}}]}},"jetpack_sharing_enabled":true,"brands":[],"_links":{"self":[{"href":"https:\/\/iha-race.com\/it\/wp-json\/wp\/v2\/product\/111143","targetHints":{"allow":["GET"]}}],"collection":[{"href":"https:\/\/iha-race.com\/it\/wp-json\/wp\/v2\/product"}],"about":[{"href":"https:\/\/iha-race.com\/it\/wp-json\/wp\/v2\/types\/product"}],"replies":[{"embeddable":true,"href":"https:\/\/iha-race.com\/it\/wp-json\/wp\/v2\/comments?post=111143"}],"version-history":[{"count":2,"href":"https:\/\/iha-race.com\/it\/wp-json\/wp\/v2\/product\/111143\/revisions"}],"predecessor-version":[{"id":250614,"href":"https:\/\/iha-race.com\/it\/wp-json\/wp\/v2\/product\/111143\/revisions\/250614"}],"wp:featuredmedia":[{"embeddable":true,"href":"https:\/\/iha-race.com\/it\/wp-json\/wp\/v2\/media\/94181"}],"wp:attachment":[{"href":"https:\/\/iha-race.com\/it\/wp-json\/wp\/v2\/media?parent=111143"}],"wp:term":[{"taxonomy":"pwb-brand","embeddable":true,"href":"https:\/\/iha-race.com\/it\/wp-json\/wp\/v2\/pwb-brand?post=111143"},{"taxonomy":"product_cat","embeddable":true,"href":"https:\/\/iha-race.com\/it\/wp-json\/wp\/v2\/product_cat?post=111143"},{"taxonomy":"product_tag","embeddable":true,"href":"https:\/\/iha-race.com\/it\/wp-json\/wp\/v2\/product_tag?post=111143"}],"curies":[{"name":"wp","href":"https:\/\/api.w.org\/{rel}","templated":true}]}}