{"id":111129,"date":"2021-02-28T08:20:19","date_gmt":"2021-02-28T07:20:19","guid":{"rendered":"https:\/\/iha-race.com\/producto\/tbs-triumph-stub-antenna-rhcp-sma-rp-sma-2-pz\/"},"modified":"2024-08-29T12:33:11","modified_gmt":"2024-08-29T10:33:11","slug":"antenna-tbs-triumph-stub-rhcp-sma-rp-rp-sma-2-unita","status":"publish","type":"product","link":"https:\/\/iha-race.com\/it\/prodotto\/antenna-tbs-triumph-stub-rhcp-sma-rp-rp-sma-2-unita\/","title":{"rendered":"TBS TRIUMPH-STUB Antenna RHCP (SMA\/RP-SMA) (2 pz.)"},"content":{"rendered":"<h2>TBS TRIUMPH-STUB Antenna RHCP (SMA\/RP-SMA) (2 pz.)<\/h2>\n<h3>Antenne video di altissima qualit\u00e0<\/h3>\n<p>  Mentre altre antenne si affidano a progetti di imitazione, la TBS Triumph fa un enorme passo avanti nella tecnologia delle antenne a 5,8 GHz. Video Aerial Systems LLC (IBcrazy) e Team-BlackSheep si sono uniti per reinventare l&#8217;aspetto e le prestazioni della moderna antenna a polarizzazione circolare 5.8. Nella nostra ricerca del segnale video pi\u00f9 pulito e della migliore portata possibile, ci siamo avventurati ben oltre i tradizionali lobi curvi dei progetti Cloverleaf e abbiamo investito molto tempo e sforzi per trovare i migliori progetti di antenna conosciuti dall&#8217;uomo e modificarli specificamente per l&#8217;uso FPV. Dopo un&#8217;approfondita fase di progettazione e di test, ci siamo concentrati sull&#8217;assicurare che la Triumph fosse abbastanza resistente da sopportare anche i maltrattamenti pi\u00f9 duri. Dopo molti voli di prova e molti feedback da parte dei nostri piloti, abbiamo deciso di utilizzare un cavo semirigido per impieghi gravosi con doppia guaina e connettori stagnati. Per proteggerci, abbiamo creato un involucro saldato a ultrasuoni e riempito di schiuma speciale per proteggere l&#8217;antenna da alberi o altri oggetti in arrivo \ud83d\ude42  <\/p>\n<h2 class=\"h1\">Caratteristiche:<\/h2>\n<ul>\n<li>Prodotto e testato secondo gli standard pi\u00f9 elevati.<\/li>\n<li>Portata e qualit\u00e0 del segnale migliori della categoria<\/li>\n<li>Extra compatto e leggero<\/li>\n<li>Copertura imbottita di schiuma e saldata a ultrasuoni per la massima protezione dagli urti<\/li>\n<li>Cavo semirigido a doppia guaina per un&#8217;elevata resistenza agli urti<\/li>\n<\/ul>\n<h2 class=\"h1\">Specifiche tecniche:<\/h2>\n<ul>\n<li><strong>Gamma di frequenza:<\/strong> 5500-6000MHz<\/li>\n<li><strong>Guadagno:<\/strong> 1,26 dB<\/li>\n<li><strong>Rapporto assiale:<\/strong> 0,74<\/li>\n<li><strong>Cavo:<\/strong> RG402 (per impieghi gravosi)<\/li>\n<li><strong>Peso:<\/strong> 8,5 g &#8211; 9,8 g<\/li>\n<li><strong>Altezza:<\/strong> 50 mm, 1,97 pollici<\/li>\n<li><strong>Connettore:<\/strong> SMA\/RPSMA<\/li>\n<\/ul>\n<h2>Il pacchetto comprende:<\/h2>\n<ul>\n<li>2 antenne TBS TRIUMPH-STUB RHCP (SMA o RP-SMA)<\/li>\n<\/ul>\n<p><iframe title=\"FPV Transmitter antenna selection guide\" width=\"1200\" height=\"675\" src=\"https:\/\/www.youtube.com\/embed\/z7QVjayje4o?feature=oembed\" frameborder=\"0\" allow=\"accelerometer; autoplay; clipboard-write; encrypted-media; gyroscope; picture-in-picture; web-share\" referrerpolicy=\"strict-origin-when-cross-origin\" allowfullscreen><\/iframe><\/p>\n<h3 class=\"h1\">Download:<\/h3>\n<ul>\n<li><a href=\"https:\/\/www.team-blacksheep.com\/tbs-triumph-manual.pdf\" target=\"_blank\" rel=\"noopener\">Manuale TBS Triumph<\/a><\/li>\n<\/ul>\n","protected":false},"excerpt":{"rendered":"<p>L&#8217;antenna da corsa FPV di ultima generazione \u00e8 appena migliorata. Con un peso ridotto e una durata ancora maggiore, il TBS Triumph Stub ha tutto.<\/p>\n","protected":false},"featured_media":98028,"comment_status":"open","ping_status":"closed","template":"","meta":{"_joinchat":[]},"pwb-brand":[],"product_cat":[1180],"product_tag":[],"class_list":{"0":"post-111129","1":"product","2":"type-product","3":"status-publish","4":"has-post-thumbnail","6":"product_cat-antenne-fpv","8":"first","9":"instock","10":"taxable","11":"shipping-taxable","12":"purchasable","13":"product-type-variable"},"barcode":null,"atum_controlled":true,"out_stock_date":null,"out_stock_threshold":null,"inheritable":true,"stock_on_hold":0,"sold_today":0,"sales_last_days":0,"out_stock_days":0,"lost_sales":0,"update_date":"2026-04-25T20:29:12","atum_locations":[],"atum_stock_status":"instock","restock_status":false,"low_stock_amount":"","sales_update_date":"2026-04-25T20:29:12","calc_backorders":null,"yoast_head":"<!-- This site is optimized with the Yoast SEO plugin v27.3 - https:\/\/yoast.com\/product\/yoast-seo-wordpress\/ -->\n<title>TBS TRIUMPH-STUB Antenna RHCP (SMA\/RP-SMA) (2 pz.) - Iha Race<\/title>\n<meta name=\"robots\" content=\"index, follow, max-snippet:-1, max-image-preview:large, max-video-preview:-1\" \/>\n<link rel=\"canonical\" href=\"https:\/\/iha-race.com\/it\/prodotto\/antenna-tbs-triumph-stub-rhcp-sma-rp-rp-sma-2-unita\/\" \/>\n<meta property=\"og:locale\" content=\"it_IT\" \/>\n<meta property=\"og:type\" content=\"article\" \/>\n<meta property=\"og:title\" content=\"TBS TRIUMPH-STUB Antenna RHCP (SMA\/RP-SMA) (2 pz.) - Iha Race\" \/>\n<meta property=\"og:description\" content=\"L&#039;antenna da corsa FPV di ultima generazione \u00e8 appena migliorata. Con un peso ridotto e una durata ancora maggiore, il TBS Triumph Stub ha tutto.\" \/>\n<meta property=\"og:url\" content=\"https:\/\/iha-race.com\/it\/prodotto\/antenna-tbs-triumph-stub-rhcp-sma-rp-rp-sma-2-unita\/\" \/>\n<meta property=\"og:site_name\" content=\"Iha Race\" \/>\n<meta property=\"article:modified_time\" content=\"2024-08-29T10:33:11+00:00\" \/>\n<meta property=\"og:image\" content=\"https:\/\/iha-race.com\/wp-content\/uploads\/2018\/07\/Antena-TBS-TRIUMPH-STUB-RHCP-SMA-RP.SMA-2-Unidades.jpg\" \/>\n\t<meta property=\"og:image:width\" content=\"1000\" \/>\n\t<meta property=\"og:image:height\" content=\"1000\" \/>\n\t<meta property=\"og:image:type\" content=\"image\/jpeg\" \/>\n<meta name=\"twitter:card\" content=\"summary_large_image\" \/>\n<meta name=\"twitter:label1\" content=\"Tempo di lettura stimato\" \/>\n\t<meta name=\"twitter:data1\" content=\"1 minuto\" \/>\n<script type=\"application\/ld+json\" class=\"yoast-schema-graph\">{\"@context\":\"https:\\\/\\\/schema.org\",\"@graph\":[{\"@type\":\"WebPage\",\"@id\":\"https:\\\/\\\/iha-race.com\\\/it\\\/prodotto\\\/antenna-tbs-triumph-stub-rhcp-sma-rp-rp-sma-2-unita\\\/\",\"url\":\"https:\\\/\\\/iha-race.com\\\/it\\\/prodotto\\\/antenna-tbs-triumph-stub-rhcp-sma-rp-rp-sma-2-unita\\\/\",\"name\":\"TBS TRIUMPH-STUB Antenna RHCP (SMA\\\/RP-SMA) (2 pz.) - Iha Race\",\"isPartOf\":{\"@id\":\"https:\\\/\\\/iha-race.com\\\/it\\\/#website\"},\"primaryImageOfPage\":{\"@id\":\"https:\\\/\\\/iha-race.com\\\/it\\\/prodotto\\\/antenna-tbs-triumph-stub-rhcp-sma-rp-rp-sma-2-unita\\\/#primaryimage\"},\"image\":{\"@id\":\"https:\\\/\\\/iha-race.com\\\/it\\\/prodotto\\\/antenna-tbs-triumph-stub-rhcp-sma-rp-rp-sma-2-unita\\\/#primaryimage\"},\"thumbnailUrl\":\"https:\\\/\\\/iha-race.com\\\/wp-content\\\/uploads\\\/2018\\\/07\\\/Antena-TBS-TRIUMPH-STUB-RHCP-SMA-RP.SMA-2-Unidades.jpg\",\"datePublished\":\"2021-02-28T07:20:19+00:00\",\"dateModified\":\"2024-08-29T10:33:11+00:00\",\"breadcrumb\":{\"@id\":\"https:\\\/\\\/iha-race.com\\\/it\\\/prodotto\\\/antenna-tbs-triumph-stub-rhcp-sma-rp-rp-sma-2-unita\\\/#breadcrumb\"},\"inLanguage\":\"it-IT\",\"potentialAction\":[{\"@type\":\"ReadAction\",\"target\":[\"https:\\\/\\\/iha-race.com\\\/it\\\/prodotto\\\/antenna-tbs-triumph-stub-rhcp-sma-rp-rp-sma-2-unita\\\/\"]}]},{\"@type\":\"ImageObject\",\"inLanguage\":\"it-IT\",\"@id\":\"https:\\\/\\\/iha-race.com\\\/it\\\/prodotto\\\/antenna-tbs-triumph-stub-rhcp-sma-rp-rp-sma-2-unita\\\/#primaryimage\",\"url\":\"https:\\\/\\\/iha-race.com\\\/wp-content\\\/uploads\\\/2018\\\/07\\\/Antena-TBS-TRIUMPH-STUB-RHCP-SMA-RP.SMA-2-Unidades.jpg\",\"contentUrl\":\"https:\\\/\\\/iha-race.com\\\/wp-content\\\/uploads\\\/2018\\\/07\\\/Antena-TBS-TRIUMPH-STUB-RHCP-SMA-RP.SMA-2-Unidades.jpg\",\"width\":1000,\"height\":1000,\"caption\":\"acquistare il pi\u00f9 economico TBS TRIUMPH-STUB RHCP Antenna (SMA-RP.SMA) (2 unit\u00e0)\"},{\"@type\":\"BreadcrumbList\",\"@id\":\"https:\\\/\\\/iha-race.com\\\/it\\\/prodotto\\\/antenna-tbs-triumph-stub-rhcp-sma-rp-rp-sma-2-unita\\\/#breadcrumb\",\"itemListElement\":[{\"@type\":\"ListItem\",\"position\":1,\"name\":\"Portada\",\"item\":\"https:\\\/\\\/iha-race.com\\\/it\\\/\"},{\"@type\":\"ListItem\",\"position\":2,\"name\":\"Negozio\",\"item\":\"https:\\\/\\\/iha-race.com\\\/it\\\/negozio\\\/\"},{\"@type\":\"ListItem\",\"position\":3,\"name\":\"TBS TRIUMPH-STUB Antenna RHCP (SMA\\\/RP-SMA) (2 pz.)\"}]},{\"@type\":\"WebSite\",\"@id\":\"https:\\\/\\\/iha-race.com\\\/it\\\/#website\",\"url\":\"https:\\\/\\\/iha-race.com\\\/it\\\/\",\"name\":\"Iha Race\",\"description\":\"Comprar drones de carreras FPV env\u00edos en un d\u00eda desde Espa\u00f1a\",\"publisher\":{\"@id\":\"https:\\\/\\\/iha-race.com\\\/it\\\/#organization\"},\"potentialAction\":[{\"@type\":\"SearchAction\",\"target\":{\"@type\":\"EntryPoint\",\"urlTemplate\":\"https:\\\/\\\/iha-race.com\\\/it\\\/?s={search_term_string}\"},\"query-input\":{\"@type\":\"PropertyValueSpecification\",\"valueRequired\":true,\"valueName\":\"search_term_string\"}}],\"inLanguage\":\"it-IT\"},{\"@type\":\"Organization\",\"@id\":\"https:\\\/\\\/iha-race.com\\\/it\\\/#organization\",\"name\":\"Iha Race\",\"url\":\"https:\\\/\\\/iha-race.com\\\/it\\\/\",\"logo\":{\"@type\":\"ImageObject\",\"inLanguage\":\"it-IT\",\"@id\":\"https:\\\/\\\/iha-race.com\\\/it\\\/#\\\/schema\\\/logo\\\/image\\\/\",\"url\":\"https:\\\/\\\/iha-race.com\\\/wp-content\\\/uploads\\\/2018\\\/07\\\/iha-race-drones-de-carreras-tienda-comprar-drones.png\",\"contentUrl\":\"https:\\\/\\\/iha-race.com\\\/wp-content\\\/uploads\\\/2018\\\/07\\\/iha-race-drones-de-carreras-tienda-comprar-drones.png\",\"width\":300,\"height\":100,\"caption\":\"Iha Race\"},\"image\":{\"@id\":\"https:\\\/\\\/iha-race.com\\\/it\\\/#\\\/schema\\\/logo\\\/image\\\/\"}}]}<\/script>\n<!-- \/ Yoast SEO plugin. -->","yoast_head_json":{"title":"TBS TRIUMPH-STUB Antenna RHCP (SMA\/RP-SMA) (2 pz.) - Iha Race","robots":{"index":"index","follow":"follow","max-snippet":"max-snippet:-1","max-image-preview":"max-image-preview:large","max-video-preview":"max-video-preview:-1"},"canonical":"https:\/\/iha-race.com\/it\/prodotto\/antenna-tbs-triumph-stub-rhcp-sma-rp-rp-sma-2-unita\/","og_locale":"it_IT","og_type":"article","og_title":"TBS TRIUMPH-STUB Antenna RHCP (SMA\/RP-SMA) (2 pz.) - Iha Race","og_description":"L'antenna da corsa FPV di ultima generazione \u00e8 appena migliorata. Con un peso ridotto e una durata ancora maggiore, il TBS Triumph Stub ha tutto.","og_url":"https:\/\/iha-race.com\/it\/prodotto\/antenna-tbs-triumph-stub-rhcp-sma-rp-rp-sma-2-unita\/","og_site_name":"Iha Race","article_modified_time":"2024-08-29T10:33:11+00:00","og_image":[{"width":1000,"height":1000,"url":"https:\/\/iha-race.com\/wp-content\/uploads\/2018\/07\/Antena-TBS-TRIUMPH-STUB-RHCP-SMA-RP.SMA-2-Unidades.jpg","type":"image\/jpeg"}],"twitter_card":"summary_large_image","twitter_misc":{"Tempo di lettura stimato":"1 minuto"},"schema":{"@context":"https:\/\/schema.org","@graph":[{"@type":"WebPage","@id":"https:\/\/iha-race.com\/it\/prodotto\/antenna-tbs-triumph-stub-rhcp-sma-rp-rp-sma-2-unita\/","url":"https:\/\/iha-race.com\/it\/prodotto\/antenna-tbs-triumph-stub-rhcp-sma-rp-rp-sma-2-unita\/","name":"TBS TRIUMPH-STUB Antenna RHCP (SMA\/RP-SMA) (2 pz.) - Iha Race","isPartOf":{"@id":"https:\/\/iha-race.com\/it\/#website"},"primaryImageOfPage":{"@id":"https:\/\/iha-race.com\/it\/prodotto\/antenna-tbs-triumph-stub-rhcp-sma-rp-rp-sma-2-unita\/#primaryimage"},"image":{"@id":"https:\/\/iha-race.com\/it\/prodotto\/antenna-tbs-triumph-stub-rhcp-sma-rp-rp-sma-2-unita\/#primaryimage"},"thumbnailUrl":"https:\/\/iha-race.com\/wp-content\/uploads\/2018\/07\/Antena-TBS-TRIUMPH-STUB-RHCP-SMA-RP.SMA-2-Unidades.jpg","datePublished":"2021-02-28T07:20:19+00:00","dateModified":"2024-08-29T10:33:11+00:00","breadcrumb":{"@id":"https:\/\/iha-race.com\/it\/prodotto\/antenna-tbs-triumph-stub-rhcp-sma-rp-rp-sma-2-unita\/#breadcrumb"},"inLanguage":"it-IT","potentialAction":[{"@type":"ReadAction","target":["https:\/\/iha-race.com\/it\/prodotto\/antenna-tbs-triumph-stub-rhcp-sma-rp-rp-sma-2-unita\/"]}]},{"@type":"ImageObject","inLanguage":"it-IT","@id":"https:\/\/iha-race.com\/it\/prodotto\/antenna-tbs-triumph-stub-rhcp-sma-rp-rp-sma-2-unita\/#primaryimage","url":"https:\/\/iha-race.com\/wp-content\/uploads\/2018\/07\/Antena-TBS-TRIUMPH-STUB-RHCP-SMA-RP.SMA-2-Unidades.jpg","contentUrl":"https:\/\/iha-race.com\/wp-content\/uploads\/2018\/07\/Antena-TBS-TRIUMPH-STUB-RHCP-SMA-RP.SMA-2-Unidades.jpg","width":1000,"height":1000,"caption":"acquistare il pi\u00f9 economico TBS TRIUMPH-STUB RHCP Antenna (SMA-RP.SMA) (2 unit\u00e0)"},{"@type":"BreadcrumbList","@id":"https:\/\/iha-race.com\/it\/prodotto\/antenna-tbs-triumph-stub-rhcp-sma-rp-rp-sma-2-unita\/#breadcrumb","itemListElement":[{"@type":"ListItem","position":1,"name":"Portada","item":"https:\/\/iha-race.com\/it\/"},{"@type":"ListItem","position":2,"name":"Negozio","item":"https:\/\/iha-race.com\/it\/negozio\/"},{"@type":"ListItem","position":3,"name":"TBS TRIUMPH-STUB Antenna RHCP (SMA\/RP-SMA) (2 pz.)"}]},{"@type":"WebSite","@id":"https:\/\/iha-race.com\/it\/#website","url":"https:\/\/iha-race.com\/it\/","name":"Iha Race","description":"Comprar drones de carreras FPV env\u00edos en un d\u00eda desde Espa\u00f1a","publisher":{"@id":"https:\/\/iha-race.com\/it\/#organization"},"potentialAction":[{"@type":"SearchAction","target":{"@type":"EntryPoint","urlTemplate":"https:\/\/iha-race.com\/it\/?s={search_term_string}"},"query-input":{"@type":"PropertyValueSpecification","valueRequired":true,"valueName":"search_term_string"}}],"inLanguage":"it-IT"},{"@type":"Organization","@id":"https:\/\/iha-race.com\/it\/#organization","name":"Iha Race","url":"https:\/\/iha-race.com\/it\/","logo":{"@type":"ImageObject","inLanguage":"it-IT","@id":"https:\/\/iha-race.com\/it\/#\/schema\/logo\/image\/","url":"https:\/\/iha-race.com\/wp-content\/uploads\/2018\/07\/iha-race-drones-de-carreras-tienda-comprar-drones.png","contentUrl":"https:\/\/iha-race.com\/wp-content\/uploads\/2018\/07\/iha-race-drones-de-carreras-tienda-comprar-drones.png","width":300,"height":100,"caption":"Iha Race"},"image":{"@id":"https:\/\/iha-race.com\/it\/#\/schema\/logo\/image\/"}}]}},"jetpack_sharing_enabled":true,"brands":[],"_links":{"self":[{"href":"https:\/\/iha-race.com\/it\/wp-json\/wp\/v2\/product\/111129","targetHints":{"allow":["GET"]}}],"collection":[{"href":"https:\/\/iha-race.com\/it\/wp-json\/wp\/v2\/product"}],"about":[{"href":"https:\/\/iha-race.com\/it\/wp-json\/wp\/v2\/types\/product"}],"replies":[{"embeddable":true,"href":"https:\/\/iha-race.com\/it\/wp-json\/wp\/v2\/comments?post=111129"}],"version-history":[{"count":2,"href":"https:\/\/iha-race.com\/it\/wp-json\/wp\/v2\/product\/111129\/revisions"}],"predecessor-version":[{"id":249633,"href":"https:\/\/iha-race.com\/it\/wp-json\/wp\/v2\/product\/111129\/revisions\/249633"}],"wp:featuredmedia":[{"embeddable":true,"href":"https:\/\/iha-race.com\/it\/wp-json\/wp\/v2\/media\/98028"}],"wp:attachment":[{"href":"https:\/\/iha-race.com\/it\/wp-json\/wp\/v2\/media?parent=111129"}],"wp:term":[{"taxonomy":"pwb-brand","embeddable":true,"href":"https:\/\/iha-race.com\/it\/wp-json\/wp\/v2\/pwb-brand?post=111129"},{"taxonomy":"product_cat","embeddable":true,"href":"https:\/\/iha-race.com\/it\/wp-json\/wp\/v2\/product_cat?post=111129"},{"taxonomy":"product_tag","embeddable":true,"href":"https:\/\/iha-race.com\/it\/wp-json\/wp\/v2\/product_tag?post=111129"}],"curies":[{"name":"wp","href":"https:\/\/api.w.org\/{rel}","templated":true}]}}