{"id":111046,"date":"2021-04-22T10:46:42","date_gmt":"2021-04-22T08:46:42","guid":{"rendered":"https:\/\/iha-race.com\/producto\/foxeer-predator-v5-nano-1000tvl-17-mm-versione-con-spina\/"},"modified":"2024-08-29T12:28:07","modified_gmt":"2024-08-29T10:28:07","slug":"telecamera-foxeer-predator-v5-nano-1000tvl-1-7mm-plug-version","status":"publish","type":"product","link":"https:\/\/iha-race.com\/it\/prodotto\/telecamera-foxeer-predator-v5-nano-1000tvl-1-7mm-plug-version\/","title":{"rendered":"Foxeer Predator V5 Nano 1000TVL 1,7 mm (versione con spina)"},"content":{"rendered":"<h2>Foxeer Predator V5 Nano 1000TVL 1,7 mm (versione con spina)<\/h2>\n<p>  La Predator 5 Nano 1000TVL M8 \u00e8 una telecamera FPV da 14x14mm o 19x19mm (con staffe) di Foxeer, disponibile in versione Plug o Pad. Questa telecamera ha un sensore CMOS da 1\/3&#8243;, risoluzione di 1000 linee TV, latenza di 4 ms, commutazione NTSC \/ PAL, commutazione dell&#8217;immagine, funzione super WDR e molte altre caratteristiche interessanti. Rispetto al Predator 4, il Predator 5 ha un aspetto pi\u00f9 naturale ed \u00e8 anche dotato di LED esclusivi.  <\/p>\n<h2>Specifiche:<\/h2>\n<ul>\n<li>Tipo di sensore: sensore CMOS Sony da 1\/3<\/li>\n<li>Scala: 4: 3 (predefinito) \/ 16: 9 commutabile<\/li>\n<li>Sistema TV: PAL (predefinito) \/ NTSC commutabile<\/li>\n<li>Risoluzione: 1000TVL<\/li>\n<li>Velocit\u00e0 dell&#8217;otturatore: PAL 1\/25 ~ 1\/10000 sec; NTSC 1\/30 ~ 1\/10000 sec.<\/li>\n<li>Uscita video Segnale CVBS analogico<\/li>\n<li>FOV: FOV-H: 120\u00b0 FOV-D: 155\u00b0 FOV-D: 155<\/li>\n<li>Velocit\u00e0 dell&#8217;otturatore: automatica<\/li>\n<li>Illuminazione minima: 0,01Lux<\/li>\n<li>Bilanciamento del bianco: automatico<\/li>\n<li>DNR: 3DNR 2DNR<\/li>\n<li>WDR: Super WDR<\/li>\n<li>Modalit\u00e0: GIORNALE \/ FOGGED \/ NOTTE \/ LED<\/li>\n<li>Commutazione rapida della modalit\u00e0: tenere premuto il pulsante destro per passare da GIORNO \/ NUVOLA \/ NOTTE \/ LED.<\/li>\n<li>Tensione di ingresso: 4,5 V ~ 20 V<\/li>\n<li>Lingua: ENGLISH \/ DEUTSCH \/ FRANCAIS \/ PYCCKNN \/ PORTUGUESE \/ ESPANOL \/ \u4e2d\u6587<\/li>\n<li>Temperatura di lavoro: -10\u00b0 ~ 50\u00b0C RH90% MAX<\/li>\n<li>Umidit\u00e0 di lavoro: 20 ~ 80%.<\/li>\n<li>Temperatura di stoccaggio: -20 \u00b0 ~ 70 \u00b0 C<\/li>\n<li>Consumo: 50mA \u00b1 15% @ DC12V 115mA \u00b1 15% @ DC5V<\/li>\n<li>Dimensioni: 14 * 14 mm; 19 * 19 mm (aggiungere la staffa)<\/li>\n<li>Peso: Versione con spina: 4,8 g Versione con pad: 4,3 g (senza cavo)<\/li>\n<\/ul>\n<p><img decoding=\"async\" src=\"https:\/\/cdn.getfpv.com\/media\/wysiwyg\/product-detail-images\/fpvcameras\/Foxeer-Predator-5-Nano-1000TVL-1.7mm-FPV-Camera-_PadPlug_.jpg\"><\/p>\n<h2>Il pacchetto comprende:<\/h2>\n<ul>\n<li>1 x Foxeer Predator 5 Nano Camera (versione con spina)<\/li>\n<li>1 scheda OSD<\/li>\n<li>4 x viti di supporto<\/li>\n<li>4 x Anello di supporto<\/li>\n<li>1 cavo OSD a 2 pin<\/li>\n<li>1 x cavo del servo<\/li>\n<\/ul>\n","protected":false},"excerpt":{"rendered":"<p>Foxeer Predator V5 Nano 1000TVL 1,7 mm (versione con spina) La Predator 5 Nano 1000TVL M8 \u00e8 una telecamera FPV da 14x14mm o 19x19mm (con staffe) di Foxeer, disponibile in<\/p>\n","protected":false},"featured_media":99037,"comment_status":"open","ping_status":"closed","template":"","meta":{"_joinchat":[]},"pwb-brand":[],"product_cat":[2410,1165],"product_tag":[],"class_list":{"0":"post-111046","1":"product","2":"type-product","3":"status-publish","4":"has-post-thumbnail","6":"product_cat-telecamere-analogiche","7":"product_cat-telecamere-fpv","9":"first","10":"instock","11":"taxable","12":"shipping-taxable","13":"purchasable","14":"product-type-simple"},"barcode":null,"atum_controlled":true,"out_stock_date":null,"out_stock_threshold":null,"inheritable":false,"stock_on_hold":0,"sold_today":0,"sales_last_days":1,"out_stock_days":0,"lost_sales":0,"update_date":"2026-04-08T16:30:59","atum_locations":[],"atum_stock_status":"instock","restock_status":false,"low_stock_amount":"","sales_update_date":"2026-03-16T15:51:56","calc_backorders":null,"yoast_head":"<!-- This site is optimized with the Yoast SEO plugin v27.3 - https:\/\/yoast.com\/product\/yoast-seo-wordpress\/ -->\n<title>Foxeer Predator V5 Nano 1000TVL 1,7 mm (versione con spina) - Iha Race<\/title>\n<meta name=\"robots\" content=\"index, follow, max-snippet:-1, max-image-preview:large, max-video-preview:-1\" \/>\n<link rel=\"canonical\" href=\"https:\/\/iha-race.com\/it\/prodotto\/telecamera-foxeer-predator-v5-nano-1000tvl-1-7mm-plug-version\/\" \/>\n<meta property=\"og:locale\" content=\"it_IT\" \/>\n<meta property=\"og:type\" content=\"article\" \/>\n<meta property=\"og:title\" content=\"Foxeer Predator V5 Nano 1000TVL 1,7 mm (versione con spina) - Iha Race\" \/>\n<meta property=\"og:description\" content=\"Foxeer Predator V5 Nano 1000TVL 1,7 mm (versione con spina) La Predator 5 Nano 1000TVL M8 \u00e8 una telecamera FPV da 14x14mm o 19x19mm (con staffe) di Foxeer, disponibile in\" \/>\n<meta property=\"og:url\" content=\"https:\/\/iha-race.com\/it\/prodotto\/telecamera-foxeer-predator-v5-nano-1000tvl-1-7mm-plug-version\/\" \/>\n<meta property=\"og:site_name\" content=\"Iha Race\" \/>\n<meta property=\"article:modified_time\" content=\"2024-08-29T10:28:07+00:00\" \/>\n<meta property=\"og:image\" content=\"https:\/\/iha-race.com\/wp-content\/uploads\/2018\/07\/Camara-Foxeer-Predator-V5-Nano-1000TVL-1.7mm-Version-Plug.jpg\" \/>\n\t<meta property=\"og:image:width\" content=\"800\" \/>\n\t<meta property=\"og:image:height\" content=\"800\" \/>\n\t<meta property=\"og:image:type\" content=\"image\/jpeg\" \/>\n<meta name=\"twitter:card\" content=\"summary_large_image\" \/>\n<meta name=\"twitter:label1\" content=\"Tempo di lettura stimato\" \/>\n\t<meta name=\"twitter:data1\" content=\"1 minuto\" \/>\n<script type=\"application\/ld+json\" class=\"yoast-schema-graph\">{\"@context\":\"https:\\\/\\\/schema.org\",\"@graph\":[{\"@type\":\"WebPage\",\"@id\":\"https:\\\/\\\/iha-race.com\\\/it\\\/prodotto\\\/telecamera-foxeer-predator-v5-nano-1000tvl-1-7mm-plug-version\\\/\",\"url\":\"https:\\\/\\\/iha-race.com\\\/it\\\/prodotto\\\/telecamera-foxeer-predator-v5-nano-1000tvl-1-7mm-plug-version\\\/\",\"name\":\"Foxeer Predator V5 Nano 1000TVL 1,7 mm (versione con spina) - Iha Race\",\"isPartOf\":{\"@id\":\"https:\\\/\\\/iha-race.com\\\/it\\\/#website\"},\"primaryImageOfPage\":{\"@id\":\"https:\\\/\\\/iha-race.com\\\/it\\\/prodotto\\\/telecamera-foxeer-predator-v5-nano-1000tvl-1-7mm-plug-version\\\/#primaryimage\"},\"image\":{\"@id\":\"https:\\\/\\\/iha-race.com\\\/it\\\/prodotto\\\/telecamera-foxeer-predator-v5-nano-1000tvl-1-7mm-plug-version\\\/#primaryimage\"},\"thumbnailUrl\":\"https:\\\/\\\/iha-race.com\\\/wp-content\\\/uploads\\\/2018\\\/07\\\/Camara-Foxeer-Predator-V5-Nano-1000TVL-1.7mm-Version-Plug.jpg\",\"datePublished\":\"2021-04-22T08:46:42+00:00\",\"dateModified\":\"2024-08-29T10:28:07+00:00\",\"breadcrumb\":{\"@id\":\"https:\\\/\\\/iha-race.com\\\/it\\\/prodotto\\\/telecamera-foxeer-predator-v5-nano-1000tvl-1-7mm-plug-version\\\/#breadcrumb\"},\"inLanguage\":\"it-IT\",\"potentialAction\":[{\"@type\":\"ReadAction\",\"target\":[\"https:\\\/\\\/iha-race.com\\\/it\\\/prodotto\\\/telecamera-foxeer-predator-v5-nano-1000tvl-1-7mm-plug-version\\\/\"]}]},{\"@type\":\"ImageObject\",\"inLanguage\":\"it-IT\",\"@id\":\"https:\\\/\\\/iha-race.com\\\/it\\\/prodotto\\\/telecamera-foxeer-predator-v5-nano-1000tvl-1-7mm-plug-version\\\/#primaryimage\",\"url\":\"https:\\\/\\\/iha-race.com\\\/wp-content\\\/uploads\\\/2018\\\/07\\\/Camara-Foxeer-Predator-V5-Nano-1000TVL-1.7mm-Version-Plug.jpg\",\"contentUrl\":\"https:\\\/\\\/iha-race.com\\\/wp-content\\\/uploads\\\/2018\\\/07\\\/Camara-Foxeer-Predator-V5-Nano-1000TVL-1.7mm-Version-Plug.jpg\",\"width\":800,\"height\":800,\"caption\":\"acquistare il pi\u00f9 economico Foxeer Predator V5 Nano 1000TVL 1.7mm Camera (Plug Version)\"},{\"@type\":\"BreadcrumbList\",\"@id\":\"https:\\\/\\\/iha-race.com\\\/it\\\/prodotto\\\/telecamera-foxeer-predator-v5-nano-1000tvl-1-7mm-plug-version\\\/#breadcrumb\",\"itemListElement\":[{\"@type\":\"ListItem\",\"position\":1,\"name\":\"Portada\",\"item\":\"https:\\\/\\\/iha-race.com\\\/it\\\/\"},{\"@type\":\"ListItem\",\"position\":2,\"name\":\"Negozio\",\"item\":\"https:\\\/\\\/iha-race.com\\\/it\\\/negozio\\\/\"},{\"@type\":\"ListItem\",\"position\":3,\"name\":\"Foxeer Predator V5 Nano 1000TVL 1,7 mm (versione con spina)\"}]},{\"@type\":\"WebSite\",\"@id\":\"https:\\\/\\\/iha-race.com\\\/it\\\/#website\",\"url\":\"https:\\\/\\\/iha-race.com\\\/it\\\/\",\"name\":\"Iha Race\",\"description\":\"Comprar drones de carreras FPV env\u00edos en un d\u00eda desde Espa\u00f1a\",\"publisher\":{\"@id\":\"https:\\\/\\\/iha-race.com\\\/it\\\/#organization\"},\"potentialAction\":[{\"@type\":\"SearchAction\",\"target\":{\"@type\":\"EntryPoint\",\"urlTemplate\":\"https:\\\/\\\/iha-race.com\\\/it\\\/?s={search_term_string}\"},\"query-input\":{\"@type\":\"PropertyValueSpecification\",\"valueRequired\":true,\"valueName\":\"search_term_string\"}}],\"inLanguage\":\"it-IT\"},{\"@type\":\"Organization\",\"@id\":\"https:\\\/\\\/iha-race.com\\\/it\\\/#organization\",\"name\":\"Iha Race\",\"url\":\"https:\\\/\\\/iha-race.com\\\/it\\\/\",\"logo\":{\"@type\":\"ImageObject\",\"inLanguage\":\"it-IT\",\"@id\":\"https:\\\/\\\/iha-race.com\\\/it\\\/#\\\/schema\\\/logo\\\/image\\\/\",\"url\":\"https:\\\/\\\/iha-race.com\\\/wp-content\\\/uploads\\\/2018\\\/07\\\/iha-race-drones-de-carreras-tienda-comprar-drones.png\",\"contentUrl\":\"https:\\\/\\\/iha-race.com\\\/wp-content\\\/uploads\\\/2018\\\/07\\\/iha-race-drones-de-carreras-tienda-comprar-drones.png\",\"width\":300,\"height\":100,\"caption\":\"Iha Race\"},\"image\":{\"@id\":\"https:\\\/\\\/iha-race.com\\\/it\\\/#\\\/schema\\\/logo\\\/image\\\/\"}}]}<\/script>\n<!-- \/ Yoast SEO plugin. -->","yoast_head_json":{"title":"Foxeer Predator V5 Nano 1000TVL 1,7 mm (versione con spina) - Iha Race","robots":{"index":"index","follow":"follow","max-snippet":"max-snippet:-1","max-image-preview":"max-image-preview:large","max-video-preview":"max-video-preview:-1"},"canonical":"https:\/\/iha-race.com\/it\/prodotto\/telecamera-foxeer-predator-v5-nano-1000tvl-1-7mm-plug-version\/","og_locale":"it_IT","og_type":"article","og_title":"Foxeer Predator V5 Nano 1000TVL 1,7 mm (versione con spina) - Iha Race","og_description":"Foxeer Predator V5 Nano 1000TVL 1,7 mm (versione con spina) La Predator 5 Nano 1000TVL M8 \u00e8 una telecamera FPV da 14x14mm o 19x19mm (con staffe) di Foxeer, disponibile in","og_url":"https:\/\/iha-race.com\/it\/prodotto\/telecamera-foxeer-predator-v5-nano-1000tvl-1-7mm-plug-version\/","og_site_name":"Iha Race","article_modified_time":"2024-08-29T10:28:07+00:00","og_image":[{"width":800,"height":800,"url":"https:\/\/iha-race.com\/wp-content\/uploads\/2018\/07\/Camara-Foxeer-Predator-V5-Nano-1000TVL-1.7mm-Version-Plug.jpg","type":"image\/jpeg"}],"twitter_card":"summary_large_image","twitter_misc":{"Tempo di lettura stimato":"1 minuto"},"schema":{"@context":"https:\/\/schema.org","@graph":[{"@type":"WebPage","@id":"https:\/\/iha-race.com\/it\/prodotto\/telecamera-foxeer-predator-v5-nano-1000tvl-1-7mm-plug-version\/","url":"https:\/\/iha-race.com\/it\/prodotto\/telecamera-foxeer-predator-v5-nano-1000tvl-1-7mm-plug-version\/","name":"Foxeer Predator V5 Nano 1000TVL 1,7 mm (versione con spina) - Iha Race","isPartOf":{"@id":"https:\/\/iha-race.com\/it\/#website"},"primaryImageOfPage":{"@id":"https:\/\/iha-race.com\/it\/prodotto\/telecamera-foxeer-predator-v5-nano-1000tvl-1-7mm-plug-version\/#primaryimage"},"image":{"@id":"https:\/\/iha-race.com\/it\/prodotto\/telecamera-foxeer-predator-v5-nano-1000tvl-1-7mm-plug-version\/#primaryimage"},"thumbnailUrl":"https:\/\/iha-race.com\/wp-content\/uploads\/2018\/07\/Camara-Foxeer-Predator-V5-Nano-1000TVL-1.7mm-Version-Plug.jpg","datePublished":"2021-04-22T08:46:42+00:00","dateModified":"2024-08-29T10:28:07+00:00","breadcrumb":{"@id":"https:\/\/iha-race.com\/it\/prodotto\/telecamera-foxeer-predator-v5-nano-1000tvl-1-7mm-plug-version\/#breadcrumb"},"inLanguage":"it-IT","potentialAction":[{"@type":"ReadAction","target":["https:\/\/iha-race.com\/it\/prodotto\/telecamera-foxeer-predator-v5-nano-1000tvl-1-7mm-plug-version\/"]}]},{"@type":"ImageObject","inLanguage":"it-IT","@id":"https:\/\/iha-race.com\/it\/prodotto\/telecamera-foxeer-predator-v5-nano-1000tvl-1-7mm-plug-version\/#primaryimage","url":"https:\/\/iha-race.com\/wp-content\/uploads\/2018\/07\/Camara-Foxeer-Predator-V5-Nano-1000TVL-1.7mm-Version-Plug.jpg","contentUrl":"https:\/\/iha-race.com\/wp-content\/uploads\/2018\/07\/Camara-Foxeer-Predator-V5-Nano-1000TVL-1.7mm-Version-Plug.jpg","width":800,"height":800,"caption":"acquistare il pi\u00f9 economico Foxeer Predator V5 Nano 1000TVL 1.7mm Camera (Plug Version)"},{"@type":"BreadcrumbList","@id":"https:\/\/iha-race.com\/it\/prodotto\/telecamera-foxeer-predator-v5-nano-1000tvl-1-7mm-plug-version\/#breadcrumb","itemListElement":[{"@type":"ListItem","position":1,"name":"Portada","item":"https:\/\/iha-race.com\/it\/"},{"@type":"ListItem","position":2,"name":"Negozio","item":"https:\/\/iha-race.com\/it\/negozio\/"},{"@type":"ListItem","position":3,"name":"Foxeer Predator V5 Nano 1000TVL 1,7 mm (versione con spina)"}]},{"@type":"WebSite","@id":"https:\/\/iha-race.com\/it\/#website","url":"https:\/\/iha-race.com\/it\/","name":"Iha Race","description":"Comprar drones de carreras FPV env\u00edos en un d\u00eda desde Espa\u00f1a","publisher":{"@id":"https:\/\/iha-race.com\/it\/#organization"},"potentialAction":[{"@type":"SearchAction","target":{"@type":"EntryPoint","urlTemplate":"https:\/\/iha-race.com\/it\/?s={search_term_string}"},"query-input":{"@type":"PropertyValueSpecification","valueRequired":true,"valueName":"search_term_string"}}],"inLanguage":"it-IT"},{"@type":"Organization","@id":"https:\/\/iha-race.com\/it\/#organization","name":"Iha Race","url":"https:\/\/iha-race.com\/it\/","logo":{"@type":"ImageObject","inLanguage":"it-IT","@id":"https:\/\/iha-race.com\/it\/#\/schema\/logo\/image\/","url":"https:\/\/iha-race.com\/wp-content\/uploads\/2018\/07\/iha-race-drones-de-carreras-tienda-comprar-drones.png","contentUrl":"https:\/\/iha-race.com\/wp-content\/uploads\/2018\/07\/iha-race-drones-de-carreras-tienda-comprar-drones.png","width":300,"height":100,"caption":"Iha Race"},"image":{"@id":"https:\/\/iha-race.com\/it\/#\/schema\/logo\/image\/"}}]}},"brands":[],"_links":{"self":[{"href":"https:\/\/iha-race.com\/it\/wp-json\/wp\/v2\/product\/111046","targetHints":{"allow":["GET"]}}],"collection":[{"href":"https:\/\/iha-race.com\/it\/wp-json\/wp\/v2\/product"}],"about":[{"href":"https:\/\/iha-race.com\/it\/wp-json\/wp\/v2\/types\/product"}],"replies":[{"embeddable":true,"href":"https:\/\/iha-race.com\/it\/wp-json\/wp\/v2\/comments?post=111046"}],"version-history":[{"count":2,"href":"https:\/\/iha-race.com\/it\/wp-json\/wp\/v2\/product\/111046\/revisions"}],"predecessor-version":[{"id":249546,"href":"https:\/\/iha-race.com\/it\/wp-json\/wp\/v2\/product\/111046\/revisions\/249546"}],"wp:featuredmedia":[{"embeddable":true,"href":"https:\/\/iha-race.com\/it\/wp-json\/wp\/v2\/media\/99037"}],"wp:attachment":[{"href":"https:\/\/iha-race.com\/it\/wp-json\/wp\/v2\/media?parent=111046"}],"wp:term":[{"taxonomy":"pwb-brand","embeddable":true,"href":"https:\/\/iha-race.com\/it\/wp-json\/wp\/v2\/pwb-brand?post=111046"},{"taxonomy":"product_cat","embeddable":true,"href":"https:\/\/iha-race.com\/it\/wp-json\/wp\/v2\/product_cat?post=111046"},{"taxonomy":"product_tag","embeddable":true,"href":"https:\/\/iha-race.com\/it\/wp-json\/wp\/v2\/product_tag?post=111046"}],"curies":[{"name":"wp","href":"https:\/\/api.w.org\/{rel}","templated":true}]}}