{"id":111020,"date":"2018-07-19T09:48:26","date_gmt":"2018-07-19T07:48:26","guid":{"rendered":"https:\/\/iha-race.com\/producto\/antenna-tbs-patch-rhcp-sma-rp-sma\/"},"modified":"2026-02-18T17:30:13","modified_gmt":"2026-02-18T16:30:13","slug":"antenna-tbs-patch-rhcp-sma-rp-sma","status":"publish","type":"product","link":"https:\/\/iha-race.com\/it\/prodotto\/antenna-tbs-patch-rhcp-sma-rp-sma\/","title":{"rendered":"Antenna TBS Patch RHCP (SMA\/RP-SMA)"},"content":{"rendered":"<h2>Antenna TBS Patch RHCP (SMA\/RP-SMA)<\/h2>\n<p>  Progettata dal padrino della polarizzazione circolare (IBCrazy, Video Aerial Systems LLC) e prodotta dal Team BlackSheep, questa antenna \u00e8 il tuo ingresso economico nella polarizzazione circolare. Il guadagno di 5dbi offre un&#8217;ampiezza di fascio sufficiente per montare comodamente questa antenna patch direttamente sul ricevitore per occhiali. TBS \u00e8 un nuovo giocatore nel gioco dei 5,8 GHz. Con l&#8217;approccio tipico di TBS, esaminiamo le carenze delle offerte attuali e cerchiamo di trovare nicchie di innovazione. L&#8217;antenna Patch TBS da 5,8 GHz \u00e8 una di queste. Progettata dal padrino della polarizzazione circolare (IBCrazy, Video Aerial Systems LLC) e prodotta dal Team BlackSheep, questa antenna \u00e8 l&#8217;ingresso economico nella polarizzazione circolare. Il guadagno di 5dbi offre un&#8217;ampiezza di fascio sufficiente per montare comodamente questa antenna patch direttamente sul ricevitore per occhiali. La portata tipica di questa antenna \u00e8 di 1,5 km con un trasmettitore da 200 mW (che si traduce in 3-4 km se utilizziamo gli stessi parametri dei nostri concorrenti). Pertanto, eguaglia o supera tutte le combinazioni Cloverleaf \/ Skew-Planar-Wheel esistenti, ma ha una copertura di soli 110 gradi. \u00c8 anche pi\u00f9 resistente e durevole di tutte le altre antenne riceventi e pi\u00f9 leggera. Usa questa antenna per i tuoi voli quotidiani sul campo in combinazione con il nostro ricevitore Fatshark Dominator da 5,8 GHz.  <\/p>\n<h3>Specifiche:<\/h3>\n<ul>\n<li>Guadagno 5dBi<\/li>\n<li>Polarizzazione circolare<\/li>\n<li>Frequenza di lavoro 5700-5900 MHz<\/li>\n<li>Ampiezza del fascio di 110\u00b0<\/li>\n<li>35 x 35 mm<\/li>\n<li>Connettore RP-SMA\/SMA<\/li>\n<\/ul>\n","protected":false},"excerpt":{"rendered":"<p>Questa antenna \u00e8 un ingresso economico nella polarizzazione circolare. Il guadagno di 5dbi offre un&#8217;ampiezza di fascio sufficiente per montare comodamente questa antenna patch direttamente sul ricevitore per occhiali.<\/p>\n","protected":false},"featured_media":92374,"comment_status":"open","ping_status":"closed","template":"","meta":{"_joinchat":[]},"pwb-brand":[],"product_cat":[1180],"product_tag":[],"class_list":{"0":"post-111020","1":"product","2":"type-product","3":"status-publish","4":"has-post-thumbnail","6":"product_cat-antenne-fpv","8":"first","9":"outofstock","10":"taxable","11":"shipping-taxable","12":"purchasable","13":"product-type-variable"},"barcode":null,"atum_controlled":true,"out_stock_date":null,"out_stock_threshold":null,"inheritable":true,"stock_on_hold":0,"sold_today":0,"sales_last_days":1,"out_stock_days":0,"lost_sales":0,"update_date":"2026-04-16T08:25:28","atum_locations":[],"atum_stock_status":"instock","restock_status":false,"low_stock_amount":"","sales_update_date":"2026-04-16T08:25:28","calc_backorders":null,"yoast_head":"<!-- This site is optimized with the Yoast SEO plugin v27.3 - https:\/\/yoast.com\/product\/yoast-seo-wordpress\/ -->\n<title>Antenna TBS Patch RHCP (SMA\/RP-SMA) - Iha Race<\/title>\n<meta name=\"robots\" content=\"index, follow, max-snippet:-1, max-image-preview:large, max-video-preview:-1\" \/>\n<link rel=\"canonical\" href=\"https:\/\/iha-race.com\/it\/prodotto\/antenna-tbs-patch-rhcp-sma-rp-sma\/\" \/>\n<meta property=\"og:locale\" content=\"it_IT\" \/>\n<meta property=\"og:type\" content=\"article\" \/>\n<meta property=\"og:title\" content=\"Antenna TBS Patch RHCP (SMA\/RP-SMA) - Iha Race\" \/>\n<meta property=\"og:description\" content=\"Questa antenna \u00e8 un ingresso economico nella polarizzazione circolare. Il guadagno di 5dbi offre un&#039;ampiezza di fascio sufficiente per montare comodamente questa antenna patch direttamente sul ricevitore per occhiali.\" \/>\n<meta property=\"og:url\" content=\"https:\/\/iha-race.com\/it\/prodotto\/antenna-tbs-patch-rhcp-sma-rp-sma\/\" \/>\n<meta property=\"og:site_name\" content=\"Iha Race\" \/>\n<meta property=\"article:modified_time\" content=\"2026-02-18T16:30:13+00:00\" \/>\n<meta property=\"og:image\" content=\"https:\/\/iha-race.com\/wp-content\/uploads\/2018\/07\/TBS-Patch-Antenna.jpg\" \/>\n\t<meta property=\"og:image:width\" content=\"1000\" \/>\n\t<meta property=\"og:image:height\" content=\"1000\" \/>\n\t<meta property=\"og:image:type\" content=\"image\/jpeg\" \/>\n<meta name=\"twitter:card\" content=\"summary_large_image\" \/>\n<meta name=\"twitter:label1\" content=\"Tempo di lettura stimato\" \/>\n\t<meta name=\"twitter:data1\" content=\"1 minuto\" \/>\n<script type=\"application\/ld+json\" class=\"yoast-schema-graph\">{\"@context\":\"https:\\\/\\\/schema.org\",\"@graph\":[{\"@type\":\"WebPage\",\"@id\":\"https:\\\/\\\/iha-race.com\\\/it\\\/prodotto\\\/antenna-tbs-patch-rhcp-sma-rp-sma\\\/\",\"url\":\"https:\\\/\\\/iha-race.com\\\/it\\\/prodotto\\\/antenna-tbs-patch-rhcp-sma-rp-sma\\\/\",\"name\":\"Antenna TBS Patch RHCP (SMA\\\/RP-SMA) - Iha Race\",\"isPartOf\":{\"@id\":\"https:\\\/\\\/iha-race.com\\\/it\\\/#website\"},\"primaryImageOfPage\":{\"@id\":\"https:\\\/\\\/iha-race.com\\\/it\\\/prodotto\\\/antenna-tbs-patch-rhcp-sma-rp-sma\\\/#primaryimage\"},\"image\":{\"@id\":\"https:\\\/\\\/iha-race.com\\\/it\\\/prodotto\\\/antenna-tbs-patch-rhcp-sma-rp-sma\\\/#primaryimage\"},\"thumbnailUrl\":\"https:\\\/\\\/iha-race.com\\\/wp-content\\\/uploads\\\/2018\\\/07\\\/TBS-Patch-Antenna.jpg\",\"datePublished\":\"2018-07-19T07:48:26+00:00\",\"dateModified\":\"2026-02-18T16:30:13+00:00\",\"breadcrumb\":{\"@id\":\"https:\\\/\\\/iha-race.com\\\/it\\\/prodotto\\\/antenna-tbs-patch-rhcp-sma-rp-sma\\\/#breadcrumb\"},\"inLanguage\":\"it-IT\",\"potentialAction\":[{\"@type\":\"ReadAction\",\"target\":[\"https:\\\/\\\/iha-race.com\\\/it\\\/prodotto\\\/antenna-tbs-patch-rhcp-sma-rp-sma\\\/\"]}]},{\"@type\":\"ImageObject\",\"inLanguage\":\"it-IT\",\"@id\":\"https:\\\/\\\/iha-race.com\\\/it\\\/prodotto\\\/antenna-tbs-patch-rhcp-sma-rp-sma\\\/#primaryimage\",\"url\":\"https:\\\/\\\/iha-race.com\\\/wp-content\\\/uploads\\\/2018\\\/07\\\/TBS-Patch-Antenna.jpg\",\"contentUrl\":\"https:\\\/\\\/iha-race.com\\\/wp-content\\\/uploads\\\/2018\\\/07\\\/TBS-Patch-Antenna.jpg\",\"width\":1000,\"height\":1000,\"caption\":\"acquistare l'antenna patch tbs pi\u00f9 economica\"},{\"@type\":\"BreadcrumbList\",\"@id\":\"https:\\\/\\\/iha-race.com\\\/it\\\/prodotto\\\/antenna-tbs-patch-rhcp-sma-rp-sma\\\/#breadcrumb\",\"itemListElement\":[{\"@type\":\"ListItem\",\"position\":1,\"name\":\"Portada\",\"item\":\"https:\\\/\\\/iha-race.com\\\/it\\\/\"},{\"@type\":\"ListItem\",\"position\":2,\"name\":\"Negozio\",\"item\":\"https:\\\/\\\/iha-race.com\\\/it\\\/negozio\\\/\"},{\"@type\":\"ListItem\",\"position\":3,\"name\":\"Antenna TBS Patch RHCP (SMA\\\/RP-SMA)\"}]},{\"@type\":\"WebSite\",\"@id\":\"https:\\\/\\\/iha-race.com\\\/it\\\/#website\",\"url\":\"https:\\\/\\\/iha-race.com\\\/it\\\/\",\"name\":\"Iha Race\",\"description\":\"Comprar drones de carreras FPV env\u00edos en un d\u00eda desde Espa\u00f1a\",\"publisher\":{\"@id\":\"https:\\\/\\\/iha-race.com\\\/it\\\/#organization\"},\"potentialAction\":[{\"@type\":\"SearchAction\",\"target\":{\"@type\":\"EntryPoint\",\"urlTemplate\":\"https:\\\/\\\/iha-race.com\\\/it\\\/?s={search_term_string}\"},\"query-input\":{\"@type\":\"PropertyValueSpecification\",\"valueRequired\":true,\"valueName\":\"search_term_string\"}}],\"inLanguage\":\"it-IT\"},{\"@type\":\"Organization\",\"@id\":\"https:\\\/\\\/iha-race.com\\\/it\\\/#organization\",\"name\":\"Iha Race\",\"url\":\"https:\\\/\\\/iha-race.com\\\/it\\\/\",\"logo\":{\"@type\":\"ImageObject\",\"inLanguage\":\"it-IT\",\"@id\":\"https:\\\/\\\/iha-race.com\\\/it\\\/#\\\/schema\\\/logo\\\/image\\\/\",\"url\":\"https:\\\/\\\/iha-race.com\\\/wp-content\\\/uploads\\\/2018\\\/07\\\/iha-race-drones-de-carreras-tienda-comprar-drones.png\",\"contentUrl\":\"https:\\\/\\\/iha-race.com\\\/wp-content\\\/uploads\\\/2018\\\/07\\\/iha-race-drones-de-carreras-tienda-comprar-drones.png\",\"width\":300,\"height\":100,\"caption\":\"Iha Race\"},\"image\":{\"@id\":\"https:\\\/\\\/iha-race.com\\\/it\\\/#\\\/schema\\\/logo\\\/image\\\/\"}}]}<\/script>\n<!-- \/ Yoast SEO plugin. -->","yoast_head_json":{"title":"Antenna TBS Patch RHCP (SMA\/RP-SMA) - Iha Race","robots":{"index":"index","follow":"follow","max-snippet":"max-snippet:-1","max-image-preview":"max-image-preview:large","max-video-preview":"max-video-preview:-1"},"canonical":"https:\/\/iha-race.com\/it\/prodotto\/antenna-tbs-patch-rhcp-sma-rp-sma\/","og_locale":"it_IT","og_type":"article","og_title":"Antenna TBS Patch RHCP (SMA\/RP-SMA) - Iha Race","og_description":"Questa antenna \u00e8 un ingresso economico nella polarizzazione circolare. Il guadagno di 5dbi offre un'ampiezza di fascio sufficiente per montare comodamente questa antenna patch direttamente sul ricevitore per occhiali.","og_url":"https:\/\/iha-race.com\/it\/prodotto\/antenna-tbs-patch-rhcp-sma-rp-sma\/","og_site_name":"Iha Race","article_modified_time":"2026-02-18T16:30:13+00:00","og_image":[{"width":1000,"height":1000,"url":"https:\/\/iha-race.com\/wp-content\/uploads\/2018\/07\/TBS-Patch-Antenna.jpg","type":"image\/jpeg"}],"twitter_card":"summary_large_image","twitter_misc":{"Tempo di lettura stimato":"1 minuto"},"schema":{"@context":"https:\/\/schema.org","@graph":[{"@type":"WebPage","@id":"https:\/\/iha-race.com\/it\/prodotto\/antenna-tbs-patch-rhcp-sma-rp-sma\/","url":"https:\/\/iha-race.com\/it\/prodotto\/antenna-tbs-patch-rhcp-sma-rp-sma\/","name":"Antenna TBS Patch RHCP (SMA\/RP-SMA) - Iha Race","isPartOf":{"@id":"https:\/\/iha-race.com\/it\/#website"},"primaryImageOfPage":{"@id":"https:\/\/iha-race.com\/it\/prodotto\/antenna-tbs-patch-rhcp-sma-rp-sma\/#primaryimage"},"image":{"@id":"https:\/\/iha-race.com\/it\/prodotto\/antenna-tbs-patch-rhcp-sma-rp-sma\/#primaryimage"},"thumbnailUrl":"https:\/\/iha-race.com\/wp-content\/uploads\/2018\/07\/TBS-Patch-Antenna.jpg","datePublished":"2018-07-19T07:48:26+00:00","dateModified":"2026-02-18T16:30:13+00:00","breadcrumb":{"@id":"https:\/\/iha-race.com\/it\/prodotto\/antenna-tbs-patch-rhcp-sma-rp-sma\/#breadcrumb"},"inLanguage":"it-IT","potentialAction":[{"@type":"ReadAction","target":["https:\/\/iha-race.com\/it\/prodotto\/antenna-tbs-patch-rhcp-sma-rp-sma\/"]}]},{"@type":"ImageObject","inLanguage":"it-IT","@id":"https:\/\/iha-race.com\/it\/prodotto\/antenna-tbs-patch-rhcp-sma-rp-sma\/#primaryimage","url":"https:\/\/iha-race.com\/wp-content\/uploads\/2018\/07\/TBS-Patch-Antenna.jpg","contentUrl":"https:\/\/iha-race.com\/wp-content\/uploads\/2018\/07\/TBS-Patch-Antenna.jpg","width":1000,"height":1000,"caption":"acquistare l'antenna patch tbs pi\u00f9 economica"},{"@type":"BreadcrumbList","@id":"https:\/\/iha-race.com\/it\/prodotto\/antenna-tbs-patch-rhcp-sma-rp-sma\/#breadcrumb","itemListElement":[{"@type":"ListItem","position":1,"name":"Portada","item":"https:\/\/iha-race.com\/it\/"},{"@type":"ListItem","position":2,"name":"Negozio","item":"https:\/\/iha-race.com\/it\/negozio\/"},{"@type":"ListItem","position":3,"name":"Antenna TBS Patch RHCP (SMA\/RP-SMA)"}]},{"@type":"WebSite","@id":"https:\/\/iha-race.com\/it\/#website","url":"https:\/\/iha-race.com\/it\/","name":"Iha Race","description":"Comprar drones de carreras FPV env\u00edos en un d\u00eda desde Espa\u00f1a","publisher":{"@id":"https:\/\/iha-race.com\/it\/#organization"},"potentialAction":[{"@type":"SearchAction","target":{"@type":"EntryPoint","urlTemplate":"https:\/\/iha-race.com\/it\/?s={search_term_string}"},"query-input":{"@type":"PropertyValueSpecification","valueRequired":true,"valueName":"search_term_string"}}],"inLanguage":"it-IT"},{"@type":"Organization","@id":"https:\/\/iha-race.com\/it\/#organization","name":"Iha Race","url":"https:\/\/iha-race.com\/it\/","logo":{"@type":"ImageObject","inLanguage":"it-IT","@id":"https:\/\/iha-race.com\/it\/#\/schema\/logo\/image\/","url":"https:\/\/iha-race.com\/wp-content\/uploads\/2018\/07\/iha-race-drones-de-carreras-tienda-comprar-drones.png","contentUrl":"https:\/\/iha-race.com\/wp-content\/uploads\/2018\/07\/iha-race-drones-de-carreras-tienda-comprar-drones.png","width":300,"height":100,"caption":"Iha Race"},"image":{"@id":"https:\/\/iha-race.com\/it\/#\/schema\/logo\/image\/"}}]}},"jetpack_sharing_enabled":true,"brands":[],"_links":{"self":[{"href":"https:\/\/iha-race.com\/it\/wp-json\/wp\/v2\/product\/111020","targetHints":{"allow":["GET"]}}],"collection":[{"href":"https:\/\/iha-race.com\/it\/wp-json\/wp\/v2\/product"}],"about":[{"href":"https:\/\/iha-race.com\/it\/wp-json\/wp\/v2\/types\/product"}],"replies":[{"embeddable":true,"href":"https:\/\/iha-race.com\/it\/wp-json\/wp\/v2\/comments?post=111020"}],"version-history":[{"count":2,"href":"https:\/\/iha-race.com\/it\/wp-json\/wp\/v2\/product\/111020\/revisions"}],"predecessor-version":[{"id":250627,"href":"https:\/\/iha-race.com\/it\/wp-json\/wp\/v2\/product\/111020\/revisions\/250627"}],"wp:featuredmedia":[{"embeddable":true,"href":"https:\/\/iha-race.com\/it\/wp-json\/wp\/v2\/media\/92374"}],"wp:attachment":[{"href":"https:\/\/iha-race.com\/it\/wp-json\/wp\/v2\/media?parent=111020"}],"wp:term":[{"taxonomy":"pwb-brand","embeddable":true,"href":"https:\/\/iha-race.com\/it\/wp-json\/wp\/v2\/pwb-brand?post=111020"},{"taxonomy":"product_cat","embeddable":true,"href":"https:\/\/iha-race.com\/it\/wp-json\/wp\/v2\/product_cat?post=111020"},{"taxonomy":"product_tag","embeddable":true,"href":"https:\/\/iha-race.com\/it\/wp-json\/wp\/v2\/product_tag?post=111020"}],"curies":[{"name":"wp","href":"https:\/\/api.w.org\/{rel}","templated":true}]}}