{"id":111008,"date":"2021-03-14T21:51:02","date_gmt":"2021-03-14T20:51:02","guid":{"rendered":"https:\/\/iha-race.com\/producto\/obiettivo-foxeer-m12-da-25-mm-per-arrow-mini-monster-mini-predator-mini-falkor-mini-full-size-cam\/"},"modified":"2024-08-29T12:31:21","modified_gmt":"2024-08-29T10:31:21","slug":"obiettivo-foxeer-m12-2-5mm-per-freccia-mini-mostro-mini-predatore-mini-falkor-mini-full-size-cam","status":"publish","type":"product","link":"https:\/\/iha-race.com\/it\/prodotto\/obiettivo-foxeer-m12-2-5mm-per-freccia-mini-mostro-mini-predatore-mini-falkor-mini-full-size-cam\/","title":{"rendered":"Obiettivo Foxeer M12 da 2,5 mm per Arrow Mini\/Monster Mini\/Predator Mini\/Falkor Mini\/Full Size Cam"},"content":{"rendered":"<h2><span data-sheets-value=\"{\"1\":2,\"2\":\"Lente Foxeer M12 2.5mm para Arrow Mini\/Monster Mini\/Predator Mini\/Falkor Mini\/Full Size Cam\"}\" data-sheets-userformat=\"{\"2\":15233,\"3\":{\"1\":0},\"10\":1,\"11\":4,\"12\":0,\"14\":[null,2,2236962],\"15\":\"Arial\",\"16\":12}\">Obiettivo Foxeer M12 da 2,5 mm per Arrow Mini\/Monster Mini\/Predator Mini\/Falkor Mini\/Full Size Cam<\/span><\/h2>\n<p>  Le lenti Foxeer sono prodotte con i pi\u00f9 severi controlli di qualit\u00e0 in modo che l&#8217;immagine raggiunga il tuo schermo con grande chiarezza. \u00c8 il sostituto ideale delle telecamere Foxeer originali.  <img fetchpriority=\"high\" decoding=\"async\" class=\"size-full wp-image-10089 alignleft\" src=\"https:\/\/iha-race.com\/wp-content\/uploads\/2018\/07\/20180114224611_68008.jpg\" alt=\"Foxeer M12 Lenti da 2,5 mm per Arrow \/ Monster \/ Predator \/ Falkor Mini  \" width=\"1080\" height=\"1600\" srcset=\"https:\/\/iha-race.com\/wp-content\/uploads\/2018\/07\/20180114224611_68008.jpg 1080w, https:\/\/iha-race.com\/wp-content\/uploads\/2018\/07\/20180114224611_68008-599x888.jpg 599w, https:\/\/iha-race.com\/wp-content\/uploads\/2018\/07\/20180114224611_68008-203x300.jpg 203w, https:\/\/iha-race.com\/wp-content\/uploads\/2018\/07\/20180114224611_68008-767x1137.jpg 767w, https:\/\/iha-race.com\/wp-content\/uploads\/2018\/07\/20180114224611_68008-691x1024.jpg 691w, https:\/\/iha-race.com\/wp-content\/uploads\/2018\/07\/20180114224611_68008-788x1167.jpg 788w\" sizes=\"(max-width: 1080px) 100vw, 1080px\" \/><\/p>\n<p><img decoding=\"async\" class=\"size-full wp-image-10090\" src=\"https:\/\/iha-race.com\/wp-content\/uploads\/2018\/07\/20180114224649_60091.jpg\" alt=\"Foxeer M12 Lenti da 2,5 mm per Arrow \/ Monster \/ Predator \/ Falkor Mini  \" width=\"1080\" height=\"1600\" srcset=\"https:\/\/iha-race.com\/wp-content\/uploads\/2018\/07\/20180114224649_60091.jpg 1080w, https:\/\/iha-race.com\/wp-content\/uploads\/2018\/07\/20180114224649_60091-599x888.jpg 599w, https:\/\/iha-race.com\/wp-content\/uploads\/2018\/07\/20180114224649_60091-203x300.jpg 203w, https:\/\/iha-race.com\/wp-content\/uploads\/2018\/07\/20180114224649_60091-767x1137.jpg 767w, https:\/\/iha-race.com\/wp-content\/uploads\/2018\/07\/20180114224649_60091-691x1024.jpg 691w, https:\/\/iha-race.com\/wp-content\/uploads\/2018\/07\/20180114224649_60091-788x1167.jpg 788w\" sizes=\"(max-width: 1080px) 100vw, 1080px\" \/><\/p>\n<p>&nbsp;<\/p>\n","protected":false},"excerpt":{"rendered":"<p>Obiettivo Foxeer M12 da 2,5 mm per Arrow Mini\/Monster Mini\/Predator Mini\/Falkor Mini\/Full Size Cam Le lenti Foxeer sono prodotte con i pi\u00f9 severi controlli di qualit\u00e0 in modo che l&#8217;immagine<\/p>\n","protected":false},"featured_media":94011,"comment_status":"open","ping_status":"closed","template":"","meta":{"_joinchat":[]},"pwb-brand":[],"product_cat":[1202,1165],"product_tag":[],"class_list":{"0":"post-111008","1":"product","2":"type-product","3":"status-publish","4":"has-post-thumbnail","6":"product_cat-lenti","7":"product_cat-telecamere-fpv","9":"first","10":"outofstock","11":"taxable","12":"shipping-taxable","13":"purchasable","14":"product-type-simple"},"barcode":null,"atum_controlled":true,"out_stock_date":"2023-08-22 08:59:41","out_stock_threshold":null,"inheritable":false,"stock_on_hold":0,"sold_today":0,"sales_last_days":0,"out_stock_days":792,"lost_sales":0,"update_date":"2026-04-08T16:30:59","atum_locations":[],"atum_stock_status":"outofstock","restock_status":false,"low_stock_amount":"","sales_update_date":"2025-10-22T09:29:42","calc_backorders":null,"yoast_head":"<!-- This site is optimized with the Yoast SEO plugin v27.3 - https:\/\/yoast.com\/product\/yoast-seo-wordpress\/ -->\n<title>Obiettivo Foxeer M12 da 2,5 mm per Arrow Mini\/Monster Mini\/Predator Mini\/Falkor Mini\/Full Size Cam - Iha Race<\/title>\n<meta name=\"robots\" content=\"index, follow, max-snippet:-1, max-image-preview:large, max-video-preview:-1\" \/>\n<link rel=\"canonical\" href=\"https:\/\/iha-race.com\/it\/prodotto\/obiettivo-foxeer-m12-2-5mm-per-freccia-mini-mostro-mini-predatore-mini-falkor-mini-full-size-cam\/\" \/>\n<meta property=\"og:locale\" content=\"it_IT\" \/>\n<meta property=\"og:type\" content=\"article\" \/>\n<meta property=\"og:title\" content=\"Obiettivo Foxeer M12 da 2,5 mm per Arrow Mini\/Monster Mini\/Predator Mini\/Falkor Mini\/Full Size Cam - Iha Race\" \/>\n<meta property=\"og:description\" content=\"Obiettivo Foxeer M12 da 2,5 mm per Arrow Mini\/Monster Mini\/Predator Mini\/Falkor Mini\/Full Size Cam Le lenti Foxeer sono prodotte con i pi\u00f9 severi controlli di qualit\u00e0 in modo che l&#8217;immagine\" \/>\n<meta property=\"og:url\" content=\"https:\/\/iha-race.com\/it\/prodotto\/obiettivo-foxeer-m12-2-5mm-per-freccia-mini-mostro-mini-predatore-mini-falkor-mini-full-size-cam\/\" \/>\n<meta property=\"og:site_name\" content=\"Iha Race\" \/>\n<meta property=\"article:modified_time\" content=\"2024-08-29T10:31:21+00:00\" \/>\n<meta property=\"og:image\" content=\"https:\/\/iha-race.com\/wp-content\/uploads\/2018\/07\/lente-de-camara-foxeer-de-gran-sensibilidad-y-alta-calidad-2-5mm-ir-block-fpv-2-1.jpg\" \/>\n\t<meta property=\"og:image:width\" content=\"800\" \/>\n\t<meta property=\"og:image:height\" content=\"800\" \/>\n\t<meta property=\"og:image:type\" content=\"image\/jpeg\" \/>\n<meta name=\"twitter:card\" content=\"summary_large_image\" \/>\n<script type=\"application\/ld+json\" class=\"yoast-schema-graph\">{\"@context\":\"https:\\\/\\\/schema.org\",\"@graph\":[{\"@type\":\"WebPage\",\"@id\":\"https:\\\/\\\/iha-race.com\\\/it\\\/prodotto\\\/obiettivo-foxeer-m12-2-5mm-per-freccia-mini-mostro-mini-predatore-mini-falkor-mini-full-size-cam\\\/\",\"url\":\"https:\\\/\\\/iha-race.com\\\/it\\\/prodotto\\\/obiettivo-foxeer-m12-2-5mm-per-freccia-mini-mostro-mini-predatore-mini-falkor-mini-full-size-cam\\\/\",\"name\":\"Obiettivo Foxeer M12 da 2,5 mm per Arrow Mini\\\/Monster Mini\\\/Predator Mini\\\/Falkor Mini\\\/Full Size Cam - Iha Race\",\"isPartOf\":{\"@id\":\"https:\\\/\\\/iha-race.com\\\/it\\\/#website\"},\"primaryImageOfPage\":{\"@id\":\"https:\\\/\\\/iha-race.com\\\/it\\\/prodotto\\\/obiettivo-foxeer-m12-2-5mm-per-freccia-mini-mostro-mini-predatore-mini-falkor-mini-full-size-cam\\\/#primaryimage\"},\"image\":{\"@id\":\"https:\\\/\\\/iha-race.com\\\/it\\\/prodotto\\\/obiettivo-foxeer-m12-2-5mm-per-freccia-mini-mostro-mini-predatore-mini-falkor-mini-full-size-cam\\\/#primaryimage\"},\"thumbnailUrl\":\"https:\\\/\\\/iha-race.com\\\/wp-content\\\/uploads\\\/2018\\\/07\\\/lente-de-camara-foxeer-de-gran-sensibilidad-y-alta-calidad-2-5mm-ir-block-fpv-2-1.jpg\",\"datePublished\":\"2021-03-14T20:51:02+00:00\",\"dateModified\":\"2024-08-29T10:31:21+00:00\",\"breadcrumb\":{\"@id\":\"https:\\\/\\\/iha-race.com\\\/it\\\/prodotto\\\/obiettivo-foxeer-m12-2-5mm-per-freccia-mini-mostro-mini-predatore-mini-falkor-mini-full-size-cam\\\/#breadcrumb\"},\"inLanguage\":\"it-IT\",\"potentialAction\":[{\"@type\":\"ReadAction\",\"target\":[\"https:\\\/\\\/iha-race.com\\\/it\\\/prodotto\\\/obiettivo-foxeer-m12-2-5mm-per-freccia-mini-mostro-mini-predatore-mini-falkor-mini-full-size-cam\\\/\"]}]},{\"@type\":\"ImageObject\",\"inLanguage\":\"it-IT\",\"@id\":\"https:\\\/\\\/iha-race.com\\\/it\\\/prodotto\\\/obiettivo-foxeer-m12-2-5mm-per-freccia-mini-mostro-mini-predatore-mini-falkor-mini-full-size-cam\\\/#primaryimage\",\"url\":\"https:\\\/\\\/iha-race.com\\\/wp-content\\\/uploads\\\/2018\\\/07\\\/lente-de-camara-foxeer-de-gran-sensibilidad-y-alta-calidad-2-5mm-ir-block-fpv-2-1.jpg\",\"contentUrl\":\"https:\\\/\\\/iha-race.com\\\/wp-content\\\/uploads\\\/2018\\\/07\\\/lente-de-camara-foxeer-de-gran-sensibilidad-y-alta-calidad-2-5mm-ir-block-fpv-2-1.jpg\",\"width\":800,\"height\":800,\"caption\":\"alta sensibilit\u00e0-alta qualit\u00e0-foxeer-camera-obiettivo-2-5mm-ir-block-fpv-2\"},{\"@type\":\"BreadcrumbList\",\"@id\":\"https:\\\/\\\/iha-race.com\\\/it\\\/prodotto\\\/obiettivo-foxeer-m12-2-5mm-per-freccia-mini-mostro-mini-predatore-mini-falkor-mini-full-size-cam\\\/#breadcrumb\",\"itemListElement\":[{\"@type\":\"ListItem\",\"position\":1,\"name\":\"Portada\",\"item\":\"https:\\\/\\\/iha-race.com\\\/it\\\/\"},{\"@type\":\"ListItem\",\"position\":2,\"name\":\"Negozio\",\"item\":\"https:\\\/\\\/iha-race.com\\\/it\\\/negozio\\\/\"},{\"@type\":\"ListItem\",\"position\":3,\"name\":\"Obiettivo Foxeer M12 da 2,5 mm per Arrow Mini\\\/Monster Mini\\\/Predator Mini\\\/Falkor Mini\\\/Full Size Cam\"}]},{\"@type\":\"WebSite\",\"@id\":\"https:\\\/\\\/iha-race.com\\\/it\\\/#website\",\"url\":\"https:\\\/\\\/iha-race.com\\\/it\\\/\",\"name\":\"Iha Race\",\"description\":\"Comprar drones de carreras FPV env\u00edos en un d\u00eda desde Espa\u00f1a\",\"publisher\":{\"@id\":\"https:\\\/\\\/iha-race.com\\\/it\\\/#organization\"},\"potentialAction\":[{\"@type\":\"SearchAction\",\"target\":{\"@type\":\"EntryPoint\",\"urlTemplate\":\"https:\\\/\\\/iha-race.com\\\/it\\\/?s={search_term_string}\"},\"query-input\":{\"@type\":\"PropertyValueSpecification\",\"valueRequired\":true,\"valueName\":\"search_term_string\"}}],\"inLanguage\":\"it-IT\"},{\"@type\":\"Organization\",\"@id\":\"https:\\\/\\\/iha-race.com\\\/it\\\/#organization\",\"name\":\"Iha Race\",\"url\":\"https:\\\/\\\/iha-race.com\\\/it\\\/\",\"logo\":{\"@type\":\"ImageObject\",\"inLanguage\":\"it-IT\",\"@id\":\"https:\\\/\\\/iha-race.com\\\/it\\\/#\\\/schema\\\/logo\\\/image\\\/\",\"url\":\"https:\\\/\\\/iha-race.com\\\/wp-content\\\/uploads\\\/2018\\\/07\\\/iha-race-drones-de-carreras-tienda-comprar-drones.png\",\"contentUrl\":\"https:\\\/\\\/iha-race.com\\\/wp-content\\\/uploads\\\/2018\\\/07\\\/iha-race-drones-de-carreras-tienda-comprar-drones.png\",\"width\":300,\"height\":100,\"caption\":\"Iha Race\"},\"image\":{\"@id\":\"https:\\\/\\\/iha-race.com\\\/it\\\/#\\\/schema\\\/logo\\\/image\\\/\"}}]}<\/script>\n<!-- \/ Yoast SEO plugin. -->","yoast_head_json":{"title":"Obiettivo Foxeer M12 da 2,5 mm per Arrow Mini\/Monster Mini\/Predator Mini\/Falkor Mini\/Full Size Cam - Iha Race","robots":{"index":"index","follow":"follow","max-snippet":"max-snippet:-1","max-image-preview":"max-image-preview:large","max-video-preview":"max-video-preview:-1"},"canonical":"https:\/\/iha-race.com\/it\/prodotto\/obiettivo-foxeer-m12-2-5mm-per-freccia-mini-mostro-mini-predatore-mini-falkor-mini-full-size-cam\/","og_locale":"it_IT","og_type":"article","og_title":"Obiettivo Foxeer M12 da 2,5 mm per Arrow Mini\/Monster Mini\/Predator Mini\/Falkor Mini\/Full Size Cam - Iha Race","og_description":"Obiettivo Foxeer M12 da 2,5 mm per Arrow Mini\/Monster Mini\/Predator Mini\/Falkor Mini\/Full Size Cam Le lenti Foxeer sono prodotte con i pi\u00f9 severi controlli di qualit\u00e0 in modo che l&#8217;immagine","og_url":"https:\/\/iha-race.com\/it\/prodotto\/obiettivo-foxeer-m12-2-5mm-per-freccia-mini-mostro-mini-predatore-mini-falkor-mini-full-size-cam\/","og_site_name":"Iha Race","article_modified_time":"2024-08-29T10:31:21+00:00","og_image":[{"width":800,"height":800,"url":"https:\/\/iha-race.com\/wp-content\/uploads\/2018\/07\/lente-de-camara-foxeer-de-gran-sensibilidad-y-alta-calidad-2-5mm-ir-block-fpv-2-1.jpg","type":"image\/jpeg"}],"twitter_card":"summary_large_image","schema":{"@context":"https:\/\/schema.org","@graph":[{"@type":"WebPage","@id":"https:\/\/iha-race.com\/it\/prodotto\/obiettivo-foxeer-m12-2-5mm-per-freccia-mini-mostro-mini-predatore-mini-falkor-mini-full-size-cam\/","url":"https:\/\/iha-race.com\/it\/prodotto\/obiettivo-foxeer-m12-2-5mm-per-freccia-mini-mostro-mini-predatore-mini-falkor-mini-full-size-cam\/","name":"Obiettivo Foxeer M12 da 2,5 mm per Arrow Mini\/Monster Mini\/Predator Mini\/Falkor Mini\/Full Size Cam - Iha Race","isPartOf":{"@id":"https:\/\/iha-race.com\/it\/#website"},"primaryImageOfPage":{"@id":"https:\/\/iha-race.com\/it\/prodotto\/obiettivo-foxeer-m12-2-5mm-per-freccia-mini-mostro-mini-predatore-mini-falkor-mini-full-size-cam\/#primaryimage"},"image":{"@id":"https:\/\/iha-race.com\/it\/prodotto\/obiettivo-foxeer-m12-2-5mm-per-freccia-mini-mostro-mini-predatore-mini-falkor-mini-full-size-cam\/#primaryimage"},"thumbnailUrl":"https:\/\/iha-race.com\/wp-content\/uploads\/2018\/07\/lente-de-camara-foxeer-de-gran-sensibilidad-y-alta-calidad-2-5mm-ir-block-fpv-2-1.jpg","datePublished":"2021-03-14T20:51:02+00:00","dateModified":"2024-08-29T10:31:21+00:00","breadcrumb":{"@id":"https:\/\/iha-race.com\/it\/prodotto\/obiettivo-foxeer-m12-2-5mm-per-freccia-mini-mostro-mini-predatore-mini-falkor-mini-full-size-cam\/#breadcrumb"},"inLanguage":"it-IT","potentialAction":[{"@type":"ReadAction","target":["https:\/\/iha-race.com\/it\/prodotto\/obiettivo-foxeer-m12-2-5mm-per-freccia-mini-mostro-mini-predatore-mini-falkor-mini-full-size-cam\/"]}]},{"@type":"ImageObject","inLanguage":"it-IT","@id":"https:\/\/iha-race.com\/it\/prodotto\/obiettivo-foxeer-m12-2-5mm-per-freccia-mini-mostro-mini-predatore-mini-falkor-mini-full-size-cam\/#primaryimage","url":"https:\/\/iha-race.com\/wp-content\/uploads\/2018\/07\/lente-de-camara-foxeer-de-gran-sensibilidad-y-alta-calidad-2-5mm-ir-block-fpv-2-1.jpg","contentUrl":"https:\/\/iha-race.com\/wp-content\/uploads\/2018\/07\/lente-de-camara-foxeer-de-gran-sensibilidad-y-alta-calidad-2-5mm-ir-block-fpv-2-1.jpg","width":800,"height":800,"caption":"alta sensibilit\u00e0-alta qualit\u00e0-foxeer-camera-obiettivo-2-5mm-ir-block-fpv-2"},{"@type":"BreadcrumbList","@id":"https:\/\/iha-race.com\/it\/prodotto\/obiettivo-foxeer-m12-2-5mm-per-freccia-mini-mostro-mini-predatore-mini-falkor-mini-full-size-cam\/#breadcrumb","itemListElement":[{"@type":"ListItem","position":1,"name":"Portada","item":"https:\/\/iha-race.com\/it\/"},{"@type":"ListItem","position":2,"name":"Negozio","item":"https:\/\/iha-race.com\/it\/negozio\/"},{"@type":"ListItem","position":3,"name":"Obiettivo Foxeer M12 da 2,5 mm per Arrow Mini\/Monster Mini\/Predator Mini\/Falkor Mini\/Full Size Cam"}]},{"@type":"WebSite","@id":"https:\/\/iha-race.com\/it\/#website","url":"https:\/\/iha-race.com\/it\/","name":"Iha Race","description":"Comprar drones de carreras FPV env\u00edos en un d\u00eda desde Espa\u00f1a","publisher":{"@id":"https:\/\/iha-race.com\/it\/#organization"},"potentialAction":[{"@type":"SearchAction","target":{"@type":"EntryPoint","urlTemplate":"https:\/\/iha-race.com\/it\/?s={search_term_string}"},"query-input":{"@type":"PropertyValueSpecification","valueRequired":true,"valueName":"search_term_string"}}],"inLanguage":"it-IT"},{"@type":"Organization","@id":"https:\/\/iha-race.com\/it\/#organization","name":"Iha Race","url":"https:\/\/iha-race.com\/it\/","logo":{"@type":"ImageObject","inLanguage":"it-IT","@id":"https:\/\/iha-race.com\/it\/#\/schema\/logo\/image\/","url":"https:\/\/iha-race.com\/wp-content\/uploads\/2018\/07\/iha-race-drones-de-carreras-tienda-comprar-drones.png","contentUrl":"https:\/\/iha-race.com\/wp-content\/uploads\/2018\/07\/iha-race-drones-de-carreras-tienda-comprar-drones.png","width":300,"height":100,"caption":"Iha Race"},"image":{"@id":"https:\/\/iha-race.com\/it\/#\/schema\/logo\/image\/"}}]}},"brands":[],"_links":{"self":[{"href":"https:\/\/iha-race.com\/it\/wp-json\/wp\/v2\/product\/111008","targetHints":{"allow":["GET"]}}],"collection":[{"href":"https:\/\/iha-race.com\/it\/wp-json\/wp\/v2\/product"}],"about":[{"href":"https:\/\/iha-race.com\/it\/wp-json\/wp\/v2\/types\/product"}],"replies":[{"embeddable":true,"href":"https:\/\/iha-race.com\/it\/wp-json\/wp\/v2\/comments?post=111008"}],"version-history":[{"count":2,"href":"https:\/\/iha-race.com\/it\/wp-json\/wp\/v2\/product\/111008\/revisions"}],"predecessor-version":[{"id":249593,"href":"https:\/\/iha-race.com\/it\/wp-json\/wp\/v2\/product\/111008\/revisions\/249593"}],"wp:featuredmedia":[{"embeddable":true,"href":"https:\/\/iha-race.com\/it\/wp-json\/wp\/v2\/media\/94011"}],"wp:attachment":[{"href":"https:\/\/iha-race.com\/it\/wp-json\/wp\/v2\/media?parent=111008"}],"wp:term":[{"taxonomy":"pwb-brand","embeddable":true,"href":"https:\/\/iha-race.com\/it\/wp-json\/wp\/v2\/pwb-brand?post=111008"},{"taxonomy":"product_cat","embeddable":true,"href":"https:\/\/iha-race.com\/it\/wp-json\/wp\/v2\/product_cat?post=111008"},{"taxonomy":"product_tag","embeddable":true,"href":"https:\/\/iha-race.com\/it\/wp-json\/wp\/v2\/product_tag?post=111008"}],"curies":[{"name":"wp","href":"https:\/\/api.w.org\/{rel}","templated":true}]}}