{"id":111007,"date":"2021-02-24T05:25:44","date_gmt":"2021-02-24T04:25:44","guid":{"rendered":"https:\/\/iha-race.com\/producto\/occhiali-fpv-fat-shark-dominator-hdo-v2\/"},"modified":"2025-02-10T18:21:40","modified_gmt":"2025-02-10T17:21:40","slug":"%f0%9f%91%93-fpv-occhiali-grasso-dominatore-hdo-2","status":"publish","type":"product","link":"https:\/\/iha-race.com\/it\/prodotto\/%f0%9f%91%93-fpv-occhiali-grasso-dominatore-hdo-2\/","title":{"rendered":"Occhiali FPV Fat Shark Dominator HDO V2"},"content":{"rendered":"<h2>Occhiali FPV Fat Shark Dominator HDO V2<\/h2>\n<p>  Le cose sono diventate personali. Le cuffie Dominator HDO2 sono il successore delle amatissime Dominator HDO. L&#8217;HDO2 utilizza grandi pannelli OLED da 1280 x 960 per fornire un&#8217;immagine notevolmente migliorata con un campo visivo di 46 gradi. La personalizzazione dello schermo \u00e8 ora possibile grazie a un nuovo OSD con controlli ampliati. L&#8217;HDO2 pu\u00f2 essere ulteriormente personalizzato con la messa a fuoco regolabile, l&#8217;IPD regolabile, la curvatura del frontale regolabile, il rapporto d&#8217;immagine selezionabile e un pulsante di accensione configurabile. L&#8217;HDO2 \u00e8 la cuffia perfetta per i piloti esperti che cercano la migliore esperienza di volo.  <img fetchpriority=\"high\" decoding=\"async\" class=\"alignnone wp-image-61079 size-full\" src=\"https:\/\/iha-race.com\/wp-content\/uploads\/2018\/07\/gafas-fat-shark-dominator-hdo-2-esquema-funcionamiento.jpg\" alt=\"\" width=\"1000\" height=\"1000\" srcset=\"https:\/\/iha-race.com\/wp-content\/uploads\/2018\/07\/gafas-fat-shark-dominator-hdo-2-esquema-funcionamiento.jpg 1000w, https:\/\/iha-race.com\/wp-content\/uploads\/2018\/07\/gafas-fat-shark-dominator-hdo-2-esquema-funcionamiento-300x300.jpg 300w, https:\/\/iha-race.com\/wp-content\/uploads\/2018\/07\/gafas-fat-shark-dominator-hdo-2-esquema-funcionamiento-100x100.jpg 100w, https:\/\/iha-race.com\/wp-content\/uploads\/2018\/07\/gafas-fat-shark-dominator-hdo-2-esquema-funcionamiento-600x600.jpg 600w, https:\/\/iha-race.com\/wp-content\/uploads\/2018\/07\/gafas-fat-shark-dominator-hdo-2-esquema-funcionamiento-1024x1024.jpg 1024w, https:\/\/iha-race.com\/wp-content\/uploads\/2018\/07\/gafas-fat-shark-dominator-hdo-2-esquema-funcionamiento-150x150.jpg 150w, https:\/\/iha-race.com\/wp-content\/uploads\/2018\/07\/gafas-fat-shark-dominator-hdo-2-esquema-funcionamiento-768x768.jpg 768w, https:\/\/iha-race.com\/wp-content\/uploads\/2018\/07\/gafas-fat-shark-dominator-hdo-2-esquema-funcionamiento-1536x1536.jpg 1536w, https:\/\/iha-race.com\/wp-content\/uploads\/2018\/07\/gafas-fat-shark-dominator-hdo-2-esquema-funcionamiento-2048x2048.jpg 2048w, https:\/\/iha-race.com\/wp-content\/uploads\/2018\/07\/gafas-fat-shark-dominator-hdo-2-esquema-funcionamiento-788x788.jpg 788w, https:\/\/iha-race.com\/wp-content\/uploads\/2018\/07\/gafas-fat-shark-dominator-hdo-2-esquema-funcionamiento-135x135.jpg 135w\" sizes=\"(max-width: 1000px) 100vw, 1000px\" \/> <img decoding=\"async\" class=\"alignnone wp-image-61080 size-full\" src=\"https:\/\/iha-race.com\/wp-content\/uploads\/2018\/07\/gafas-fat-shark-dominator-hdo-2-esquema.jpg\" alt=\"\" width=\"1000\" height=\"1000\" srcset=\"https:\/\/iha-race.com\/wp-content\/uploads\/2018\/07\/gafas-fat-shark-dominator-hdo-2-esquema.jpg 1000w, https:\/\/iha-race.com\/wp-content\/uploads\/2018\/07\/gafas-fat-shark-dominator-hdo-2-esquema-300x300.jpg 300w, https:\/\/iha-race.com\/wp-content\/uploads\/2018\/07\/gafas-fat-shark-dominator-hdo-2-esquema-100x100.jpg 100w, https:\/\/iha-race.com\/wp-content\/uploads\/2018\/07\/gafas-fat-shark-dominator-hdo-2-esquema-600x600.jpg 600w, https:\/\/iha-race.com\/wp-content\/uploads\/2018\/07\/gafas-fat-shark-dominator-hdo-2-esquema-1024x1024.jpg 1024w, https:\/\/iha-race.com\/wp-content\/uploads\/2018\/07\/gafas-fat-shark-dominator-hdo-2-esquema-150x150.jpg 150w, https:\/\/iha-race.com\/wp-content\/uploads\/2018\/07\/gafas-fat-shark-dominator-hdo-2-esquema-768x768.jpg 768w, https:\/\/iha-race.com\/wp-content\/uploads\/2018\/07\/gafas-fat-shark-dominator-hdo-2-esquema-1536x1536.jpg 1536w, https:\/\/iha-race.com\/wp-content\/uploads\/2018\/07\/gafas-fat-shark-dominator-hdo-2-esquema-2048x2048.jpg 2048w, https:\/\/iha-race.com\/wp-content\/uploads\/2018\/07\/gafas-fat-shark-dominator-hdo-2-esquema-788x788.jpg 788w, https:\/\/iha-race.com\/wp-content\/uploads\/2018\/07\/gafas-fat-shark-dominator-hdo-2-esquema-135x135.jpg 135w\" sizes=\"(max-width: 1000px) 100vw, 1000px\" \/><\/p>\n<h2>Specifiche:<\/h2>\n<h3>Ottica<\/h3>\n<ul>\n<li>FOV (campo visivo): 46 gradi di diagonale<\/li>\n<li>IPD (distanza interpupillare): da 54 a 74 mm (regolabile)<\/li>\n<li>Messa a fuoco: da +2 a -6 diottrie (regolabile)<\/li>\n<\/ul>\n<h3>Mostra<\/h3>\n<ul>\n<li>Due display OLED Sony da 0,5 pollici<\/li>\n<li>Risoluzione 1280 X 960<\/li>\n<li>Selezione automatica NTCS \/ PAL<\/li>\n<li>Modalit\u00e0 AV 4: 3<\/li>\n<li>Modalit\u00e0 AV 16: 9<\/li>\n<li>Modalit\u00e0 HDMI 16: 9<\/li>\n<\/ul>\n<h3>Audio<\/h3>\n<ul>\n<li>Stereo<\/li>\n<\/ul>\n<h3>Controlli utente<\/h3>\n<ul>\n<li>Selezione del canale<\/li>\n<li>Controllo del volume<\/li>\n<li>Selezione della modalit\u00e0<\/li>\n<li>Controllo del display (luminosit\u00e0 e contrasto)<\/li>\n<li>Controllo DVR<\/li>\n<li>Pulsante di accensione \/ controllo della ventola<\/li>\n<\/ul>\n<h3>Elettrico<\/h3>\n<ul>\n<li>Alimentazione:<\/li>\n<li>Tensione di ingresso 7 &#8211; 13V (alimentazione 2S &#8211; 3S)<\/li>\n<li>Consumo di energia: 320 mA con alimentazione di ingresso a 7,5 V (senza modulo RX)<\/li>\n<li>770 mA a 7,5 V di potenza d&#8217;ingresso (rapida<\/li>\n<li>DVR analogico: supporto MicroSD fino a 32 GB<\/li>\n<li>Velocit\u00e0 di registrazione: 6 Mbps (compressione MJPG, 30 fps, AVI)<\/li>\n<li>Riproduzione di file (registrazione nativa, senza supporto di codec)<\/li>\n<li>Aggiornabile tramite scheda SD<\/li>\n<\/ul>\n<h3>Batteria<\/h3>\n<ul>\n<li>18650 7,4V, 1,8A (opzionale))<\/li>\n<\/ul>\n<h3>Interfaccia<\/h3>\n<ul>\n<li>Porta di ingresso\/uscita AV da 3,5 mm<\/li>\n<li>Porta di ingresso dell&#8217;alimentazione<\/li>\n<li>Porta per cuffie da 3,5 mm 3p<\/li>\n<li>MicroSD<\/li>\n<li>Alloggiamento del modulo RF<\/li>\n<li>Connettore HT Collegamento interno a 3 pin<\/li>\n<li>Pulsante di accensione<\/li>\n<\/ul>\n<h3>Meccanico<\/h3>\n<ul>\n<li>Cuffie ergonomiche sagomate con archetto regolabile<\/li>\n<li>Dimensioni: 169,2 x 80 x 45,5 mm<\/li>\n<li>Peso: 206,8 g<\/li>\n<\/ul>\n<h2>Incluso nell&#8217;acquisto di questi occhiali:<\/h2>\n<ul>\n<li>1 x Fat Shark Dominator HDO 2 Occhiali FPV<\/li>\n<li>1 x Custodia da trasporto<\/li>\n<li>1 batteria da 7,4 V 18650<\/li>\n<li>1 panno per la pulizia dell&#8217;obiettivo<\/li>\n<\/ul>\n<p><em>Attenzione: l&#8217;esposizione dell&#8217;obiettivo alla luce diretta del sole pu\u00f2 danneggiare il display LCD.<\/em><br \/>\n<iframe title=\"Switching FPV Goggles after 4yrs | Must be Good ???? | FatShark HDO2\" width=\"1200\" height=\"675\" src=\"https:\/\/www.youtube.com\/embed\/18bOTKw8NVU?feature=oembed\" frameborder=\"0\" allow=\"accelerometer; autoplay; clipboard-write; encrypted-media; gyroscope; picture-in-picture; web-share\" referrerpolicy=\"strict-origin-when-cross-origin\" allowfullscreen><\/iframe><br \/>\n &nbsp;<\/p>\n","protected":false},"excerpt":{"rendered":"<div class=\"font80\"><i class=\"fa fa-check greencolor\">Siete pronti a sperimentare l&#8217;FPV come mai prima d&#8217;ora? Gli occhiali HDO 2 sono dotati di pannelli OLED da 1280 x 960 che offrono un&#8217;immagine notevolmente migliorata con un campo visivo di 46 gradi.<\/i><\/div>\n","protected":false},"featured_media":97059,"comment_status":"open","ping_status":"closed","template":"","meta":{"_joinchat":[]},"pwb-brand":[],"product_cat":[2455,1114],"product_tag":[],"class_list":{"0":"post-111007","1":"product","2":"type-product","3":"status-publish","4":"has-post-thumbnail","6":"product_cat-occhiali-e-monitor","7":"product_cat-occhiali-fpv","9":"first","10":"outofstock","11":"taxable","12":"shipping-taxable","13":"purchasable","14":"product-type-simple"},"barcode":null,"atum_controlled":true,"out_stock_date":"2025-02-10 18:21:41","out_stock_threshold":null,"inheritable":false,"stock_on_hold":0,"sold_today":0,"sales_last_days":0,"out_stock_days":415,"lost_sales":204535,"update_date":"2026-04-08T16:30:59","atum_locations":[],"atum_stock_status":"outofstock","restock_status":false,"low_stock_amount":2,"sales_update_date":"2026-04-01T19:00:19","calc_backorders":null,"yoast_head":"<!-- This site is optimized with the Yoast SEO plugin v27.3 - https:\/\/yoast.com\/product\/yoast-seo-wordpress\/ -->\n<title>Acquista gli occhiali Fat Shark Dominator HDO FPV \ud83e\udd88 - Iha Race<\/title>\n<meta name=\"description\" content=\"Noi di Iha-Race abbiamo gli eccellenti occhiali Fat Shark Dominator HDO FPV che si adattano a voi senza problemi. Consegne entro 24 ore \u2705. Servizio \u260e676757149\" \/>\n<meta name=\"robots\" content=\"index, follow, max-snippet:-1, max-image-preview:large, max-video-preview:-1\" \/>\n<link rel=\"canonical\" href=\"https:\/\/iha-race.com\/it\/prodotto\/%f0%9f%91%93-fpv-occhiali-grasso-dominatore-hdo-2\/\" \/>\n<meta property=\"og:locale\" content=\"it_IT\" \/>\n<meta property=\"og:type\" content=\"article\" \/>\n<meta property=\"og:title\" content=\"Acquista gli occhiali Fat Shark Dominator HDO FPV \ud83e\udd88 - Iha Race\" \/>\n<meta property=\"og:description\" content=\"Noi di Iha-Race abbiamo gli eccellenti occhiali Fat Shark Dominator HDO FPV che si adattano a voi senza problemi. Consegne entro 24 ore \u2705. Servizio \u260e676757149\" \/>\n<meta property=\"og:url\" content=\"https:\/\/iha-race.com\/it\/prodotto\/%f0%9f%91%93-fpv-occhiali-grasso-dominatore-hdo-2\/\" \/>\n<meta property=\"og:site_name\" content=\"Iha Race\" \/>\n<meta property=\"article:modified_time\" content=\"2025-02-10T17:21:40+00:00\" \/>\n<meta property=\"og:image\" content=\"https:\/\/iha-race.com\/wp-content\/uploads\/2018\/07\/gafas-fat-shark-dominator-hdo-2.jpg\" \/>\n\t<meta property=\"og:image:width\" content=\"1000\" \/>\n\t<meta property=\"og:image:height\" content=\"1000\" \/>\n\t<meta property=\"og:image:type\" content=\"image\/jpeg\" \/>\n<meta name=\"twitter:card\" content=\"summary_large_image\" \/>\n<meta name=\"twitter:label1\" content=\"Tempo di lettura stimato\" \/>\n\t<meta name=\"twitter:data1\" content=\"2 minuti\" \/>\n<script type=\"application\/ld+json\" class=\"yoast-schema-graph\">{\"@context\":\"https:\\\/\\\/schema.org\",\"@graph\":[{\"@type\":\"WebPage\",\"@id\":\"https:\\\/\\\/iha-race.com\\\/it\\\/prodotto\\\/%f0%9f%91%93-fpv-occhiali-grasso-dominatore-hdo-2\\\/\",\"url\":\"https:\\\/\\\/iha-race.com\\\/it\\\/prodotto\\\/%f0%9f%91%93-fpv-occhiali-grasso-dominatore-hdo-2\\\/\",\"name\":\"Acquista gli occhiali Fat Shark Dominator HDO FPV \ud83e\udd88 - Iha Race\",\"isPartOf\":{\"@id\":\"https:\\\/\\\/iha-race.com\\\/it\\\/#website\"},\"primaryImageOfPage\":{\"@id\":\"https:\\\/\\\/iha-race.com\\\/it\\\/prodotto\\\/%f0%9f%91%93-fpv-occhiali-grasso-dominatore-hdo-2\\\/#primaryimage\"},\"image\":{\"@id\":\"https:\\\/\\\/iha-race.com\\\/it\\\/prodotto\\\/%f0%9f%91%93-fpv-occhiali-grasso-dominatore-hdo-2\\\/#primaryimage\"},\"thumbnailUrl\":\"https:\\\/\\\/iha-race.com\\\/wp-content\\\/uploads\\\/2018\\\/07\\\/gafas-fat-shark-dominator-hdo-2.jpg\",\"datePublished\":\"2021-02-24T04:25:44+00:00\",\"dateModified\":\"2025-02-10T17:21:40+00:00\",\"description\":\"Noi di Iha-Race abbiamo gli eccellenti occhiali Fat Shark Dominator HDO FPV che si adattano a voi senza problemi. Consegne entro 24 ore \u2705. Servizio \u260e676757149\",\"breadcrumb\":{\"@id\":\"https:\\\/\\\/iha-race.com\\\/it\\\/prodotto\\\/%f0%9f%91%93-fpv-occhiali-grasso-dominatore-hdo-2\\\/#breadcrumb\"},\"inLanguage\":\"it-IT\",\"potentialAction\":[{\"@type\":\"ReadAction\",\"target\":[\"https:\\\/\\\/iha-race.com\\\/it\\\/prodotto\\\/%f0%9f%91%93-fpv-occhiali-grasso-dominatore-hdo-2\\\/\"]}]},{\"@type\":\"ImageObject\",\"inLanguage\":\"it-IT\",\"@id\":\"https:\\\/\\\/iha-race.com\\\/it\\\/prodotto\\\/%f0%9f%91%93-fpv-occhiali-grasso-dominatore-hdo-2\\\/#primaryimage\",\"url\":\"https:\\\/\\\/iha-race.com\\\/wp-content\\\/uploads\\\/2018\\\/07\\\/gafas-fat-shark-dominator-hdo-2.jpg\",\"contentUrl\":\"https:\\\/\\\/iha-race.com\\\/wp-content\\\/uploads\\\/2018\\\/07\\\/gafas-fat-shark-dominator-hdo-2.jpg\",\"width\":1000,\"height\":1000},{\"@type\":\"BreadcrumbList\",\"@id\":\"https:\\\/\\\/iha-race.com\\\/it\\\/prodotto\\\/%f0%9f%91%93-fpv-occhiali-grasso-dominatore-hdo-2\\\/#breadcrumb\",\"itemListElement\":[{\"@type\":\"ListItem\",\"position\":1,\"name\":\"Portada\",\"item\":\"https:\\\/\\\/iha-race.com\\\/it\\\/\"},{\"@type\":\"ListItem\",\"position\":2,\"name\":\"Negozio\",\"item\":\"https:\\\/\\\/iha-race.com\\\/it\\\/negozio\\\/\"},{\"@type\":\"ListItem\",\"position\":3,\"name\":\"Occhiali FPV Fat Shark Dominator HDO V2\"}]},{\"@type\":\"WebSite\",\"@id\":\"https:\\\/\\\/iha-race.com\\\/it\\\/#website\",\"url\":\"https:\\\/\\\/iha-race.com\\\/it\\\/\",\"name\":\"Iha Race\",\"description\":\"Comprar drones de carreras FPV env\u00edos en un d\u00eda desde Espa\u00f1a\",\"publisher\":{\"@id\":\"https:\\\/\\\/iha-race.com\\\/it\\\/#organization\"},\"potentialAction\":[{\"@type\":\"SearchAction\",\"target\":{\"@type\":\"EntryPoint\",\"urlTemplate\":\"https:\\\/\\\/iha-race.com\\\/it\\\/?s={search_term_string}\"},\"query-input\":{\"@type\":\"PropertyValueSpecification\",\"valueRequired\":true,\"valueName\":\"search_term_string\"}}],\"inLanguage\":\"it-IT\"},{\"@type\":\"Organization\",\"@id\":\"https:\\\/\\\/iha-race.com\\\/it\\\/#organization\",\"name\":\"Iha Race\",\"url\":\"https:\\\/\\\/iha-race.com\\\/it\\\/\",\"logo\":{\"@type\":\"ImageObject\",\"inLanguage\":\"it-IT\",\"@id\":\"https:\\\/\\\/iha-race.com\\\/it\\\/#\\\/schema\\\/logo\\\/image\\\/\",\"url\":\"https:\\\/\\\/iha-race.com\\\/wp-content\\\/uploads\\\/2018\\\/07\\\/iha-race-drones-de-carreras-tienda-comprar-drones.png\",\"contentUrl\":\"https:\\\/\\\/iha-race.com\\\/wp-content\\\/uploads\\\/2018\\\/07\\\/iha-race-drones-de-carreras-tienda-comprar-drones.png\",\"width\":300,\"height\":100,\"caption\":\"Iha Race\"},\"image\":{\"@id\":\"https:\\\/\\\/iha-race.com\\\/it\\\/#\\\/schema\\\/logo\\\/image\\\/\"}}]}<\/script>\n<!-- \/ Yoast SEO plugin. -->","yoast_head_json":{"title":"Acquista gli occhiali Fat Shark Dominator HDO FPV \ud83e\udd88 - Iha Race","description":"Noi di Iha-Race abbiamo gli eccellenti occhiali Fat Shark Dominator HDO FPV che si adattano a voi senza problemi. Consegne entro 24 ore \u2705. Servizio \u260e676757149","robots":{"index":"index","follow":"follow","max-snippet":"max-snippet:-1","max-image-preview":"max-image-preview:large","max-video-preview":"max-video-preview:-1"},"canonical":"https:\/\/iha-race.com\/it\/prodotto\/%f0%9f%91%93-fpv-occhiali-grasso-dominatore-hdo-2\/","og_locale":"it_IT","og_type":"article","og_title":"Acquista gli occhiali Fat Shark Dominator HDO FPV \ud83e\udd88 - Iha Race","og_description":"Noi di Iha-Race abbiamo gli eccellenti occhiali Fat Shark Dominator HDO FPV che si adattano a voi senza problemi. Consegne entro 24 ore \u2705. Servizio \u260e676757149","og_url":"https:\/\/iha-race.com\/it\/prodotto\/%f0%9f%91%93-fpv-occhiali-grasso-dominatore-hdo-2\/","og_site_name":"Iha Race","article_modified_time":"2025-02-10T17:21:40+00:00","og_image":[{"width":1000,"height":1000,"url":"https:\/\/iha-race.com\/wp-content\/uploads\/2018\/07\/gafas-fat-shark-dominator-hdo-2.jpg","type":"image\/jpeg"}],"twitter_card":"summary_large_image","twitter_misc":{"Tempo di lettura stimato":"2 minuti"},"schema":{"@context":"https:\/\/schema.org","@graph":[{"@type":"WebPage","@id":"https:\/\/iha-race.com\/it\/prodotto\/%f0%9f%91%93-fpv-occhiali-grasso-dominatore-hdo-2\/","url":"https:\/\/iha-race.com\/it\/prodotto\/%f0%9f%91%93-fpv-occhiali-grasso-dominatore-hdo-2\/","name":"Acquista gli occhiali Fat Shark Dominator HDO FPV \ud83e\udd88 - Iha Race","isPartOf":{"@id":"https:\/\/iha-race.com\/it\/#website"},"primaryImageOfPage":{"@id":"https:\/\/iha-race.com\/it\/prodotto\/%f0%9f%91%93-fpv-occhiali-grasso-dominatore-hdo-2\/#primaryimage"},"image":{"@id":"https:\/\/iha-race.com\/it\/prodotto\/%f0%9f%91%93-fpv-occhiali-grasso-dominatore-hdo-2\/#primaryimage"},"thumbnailUrl":"https:\/\/iha-race.com\/wp-content\/uploads\/2018\/07\/gafas-fat-shark-dominator-hdo-2.jpg","datePublished":"2021-02-24T04:25:44+00:00","dateModified":"2025-02-10T17:21:40+00:00","description":"Noi di Iha-Race abbiamo gli eccellenti occhiali Fat Shark Dominator HDO FPV che si adattano a voi senza problemi. Consegne entro 24 ore \u2705. Servizio \u260e676757149","breadcrumb":{"@id":"https:\/\/iha-race.com\/it\/prodotto\/%f0%9f%91%93-fpv-occhiali-grasso-dominatore-hdo-2\/#breadcrumb"},"inLanguage":"it-IT","potentialAction":[{"@type":"ReadAction","target":["https:\/\/iha-race.com\/it\/prodotto\/%f0%9f%91%93-fpv-occhiali-grasso-dominatore-hdo-2\/"]}]},{"@type":"ImageObject","inLanguage":"it-IT","@id":"https:\/\/iha-race.com\/it\/prodotto\/%f0%9f%91%93-fpv-occhiali-grasso-dominatore-hdo-2\/#primaryimage","url":"https:\/\/iha-race.com\/wp-content\/uploads\/2018\/07\/gafas-fat-shark-dominator-hdo-2.jpg","contentUrl":"https:\/\/iha-race.com\/wp-content\/uploads\/2018\/07\/gafas-fat-shark-dominator-hdo-2.jpg","width":1000,"height":1000},{"@type":"BreadcrumbList","@id":"https:\/\/iha-race.com\/it\/prodotto\/%f0%9f%91%93-fpv-occhiali-grasso-dominatore-hdo-2\/#breadcrumb","itemListElement":[{"@type":"ListItem","position":1,"name":"Portada","item":"https:\/\/iha-race.com\/it\/"},{"@type":"ListItem","position":2,"name":"Negozio","item":"https:\/\/iha-race.com\/it\/negozio\/"},{"@type":"ListItem","position":3,"name":"Occhiali FPV Fat Shark Dominator HDO V2"}]},{"@type":"WebSite","@id":"https:\/\/iha-race.com\/it\/#website","url":"https:\/\/iha-race.com\/it\/","name":"Iha Race","description":"Comprar drones de carreras FPV env\u00edos en un d\u00eda desde Espa\u00f1a","publisher":{"@id":"https:\/\/iha-race.com\/it\/#organization"},"potentialAction":[{"@type":"SearchAction","target":{"@type":"EntryPoint","urlTemplate":"https:\/\/iha-race.com\/it\/?s={search_term_string}"},"query-input":{"@type":"PropertyValueSpecification","valueRequired":true,"valueName":"search_term_string"}}],"inLanguage":"it-IT"},{"@type":"Organization","@id":"https:\/\/iha-race.com\/it\/#organization","name":"Iha Race","url":"https:\/\/iha-race.com\/it\/","logo":{"@type":"ImageObject","inLanguage":"it-IT","@id":"https:\/\/iha-race.com\/it\/#\/schema\/logo\/image\/","url":"https:\/\/iha-race.com\/wp-content\/uploads\/2018\/07\/iha-race-drones-de-carreras-tienda-comprar-drones.png","contentUrl":"https:\/\/iha-race.com\/wp-content\/uploads\/2018\/07\/iha-race-drones-de-carreras-tienda-comprar-drones.png","width":300,"height":100,"caption":"Iha Race"},"image":{"@id":"https:\/\/iha-race.com\/it\/#\/schema\/logo\/image\/"}}]}},"brands":[],"_links":{"self":[{"href":"https:\/\/iha-race.com\/it\/wp-json\/wp\/v2\/product\/111007","targetHints":{"allow":["GET"]}}],"collection":[{"href":"https:\/\/iha-race.com\/it\/wp-json\/wp\/v2\/product"}],"about":[{"href":"https:\/\/iha-race.com\/it\/wp-json\/wp\/v2\/types\/product"}],"replies":[{"embeddable":true,"href":"https:\/\/iha-race.com\/it\/wp-json\/wp\/v2\/comments?post=111007"}],"version-history":[{"count":3,"href":"https:\/\/iha-race.com\/it\/wp-json\/wp\/v2\/product\/111007\/revisions"}],"predecessor-version":[{"id":249642,"href":"https:\/\/iha-race.com\/it\/wp-json\/wp\/v2\/product\/111007\/revisions\/249642"}],"wp:featuredmedia":[{"embeddable":true,"href":"https:\/\/iha-race.com\/it\/wp-json\/wp\/v2\/media\/97059"}],"wp:attachment":[{"href":"https:\/\/iha-race.com\/it\/wp-json\/wp\/v2\/media?parent=111007"}],"wp:term":[{"taxonomy":"pwb-brand","embeddable":true,"href":"https:\/\/iha-race.com\/it\/wp-json\/wp\/v2\/pwb-brand?post=111007"},{"taxonomy":"product_cat","embeddable":true,"href":"https:\/\/iha-race.com\/it\/wp-json\/wp\/v2\/product_cat?post=111007"},{"taxonomy":"product_tag","embeddable":true,"href":"https:\/\/iha-race.com\/it\/wp-json\/wp\/v2\/product_tag?post=111007"}],"curies":[{"name":"wp","href":"https:\/\/api.w.org\/{rel}","templated":true}]}}