{"id":110987,"date":"2018-07-14T19:39:27","date_gmt":"2018-07-14T17:39:27","guid":{"rendered":"https:\/\/iha-race.com\/producto\/%e2%9a%a1trasmettitore-video-tbs-unify-pro-v3-5g8-tx-25800mw\/"},"modified":"2026-03-23T15:02:06","modified_gmt":"2026-03-23T14:02:06","slug":"video-transmisor-tbs-unify-pro-v3-5g8tx-25800mw","status":"publish","type":"product","link":"https:\/\/iha-race.com\/it\/prodotto\/video-transmisor-tbs-unify-pro-v3-5g8tx-25800mw\/","title":{"rendered":"\u26a1Trasmettitore video TBS UNIFY PRO V3 5G8 (TX 25~800MW)"},"content":{"rendered":"<h2><strong>Trasmettitore video TBS UNIFY PRO V3 5G8 (TX 25~800MW) RP-SMA o SMA<\/strong><\/h2>\n<p><strong>\u00c8 possibile scegliere tra due tipi:<\/strong><\/p>\n<ul>\n<li>RP-SMA<\/li>\n<li>SMA<\/li>\n<\/ul>\n<p>  Il trasmettitore video pi\u00f9 piccolo e potente (800mW!) che il mondo abbia mai visto. \u00c8 pronto a gareggiare con PitMode, livelli di potenza pulitissimi e privi di interferenze, connettivit\u00e0 ai controller di volo e altri mezzi di commutazione rapida dei canali. Funziona con un&#8217;alimentazione filtrata a 5 V, quindi \u00e8 perfetto se collegato a un TBS CORE PRO o a un TBS PowerCube (*) ! Accettazione della tensione di picco migliorata di 6,5 Vmax. in V2 a 13Vmax. in V3!  <\/p>\n<h2>Novit\u00e0 della V3:<\/h2>\n<ul>\n<li>Miglioramento dell&#8217;accettazione della tensione di picco da 6,5 Vmax. in V2 a 13Vmax. in V3<\/li>\n<\/ul>\n<h2><strong>TBS Unify PRO 5G8 Specifiche:<\/strong><\/h2>\n<ul>\n<li>Tensione di funzionamento: 4,5 &#8211; 5,5 V<\/li>\n<li>Corrente di alimentazione: 600 mA<\/li>\n<li>Temperatura di esercizio: rispettare il normale flusso d&#8217;aria.<\/li>\n<li>Frequenza portante audio: 6,5 MHz<\/li>\n<li>Impedenza di ingresso video: 75 Ohm<\/li>\n<li>Peso: 5 g (con SMA, senza antenna)<\/li>\n<li>Connettore antenna: connettore SMA femmina con fori di montaggio a vite<\/li>\n<li>Formato video: NTSC \/ PAL<\/li>\n<li>Potenza di uscita: 13dBm (25mW), 23dBm (200mW), 27dBm (500mW), 29dBm (800mW *)<\/li>\n<\/ul>\n<h3><strong>Dettagli sull&#8217;acquisto di VTX Unify PRO 800mW:<\/strong><\/h3>\n<ul>\n<li>Il pi\u00f9 piccolo e leggero trasmettitore video sul mercato<\/li>\n<li>Potenza di uscita fino a 800 mW<\/li>\n<li>Trasmissione ultra-pulita (fino a 16 piloti alla volta!)<\/li>\n<li>PitMode: accendi il tuo quad durante una gara<\/li>\n<li>Facile cambio di canale OSD, FC e RC, con menu a pulsante di back-up<\/li>\n<li>Il robusto amplificatore RF consente di rimanere accesi senza antenna per ore!<\/li>\n<li>Avvio pulito e commutazione video<\/li>\n<li>Certificato CE<\/li>\n<\/ul>\n<h4><strong>PITMODE &#8211; FATTO PER COMPETERE<\/strong><\/h4>\n<p>  Zero interferenze anche quando \u00e8 acceso, ora \u00e8 possibile! Se avete mai riparato un quad durante una gara, conoscerete la frustrazione di non poter accendere e testare il sistema. Con la modalit\u00e0 PitMode, ridurremo la potenza di uscita al minimo (ben al di sotto della singola cifra di mW) e ci sposteremo su frequenze non utilizzate dagli organizzatori della gara, in modo da poter accendere il quad e vedere comunque l&#8217;immagine! Hai a disposizione alcuni metri di raggio d&#8217;azione per testare il tuo quad prima di posizionarlo sulla griglia di uscita e, in combinazione con CleanSwitch, puoi accenderlo non appena il tuo canale \u00e8 disponibile senza interrompere nessuno dei canali attivi.  <\/p>\n<h4><strong>SMARTAUDIO V2 &#8211; CONTROLLO TOTALE<\/strong><\/h4>\n<p>  La tecnologia SmartAudio fornisce il controllo UART e I2C per l&#8217;intero trasmettitore video. \u00c8 possibile controllare liberamente parametri quali la potenza di uscita, le bande, i canali e la frequenza. Ci\u00f2 consente il controllo remoto dei canali direttamente da un dispositivo smart (TBS Crossfire, \u00e8 richiesto un modulo bluetooth o wifi esterno), dalla radio (TBS Crossfire con telecomando compatibile TBS Tango o OpenTX) o dall&#8217;OSD (ad esempio TBS CORE PRO). Con tutte queste opzioni disponibili, dovreste trovare qualcosa di adatto alle vostre esigenze. Insieme a CleanSwitch, il cielo \u00e8 il limite&#8230; saltare da un canale all&#8217;altro senza interferire con gli altri piloti, creare frequenze di backup\/emergenza, regolazioni globali della potenza del VTx da parte degli organizzatori della gara o altri sistemi intelligenti volti a semplificare e migliorare la gestione della gara. una possibilit\u00e0!  <\/p>\n<h4><strong>CLEANSWITCH &#8211; AMICO DI QUARTIERE<\/strong><\/h4>\n<p>  CleanSwitch \u00e8 una tecnologia sviluppata da TBS che garantisce che il tuo trasmettitore video sia privo di interferenze durante l&#8217;accensione o il cambio di canale. Tutti gli attuali trasmettitori video scorrono su tutta la banda quando sono accesi, causando spesso sfarfallii e forti interferenze per chiunque sia in onda, indipendentemente dal canale video scelto. TBS CleanSwitch vi permetter\u00e0 di accendere e cambiare canale mentre i vostri amici sono in onda, senza interferenze esterne. CleanSwitch \u00e8 adatto alle corse e ai piloti&#8230; \u00e8 cos\u00ec che piace a noi di TBS \ud83d\ude42  <\/p>\n<h4><strong>NO! A DIPSWITCHES<\/strong><\/h4>\n<p>  Anche se imparare il binario \u00e8 stato un divertente gioco mentale, in pratica un trasmettitore video controllato da un solo pulsante o da un OSD \u00e8 molto pi\u00f9 semplice da utilizzare. Sono finiti i tempi delle schede di trasmissione video, delle interferenze con i canali delle persone per errore o della mancata corrispondenza tra le frequenze degli occhiali e del trasmettitore video.  <\/p>\n<h3><strong>Quando si acquista VTX TBS UNIFY PRO V3 5G8 VTX include:<\/strong><\/h3>\n<ul>\n<li>Trasmettitore video TBS UNIFY 5G8<\/li>\n<li>Cavo collettore video a 5 V<\/li>\n<li><a href=\"http:\/\/www.team-blacksheep.com\/tbs-unify-pro-5g8-manual.pdf\">Manuale TBS UNIFY Pro<\/a><\/li>\n<\/ul>\n","protected":false},"excerpt":{"rendered":"<p>Un trasmettitore video solo per i corridori. Peso di 5 g, potenza di uscita da 25 a 800 mW (regolabile dall&#8217;utente). Ridurre il peso e volare lontano non \u00e8 mai stato cos\u00ec facile e conveniente. Connettore antenna: connettore femmina SMA.<\/p>\n","protected":false},"featured_media":92087,"comment_status":"open","ping_status":"closed","template":"","meta":{"_joinchat":[]},"pwb-brand":[],"product_cat":[1228],"product_tag":[1386],"class_list":{"0":"post-110987","1":"product","2":"type-product","3":"status-publish","4":"has-post-thumbnail","6":"product_cat-vtx-vrx","7":"product_tag-masvendido-it","9":"first","10":"outofstock","11":"taxable","12":"shipping-taxable","13":"purchasable","14":"product-type-variable"},"barcode":null,"atum_controlled":true,"out_stock_date":null,"out_stock_threshold":null,"inheritable":true,"stock_on_hold":0,"sold_today":1,"sales_last_days":3,"out_stock_days":0,"lost_sales":0,"update_date":"2026-04-16T08:25:28","atum_locations":[],"atum_stock_status":"instock","restock_status":false,"low_stock_amount":"","sales_update_date":"2026-04-16T08:25:28","calc_backorders":null,"yoast_head":"<!-- This site is optimized with the Yoast SEO plugin v27.3 - https:\/\/yoast.com\/product\/yoast-seo-wordpress\/ -->\n<title>\u25b7 Trasmettitore video\u3010 TBS UNIFY PRO V3 5G8 \u3011 VTX - Acquistare presso Iha Race<\/title>\n<meta name=\"description\" content=\"Scopri la migliore VTX\u261d\u3010 TBS UNIFY PRO\u3011Con manuale PDF scaricabile da consultare in qualsiasi momento, guarda cosa dicono gli altri motociclisti!\" \/>\n<meta name=\"robots\" content=\"index, follow, max-snippet:-1, max-image-preview:large, max-video-preview:-1\" \/>\n<link rel=\"canonical\" href=\"https:\/\/iha-race.com\/it\/prodotto\/video-transmisor-tbs-unify-pro-v3-5g8tx-25800mw\/\" \/>\n<meta property=\"og:locale\" content=\"it_IT\" \/>\n<meta property=\"og:type\" content=\"article\" \/>\n<meta property=\"og:title\" content=\"\u25b7 Trasmettitore video\u3010 TBS UNIFY PRO V3 5G8 \u3011 VTX - Acquistare presso Iha Race\" \/>\n<meta property=\"og:description\" content=\"Scopri la migliore VTX\u261d\u3010 TBS UNIFY PRO\u3011Con manuale PDF scaricabile da consultare in qualsiasi momento, guarda cosa dicono gli altri motociclisti!\" \/>\n<meta property=\"og:url\" content=\"https:\/\/iha-race.com\/it\/prodotto\/video-transmisor-tbs-unify-pro-v3-5g8tx-25800mw\/\" \/>\n<meta property=\"og:site_name\" content=\"Iha Race\" \/>\n<meta property=\"article:modified_time\" content=\"2026-03-23T14:02:06+00:00\" \/>\n<meta property=\"og:image\" content=\"https:\/\/iha-race.com\/wp-content\/uploads\/2018\/07\/TBS-UNIFY-PRO-5G8-V3-RP-SMA-1.jpg\" \/>\n\t<meta property=\"og:image:width\" content=\"800\" \/>\n\t<meta property=\"og:image:height\" content=\"800\" \/>\n\t<meta property=\"og:image:type\" content=\"image\/jpeg\" \/>\n<meta name=\"twitter:card\" content=\"summary_large_image\" \/>\n<meta name=\"twitter:label1\" content=\"Tempo di lettura stimato\" \/>\n\t<meta name=\"twitter:data1\" content=\"3 minuti\" \/>\n<script type=\"application\/ld+json\" class=\"yoast-schema-graph\">{\"@context\":\"https:\\\/\\\/schema.org\",\"@graph\":[{\"@type\":\"WebPage\",\"@id\":\"https:\\\/\\\/iha-race.com\\\/it\\\/prodotto\\\/video-transmisor-tbs-unify-pro-v3-5g8tx-25800mw\\\/\",\"url\":\"https:\\\/\\\/iha-race.com\\\/it\\\/prodotto\\\/video-transmisor-tbs-unify-pro-v3-5g8tx-25800mw\\\/\",\"name\":\"\u25b7 Trasmettitore video\u3010 TBS UNIFY PRO V3 5G8 \u3011 VTX - Acquistare presso Iha Race\",\"isPartOf\":{\"@id\":\"https:\\\/\\\/iha-race.com\\\/it\\\/#website\"},\"primaryImageOfPage\":{\"@id\":\"https:\\\/\\\/iha-race.com\\\/it\\\/prodotto\\\/video-transmisor-tbs-unify-pro-v3-5g8tx-25800mw\\\/#primaryimage\"},\"image\":{\"@id\":\"https:\\\/\\\/iha-race.com\\\/it\\\/prodotto\\\/video-transmisor-tbs-unify-pro-v3-5g8tx-25800mw\\\/#primaryimage\"},\"thumbnailUrl\":\"https:\\\/\\\/iha-race.com\\\/wp-content\\\/uploads\\\/2018\\\/07\\\/TBS-UNIFY-PRO-5G8-V3-RP-SMA-1.jpg\",\"datePublished\":\"2018-07-14T17:39:27+00:00\",\"dateModified\":\"2026-03-23T14:02:06+00:00\",\"description\":\"Scopri la migliore VTX\u261d\u3010 TBS UNIFY PRO\u3011Con manuale PDF scaricabile da consultare in qualsiasi momento, guarda cosa dicono gli altri motociclisti!\",\"breadcrumb\":{\"@id\":\"https:\\\/\\\/iha-race.com\\\/it\\\/prodotto\\\/video-transmisor-tbs-unify-pro-v3-5g8tx-25800mw\\\/#breadcrumb\"},\"inLanguage\":\"it-IT\",\"potentialAction\":[{\"@type\":\"ReadAction\",\"target\":[\"https:\\\/\\\/iha-race.com\\\/it\\\/prodotto\\\/video-transmisor-tbs-unify-pro-v3-5g8tx-25800mw\\\/\"]}]},{\"@type\":\"ImageObject\",\"inLanguage\":\"it-IT\",\"@id\":\"https:\\\/\\\/iha-race.com\\\/it\\\/prodotto\\\/video-transmisor-tbs-unify-pro-v3-5g8tx-25800mw\\\/#primaryimage\",\"url\":\"https:\\\/\\\/iha-race.com\\\/wp-content\\\/uploads\\\/2018\\\/07\\\/TBS-UNIFY-PRO-5G8-V3-RP-SMA-1.jpg\",\"contentUrl\":\"https:\\\/\\\/iha-race.com\\\/wp-content\\\/uploads\\\/2018\\\/07\\\/TBS-UNIFY-PRO-5G8-V3-RP-SMA-1.jpg\",\"width\":800,\"height\":800,\"caption\":\"acquistare TBS-UNIFY-PRO-5G8-V3-RP-SMA pi\u00f9 economico\"},{\"@type\":\"BreadcrumbList\",\"@id\":\"https:\\\/\\\/iha-race.com\\\/it\\\/prodotto\\\/video-transmisor-tbs-unify-pro-v3-5g8tx-25800mw\\\/#breadcrumb\",\"itemListElement\":[{\"@type\":\"ListItem\",\"position\":1,\"name\":\"Portada\",\"item\":\"https:\\\/\\\/iha-race.com\\\/it\\\/\"},{\"@type\":\"ListItem\",\"position\":2,\"name\":\"Negozio\",\"item\":\"https:\\\/\\\/iha-race.com\\\/it\\\/negozio\\\/\"},{\"@type\":\"ListItem\",\"position\":3,\"name\":\"\u26a1Trasmettitore video TBS UNIFY PRO V3 5G8 (TX 25~800MW)\"}]},{\"@type\":\"WebSite\",\"@id\":\"https:\\\/\\\/iha-race.com\\\/it\\\/#website\",\"url\":\"https:\\\/\\\/iha-race.com\\\/it\\\/\",\"name\":\"Iha Race\",\"description\":\"Comprar drones de carreras FPV env\u00edos en un d\u00eda desde Espa\u00f1a\",\"publisher\":{\"@id\":\"https:\\\/\\\/iha-race.com\\\/it\\\/#organization\"},\"potentialAction\":[{\"@type\":\"SearchAction\",\"target\":{\"@type\":\"EntryPoint\",\"urlTemplate\":\"https:\\\/\\\/iha-race.com\\\/it\\\/?s={search_term_string}\"},\"query-input\":{\"@type\":\"PropertyValueSpecification\",\"valueRequired\":true,\"valueName\":\"search_term_string\"}}],\"inLanguage\":\"it-IT\"},{\"@type\":\"Organization\",\"@id\":\"https:\\\/\\\/iha-race.com\\\/it\\\/#organization\",\"name\":\"Iha Race\",\"url\":\"https:\\\/\\\/iha-race.com\\\/it\\\/\",\"logo\":{\"@type\":\"ImageObject\",\"inLanguage\":\"it-IT\",\"@id\":\"https:\\\/\\\/iha-race.com\\\/it\\\/#\\\/schema\\\/logo\\\/image\\\/\",\"url\":\"https:\\\/\\\/iha-race.com\\\/wp-content\\\/uploads\\\/2018\\\/07\\\/iha-race-drones-de-carreras-tienda-comprar-drones.png\",\"contentUrl\":\"https:\\\/\\\/iha-race.com\\\/wp-content\\\/uploads\\\/2018\\\/07\\\/iha-race-drones-de-carreras-tienda-comprar-drones.png\",\"width\":300,\"height\":100,\"caption\":\"Iha Race\"},\"image\":{\"@id\":\"https:\\\/\\\/iha-race.com\\\/it\\\/#\\\/schema\\\/logo\\\/image\\\/\"}}]}<\/script>\n<!-- \/ Yoast SEO plugin. -->","yoast_head_json":{"title":"\u25b7 Trasmettitore video\u3010 TBS UNIFY PRO V3 5G8 \u3011 VTX - Acquistare presso Iha Race","description":"Scopri la migliore VTX\u261d\u3010 TBS UNIFY PRO\u3011Con manuale PDF scaricabile da consultare in qualsiasi momento, guarda cosa dicono gli altri motociclisti!","robots":{"index":"index","follow":"follow","max-snippet":"max-snippet:-1","max-image-preview":"max-image-preview:large","max-video-preview":"max-video-preview:-1"},"canonical":"https:\/\/iha-race.com\/it\/prodotto\/video-transmisor-tbs-unify-pro-v3-5g8tx-25800mw\/","og_locale":"it_IT","og_type":"article","og_title":"\u25b7 Trasmettitore video\u3010 TBS UNIFY PRO V3 5G8 \u3011 VTX - Acquistare presso Iha Race","og_description":"Scopri la migliore VTX\u261d\u3010 TBS UNIFY PRO\u3011Con manuale PDF scaricabile da consultare in qualsiasi momento, guarda cosa dicono gli altri motociclisti!","og_url":"https:\/\/iha-race.com\/it\/prodotto\/video-transmisor-tbs-unify-pro-v3-5g8tx-25800mw\/","og_site_name":"Iha Race","article_modified_time":"2026-03-23T14:02:06+00:00","og_image":[{"width":800,"height":800,"url":"https:\/\/iha-race.com\/wp-content\/uploads\/2018\/07\/TBS-UNIFY-PRO-5G8-V3-RP-SMA-1.jpg","type":"image\/jpeg"}],"twitter_card":"summary_large_image","twitter_misc":{"Tempo di lettura stimato":"3 minuti"},"schema":{"@context":"https:\/\/schema.org","@graph":[{"@type":"WebPage","@id":"https:\/\/iha-race.com\/it\/prodotto\/video-transmisor-tbs-unify-pro-v3-5g8tx-25800mw\/","url":"https:\/\/iha-race.com\/it\/prodotto\/video-transmisor-tbs-unify-pro-v3-5g8tx-25800mw\/","name":"\u25b7 Trasmettitore video\u3010 TBS UNIFY PRO V3 5G8 \u3011 VTX - Acquistare presso Iha Race","isPartOf":{"@id":"https:\/\/iha-race.com\/it\/#website"},"primaryImageOfPage":{"@id":"https:\/\/iha-race.com\/it\/prodotto\/video-transmisor-tbs-unify-pro-v3-5g8tx-25800mw\/#primaryimage"},"image":{"@id":"https:\/\/iha-race.com\/it\/prodotto\/video-transmisor-tbs-unify-pro-v3-5g8tx-25800mw\/#primaryimage"},"thumbnailUrl":"https:\/\/iha-race.com\/wp-content\/uploads\/2018\/07\/TBS-UNIFY-PRO-5G8-V3-RP-SMA-1.jpg","datePublished":"2018-07-14T17:39:27+00:00","dateModified":"2026-03-23T14:02:06+00:00","description":"Scopri la migliore VTX\u261d\u3010 TBS UNIFY PRO\u3011Con manuale PDF scaricabile da consultare in qualsiasi momento, guarda cosa dicono gli altri motociclisti!","breadcrumb":{"@id":"https:\/\/iha-race.com\/it\/prodotto\/video-transmisor-tbs-unify-pro-v3-5g8tx-25800mw\/#breadcrumb"},"inLanguage":"it-IT","potentialAction":[{"@type":"ReadAction","target":["https:\/\/iha-race.com\/it\/prodotto\/video-transmisor-tbs-unify-pro-v3-5g8tx-25800mw\/"]}]},{"@type":"ImageObject","inLanguage":"it-IT","@id":"https:\/\/iha-race.com\/it\/prodotto\/video-transmisor-tbs-unify-pro-v3-5g8tx-25800mw\/#primaryimage","url":"https:\/\/iha-race.com\/wp-content\/uploads\/2018\/07\/TBS-UNIFY-PRO-5G8-V3-RP-SMA-1.jpg","contentUrl":"https:\/\/iha-race.com\/wp-content\/uploads\/2018\/07\/TBS-UNIFY-PRO-5G8-V3-RP-SMA-1.jpg","width":800,"height":800,"caption":"acquistare TBS-UNIFY-PRO-5G8-V3-RP-SMA pi\u00f9 economico"},{"@type":"BreadcrumbList","@id":"https:\/\/iha-race.com\/it\/prodotto\/video-transmisor-tbs-unify-pro-v3-5g8tx-25800mw\/#breadcrumb","itemListElement":[{"@type":"ListItem","position":1,"name":"Portada","item":"https:\/\/iha-race.com\/it\/"},{"@type":"ListItem","position":2,"name":"Negozio","item":"https:\/\/iha-race.com\/it\/negozio\/"},{"@type":"ListItem","position":3,"name":"\u26a1Trasmettitore video TBS UNIFY PRO V3 5G8 (TX 25~800MW)"}]},{"@type":"WebSite","@id":"https:\/\/iha-race.com\/it\/#website","url":"https:\/\/iha-race.com\/it\/","name":"Iha Race","description":"Comprar drones de carreras FPV env\u00edos en un d\u00eda desde Espa\u00f1a","publisher":{"@id":"https:\/\/iha-race.com\/it\/#organization"},"potentialAction":[{"@type":"SearchAction","target":{"@type":"EntryPoint","urlTemplate":"https:\/\/iha-race.com\/it\/?s={search_term_string}"},"query-input":{"@type":"PropertyValueSpecification","valueRequired":true,"valueName":"search_term_string"}}],"inLanguage":"it-IT"},{"@type":"Organization","@id":"https:\/\/iha-race.com\/it\/#organization","name":"Iha Race","url":"https:\/\/iha-race.com\/it\/","logo":{"@type":"ImageObject","inLanguage":"it-IT","@id":"https:\/\/iha-race.com\/it\/#\/schema\/logo\/image\/","url":"https:\/\/iha-race.com\/wp-content\/uploads\/2018\/07\/iha-race-drones-de-carreras-tienda-comprar-drones.png","contentUrl":"https:\/\/iha-race.com\/wp-content\/uploads\/2018\/07\/iha-race-drones-de-carreras-tienda-comprar-drones.png","width":300,"height":100,"caption":"Iha Race"},"image":{"@id":"https:\/\/iha-race.com\/it\/#\/schema\/logo\/image\/"}}]}},"jetpack_sharing_enabled":true,"brands":[],"_links":{"self":[{"href":"https:\/\/iha-race.com\/it\/wp-json\/wp\/v2\/product\/110987","targetHints":{"allow":["GET"]}}],"collection":[{"href":"https:\/\/iha-race.com\/it\/wp-json\/wp\/v2\/product"}],"about":[{"href":"https:\/\/iha-race.com\/it\/wp-json\/wp\/v2\/types\/product"}],"replies":[{"embeddable":true,"href":"https:\/\/iha-race.com\/it\/wp-json\/wp\/v2\/comments?post=110987"}],"version-history":[{"count":2,"href":"https:\/\/iha-race.com\/it\/wp-json\/wp\/v2\/product\/110987\/revisions"}],"predecessor-version":[{"id":250644,"href":"https:\/\/iha-race.com\/it\/wp-json\/wp\/v2\/product\/110987\/revisions\/250644"}],"wp:featuredmedia":[{"embeddable":true,"href":"https:\/\/iha-race.com\/it\/wp-json\/wp\/v2\/media\/92087"}],"wp:attachment":[{"href":"https:\/\/iha-race.com\/it\/wp-json\/wp\/v2\/media?parent=110987"}],"wp:term":[{"taxonomy":"pwb-brand","embeddable":true,"href":"https:\/\/iha-race.com\/it\/wp-json\/wp\/v2\/pwb-brand?post=110987"},{"taxonomy":"product_cat","embeddable":true,"href":"https:\/\/iha-race.com\/it\/wp-json\/wp\/v2\/product_cat?post=110987"},{"taxonomy":"product_tag","embeddable":true,"href":"https:\/\/iha-race.com\/it\/wp-json\/wp\/v2\/product_tag?post=110987"}],"curies":[{"name":"wp","href":"https:\/\/api.w.org\/{rel}","templated":true}]}}