{"id":110969,"date":"2018-07-14T18:56:10","date_gmt":"2018-07-14T17:56:10","guid":{"rendered":"https:\/\/iha-race.com\/producto\/tbs-micro-race-props-piccole-eliche-whoop-075-mm\/"},"modified":"2024-08-29T17:03:00","modified_gmt":"2024-08-29T15:03:00","slug":"oggetti-di-scena-tbs-micro-razza-oggetti-di-scena-tiny-whoop","status":"publish","type":"product","link":"https:\/\/iha-race.com\/it\/prodotto\/oggetti-di-scena-tbs-micro-razza-oggetti-di-scena-tiny-whoop\/","title":{"rendered":"TBS Micro Race Props Piccole eliche Whoop (0,75 mm)"},"content":{"rendered":"<h2>TBS Micro Race Props Piccole eliche Whoop (0,75 mm)<\/h2>\n<p>  Dai un&#8217;occhiata ai Race Props di TBS x Tinywhoop: sono assolutamente fantastici da far volare. Lame quadrate per una tenuta in curva garantita e lame grasse per un migliore controllo dell&#8217;altitudine Questi sono gli accessori perfetti da abbinare ai tuoi piccoli motori brushless con alberi da 0,80 mm.  <\/p>\n<h4>Caratteristiche<\/h4>\n<ul>\n<li>Dimensione del mozzo: 0,75 mm<\/li>\n<li>Lunghezza della lama: 30 mm (trasversale)<\/li>\n<li>Altezza: 7,44 mm<\/li>\n<li>Tipo di motore: Brushless<\/li>\n<li>Colore blu<\/li>\n<\/ul>\n<h4>COMPRENSIONE<\/h4>\n<ul>\n<li>2 puntelli da gara TBS x Tinywhoop (CW)<\/li>\n<li>2 puntelli da gara TBS x Tinywhoop (CCW)<\/li>\n<\/ul>\n","protected":false},"excerpt":{"rendered":"<p>TBS Micro Race Props Piccole eliche Whoop (0,75 mm) Dai un&#8217;occhiata ai Race Props di TBS x Tinywhoop: sono assolutamente fantastici da far volare. Lame quadrate per una tenuta in<\/p>\n","protected":false},"featured_media":93309,"comment_status":"open","ping_status":"closed","template":"","meta":{"_joinchat":[]},"pwb-brand":[],"product_cat":[1433,1238,1697,1434],"product_tag":[],"class_list":{"0":"post-110969","1":"product","2":"type-product","3":"status-publish","4":"has-post-thumbnail","6":"product_cat-1433","7":"product_cat-eliche-fpv","8":"product_cat-microdroni-fpv","9":"product_cat-pollici","11":"first","12":"instock","13":"taxable","14":"shipping-taxable","15":"purchasable","16":"product-type-variable"},"barcode":null,"atum_controlled":true,"out_stock_date":null,"out_stock_threshold":null,"inheritable":true,"stock_on_hold":0,"sold_today":0,"sales_last_days":0,"out_stock_days":0,"lost_sales":0,"update_date":"2026-04-25T20:29:14","atum_locations":[],"atum_stock_status":"instock","restock_status":false,"low_stock_amount":"","sales_update_date":"2026-04-25T20:29:14","calc_backorders":null,"yoast_head":"<!-- This site is optimized with the Yoast SEO plugin v27.3 - https:\/\/yoast.com\/product\/yoast-seo-wordpress\/ -->\n<title>TBS Micro Race Props Piccole eliche Whoop (0,75 mm) - Iha Race<\/title>\n<meta name=\"robots\" content=\"index, follow, max-snippet:-1, max-image-preview:large, max-video-preview:-1\" \/>\n<link rel=\"canonical\" href=\"https:\/\/iha-race.com\/it\/prodotto\/oggetti-di-scena-tbs-micro-razza-oggetti-di-scena-tiny-whoop\/\" \/>\n<meta property=\"og:locale\" content=\"it_IT\" \/>\n<meta property=\"og:type\" content=\"article\" \/>\n<meta property=\"og:title\" content=\"TBS Micro Race Props Piccole eliche Whoop (0,75 mm) - Iha Race\" \/>\n<meta property=\"og:description\" content=\"TBS Micro Race Props Piccole eliche Whoop (0,75 mm) Dai un&#8217;occhiata ai Race Props di TBS x Tinywhoop: sono assolutamente fantastici da far volare. Lame quadrate per una tenuta in\" \/>\n<meta property=\"og:url\" content=\"https:\/\/iha-race.com\/it\/prodotto\/oggetti-di-scena-tbs-micro-razza-oggetti-di-scena-tiny-whoop\/\" \/>\n<meta property=\"og:site_name\" content=\"Iha Race\" \/>\n<meta property=\"article:modified_time\" content=\"2024-08-29T15:03:00+00:00\" \/>\n<meta property=\"og:image\" content=\"https:\/\/iha-race.com\/wp-content\/uploads\/2018\/07\/Helices-TBS-Micro-Race.jpg\" \/>\n\t<meta property=\"og:image:width\" content=\"800\" \/>\n\t<meta property=\"og:image:height\" content=\"800\" \/>\n\t<meta property=\"og:image:type\" content=\"image\/jpeg\" \/>\n<meta name=\"twitter:card\" content=\"summary_large_image\" \/>\n<script type=\"application\/ld+json\" class=\"yoast-schema-graph\">{\"@context\":\"https:\\\/\\\/schema.org\",\"@graph\":[{\"@type\":\"WebPage\",\"@id\":\"https:\\\/\\\/iha-race.com\\\/it\\\/prodotto\\\/oggetti-di-scena-tbs-micro-razza-oggetti-di-scena-tiny-whoop\\\/\",\"url\":\"https:\\\/\\\/iha-race.com\\\/it\\\/prodotto\\\/oggetti-di-scena-tbs-micro-razza-oggetti-di-scena-tiny-whoop\\\/\",\"name\":\"TBS Micro Race Props Piccole eliche Whoop (0,75 mm) - Iha Race\",\"isPartOf\":{\"@id\":\"https:\\\/\\\/iha-race.com\\\/it\\\/#website\"},\"primaryImageOfPage\":{\"@id\":\"https:\\\/\\\/iha-race.com\\\/it\\\/prodotto\\\/oggetti-di-scena-tbs-micro-razza-oggetti-di-scena-tiny-whoop\\\/#primaryimage\"},\"image\":{\"@id\":\"https:\\\/\\\/iha-race.com\\\/it\\\/prodotto\\\/oggetti-di-scena-tbs-micro-razza-oggetti-di-scena-tiny-whoop\\\/#primaryimage\"},\"thumbnailUrl\":\"https:\\\/\\\/iha-race.com\\\/wp-content\\\/uploads\\\/2018\\\/07\\\/Helices-TBS-Micro-Race.jpg\",\"datePublished\":\"2018-07-14T17:56:10+00:00\",\"dateModified\":\"2024-08-29T15:03:00+00:00\",\"breadcrumb\":{\"@id\":\"https:\\\/\\\/iha-race.com\\\/it\\\/prodotto\\\/oggetti-di-scena-tbs-micro-razza-oggetti-di-scena-tiny-whoop\\\/#breadcrumb\"},\"inLanguage\":\"it-IT\",\"potentialAction\":[{\"@type\":\"ReadAction\",\"target\":[\"https:\\\/\\\/iha-race.com\\\/it\\\/prodotto\\\/oggetti-di-scena-tbs-micro-razza-oggetti-di-scena-tiny-whoop\\\/\"]}]},{\"@type\":\"ImageObject\",\"inLanguage\":\"it-IT\",\"@id\":\"https:\\\/\\\/iha-race.com\\\/it\\\/prodotto\\\/oggetti-di-scena-tbs-micro-razza-oggetti-di-scena-tiny-whoop\\\/#primaryimage\",\"url\":\"https:\\\/\\\/iha-race.com\\\/wp-content\\\/uploads\\\/2018\\\/07\\\/Helices-TBS-Micro-Race.jpg\",\"contentUrl\":\"https:\\\/\\\/iha-race.com\\\/wp-content\\\/uploads\\\/2018\\\/07\\\/Helices-TBS-Micro-Race.jpg\",\"width\":800,\"height\":800,\"caption\":\"Eliche TBS Micro Race\"},{\"@type\":\"BreadcrumbList\",\"@id\":\"https:\\\/\\\/iha-race.com\\\/it\\\/prodotto\\\/oggetti-di-scena-tbs-micro-razza-oggetti-di-scena-tiny-whoop\\\/#breadcrumb\",\"itemListElement\":[{\"@type\":\"ListItem\",\"position\":1,\"name\":\"Portada\",\"item\":\"https:\\\/\\\/iha-race.com\\\/it\\\/\"},{\"@type\":\"ListItem\",\"position\":2,\"name\":\"Negozio\",\"item\":\"https:\\\/\\\/iha-race.com\\\/it\\\/negozio\\\/\"},{\"@type\":\"ListItem\",\"position\":3,\"name\":\"TBS Micro Race Props Piccole eliche Whoop (0,75 mm)\"}]},{\"@type\":\"WebSite\",\"@id\":\"https:\\\/\\\/iha-race.com\\\/it\\\/#website\",\"url\":\"https:\\\/\\\/iha-race.com\\\/it\\\/\",\"name\":\"Iha Race\",\"description\":\"Comprar drones de carreras FPV env\u00edos en un d\u00eda desde Espa\u00f1a\",\"publisher\":{\"@id\":\"https:\\\/\\\/iha-race.com\\\/it\\\/#organization\"},\"potentialAction\":[{\"@type\":\"SearchAction\",\"target\":{\"@type\":\"EntryPoint\",\"urlTemplate\":\"https:\\\/\\\/iha-race.com\\\/it\\\/?s={search_term_string}\"},\"query-input\":{\"@type\":\"PropertyValueSpecification\",\"valueRequired\":true,\"valueName\":\"search_term_string\"}}],\"inLanguage\":\"it-IT\"},{\"@type\":\"Organization\",\"@id\":\"https:\\\/\\\/iha-race.com\\\/it\\\/#organization\",\"name\":\"Iha Race\",\"url\":\"https:\\\/\\\/iha-race.com\\\/it\\\/\",\"logo\":{\"@type\":\"ImageObject\",\"inLanguage\":\"it-IT\",\"@id\":\"https:\\\/\\\/iha-race.com\\\/it\\\/#\\\/schema\\\/logo\\\/image\\\/\",\"url\":\"https:\\\/\\\/iha-race.com\\\/wp-content\\\/uploads\\\/2018\\\/07\\\/iha-race-drones-de-carreras-tienda-comprar-drones.png\",\"contentUrl\":\"https:\\\/\\\/iha-race.com\\\/wp-content\\\/uploads\\\/2018\\\/07\\\/iha-race-drones-de-carreras-tienda-comprar-drones.png\",\"width\":300,\"height\":100,\"caption\":\"Iha Race\"},\"image\":{\"@id\":\"https:\\\/\\\/iha-race.com\\\/it\\\/#\\\/schema\\\/logo\\\/image\\\/\"}}]}<\/script>\n<!-- \/ Yoast SEO plugin. -->","yoast_head_json":{"title":"TBS Micro Race Props Piccole eliche Whoop (0,75 mm) - Iha Race","robots":{"index":"index","follow":"follow","max-snippet":"max-snippet:-1","max-image-preview":"max-image-preview:large","max-video-preview":"max-video-preview:-1"},"canonical":"https:\/\/iha-race.com\/it\/prodotto\/oggetti-di-scena-tbs-micro-razza-oggetti-di-scena-tiny-whoop\/","og_locale":"it_IT","og_type":"article","og_title":"TBS Micro Race Props Piccole eliche Whoop (0,75 mm) - Iha Race","og_description":"TBS Micro Race Props Piccole eliche Whoop (0,75 mm) Dai un&#8217;occhiata ai Race Props di TBS x Tinywhoop: sono assolutamente fantastici da far volare. Lame quadrate per una tenuta in","og_url":"https:\/\/iha-race.com\/it\/prodotto\/oggetti-di-scena-tbs-micro-razza-oggetti-di-scena-tiny-whoop\/","og_site_name":"Iha Race","article_modified_time":"2024-08-29T15:03:00+00:00","og_image":[{"width":800,"height":800,"url":"https:\/\/iha-race.com\/wp-content\/uploads\/2018\/07\/Helices-TBS-Micro-Race.jpg","type":"image\/jpeg"}],"twitter_card":"summary_large_image","schema":{"@context":"https:\/\/schema.org","@graph":[{"@type":"WebPage","@id":"https:\/\/iha-race.com\/it\/prodotto\/oggetti-di-scena-tbs-micro-razza-oggetti-di-scena-tiny-whoop\/","url":"https:\/\/iha-race.com\/it\/prodotto\/oggetti-di-scena-tbs-micro-razza-oggetti-di-scena-tiny-whoop\/","name":"TBS Micro Race Props Piccole eliche Whoop (0,75 mm) - Iha Race","isPartOf":{"@id":"https:\/\/iha-race.com\/it\/#website"},"primaryImageOfPage":{"@id":"https:\/\/iha-race.com\/it\/prodotto\/oggetti-di-scena-tbs-micro-razza-oggetti-di-scena-tiny-whoop\/#primaryimage"},"image":{"@id":"https:\/\/iha-race.com\/it\/prodotto\/oggetti-di-scena-tbs-micro-razza-oggetti-di-scena-tiny-whoop\/#primaryimage"},"thumbnailUrl":"https:\/\/iha-race.com\/wp-content\/uploads\/2018\/07\/Helices-TBS-Micro-Race.jpg","datePublished":"2018-07-14T17:56:10+00:00","dateModified":"2024-08-29T15:03:00+00:00","breadcrumb":{"@id":"https:\/\/iha-race.com\/it\/prodotto\/oggetti-di-scena-tbs-micro-razza-oggetti-di-scena-tiny-whoop\/#breadcrumb"},"inLanguage":"it-IT","potentialAction":[{"@type":"ReadAction","target":["https:\/\/iha-race.com\/it\/prodotto\/oggetti-di-scena-tbs-micro-razza-oggetti-di-scena-tiny-whoop\/"]}]},{"@type":"ImageObject","inLanguage":"it-IT","@id":"https:\/\/iha-race.com\/it\/prodotto\/oggetti-di-scena-tbs-micro-razza-oggetti-di-scena-tiny-whoop\/#primaryimage","url":"https:\/\/iha-race.com\/wp-content\/uploads\/2018\/07\/Helices-TBS-Micro-Race.jpg","contentUrl":"https:\/\/iha-race.com\/wp-content\/uploads\/2018\/07\/Helices-TBS-Micro-Race.jpg","width":800,"height":800,"caption":"Eliche TBS Micro Race"},{"@type":"BreadcrumbList","@id":"https:\/\/iha-race.com\/it\/prodotto\/oggetti-di-scena-tbs-micro-razza-oggetti-di-scena-tiny-whoop\/#breadcrumb","itemListElement":[{"@type":"ListItem","position":1,"name":"Portada","item":"https:\/\/iha-race.com\/it\/"},{"@type":"ListItem","position":2,"name":"Negozio","item":"https:\/\/iha-race.com\/it\/negozio\/"},{"@type":"ListItem","position":3,"name":"TBS Micro Race Props Piccole eliche Whoop (0,75 mm)"}]},{"@type":"WebSite","@id":"https:\/\/iha-race.com\/it\/#website","url":"https:\/\/iha-race.com\/it\/","name":"Iha Race","description":"Comprar drones de carreras FPV env\u00edos en un d\u00eda desde Espa\u00f1a","publisher":{"@id":"https:\/\/iha-race.com\/it\/#organization"},"potentialAction":[{"@type":"SearchAction","target":{"@type":"EntryPoint","urlTemplate":"https:\/\/iha-race.com\/it\/?s={search_term_string}"},"query-input":{"@type":"PropertyValueSpecification","valueRequired":true,"valueName":"search_term_string"}}],"inLanguage":"it-IT"},{"@type":"Organization","@id":"https:\/\/iha-race.com\/it\/#organization","name":"Iha Race","url":"https:\/\/iha-race.com\/it\/","logo":{"@type":"ImageObject","inLanguage":"it-IT","@id":"https:\/\/iha-race.com\/it\/#\/schema\/logo\/image\/","url":"https:\/\/iha-race.com\/wp-content\/uploads\/2018\/07\/iha-race-drones-de-carreras-tienda-comprar-drones.png","contentUrl":"https:\/\/iha-race.com\/wp-content\/uploads\/2018\/07\/iha-race-drones-de-carreras-tienda-comprar-drones.png","width":300,"height":100,"caption":"Iha Race"},"image":{"@id":"https:\/\/iha-race.com\/it\/#\/schema\/logo\/image\/"}}]}},"jetpack_sharing_enabled":true,"brands":[],"_links":{"self":[{"href":"https:\/\/iha-race.com\/it\/wp-json\/wp\/v2\/product\/110969","targetHints":{"allow":["GET"]}}],"collection":[{"href":"https:\/\/iha-race.com\/it\/wp-json\/wp\/v2\/product"}],"about":[{"href":"https:\/\/iha-race.com\/it\/wp-json\/wp\/v2\/types\/product"}],"replies":[{"embeddable":true,"href":"https:\/\/iha-race.com\/it\/wp-json\/wp\/v2\/comments?post=110969"}],"version-history":[{"count":2,"href":"https:\/\/iha-race.com\/it\/wp-json\/wp\/v2\/product\/110969\/revisions"}],"predecessor-version":[{"id":250639,"href":"https:\/\/iha-race.com\/it\/wp-json\/wp\/v2\/product\/110969\/revisions\/250639"}],"wp:featuredmedia":[{"embeddable":true,"href":"https:\/\/iha-race.com\/it\/wp-json\/wp\/v2\/media\/93309"}],"wp:attachment":[{"href":"https:\/\/iha-race.com\/it\/wp-json\/wp\/v2\/media?parent=110969"}],"wp:term":[{"taxonomy":"pwb-brand","embeddable":true,"href":"https:\/\/iha-race.com\/it\/wp-json\/wp\/v2\/pwb-brand?post=110969"},{"taxonomy":"product_cat","embeddable":true,"href":"https:\/\/iha-race.com\/it\/wp-json\/wp\/v2\/product_cat?post=110969"},{"taxonomy":"product_tag","embeddable":true,"href":"https:\/\/iha-race.com\/it\/wp-json\/wp\/v2\/product_tag?post=110969"}],"curies":[{"name":"wp","href":"https:\/\/api.w.org\/{rel}","templated":true}]}}