{"id":110862,"date":"2018-07-14T19:10:14","date_gmt":"2018-07-14T17:10:14","guid":{"rendered":"https:\/\/iha-race.com\/producto\/drone-rx130-fc-130-mm-fpv-racing-matek-pdb-xt60\/"},"modified":"2024-09-02T14:03:11","modified_gmt":"2024-09-02T12:03:11","slug":"drone-rx130-fc-130-mm-fpv-racing-matek-pdb-xt60-2","status":"publish","type":"product","link":"https:\/\/iha-race.com\/it\/prodotto\/drone-rx130-fc-130-mm-fpv-racing-matek-pdb-xt60-2\/","title":{"rendered":"Drone RX130 FC 130 mm FPV Racing + Matek PDB XT60"},"content":{"rendered":"<h3>Drone RX130 FC 130 mm FPV Racing + Matek PDB XT60<\/h3>\n<p><strong>Specifiche:<\/strong><\/p>\n<ul>\n<li>Nome articolo: RX130 Telaio pieghevole in fibra di carbonio<\/li>\n<li>Interasse: 130 mm<\/li>\n<li>Braccio: 3 mm<\/li>\n<li>Piastra di equipaggiamento: 2 mm<\/li>\n<li>Motore supportato: 1104 1306<\/li>\n<li>Elica supportata: 120 mm (interasse 3 pollici)<\/li>\n<\/ul>\n<p><strong>Include:<\/strong><\/p>\n<ul>\n<li>1* Telaio pieghevole in fibra di carbonio RX130<\/li>\n<li>1* Piastra PDB<\/li>\n<li>1* Spina XT60<\/li>\n<\/ul>\n<div class=\"main1box\">\n<div id=\"main1\" class=\"newmain\">\n<ul>\n<li>\n<\/li>\n<\/ul>\n<\/div>\n<p>  Struttura in fibra di carbonio di alta qualit\u00e0 ed eccellente durezza, in grado di resistere a impatti elevati.  <\/p><\/div>\n","protected":false},"excerpt":{"rendered":"<p>Drone RX130 FC 130 mm FPV Racing + Matek PDB XT60 Specifiche: Nome articolo: RX130 Telaio pieghevole in fibra di carbonio Interasse: 130 mm Braccio: 3 mm Piastra di equipaggiamento:<\/p>\n","protected":false},"featured_media":96425,"comment_status":"open","ping_status":"closed","template":"","meta":{"_joinchat":[]},"pwb-brand":[],"product_cat":[1152],"product_tag":[],"class_list":{"0":"post-110862","1":"product","2":"type-product","3":"status-publish","4":"has-post-thumbnail","6":"product_cat-uscita","8":"first","9":"instock","10":"taxable","11":"shipping-taxable","12":"purchasable","13":"product-type-simple"},"barcode":null,"atum_controlled":true,"out_stock_date":null,"out_stock_threshold":null,"inheritable":false,"stock_on_hold":0,"sold_today":0,"sales_last_days":0,"out_stock_days":0,"lost_sales":0,"update_date":"2026-04-18T17:57:52","atum_locations":[],"atum_stock_status":"instock","restock_status":false,"low_stock_amount":"","sales_update_date":"2026-04-18T17:57:52","calc_backorders":null,"yoast_head":"<!-- This site is optimized with the Yoast SEO plugin v27.3 - https:\/\/yoast.com\/product\/yoast-seo-wordpress\/ -->\n<title>Drone RX130 FC 130 mm FPV Racing + Matek PDB XT60 - Iha Race<\/title>\n<meta name=\"robots\" content=\"index, follow, max-snippet:-1, max-image-preview:large, max-video-preview:-1\" \/>\n<link rel=\"canonical\" href=\"https:\/\/iha-race.com\/it\/prodotto\/drone-rx130-fc-130-mm-fpv-racing-matek-pdb-xt60-2\/\" \/>\n<meta property=\"og:locale\" content=\"it_IT\" \/>\n<meta property=\"og:type\" content=\"article\" \/>\n<meta property=\"og:title\" content=\"Drone RX130 FC 130 mm FPV Racing + Matek PDB XT60 - Iha Race\" \/>\n<meta property=\"og:description\" content=\"Drone RX130 FC 130 mm FPV Racing + Matek PDB XT60 Specifiche: Nome articolo: RX130 Telaio pieghevole in fibra di carbonio Interasse: 130 mm Braccio: 3 mm Piastra di equipaggiamento:\" \/>\n<meta property=\"og:url\" content=\"https:\/\/iha-race.com\/it\/prodotto\/drone-rx130-fc-130-mm-fpv-racing-matek-pdb-xt60-2\/\" \/>\n<meta property=\"og:site_name\" content=\"Iha Race\" \/>\n<meta property=\"article:modified_time\" content=\"2024-09-02T12:03:11+00:00\" \/>\n<meta property=\"og:image\" content=\"https:\/\/iha-race.com\/wp-content\/uploads\/2018\/07\/drones-fpv-rx130-fc-comprar-barato-espan\u0303a-online-tienda-de-drones-fpv-1.jpg\" \/>\n\t<meta property=\"og:image:width\" content=\"800\" \/>\n\t<meta property=\"og:image:height\" content=\"800\" \/>\n\t<meta property=\"og:image:type\" content=\"image\/jpeg\" \/>\n<meta name=\"twitter:card\" content=\"summary_large_image\" \/>\n<script type=\"application\/ld+json\" class=\"yoast-schema-graph\">{\"@context\":\"https:\\\/\\\/schema.org\",\"@graph\":[{\"@type\":\"WebPage\",\"@id\":\"https:\\\/\\\/iha-race.com\\\/it\\\/prodotto\\\/drone-rx130-fc-130-mm-fpv-racing-matek-pdb-xt60-2\\\/\",\"url\":\"https:\\\/\\\/iha-race.com\\\/it\\\/prodotto\\\/drone-rx130-fc-130-mm-fpv-racing-matek-pdb-xt60-2\\\/\",\"name\":\"Drone RX130 FC 130 mm FPV Racing + Matek PDB XT60 - Iha Race\",\"isPartOf\":{\"@id\":\"https:\\\/\\\/iha-race.com\\\/it\\\/#website\"},\"primaryImageOfPage\":{\"@id\":\"https:\\\/\\\/iha-race.com\\\/it\\\/prodotto\\\/drone-rx130-fc-130-mm-fpv-racing-matek-pdb-xt60-2\\\/#primaryimage\"},\"image\":{\"@id\":\"https:\\\/\\\/iha-race.com\\\/it\\\/prodotto\\\/drone-rx130-fc-130-mm-fpv-racing-matek-pdb-xt60-2\\\/#primaryimage\"},\"thumbnailUrl\":\"https:\\\/\\\/iha-race.com\\\/wp-content\\\/uploads\\\/2018\\\/07\\\/drones-fpv-rx130-fc-comprar-barato-espan\u0303a-online-tienda-de-drones-fpv-1.jpg\",\"datePublished\":\"2018-07-14T17:10:14+00:00\",\"dateModified\":\"2024-09-02T12:03:11+00:00\",\"breadcrumb\":{\"@id\":\"https:\\\/\\\/iha-race.com\\\/it\\\/prodotto\\\/drone-rx130-fc-130-mm-fpv-racing-matek-pdb-xt60-2\\\/#breadcrumb\"},\"inLanguage\":\"it-IT\",\"potentialAction\":[{\"@type\":\"ReadAction\",\"target\":[\"https:\\\/\\\/iha-race.com\\\/it\\\/prodotto\\\/drone-rx130-fc-130-mm-fpv-racing-matek-pdb-xt60-2\\\/\"]}]},{\"@type\":\"ImageObject\",\"inLanguage\":\"it-IT\",\"@id\":\"https:\\\/\\\/iha-race.com\\\/it\\\/prodotto\\\/drone-rx130-fc-130-mm-fpv-racing-matek-pdb-xt60-2\\\/#primaryimage\",\"url\":\"https:\\\/\\\/iha-race.com\\\/wp-content\\\/uploads\\\/2018\\\/07\\\/drones-fpv-rx130-fc-comprar-barato-espan\u0303a-online-tienda-de-drones-fpv-1.jpg\",\"contentUrl\":\"https:\\\/\\\/iha-race.com\\\/wp-content\\\/uploads\\\/2018\\\/07\\\/drones-fpv-rx130-fc-comprar-barato-espan\u0303a-online-tienda-de-drones-fpv-1.jpg\",\"width\":800,\"height\":800,\"caption\":\"droni-fpv-rx130-fc-acquistare-cheap-spain-online-droni-fpv-drone-shop\"},{\"@type\":\"BreadcrumbList\",\"@id\":\"https:\\\/\\\/iha-race.com\\\/it\\\/prodotto\\\/drone-rx130-fc-130-mm-fpv-racing-matek-pdb-xt60-2\\\/#breadcrumb\",\"itemListElement\":[{\"@type\":\"ListItem\",\"position\":1,\"name\":\"Portada\",\"item\":\"https:\\\/\\\/iha-race.com\\\/it\\\/\"},{\"@type\":\"ListItem\",\"position\":2,\"name\":\"Negozio\",\"item\":\"https:\\\/\\\/iha-race.com\\\/it\\\/negozio\\\/\"},{\"@type\":\"ListItem\",\"position\":3,\"name\":\"Drone RX130 FC 130 mm FPV Racing + Matek PDB XT60\"}]},{\"@type\":\"WebSite\",\"@id\":\"https:\\\/\\\/iha-race.com\\\/it\\\/#website\",\"url\":\"https:\\\/\\\/iha-race.com\\\/it\\\/\",\"name\":\"Iha Race\",\"description\":\"Comprar drones de carreras FPV env\u00edos en un d\u00eda desde Espa\u00f1a\",\"publisher\":{\"@id\":\"https:\\\/\\\/iha-race.com\\\/it\\\/#organization\"},\"potentialAction\":[{\"@type\":\"SearchAction\",\"target\":{\"@type\":\"EntryPoint\",\"urlTemplate\":\"https:\\\/\\\/iha-race.com\\\/it\\\/?s={search_term_string}\"},\"query-input\":{\"@type\":\"PropertyValueSpecification\",\"valueRequired\":true,\"valueName\":\"search_term_string\"}}],\"inLanguage\":\"it-IT\"},{\"@type\":\"Organization\",\"@id\":\"https:\\\/\\\/iha-race.com\\\/it\\\/#organization\",\"name\":\"Iha Race\",\"url\":\"https:\\\/\\\/iha-race.com\\\/it\\\/\",\"logo\":{\"@type\":\"ImageObject\",\"inLanguage\":\"it-IT\",\"@id\":\"https:\\\/\\\/iha-race.com\\\/it\\\/#\\\/schema\\\/logo\\\/image\\\/\",\"url\":\"https:\\\/\\\/iha-race.com\\\/wp-content\\\/uploads\\\/2018\\\/07\\\/iha-race-drones-de-carreras-tienda-comprar-drones.png\",\"contentUrl\":\"https:\\\/\\\/iha-race.com\\\/wp-content\\\/uploads\\\/2018\\\/07\\\/iha-race-drones-de-carreras-tienda-comprar-drones.png\",\"width\":300,\"height\":100,\"caption\":\"Iha Race\"},\"image\":{\"@id\":\"https:\\\/\\\/iha-race.com\\\/it\\\/#\\\/schema\\\/logo\\\/image\\\/\"}}]}<\/script>\n<!-- \/ Yoast SEO plugin. -->","yoast_head_json":{"title":"Drone RX130 FC 130 mm FPV Racing + Matek PDB XT60 - Iha Race","robots":{"index":"index","follow":"follow","max-snippet":"max-snippet:-1","max-image-preview":"max-image-preview:large","max-video-preview":"max-video-preview:-1"},"canonical":"https:\/\/iha-race.com\/it\/prodotto\/drone-rx130-fc-130-mm-fpv-racing-matek-pdb-xt60-2\/","og_locale":"it_IT","og_type":"article","og_title":"Drone RX130 FC 130 mm FPV Racing + Matek PDB XT60 - Iha Race","og_description":"Drone RX130 FC 130 mm FPV Racing + Matek PDB XT60 Specifiche: Nome articolo: RX130 Telaio pieghevole in fibra di carbonio Interasse: 130 mm Braccio: 3 mm Piastra di equipaggiamento:","og_url":"https:\/\/iha-race.com\/it\/prodotto\/drone-rx130-fc-130-mm-fpv-racing-matek-pdb-xt60-2\/","og_site_name":"Iha Race","article_modified_time":"2024-09-02T12:03:11+00:00","og_image":[{"width":800,"height":800,"url":"https:\/\/iha-race.com\/wp-content\/uploads\/2018\/07\/drones-fpv-rx130-fc-comprar-barato-espan\u0303a-online-tienda-de-drones-fpv-1.jpg","type":"image\/jpeg"}],"twitter_card":"summary_large_image","schema":{"@context":"https:\/\/schema.org","@graph":[{"@type":"WebPage","@id":"https:\/\/iha-race.com\/it\/prodotto\/drone-rx130-fc-130-mm-fpv-racing-matek-pdb-xt60-2\/","url":"https:\/\/iha-race.com\/it\/prodotto\/drone-rx130-fc-130-mm-fpv-racing-matek-pdb-xt60-2\/","name":"Drone RX130 FC 130 mm FPV Racing + Matek PDB XT60 - Iha Race","isPartOf":{"@id":"https:\/\/iha-race.com\/it\/#website"},"primaryImageOfPage":{"@id":"https:\/\/iha-race.com\/it\/prodotto\/drone-rx130-fc-130-mm-fpv-racing-matek-pdb-xt60-2\/#primaryimage"},"image":{"@id":"https:\/\/iha-race.com\/it\/prodotto\/drone-rx130-fc-130-mm-fpv-racing-matek-pdb-xt60-2\/#primaryimage"},"thumbnailUrl":"https:\/\/iha-race.com\/wp-content\/uploads\/2018\/07\/drones-fpv-rx130-fc-comprar-barato-espan\u0303a-online-tienda-de-drones-fpv-1.jpg","datePublished":"2018-07-14T17:10:14+00:00","dateModified":"2024-09-02T12:03:11+00:00","breadcrumb":{"@id":"https:\/\/iha-race.com\/it\/prodotto\/drone-rx130-fc-130-mm-fpv-racing-matek-pdb-xt60-2\/#breadcrumb"},"inLanguage":"it-IT","potentialAction":[{"@type":"ReadAction","target":["https:\/\/iha-race.com\/it\/prodotto\/drone-rx130-fc-130-mm-fpv-racing-matek-pdb-xt60-2\/"]}]},{"@type":"ImageObject","inLanguage":"it-IT","@id":"https:\/\/iha-race.com\/it\/prodotto\/drone-rx130-fc-130-mm-fpv-racing-matek-pdb-xt60-2\/#primaryimage","url":"https:\/\/iha-race.com\/wp-content\/uploads\/2018\/07\/drones-fpv-rx130-fc-comprar-barato-espan\u0303a-online-tienda-de-drones-fpv-1.jpg","contentUrl":"https:\/\/iha-race.com\/wp-content\/uploads\/2018\/07\/drones-fpv-rx130-fc-comprar-barato-espan\u0303a-online-tienda-de-drones-fpv-1.jpg","width":800,"height":800,"caption":"droni-fpv-rx130-fc-acquistare-cheap-spain-online-droni-fpv-drone-shop"},{"@type":"BreadcrumbList","@id":"https:\/\/iha-race.com\/it\/prodotto\/drone-rx130-fc-130-mm-fpv-racing-matek-pdb-xt60-2\/#breadcrumb","itemListElement":[{"@type":"ListItem","position":1,"name":"Portada","item":"https:\/\/iha-race.com\/it\/"},{"@type":"ListItem","position":2,"name":"Negozio","item":"https:\/\/iha-race.com\/it\/negozio\/"},{"@type":"ListItem","position":3,"name":"Drone RX130 FC 130 mm FPV Racing + Matek PDB XT60"}]},{"@type":"WebSite","@id":"https:\/\/iha-race.com\/it\/#website","url":"https:\/\/iha-race.com\/it\/","name":"Iha Race","description":"Comprar drones de carreras FPV env\u00edos en un d\u00eda desde Espa\u00f1a","publisher":{"@id":"https:\/\/iha-race.com\/it\/#organization"},"potentialAction":[{"@type":"SearchAction","target":{"@type":"EntryPoint","urlTemplate":"https:\/\/iha-race.com\/it\/?s={search_term_string}"},"query-input":{"@type":"PropertyValueSpecification","valueRequired":true,"valueName":"search_term_string"}}],"inLanguage":"it-IT"},{"@type":"Organization","@id":"https:\/\/iha-race.com\/it\/#organization","name":"Iha Race","url":"https:\/\/iha-race.com\/it\/","logo":{"@type":"ImageObject","inLanguage":"it-IT","@id":"https:\/\/iha-race.com\/it\/#\/schema\/logo\/image\/","url":"https:\/\/iha-race.com\/wp-content\/uploads\/2018\/07\/iha-race-drones-de-carreras-tienda-comprar-drones.png","contentUrl":"https:\/\/iha-race.com\/wp-content\/uploads\/2018\/07\/iha-race-drones-de-carreras-tienda-comprar-drones.png","width":300,"height":100,"caption":"Iha Race"},"image":{"@id":"https:\/\/iha-race.com\/it\/#\/schema\/logo\/image\/"}}]}},"jetpack_sharing_enabled":true,"brands":[],"_links":{"self":[{"href":"https:\/\/iha-race.com\/it\/wp-json\/wp\/v2\/product\/110862","targetHints":{"allow":["GET"]}}],"collection":[{"href":"https:\/\/iha-race.com\/it\/wp-json\/wp\/v2\/product"}],"about":[{"href":"https:\/\/iha-race.com\/it\/wp-json\/wp\/v2\/types\/product"}],"replies":[{"embeddable":true,"href":"https:\/\/iha-race.com\/it\/wp-json\/wp\/v2\/comments?post=110862"}],"version-history":[{"count":1,"href":"https:\/\/iha-race.com\/it\/wp-json\/wp\/v2\/product\/110862\/revisions"}],"predecessor-version":[{"id":250864,"href":"https:\/\/iha-race.com\/it\/wp-json\/wp\/v2\/product\/110862\/revisions\/250864"}],"wp:featuredmedia":[{"embeddable":true,"href":"https:\/\/iha-race.com\/it\/wp-json\/wp\/v2\/media\/96425"}],"wp:attachment":[{"href":"https:\/\/iha-race.com\/it\/wp-json\/wp\/v2\/media?parent=110862"}],"wp:term":[{"taxonomy":"pwb-brand","embeddable":true,"href":"https:\/\/iha-race.com\/it\/wp-json\/wp\/v2\/pwb-brand?post=110862"},{"taxonomy":"product_cat","embeddable":true,"href":"https:\/\/iha-race.com\/it\/wp-json\/wp\/v2\/product_cat?post=110862"},{"taxonomy":"product_tag","embeddable":true,"href":"https:\/\/iha-race.com\/it\/wp-json\/wp\/v2\/product_tag?post=110862"}],"curies":[{"name":"wp","href":"https:\/\/api.w.org\/{rel}","templated":true}]}}