{"id":110826,"date":"2018-07-14T17:29:50","date_gmt":"2018-07-14T15:29:50","guid":{"rendered":"https:\/\/iha-race.com\/producto\/caricabatterie-bilanciatore-skyrc-e430-per-batterie-lipo-da-30w\/"},"modified":"2024-09-02T14:03:13","modified_gmt":"2024-09-02T12:03:13","slug":"caricabatterie-balancer-skyrc-e430-per-lipo-30w-batterie","status":"publish","type":"product","link":"https:\/\/iha-race.com\/it\/prodotto\/caricabatterie-balancer-skyrc-e430-per-lipo-30w-batterie\/","title":{"rendered":"Caricabatterie\/bilanciatore SKYRC e430 per batterie Lipo da 30W"},"content":{"rendered":"<h3>Caricabatterie\/bilanciatore SKYRC e430 per batterie Lipo da 30W<\/h3>\n<p>  Il caricabatterie SkyRC e430 \u00e8 un caricatore economico e di alta qualit\u00e0 da 100-240V AC, progettato per caricare batterie LiPo e LiFe a 2-4 celle in modalit\u00e0 di bilanciamento. La potenza del circuito \u00e8 di 30W e la corrente di carico massima pu\u00f2 raggiungere i 3A. Sono disponibili tre tipi di corrente di carica 1A \/ 2A \/ 3A selezionabili. Puoi selezionare la corrente di carica appropriata in base alla capacit\u00e0 della batteria.  <span id=\"result_box\" class=\"\" lang=\"es\"><span class=\"\">Il  <\/span><\/span><span id=\"result_box\" class=\"\" lang=\"es\"><span class=\"\">SKYRC E430 Charger Balancer rende la ricarica delle batterie Lipo e Life pi\u00f9 facile che mai. Limiti di corrente 1, 2 o 3A, \u00e8 sufficiente collegare la batteria all&#8217;E430 per avviare automaticamente la ricarica. La corrente di carica massima \u00e8 di 2A (fino a 30 W).<\/span><\/span><\/p>\n<p><strong>Specifiche:<\/strong><\/p>\n<ul>\n<li>Facile da usare<\/li>\n<li>Dimensioni compatte<\/li>\n<li>Ricarica automatica da 2S a 4S<\/li>\n<li><span class=\"\">Velocit\u00e0 di ricarica fino a 3A (max. 30 W)<\/span><\/li>\n<li>Tensione di funzionamento: 110\/220v AC<\/li>\n<li>Carico di potenza: 30W massimo<\/li>\n<li>Corrente di carica: 3A max; <span class=\"\">il processo di carica monitora continuamente la capacit\u00e0 della batteria e regola la corrente di carica in base alle esigenze<\/span>.<\/li>\n<li>Corrente di equilibrio: 200mA per cella<\/li>\n<li><span class=\"\">Tipo di cellule Lipo\/Life: 2 &#8211; 4 cellule<\/span><\/li>\n<\/ul>\n<p>&nbsp;<\/p>\n<p><a href=\"https:\/\/iha-race.com\/wp-content\/uploads\/2018\/01\/skyrc-e430-charger-6.jpg\"><img fetchpriority=\"high\" decoding=\"async\" class=\" wp-image-6224\" src=\"https:\/\/iha-race.com\/wp-content\/uploads\/2018\/01\/skyrc-e430-charger-6.jpg\" alt=\"\" width=\"946\" height=\"619\"><\/a><\/p>\n","protected":false},"excerpt":{"rendered":"<p>Caricabatterie\/bilanciatore SKYRC e430 per batterie Lipo da 30W Il caricabatterie SkyRC e430 \u00e8 un caricatore economico e di alta qualit\u00e0 da 100-240V AC, progettato per caricare batterie LiPo e LiFe<\/p>\n","protected":false},"featured_media":96498,"comment_status":"open","ping_status":"closed","template":"","meta":{"_joinchat":[]},"pwb-brand":[],"product_cat":[1067],"product_tag":[],"class_list":{"0":"post-110826","1":"product","2":"type-product","3":"status-publish","4":"has-post-thumbnail","6":"product_cat-caricatori","8":"first","9":"instock","10":"taxable","11":"shipping-taxable","12":"purchasable","13":"product-type-simple"},"barcode":null,"atum_controlled":true,"out_stock_date":null,"out_stock_threshold":null,"inheritable":false,"stock_on_hold":0,"sold_today":0,"sales_last_days":0,"out_stock_days":0,"lost_sales":0,"update_date":"2026-04-18T09:22:04","atum_locations":[],"atum_stock_status":"instock","restock_status":false,"low_stock_amount":0,"sales_update_date":"2026-04-18T09:22:04","calc_backorders":null,"yoast_head":"<!-- This site is optimized with the Yoast SEO plugin v27.3 - https:\/\/yoast.com\/product\/yoast-seo-wordpress\/ -->\n<title>Caricabatterie\/bilanciatore SKYRC e430 per batterie Lipo da 30W - Iha Race<\/title>\n<meta name=\"robots\" content=\"index, follow, max-snippet:-1, max-image-preview:large, max-video-preview:-1\" \/>\n<link rel=\"canonical\" href=\"https:\/\/iha-race.com\/it\/prodotto\/caricabatterie-balancer-skyrc-e430-per-lipo-30w-batterie\/\" \/>\n<meta property=\"og:locale\" content=\"it_IT\" \/>\n<meta property=\"og:type\" content=\"article\" \/>\n<meta property=\"og:title\" content=\"Caricabatterie\/bilanciatore SKYRC e430 per batterie Lipo da 30W - Iha Race\" \/>\n<meta property=\"og:description\" content=\"Caricabatterie\/bilanciatore SKYRC e430 per batterie Lipo da 30W Il caricabatterie SkyRC e430 \u00e8 un caricatore economico e di alta qualit\u00e0 da 100-240V AC, progettato per caricare batterie LiPo e LiFe\" \/>\n<meta property=\"og:url\" content=\"https:\/\/iha-race.com\/it\/prodotto\/caricabatterie-balancer-skyrc-e430-per-lipo-30w-batterie\/\" \/>\n<meta property=\"og:site_name\" content=\"Iha Race\" \/>\n<meta property=\"article:modified_time\" content=\"2024-09-02T12:03:13+00:00\" \/>\n<meta property=\"og:image\" content=\"https:\/\/iha-race.com\/wp-content\/uploads\/2018\/07\/cargador-balanceador-skyrc-e430-baterias-lipo-30w-comprar-barato-1.jpg\" \/>\n\t<meta property=\"og:image:width\" content=\"800\" \/>\n\t<meta property=\"og:image:height\" content=\"800\" \/>\n\t<meta property=\"og:image:type\" content=\"image\/jpeg\" \/>\n<meta name=\"twitter:card\" content=\"summary_large_image\" \/>\n<meta name=\"twitter:label1\" content=\"Tempo di lettura stimato\" \/>\n\t<meta name=\"twitter:data1\" content=\"1 minuto\" \/>\n<script type=\"application\/ld+json\" class=\"yoast-schema-graph\">{\"@context\":\"https:\\\/\\\/schema.org\",\"@graph\":[{\"@type\":\"WebPage\",\"@id\":\"https:\\\/\\\/iha-race.com\\\/it\\\/prodotto\\\/caricabatterie-balancer-skyrc-e430-per-lipo-30w-batterie\\\/\",\"url\":\"https:\\\/\\\/iha-race.com\\\/it\\\/prodotto\\\/caricabatterie-balancer-skyrc-e430-per-lipo-30w-batterie\\\/\",\"name\":\"Caricabatterie\\\/bilanciatore SKYRC e430 per batterie Lipo da 30W - Iha Race\",\"isPartOf\":{\"@id\":\"https:\\\/\\\/iha-race.com\\\/it\\\/#website\"},\"primaryImageOfPage\":{\"@id\":\"https:\\\/\\\/iha-race.com\\\/it\\\/prodotto\\\/caricabatterie-balancer-skyrc-e430-per-lipo-30w-batterie\\\/#primaryimage\"},\"image\":{\"@id\":\"https:\\\/\\\/iha-race.com\\\/it\\\/prodotto\\\/caricabatterie-balancer-skyrc-e430-per-lipo-30w-batterie\\\/#primaryimage\"},\"thumbnailUrl\":\"https:\\\/\\\/iha-race.com\\\/wp-content\\\/uploads\\\/2018\\\/07\\\/cargador-balanceador-skyrc-e430-baterias-lipo-30w-comprar-barato-1.jpg\",\"datePublished\":\"2018-07-14T15:29:50+00:00\",\"dateModified\":\"2024-09-02T12:03:13+00:00\",\"breadcrumb\":{\"@id\":\"https:\\\/\\\/iha-race.com\\\/it\\\/prodotto\\\/caricabatterie-balancer-skyrc-e430-per-lipo-30w-batterie\\\/#breadcrumb\"},\"inLanguage\":\"it-IT\",\"potentialAction\":[{\"@type\":\"ReadAction\",\"target\":[\"https:\\\/\\\/iha-race.com\\\/it\\\/prodotto\\\/caricabatterie-balancer-skyrc-e430-per-lipo-30w-batterie\\\/\"]}]},{\"@type\":\"ImageObject\",\"inLanguage\":\"it-IT\",\"@id\":\"https:\\\/\\\/iha-race.com\\\/it\\\/prodotto\\\/caricabatterie-balancer-skyrc-e430-per-lipo-30w-batterie\\\/#primaryimage\",\"url\":\"https:\\\/\\\/iha-race.com\\\/wp-content\\\/uploads\\\/2018\\\/07\\\/cargador-balanceador-skyrc-e430-baterias-lipo-30w-comprar-barato-1.jpg\",\"contentUrl\":\"https:\\\/\\\/iha-race.com\\\/wp-content\\\/uploads\\\/2018\\\/07\\\/cargador-balanceador-skyrc-e430-baterias-lipo-30w-comprar-barato-1.jpg\",\"width\":800,\"height\":800,\"caption\":\"caricabatterie-balance-skyrc-e430-batterie-lipo-30w-acquista-batterie-caricabatterie-economiche\"},{\"@type\":\"BreadcrumbList\",\"@id\":\"https:\\\/\\\/iha-race.com\\\/it\\\/prodotto\\\/caricabatterie-balancer-skyrc-e430-per-lipo-30w-batterie\\\/#breadcrumb\",\"itemListElement\":[{\"@type\":\"ListItem\",\"position\":1,\"name\":\"Portada\",\"item\":\"https:\\\/\\\/iha-race.com\\\/it\\\/\"},{\"@type\":\"ListItem\",\"position\":2,\"name\":\"Negozio\",\"item\":\"https:\\\/\\\/iha-race.com\\\/it\\\/negozio\\\/\"},{\"@type\":\"ListItem\",\"position\":3,\"name\":\"Caricabatterie\\\/bilanciatore SKYRC e430 per batterie Lipo da 30W\"}]},{\"@type\":\"WebSite\",\"@id\":\"https:\\\/\\\/iha-race.com\\\/it\\\/#website\",\"url\":\"https:\\\/\\\/iha-race.com\\\/it\\\/\",\"name\":\"Iha Race\",\"description\":\"Comprar drones de carreras FPV env\u00edos en un d\u00eda desde Espa\u00f1a\",\"publisher\":{\"@id\":\"https:\\\/\\\/iha-race.com\\\/it\\\/#organization\"},\"potentialAction\":[{\"@type\":\"SearchAction\",\"target\":{\"@type\":\"EntryPoint\",\"urlTemplate\":\"https:\\\/\\\/iha-race.com\\\/it\\\/?s={search_term_string}\"},\"query-input\":{\"@type\":\"PropertyValueSpecification\",\"valueRequired\":true,\"valueName\":\"search_term_string\"}}],\"inLanguage\":\"it-IT\"},{\"@type\":\"Organization\",\"@id\":\"https:\\\/\\\/iha-race.com\\\/it\\\/#organization\",\"name\":\"Iha Race\",\"url\":\"https:\\\/\\\/iha-race.com\\\/it\\\/\",\"logo\":{\"@type\":\"ImageObject\",\"inLanguage\":\"it-IT\",\"@id\":\"https:\\\/\\\/iha-race.com\\\/it\\\/#\\\/schema\\\/logo\\\/image\\\/\",\"url\":\"https:\\\/\\\/iha-race.com\\\/wp-content\\\/uploads\\\/2018\\\/07\\\/iha-race-drones-de-carreras-tienda-comprar-drones.png\",\"contentUrl\":\"https:\\\/\\\/iha-race.com\\\/wp-content\\\/uploads\\\/2018\\\/07\\\/iha-race-drones-de-carreras-tienda-comprar-drones.png\",\"width\":300,\"height\":100,\"caption\":\"Iha Race\"},\"image\":{\"@id\":\"https:\\\/\\\/iha-race.com\\\/it\\\/#\\\/schema\\\/logo\\\/image\\\/\"}}]}<\/script>\n<!-- \/ Yoast SEO plugin. -->","yoast_head_json":{"title":"Caricabatterie\/bilanciatore SKYRC e430 per batterie Lipo da 30W - Iha Race","robots":{"index":"index","follow":"follow","max-snippet":"max-snippet:-1","max-image-preview":"max-image-preview:large","max-video-preview":"max-video-preview:-1"},"canonical":"https:\/\/iha-race.com\/it\/prodotto\/caricabatterie-balancer-skyrc-e430-per-lipo-30w-batterie\/","og_locale":"it_IT","og_type":"article","og_title":"Caricabatterie\/bilanciatore SKYRC e430 per batterie Lipo da 30W - Iha Race","og_description":"Caricabatterie\/bilanciatore SKYRC e430 per batterie Lipo da 30W Il caricabatterie SkyRC e430 \u00e8 un caricatore economico e di alta qualit\u00e0 da 100-240V AC, progettato per caricare batterie LiPo e LiFe","og_url":"https:\/\/iha-race.com\/it\/prodotto\/caricabatterie-balancer-skyrc-e430-per-lipo-30w-batterie\/","og_site_name":"Iha Race","article_modified_time":"2024-09-02T12:03:13+00:00","og_image":[{"width":800,"height":800,"url":"https:\/\/iha-race.com\/wp-content\/uploads\/2018\/07\/cargador-balanceador-skyrc-e430-baterias-lipo-30w-comprar-barato-1.jpg","type":"image\/jpeg"}],"twitter_card":"summary_large_image","twitter_misc":{"Tempo di lettura stimato":"1 minuto"},"schema":{"@context":"https:\/\/schema.org","@graph":[{"@type":"WebPage","@id":"https:\/\/iha-race.com\/it\/prodotto\/caricabatterie-balancer-skyrc-e430-per-lipo-30w-batterie\/","url":"https:\/\/iha-race.com\/it\/prodotto\/caricabatterie-balancer-skyrc-e430-per-lipo-30w-batterie\/","name":"Caricabatterie\/bilanciatore SKYRC e430 per batterie Lipo da 30W - Iha Race","isPartOf":{"@id":"https:\/\/iha-race.com\/it\/#website"},"primaryImageOfPage":{"@id":"https:\/\/iha-race.com\/it\/prodotto\/caricabatterie-balancer-skyrc-e430-per-lipo-30w-batterie\/#primaryimage"},"image":{"@id":"https:\/\/iha-race.com\/it\/prodotto\/caricabatterie-balancer-skyrc-e430-per-lipo-30w-batterie\/#primaryimage"},"thumbnailUrl":"https:\/\/iha-race.com\/wp-content\/uploads\/2018\/07\/cargador-balanceador-skyrc-e430-baterias-lipo-30w-comprar-barato-1.jpg","datePublished":"2018-07-14T15:29:50+00:00","dateModified":"2024-09-02T12:03:13+00:00","breadcrumb":{"@id":"https:\/\/iha-race.com\/it\/prodotto\/caricabatterie-balancer-skyrc-e430-per-lipo-30w-batterie\/#breadcrumb"},"inLanguage":"it-IT","potentialAction":[{"@type":"ReadAction","target":["https:\/\/iha-race.com\/it\/prodotto\/caricabatterie-balancer-skyrc-e430-per-lipo-30w-batterie\/"]}]},{"@type":"ImageObject","inLanguage":"it-IT","@id":"https:\/\/iha-race.com\/it\/prodotto\/caricabatterie-balancer-skyrc-e430-per-lipo-30w-batterie\/#primaryimage","url":"https:\/\/iha-race.com\/wp-content\/uploads\/2018\/07\/cargador-balanceador-skyrc-e430-baterias-lipo-30w-comprar-barato-1.jpg","contentUrl":"https:\/\/iha-race.com\/wp-content\/uploads\/2018\/07\/cargador-balanceador-skyrc-e430-baterias-lipo-30w-comprar-barato-1.jpg","width":800,"height":800,"caption":"caricabatterie-balance-skyrc-e430-batterie-lipo-30w-acquista-batterie-caricabatterie-economiche"},{"@type":"BreadcrumbList","@id":"https:\/\/iha-race.com\/it\/prodotto\/caricabatterie-balancer-skyrc-e430-per-lipo-30w-batterie\/#breadcrumb","itemListElement":[{"@type":"ListItem","position":1,"name":"Portada","item":"https:\/\/iha-race.com\/it\/"},{"@type":"ListItem","position":2,"name":"Negozio","item":"https:\/\/iha-race.com\/it\/negozio\/"},{"@type":"ListItem","position":3,"name":"Caricabatterie\/bilanciatore SKYRC e430 per batterie Lipo da 30W"}]},{"@type":"WebSite","@id":"https:\/\/iha-race.com\/it\/#website","url":"https:\/\/iha-race.com\/it\/","name":"Iha Race","description":"Comprar drones de carreras FPV env\u00edos en un d\u00eda desde Espa\u00f1a","publisher":{"@id":"https:\/\/iha-race.com\/it\/#organization"},"potentialAction":[{"@type":"SearchAction","target":{"@type":"EntryPoint","urlTemplate":"https:\/\/iha-race.com\/it\/?s={search_term_string}"},"query-input":{"@type":"PropertyValueSpecification","valueRequired":true,"valueName":"search_term_string"}}],"inLanguage":"it-IT"},{"@type":"Organization","@id":"https:\/\/iha-race.com\/it\/#organization","name":"Iha Race","url":"https:\/\/iha-race.com\/it\/","logo":{"@type":"ImageObject","inLanguage":"it-IT","@id":"https:\/\/iha-race.com\/it\/#\/schema\/logo\/image\/","url":"https:\/\/iha-race.com\/wp-content\/uploads\/2018\/07\/iha-race-drones-de-carreras-tienda-comprar-drones.png","contentUrl":"https:\/\/iha-race.com\/wp-content\/uploads\/2018\/07\/iha-race-drones-de-carreras-tienda-comprar-drones.png","width":300,"height":100,"caption":"Iha Race"},"image":{"@id":"https:\/\/iha-race.com\/it\/#\/schema\/logo\/image\/"}}]}},"jetpack_sharing_enabled":true,"brands":[],"_links":{"self":[{"href":"https:\/\/iha-race.com\/it\/wp-json\/wp\/v2\/product\/110826","targetHints":{"allow":["GET"]}}],"collection":[{"href":"https:\/\/iha-race.com\/it\/wp-json\/wp\/v2\/product"}],"about":[{"href":"https:\/\/iha-race.com\/it\/wp-json\/wp\/v2\/types\/product"}],"replies":[{"embeddable":true,"href":"https:\/\/iha-race.com\/it\/wp-json\/wp\/v2\/comments?post=110826"}],"version-history":[{"count":2,"href":"https:\/\/iha-race.com\/it\/wp-json\/wp\/v2\/product\/110826\/revisions"}],"predecessor-version":[{"id":250867,"href":"https:\/\/iha-race.com\/it\/wp-json\/wp\/v2\/product\/110826\/revisions\/250867"}],"wp:featuredmedia":[{"embeddable":true,"href":"https:\/\/iha-race.com\/it\/wp-json\/wp\/v2\/media\/96498"}],"wp:attachment":[{"href":"https:\/\/iha-race.com\/it\/wp-json\/wp\/v2\/media?parent=110826"}],"wp:term":[{"taxonomy":"pwb-brand","embeddable":true,"href":"https:\/\/iha-race.com\/it\/wp-json\/wp\/v2\/pwb-brand?post=110826"},{"taxonomy":"product_cat","embeddable":true,"href":"https:\/\/iha-race.com\/it\/wp-json\/wp\/v2\/product_cat?post=110826"},{"taxonomy":"product_tag","embeddable":true,"href":"https:\/\/iha-race.com\/it\/wp-json\/wp\/v2\/product_tag?post=110826"}],"curies":[{"name":"wp","href":"https:\/\/api.w.org\/{rel}","templated":true}]}}