{"id":110819,"date":"2018-07-14T17:38:12","date_gmt":"2018-07-14T15:38:12","guid":{"rendered":"https:\/\/iha-race.com\/producto\/geprc-gep-ax5-kit-cellula-airbus-215-mm-con-pdb\/"},"modified":"2024-09-02T14:02:41","modified_gmt":"2024-09-02T12:02:41","slug":"geprc-gep-gep-ax5-airbus-215mm-kit-di-struttura-con-pdb","status":"publish","type":"product","link":"https:\/\/iha-race.com\/it\/prodotto\/geprc-gep-gep-ax5-airbus-215mm-kit-di-struttura-con-pdb\/","title":{"rendered":"GEPRC GEP-AX5 Kit cellula Airbus 215 mm con PDB"},"content":{"rendered":"<h3>GEPRC GEP-AX5 Kit cellula Airbus 215 mm con PDB &#8211; Droni da competizione e FreeStyle.<\/h3>\n<p>  GEP-AX5, &#8216;AirBus&#8217;. 5 pollici (215 mm). GEPRC ha progettato il fissaggio dei 4 bracci con una &#8220;X&#8221; in alluminio CNC, facile da rimuovere e installare, e l&#8217;alluminio CNC \u00e8 il migliore per rafforzare i telai &#8220;X&#8221;. Il PDB (uscita 5V 3A, uscita 12V 500mA) e l&#8217;XT60 riducono i tempi di installazione. Vale la pena ricordare che le luci posteriori integrano 6 luci LED luminose e il cicalino. Le luci posteriori a LED supportano il controllo FC (Betaflight \/ CleanFlight) del colore e dello stato delle luci. La caratteristica pi\u00f9 importante \u00e8 il naso di questo telaio, che utilizza una parte in TPU stampata in 3D e il supporto della fotocamera progettato con un angolo di inclinazione di 35 gradi. Pu\u00f2 ridurre notevolmente la resistenza al vento.  <strong>Specifiche:<\/strong><\/p>\n<ul>\n<li>Nome: GEP-AX5<\/li>\n<li>Peso: 116 g (AX5),<\/li>\n<\/ul>\n","protected":false},"excerpt":{"rendered":"<p>GEPRC GEP-AX5 Kit cellula Airbus 215 mm con PDB &#8211; Droni da competizione e FreeStyle. GEP-AX5, &#8216;AirBus&#8217;. 5 pollici (215 mm). GEPRC ha progettato il fissaggio dei 4 bracci con<\/p>\n","protected":false},"featured_media":92760,"comment_status":"open","ping_status":"closed","template":"","meta":{"_joinchat":[]},"pwb-brand":[],"product_cat":[1152],"product_tag":[],"class_list":{"0":"post-110819","1":"product","2":"type-product","3":"status-publish","4":"has-post-thumbnail","6":"product_cat-uscita","8":"first","9":"instock","10":"taxable","11":"shipping-taxable","12":"purchasable","13":"product-type-simple"},"barcode":null,"atum_controlled":true,"out_stock_date":null,"out_stock_threshold":null,"inheritable":false,"stock_on_hold":0,"sold_today":0,"sales_last_days":0,"out_stock_days":0,"lost_sales":0,"update_date":"2026-04-16T08:17:46","atum_locations":[],"atum_stock_status":"instock","restock_status":false,"low_stock_amount":"","sales_update_date":"2026-04-16T08:17:46","calc_backorders":null,"yoast_head":"<!-- This site is optimized with the Yoast SEO plugin v27.3 - https:\/\/yoast.com\/product\/yoast-seo-wordpress\/ -->\n<title>GEPRC GEP-AX5 Kit cellula Airbus 215 mm con PDB - Iha Race<\/title>\n<meta name=\"robots\" content=\"index, follow, max-snippet:-1, max-image-preview:large, max-video-preview:-1\" \/>\n<link rel=\"canonical\" href=\"https:\/\/iha-race.com\/it\/prodotto\/geprc-gep-gep-ax5-airbus-215mm-kit-di-struttura-con-pdb\/\" \/>\n<meta property=\"og:locale\" content=\"it_IT\" \/>\n<meta property=\"og:type\" content=\"article\" \/>\n<meta property=\"og:title\" content=\"GEPRC GEP-AX5 Kit cellula Airbus 215 mm con PDB - Iha Race\" \/>\n<meta property=\"og:description\" content=\"GEPRC GEP-AX5 Kit cellula Airbus 215 mm con PDB &#8211; Droni da competizione e FreeStyle. GEP-AX5, &#8216;AirBus&#8217;. 5 pollici (215 mm). GEPRC ha progettato il fissaggio dei 4 bracci con\" \/>\n<meta property=\"og:url\" content=\"https:\/\/iha-race.com\/it\/prodotto\/geprc-gep-gep-ax5-airbus-215mm-kit-di-struttura-con-pdb\/\" \/>\n<meta property=\"og:site_name\" content=\"Iha Race\" \/>\n<meta property=\"article:modified_time\" content=\"2024-09-02T12:02:41+00:00\" \/>\n<meta property=\"og:image\" content=\"https:\/\/iha-race.com\/wp-content\/uploads\/2018\/07\/geprc-gep-ax5-airbus-215mm-kit-estructura-pdb-comprar-barato-en-espan\u0303a-tienda-online-fpv-1.jpg\" \/>\n\t<meta property=\"og:image:width\" content=\"800\" \/>\n\t<meta property=\"og:image:height\" content=\"800\" \/>\n\t<meta property=\"og:image:type\" content=\"image\/jpeg\" \/>\n<meta name=\"twitter:card\" content=\"summary_large_image\" \/>\n<meta name=\"twitter:label1\" content=\"Tempo di lettura stimato\" \/>\n\t<meta name=\"twitter:data1\" content=\"1 minuto\" \/>\n<script type=\"application\/ld+json\" class=\"yoast-schema-graph\">{\"@context\":\"https:\\\/\\\/schema.org\",\"@graph\":[{\"@type\":\"WebPage\",\"@id\":\"https:\\\/\\\/iha-race.com\\\/it\\\/prodotto\\\/geprc-gep-gep-ax5-airbus-215mm-kit-di-struttura-con-pdb\\\/\",\"url\":\"https:\\\/\\\/iha-race.com\\\/it\\\/prodotto\\\/geprc-gep-gep-ax5-airbus-215mm-kit-di-struttura-con-pdb\\\/\",\"name\":\"GEPRC GEP-AX5 Kit cellula Airbus 215 mm con PDB - Iha Race\",\"isPartOf\":{\"@id\":\"https:\\\/\\\/iha-race.com\\\/it\\\/#website\"},\"primaryImageOfPage\":{\"@id\":\"https:\\\/\\\/iha-race.com\\\/it\\\/prodotto\\\/geprc-gep-gep-ax5-airbus-215mm-kit-di-struttura-con-pdb\\\/#primaryimage\"},\"image\":{\"@id\":\"https:\\\/\\\/iha-race.com\\\/it\\\/prodotto\\\/geprc-gep-gep-ax5-airbus-215mm-kit-di-struttura-con-pdb\\\/#primaryimage\"},\"thumbnailUrl\":\"https:\\\/\\\/iha-race.com\\\/wp-content\\\/uploads\\\/2018\\\/07\\\/geprc-gep-ax5-airbus-215mm-kit-estructura-pdb-comprar-barato-en-espan\u0303a-tienda-online-fpv-1.jpg\",\"datePublished\":\"2018-07-14T15:38:12+00:00\",\"dateModified\":\"2024-09-02T12:02:41+00:00\",\"breadcrumb\":{\"@id\":\"https:\\\/\\\/iha-race.com\\\/it\\\/prodotto\\\/geprc-gep-gep-ax5-airbus-215mm-kit-di-struttura-con-pdb\\\/#breadcrumb\"},\"inLanguage\":\"it-IT\",\"potentialAction\":[{\"@type\":\"ReadAction\",\"target\":[\"https:\\\/\\\/iha-race.com\\\/it\\\/prodotto\\\/geprc-gep-gep-ax5-airbus-215mm-kit-di-struttura-con-pdb\\\/\"]}]},{\"@type\":\"ImageObject\",\"inLanguage\":\"it-IT\",\"@id\":\"https:\\\/\\\/iha-race.com\\\/it\\\/prodotto\\\/geprc-gep-gep-ax5-airbus-215mm-kit-di-struttura-con-pdb\\\/#primaryimage\",\"url\":\"https:\\\/\\\/iha-race.com\\\/wp-content\\\/uploads\\\/2018\\\/07\\\/geprc-gep-ax5-airbus-215mm-kit-estructura-pdb-comprar-barato-en-espan\u0303a-tienda-online-fpv-1.jpg\",\"contentUrl\":\"https:\\\/\\\/iha-race.com\\\/wp-content\\\/uploads\\\/2018\\\/07\\\/geprc-gep-ax5-airbus-215mm-kit-estructura-pdb-comprar-barato-en-espan\u0303a-tienda-online-fpv-1.jpg\",\"width\":800,\"height\":800,\"caption\":\"geprc-gep-ax5-airbus-215mm-kit-struttura-pdb offerta gara di droni\"},{\"@type\":\"BreadcrumbList\",\"@id\":\"https:\\\/\\\/iha-race.com\\\/it\\\/prodotto\\\/geprc-gep-gep-ax5-airbus-215mm-kit-di-struttura-con-pdb\\\/#breadcrumb\",\"itemListElement\":[{\"@type\":\"ListItem\",\"position\":1,\"name\":\"Portada\",\"item\":\"https:\\\/\\\/iha-race.com\\\/it\\\/\"},{\"@type\":\"ListItem\",\"position\":2,\"name\":\"Negozio\",\"item\":\"https:\\\/\\\/iha-race.com\\\/it\\\/negozio\\\/\"},{\"@type\":\"ListItem\",\"position\":3,\"name\":\"GEPRC GEP-AX5 Kit cellula Airbus 215 mm con PDB\"}]},{\"@type\":\"WebSite\",\"@id\":\"https:\\\/\\\/iha-race.com\\\/it\\\/#website\",\"url\":\"https:\\\/\\\/iha-race.com\\\/it\\\/\",\"name\":\"Iha Race\",\"description\":\"Comprar drones de carreras FPV env\u00edos en un d\u00eda desde Espa\u00f1a\",\"publisher\":{\"@id\":\"https:\\\/\\\/iha-race.com\\\/it\\\/#organization\"},\"potentialAction\":[{\"@type\":\"SearchAction\",\"target\":{\"@type\":\"EntryPoint\",\"urlTemplate\":\"https:\\\/\\\/iha-race.com\\\/it\\\/?s={search_term_string}\"},\"query-input\":{\"@type\":\"PropertyValueSpecification\",\"valueRequired\":true,\"valueName\":\"search_term_string\"}}],\"inLanguage\":\"it-IT\"},{\"@type\":\"Organization\",\"@id\":\"https:\\\/\\\/iha-race.com\\\/it\\\/#organization\",\"name\":\"Iha Race\",\"url\":\"https:\\\/\\\/iha-race.com\\\/it\\\/\",\"logo\":{\"@type\":\"ImageObject\",\"inLanguage\":\"it-IT\",\"@id\":\"https:\\\/\\\/iha-race.com\\\/it\\\/#\\\/schema\\\/logo\\\/image\\\/\",\"url\":\"https:\\\/\\\/iha-race.com\\\/wp-content\\\/uploads\\\/2018\\\/07\\\/iha-race-drones-de-carreras-tienda-comprar-drones.png\",\"contentUrl\":\"https:\\\/\\\/iha-race.com\\\/wp-content\\\/uploads\\\/2018\\\/07\\\/iha-race-drones-de-carreras-tienda-comprar-drones.png\",\"width\":300,\"height\":100,\"caption\":\"Iha Race\"},\"image\":{\"@id\":\"https:\\\/\\\/iha-race.com\\\/it\\\/#\\\/schema\\\/logo\\\/image\\\/\"}}]}<\/script>\n<!-- \/ Yoast SEO plugin. -->","yoast_head_json":{"title":"GEPRC GEP-AX5 Kit cellula Airbus 215 mm con PDB - Iha Race","robots":{"index":"index","follow":"follow","max-snippet":"max-snippet:-1","max-image-preview":"max-image-preview:large","max-video-preview":"max-video-preview:-1"},"canonical":"https:\/\/iha-race.com\/it\/prodotto\/geprc-gep-gep-ax5-airbus-215mm-kit-di-struttura-con-pdb\/","og_locale":"it_IT","og_type":"article","og_title":"GEPRC GEP-AX5 Kit cellula Airbus 215 mm con PDB - Iha Race","og_description":"GEPRC GEP-AX5 Kit cellula Airbus 215 mm con PDB &#8211; Droni da competizione e FreeStyle. GEP-AX5, &#8216;AirBus&#8217;. 5 pollici (215 mm). GEPRC ha progettato il fissaggio dei 4 bracci con","og_url":"https:\/\/iha-race.com\/it\/prodotto\/geprc-gep-gep-ax5-airbus-215mm-kit-di-struttura-con-pdb\/","og_site_name":"Iha Race","article_modified_time":"2024-09-02T12:02:41+00:00","og_image":[{"width":800,"height":800,"url":"https:\/\/iha-race.com\/wp-content\/uploads\/2018\/07\/geprc-gep-ax5-airbus-215mm-kit-estructura-pdb-comprar-barato-en-espan\u0303a-tienda-online-fpv-1.jpg","type":"image\/jpeg"}],"twitter_card":"summary_large_image","twitter_misc":{"Tempo di lettura stimato":"1 minuto"},"schema":{"@context":"https:\/\/schema.org","@graph":[{"@type":"WebPage","@id":"https:\/\/iha-race.com\/it\/prodotto\/geprc-gep-gep-ax5-airbus-215mm-kit-di-struttura-con-pdb\/","url":"https:\/\/iha-race.com\/it\/prodotto\/geprc-gep-gep-ax5-airbus-215mm-kit-di-struttura-con-pdb\/","name":"GEPRC GEP-AX5 Kit cellula Airbus 215 mm con PDB - Iha Race","isPartOf":{"@id":"https:\/\/iha-race.com\/it\/#website"},"primaryImageOfPage":{"@id":"https:\/\/iha-race.com\/it\/prodotto\/geprc-gep-gep-ax5-airbus-215mm-kit-di-struttura-con-pdb\/#primaryimage"},"image":{"@id":"https:\/\/iha-race.com\/it\/prodotto\/geprc-gep-gep-ax5-airbus-215mm-kit-di-struttura-con-pdb\/#primaryimage"},"thumbnailUrl":"https:\/\/iha-race.com\/wp-content\/uploads\/2018\/07\/geprc-gep-ax5-airbus-215mm-kit-estructura-pdb-comprar-barato-en-espan\u0303a-tienda-online-fpv-1.jpg","datePublished":"2018-07-14T15:38:12+00:00","dateModified":"2024-09-02T12:02:41+00:00","breadcrumb":{"@id":"https:\/\/iha-race.com\/it\/prodotto\/geprc-gep-gep-ax5-airbus-215mm-kit-di-struttura-con-pdb\/#breadcrumb"},"inLanguage":"it-IT","potentialAction":[{"@type":"ReadAction","target":["https:\/\/iha-race.com\/it\/prodotto\/geprc-gep-gep-ax5-airbus-215mm-kit-di-struttura-con-pdb\/"]}]},{"@type":"ImageObject","inLanguage":"it-IT","@id":"https:\/\/iha-race.com\/it\/prodotto\/geprc-gep-gep-ax5-airbus-215mm-kit-di-struttura-con-pdb\/#primaryimage","url":"https:\/\/iha-race.com\/wp-content\/uploads\/2018\/07\/geprc-gep-ax5-airbus-215mm-kit-estructura-pdb-comprar-barato-en-espan\u0303a-tienda-online-fpv-1.jpg","contentUrl":"https:\/\/iha-race.com\/wp-content\/uploads\/2018\/07\/geprc-gep-ax5-airbus-215mm-kit-estructura-pdb-comprar-barato-en-espan\u0303a-tienda-online-fpv-1.jpg","width":800,"height":800,"caption":"geprc-gep-ax5-airbus-215mm-kit-struttura-pdb offerta gara di droni"},{"@type":"BreadcrumbList","@id":"https:\/\/iha-race.com\/it\/prodotto\/geprc-gep-gep-ax5-airbus-215mm-kit-di-struttura-con-pdb\/#breadcrumb","itemListElement":[{"@type":"ListItem","position":1,"name":"Portada","item":"https:\/\/iha-race.com\/it\/"},{"@type":"ListItem","position":2,"name":"Negozio","item":"https:\/\/iha-race.com\/it\/negozio\/"},{"@type":"ListItem","position":3,"name":"GEPRC GEP-AX5 Kit cellula Airbus 215 mm con PDB"}]},{"@type":"WebSite","@id":"https:\/\/iha-race.com\/it\/#website","url":"https:\/\/iha-race.com\/it\/","name":"Iha Race","description":"Comprar drones de carreras FPV env\u00edos en un d\u00eda desde Espa\u00f1a","publisher":{"@id":"https:\/\/iha-race.com\/it\/#organization"},"potentialAction":[{"@type":"SearchAction","target":{"@type":"EntryPoint","urlTemplate":"https:\/\/iha-race.com\/it\/?s={search_term_string}"},"query-input":{"@type":"PropertyValueSpecification","valueRequired":true,"valueName":"search_term_string"}}],"inLanguage":"it-IT"},{"@type":"Organization","@id":"https:\/\/iha-race.com\/it\/#organization","name":"Iha Race","url":"https:\/\/iha-race.com\/it\/","logo":{"@type":"ImageObject","inLanguage":"it-IT","@id":"https:\/\/iha-race.com\/it\/#\/schema\/logo\/image\/","url":"https:\/\/iha-race.com\/wp-content\/uploads\/2018\/07\/iha-race-drones-de-carreras-tienda-comprar-drones.png","contentUrl":"https:\/\/iha-race.com\/wp-content\/uploads\/2018\/07\/iha-race-drones-de-carreras-tienda-comprar-drones.png","width":300,"height":100,"caption":"Iha Race"},"image":{"@id":"https:\/\/iha-race.com\/it\/#\/schema\/logo\/image\/"}}]}},"jetpack_sharing_enabled":true,"brands":[],"_links":{"self":[{"href":"https:\/\/iha-race.com\/it\/wp-json\/wp\/v2\/product\/110819","targetHints":{"allow":["GET"]}}],"collection":[{"href":"https:\/\/iha-race.com\/it\/wp-json\/wp\/v2\/product"}],"about":[{"href":"https:\/\/iha-race.com\/it\/wp-json\/wp\/v2\/types\/product"}],"replies":[{"embeddable":true,"href":"https:\/\/iha-race.com\/it\/wp-json\/wp\/v2\/comments?post=110819"}],"version-history":[{"count":1,"href":"https:\/\/iha-race.com\/it\/wp-json\/wp\/v2\/product\/110819\/revisions"}],"predecessor-version":[{"id":250857,"href":"https:\/\/iha-race.com\/it\/wp-json\/wp\/v2\/product\/110819\/revisions\/250857"}],"wp:featuredmedia":[{"embeddable":true,"href":"https:\/\/iha-race.com\/it\/wp-json\/wp\/v2\/media\/92760"}],"wp:attachment":[{"href":"https:\/\/iha-race.com\/it\/wp-json\/wp\/v2\/media?parent=110819"}],"wp:term":[{"taxonomy":"pwb-brand","embeddable":true,"href":"https:\/\/iha-race.com\/it\/wp-json\/wp\/v2\/pwb-brand?post=110819"},{"taxonomy":"product_cat","embeddable":true,"href":"https:\/\/iha-race.com\/it\/wp-json\/wp\/v2\/product_cat?post=110819"},{"taxonomy":"product_tag","embeddable":true,"href":"https:\/\/iha-race.com\/it\/wp-json\/wp\/v2\/product_tag?post=110819"}],"curies":[{"name":"wp","href":"https:\/\/api.w.org\/{rel}","templated":true}]}}