{"id":110808,"date":"2018-07-13T17:10:47","date_gmt":"2018-07-13T15:10:47","guid":{"rendered":"https:\/\/iha-race.com\/producto\/cavo-bilanciatore-lipo-in-silicone-1s-2s-3s-4s-e-6s\/"},"modified":"2026-03-21T19:53:48","modified_gmt":"2026-03-21T18:53:48","slug":"cable-balanceador-de-lipo-en-silicona-1s-2s-3s-4s-y-6s-2","status":"publish","type":"product","link":"https:\/\/iha-race.com\/it\/prodotto\/cable-balanceador-de-lipo-en-silicona-1s-2s-3s-4s-y-6s-2\/","title":{"rendered":"Cavo bilanciatore lipo in silicone 1S, 2S, 3S, 4s e 6S"},"content":{"rendered":"<h3>Cavo bilanciatore Lipo in silicone<\/h3>\n<p>  Scegli il modello di cui hai bisogno:  <\/p>\n<ul>\n<li>1S<\/li>\n<li>2S<\/li>\n<li>3S<\/li>\n<li>4S<\/li>\n<li>6S<\/li>\n<\/ul>\n<h3>Il pacchetto comprende:<\/h3>\n<ul>\n<li>1 x cavo bilanciatore Lipo in silicone con possibilit\u00e0 di scelta tra 1S, 2S, 3S, 4s e 6S<\/li>\n<\/ul>\n<p>&nbsp;<\/p>\n","protected":false},"excerpt":{"rendered":"<p>Cavo bilanciatore Lipo in silicone Scegli il modello di cui hai bisogno: 1S 2S 3S 4S 6S Il pacchetto comprende: 1 x cavo bilanciatore Lipo in silicone con possibilit\u00e0 di<\/p>\n","protected":false},"featured_media":96453,"comment_status":"open","ping_status":"closed","template":"","meta":{"_joinchat":[]},"pwb-brand":[3586],"product_cat":[1073],"product_tag":[],"class_list":{"0":"post-110808","1":"product","2":"type-product","3":"status-publish","4":"has-post-thumbnail","6":"pwb-brand-iha-race","7":"product_cat-accessori-per-batterie","9":"first","10":"instock","11":"taxable","12":"shipping-taxable","13":"purchasable","14":"product-type-variable"},"barcode":null,"atum_controlled":true,"out_stock_date":null,"out_stock_threshold":null,"inheritable":true,"stock_on_hold":0,"sold_today":5,"sales_last_days":5,"out_stock_days":0,"lost_sales":0,"update_date":"2026-04-16T08:17:37","atum_locations":[],"atum_stock_status":"instock","restock_status":false,"low_stock_amount":"","sales_update_date":"2026-04-16T08:17:37","calc_backorders":null,"yoast_head":"<!-- This site is optimized with the Yoast SEO plugin v27.3 - https:\/\/yoast.com\/product\/yoast-seo-wordpress\/ -->\n<title>Cavo bilanciatore lipo in silicone 1S, 2S, 3S, 4s e 6S - Iha Race<\/title>\n<meta name=\"robots\" content=\"index, follow, max-snippet:-1, max-image-preview:large, max-video-preview:-1\" \/>\n<link rel=\"canonical\" href=\"https:\/\/iha-race.com\/it\/prodotto\/cable-balanceador-de-lipo-en-silicona-1s-2s-3s-4s-y-6s-2\/\" \/>\n<meta property=\"og:locale\" content=\"it_IT\" \/>\n<meta property=\"og:type\" content=\"article\" \/>\n<meta property=\"og:title\" content=\"Cavo bilanciatore lipo in silicone 1S, 2S, 3S, 4s e 6S - Iha Race\" \/>\n<meta property=\"og:description\" content=\"Cavo bilanciatore Lipo in silicone Scegli il modello di cui hai bisogno: 1S 2S 3S 4S 6S Il pacchetto comprende: 1 x cavo bilanciatore Lipo in silicone con possibilit\u00e0 di\" \/>\n<meta property=\"og:url\" content=\"https:\/\/iha-race.com\/it\/prodotto\/cable-balanceador-de-lipo-en-silicona-1s-2s-3s-4s-y-6s-2\/\" \/>\n<meta property=\"og:site_name\" content=\"Iha Race\" \/>\n<meta property=\"article:modified_time\" content=\"2026-03-21T18:53:48+00:00\" \/>\n<meta property=\"og:image\" content=\"https:\/\/iha-race.com\/wp-content\/uploads\/2018\/07\/cable-balanceador-lipo-silicona-62-1.jpg\" \/>\n\t<meta property=\"og:image:width\" content=\"800\" \/>\n\t<meta property=\"og:image:height\" content=\"800\" \/>\n\t<meta property=\"og:image:type\" content=\"image\/jpeg\" \/>\n<meta name=\"twitter:card\" content=\"summary_large_image\" \/>\n<script type=\"application\/ld+json\" class=\"yoast-schema-graph\">{\"@context\":\"https:\\\/\\\/schema.org\",\"@graph\":[{\"@type\":\"WebPage\",\"@id\":\"https:\\\/\\\/iha-race.com\\\/it\\\/prodotto\\\/cable-balanceador-de-lipo-en-silicona-1s-2s-3s-4s-y-6s-2\\\/\",\"url\":\"https:\\\/\\\/iha-race.com\\\/it\\\/prodotto\\\/cable-balanceador-de-lipo-en-silicona-1s-2s-3s-4s-y-6s-2\\\/\",\"name\":\"Cavo bilanciatore lipo in silicone 1S, 2S, 3S, 4s e 6S - Iha Race\",\"isPartOf\":{\"@id\":\"https:\\\/\\\/iha-race.com\\\/it\\\/#website\"},\"primaryImageOfPage\":{\"@id\":\"https:\\\/\\\/iha-race.com\\\/it\\\/prodotto\\\/cable-balanceador-de-lipo-en-silicona-1s-2s-3s-4s-y-6s-2\\\/#primaryimage\"},\"image\":{\"@id\":\"https:\\\/\\\/iha-race.com\\\/it\\\/prodotto\\\/cable-balanceador-de-lipo-en-silicona-1s-2s-3s-4s-y-6s-2\\\/#primaryimage\"},\"thumbnailUrl\":\"https:\\\/\\\/iha-race.com\\\/wp-content\\\/uploads\\\/2018\\\/07\\\/cable-balanceador-lipo-silicona-62-1.jpg\",\"datePublished\":\"2018-07-13T15:10:47+00:00\",\"dateModified\":\"2026-03-21T18:53:48+00:00\",\"breadcrumb\":{\"@id\":\"https:\\\/\\\/iha-race.com\\\/it\\\/prodotto\\\/cable-balanceador-de-lipo-en-silicona-1s-2s-3s-4s-y-6s-2\\\/#breadcrumb\"},\"inLanguage\":\"it-IT\",\"potentialAction\":[{\"@type\":\"ReadAction\",\"target\":[\"https:\\\/\\\/iha-race.com\\\/it\\\/prodotto\\\/cable-balanceador-de-lipo-en-silicona-1s-2s-3s-4s-y-6s-2\\\/\"]}]},{\"@type\":\"ImageObject\",\"inLanguage\":\"it-IT\",\"@id\":\"https:\\\/\\\/iha-race.com\\\/it\\\/prodotto\\\/cable-balanceador-de-lipo-en-silicona-1s-2s-3s-4s-y-6s-2\\\/#primaryimage\",\"url\":\"https:\\\/\\\/iha-race.com\\\/wp-content\\\/uploads\\\/2018\\\/07\\\/cable-balanceador-lipo-silicona-62-1.jpg\",\"contentUrl\":\"https:\\\/\\\/iha-race.com\\\/wp-content\\\/uploads\\\/2018\\\/07\\\/cable-balanceador-lipo-silicona-62-1.jpg\",\"width\":800,\"height\":800,\"caption\":\"cavo-bilanciatore-lipo-silicone-62\"},{\"@type\":\"BreadcrumbList\",\"@id\":\"https:\\\/\\\/iha-race.com\\\/it\\\/prodotto\\\/cable-balanceador-de-lipo-en-silicona-1s-2s-3s-4s-y-6s-2\\\/#breadcrumb\",\"itemListElement\":[{\"@type\":\"ListItem\",\"position\":1,\"name\":\"Portada\",\"item\":\"https:\\\/\\\/iha-race.com\\\/it\\\/\"},{\"@type\":\"ListItem\",\"position\":2,\"name\":\"Negozio\",\"item\":\"https:\\\/\\\/iha-race.com\\\/it\\\/negozio\\\/\"},{\"@type\":\"ListItem\",\"position\":3,\"name\":\"Cavo bilanciatore lipo in silicone 1S, 2S, 3S, 4s e 6S\"}]},{\"@type\":\"WebSite\",\"@id\":\"https:\\\/\\\/iha-race.com\\\/it\\\/#website\",\"url\":\"https:\\\/\\\/iha-race.com\\\/it\\\/\",\"name\":\"Iha Race\",\"description\":\"Comprar drones de carreras FPV env\u00edos en un d\u00eda desde Espa\u00f1a\",\"publisher\":{\"@id\":\"https:\\\/\\\/iha-race.com\\\/it\\\/#organization\"},\"potentialAction\":[{\"@type\":\"SearchAction\",\"target\":{\"@type\":\"EntryPoint\",\"urlTemplate\":\"https:\\\/\\\/iha-race.com\\\/it\\\/?s={search_term_string}\"},\"query-input\":{\"@type\":\"PropertyValueSpecification\",\"valueRequired\":true,\"valueName\":\"search_term_string\"}}],\"inLanguage\":\"it-IT\"},{\"@type\":\"Organization\",\"@id\":\"https:\\\/\\\/iha-race.com\\\/it\\\/#organization\",\"name\":\"Iha Race\",\"url\":\"https:\\\/\\\/iha-race.com\\\/it\\\/\",\"logo\":{\"@type\":\"ImageObject\",\"inLanguage\":\"it-IT\",\"@id\":\"https:\\\/\\\/iha-race.com\\\/it\\\/#\\\/schema\\\/logo\\\/image\\\/\",\"url\":\"https:\\\/\\\/iha-race.com\\\/wp-content\\\/uploads\\\/2018\\\/07\\\/iha-race-drones-de-carreras-tienda-comprar-drones.png\",\"contentUrl\":\"https:\\\/\\\/iha-race.com\\\/wp-content\\\/uploads\\\/2018\\\/07\\\/iha-race-drones-de-carreras-tienda-comprar-drones.png\",\"width\":300,\"height\":100,\"caption\":\"Iha Race\"},\"image\":{\"@id\":\"https:\\\/\\\/iha-race.com\\\/it\\\/#\\\/schema\\\/logo\\\/image\\\/\"}}]}<\/script>\n<!-- \/ Yoast SEO plugin. -->","yoast_head_json":{"title":"Cavo bilanciatore lipo in silicone 1S, 2S, 3S, 4s e 6S - Iha Race","robots":{"index":"index","follow":"follow","max-snippet":"max-snippet:-1","max-image-preview":"max-image-preview:large","max-video-preview":"max-video-preview:-1"},"canonical":"https:\/\/iha-race.com\/it\/prodotto\/cable-balanceador-de-lipo-en-silicona-1s-2s-3s-4s-y-6s-2\/","og_locale":"it_IT","og_type":"article","og_title":"Cavo bilanciatore lipo in silicone 1S, 2S, 3S, 4s e 6S - Iha Race","og_description":"Cavo bilanciatore Lipo in silicone Scegli il modello di cui hai bisogno: 1S 2S 3S 4S 6S Il pacchetto comprende: 1 x cavo bilanciatore Lipo in silicone con possibilit\u00e0 di","og_url":"https:\/\/iha-race.com\/it\/prodotto\/cable-balanceador-de-lipo-en-silicona-1s-2s-3s-4s-y-6s-2\/","og_site_name":"Iha Race","article_modified_time":"2026-03-21T18:53:48+00:00","og_image":[{"width":800,"height":800,"url":"https:\/\/iha-race.com\/wp-content\/uploads\/2018\/07\/cable-balanceador-lipo-silicona-62-1.jpg","type":"image\/jpeg"}],"twitter_card":"summary_large_image","schema":{"@context":"https:\/\/schema.org","@graph":[{"@type":"WebPage","@id":"https:\/\/iha-race.com\/it\/prodotto\/cable-balanceador-de-lipo-en-silicona-1s-2s-3s-4s-y-6s-2\/","url":"https:\/\/iha-race.com\/it\/prodotto\/cable-balanceador-de-lipo-en-silicona-1s-2s-3s-4s-y-6s-2\/","name":"Cavo bilanciatore lipo in silicone 1S, 2S, 3S, 4s e 6S - Iha Race","isPartOf":{"@id":"https:\/\/iha-race.com\/it\/#website"},"primaryImageOfPage":{"@id":"https:\/\/iha-race.com\/it\/prodotto\/cable-balanceador-de-lipo-en-silicona-1s-2s-3s-4s-y-6s-2\/#primaryimage"},"image":{"@id":"https:\/\/iha-race.com\/it\/prodotto\/cable-balanceador-de-lipo-en-silicona-1s-2s-3s-4s-y-6s-2\/#primaryimage"},"thumbnailUrl":"https:\/\/iha-race.com\/wp-content\/uploads\/2018\/07\/cable-balanceador-lipo-silicona-62-1.jpg","datePublished":"2018-07-13T15:10:47+00:00","dateModified":"2026-03-21T18:53:48+00:00","breadcrumb":{"@id":"https:\/\/iha-race.com\/it\/prodotto\/cable-balanceador-de-lipo-en-silicona-1s-2s-3s-4s-y-6s-2\/#breadcrumb"},"inLanguage":"it-IT","potentialAction":[{"@type":"ReadAction","target":["https:\/\/iha-race.com\/it\/prodotto\/cable-balanceador-de-lipo-en-silicona-1s-2s-3s-4s-y-6s-2\/"]}]},{"@type":"ImageObject","inLanguage":"it-IT","@id":"https:\/\/iha-race.com\/it\/prodotto\/cable-balanceador-de-lipo-en-silicona-1s-2s-3s-4s-y-6s-2\/#primaryimage","url":"https:\/\/iha-race.com\/wp-content\/uploads\/2018\/07\/cable-balanceador-lipo-silicona-62-1.jpg","contentUrl":"https:\/\/iha-race.com\/wp-content\/uploads\/2018\/07\/cable-balanceador-lipo-silicona-62-1.jpg","width":800,"height":800,"caption":"cavo-bilanciatore-lipo-silicone-62"},{"@type":"BreadcrumbList","@id":"https:\/\/iha-race.com\/it\/prodotto\/cable-balanceador-de-lipo-en-silicona-1s-2s-3s-4s-y-6s-2\/#breadcrumb","itemListElement":[{"@type":"ListItem","position":1,"name":"Portada","item":"https:\/\/iha-race.com\/it\/"},{"@type":"ListItem","position":2,"name":"Negozio","item":"https:\/\/iha-race.com\/it\/negozio\/"},{"@type":"ListItem","position":3,"name":"Cavo bilanciatore lipo in silicone 1S, 2S, 3S, 4s e 6S"}]},{"@type":"WebSite","@id":"https:\/\/iha-race.com\/it\/#website","url":"https:\/\/iha-race.com\/it\/","name":"Iha Race","description":"Comprar drones de carreras FPV env\u00edos en un d\u00eda desde Espa\u00f1a","publisher":{"@id":"https:\/\/iha-race.com\/it\/#organization"},"potentialAction":[{"@type":"SearchAction","target":{"@type":"EntryPoint","urlTemplate":"https:\/\/iha-race.com\/it\/?s={search_term_string}"},"query-input":{"@type":"PropertyValueSpecification","valueRequired":true,"valueName":"search_term_string"}}],"inLanguage":"it-IT"},{"@type":"Organization","@id":"https:\/\/iha-race.com\/it\/#organization","name":"Iha Race","url":"https:\/\/iha-race.com\/it\/","logo":{"@type":"ImageObject","inLanguage":"it-IT","@id":"https:\/\/iha-race.com\/it\/#\/schema\/logo\/image\/","url":"https:\/\/iha-race.com\/wp-content\/uploads\/2018\/07\/iha-race-drones-de-carreras-tienda-comprar-drones.png","contentUrl":"https:\/\/iha-race.com\/wp-content\/uploads\/2018\/07\/iha-race-drones-de-carreras-tienda-comprar-drones.png","width":300,"height":100,"caption":"Iha Race"},"image":{"@id":"https:\/\/iha-race.com\/it\/#\/schema\/logo\/image\/"}}]}},"brands":[{"id":3586,"name":"IHA Race","slug":"iha-race"}],"_links":{"self":[{"href":"https:\/\/iha-race.com\/it\/wp-json\/wp\/v2\/product\/110808","targetHints":{"allow":["GET"]}}],"collection":[{"href":"https:\/\/iha-race.com\/it\/wp-json\/wp\/v2\/product"}],"about":[{"href":"https:\/\/iha-race.com\/it\/wp-json\/wp\/v2\/types\/product"}],"replies":[{"embeddable":true,"href":"https:\/\/iha-race.com\/it\/wp-json\/wp\/v2\/comments?post=110808"}],"version-history":[{"count":1,"href":"https:\/\/iha-race.com\/it\/wp-json\/wp\/v2\/product\/110808\/revisions"}],"predecessor-version":[{"id":250631,"href":"https:\/\/iha-race.com\/it\/wp-json\/wp\/v2\/product\/110808\/revisions\/250631"}],"wp:featuredmedia":[{"embeddable":true,"href":"https:\/\/iha-race.com\/it\/wp-json\/wp\/v2\/media\/96453"}],"wp:attachment":[{"href":"https:\/\/iha-race.com\/it\/wp-json\/wp\/v2\/media?parent=110808"}],"wp:term":[{"taxonomy":"pwb-brand","embeddable":true,"href":"https:\/\/iha-race.com\/it\/wp-json\/wp\/v2\/pwb-brand?post=110808"},{"taxonomy":"product_cat","embeddable":true,"href":"https:\/\/iha-race.com\/it\/wp-json\/wp\/v2\/product_cat?post=110808"},{"taxonomy":"product_tag","embeddable":true,"href":"https:\/\/iha-race.com\/it\/wp-json\/wp\/v2\/product_tag?post=110808"}],"curies":[{"name":"wp","href":"https:\/\/api.w.org\/{rel}","templated":true}]}}