{"id":110758,"date":"2018-07-13T16:09:14","date_gmt":"2018-07-13T14:09:14","guid":{"rendered":"https:\/\/iha-race.com\/producto\/batteria-tattu-450mah-11-1v-75c-3s1p-con-connettore-xt30\/"},"modified":"2024-08-11T18:39:29","modified_gmt":"2024-08-11T16:39:29","slug":"bateria-tattu-450mah-11-1v-75c-3s1p-con-conector-xt30","status":"publish","type":"product","link":"https:\/\/iha-race.com\/it\/prodotto\/bateria-tattu-450mah-11-1v-75c-3s1p-con-conector-xt30\/","title":{"rendered":"Batteria Tattu 450mAh 11.1V 75C 3S1P con connettore XT30"},"content":{"rendered":"<h3>Batteria Tattu 450mAh 11.1V 75C 3S1P con connettore XT30<\/h3>\n<p>  Tutte le LiPo di Tattu sono imballate con materiali resistenti alle vibrazioni e al fuoco, mentre la nostra scatola per batterie deluxe ti assicura di ricevere la batteria in condizioni perfette. Una procedura automatica e un sistema computerizzato per le celle delle batterie che ne armonizza il processo assicurano la stabilit\u00e0 e la qualit\u00e0 delle batterie. La serie originale Gens Ace, TATTU \u00e8 specializzata nel mercato degli UAV e UAS, per la sua qualit\u00e0 industriale (dato che Gens Ace \u00e8 basata nell&#8217;area Hobby), il suo motto &#8220;less is more&#8221;, &#8220;more&#8221; significa pi\u00f9 tempo di volo, pi\u00f9 divertimento e pi\u00f9 soddisfazione, e &#8220;less&#8221; significa meno peso, design semplice. Tattu sviluppa sempre i suoi prodotti secondo queste due direzioni che le conferiscono una batteria di alta qualit\u00e0. La notevole tecnologia di impilamento consente di ottenere capacit\u00e0 di 450 mAh per singola cellaElevate prestazioni di scarica ed elevata densit\u00e0 energetica. Le materie prime ai polimeri di litio provenienti dal Giappone e dalla Corea forniscono alle batterie Tattu energia di alta qualit\u00e0.  <\/p>\n<h2>Specifiche:<\/h2>\n<ul>\n<li>Tipo di prodotto: pacco batteria lipo<\/li>\n<li>Capacit\u00e0: 450mAh<\/li>\n<li>Tensione: 11,1 V<\/li>\n<li>Massima scarica continua: 75C (33,75A)<\/li>\n<li>Scarico massimo: 150C (67,5A)<\/li>\n<li>Peso: 42 g<\/li>\n<li>Dimensioni: 45 * 24 * 21 mm<\/li>\n<li>Spina di bilanciamento: JST-XHR<\/li>\n<li>Spina di scarico: XT-30<\/li>\n<li>Velocit\u00e0 di carica: 1-3C consigliata, 5C massima<\/li>\n<\/ul>\n","protected":false},"excerpt":{"rendered":"<p>Batteria Tattu 450mAh 11.1V 75C 3S1P con connettore XT30 Tutte le LiPo di Tattu sono imballate con materiali resistenti alle vibrazioni e al fuoco, mentre la nostra scatola per batterie<\/p>\n","protected":false},"featured_media":94259,"comment_status":"open","ping_status":"closed","template":"","meta":{"_joinchat":[]},"pwb-brand":[],"product_cat":[1065,1091],"product_tag":[],"class_list":{"0":"post-110758","1":"product","2":"type-product","3":"status-publish","4":"has-post-thumbnail","6":"product_cat-batterie-fpv","7":"product_cat-s3-it","9":"first","10":"instock","11":"taxable","12":"shipping-taxable","13":"purchasable","14":"product-type-variable"},"barcode":null,"atum_controlled":true,"out_stock_date":null,"out_stock_threshold":null,"inheritable":true,"stock_on_hold":0,"sold_today":2,"sales_last_days":2,"out_stock_days":1176,"lost_sales":0,"update_date":"2026-04-18T09:34:38","atum_locations":[],"atum_stock_status":"instock","restock_status":true,"low_stock_amount":"","sales_update_date":"2026-04-18T09:34:38","calc_backorders":null,"yoast_head":"<!-- This site is optimized with the Yoast SEO plugin v27.3 - https:\/\/yoast.com\/product\/yoast-seo-wordpress\/ -->\n<title>Batteria Tattu 450mAh 11.1V 75C 3S1P con connettore XT30 - Iha Race<\/title>\n<meta name=\"robots\" content=\"index, follow, max-snippet:-1, max-image-preview:large, max-video-preview:-1\" \/>\n<link rel=\"canonical\" href=\"https:\/\/iha-race.com\/it\/prodotto\/bateria-tattu-450mah-11-1v-75c-3s1p-con-conector-xt30\/\" \/>\n<meta property=\"og:locale\" content=\"it_IT\" \/>\n<meta property=\"og:type\" content=\"article\" \/>\n<meta property=\"og:title\" content=\"Batteria Tattu 450mAh 11.1V 75C 3S1P con connettore XT30 - Iha Race\" \/>\n<meta property=\"og:description\" content=\"Batteria Tattu 450mAh 11.1V 75C 3S1P con connettore XT30 Tutte le LiPo di Tattu sono imballate con materiali resistenti alle vibrazioni e al fuoco, mentre la nostra scatola per batterie\" \/>\n<meta property=\"og:url\" content=\"https:\/\/iha-race.com\/it\/prodotto\/bateria-tattu-450mah-11-1v-75c-3s1p-con-conector-xt30\/\" \/>\n<meta property=\"og:site_name\" content=\"Iha Race\" \/>\n<meta property=\"article:modified_time\" content=\"2024-08-11T16:39:29+00:00\" \/>\n<meta property=\"og:image\" content=\"https:\/\/iha-race.com\/wp-content\/uploads\/2018\/07\/tattu-450mah-11-1v-75c-3s1p-bateria-lipo-xt30-1.jpg\" \/>\n\t<meta property=\"og:image:width\" content=\"800\" \/>\n\t<meta property=\"og:image:height\" content=\"800\" \/>\n\t<meta property=\"og:image:type\" content=\"image\/jpeg\" \/>\n<meta name=\"twitter:card\" content=\"summary_large_image\" \/>\n<meta name=\"twitter:label1\" content=\"Tempo di lettura stimato\" \/>\n\t<meta name=\"twitter:data1\" content=\"1 minuto\" \/>\n<script type=\"application\/ld+json\" class=\"yoast-schema-graph\">{\"@context\":\"https:\\\/\\\/schema.org\",\"@graph\":[{\"@type\":\"WebPage\",\"@id\":\"https:\\\/\\\/iha-race.com\\\/it\\\/prodotto\\\/bateria-tattu-450mah-11-1v-75c-3s1p-con-conector-xt30\\\/\",\"url\":\"https:\\\/\\\/iha-race.com\\\/it\\\/prodotto\\\/bateria-tattu-450mah-11-1v-75c-3s1p-con-conector-xt30\\\/\",\"name\":\"Batteria Tattu 450mAh 11.1V 75C 3S1P con connettore XT30 - Iha Race\",\"isPartOf\":{\"@id\":\"https:\\\/\\\/iha-race.com\\\/it\\\/#website\"},\"primaryImageOfPage\":{\"@id\":\"https:\\\/\\\/iha-race.com\\\/it\\\/prodotto\\\/bateria-tattu-450mah-11-1v-75c-3s1p-con-conector-xt30\\\/#primaryimage\"},\"image\":{\"@id\":\"https:\\\/\\\/iha-race.com\\\/it\\\/prodotto\\\/bateria-tattu-450mah-11-1v-75c-3s1p-con-conector-xt30\\\/#primaryimage\"},\"thumbnailUrl\":\"https:\\\/\\\/iha-race.com\\\/wp-content\\\/uploads\\\/2018\\\/07\\\/tattu-450mah-11-1v-75c-3s1p-bateria-lipo-xt30-1.jpg\",\"datePublished\":\"2018-07-13T14:09:14+00:00\",\"dateModified\":\"2024-08-11T16:39:29+00:00\",\"breadcrumb\":{\"@id\":\"https:\\\/\\\/iha-race.com\\\/it\\\/prodotto\\\/bateria-tattu-450mah-11-1v-75c-3s1p-con-conector-xt30\\\/#breadcrumb\"},\"inLanguage\":\"it-IT\",\"potentialAction\":[{\"@type\":\"ReadAction\",\"target\":[\"https:\\\/\\\/iha-race.com\\\/it\\\/prodotto\\\/bateria-tattu-450mah-11-1v-75c-3s1p-con-conector-xt30\\\/\"]}]},{\"@type\":\"ImageObject\",\"inLanguage\":\"it-IT\",\"@id\":\"https:\\\/\\\/iha-race.com\\\/it\\\/prodotto\\\/bateria-tattu-450mah-11-1v-75c-3s1p-con-conector-xt30\\\/#primaryimage\",\"url\":\"https:\\\/\\\/iha-race.com\\\/wp-content\\\/uploads\\\/2018\\\/07\\\/tattu-450mah-11-1v-75c-3s1p-bateria-lipo-xt30-1.jpg\",\"contentUrl\":\"https:\\\/\\\/iha-race.com\\\/wp-content\\\/uploads\\\/2018\\\/07\\\/tattu-450mah-11-1v-75c-3s1p-bateria-lipo-xt30-1.jpg\",\"width\":800,\"height\":800,\"caption\":\"tattu-450mah-11-1v-75c-3s1p-bateria-lipo-xt30\"},{\"@type\":\"BreadcrumbList\",\"@id\":\"https:\\\/\\\/iha-race.com\\\/it\\\/prodotto\\\/bateria-tattu-450mah-11-1v-75c-3s1p-con-conector-xt30\\\/#breadcrumb\",\"itemListElement\":[{\"@type\":\"ListItem\",\"position\":1,\"name\":\"Portada\",\"item\":\"https:\\\/\\\/iha-race.com\\\/it\\\/\"},{\"@type\":\"ListItem\",\"position\":2,\"name\":\"Negozio\",\"item\":\"https:\\\/\\\/iha-race.com\\\/it\\\/negozio\\\/\"},{\"@type\":\"ListItem\",\"position\":3,\"name\":\"Batteria Tattu 450mAh 11.1V 75C 3S1P con connettore XT30\"}]},{\"@type\":\"WebSite\",\"@id\":\"https:\\\/\\\/iha-race.com\\\/it\\\/#website\",\"url\":\"https:\\\/\\\/iha-race.com\\\/it\\\/\",\"name\":\"Iha Race\",\"description\":\"Comprar drones de carreras FPV env\u00edos en un d\u00eda desde Espa\u00f1a\",\"publisher\":{\"@id\":\"https:\\\/\\\/iha-race.com\\\/it\\\/#organization\"},\"potentialAction\":[{\"@type\":\"SearchAction\",\"target\":{\"@type\":\"EntryPoint\",\"urlTemplate\":\"https:\\\/\\\/iha-race.com\\\/it\\\/?s={search_term_string}\"},\"query-input\":{\"@type\":\"PropertyValueSpecification\",\"valueRequired\":true,\"valueName\":\"search_term_string\"}}],\"inLanguage\":\"it-IT\"},{\"@type\":\"Organization\",\"@id\":\"https:\\\/\\\/iha-race.com\\\/it\\\/#organization\",\"name\":\"Iha Race\",\"url\":\"https:\\\/\\\/iha-race.com\\\/it\\\/\",\"logo\":{\"@type\":\"ImageObject\",\"inLanguage\":\"it-IT\",\"@id\":\"https:\\\/\\\/iha-race.com\\\/it\\\/#\\\/schema\\\/logo\\\/image\\\/\",\"url\":\"https:\\\/\\\/iha-race.com\\\/wp-content\\\/uploads\\\/2018\\\/07\\\/iha-race-drones-de-carreras-tienda-comprar-drones.png\",\"contentUrl\":\"https:\\\/\\\/iha-race.com\\\/wp-content\\\/uploads\\\/2018\\\/07\\\/iha-race-drones-de-carreras-tienda-comprar-drones.png\",\"width\":300,\"height\":100,\"caption\":\"Iha Race\"},\"image\":{\"@id\":\"https:\\\/\\\/iha-race.com\\\/it\\\/#\\\/schema\\\/logo\\\/image\\\/\"}}]}<\/script>\n<!-- \/ Yoast SEO plugin. -->","yoast_head_json":{"title":"Batteria Tattu 450mAh 11.1V 75C 3S1P con connettore XT30 - Iha Race","robots":{"index":"index","follow":"follow","max-snippet":"max-snippet:-1","max-image-preview":"max-image-preview:large","max-video-preview":"max-video-preview:-1"},"canonical":"https:\/\/iha-race.com\/it\/prodotto\/bateria-tattu-450mah-11-1v-75c-3s1p-con-conector-xt30\/","og_locale":"it_IT","og_type":"article","og_title":"Batteria Tattu 450mAh 11.1V 75C 3S1P con connettore XT30 - Iha Race","og_description":"Batteria Tattu 450mAh 11.1V 75C 3S1P con connettore XT30 Tutte le LiPo di Tattu sono imballate con materiali resistenti alle vibrazioni e al fuoco, mentre la nostra scatola per batterie","og_url":"https:\/\/iha-race.com\/it\/prodotto\/bateria-tattu-450mah-11-1v-75c-3s1p-con-conector-xt30\/","og_site_name":"Iha Race","article_modified_time":"2024-08-11T16:39:29+00:00","og_image":[{"width":800,"height":800,"url":"https:\/\/iha-race.com\/wp-content\/uploads\/2018\/07\/tattu-450mah-11-1v-75c-3s1p-bateria-lipo-xt30-1.jpg","type":"image\/jpeg"}],"twitter_card":"summary_large_image","twitter_misc":{"Tempo di lettura stimato":"1 minuto"},"schema":{"@context":"https:\/\/schema.org","@graph":[{"@type":"WebPage","@id":"https:\/\/iha-race.com\/it\/prodotto\/bateria-tattu-450mah-11-1v-75c-3s1p-con-conector-xt30\/","url":"https:\/\/iha-race.com\/it\/prodotto\/bateria-tattu-450mah-11-1v-75c-3s1p-con-conector-xt30\/","name":"Batteria Tattu 450mAh 11.1V 75C 3S1P con connettore XT30 - Iha Race","isPartOf":{"@id":"https:\/\/iha-race.com\/it\/#website"},"primaryImageOfPage":{"@id":"https:\/\/iha-race.com\/it\/prodotto\/bateria-tattu-450mah-11-1v-75c-3s1p-con-conector-xt30\/#primaryimage"},"image":{"@id":"https:\/\/iha-race.com\/it\/prodotto\/bateria-tattu-450mah-11-1v-75c-3s1p-con-conector-xt30\/#primaryimage"},"thumbnailUrl":"https:\/\/iha-race.com\/wp-content\/uploads\/2018\/07\/tattu-450mah-11-1v-75c-3s1p-bateria-lipo-xt30-1.jpg","datePublished":"2018-07-13T14:09:14+00:00","dateModified":"2024-08-11T16:39:29+00:00","breadcrumb":{"@id":"https:\/\/iha-race.com\/it\/prodotto\/bateria-tattu-450mah-11-1v-75c-3s1p-con-conector-xt30\/#breadcrumb"},"inLanguage":"it-IT","potentialAction":[{"@type":"ReadAction","target":["https:\/\/iha-race.com\/it\/prodotto\/bateria-tattu-450mah-11-1v-75c-3s1p-con-conector-xt30\/"]}]},{"@type":"ImageObject","inLanguage":"it-IT","@id":"https:\/\/iha-race.com\/it\/prodotto\/bateria-tattu-450mah-11-1v-75c-3s1p-con-conector-xt30\/#primaryimage","url":"https:\/\/iha-race.com\/wp-content\/uploads\/2018\/07\/tattu-450mah-11-1v-75c-3s1p-bateria-lipo-xt30-1.jpg","contentUrl":"https:\/\/iha-race.com\/wp-content\/uploads\/2018\/07\/tattu-450mah-11-1v-75c-3s1p-bateria-lipo-xt30-1.jpg","width":800,"height":800,"caption":"tattu-450mah-11-1v-75c-3s1p-bateria-lipo-xt30"},{"@type":"BreadcrumbList","@id":"https:\/\/iha-race.com\/it\/prodotto\/bateria-tattu-450mah-11-1v-75c-3s1p-con-conector-xt30\/#breadcrumb","itemListElement":[{"@type":"ListItem","position":1,"name":"Portada","item":"https:\/\/iha-race.com\/it\/"},{"@type":"ListItem","position":2,"name":"Negozio","item":"https:\/\/iha-race.com\/it\/negozio\/"},{"@type":"ListItem","position":3,"name":"Batteria Tattu 450mAh 11.1V 75C 3S1P con connettore XT30"}]},{"@type":"WebSite","@id":"https:\/\/iha-race.com\/it\/#website","url":"https:\/\/iha-race.com\/it\/","name":"Iha Race","description":"Comprar drones de carreras FPV env\u00edos en un d\u00eda desde Espa\u00f1a","publisher":{"@id":"https:\/\/iha-race.com\/it\/#organization"},"potentialAction":[{"@type":"SearchAction","target":{"@type":"EntryPoint","urlTemplate":"https:\/\/iha-race.com\/it\/?s={search_term_string}"},"query-input":{"@type":"PropertyValueSpecification","valueRequired":true,"valueName":"search_term_string"}}],"inLanguage":"it-IT"},{"@type":"Organization","@id":"https:\/\/iha-race.com\/it\/#organization","name":"Iha Race","url":"https:\/\/iha-race.com\/it\/","logo":{"@type":"ImageObject","inLanguage":"it-IT","@id":"https:\/\/iha-race.com\/it\/#\/schema\/logo\/image\/","url":"https:\/\/iha-race.com\/wp-content\/uploads\/2018\/07\/iha-race-drones-de-carreras-tienda-comprar-drones.png","contentUrl":"https:\/\/iha-race.com\/wp-content\/uploads\/2018\/07\/iha-race-drones-de-carreras-tienda-comprar-drones.png","width":300,"height":100,"caption":"Iha Race"},"image":{"@id":"https:\/\/iha-race.com\/it\/#\/schema\/logo\/image\/"}}]}},"brands":[],"_links":{"self":[{"href":"https:\/\/iha-race.com\/it\/wp-json\/wp\/v2\/product\/110758","targetHints":{"allow":["GET"]}}],"collection":[{"href":"https:\/\/iha-race.com\/it\/wp-json\/wp\/v2\/product"}],"about":[{"href":"https:\/\/iha-race.com\/it\/wp-json\/wp\/v2\/types\/product"}],"replies":[{"embeddable":true,"href":"https:\/\/iha-race.com\/it\/wp-json\/wp\/v2\/comments?post=110758"}],"version-history":[{"count":2,"href":"https:\/\/iha-race.com\/it\/wp-json\/wp\/v2\/product\/110758\/revisions"}],"predecessor-version":[{"id":248013,"href":"https:\/\/iha-race.com\/it\/wp-json\/wp\/v2\/product\/110758\/revisions\/248013"}],"wp:featuredmedia":[{"embeddable":true,"href":"https:\/\/iha-race.com\/it\/wp-json\/wp\/v2\/media\/94259"}],"wp:attachment":[{"href":"https:\/\/iha-race.com\/it\/wp-json\/wp\/v2\/media?parent=110758"}],"wp:term":[{"taxonomy":"pwb-brand","embeddable":true,"href":"https:\/\/iha-race.com\/it\/wp-json\/wp\/v2\/pwb-brand?post=110758"},{"taxonomy":"product_cat","embeddable":true,"href":"https:\/\/iha-race.com\/it\/wp-json\/wp\/v2\/product_cat?post=110758"},{"taxonomy":"product_tag","embeddable":true,"href":"https:\/\/iha-race.com\/it\/wp-json\/wp\/v2\/product_tag?post=110758"}],"curies":[{"name":"wp","href":"https:\/\/api.w.org\/{rel}","templated":true}]}}