{"id":110743,"date":"2018-07-13T16:03:06","date_gmt":"2018-07-13T14:03:06","guid":{"rendered":"https:\/\/iha-race.com\/producto\/batteria-lipo-tattu-450mah-14-8v-75c-4s1p-xt30-varie-dimensioni\/"},"modified":"2024-08-29T17:00:53","modified_gmt":"2024-08-29T15:00:53","slug":"bateria-lipo-tattu-450mah-148v-75c-4s1p-xt30-varios-tamanos","status":"publish","type":"product","link":"https:\/\/iha-race.com\/it\/prodotto\/bateria-lipo-tattu-450mah-148v-75c-4s1p-xt30-varios-tamanos\/","title":{"rendered":"Batteria Lipo Tattu 450mAh 14.8V 75C 4S1P XT30 &#8211; Varie dimensioni"},"content":{"rendered":"<h2>Batteria Lipo Tattu 450mAh 14.8V 75C 4S1P XT30 &#8211; Varie dimensioni<\/h2>\n<h2>Dimensione standard<\/h2>\n<p>  Batteria Lipo Tattu 450mAh 4S 75C; \u00e8 una batteria di alta qualit\u00e0 e ad alta velocit\u00e0 di scarica. La nostra batteria \u00e8 progettata per il Multirotore FPV 150 e la maggior parte dei piloti FPV sceglie questa Lipo Tatu 450mAh per le gare.  <\/p>\n<h3><strong>Specifiche:<\/strong><\/h3>\n<ul>\n<li>Capacit\u00e0: 450mAh<\/li>\n<li>Tensione: 14,8V \/ 4S<\/li>\n<li>Velocit\u00e0 di download: 75C<\/li>\n<li>Peso: 55 g<\/li>\n<li>Dimensioni: 45 * 24 * 27 mm<\/li>\n<li>Velocit\u00e0 di carica: 1-3C consigliata, 5C massima<\/li>\n<\/ul>\n<h2>Dimensione lunga per telaio ad H<\/h2>\n<p>  La straordinaria tecnologia di impilamento consente di ottenere capacit\u00e0 di 450 mAh per singola cella con elevate prestazioni di scarica e alta densit\u00e0 energetica. Le batterie Tattu ai polimeri di litio di qualit\u00e0 superiore, provenienti dal Giappone e dalla Corea, forniscono un&#8217;alimentazione affidabile e di alta qualit\u00e0 per il tuo Multirotore FPV di dimensioni 150, adatto a BetaFPV HX115 HD, BetaFPV Beta85X, Beta95X.  <\/p>\n<h3><strong>Specifiche:<\/strong><\/h3>\n<ul>\n<li>Tipo di prodotto: batteria lipo<\/li>\n<li>Capacit\u00e0: 450mAh<\/li>\n<li>Tensione: 14,8 V<\/li>\n<li>Massima scarica continua: 75C (33,75A)<\/li>\n<li>Scarica massima: 150C (67,5A)<\/li>\n<li>Peso: 58 g<\/li>\n<li>Dimensioni: 64,5 * 16,5 * 27 mm<\/li>\n<li>Spina di bilanciamento: JST-XHR<\/li>\n<li>Presa di scarico: XT-30<\/li>\n<li>Velocit\u00e0 di ricarica: 1-3C Consigliata<\/li>\n<\/ul>\n<h2>Il pacchetto comprende:<\/h2>\n<ul>\n<li>1 batteria Lipo Tattu 450mAh 14.8V 75C 4S1P XT30 (misura standard o lunga)<\/li>\n<\/ul>\n","protected":false},"excerpt":{"rendered":"<p>Batteria Lipo Tattu 450mAh 14.8V 75C 4S1P XT30 &#8211; Varie dimensioni Dimensione standard Batteria Lipo Tattu 450mAh 4S 75C; \u00e8 una batteria di alta qualit\u00e0 e ad alta velocit\u00e0 di<\/p>\n","protected":false},"featured_media":97956,"comment_status":"open","ping_status":"closed","template":"","meta":{"_joinchat":[]},"pwb-brand":[],"product_cat":[1065,1074],"product_tag":[],"class_list":{"0":"post-110743","1":"product","2":"type-product","3":"status-publish","4":"has-post-thumbnail","6":"product_cat-batterie-fpv","7":"product_cat-s4-it","9":"first","10":"instock","11":"taxable","12":"shipping-taxable","13":"purchasable","14":"product-type-variable"},"barcode":null,"atum_controlled":true,"out_stock_date":null,"out_stock_threshold":null,"inheritable":true,"stock_on_hold":0,"sold_today":0,"sales_last_days":0,"out_stock_days":0,"lost_sales":0,"update_date":"2026-04-12T07:50:31","atum_locations":[],"atum_stock_status":"instock","restock_status":false,"low_stock_amount":"","sales_update_date":"2026-04-12T07:50:31","calc_backorders":null,"yoast_head":"<!-- This site is optimized with the Yoast SEO plugin v27.3 - https:\/\/yoast.com\/product\/yoast-seo-wordpress\/ -->\n<title>Batteria Lipo Tattu 450mAh 14.8V 75C 4S1P XT30 - Varie dimensioni - Iha Race<\/title>\n<meta name=\"robots\" content=\"index, follow, max-snippet:-1, max-image-preview:large, max-video-preview:-1\" \/>\n<link rel=\"canonical\" href=\"https:\/\/iha-race.com\/it\/prodotto\/bateria-lipo-tattu-450mah-148v-75c-4s1p-xt30-varios-tamanos\/\" \/>\n<meta property=\"og:locale\" content=\"it_IT\" \/>\n<meta property=\"og:type\" content=\"article\" \/>\n<meta property=\"og:title\" content=\"Batteria Lipo Tattu 450mAh 14.8V 75C 4S1P XT30 - Varie dimensioni - Iha Race\" \/>\n<meta property=\"og:description\" content=\"Batteria Lipo Tattu 450mAh 14.8V 75C 4S1P XT30 &#8211; Varie dimensioni Dimensione standard Batteria Lipo Tattu 450mAh 4S 75C; \u00e8 una batteria di alta qualit\u00e0 e ad alta velocit\u00e0 di\" \/>\n<meta property=\"og:url\" content=\"https:\/\/iha-race.com\/it\/prodotto\/bateria-lipo-tattu-450mah-148v-75c-4s1p-xt30-varios-tamanos\/\" \/>\n<meta property=\"og:site_name\" content=\"Iha Race\" \/>\n<meta property=\"article:modified_time\" content=\"2024-08-29T15:00:53+00:00\" \/>\n<meta property=\"og:image\" content=\"https:\/\/iha-race.com\/wp-content\/uploads\/2018\/07\/bateria-lipo-tattu-450-mAh-148V-75c-4S1P-XT30.jpg\" \/>\n\t<meta property=\"og:image:width\" content=\"800\" \/>\n\t<meta property=\"og:image:height\" content=\"800\" \/>\n\t<meta property=\"og:image:type\" content=\"image\/jpeg\" \/>\n<meta name=\"twitter:card\" content=\"summary_large_image\" \/>\n<meta name=\"twitter:label1\" content=\"Tempo di lettura stimato\" \/>\n\t<meta name=\"twitter:data1\" content=\"1 minuto\" \/>\n<script type=\"application\/ld+json\" class=\"yoast-schema-graph\">{\"@context\":\"https:\\\/\\\/schema.org\",\"@graph\":[{\"@type\":\"WebPage\",\"@id\":\"https:\\\/\\\/iha-race.com\\\/it\\\/prodotto\\\/bateria-lipo-tattu-450mah-148v-75c-4s1p-xt30-varios-tamanos\\\/\",\"url\":\"https:\\\/\\\/iha-race.com\\\/it\\\/prodotto\\\/bateria-lipo-tattu-450mah-148v-75c-4s1p-xt30-varios-tamanos\\\/\",\"name\":\"Batteria Lipo Tattu 450mAh 14.8V 75C 4S1P XT30 - Varie dimensioni - Iha Race\",\"isPartOf\":{\"@id\":\"https:\\\/\\\/iha-race.com\\\/it\\\/#website\"},\"primaryImageOfPage\":{\"@id\":\"https:\\\/\\\/iha-race.com\\\/it\\\/prodotto\\\/bateria-lipo-tattu-450mah-148v-75c-4s1p-xt30-varios-tamanos\\\/#primaryimage\"},\"image\":{\"@id\":\"https:\\\/\\\/iha-race.com\\\/it\\\/prodotto\\\/bateria-lipo-tattu-450mah-148v-75c-4s1p-xt30-varios-tamanos\\\/#primaryimage\"},\"thumbnailUrl\":\"https:\\\/\\\/iha-race.com\\\/wp-content\\\/uploads\\\/2018\\\/07\\\/bateria-lipo-tattu-450-mAh-148V-75c-4S1P-XT30.jpg\",\"datePublished\":\"2018-07-13T14:03:06+00:00\",\"dateModified\":\"2024-08-29T15:00:53+00:00\",\"breadcrumb\":{\"@id\":\"https:\\\/\\\/iha-race.com\\\/it\\\/prodotto\\\/bateria-lipo-tattu-450mah-148v-75c-4s1p-xt30-varios-tamanos\\\/#breadcrumb\"},\"inLanguage\":\"it-IT\",\"potentialAction\":[{\"@type\":\"ReadAction\",\"target\":[\"https:\\\/\\\/iha-race.com\\\/it\\\/prodotto\\\/bateria-lipo-tattu-450mah-148v-75c-4s1p-xt30-varios-tamanos\\\/\"]}]},{\"@type\":\"ImageObject\",\"inLanguage\":\"it-IT\",\"@id\":\"https:\\\/\\\/iha-race.com\\\/it\\\/prodotto\\\/bateria-lipo-tattu-450mah-148v-75c-4s1p-xt30-varios-tamanos\\\/#primaryimage\",\"url\":\"https:\\\/\\\/iha-race.com\\\/wp-content\\\/uploads\\\/2018\\\/07\\\/bateria-lipo-tattu-450-mAh-148V-75c-4S1P-XT30.jpg\",\"contentUrl\":\"https:\\\/\\\/iha-race.com\\\/wp-content\\\/uploads\\\/2018\\\/07\\\/bateria-lipo-tattu-450-mAh-148V-75c-4S1P-XT30.jpg\",\"width\":800,\"height\":800,\"caption\":\"acquistare il pi\u00f9 economico batteria-lipo-tattu-450-mAh-148V-75c-4S1P-XT30 spagna\"},{\"@type\":\"BreadcrumbList\",\"@id\":\"https:\\\/\\\/iha-race.com\\\/it\\\/prodotto\\\/bateria-lipo-tattu-450mah-148v-75c-4s1p-xt30-varios-tamanos\\\/#breadcrumb\",\"itemListElement\":[{\"@type\":\"ListItem\",\"position\":1,\"name\":\"Portada\",\"item\":\"https:\\\/\\\/iha-race.com\\\/it\\\/\"},{\"@type\":\"ListItem\",\"position\":2,\"name\":\"Negozio\",\"item\":\"https:\\\/\\\/iha-race.com\\\/it\\\/negozio\\\/\"},{\"@type\":\"ListItem\",\"position\":3,\"name\":\"Batteria Lipo Tattu 450mAh 14.8V 75C 4S1P XT30 &#8211; Varie dimensioni\"}]},{\"@type\":\"WebSite\",\"@id\":\"https:\\\/\\\/iha-race.com\\\/it\\\/#website\",\"url\":\"https:\\\/\\\/iha-race.com\\\/it\\\/\",\"name\":\"Iha Race\",\"description\":\"Comprar drones de carreras FPV env\u00edos en un d\u00eda desde Espa\u00f1a\",\"publisher\":{\"@id\":\"https:\\\/\\\/iha-race.com\\\/it\\\/#organization\"},\"potentialAction\":[{\"@type\":\"SearchAction\",\"target\":{\"@type\":\"EntryPoint\",\"urlTemplate\":\"https:\\\/\\\/iha-race.com\\\/it\\\/?s={search_term_string}\"},\"query-input\":{\"@type\":\"PropertyValueSpecification\",\"valueRequired\":true,\"valueName\":\"search_term_string\"}}],\"inLanguage\":\"it-IT\"},{\"@type\":\"Organization\",\"@id\":\"https:\\\/\\\/iha-race.com\\\/it\\\/#organization\",\"name\":\"Iha Race\",\"url\":\"https:\\\/\\\/iha-race.com\\\/it\\\/\",\"logo\":{\"@type\":\"ImageObject\",\"inLanguage\":\"it-IT\",\"@id\":\"https:\\\/\\\/iha-race.com\\\/it\\\/#\\\/schema\\\/logo\\\/image\\\/\",\"url\":\"https:\\\/\\\/iha-race.com\\\/wp-content\\\/uploads\\\/2018\\\/07\\\/iha-race-drones-de-carreras-tienda-comprar-drones.png\",\"contentUrl\":\"https:\\\/\\\/iha-race.com\\\/wp-content\\\/uploads\\\/2018\\\/07\\\/iha-race-drones-de-carreras-tienda-comprar-drones.png\",\"width\":300,\"height\":100,\"caption\":\"Iha Race\"},\"image\":{\"@id\":\"https:\\\/\\\/iha-race.com\\\/it\\\/#\\\/schema\\\/logo\\\/image\\\/\"}}]}<\/script>\n<!-- \/ Yoast SEO plugin. -->","yoast_head_json":{"title":"Batteria Lipo Tattu 450mAh 14.8V 75C 4S1P XT30 - Varie dimensioni - Iha Race","robots":{"index":"index","follow":"follow","max-snippet":"max-snippet:-1","max-image-preview":"max-image-preview:large","max-video-preview":"max-video-preview:-1"},"canonical":"https:\/\/iha-race.com\/it\/prodotto\/bateria-lipo-tattu-450mah-148v-75c-4s1p-xt30-varios-tamanos\/","og_locale":"it_IT","og_type":"article","og_title":"Batteria Lipo Tattu 450mAh 14.8V 75C 4S1P XT30 - Varie dimensioni - Iha Race","og_description":"Batteria Lipo Tattu 450mAh 14.8V 75C 4S1P XT30 &#8211; Varie dimensioni Dimensione standard Batteria Lipo Tattu 450mAh 4S 75C; \u00e8 una batteria di alta qualit\u00e0 e ad alta velocit\u00e0 di","og_url":"https:\/\/iha-race.com\/it\/prodotto\/bateria-lipo-tattu-450mah-148v-75c-4s1p-xt30-varios-tamanos\/","og_site_name":"Iha Race","article_modified_time":"2024-08-29T15:00:53+00:00","og_image":[{"width":800,"height":800,"url":"https:\/\/iha-race.com\/wp-content\/uploads\/2018\/07\/bateria-lipo-tattu-450-mAh-148V-75c-4S1P-XT30.jpg","type":"image\/jpeg"}],"twitter_card":"summary_large_image","twitter_misc":{"Tempo di lettura stimato":"1 minuto"},"schema":{"@context":"https:\/\/schema.org","@graph":[{"@type":"WebPage","@id":"https:\/\/iha-race.com\/it\/prodotto\/bateria-lipo-tattu-450mah-148v-75c-4s1p-xt30-varios-tamanos\/","url":"https:\/\/iha-race.com\/it\/prodotto\/bateria-lipo-tattu-450mah-148v-75c-4s1p-xt30-varios-tamanos\/","name":"Batteria Lipo Tattu 450mAh 14.8V 75C 4S1P XT30 - Varie dimensioni - Iha Race","isPartOf":{"@id":"https:\/\/iha-race.com\/it\/#website"},"primaryImageOfPage":{"@id":"https:\/\/iha-race.com\/it\/prodotto\/bateria-lipo-tattu-450mah-148v-75c-4s1p-xt30-varios-tamanos\/#primaryimage"},"image":{"@id":"https:\/\/iha-race.com\/it\/prodotto\/bateria-lipo-tattu-450mah-148v-75c-4s1p-xt30-varios-tamanos\/#primaryimage"},"thumbnailUrl":"https:\/\/iha-race.com\/wp-content\/uploads\/2018\/07\/bateria-lipo-tattu-450-mAh-148V-75c-4S1P-XT30.jpg","datePublished":"2018-07-13T14:03:06+00:00","dateModified":"2024-08-29T15:00:53+00:00","breadcrumb":{"@id":"https:\/\/iha-race.com\/it\/prodotto\/bateria-lipo-tattu-450mah-148v-75c-4s1p-xt30-varios-tamanos\/#breadcrumb"},"inLanguage":"it-IT","potentialAction":[{"@type":"ReadAction","target":["https:\/\/iha-race.com\/it\/prodotto\/bateria-lipo-tattu-450mah-148v-75c-4s1p-xt30-varios-tamanos\/"]}]},{"@type":"ImageObject","inLanguage":"it-IT","@id":"https:\/\/iha-race.com\/it\/prodotto\/bateria-lipo-tattu-450mah-148v-75c-4s1p-xt30-varios-tamanos\/#primaryimage","url":"https:\/\/iha-race.com\/wp-content\/uploads\/2018\/07\/bateria-lipo-tattu-450-mAh-148V-75c-4S1P-XT30.jpg","contentUrl":"https:\/\/iha-race.com\/wp-content\/uploads\/2018\/07\/bateria-lipo-tattu-450-mAh-148V-75c-4S1P-XT30.jpg","width":800,"height":800,"caption":"acquistare il pi\u00f9 economico batteria-lipo-tattu-450-mAh-148V-75c-4S1P-XT30 spagna"},{"@type":"BreadcrumbList","@id":"https:\/\/iha-race.com\/it\/prodotto\/bateria-lipo-tattu-450mah-148v-75c-4s1p-xt30-varios-tamanos\/#breadcrumb","itemListElement":[{"@type":"ListItem","position":1,"name":"Portada","item":"https:\/\/iha-race.com\/it\/"},{"@type":"ListItem","position":2,"name":"Negozio","item":"https:\/\/iha-race.com\/it\/negozio\/"},{"@type":"ListItem","position":3,"name":"Batteria Lipo Tattu 450mAh 14.8V 75C 4S1P XT30 &#8211; Varie dimensioni"}]},{"@type":"WebSite","@id":"https:\/\/iha-race.com\/it\/#website","url":"https:\/\/iha-race.com\/it\/","name":"Iha Race","description":"Comprar drones de carreras FPV env\u00edos en un d\u00eda desde Espa\u00f1a","publisher":{"@id":"https:\/\/iha-race.com\/it\/#organization"},"potentialAction":[{"@type":"SearchAction","target":{"@type":"EntryPoint","urlTemplate":"https:\/\/iha-race.com\/it\/?s={search_term_string}"},"query-input":{"@type":"PropertyValueSpecification","valueRequired":true,"valueName":"search_term_string"}}],"inLanguage":"it-IT"},{"@type":"Organization","@id":"https:\/\/iha-race.com\/it\/#organization","name":"Iha Race","url":"https:\/\/iha-race.com\/it\/","logo":{"@type":"ImageObject","inLanguage":"it-IT","@id":"https:\/\/iha-race.com\/it\/#\/schema\/logo\/image\/","url":"https:\/\/iha-race.com\/wp-content\/uploads\/2018\/07\/iha-race-drones-de-carreras-tienda-comprar-drones.png","contentUrl":"https:\/\/iha-race.com\/wp-content\/uploads\/2018\/07\/iha-race-drones-de-carreras-tienda-comprar-drones.png","width":300,"height":100,"caption":"Iha Race"},"image":{"@id":"https:\/\/iha-race.com\/it\/#\/schema\/logo\/image\/"}}]}},"brands":[],"_links":{"self":[{"href":"https:\/\/iha-race.com\/it\/wp-json\/wp\/v2\/product\/110743","targetHints":{"allow":["GET"]}}],"collection":[{"href":"https:\/\/iha-race.com\/it\/wp-json\/wp\/v2\/product"}],"about":[{"href":"https:\/\/iha-race.com\/it\/wp-json\/wp\/v2\/types\/product"}],"replies":[{"embeddable":true,"href":"https:\/\/iha-race.com\/it\/wp-json\/wp\/v2\/comments?post=110743"}],"version-history":[{"count":2,"href":"https:\/\/iha-race.com\/it\/wp-json\/wp\/v2\/product\/110743\/revisions"}],"predecessor-version":[{"id":250618,"href":"https:\/\/iha-race.com\/it\/wp-json\/wp\/v2\/product\/110743\/revisions\/250618"}],"wp:featuredmedia":[{"embeddable":true,"href":"https:\/\/iha-race.com\/it\/wp-json\/wp\/v2\/media\/97956"}],"wp:attachment":[{"href":"https:\/\/iha-race.com\/it\/wp-json\/wp\/v2\/media?parent=110743"}],"wp:term":[{"taxonomy":"pwb-brand","embeddable":true,"href":"https:\/\/iha-race.com\/it\/wp-json\/wp\/v2\/pwb-brand?post=110743"},{"taxonomy":"product_cat","embeddable":true,"href":"https:\/\/iha-race.com\/it\/wp-json\/wp\/v2\/product_cat?post=110743"},{"taxonomy":"product_tag","embeddable":true,"href":"https:\/\/iha-race.com\/it\/wp-json\/wp\/v2\/product_tag?post=110743"}],"curies":[{"name":"wp","href":"https:\/\/api.w.org\/{rel}","templated":true}]}}