{"id":110732,"date":"2020-01-31T17:25:08","date_gmt":"2020-01-31T16:25:08","guid":{"rendered":"https:\/\/iha-race.com\/rimborsi-e-restituzioni\/"},"modified":"2022-08-05T12:27:02","modified_gmt":"2022-08-05T10:27:02","slug":"rimborsi-e-restituzioni","status":"publish","type":"page","link":"https:\/\/iha-race.com\/it\/rimborsi-e-restituzioni\/","title":{"rendered":"Rimborsi e restituzioni"},"content":{"rendered":"\n<h2 class=\"wp-block-heading\">Restituzione della merce:<\/h2>\n\n<p>La nostra politica, in conformit\u00e0 con le normative vigenti, prevede il diritto di restituire qualsiasi articolo acquistato da IHA, SL entro 15<strong> giorni<\/strong> dalla data di ricevimento. Non dovrete fornire alcuna spiegazione, qualsiasi articolo, acquistato presso IHA, SL, restituito nella sua confezione originale, sigillato e in perfette condizioni sar\u00e0 accettato senza ulteriori indugi.<\/p>\n\n<p>Entro un periodo massimo di 10 <strong>giorni<\/strong> dal ricevimento del reso, IHA, SL si impegna a rimborsare il cliente.<\/p>\n\n<p><strong>Prima di restituire la merce<\/strong>, il cliente dovr\u00e0 <strong>informare IHASL<\/strong><\/p>\n\n<p>Se il motivo della restituzione \u00e8 che l&#8217;articolo restituito non corrisponde a quanto richiesto nell&#8217;ordine, IHASL si far\u00e0 carico delle spese di restituzione e rispedizione. Ai sensi dell&#8217;articolo 107.1 LGDCU, se il motivo della restituzione \u00e8 che l&#8217;ordine non vi soddisfa, vi rimborseremo l&#8217;importo della merce senza le spese di spedizione.<strong>. Il costo della spedizione di ritorno \u00e8 a carico del consumatore.<\/strong>.<\/p>\n\n<h2 class=\"wp-block-heading\">Cancellazione dell&#8217;ordine:<\/h2>\n\n<p>Se l&#8217;annullamento dell&#8217;ordine avviene prima della spedizione della merce, il cliente non dovr\u00e0 sostenere alcun costo.<\/p>\n\n<p><strong>Garanzie sui prodotti:<\/strong><\/p>\n\n<p>IHA, SL garantisce i prodotti venduti con il suo marchio IHA-Race contro i difetti di fabbricazione per un periodo di 2 anni dalla data di acquisto, gli altri marchi assumono questa stessa garanzia ma gestita dal suo servizio tecnico, nel caso in cui qualcuno di essi non la assuma, IHA, SL se ne occuper\u00e0. Trascorsi sei mesi dalla data di acquisto, sar\u00e0 necessario che il consumatore dimostri che il difetto di conformit\u00e0 esisteva fin dal momento dell&#8217;acquisto.<\/p>\n\n<p>I costi generati per motivi di garanzia, saranno a carico di IHA, SL, anche se il cliente restituir\u00e0 il prodotto nel modo che pi\u00f9 interessa il prodotto, una volta che il servizio tecnico di IHA, SL ammette che il prodotto \u00e8 conforme alla garanzia IHA, SL si prender\u00e0 cura dei costi sostenuti.<\/p>\n\n<p>Il Cliente deve tenere conto, nel segnalare un prodotto difettoso, che per il corretto funzionamento dei prodotti \u00e8 indispensabile conoscerli perfettamente e averli assemblati correttamente, il tutto secondo le loro istruzioni. Per qualsiasi domanda, contattare IHA, SL.<\/p>\n\n<p><strong>In particolare, si noti che eventuali urti o colpi ricevuti dal prodotto in seguito all&#8217;uso previsto possono causare problemi interni con conseguente malfunzionamento del prodotto.<\/strong><\/p>\n\n<p>Il Cliente deve verificare, prima di procedere al montaggio, che le diverse parti che compongono il prodotto siano in perfette condizioni e, in caso contrario, contattare IHA, SL il prima possibile per procedere alla risoluzione del problema.<\/p>\n\n<p><strong>La garanzia non copre:<\/strong><\/p>\n\n<ul class=\"wp-block-list\"><li><strong>Danni causati da uso improprio o incidente, nonch\u00e9 dalla normale usura.<\/strong><\/li><li><strong>Difetti legati alla volont\u00e0 di superare i limiti previsti dalle specifiche del prodotto.<\/strong><\/li><li><strong>Saldatura difettosa e\/o errata sulle schede elettroniche e\/o sui circuiti integrati e\/o su qualsiasi altro componente che debba essere saldato <\/strong>(si raccomanda l&#8217;uso di <a href=\"https:\/\/iha-race.com\/producto\/pinzas-de-cocodrilo-para-electronica-5piezas\/\" target=\"_blank\" rel=\"noreferrer noopener\">fili a coccodrillo per<\/a> controllare il sistema prima dell&#8217;assemblaggio finale e definitivo).<\/li><\/ul>\n\n<p>Procedura per la riparazione o la sostituzione di un prodotto in garanzia:<\/p>\n\n<ul class=\"wp-block-list\"><li>In relazione agli incidenti dovuti a danni causati dal trasporto: il Cliente \u00e8 tenuto a verificare lo stato del pacco ricevuto e, nel caso in cui riscontri qualche anomalia, a segnalarlo sulla bolla di consegna fornita dall&#8217;agenzia di trasporto o dall&#8217;ufficio postale prima di firmarla. Questo passaggio \u00e8 essenziale per poter presentare una richiesta di risarcimento assicurativo in caso di danni da trasporto. In caso contrario, il Cliente rinuncer\u00e0 a qualsiasi rivendicazione in merito. Il Cliente dovr\u00e0 informare IHA, SL di qualsiasi incidente di questo tipo, al fine di intraprendere le opportune azioni con l&#8217;agenzia di trasporto, nonch\u00e9 di procedere alla sostituzione del prodotto danneggiato o delle singole parti coinvolte, quando ci\u00f2 sia possibile.<\/li><li>Se al ricevimento dell&#8217;ordine il Cliente si accorge che ci\u00f2 che ha ricevuto non corrisponde a ci\u00f2 che ha acquistato, o se manca un prodotto o una parte, deve informarci al pi\u00f9 presto, e comunque entro 2 giorni lavorativi, indicando il numero d&#8217;ordine. IHA, SL proceder\u00e0 a risolvere il problema senza alcun costo per il cliente.<\/li><li>Se al momento della ricezione dell&#8217;ordine il Cliente riscontra il mancato funzionamento di un prodotto, dopo aver verificato di conoscerne il funzionamento, il montaggio, le regolazioni, ecc. deve comunicarlo a IHA, SL entro 14 giorni. L&#8217;IHASL ritirer\u00e0 il prodotto. Una volta effettuati i controlli del caso, IHA, SL provveder\u00e0 a sostituirlo con uno nuovo, oppure proceder\u00e0 al rimborso dell&#8217;importo, comprese le spese di spedizione, se lo stesso prodotto non \u00e8 disponibile.<\/li><li>Se, dopo 14 giorni, si verifica un guasto legato a un difetto di fabbricazione, il Cliente deve contattare IHA, SL per ricevere istruzioni su come procedere. In questo caso le spese di spedizione sono a carico del cliente.<\/li><\/ul>\n\n<p>In uno qualsiasi dei casi sopra descritti, se dopo i relativi controlli si scopre che il prodotto non presenta difetti rientranti nelle fattispecie descritte, il prodotto verr\u00e0 restituito al cliente, che si far\u00e0 carico delle spese di restituzione del prodotto pi\u00f9 le spese sostenute dal servizio tecnico.<\/p>\n\n<p><strong>Esclusioni dalla garanzia.<\/strong><\/p>\n\n<p>Le batterie LiPo sono garantite solo per il primo giorno di utilizzo dalla data di ricezione del prodotto, in quanto si tratta di un prodotto che per la sua architettura e il tipo di utilizzo pu\u00f2 rompersi in qualsiasi momento. IHA, SL non \u00e8 responsabile per i danni causati dall&#8217;uso di batterie LiPo acquistate da IHASL.<\/p>\n\n<p>Raccomandazioni per l&#8217;uso di batterie LiPo:<\/p>\n\n<ul class=\"wp-block-list\"><li>Le batterie non devono mai essere scaricate al di sotto di 3 volt per cella per non renderle inutilizzabili.<\/li><li>Conservare e caricare in contenitori resistenti al fuoco.<\/li><li>Utilizzare sempre caricabatterie specifici per batterie LiPo con funzione di bilanciamento automatico.<\/li><li>Non riutilizzare le batterie se hanno subito una scossa e riporle in un contenitore ignifugo perch\u00e9 potrebbero prendere fuoco.<\/li><li>Non lasciare mai le batterie in carica senza la presenza di una persona.<\/li><\/ul>\n\n<h2 class=\"wp-block-heading\"><strong>Spedizione:<\/strong><\/h2>\n\n<ol class=\"wp-block-list\"><li>I prodotti acquistati saranno consegnati alla persona e all&#8217;indirizzo indicati nell&#8217;ordine.<\/li><li>Per impostazione predefinita, le fatture saranno inviate all&#8217;indirizzo e-mail indicato dal cliente al momento della registrazione presso IHASL.<\/li><li>Il sabato, la domenica e i giorni festivi non ci saranno consegne o consegne.<\/li><li>Tuttavia, il ritardo non comporta l&#8217;annullamento dell&#8217;ordine o il risarcimento.<\/li><li>Un ordine si considera consegnato quando il corriere consegna il pacco (o i pacchi) al cliente e il cliente firma il documento di ricevuta di consegna. \u00c8 responsabilit\u00e0 del cliente verificare le condizioni della merce al momento del ricevimento e indicare eventuali anomalie sulla bolla di consegna.<\/li><li>Per le consegne al di fuori della Spagna, vi preghiamo di contattarci.<\/li><\/ol>\n\n<p><strong>Non esitate a contattarci per qualsiasi domanda.<\/strong><\/p>\n\n<p><strong>Industrial &amp; Hobby Aircraft, S.L.<\/strong><\/p>\n","protected":false},"excerpt":{"rendered":"<p>Restituzione della merce: La nostra politica, in conformit\u00e0 con le normative vigenti, prevede il diritto di restituire qualsiasi articolo acquistato da IHA, SL entro 15 giorni dalla data di ricevimento.<\/p>\n","protected":false},"author":1,"featured_media":0,"parent":0,"menu_order":0,"comment_status":"closed","ping_status":"closed","template":"","meta":{"_joinchat":[],"footnotes":""},"class_list":["post-110732","page","type-page","status-publish","hentry"],"yoast_head":"<!-- This site is optimized with the Yoast SEO plugin v27.3 - https:\/\/yoast.com\/product\/yoast-seo-wordpress\/ -->\n<title>Rimborsi e restituzioni - Iha Race<\/title>\n<meta name=\"robots\" content=\"noindex, follow\" \/>\n<meta property=\"og:locale\" content=\"it_IT\" \/>\n<meta property=\"og:type\" content=\"article\" \/>\n<meta property=\"og:title\" content=\"Rimborsi e restituzioni - Iha Race\" \/>\n<meta property=\"og:description\" content=\"Restituzione della merce: La nostra politica, in conformit\u00e0 con le normative vigenti, prevede il diritto di restituire qualsiasi articolo acquistato da IHA, SL entro 15 giorni dalla data di ricevimento.\" \/>\n<meta property=\"og:url\" content=\"https:\/\/iha-race.com\/it\/rimborsi-e-restituzioni\/\" \/>\n<meta property=\"og:site_name\" content=\"Iha Race\" \/>\n<meta property=\"article:modified_time\" content=\"2022-08-05T10:27:02+00:00\" \/>\n<meta name=\"twitter:card\" content=\"summary_large_image\" \/>\n<meta name=\"twitter:label1\" content=\"Tempo di lettura stimato\" \/>\n\t<meta name=\"twitter:data1\" content=\"5 minuti\" \/>\n<script type=\"application\/ld+json\" class=\"yoast-schema-graph\">{\"@context\":\"https:\\\/\\\/schema.org\",\"@graph\":[{\"@type\":\"WebPage\",\"@id\":\"https:\\\/\\\/iha-race.com\\\/it\\\/rimborsi-e-restituzioni\\\/\",\"url\":\"https:\\\/\\\/iha-race.com\\\/it\\\/rimborsi-e-restituzioni\\\/\",\"name\":\"Rimborsi e restituzioni - Iha Race\",\"isPartOf\":{\"@id\":\"https:\\\/\\\/iha-race.com\\\/it\\\/#website\"},\"datePublished\":\"2020-01-31T16:25:08+00:00\",\"dateModified\":\"2022-08-05T10:27:02+00:00\",\"breadcrumb\":{\"@id\":\"https:\\\/\\\/iha-race.com\\\/it\\\/rimborsi-e-restituzioni\\\/#breadcrumb\"},\"inLanguage\":\"it-IT\",\"potentialAction\":[{\"@type\":\"ReadAction\",\"target\":[\"https:\\\/\\\/iha-race.com\\\/it\\\/rimborsi-e-restituzioni\\\/\"]}]},{\"@type\":\"BreadcrumbList\",\"@id\":\"https:\\\/\\\/iha-race.com\\\/it\\\/rimborsi-e-restituzioni\\\/#breadcrumb\",\"itemListElement\":[{\"@type\":\"ListItem\",\"position\":1,\"name\":\"Portada\",\"item\":\"https:\\\/\\\/iha-race.com\\\/it\\\/\"},{\"@type\":\"ListItem\",\"position\":2,\"name\":\"Rimborsi e restituzioni\"}]},{\"@type\":\"WebSite\",\"@id\":\"https:\\\/\\\/iha-race.com\\\/it\\\/#website\",\"url\":\"https:\\\/\\\/iha-race.com\\\/it\\\/\",\"name\":\"Iha Race\",\"description\":\"Comprar drones de carreras FPV env\u00edos en un d\u00eda desde Espa\u00f1a\",\"publisher\":{\"@id\":\"https:\\\/\\\/iha-race.com\\\/it\\\/#organization\"},\"potentialAction\":[{\"@type\":\"SearchAction\",\"target\":{\"@type\":\"EntryPoint\",\"urlTemplate\":\"https:\\\/\\\/iha-race.com\\\/it\\\/?s={search_term_string}\"},\"query-input\":{\"@type\":\"PropertyValueSpecification\",\"valueRequired\":true,\"valueName\":\"search_term_string\"}}],\"inLanguage\":\"it-IT\"},{\"@type\":\"Organization\",\"@id\":\"https:\\\/\\\/iha-race.com\\\/it\\\/#organization\",\"name\":\"Iha Race\",\"url\":\"https:\\\/\\\/iha-race.com\\\/it\\\/\",\"logo\":{\"@type\":\"ImageObject\",\"inLanguage\":\"it-IT\",\"@id\":\"https:\\\/\\\/iha-race.com\\\/it\\\/#\\\/schema\\\/logo\\\/image\\\/\",\"url\":\"https:\\\/\\\/iha-race.com\\\/wp-content\\\/uploads\\\/2018\\\/07\\\/iha-race-drones-de-carreras-tienda-comprar-drones.png\",\"contentUrl\":\"https:\\\/\\\/iha-race.com\\\/wp-content\\\/uploads\\\/2018\\\/07\\\/iha-race-drones-de-carreras-tienda-comprar-drones.png\",\"width\":300,\"height\":100,\"caption\":\"Iha Race\"},\"image\":{\"@id\":\"https:\\\/\\\/iha-race.com\\\/it\\\/#\\\/schema\\\/logo\\\/image\\\/\"}}]}<\/script>\n<!-- \/ Yoast SEO plugin. -->","yoast_head_json":{"title":"Rimborsi e restituzioni - Iha Race","robots":{"index":"noindex","follow":"follow"},"og_locale":"it_IT","og_type":"article","og_title":"Rimborsi e restituzioni - Iha Race","og_description":"Restituzione della merce: La nostra politica, in conformit\u00e0 con le normative vigenti, prevede il diritto di restituire qualsiasi articolo acquistato da IHA, SL entro 15 giorni dalla data di ricevimento.","og_url":"https:\/\/iha-race.com\/it\/rimborsi-e-restituzioni\/","og_site_name":"Iha Race","article_modified_time":"2022-08-05T10:27:02+00:00","twitter_card":"summary_large_image","twitter_misc":{"Tempo di lettura stimato":"5 minuti"},"schema":{"@context":"https:\/\/schema.org","@graph":[{"@type":"WebPage","@id":"https:\/\/iha-race.com\/it\/rimborsi-e-restituzioni\/","url":"https:\/\/iha-race.com\/it\/rimborsi-e-restituzioni\/","name":"Rimborsi e restituzioni - Iha Race","isPartOf":{"@id":"https:\/\/iha-race.com\/it\/#website"},"datePublished":"2020-01-31T16:25:08+00:00","dateModified":"2022-08-05T10:27:02+00:00","breadcrumb":{"@id":"https:\/\/iha-race.com\/it\/rimborsi-e-restituzioni\/#breadcrumb"},"inLanguage":"it-IT","potentialAction":[{"@type":"ReadAction","target":["https:\/\/iha-race.com\/it\/rimborsi-e-restituzioni\/"]}]},{"@type":"BreadcrumbList","@id":"https:\/\/iha-race.com\/it\/rimborsi-e-restituzioni\/#breadcrumb","itemListElement":[{"@type":"ListItem","position":1,"name":"Portada","item":"https:\/\/iha-race.com\/it\/"},{"@type":"ListItem","position":2,"name":"Rimborsi e restituzioni"}]},{"@type":"WebSite","@id":"https:\/\/iha-race.com\/it\/#website","url":"https:\/\/iha-race.com\/it\/","name":"Iha Race","description":"Comprar drones de carreras FPV env\u00edos en un d\u00eda desde Espa\u00f1a","publisher":{"@id":"https:\/\/iha-race.com\/it\/#organization"},"potentialAction":[{"@type":"SearchAction","target":{"@type":"EntryPoint","urlTemplate":"https:\/\/iha-race.com\/it\/?s={search_term_string}"},"query-input":{"@type":"PropertyValueSpecification","valueRequired":true,"valueName":"search_term_string"}}],"inLanguage":"it-IT"},{"@type":"Organization","@id":"https:\/\/iha-race.com\/it\/#organization","name":"Iha Race","url":"https:\/\/iha-race.com\/it\/","logo":{"@type":"ImageObject","inLanguage":"it-IT","@id":"https:\/\/iha-race.com\/it\/#\/schema\/logo\/image\/","url":"https:\/\/iha-race.com\/wp-content\/uploads\/2018\/07\/iha-race-drones-de-carreras-tienda-comprar-drones.png","contentUrl":"https:\/\/iha-race.com\/wp-content\/uploads\/2018\/07\/iha-race-drones-de-carreras-tienda-comprar-drones.png","width":300,"height":100,"caption":"Iha Race"},"image":{"@id":"https:\/\/iha-race.com\/it\/#\/schema\/logo\/image\/"}}]}},"jetpack_sharing_enabled":true,"_links":{"self":[{"href":"https:\/\/iha-race.com\/it\/wp-json\/wp\/v2\/pages\/110732","targetHints":{"allow":["GET"]}}],"collection":[{"href":"https:\/\/iha-race.com\/it\/wp-json\/wp\/v2\/pages"}],"about":[{"href":"https:\/\/iha-race.com\/it\/wp-json\/wp\/v2\/types\/page"}],"author":[{"embeddable":true,"href":"https:\/\/iha-race.com\/it\/wp-json\/wp\/v2\/users\/1"}],"replies":[{"embeddable":true,"href":"https:\/\/iha-race.com\/it\/wp-json\/wp\/v2\/comments?post=110732"}],"version-history":[{"count":1,"href":"https:\/\/iha-race.com\/it\/wp-json\/wp\/v2\/pages\/110732\/revisions"}],"predecessor-version":[{"id":110737,"href":"https:\/\/iha-race.com\/it\/wp-json\/wp\/v2\/pages\/110732\/revisions\/110737"}],"wp:attachment":[{"href":"https:\/\/iha-race.com\/it\/wp-json\/wp\/v2\/media?parent=110732"}],"curies":[{"name":"wp","href":"https:\/\/api.w.org\/{rel}","templated":true}]}}