{"id":110723,"date":"2020-02-04T09:04:27","date_gmt":"2020-02-04T08:04:27","guid":{"rendered":"https:\/\/iha-race.com\/metodi-di-pagamento\/"},"modified":"2022-08-05T12:27:00","modified_gmt":"2022-08-05T10:27:00","slug":"metodi-di-pagamento","status":"publish","type":"page","link":"https:\/\/iha-race.com\/it\/metodi-di-pagamento\/","title":{"rendered":"Metodi di pagamento"},"content":{"rendered":"\n<p>Al momento dell&#8217;ordine, il cliente \u00e8 libero di scegliere di pagare gli acquisti effettuati presso IHASL tramite:<\/p>\n\n<ul class=\"wp-block-list\"><li><strong>Carta di credito<\/strong> (gratuita)<\/li><li><strong>Conto Paypal<\/strong>. (Costo aggiuntivo del 2,5% dell&#8217;acquisto)<\/li><li><strong>Bonifico bancario<\/strong>. (Nessun costo aggiuntivo)<\/li><li><strong>Contanti alla consegna.  <\/strong>Solo in Spagna e Portogallo (costo minimo di 3\u20ac e da 100\u20ac al 3% fino a un massimo di 55\u20ac) questo costo \u00e8 applicato dalla societ\u00e0 di gestione della raccolta e l&#8217;IHASL non ne ricava alcun beneficio.<\/li><li>Frazionate il pagamento con SeQuraFrazionate il pagamento in 3, 6 o 12 rate mensili. Immediato, senza carta e con un costo fisso per ogni rata.<strong>Come funziona?<\/strong>\u00c8 inoltre possibile pagare l&#8217;intero ordine in qualsiasi momento senza alcun costo aggiuntivo.<strong>Quanto costa questo servizio?<\/strong><em>Il costo del servizio va da 3 a 27 euro a rata, a seconda dell&#8217;importo dell&#8217;ordine. Non ci sono interessi e non ci sono pagamenti aggiuntivi.<\/em><a href=\"https:\/\/www.sequra.es\/preguntas-frecuentes.html\" target=\"_blank\" rel=\"noreferrer noopener\">Ho altre domande<\/a><ol><li>Scegliete il pagamento rateale SeQura al momento dell&#8217;ordine e pagate solo la prima rata.<\/li><li>Ricevere l&#8217;ordine.<\/li><li>Tutti gli altri pagamenti saranno addebitati automaticamente sulla vostra carta.<\/li><\/ol><\/li><li>Ricevere prima, pagare dopoCome<strong>funziona?<\/strong><strong>Nessun costo aggiuntivo.<\/strong><a href=\"https:\/\/www.sequra.es\/preguntas-frecuentes.html\" target=\"_blank\" rel=\"noreferrer noopener\">Ho altre domande<\/a><ol><li>Scegliete questa opzione al momento dell&#8217;ordine, non \u00e8 necessaria alcuna carta.<\/li><li><strong>Prendetelo e controllate il vostro acquisto.<\/strong><\/li><li>Per il pagamento si hanno a disposizione fino a 7 giorni dalla spedizione.<\/li><\/ol><\/li><\/ul>\n","protected":false},"excerpt":{"rendered":"<p>Al momento dell&#8217;ordine, il cliente \u00e8 libero di scegliere di pagare gli acquisti effettuati presso IHASL tramite: Carta di credito (gratuita) Conto Paypal. (Costo aggiuntivo del 2,5% dell&#8217;acquisto) Bonifico bancario.<\/p>\n","protected":false},"author":1,"featured_media":0,"parent":0,"menu_order":0,"comment_status":"closed","ping_status":"closed","template":"","meta":{"_joinchat":[],"footnotes":""},"class_list":["post-110723","page","type-page","status-publish","hentry"],"yoast_head":"<!-- This site is optimized with the Yoast SEO plugin v27.3 - https:\/\/yoast.com\/product\/yoast-seo-wordpress\/ -->\n<title>Metodi di pagamento - Iha Race<\/title>\n<meta name=\"robots\" content=\"noindex, follow\" \/>\n<meta property=\"og:locale\" content=\"it_IT\" \/>\n<meta property=\"og:type\" content=\"article\" \/>\n<meta property=\"og:title\" content=\"Metodi di pagamento - Iha Race\" \/>\n<meta property=\"og:description\" content=\"Al momento dell&#8217;ordine, il cliente \u00e8 libero di scegliere di pagare gli acquisti effettuati presso IHASL tramite: Carta di credito (gratuita) Conto Paypal. (Costo aggiuntivo del 2,5% dell&#8217;acquisto) Bonifico bancario.\" \/>\n<meta property=\"og:url\" content=\"https:\/\/iha-race.com\/it\/metodi-di-pagamento\/\" \/>\n<meta property=\"og:site_name\" content=\"Iha Race\" \/>\n<meta property=\"article:modified_time\" content=\"2022-08-05T10:27:00+00:00\" \/>\n<meta name=\"twitter:card\" content=\"summary_large_image\" \/>\n<meta name=\"twitter:label1\" content=\"Tempo di lettura stimato\" \/>\n\t<meta name=\"twitter:data1\" content=\"1 minuto\" \/>\n<script type=\"application\/ld+json\" class=\"yoast-schema-graph\">{\"@context\":\"https:\\\/\\\/schema.org\",\"@graph\":[{\"@type\":\"WebPage\",\"@id\":\"https:\\\/\\\/iha-race.com\\\/it\\\/metodi-di-pagamento\\\/\",\"url\":\"https:\\\/\\\/iha-race.com\\\/it\\\/metodi-di-pagamento\\\/\",\"name\":\"Metodi di pagamento - Iha Race\",\"isPartOf\":{\"@id\":\"https:\\\/\\\/iha-race.com\\\/it\\\/#website\"},\"datePublished\":\"2020-02-04T08:04:27+00:00\",\"dateModified\":\"2022-08-05T10:27:00+00:00\",\"breadcrumb\":{\"@id\":\"https:\\\/\\\/iha-race.com\\\/it\\\/metodi-di-pagamento\\\/#breadcrumb\"},\"inLanguage\":\"it-IT\",\"potentialAction\":[{\"@type\":\"ReadAction\",\"target\":[\"https:\\\/\\\/iha-race.com\\\/it\\\/metodi-di-pagamento\\\/\"]}]},{\"@type\":\"BreadcrumbList\",\"@id\":\"https:\\\/\\\/iha-race.com\\\/it\\\/metodi-di-pagamento\\\/#breadcrumb\",\"itemListElement\":[{\"@type\":\"ListItem\",\"position\":1,\"name\":\"Portada\",\"item\":\"https:\\\/\\\/iha-race.com\\\/it\\\/\"},{\"@type\":\"ListItem\",\"position\":2,\"name\":\"Metodi di pagamento\"}]},{\"@type\":\"WebSite\",\"@id\":\"https:\\\/\\\/iha-race.com\\\/it\\\/#website\",\"url\":\"https:\\\/\\\/iha-race.com\\\/it\\\/\",\"name\":\"Iha Race\",\"description\":\"Comprar drones de carreras FPV env\u00edos en un d\u00eda desde Espa\u00f1a\",\"publisher\":{\"@id\":\"https:\\\/\\\/iha-race.com\\\/it\\\/#organization\"},\"potentialAction\":[{\"@type\":\"SearchAction\",\"target\":{\"@type\":\"EntryPoint\",\"urlTemplate\":\"https:\\\/\\\/iha-race.com\\\/it\\\/?s={search_term_string}\"},\"query-input\":{\"@type\":\"PropertyValueSpecification\",\"valueRequired\":true,\"valueName\":\"search_term_string\"}}],\"inLanguage\":\"it-IT\"},{\"@type\":\"Organization\",\"@id\":\"https:\\\/\\\/iha-race.com\\\/it\\\/#organization\",\"name\":\"Iha Race\",\"url\":\"https:\\\/\\\/iha-race.com\\\/it\\\/\",\"logo\":{\"@type\":\"ImageObject\",\"inLanguage\":\"it-IT\",\"@id\":\"https:\\\/\\\/iha-race.com\\\/it\\\/#\\\/schema\\\/logo\\\/image\\\/\",\"url\":\"https:\\\/\\\/iha-race.com\\\/wp-content\\\/uploads\\\/2018\\\/07\\\/iha-race-drones-de-carreras-tienda-comprar-drones.png\",\"contentUrl\":\"https:\\\/\\\/iha-race.com\\\/wp-content\\\/uploads\\\/2018\\\/07\\\/iha-race-drones-de-carreras-tienda-comprar-drones.png\",\"width\":300,\"height\":100,\"caption\":\"Iha Race\"},\"image\":{\"@id\":\"https:\\\/\\\/iha-race.com\\\/it\\\/#\\\/schema\\\/logo\\\/image\\\/\"}}]}<\/script>\n<!-- \/ Yoast SEO plugin. -->","yoast_head_json":{"title":"Metodi di pagamento - Iha Race","robots":{"index":"noindex","follow":"follow"},"og_locale":"it_IT","og_type":"article","og_title":"Metodi di pagamento - Iha Race","og_description":"Al momento dell&#8217;ordine, il cliente \u00e8 libero di scegliere di pagare gli acquisti effettuati presso IHASL tramite: Carta di credito (gratuita) Conto Paypal. (Costo aggiuntivo del 2,5% dell&#8217;acquisto) Bonifico bancario.","og_url":"https:\/\/iha-race.com\/it\/metodi-di-pagamento\/","og_site_name":"Iha Race","article_modified_time":"2022-08-05T10:27:00+00:00","twitter_card":"summary_large_image","twitter_misc":{"Tempo di lettura stimato":"1 minuto"},"schema":{"@context":"https:\/\/schema.org","@graph":[{"@type":"WebPage","@id":"https:\/\/iha-race.com\/it\/metodi-di-pagamento\/","url":"https:\/\/iha-race.com\/it\/metodi-di-pagamento\/","name":"Metodi di pagamento - Iha Race","isPartOf":{"@id":"https:\/\/iha-race.com\/it\/#website"},"datePublished":"2020-02-04T08:04:27+00:00","dateModified":"2022-08-05T10:27:00+00:00","breadcrumb":{"@id":"https:\/\/iha-race.com\/it\/metodi-di-pagamento\/#breadcrumb"},"inLanguage":"it-IT","potentialAction":[{"@type":"ReadAction","target":["https:\/\/iha-race.com\/it\/metodi-di-pagamento\/"]}]},{"@type":"BreadcrumbList","@id":"https:\/\/iha-race.com\/it\/metodi-di-pagamento\/#breadcrumb","itemListElement":[{"@type":"ListItem","position":1,"name":"Portada","item":"https:\/\/iha-race.com\/it\/"},{"@type":"ListItem","position":2,"name":"Metodi di pagamento"}]},{"@type":"WebSite","@id":"https:\/\/iha-race.com\/it\/#website","url":"https:\/\/iha-race.com\/it\/","name":"Iha Race","description":"Comprar drones de carreras FPV env\u00edos en un d\u00eda desde Espa\u00f1a","publisher":{"@id":"https:\/\/iha-race.com\/it\/#organization"},"potentialAction":[{"@type":"SearchAction","target":{"@type":"EntryPoint","urlTemplate":"https:\/\/iha-race.com\/it\/?s={search_term_string}"},"query-input":{"@type":"PropertyValueSpecification","valueRequired":true,"valueName":"search_term_string"}}],"inLanguage":"it-IT"},{"@type":"Organization","@id":"https:\/\/iha-race.com\/it\/#organization","name":"Iha Race","url":"https:\/\/iha-race.com\/it\/","logo":{"@type":"ImageObject","inLanguage":"it-IT","@id":"https:\/\/iha-race.com\/it\/#\/schema\/logo\/image\/","url":"https:\/\/iha-race.com\/wp-content\/uploads\/2018\/07\/iha-race-drones-de-carreras-tienda-comprar-drones.png","contentUrl":"https:\/\/iha-race.com\/wp-content\/uploads\/2018\/07\/iha-race-drones-de-carreras-tienda-comprar-drones.png","width":300,"height":100,"caption":"Iha Race"},"image":{"@id":"https:\/\/iha-race.com\/it\/#\/schema\/logo\/image\/"}}]}},"jetpack_sharing_enabled":true,"_links":{"self":[{"href":"https:\/\/iha-race.com\/it\/wp-json\/wp\/v2\/pages\/110723","targetHints":{"allow":["GET"]}}],"collection":[{"href":"https:\/\/iha-race.com\/it\/wp-json\/wp\/v2\/pages"}],"about":[{"href":"https:\/\/iha-race.com\/it\/wp-json\/wp\/v2\/types\/page"}],"author":[{"embeddable":true,"href":"https:\/\/iha-race.com\/it\/wp-json\/wp\/v2\/users\/1"}],"replies":[{"embeddable":true,"href":"https:\/\/iha-race.com\/it\/wp-json\/wp\/v2\/comments?post=110723"}],"version-history":[{"count":1,"href":"https:\/\/iha-race.com\/it\/wp-json\/wp\/v2\/pages\/110723\/revisions"}],"predecessor-version":[{"id":110727,"href":"https:\/\/iha-race.com\/it\/wp-json\/wp\/v2\/pages\/110723\/revisions\/110727"}],"wp:attachment":[{"href":"https:\/\/iha-race.com\/it\/wp-json\/wp\/v2\/media?parent=110723"}],"curies":[{"name":"wp","href":"https:\/\/api.w.org\/{rel}","templated":true}]}}