{"id":110710,"date":"2018-07-16T10:19:18","date_gmt":"2018-07-16T08:19:18","guid":{"rendered":"https:\/\/iha-race.com\/politica-di-acquisto\/"},"modified":"2018-07-16T10:19:18","modified_gmt":"2018-07-16T08:19:18","slug":"politica-di-acquisto","status":"publish","type":"page","link":"https:\/\/iha-race.com\/it\/politica-di-acquisto\/","title":{"rendered":"Politica di acquisto"},"content":{"rendered":"<p style=\"text-align: justify;\"><strong>CONDIZIONI DI VENDITA<\/strong><\/p>\n<p style=\"text-align: justify;\"><strong>1- Vendite generali:<\/strong><\/p>\n<p style=\"text-align: justify;\">Le presenti condizioni generali di vendita si applicano rigorosamente a tutte le vendite di prodotti effettuate in Spagna, comprese le Isole Canarie e le Isole Baleari da Industrial &amp; Hobby Aircraft, S.L. di seguito denominata IHASL.<\/p>\n<p style=\"text-align: justify;\">Qualsiasi ordine effettuato presso IHASL implica necessariamente, come condizione essenziale, determinante e imprescindibile, l&#8217;accettazione senza riserve da parte del Cliente delle Condizioni Generali di Vendita in vigore il giorno in cui viene effettuato l&#8217;ordine corrispondente. Inoltre, il Cliente riconosce che l&#8217;accettazione delle presenti condizioni implica la loro applicazione all&#8217;ordine a cui si riferiscono, nonch\u00e9 a qualsiasi ordine successivo, ad eccezione dei casi in cui nuove condizioni siano portate a sua conoscenza da IHASL.<\/p>\n<p style=\"text-align: justify;\"><strong>Legge applicabile e giurisdizione competente.<\/strong> L&#8217;interpretazione e l&#8217;esecuzione delle condizioni, cos\u00ec come tutti gli atti che ne sono conseguenza, saranno soggetti alla <strong>legge spagnola e alla rigorosa applicazione delle sue leggi<\/strong>.<\/p>\n<p style=\"text-align: justify;\"><strong>2- Prezzi:<\/strong><\/p>\n<p style=\"text-align: justify;\">I prezzi pubblicati in IHASL sono espressi in euro. Tutti i prezzi sono comprensivi dell&#8217;IVA applicabile il giorno dell&#8217;ordine, qualsiasi modifica dell&#8217;aliquota IVA sar\u00e0 automaticamente applicata ai prezzi dei prodotti in vendita presso IHASL. I clienti, sia persone fisiche che aziende, situati nella Penisola e nelle Isole Baleari sono soggetti all&#8217;applicazione dell&#8217;IVA vigente; i clienti delle Isole Canarie, di Ceuta e Melilla sono esclusi dal pagamento dell&#8217;IVA. I clienti provenienti da Paesi diversi dalla Spagna ma appartenenti alla Comunit\u00e0 Economica Europea sono tenuti a pagare l&#8217;IVA in vigore in quel momento in Spagna. Ad eccezione delle aziende con partita IVA intracomunitaria, che sono esenti dal pagamento dell&#8217;IVA e devono dichiarare l&#8217;acquisto nel proprio Paese in base all&#8217;IVA in vigore. I clienti del resto del mondo sono esenti da IVA. Per ogni ordine, il sistema controlla il numero di partita IVA del cliente con il database europeo VIES, al fine di applicare le esenzioni IVA per le vendite intracomunitarie.<\/p>\n<p style=\"text-align: justify;\">Le offerte sui prodotti in vendita su IHASL saranno visualizzate nella sezione &#8220;Offerte&#8221; o indicate nella scheda prodotto e, se non diversamente indicato, saranno valide finch\u00e9 saranno visualizzate sullo schermo.<\/p>\n<p style=\"text-align: justify;\"><strong>3- Diverse modalit\u00e0 di pagamento:<\/strong><\/p>\n<p style=\"text-align: justify;\">Al momento dell&#8217;ordine, il cliente \u00e8 libero di scegliere di pagare gli acquisti effettuati presso IHASL tramite:<\/p>\n<ul style=\"text-align: justify;\">\n<li><strong>Carta di credito<\/strong> (gratuita)<\/li>\n<li><strong>Conto Paypal<\/strong>. (Costo aggiuntivo del 2,5% dell&#8217;acquisto)<\/li>\n<li><strong>Bonifico bancario<\/strong>. (Nessun costo aggiuntivo)<\/li>\n<li><strong>Contanti alla consegna.  <\/strong>Solo in Spagna e Portogallo (pagamento in contanti alla consegna, spese di rimborso 2,4% minimo 2,50 euro) questo costo \u00e8 applicato dalla societ\u00e0 di gestione della raccolta e l&#8217;IHASL non ne trae alcun profitto.<\/li>\n<li>\n<h3>Pagare a rate con SeQura<\/h3>\n<p>Pagamento in 3, 6 o 12 rate mensili. Immediato, senza carta e con un costo fisso per ogni rata.<\/p>\n<p><strong>Come funziona?<\/strong><\/p>\n<ol style=\"margin-left: 20px;\">\n<li>Scegliete il pagamento rateale SeQura al momento dell&#8217;ordine e pagate solo la prima rata.<\/li>\n<li>Ricevere l&#8217;ordine.<\/li>\n<li>Tutti gli altri pagamenti saranno addebitati automaticamente sulla vostra carta.<\/li>\n<\/ol>\n<p>\u00c8 inoltre possibile pagare l&#8217;intero ordine in qualsiasi momento senza alcun costo aggiuntivo.<\/p>\n<p><strong>Quanto costa questo servizio?<\/strong><\/p>\n<p><i>Il costo del servizio va da 3 a 27 euro a rata, a seconda dell&#8217;importo dell&#8217;ordine. Non ci sono interessi e non ci sono pagamenti aggiuntivi.<\/i><\/p>\n<p><a class=\"btn btn-default btn-small\" title=\"Sequra\" href=\"https:\/\/www.sequra.es\/preguntas-frecuentes.html\" target=\"_blank\" rel=\"noopener noreferrer\">Ho altre domande<\/a><\/li>\n<li>\n<h3>Ricevere prima, pagare dopo<\/h3>\n<p><strong>Come funziona?<\/strong><\/p>\n<ol style=\"margin-left: 20px;\">\n<li>Scegliete questa opzione al momento dell&#8217;ordine, non \u00e8 necessaria alcuna carta.<\/li>\n<li><strong>Prendetelo e controllate il vostro acquisto.<\/strong><\/li>\n<li>Per il pagamento si hanno a disposizione fino a 7 giorni dalla spedizione.<\/li>\n<\/ol>\n<p><strong>Nessun costo aggiuntivo.<\/strong><\/p>\n<p><a class=\"btn btn-default btn-small\" title=\"Sequra\" href=\"https:\/\/www.sequra.es\/preguntas-frecuentes.html\" target=\"_blank\" rel=\"noopener noreferrer\">Ho altre domande<\/a><\/li>\n<\/ul>\n<p style=\"text-align: justify;\"><strong>4- Prodotto:<\/strong><\/p>\n<p style=\"text-align: justify;\">Le offerte presentate da IHASL sono valide nei limiti delle scorte disponibili. IHASL si riserva il diritto di modificare la gamma di prodotti in base ai vincoli imposti dai propri fornitori.<\/p>\n<p style=\"text-align: justify;\">Le fotografie, i grafici e le descrizioni dei prodotti offerti in vendita sono solo indicativi e possono essere soggetti a leggere variazioni da parte del produttore del prodotto.<\/p>\n<p style=\"text-align: justify;\"><strong>5- Spedizioni:<\/strong><\/p>\n<ol style=\"text-align: justify;\">\n<li>I prodotti acquistati saranno consegnati alla persona e all&#8217;indirizzo indicati nell&#8217;ordine.<\/li>\n<li>Per impostazione predefinita, le fatture saranno inviate all&#8217;indirizzo e-mail indicato dal cliente al momento della registrazione presso IHASL.<\/li>\n<li>Il sabato, la domenica e i giorni festivi non ci saranno consegne o consegne.<\/li>\n<li>Tuttavia, il ritardo non comporta l&#8217;annullamento dell&#8217;ordine o il risarcimento.<\/li>\n<li>Un ordine si considera consegnato quando il corriere consegna il pacco (o i pacchi) al cliente e il cliente firma il documento di ricevuta di consegna. \u00c8 responsabilit\u00e0 del cliente verificare le condizioni della merce al momento del ricevimento e indicare eventuali anomalie sulla bolla di consegna.<\/li>\n<li>L&#8217;importo della spedizione non sar\u00e0 rimborsato dall&#8217;azienda, a meno che non venga rimborsato dall&#8217;agenzia di trasporto stessa.<\/li>\n<li>Per le consegne al di fuori della Spagna, vi preghiamo di contattarci.<\/li>\n<\/ol>\n<p style=\"text-align: justify;\"><strong>6- Politiche di restituzione e cancellazione<\/strong><\/p>\n<p style=\"text-align: justify;\"><strong>6-1 Restituzione della merce:<\/strong><\/p>\n<p style=\"text-align: justify;\">La nostra politica, in conformit\u00e0 con le normative vigenti, prevede il diritto di restituire qualsiasi articolo acquistato da IHA, SL entro 15<strong> giorni<\/strong> dalla data di ricevimento. Non dovrete fornire alcuna spiegazione, qualsiasi articolo, acquistato presso IHA, SL, restituito nella sua confezione originale, sigillato e in perfette condizioni sar\u00e0 accettato senza ulteriori indugi.<\/p>\n<p style=\"text-align: justify;\">Entro un periodo massimo di 10 <strong>giorni<\/strong> dal ricevimento del reso, IHA, SL si impegna a rimborsare il cliente.<\/p>\n<p style=\"text-align: justify;\"><strong>Prima di restituire la merce<\/strong>, il cliente dovr\u00e0 <strong>informare IHASL<\/strong><\/p>\n<p style=\"text-align: justify;\">Se il motivo della restituzione \u00e8 che l&#8217;articolo restituito non corrisponde a quanto richiesto nell&#8217;ordine, IHASL si far\u00e0 carico delle spese di restituzione e rispedizione. Ai sensi dell&#8217;articolo 107.1 LGDCU, se il motivo della restituzione \u00e8 che l&#8217;ordine non vi soddisfa, vi rimborseremo l&#8217;importo della merce senza le spese di spedizione.<strong>. Il costo della spedizione di ritorno \u00e8 a carico del consumatore.<\/strong>.<\/p>\n<p style=\"text-align: justify;\"><strong>6-2 Annullamento dell&#8217;ordine:<\/strong><\/p>\n<p style=\"text-align: justify;\">Se l&#8217;annullamento dell&#8217;ordine avviene prima della spedizione della merce, il cliente non dovr\u00e0 sostenere alcun costo.<\/p>\n<p style=\"text-align: justify;\"><strong>Garanzie sui prodotti:<\/strong><\/p>\n<p style=\"text-align: justify;\">IHA, SL garantisce i prodotti venduti con il suo marchio IHA-Race contro i difetti di fabbricazione per un periodo di 2 anni dalla data di acquisto, gli altri marchi assumono questa stessa garanzia ma gestita dal suo servizio tecnico, nel caso in cui qualcuno di essi non la assuma, IHA, SL se ne occuper\u00e0. Trascorsi sei mesi dalla data di acquisto, sar\u00e0 necessario che il consumatore dimostri che il difetto di conformit\u00e0 esisteva fin dal momento dell&#8217;acquisto.<\/p>\n<p style=\"text-align: justify;\">I costi generati per motivi di garanzia, saranno a carico di IHA, SL, anche se il cliente restituir\u00e0 il prodotto nel modo che pi\u00f9 interessa il prodotto, una volta che il servizio tecnico di IHA, SL ammette che il prodotto \u00e8 conforme alla garanzia IHA, SL si prender\u00e0 cura dei costi sostenuti.<\/p>\n<p style=\"text-align: justify;\">Il Cliente deve tenere conto, nel segnalare un prodotto difettoso, che per il corretto funzionamento dei prodotti \u00e8 indispensabile conoscerli perfettamente e averli assemblati correttamente, il tutto secondo le loro istruzioni. Per qualsiasi domanda, contattare IHA, SL.<\/p>\n<p style=\"text-align: justify;\"><strong>In particolare, si noti che eventuali urti o colpi ricevuti dal prodotto in seguito all&#8217;uso previsto possono causare problemi interni con conseguente malfunzionamento del prodotto.<\/strong><\/p>\n<p style=\"text-align: justify;\">Il Cliente deve verificare, prima di procedere al montaggio, che le diverse parti che compongono il prodotto siano in perfette condizioni e, in caso contrario, contattare IHA, SL il prima possibile per procedere alla risoluzione del problema.<\/p>\n<p style=\"text-align: justify;\"><strong>La garanzia non copre:<\/strong><\/p>\n<ul style=\"text-align: justify;\">\n<li><strong>Danni causati da uso improprio o incidente, nonch\u00e9 dalla normale usura.<\/strong><\/li>\n<li><strong>Difetti legati alla volont\u00e0 di superare i limiti previsti dalle specifiche del prodotto.<\/strong><\/li>\n<li><strong>Saldatura difettosa e\/o errata sulle schede elettroniche e\/o sui circuiti integrati e\/o su qualsiasi altro componente che debba essere saldato <\/strong>(si raccomanda l&#8217;uso di <a href=\"https:\/\/iha-race.com\/it\/prodotto\/morsetti-a-coccodrillo-per-elettronica-5-pezzi\/\" target=\"_blank\" rel=\"noopener noreferrer\">fili a coccodrillo per<\/a> controllare il sistema prima dell&#8217;assemblaggio finale e definitivo).<\/li>\n<\/ul>\n<p style=\"text-align: justify;\">Procedura per la riparazione o la sostituzione di un prodotto in garanzia:<\/p>\n<ul style=\"text-align: justify;\">\n<li>In relazione agli incidenti dovuti a danni causati dal trasporto: il Cliente \u00e8 tenuto a verificare lo stato del pacco ricevuto e, nel caso in cui riscontri qualche anomalia, a segnalarlo sulla bolla di consegna fornita dall&#8217;agenzia di trasporto o dall&#8217;ufficio postale prima di firmarla. Questo passaggio \u00e8 essenziale per poter presentare una richiesta di risarcimento assicurativo in caso di danni da trasporto. In caso contrario, il Cliente rinuncer\u00e0 a qualsiasi rivendicazione in merito. Il Cliente dovr\u00e0 informare IHA, SL di qualsiasi incidente di questo tipo, al fine di intraprendere le opportune azioni con l&#8217;agenzia di trasporto, nonch\u00e9 di procedere alla sostituzione del prodotto danneggiato o delle singole parti coinvolte, quando ci\u00f2 sia possibile.<\/li>\n<li>Se al ricevimento dell&#8217;ordine il Cliente si accorge che ci\u00f2 che ha ricevuto non corrisponde a ci\u00f2 che ha acquistato, o se manca un prodotto o una parte, deve informarci al pi\u00f9 presto, e comunque entro 2 giorni lavorativi, indicando il numero d&#8217;ordine. IHA, SL proceder\u00e0 a risolvere il problema senza alcun costo per il cliente.<\/li>\n<li>Se al momento della ricezione dell&#8217;ordine il Cliente riscontra il mancato funzionamento di un prodotto, dopo aver verificato di conoscerne il funzionamento, il montaggio, le regolazioni, ecc. deve comunicarlo a IHA, SL entro 14 giorni. L&#8217;IHASL ritirer\u00e0 il prodotto. Una volta effettuati i controlli del caso, IHA, SL provveder\u00e0 a sostituirlo con uno nuovo, oppure proceder\u00e0 al rimborso dell&#8217;importo, comprese le spese di spedizione, se lo stesso prodotto non \u00e8 disponibile.<\/li>\n<li>Se, dopo 14 giorni, si verifica un guasto legato a un difetto di fabbricazione, il Cliente deve contattare IHA, SL per ricevere istruzioni su come procedere. In questo caso le spese di spedizione sono a carico del cliente.<\/li>\n<\/ul>\n<p style=\"text-align: justify;\">In uno qualsiasi dei casi sopra descritti, se dopo i relativi controlli si scopre che il prodotto non presenta difetti rientranti nelle fattispecie descritte, il prodotto verr\u00e0 restituito al cliente, che si far\u00e0 carico delle spese di restituzione del prodotto pi\u00f9 le spese sostenute dal servizio tecnico.<\/p>\n<p style=\"text-align: justify;\"><strong>Esclusioni dalla garanzia.<\/strong><\/p>\n<p style=\"text-align: justify;\">Le batterie LiPo sono garantite solo per il primo giorno di utilizzo dalla data di ricezione del prodotto, in quanto si tratta di un prodotto che per la sua architettura e il tipo di utilizzo pu\u00f2 rompersi in qualsiasi momento. IHA, SL non \u00e8 responsabile per i danni causati dall&#8217;uso di batterie LiPo acquistate da IHASL.<\/p>\n<p style=\"text-align: justify;\">Raccomandazioni per l&#8217;uso di batterie LiPo:<\/p>\n<ul style=\"text-align: justify;\">\n<li>Le batterie non devono mai essere scaricate al di sotto di 3 volt per cella per non renderle inutilizzabili.<\/li>\n<li>Conservare e caricare in contenitori resistenti al fuoco.<\/li>\n<li>Utilizzare sempre caricabatterie specifici per batterie LiPo con funzione di bilanciamento automatico.<\/li>\n<li>Non riutilizzare le batterie se hanno subito una scossa e riporle in un contenitore ignifugo perch\u00e9 potrebbero prendere fuoco.<\/li>\n<li>Non lasciare mai le batterie in carica senza la presenza di una persona.<\/li>\n<\/ul>\n<p style=\"text-align: justify;\"><strong>Non esitate a contattarci per qualsiasi domanda.<\/strong><\/p>\n<p style=\"text-align: justify;\"><strong>Industrial &amp; Hobby Aircraft, S.L.<\/strong><\/p>\n","protected":false},"excerpt":{"rendered":"<p>CONDIZIONI DI VENDITA 1- Vendite generali: Le presenti condizioni generali di vendita si applicano rigorosamente a tutte le vendite di prodotti effettuate in Spagna, comprese le Isole Canarie e le<\/p>\n","protected":false},"author":1,"featured_media":0,"parent":0,"menu_order":0,"comment_status":"closed","ping_status":"closed","template":"","meta":{"_joinchat":[],"footnotes":""},"class_list":["post-110710","page","type-page","status-publish","hentry"],"yoast_head":"<!-- This site is optimized with the Yoast SEO plugin v27.3 - https:\/\/yoast.com\/product\/yoast-seo-wordpress\/ -->\n<title>Politica di acquisto - Iha Race<\/title>\n<meta name=\"robots\" content=\"noindex, follow\" \/>\n<meta property=\"og:locale\" content=\"it_IT\" \/>\n<meta property=\"og:type\" content=\"article\" \/>\n<meta property=\"og:title\" content=\"Politica di acquisto - Iha Race\" \/>\n<meta property=\"og:description\" content=\"CONDIZIONI DI VENDITA 1- Vendite generali: Le presenti condizioni generali di vendita si applicano rigorosamente a tutte le vendite di prodotti effettuate in Spagna, comprese le Isole Canarie e le\" \/>\n<meta property=\"og:url\" content=\"https:\/\/iha-race.com\/it\/politica-di-acquisto\/\" \/>\n<meta property=\"og:site_name\" content=\"Iha Race\" \/>\n<meta name=\"twitter:card\" content=\"summary_large_image\" \/>\n<meta name=\"twitter:label1\" content=\"Tempo di lettura stimato\" \/>\n\t<meta name=\"twitter:data1\" content=\"8 minuti\" \/>\n<script type=\"application\/ld+json\" class=\"yoast-schema-graph\">{\"@context\":\"https:\\\/\\\/schema.org\",\"@graph\":[{\"@type\":\"WebPage\",\"@id\":\"https:\\\/\\\/iha-race.com\\\/it\\\/politica-di-acquisto\\\/\",\"url\":\"https:\\\/\\\/iha-race.com\\\/it\\\/politica-di-acquisto\\\/\",\"name\":\"Politica di acquisto - Iha Race\",\"isPartOf\":{\"@id\":\"https:\\\/\\\/iha-race.com\\\/it\\\/#website\"},\"datePublished\":\"2018-07-16T08:19:18+00:00\",\"breadcrumb\":{\"@id\":\"https:\\\/\\\/iha-race.com\\\/it\\\/politica-di-acquisto\\\/#breadcrumb\"},\"inLanguage\":\"it-IT\",\"potentialAction\":[{\"@type\":\"ReadAction\",\"target\":[\"https:\\\/\\\/iha-race.com\\\/it\\\/politica-di-acquisto\\\/\"]}]},{\"@type\":\"BreadcrumbList\",\"@id\":\"https:\\\/\\\/iha-race.com\\\/it\\\/politica-di-acquisto\\\/#breadcrumb\",\"itemListElement\":[{\"@type\":\"ListItem\",\"position\":1,\"name\":\"Portada\",\"item\":\"https:\\\/\\\/iha-race.com\\\/it\\\/\"},{\"@type\":\"ListItem\",\"position\":2,\"name\":\"Politica di acquisto\"}]},{\"@type\":\"WebSite\",\"@id\":\"https:\\\/\\\/iha-race.com\\\/it\\\/#website\",\"url\":\"https:\\\/\\\/iha-race.com\\\/it\\\/\",\"name\":\"Iha Race\",\"description\":\"Comprar drones de carreras FPV env\u00edos en un d\u00eda desde Espa\u00f1a\",\"publisher\":{\"@id\":\"https:\\\/\\\/iha-race.com\\\/it\\\/#organization\"},\"potentialAction\":[{\"@type\":\"SearchAction\",\"target\":{\"@type\":\"EntryPoint\",\"urlTemplate\":\"https:\\\/\\\/iha-race.com\\\/it\\\/?s={search_term_string}\"},\"query-input\":{\"@type\":\"PropertyValueSpecification\",\"valueRequired\":true,\"valueName\":\"search_term_string\"}}],\"inLanguage\":\"it-IT\"},{\"@type\":\"Organization\",\"@id\":\"https:\\\/\\\/iha-race.com\\\/it\\\/#organization\",\"name\":\"Iha Race\",\"url\":\"https:\\\/\\\/iha-race.com\\\/it\\\/\",\"logo\":{\"@type\":\"ImageObject\",\"inLanguage\":\"it-IT\",\"@id\":\"https:\\\/\\\/iha-race.com\\\/it\\\/#\\\/schema\\\/logo\\\/image\\\/\",\"url\":\"https:\\\/\\\/iha-race.com\\\/wp-content\\\/uploads\\\/2018\\\/07\\\/iha-race-drones-de-carreras-tienda-comprar-drones.png\",\"contentUrl\":\"https:\\\/\\\/iha-race.com\\\/wp-content\\\/uploads\\\/2018\\\/07\\\/iha-race-drones-de-carreras-tienda-comprar-drones.png\",\"width\":300,\"height\":100,\"caption\":\"Iha Race\"},\"image\":{\"@id\":\"https:\\\/\\\/iha-race.com\\\/it\\\/#\\\/schema\\\/logo\\\/image\\\/\"}}]}<\/script>\n<!-- \/ Yoast SEO plugin. -->","yoast_head_json":{"title":"Politica di acquisto - Iha Race","robots":{"index":"noindex","follow":"follow"},"og_locale":"it_IT","og_type":"article","og_title":"Politica di acquisto - Iha Race","og_description":"CONDIZIONI DI VENDITA 1- Vendite generali: Le presenti condizioni generali di vendita si applicano rigorosamente a tutte le vendite di prodotti effettuate in Spagna, comprese le Isole Canarie e le","og_url":"https:\/\/iha-race.com\/it\/politica-di-acquisto\/","og_site_name":"Iha Race","twitter_card":"summary_large_image","twitter_misc":{"Tempo di lettura stimato":"8 minuti"},"schema":{"@context":"https:\/\/schema.org","@graph":[{"@type":"WebPage","@id":"https:\/\/iha-race.com\/it\/politica-di-acquisto\/","url":"https:\/\/iha-race.com\/it\/politica-di-acquisto\/","name":"Politica di acquisto - Iha Race","isPartOf":{"@id":"https:\/\/iha-race.com\/it\/#website"},"datePublished":"2018-07-16T08:19:18+00:00","breadcrumb":{"@id":"https:\/\/iha-race.com\/it\/politica-di-acquisto\/#breadcrumb"},"inLanguage":"it-IT","potentialAction":[{"@type":"ReadAction","target":["https:\/\/iha-race.com\/it\/politica-di-acquisto\/"]}]},{"@type":"BreadcrumbList","@id":"https:\/\/iha-race.com\/it\/politica-di-acquisto\/#breadcrumb","itemListElement":[{"@type":"ListItem","position":1,"name":"Portada","item":"https:\/\/iha-race.com\/it\/"},{"@type":"ListItem","position":2,"name":"Politica di acquisto"}]},{"@type":"WebSite","@id":"https:\/\/iha-race.com\/it\/#website","url":"https:\/\/iha-race.com\/it\/","name":"Iha Race","description":"Comprar drones de carreras FPV env\u00edos en un d\u00eda desde Espa\u00f1a","publisher":{"@id":"https:\/\/iha-race.com\/it\/#organization"},"potentialAction":[{"@type":"SearchAction","target":{"@type":"EntryPoint","urlTemplate":"https:\/\/iha-race.com\/it\/?s={search_term_string}"},"query-input":{"@type":"PropertyValueSpecification","valueRequired":true,"valueName":"search_term_string"}}],"inLanguage":"it-IT"},{"@type":"Organization","@id":"https:\/\/iha-race.com\/it\/#organization","name":"Iha Race","url":"https:\/\/iha-race.com\/it\/","logo":{"@type":"ImageObject","inLanguage":"it-IT","@id":"https:\/\/iha-race.com\/it\/#\/schema\/logo\/image\/","url":"https:\/\/iha-race.com\/wp-content\/uploads\/2018\/07\/iha-race-drones-de-carreras-tienda-comprar-drones.png","contentUrl":"https:\/\/iha-race.com\/wp-content\/uploads\/2018\/07\/iha-race-drones-de-carreras-tienda-comprar-drones.png","width":300,"height":100,"caption":"Iha Race"},"image":{"@id":"https:\/\/iha-race.com\/it\/#\/schema\/logo\/image\/"}}]}},"jetpack_sharing_enabled":true,"_links":{"self":[{"href":"https:\/\/iha-race.com\/it\/wp-json\/wp\/v2\/pages\/110710","targetHints":{"allow":["GET"]}}],"collection":[{"href":"https:\/\/iha-race.com\/it\/wp-json\/wp\/v2\/pages"}],"about":[{"href":"https:\/\/iha-race.com\/it\/wp-json\/wp\/v2\/types\/page"}],"author":[{"embeddable":true,"href":"https:\/\/iha-race.com\/it\/wp-json\/wp\/v2\/users\/1"}],"replies":[{"embeddable":true,"href":"https:\/\/iha-race.com\/it\/wp-json\/wp\/v2\/comments?post=110710"}],"version-history":[{"count":0,"href":"https:\/\/iha-race.com\/it\/wp-json\/wp\/v2\/pages\/110710\/revisions"}],"wp:attachment":[{"href":"https:\/\/iha-race.com\/it\/wp-json\/wp\/v2\/media?parent=110710"}],"curies":[{"name":"wp","href":"https:\/\/api.w.org\/{rel}","templated":true}]}}