{"id":110705,"date":"2018-07-16T10:20:48","date_gmt":"2018-07-16T08:20:48","guid":{"rendered":"https:\/\/iha-race.com\/avviso-legale-e-informativa-sulla-privacy\/"},"modified":"2018-07-16T10:20:48","modified_gmt":"2018-07-16T08:20:48","slug":"avviso-legale-e-informativa-sulla-privacy","status":"publish","type":"page","link":"https:\/\/iha-race.com\/it\/avviso-legale-e-informativa-sulla-privacy\/","title":{"rendered":"Avviso legale e informativa sulla privacy"},"content":{"rendered":"<p style=\"text-align: justify;\">1. <strong>DATI IDENTIFICATIVI:<\/strong> in ottemperanza all&#8217;obbligo di fornire informazioni di cui all&#8217;articolo 10 della legge 34\/2002, dell&#8217;11 luglio, sui servizi della societ\u00e0 dell&#8217;informazione, e al registro mercantile di Murcia, <strong>pagina MU-89921, volume 3179, foglio 20 <\/strong>. Di seguito sono riportati i dati:<\/p>\n<ul>\n<li><b>Identit\u00e0 del responsabile:<\/b> Salvador Rivera<\/li>\n<li><b>Nome commerciale:<\/b> Industrial &amp; Hobby Aircraft, S.L.<\/li>\n<li><b>NIF\/CIF:<\/b> B73924789<\/li>\n<li><strong>Numero di telefono di contatto:<\/strong> +34 676 757 149<\/li>\n<li><strong>Orario del servizio clienti:<\/strong> dalle 9:00 alle 19:00, dal luned\u00ec al venerd\u00ec.<\/li>\n<li><b>Indirizzo:<\/b> Camino de Guadalupe, 44, 30.107 Guadalupe (Murcia)<\/li>\n<li><b>E-mail:<\/b> info@iha-race.com<\/li>\n<li><b>Attivit\u00e0: Commercio elettronico <\/b><\/li>\n<\/ul>\n<p style=\"text-align: justify;\">2.<strong> UTENTI:<\/strong> L&#8217;accesso e\/o l&#8217;utilizzo di questo portale di Industrial &amp; Hobby Aircraft, S.L. creatore del sito web attribuisce la condizione di UTENTE, che accetta, a partire da tale accesso e\/o utilizzo, le Condizioni Generali di Utilizzo qui riportate. I suddetti Termini e Condizioni si applicano indipendentemente dalle Condizioni Generali di Contratto eventualmente obbligatorie.<\/p>\n<p style=\"text-align: justify;\">3. <strong>USO DEL PORTALE:<\/strong> il dominio indicato fornisce l&#8217;accesso a una moltitudine di informazioni, servizi, programmi o dati (di seguito &#8220;contenuti&#8221;) su Internet appartenenti a Industrial &amp; Hobby Aircraft, S.L. creatrice del sito web o ai suoi licenziatari a cui l&#8217;UTENTE pu\u00f2 avere accesso. L&#8217;UTENTE si assume la responsabilit\u00e0 dell&#8217;utilizzo del portale. Questa responsabilit\u00e0 si estende a qualsiasi registrazione che possa essere necessaria per accedere a determinati servizi o contenuti. L&#8217;UTENTE \u00e8 responsabile di fornire informazioni veritiere e lecite al momento della registrazione. A seguito di tale registrazione, l&#8217;UTENTE potr\u00e0 ricevere una password di cui sar\u00e0 responsabile, impegnandosi a utilizzarla con diligenza e riservatezza. L&#8217;UTENTE si impegna a fare un uso appropriato dei contenuti e dei servizi (come servizi di chat, forum di discussione o newsgroup) che Industrial &amp; Hobby Aircraft, S.L., creatore del sito web, offre attraverso il suo portale e, a titolo esemplificativo ma non esaustivo, a non utilizzarli per (i) intraprendere attivit\u00e0 illecite, illegali o contrarie alla buona fede e all&#8217;ordine pubblico; (ii) diffondere contenuti o propaganda di carattere razzista, xenofobo, pornografico-illegale, antiterroristico o a favore dei diritti umani; (iii) causare danni ai sistemi fisici e logici di Industrial &amp; Hobby Aircraft, S.L., creatore del sito web, dei suoi fornitori o di terzi, introdurre o diffondere virus informatici o qualsiasi altro sistema fisico o logico che possa causare i suddetti danni; (iv) tentare di accedere e, se del caso, utilizzare gli account di posta elettronica di altri utenti e modificare o manomettere i loro messaggi. Industrial &amp; Hobby Aircraft, S.L. del sito web si riserva il diritto di rimuovere tutti i commenti e i contributi che violano il rispetto della dignit\u00e0 della persona, che sono discriminatori, xenofobi, razzisti, pornografici, che violano la giovent\u00f9 o l&#8217;infanzia, l&#8217;ordine pubblico o la sicurezza o che, a suo parere, non sono appropriati per la pubblicazione. In ogni caso, Industrial &amp; Hobby Aircraft, S.L., creatore del sito web, non sar\u00e0 responsabile delle opinioni espresse dagli utenti attraverso forum, chat o altri strumenti di partecipazione.<\/p>\n<p style=\"text-align: justify;\">4. <strong>PROTEZIONE DEI DATI:<\/strong>  Industrial &amp; Hobby Aircraft, S.L., creatore del sito web, rispetta le linee guida della Legge Organica 15\/1999, del 13 dicembre, sulla Protezione dei Dati Personali, il Regio Decreto 1720\/2007, del 21 dicembre, che approva il Regolamento di sviluppo della Legge Organica e le altre normative in vigore in ogni momento, e garantisce il corretto utilizzo e trattamento dei dati personali dell&#8217;utente. A tal fine, insieme a ogni modulo per la raccolta di dati personali, nei servizi che l&#8217;utente pu\u00f2 richiedere a Industrial &amp; Hobby Aircraft, S.L., creatore del sito web, l&#8217;utente sar\u00e0 informato dell&#8217;esistenza e dell&#8217;accettazione delle condizioni specifiche per il trattamento dei suoi dati in ogni caso, informandolo della responsabilit\u00e0 del file creato, dell&#8217;indirizzo del responsabile, della possibilit\u00e0 di esercitare i suoi diritti di accesso, rettifica, cancellazione o opposizione, della finalit\u00e0 del trattamento e della comunicazione dei dati a terzi, ove opportuno. Allo stesso modo, Industrial &amp; Hobby Aircraft, S.L., creatrice del sito web, informa che rispetta la Legge 34\/2002 dell&#8217;11 luglio, sui servizi della societ\u00e0 dell&#8217;informazione e del commercio elettronico e richieder\u00e0 in ogni momento il consenso dell&#8217;utente al trattamento della sua e-mail per scopi commerciali.<\/p>\n<p style=\"text-align: justify;\"><strong>5. PROPRIET\u00c0 INTELLETTUALE E INDUSTRIALE:<\/strong>  Industrial &amp; Hobby Aircraft, S.L., creatore del sito web stesso o in qualit\u00e0 di cessionario, \u00e8 titolare di tutti i diritti di propriet\u00e0 intellettuale e industriale del proprio sito web, nonch\u00e9 degli elementi in esso contenuti (tra cui, a titolo esemplificativo ma non esaustivo, immagini, suoni, audio, video, software o testi; marchi o loghi, combinazioni di colori, struttura e design, selezione dei materiali utilizzati, programmi informatici necessari per il funzionamento, l&#8217;accesso e l&#8217;utilizzo, ecc.), di propriet\u00e0 di Industrial &amp; Hobby Aircraft, S.L. o dei suoi licenziatari.), di propriet\u00e0 di Industrial &amp; Hobby Aircraft, S.L. creatore del sito web o dei suoi licenziatari. Tutti i diritti riservati. In virt\u00f9 delle disposizioni degli articoli 8 e 32.1, secondo comma, della Legge sulla Propriet\u00e0 Intellettuale, sono espressamente vietate la riproduzione, la distribuzione e la comunicazione pubblica, compresa la messa a disposizione, di tutto o parte del contenuto di questo sito web, a fini commerciali, su qualsiasi supporto e con qualsiasi mezzo tecnico, senza l&#8217;autorizzazione di Industrial &amp; Hobby Aircraft, S.L., creatore del sito web. L&#8217;UTENTE si impegna a rispettare i diritti di propriet\u00e0 intellettuale e industriale di Industrial &amp; Hobby Aircraft, S.L., creatore del sito web. \u00c8 possibile visualizzare gli elementi del portale e persino stamparli, copiarli e memorizzarli sul disco rigido del proprio computer o su qualsiasi altro supporto fisico, a condizione che ci\u00f2 avvenga solo ed esclusivamente per uso personale e privato. L&#8217;UTENTE deve astenersi dal cancellare, alterare, eludere o manipolare qualsiasi dispositivo di protezione o sistema di sicurezza installato sulle pagine di Industrial &amp; Hobby Aircraft, S.L. creatore del sito web.<\/p>\n<p style=\"text-align: justify;\"><strong>6. ESCLUSIONE DI GARANZIE E RESPONSABILIT\u00c0:<\/strong> Industrial &amp; Hobby Aircraft, S.L. creatore del sito web. non sar\u00e0 responsabile, in nessun caso, per i danni di qualsiasi tipo che possono essere causati da, ma non solo: errori o omissioni nel contenuto, mancanza di disponibilit\u00e0 del portale o trasmissione di virus o programmi dannosi o nocivi nel contenuto, nonostante abbia adottato tutte le misure tecnologiche necessarie per impedirlo.<\/p>\n<p style=\"text-align: justify;\"><strong>7. MODIFICHE:<\/strong>  Industrial &amp; Hobby Aircraft, S.L., creatore del sito web, si riserva il diritto di apportare senza preavviso le modifiche che riterr\u00e0 opportune al proprio sito web, potr\u00e0 modificare, eliminare o aggiungere contenuti e servizi forniti attraverso lo stesso cos\u00ec come il modo in cui sono presentati o collocati sul proprio sito web.<\/p>\n<p style=\"text-align: justify;\"><strong>8. LINK:<\/strong> Nel caso in cui il nome del dominio contenga link o collegamenti ipertestuali ad altri siti Internet, Industrial &amp; Hobby Aircraft, S.L., creatore del sito web, non eserciter\u00e0 alcun controllo su tali siti e contenuti. In nessun caso Industrial &amp; Hobby Aircraft, S.L., creatore del sito web, si assumer\u00e0 la responsabilit\u00e0 del contenuto di qualsiasi link appartenente a un sito web di terzi, n\u00e9 garantir\u00e0 la disponibilit\u00e0 tecnica, la qualit\u00e0, l&#8217;affidabilit\u00e0, l&#8217;accuratezza, la completezza, la veridicit\u00e0, la validit\u00e0 e la costituzionalit\u00e0 di qualsiasi materiale o informazione contenuta in uno di questi collegamenti ipertestuali o in altri siti Internet. Allo stesso modo, l&#8217;inclusione di questi collegamenti esterni non implica alcun tipo di associazione, fusione o partecipazione con le entit\u00e0 collegate.<\/p>\n<p style=\"text-align: justify;\"><strong>9. DIRITTO DI ESCLUSIONE:<\/strong>  Industrial &amp; Hobby Aircraft, S.L. creatrice del sito web si riserva il diritto di negare o ritirare l&#8217;accesso al portale e\/o ai servizi offerti senza preavviso, su propria richiesta o su richiesta di terzi, agli utenti che non rispettino le presenti Condizioni Generali d&#8217;Uso.<\/p>\n<p style=\"text-align: justify;\"><strong>GENERALE:<\/strong> Industrial &amp; Hobby Aircraft, S.L., creatore del sito web, perseguir\u00e0 la violazione delle presenti condizioni, nonch\u00e9 qualsiasi uso improprio del suo portale, esercitando tutte le azioni civili e penali che le competono per legge.<\/p>\n<p style=\"text-align: justify;\"><strong>11.MODIFICA DELLE PRESENTI CONDIZIONI E DURATA:<\/strong> Industrial &amp; Hobby Aircraft, S.L., creatore del sito web, pu\u00f2 modificare in qualsiasi momento le condizioni qui stabilite, essendo debitamente pubblicate come appaiono qui. La validit\u00e0 di queste condizioni dipende dalla loro esposizione e rimarr\u00e0 in vigore fino a quando non saranno modificate da altre condizioni debitamente pubblicate.<\/p>\n<p style=\"text-align: justify;\"><strong>12. LEGGE APPLICABILE E GIURISDIZIONE:<\/strong> Il rapporto tra Industrial &amp; Hobby Aircraft, S.L. creatrice del sito web e l&#8217;UTENTE sar\u00e0 regolato dalla legislazione spagnola vigente e qualsiasi controversia sar\u00e0 sottoposta alle Corti e ai Tribunali della citt\u00e0 di Murcia.<\/p>\n<p><strong>13. COSTO DI SPEDIZIONE:<\/strong> Per le spedizioni verso la penisola, le Isole Baleari, Andorra e il Portogallo superiori a 100\u20ac \u00e8 gratuito, per ordini inferiori a 100\u20ac il costo \u00e8 di 5,90\u20ac, per le spedizioni verso le Isole Canarie consultare.<\/p>\n","protected":false},"excerpt":{"rendered":"<p>1. DATI IDENTIFICATIVI: in ottemperanza all&#8217;obbligo di fornire informazioni di cui all&#8217;articolo 10 della legge 34\/2002, dell&#8217;11 luglio, sui servizi della societ\u00e0 dell&#8217;informazione, e al registro mercantile di Murcia, pagina<\/p>\n","protected":false},"author":1,"featured_media":0,"parent":0,"menu_order":0,"comment_status":"closed","ping_status":"closed","template":"","meta":{"_joinchat":[],"footnotes":""},"class_list":["post-110705","page","type-page","status-publish","hentry"],"yoast_head":"<!-- This site is optimized with the Yoast SEO plugin v27.3 - https:\/\/yoast.com\/product\/yoast-seo-wordpress\/ -->\n<title>Avviso legale e informativa sulla privacy - Iha Race<\/title>\n<meta name=\"robots\" content=\"noindex, follow\" \/>\n<meta property=\"og:locale\" content=\"it_IT\" \/>\n<meta property=\"og:type\" content=\"article\" \/>\n<meta property=\"og:title\" content=\"Avviso legale e informativa sulla privacy - Iha Race\" \/>\n<meta property=\"og:description\" content=\"1. DATI IDENTIFICATIVI: in ottemperanza all&#8217;obbligo di fornire informazioni di cui all&#8217;articolo 10 della legge 34\/2002, dell&#8217;11 luglio, sui servizi della societ\u00e0 dell&#8217;informazione, e al registro mercantile di Murcia, pagina\" \/>\n<meta property=\"og:url\" content=\"https:\/\/iha-race.com\/it\/avviso-legale-e-informativa-sulla-privacy\/\" \/>\n<meta property=\"og:site_name\" content=\"Iha Race\" \/>\n<meta name=\"twitter:card\" content=\"summary_large_image\" \/>\n<meta name=\"twitter:label1\" content=\"Tempo di lettura stimato\" \/>\n\t<meta name=\"twitter:data1\" content=\"7 minuti\" \/>\n<script type=\"application\/ld+json\" class=\"yoast-schema-graph\">{\"@context\":\"https:\\\/\\\/schema.org\",\"@graph\":[{\"@type\":\"WebPage\",\"@id\":\"https:\\\/\\\/iha-race.com\\\/it\\\/avviso-legale-e-informativa-sulla-privacy\\\/\",\"url\":\"https:\\\/\\\/iha-race.com\\\/it\\\/avviso-legale-e-informativa-sulla-privacy\\\/\",\"name\":\"Avviso legale e informativa sulla privacy - Iha Race\",\"isPartOf\":{\"@id\":\"https:\\\/\\\/iha-race.com\\\/it\\\/#website\"},\"datePublished\":\"2018-07-16T08:20:48+00:00\",\"breadcrumb\":{\"@id\":\"https:\\\/\\\/iha-race.com\\\/it\\\/avviso-legale-e-informativa-sulla-privacy\\\/#breadcrumb\"},\"inLanguage\":\"it-IT\",\"potentialAction\":[{\"@type\":\"ReadAction\",\"target\":[\"https:\\\/\\\/iha-race.com\\\/it\\\/avviso-legale-e-informativa-sulla-privacy\\\/\"]}]},{\"@type\":\"BreadcrumbList\",\"@id\":\"https:\\\/\\\/iha-race.com\\\/it\\\/avviso-legale-e-informativa-sulla-privacy\\\/#breadcrumb\",\"itemListElement\":[{\"@type\":\"ListItem\",\"position\":1,\"name\":\"Portada\",\"item\":\"https:\\\/\\\/iha-race.com\\\/it\\\/\"},{\"@type\":\"ListItem\",\"position\":2,\"name\":\"Avviso legale e informativa sulla privacy\"}]},{\"@type\":\"WebSite\",\"@id\":\"https:\\\/\\\/iha-race.com\\\/it\\\/#website\",\"url\":\"https:\\\/\\\/iha-race.com\\\/it\\\/\",\"name\":\"Iha Race\",\"description\":\"Comprar drones de carreras FPV env\u00edos en un d\u00eda desde Espa\u00f1a\",\"publisher\":{\"@id\":\"https:\\\/\\\/iha-race.com\\\/it\\\/#organization\"},\"potentialAction\":[{\"@type\":\"SearchAction\",\"target\":{\"@type\":\"EntryPoint\",\"urlTemplate\":\"https:\\\/\\\/iha-race.com\\\/it\\\/?s={search_term_string}\"},\"query-input\":{\"@type\":\"PropertyValueSpecification\",\"valueRequired\":true,\"valueName\":\"search_term_string\"}}],\"inLanguage\":\"it-IT\"},{\"@type\":\"Organization\",\"@id\":\"https:\\\/\\\/iha-race.com\\\/it\\\/#organization\",\"name\":\"Iha Race\",\"url\":\"https:\\\/\\\/iha-race.com\\\/it\\\/\",\"logo\":{\"@type\":\"ImageObject\",\"inLanguage\":\"it-IT\",\"@id\":\"https:\\\/\\\/iha-race.com\\\/it\\\/#\\\/schema\\\/logo\\\/image\\\/\",\"url\":\"https:\\\/\\\/iha-race.com\\\/wp-content\\\/uploads\\\/2018\\\/07\\\/iha-race-drones-de-carreras-tienda-comprar-drones.png\",\"contentUrl\":\"https:\\\/\\\/iha-race.com\\\/wp-content\\\/uploads\\\/2018\\\/07\\\/iha-race-drones-de-carreras-tienda-comprar-drones.png\",\"width\":300,\"height\":100,\"caption\":\"Iha Race\"},\"image\":{\"@id\":\"https:\\\/\\\/iha-race.com\\\/it\\\/#\\\/schema\\\/logo\\\/image\\\/\"}}]}<\/script>\n<!-- \/ Yoast SEO plugin. -->","yoast_head_json":{"title":"Avviso legale e informativa sulla privacy - Iha Race","robots":{"index":"noindex","follow":"follow"},"og_locale":"it_IT","og_type":"article","og_title":"Avviso legale e informativa sulla privacy - Iha Race","og_description":"1. DATI IDENTIFICATIVI: in ottemperanza all&#8217;obbligo di fornire informazioni di cui all&#8217;articolo 10 della legge 34\/2002, dell&#8217;11 luglio, sui servizi della societ\u00e0 dell&#8217;informazione, e al registro mercantile di Murcia, pagina","og_url":"https:\/\/iha-race.com\/it\/avviso-legale-e-informativa-sulla-privacy\/","og_site_name":"Iha Race","twitter_card":"summary_large_image","twitter_misc":{"Tempo di lettura stimato":"7 minuti"},"schema":{"@context":"https:\/\/schema.org","@graph":[{"@type":"WebPage","@id":"https:\/\/iha-race.com\/it\/avviso-legale-e-informativa-sulla-privacy\/","url":"https:\/\/iha-race.com\/it\/avviso-legale-e-informativa-sulla-privacy\/","name":"Avviso legale e informativa sulla privacy - Iha Race","isPartOf":{"@id":"https:\/\/iha-race.com\/it\/#website"},"datePublished":"2018-07-16T08:20:48+00:00","breadcrumb":{"@id":"https:\/\/iha-race.com\/it\/avviso-legale-e-informativa-sulla-privacy\/#breadcrumb"},"inLanguage":"it-IT","potentialAction":[{"@type":"ReadAction","target":["https:\/\/iha-race.com\/it\/avviso-legale-e-informativa-sulla-privacy\/"]}]},{"@type":"BreadcrumbList","@id":"https:\/\/iha-race.com\/it\/avviso-legale-e-informativa-sulla-privacy\/#breadcrumb","itemListElement":[{"@type":"ListItem","position":1,"name":"Portada","item":"https:\/\/iha-race.com\/it\/"},{"@type":"ListItem","position":2,"name":"Avviso legale e informativa sulla privacy"}]},{"@type":"WebSite","@id":"https:\/\/iha-race.com\/it\/#website","url":"https:\/\/iha-race.com\/it\/","name":"Iha Race","description":"Comprar drones de carreras FPV env\u00edos en un d\u00eda desde Espa\u00f1a","publisher":{"@id":"https:\/\/iha-race.com\/it\/#organization"},"potentialAction":[{"@type":"SearchAction","target":{"@type":"EntryPoint","urlTemplate":"https:\/\/iha-race.com\/it\/?s={search_term_string}"},"query-input":{"@type":"PropertyValueSpecification","valueRequired":true,"valueName":"search_term_string"}}],"inLanguage":"it-IT"},{"@type":"Organization","@id":"https:\/\/iha-race.com\/it\/#organization","name":"Iha Race","url":"https:\/\/iha-race.com\/it\/","logo":{"@type":"ImageObject","inLanguage":"it-IT","@id":"https:\/\/iha-race.com\/it\/#\/schema\/logo\/image\/","url":"https:\/\/iha-race.com\/wp-content\/uploads\/2018\/07\/iha-race-drones-de-carreras-tienda-comprar-drones.png","contentUrl":"https:\/\/iha-race.com\/wp-content\/uploads\/2018\/07\/iha-race-drones-de-carreras-tienda-comprar-drones.png","width":300,"height":100,"caption":"Iha Race"},"image":{"@id":"https:\/\/iha-race.com\/it\/#\/schema\/logo\/image\/"}}]}},"jetpack_sharing_enabled":true,"_links":{"self":[{"href":"https:\/\/iha-race.com\/it\/wp-json\/wp\/v2\/pages\/110705","targetHints":{"allow":["GET"]}}],"collection":[{"href":"https:\/\/iha-race.com\/it\/wp-json\/wp\/v2\/pages"}],"about":[{"href":"https:\/\/iha-race.com\/it\/wp-json\/wp\/v2\/types\/page"}],"author":[{"embeddable":true,"href":"https:\/\/iha-race.com\/it\/wp-json\/wp\/v2\/users\/1"}],"replies":[{"embeddable":true,"href":"https:\/\/iha-race.com\/it\/wp-json\/wp\/v2\/comments?post=110705"}],"version-history":[{"count":0,"href":"https:\/\/iha-race.com\/it\/wp-json\/wp\/v2\/pages\/110705\/revisions"}],"wp:attachment":[{"href":"https:\/\/iha-race.com\/it\/wp-json\/wp\/v2\/media?parent=110705"}],"curies":[{"name":"wp","href":"https:\/\/api.w.org\/{rel}","templated":true}]}}