{"id":110700,"date":"2018-08-23T09:53:56","date_gmt":"2018-08-23T07:53:56","guid":{"rendered":"https:\/\/iha-race.com\/sistema-di-punti-iha-race\/"},"modified":"2022-08-05T12:26:48","modified_gmt":"2022-08-05T10:26:48","slug":"sistema-di-punti-iha-race","status":"publish","type":"page","link":"https:\/\/iha-race.com\/it\/sistema-di-punti-iha-race\/","title":{"rendered":"Sistema di punti Iha Race"},"content":{"rendered":"\n<p>A partire dalla nuova versione del negozio online del 25 luglio 2018, i clienti registrati riceveranno punti sconto per tali acquisti. <strong>Ogni euro acquistato sar\u00e0 convertito in 1 punto<\/strong>.<\/p>\n\n<p>Potete controllare i punti nel vostro profilo o nel vostro carrello se avete acquistato da quella data in poi. Se non siete <a href=\"https:\/\/iha-race.com\/mi-cuenta\/\">registrati<\/a> non potrete ottenere i punti.<\/p>\n\n<p>Oltre all&#8217;acquisto di prodotti, \u00e8 possibile guadagnare punti in questi modi:<\/p>\n\n<ul class=\"wp-block-list\"><li>Per aver lasciato una <strong>recensione su un prodotto<\/strong> riceverete<strong> <em>50 punti<\/em><\/strong> per ciascuno di essi, se allegate foto dell&#8217;ordine all&#8217;apertura o un video riceverete pi\u00f9 punti. Non possiamo contare le recensioni di Google, ma le apprezziamo \ud83d\ude42<\/li><li> <strong>Registrandovi sul sito web<\/strong> otterrete <strong>\n  <em>50 punti<\/em>\n<\/strong> riscattabile sul <strong>primo ordine<\/strong>.<\/li><li>Per ogni <strong>400\u20ac spesi*<\/strong> sul totale dei vostri acquisti riceverete<strong>\n  <em> 100 punti<\/em>\n<\/strong>.<\/li><li>Per l&#8217;<strong>evasione di 10 ordini<\/strong> \u00e8 previsto un supplemento di <strong>\n  <em>100 punti.<\/em>\n<\/strong><\/li><\/ul>\n\n<p>I punti per le valutazioni possono richiedere fino a 24 ore per essere visualizzati nel vostro account.<\/p>\n\n<p>*Le valutazioni per acquisti superiori possono variare in futuro a causa di promozioni.<\/p>\n\n<p>Per qualsiasi domanda, contattare l&#8217;<a href=\"https:\/\/iha-race.com\/it\/servizio-e-contatto-con-i-clienti\/\">assistenza<\/a>.<\/p>\n","protected":false},"excerpt":{"rendered":"<p>A partire dalla nuova versione del negozio online del 25 luglio 2018, i clienti registrati riceveranno punti sconto per tali acquisti. Ogni euro acquistato sar\u00e0 convertito in 1 punto. Potete<\/p>\n","protected":false},"author":1,"featured_media":0,"parent":0,"menu_order":0,"comment_status":"closed","ping_status":"closed","template":"","meta":{"_joinchat":[],"footnotes":""},"class_list":["post-110700","page","type-page","status-publish","hentry"],"yoast_head":"<!-- This site is optimized with the Yoast SEO plugin v27.3 - https:\/\/yoast.com\/product\/yoast-seo-wordpress\/ -->\n<title>Sistema di punti Iha Race<\/title>\n<meta name=\"description\" content=\"Per accedere al nostro sistema di punti, \u00e8 necessario essere registrati sul sito web. Da l\u00ec, potrete accumulare punti per risparmiare sui vostri prossimi acquisti.\" \/>\n<meta name=\"robots\" content=\"noindex, follow\" \/>\n<meta property=\"og:locale\" content=\"it_IT\" \/>\n<meta property=\"og:type\" content=\"article\" \/>\n<meta property=\"og:title\" content=\"Sistema di punti Iha Race\" \/>\n<meta property=\"og:description\" content=\"Per accedere al nostro sistema di punti, \u00e8 necessario essere registrati sul sito web. Da l\u00ec, potrete accumulare punti per risparmiare sui vostri prossimi acquisti.\" \/>\n<meta property=\"og:url\" content=\"https:\/\/iha-race.com\/it\/sistema-di-punti-iha-race\/\" \/>\n<meta property=\"og:site_name\" content=\"Iha Race\" \/>\n<meta property=\"article:modified_time\" content=\"2022-08-05T10:26:48+00:00\" \/>\n<meta name=\"twitter:card\" content=\"summary_large_image\" \/>\n<meta name=\"twitter:label1\" content=\"Tempo di lettura stimato\" \/>\n\t<meta name=\"twitter:data1\" content=\"1 minuto\" \/>\n<script type=\"application\/ld+json\" class=\"yoast-schema-graph\">{\"@context\":\"https:\\\/\\\/schema.org\",\"@graph\":[{\"@type\":\"WebPage\",\"@id\":\"https:\\\/\\\/iha-race.com\\\/it\\\/sistema-di-punti-iha-race\\\/\",\"url\":\"https:\\\/\\\/iha-race.com\\\/it\\\/sistema-di-punti-iha-race\\\/\",\"name\":\"Sistema di punti Iha Race\",\"isPartOf\":{\"@id\":\"https:\\\/\\\/iha-race.com\\\/it\\\/#website\"},\"datePublished\":\"2018-08-23T07:53:56+00:00\",\"dateModified\":\"2022-08-05T10:26:48+00:00\",\"description\":\"Per accedere al nostro sistema di punti, \u00e8 necessario essere registrati sul sito web. Da l\u00ec, potrete accumulare punti per risparmiare sui vostri prossimi acquisti.\",\"breadcrumb\":{\"@id\":\"https:\\\/\\\/iha-race.com\\\/it\\\/sistema-di-punti-iha-race\\\/#breadcrumb\"},\"inLanguage\":\"it-IT\",\"potentialAction\":[{\"@type\":\"ReadAction\",\"target\":[\"https:\\\/\\\/iha-race.com\\\/it\\\/sistema-di-punti-iha-race\\\/\"]}]},{\"@type\":\"BreadcrumbList\",\"@id\":\"https:\\\/\\\/iha-race.com\\\/it\\\/sistema-di-punti-iha-race\\\/#breadcrumb\",\"itemListElement\":[{\"@type\":\"ListItem\",\"position\":1,\"name\":\"Portada\",\"item\":\"https:\\\/\\\/iha-race.com\\\/it\\\/\"},{\"@type\":\"ListItem\",\"position\":2,\"name\":\"Sistema di punti Iha Race\"}]},{\"@type\":\"WebSite\",\"@id\":\"https:\\\/\\\/iha-race.com\\\/it\\\/#website\",\"url\":\"https:\\\/\\\/iha-race.com\\\/it\\\/\",\"name\":\"Iha Race\",\"description\":\"Comprar drones de carreras FPV env\u00edos en un d\u00eda desde Espa\u00f1a\",\"publisher\":{\"@id\":\"https:\\\/\\\/iha-race.com\\\/it\\\/#organization\"},\"potentialAction\":[{\"@type\":\"SearchAction\",\"target\":{\"@type\":\"EntryPoint\",\"urlTemplate\":\"https:\\\/\\\/iha-race.com\\\/it\\\/?s={search_term_string}\"},\"query-input\":{\"@type\":\"PropertyValueSpecification\",\"valueRequired\":true,\"valueName\":\"search_term_string\"}}],\"inLanguage\":\"it-IT\"},{\"@type\":\"Organization\",\"@id\":\"https:\\\/\\\/iha-race.com\\\/it\\\/#organization\",\"name\":\"Iha Race\",\"url\":\"https:\\\/\\\/iha-race.com\\\/it\\\/\",\"logo\":{\"@type\":\"ImageObject\",\"inLanguage\":\"it-IT\",\"@id\":\"https:\\\/\\\/iha-race.com\\\/it\\\/#\\\/schema\\\/logo\\\/image\\\/\",\"url\":\"https:\\\/\\\/iha-race.com\\\/wp-content\\\/uploads\\\/2018\\\/07\\\/iha-race-drones-de-carreras-tienda-comprar-drones.png\",\"contentUrl\":\"https:\\\/\\\/iha-race.com\\\/wp-content\\\/uploads\\\/2018\\\/07\\\/iha-race-drones-de-carreras-tienda-comprar-drones.png\",\"width\":300,\"height\":100,\"caption\":\"Iha Race\"},\"image\":{\"@id\":\"https:\\\/\\\/iha-race.com\\\/it\\\/#\\\/schema\\\/logo\\\/image\\\/\"}}]}<\/script>\n<!-- \/ Yoast SEO plugin. -->","yoast_head_json":{"title":"Sistema di punti Iha Race","description":"Per accedere al nostro sistema di punti, \u00e8 necessario essere registrati sul sito web. Da l\u00ec, potrete accumulare punti per risparmiare sui vostri prossimi acquisti.","robots":{"index":"noindex","follow":"follow"},"og_locale":"it_IT","og_type":"article","og_title":"Sistema di punti Iha Race","og_description":"Per accedere al nostro sistema di punti, \u00e8 necessario essere registrati sul sito web. Da l\u00ec, potrete accumulare punti per risparmiare sui vostri prossimi acquisti.","og_url":"https:\/\/iha-race.com\/it\/sistema-di-punti-iha-race\/","og_site_name":"Iha Race","article_modified_time":"2022-08-05T10:26:48+00:00","twitter_card":"summary_large_image","twitter_misc":{"Tempo di lettura stimato":"1 minuto"},"schema":{"@context":"https:\/\/schema.org","@graph":[{"@type":"WebPage","@id":"https:\/\/iha-race.com\/it\/sistema-di-punti-iha-race\/","url":"https:\/\/iha-race.com\/it\/sistema-di-punti-iha-race\/","name":"Sistema di punti Iha Race","isPartOf":{"@id":"https:\/\/iha-race.com\/it\/#website"},"datePublished":"2018-08-23T07:53:56+00:00","dateModified":"2022-08-05T10:26:48+00:00","description":"Per accedere al nostro sistema di punti, \u00e8 necessario essere registrati sul sito web. Da l\u00ec, potrete accumulare punti per risparmiare sui vostri prossimi acquisti.","breadcrumb":{"@id":"https:\/\/iha-race.com\/it\/sistema-di-punti-iha-race\/#breadcrumb"},"inLanguage":"it-IT","potentialAction":[{"@type":"ReadAction","target":["https:\/\/iha-race.com\/it\/sistema-di-punti-iha-race\/"]}]},{"@type":"BreadcrumbList","@id":"https:\/\/iha-race.com\/it\/sistema-di-punti-iha-race\/#breadcrumb","itemListElement":[{"@type":"ListItem","position":1,"name":"Portada","item":"https:\/\/iha-race.com\/it\/"},{"@type":"ListItem","position":2,"name":"Sistema di punti Iha Race"}]},{"@type":"WebSite","@id":"https:\/\/iha-race.com\/it\/#website","url":"https:\/\/iha-race.com\/it\/","name":"Iha Race","description":"Comprar drones de carreras FPV env\u00edos en un d\u00eda desde Espa\u00f1a","publisher":{"@id":"https:\/\/iha-race.com\/it\/#organization"},"potentialAction":[{"@type":"SearchAction","target":{"@type":"EntryPoint","urlTemplate":"https:\/\/iha-race.com\/it\/?s={search_term_string}"},"query-input":{"@type":"PropertyValueSpecification","valueRequired":true,"valueName":"search_term_string"}}],"inLanguage":"it-IT"},{"@type":"Organization","@id":"https:\/\/iha-race.com\/it\/#organization","name":"Iha Race","url":"https:\/\/iha-race.com\/it\/","logo":{"@type":"ImageObject","inLanguage":"it-IT","@id":"https:\/\/iha-race.com\/it\/#\/schema\/logo\/image\/","url":"https:\/\/iha-race.com\/wp-content\/uploads\/2018\/07\/iha-race-drones-de-carreras-tienda-comprar-drones.png","contentUrl":"https:\/\/iha-race.com\/wp-content\/uploads\/2018\/07\/iha-race-drones-de-carreras-tienda-comprar-drones.png","width":300,"height":100,"caption":"Iha Race"},"image":{"@id":"https:\/\/iha-race.com\/it\/#\/schema\/logo\/image\/"}}]}},"_links":{"self":[{"href":"https:\/\/iha-race.com\/it\/wp-json\/wp\/v2\/pages\/110700","targetHints":{"allow":["GET"]}}],"collection":[{"href":"https:\/\/iha-race.com\/it\/wp-json\/wp\/v2\/pages"}],"about":[{"href":"https:\/\/iha-race.com\/it\/wp-json\/wp\/v2\/types\/page"}],"author":[{"embeddable":true,"href":"https:\/\/iha-race.com\/it\/wp-json\/wp\/v2\/users\/1"}],"replies":[{"embeddable":true,"href":"https:\/\/iha-race.com\/it\/wp-json\/wp\/v2\/comments?post=110700"}],"version-history":[{"count":1,"href":"https:\/\/iha-race.com\/it\/wp-json\/wp\/v2\/pages\/110700\/revisions"}],"predecessor-version":[{"id":110706,"href":"https:\/\/iha-race.com\/it\/wp-json\/wp\/v2\/pages\/110700\/revisions\/110706"}],"wp:attachment":[{"href":"https:\/\/iha-race.com\/it\/wp-json\/wp\/v2\/media?parent=110700"}],"curies":[{"name":"wp","href":"https:\/\/api.w.org\/{rel}","templated":true}]}}