{"id":110684,"date":"2018-07-16T10:12:21","date_gmt":"2018-07-16T08:12:21","guid":{"rendered":"https:\/\/iha-race.com\/informativa-sui-cookie\/"},"modified":"2024-05-03T11:49:26","modified_gmt":"2024-05-03T09:49:26","slug":"informativa-sui-cookie","status":"publish","type":"page","link":"https:\/\/iha-race.com\/it\/informativa-sui-cookie\/","title":{"rendered":"Informativa sui cookie"},"content":{"rendered":"<h2><b>POLITICA DEI COOKIE DI IHA-RACE<\/b><\/h2>\n<p align=\"JUSTIFY\">La LSSI-CE obbliga tutti coloro che hanno un negozio online o un sito web ad <b>avvisare l&#8217;utente della presenza di cookie, a informarlo e a chiedere il permesso di scaricarli<\/b>.<\/p>\n<p align=\"JUSTIFY\">In conformit\u00e0 alle disposizioni dell&#8217;art. 22.2 della Legge 34\/2002<i>. &#8220;I fornitori di servizi possono utilizzare dispositivi di archiviazione e recupero dati nelle apparecchiature terminali dei destinatari, a condizione che tali apparecchiature  <\/i><b>hanno dato il loro consenso dopo aver ricevuto informazioni chiare e complete sul suo utilizzo<\/b><i>in particolare sulle finalit\u00e0 del trattamento dei dati, in conformit\u00e0 con le disposizioni della legge organica 15\/1999 del 13 dicembre sulla protezione dei dati personali&#8221;.<\/i><\/p>\n<p>L&#8217;utente deve essere consapevole che, a causa del modo in cui Internet e i siti web funzionano, non \u00e8 sempre possibile avere informazioni aggiornate sui cookie che le terze parti possono utilizzare attraverso questo sito web.<\/p>\n<p>Ci\u00f2 vale in particolare per i casi in cui questo sito web contenga elementi incorporati, ossia testi, documenti, immagini o brevi filmati memorizzati altrove, ma visualizzati sul nostro sito web.<\/p>\n<p align=\"JUSTIFY\">Pertanto, se si riscontrano cookie di questo tipo su questo sito web e non sono elencati di seguito, si prega di comunicarmelo. \u00c8 inoltre possibile contattare direttamente la terza parte per richiedere informazioni sui cookie impostati, sullo scopo e sulla durata dei cookie e su come ha garantito la vostra privacy.<\/p>\n<h3><b>Cosa sono i cookie?<\/b><\/h3>\n<p align=\"JUSTIFY\">I cookie sono uno strumento utilizzato dai server Web per memorizzare e recuperare informazioni sui visitatori. Non \u00e8 altro che un file di testo che alcuni server chiedono al browser di scrivere sul disco rigido, con informazioni su ci\u00f2 che avete fatto sulle loro pagine. Hanno una data di scadenza, che pu\u00f2 variare dalla durata della sessione a una data futura specificata, dopo la quale non sono pi\u00f9 operativi.<\/p>\n<h3><strong>Cosa NON \u00e8 un biscotto?<\/strong><\/h3>\n<p>Non \u00e8 un virus, un trojan, un worm, uno spam, uno spyware o un pop-up.<\/p>\n<h2>Quali informazioni memorizza un cookie?<\/h2>\n<p>I cookie di solito non memorizzano informazioni sensibili sull&#8217;utente, come i dati della carta di credito o bancari, fotografie o informazioni personali, ecc. I dati memorizzati sono di natura tecnica, statistica, preferenze personali, personalizzazione dei contenuti, ecc.<\/p>\n<p>Il server web non associa l&#8217;utente come persona, ma il suo browser web. Infatti, se si naviga abitualmente con il browser Chrome e si prova a navigare nello stesso sito web con il browser Firefox, si noter\u00e0 che il sito web non si rende conto che si \u00e8 la stessa persona perch\u00e9 in realt\u00e0 associa le informazioni al browser, non alla persona.<\/p>\n<h2>Quali tipi di cookie esistono?<\/h2>\n<ul>\n<li><b>Cookie tecnici:<\/b> sono i pi\u00f9 elementari e consentono, tra l&#8217;altro, di sapere quando un utente umano o un&#8217;applicazione automatizzata sta navigando, quando un utente anonimo e un utente registrato stanno navigando, operazioni fondamentali per il funzionamento di qualsiasi sito web dinamico.<\/li>\n<li><b>Cookie di analisi:<\/b> raccolgono informazioni sul tipo di navigazione dell&#8217;utente, sulle sezioni maggiormente utilizzate, sui prodotti consultati, sul tempo di utilizzo, sulla lingua, ecc.<\/li>\n<li><b>Cookie pubblicitari:<\/b> mostrano pubblicit\u00e0 in base alle abitudini di navigazione, al paese di origine, alla lingua, ecc.<\/li>\n<\/ul>\n<h2>Cosa sono i cookie di prima parte e di terza parte?<\/h2>\n<p>I cookie di prima parte sono quelli generati dal sito web che state visitando e i cookie di terza parte sono quelli generati da servizi o fornitori esterni come Mailchimp, Mailrelay, Facebook, Twitter, Google adsense, ecc.<\/p>\n<h2>Quali cookie utilizza questo sito web?<\/h2>\n<p>Questo sito web utilizza cookie propri e di terze parti. Su questo sito web vengono utilizzati i seguenti cookie, descritti in dettaglio di seguito:<\/p>\n<h2>Biscotti propri:<\/h2>\n<p><b>Login:<\/b> i cookie di login consentono di accedere e uscire dal proprio account Posonty.<\/p>\n<p><b>Personalizzazione:<\/b> I cookie mi aiutano a ricordare con quali persone o siti web avete interagito, in modo da potervi mostrare contenuti correlati.<\/p>\n<p><b>Preferenze:<\/b> I cookie mi consentono di ricordare le impostazioni e le preferenze dell&#8217;utente, come la lingua preferita e le impostazioni sulla privacy.<\/p>\n<p><b>Sicurezza:<\/b> utilizzo i cookie per evitare rischi di sicurezza. Principalmente per rilevare se qualcuno sta cercando di hackerare il vostro account Posonty.<\/p>\n<h2>Cookie di terze parti<\/h2>\n<p>Questo sito web utilizza servizi di analisi, in particolare Google Analytics, per consentire al sito web di analizzare l&#8217;utilizzo del sito da parte degli utenti e migliorarne l&#8217;usabilit\u00e0, ma in nessun caso sono associati a dati che potrebbero identificare l&#8217;utente. Google Analytics \u00e8 un servizio di analisi web fornito da Google, Inc.  <a href=\"https:\/\/www.google.es\/intl\/es\/policies\/technologies\/types\/\" target=\"_blank\" rel=\"noopener\">qui<\/a> il tipo di cookie utilizzati da Google.<\/p>\n<p>\u00c8 possibile leggere l&#8217;informativa sulla privacy di questa piattaforma qui.<\/p>\n<p><strong>WordPress:<\/strong> Salvador Rivera \u00e8 un utente della piattaforma di blogging WordPress, di propriet\u00e0 della societ\u00e0 statunitense Automattic, Inc. A tal fine, l&#8217;utilizzo di tali cookie da parte di sistemi che non sono mai sotto il controllo o la gestione del gestore del sito web pu\u00f2 modificare la loro funzione in qualsiasi momento e possono essere introdotti nuovi cookie.<\/p>\n<p>I cookie dei social media possono essere memorizzati nel browser mentre si naviga su https:\/\/iha-race.com\/, ad esempio quando si utilizza il pulsante di condivisione dei contenuti su https:\/\/iha-race.com\/ su un social network. Di seguito sono riportate informazioni sui cookie dei social media utilizzati da questo sito web nelle rispettive politiche sui cookie:<\/p>\n<ul>\n<li>Cookie di Facebook, per maggiori informazioni consultare l&#8217;<a href=\"https:\/\/www.facebook.com\/policies\/cookies\/\" target=\"_blank\" rel=\"noopener\">informativa sui cookie<\/a>.<\/li>\n<li>Cookie di Twitter, per maggiori informazioni consultare l&#8217;<a href=\"https:\/\/twitter.com\/privacy\" target=\"_blank\" rel=\"noopener\">informativa sui cookie<\/a>.<\/li>\n<li>Cookie di Instagram, per maggiori informazioni consultare l&#8217;<a href=\"https:\/\/www.facebook.com\/policies\/cookies\/\" target=\"_blank\" rel=\"noopener\">informativa sui cookie<\/a>.<\/li>\n<li>I cookie di Google+, per maggiori informazioni consultare l&#8217;<a href=\"http:\/\/www.google.com\/intl\/es\/policies\/technologies\/types\/\" target=\"_blank\" rel=\"noopener\">informativa sui cookie<\/a>.<\/li>\n<li>Cookie di Youtube, per maggiori informazioni consultare l&#8217;<a href=\"http:\/\/www.google.com\/intl\/es\/policies\/technologies\/types\/\" target=\"_blank\" rel=\"noopener\">informativa sui cookie<\/a>.<\/li>\n<\/ul>\n<h2>I cookie possono essere cancellati?<\/h2>\n<p>S\u00ec, e non solo eliminare, ma anche bloccare, in generale o per un dominio specifico.<br \/>\nPer eliminare i cookie da un sito web \u00e8 necessario accedere alle impostazioni del browser, dove \u00e8 possibile cercare i cookie associati al dominio in questione ed eliminarli.<\/p>\n<ul>\n<li>Impostazioni dei cookie per <a href=\"http:\/\/support.google.com\/chrome\/bin\/answer.py?hl=es&amp;answer=95647\" target=\"_blank\" rel=\"noopener\">Google Chrome<\/a><\/li>\n<li>Impostazioni dei cookie per <a href=\"https:\/\/support.apple.com\/es-es\/HT201265\" target=\"_blank\" rel=\"noopener\">Apple Safari<\/a><\/li>\n<li>Impostazioni dei cookie per <a href=\"https:\/\/support.microsoft.com\/en-us\/help\/17442\/windows-internet-explorer-delete-manage-cookies#ie=ie-10\" target=\"_blank\" rel=\"noopener\">Internet Explorer<\/a><\/li>\n<li>Impostazioni dei cookie per <a href=\"https:\/\/support.mozilla.org\/es\/kb\/habilitar-y-deshabilitar-cookies-sitios-web-rastrear-preferencias?redirectlocale=es&amp;redirectslug=habilitar-y-deshabilitar-cookies-que-los-sitios-we\" target=\"_blank\" rel=\"noopener\">Mozilla Firefox<\/a><\/li>\n<\/ul>\n<h2>Ulteriori informazioni sui cookie<\/h2>\n<p>\u00c8 possibile consultare la normativa sui cookie pubblicata dall&#8217;Agenzia spagnola per la protezione dei dati nella sua &#8220;Guida all&#8217;uso dei cookie&#8221; e ottenere ulteriori informazioni sui cookie su Internet, <a href=\"http:\/\/www.aboutcookies.org\/\" target=\"_blank\" rel=\"noopener\">http:\/\/www.aboutcookies.org\/.<\/a><\/p>\n<p>Se desiderate avere un maggiore controllo sull&#8217;installazione dei cookie, potete installare programmi o componenti aggiuntivi del vostro browser, noti come<strong> strumenti &#8220;Do Not Track&#8221;,<\/strong> che vi permetteranno di scegliere quali cookie consentire.<\/p>\n<div id=\"page\" class=\"hfeed site\">\n<div id=\"content\" class=\"site-content\">\n<div class=\"container\">\n<div class=\"row\">\n<article id=\"post-43\" class=\"post-43 page type-page status-publish hentry\">\n<div class=\"entry-content\">\n<p>In caso di domande sulla presente politica dei cookie, \u00e8 possibile contattarci all&#8217;indirizzo info@ih-aircraft.com.<\/p>\n<p>&lt;div class= &#8220;cky-audit-table-element&#8221; div class= &#8220;cky-audit-table-element&#8221;&gt;&lt;\/div&gt;<\/p>\n<\/div>\n<\/article>\n<\/div>\n<\/div>\n<\/div>\n<\/div>\n<p>Questa politica sui cookie \u00e8 stata aggiornata l&#8217;ultima volta il 04-06-2018.<\/p>\n<p align=\"JUSTIFY\">\n","protected":false},"excerpt":{"rendered":"<p>POLITICA DEI COOKIE DI IHA-RACE La LSSI-CE obbliga tutti coloro che hanno un negozio online o un sito web ad avvisare l&#8217;utente della presenza di cookie, a informarlo e a<\/p>\n","protected":false},"author":1,"featured_media":0,"parent":0,"menu_order":0,"comment_status":"closed","ping_status":"closed","template":"","meta":{"_joinchat":[],"footnotes":""},"class_list":["post-110684","page","type-page","status-publish","hentry"],"yoast_head":"<!-- This site is optimized with the Yoast SEO plugin v27.3 - https:\/\/yoast.com\/product\/yoast-seo-wordpress\/ -->\n<title>Informativa sui cookie - Iha Race<\/title>\n<meta name=\"robots\" content=\"noindex, follow\" \/>\n<meta property=\"og:locale\" content=\"it_IT\" \/>\n<meta property=\"og:type\" content=\"article\" \/>\n<meta property=\"og:title\" content=\"Informativa sui cookie - Iha Race\" \/>\n<meta property=\"og:description\" content=\"POLITICA DEI COOKIE DI IHA-RACE La LSSI-CE obbliga tutti coloro che hanno un negozio online o un sito web ad avvisare l&#8217;utente della presenza di cookie, a informarlo e a\" \/>\n<meta property=\"og:url\" content=\"https:\/\/iha-race.com\/it\/informativa-sui-cookie\/\" \/>\n<meta property=\"og:site_name\" content=\"Iha Race\" \/>\n<meta property=\"article:modified_time\" content=\"2024-05-03T09:49:26+00:00\" \/>\n<meta name=\"twitter:card\" content=\"summary_large_image\" \/>\n<meta name=\"twitter:label1\" content=\"Tempo di lettura stimato\" \/>\n\t<meta name=\"twitter:data1\" content=\"5 minuti\" \/>\n<script type=\"application\/ld+json\" class=\"yoast-schema-graph\">{\"@context\":\"https:\\\/\\\/schema.org\",\"@graph\":[{\"@type\":\"WebPage\",\"@id\":\"https:\\\/\\\/iha-race.com\\\/it\\\/informativa-sui-cookie\\\/\",\"url\":\"https:\\\/\\\/iha-race.com\\\/it\\\/informativa-sui-cookie\\\/\",\"name\":\"Informativa sui cookie - Iha Race\",\"isPartOf\":{\"@id\":\"https:\\\/\\\/iha-race.com\\\/it\\\/#website\"},\"datePublished\":\"2018-07-16T08:12:21+00:00\",\"dateModified\":\"2024-05-03T09:49:26+00:00\",\"breadcrumb\":{\"@id\":\"https:\\\/\\\/iha-race.com\\\/it\\\/informativa-sui-cookie\\\/#breadcrumb\"},\"inLanguage\":\"it-IT\",\"potentialAction\":[{\"@type\":\"ReadAction\",\"target\":[\"https:\\\/\\\/iha-race.com\\\/it\\\/informativa-sui-cookie\\\/\"]}]},{\"@type\":\"BreadcrumbList\",\"@id\":\"https:\\\/\\\/iha-race.com\\\/it\\\/informativa-sui-cookie\\\/#breadcrumb\",\"itemListElement\":[{\"@type\":\"ListItem\",\"position\":1,\"name\":\"Portada\",\"item\":\"https:\\\/\\\/iha-race.com\\\/it\\\/\"},{\"@type\":\"ListItem\",\"position\":2,\"name\":\"Informativa sui cookie\"}]},{\"@type\":\"WebSite\",\"@id\":\"https:\\\/\\\/iha-race.com\\\/it\\\/#website\",\"url\":\"https:\\\/\\\/iha-race.com\\\/it\\\/\",\"name\":\"Iha Race\",\"description\":\"Comprar drones de carreras FPV env\u00edos en un d\u00eda desde Espa\u00f1a\",\"publisher\":{\"@id\":\"https:\\\/\\\/iha-race.com\\\/it\\\/#organization\"},\"potentialAction\":[{\"@type\":\"SearchAction\",\"target\":{\"@type\":\"EntryPoint\",\"urlTemplate\":\"https:\\\/\\\/iha-race.com\\\/it\\\/?s={search_term_string}\"},\"query-input\":{\"@type\":\"PropertyValueSpecification\",\"valueRequired\":true,\"valueName\":\"search_term_string\"}}],\"inLanguage\":\"it-IT\"},{\"@type\":\"Organization\",\"@id\":\"https:\\\/\\\/iha-race.com\\\/it\\\/#organization\",\"name\":\"Iha Race\",\"url\":\"https:\\\/\\\/iha-race.com\\\/it\\\/\",\"logo\":{\"@type\":\"ImageObject\",\"inLanguage\":\"it-IT\",\"@id\":\"https:\\\/\\\/iha-race.com\\\/it\\\/#\\\/schema\\\/logo\\\/image\\\/\",\"url\":\"https:\\\/\\\/iha-race.com\\\/wp-content\\\/uploads\\\/2018\\\/07\\\/iha-race-drones-de-carreras-tienda-comprar-drones.png\",\"contentUrl\":\"https:\\\/\\\/iha-race.com\\\/wp-content\\\/uploads\\\/2018\\\/07\\\/iha-race-drones-de-carreras-tienda-comprar-drones.png\",\"width\":300,\"height\":100,\"caption\":\"Iha Race\"},\"image\":{\"@id\":\"https:\\\/\\\/iha-race.com\\\/it\\\/#\\\/schema\\\/logo\\\/image\\\/\"}}]}<\/script>\n<!-- \/ Yoast SEO plugin. -->","yoast_head_json":{"title":"Informativa sui cookie - Iha Race","robots":{"index":"noindex","follow":"follow"},"og_locale":"it_IT","og_type":"article","og_title":"Informativa sui cookie - Iha Race","og_description":"POLITICA DEI COOKIE DI IHA-RACE La LSSI-CE obbliga tutti coloro che hanno un negozio online o un sito web ad avvisare l&#8217;utente della presenza di cookie, a informarlo e a","og_url":"https:\/\/iha-race.com\/it\/informativa-sui-cookie\/","og_site_name":"Iha Race","article_modified_time":"2024-05-03T09:49:26+00:00","twitter_card":"summary_large_image","twitter_misc":{"Tempo di lettura stimato":"5 minuti"},"schema":{"@context":"https:\/\/schema.org","@graph":[{"@type":"WebPage","@id":"https:\/\/iha-race.com\/it\/informativa-sui-cookie\/","url":"https:\/\/iha-race.com\/it\/informativa-sui-cookie\/","name":"Informativa sui cookie - Iha Race","isPartOf":{"@id":"https:\/\/iha-race.com\/it\/#website"},"datePublished":"2018-07-16T08:12:21+00:00","dateModified":"2024-05-03T09:49:26+00:00","breadcrumb":{"@id":"https:\/\/iha-race.com\/it\/informativa-sui-cookie\/#breadcrumb"},"inLanguage":"it-IT","potentialAction":[{"@type":"ReadAction","target":["https:\/\/iha-race.com\/it\/informativa-sui-cookie\/"]}]},{"@type":"BreadcrumbList","@id":"https:\/\/iha-race.com\/it\/informativa-sui-cookie\/#breadcrumb","itemListElement":[{"@type":"ListItem","position":1,"name":"Portada","item":"https:\/\/iha-race.com\/it\/"},{"@type":"ListItem","position":2,"name":"Informativa sui cookie"}]},{"@type":"WebSite","@id":"https:\/\/iha-race.com\/it\/#website","url":"https:\/\/iha-race.com\/it\/","name":"Iha Race","description":"Comprar drones de carreras FPV env\u00edos en un d\u00eda desde Espa\u00f1a","publisher":{"@id":"https:\/\/iha-race.com\/it\/#organization"},"potentialAction":[{"@type":"SearchAction","target":{"@type":"EntryPoint","urlTemplate":"https:\/\/iha-race.com\/it\/?s={search_term_string}"},"query-input":{"@type":"PropertyValueSpecification","valueRequired":true,"valueName":"search_term_string"}}],"inLanguage":"it-IT"},{"@type":"Organization","@id":"https:\/\/iha-race.com\/it\/#organization","name":"Iha Race","url":"https:\/\/iha-race.com\/it\/","logo":{"@type":"ImageObject","inLanguage":"it-IT","@id":"https:\/\/iha-race.com\/it\/#\/schema\/logo\/image\/","url":"https:\/\/iha-race.com\/wp-content\/uploads\/2018\/07\/iha-race-drones-de-carreras-tienda-comprar-drones.png","contentUrl":"https:\/\/iha-race.com\/wp-content\/uploads\/2018\/07\/iha-race-drones-de-carreras-tienda-comprar-drones.png","width":300,"height":100,"caption":"Iha Race"},"image":{"@id":"https:\/\/iha-race.com\/it\/#\/schema\/logo\/image\/"}}]}},"jetpack_sharing_enabled":true,"_links":{"self":[{"href":"https:\/\/iha-race.com\/it\/wp-json\/wp\/v2\/pages\/110684","targetHints":{"allow":["GET"]}}],"collection":[{"href":"https:\/\/iha-race.com\/it\/wp-json\/wp\/v2\/pages"}],"about":[{"href":"https:\/\/iha-race.com\/it\/wp-json\/wp\/v2\/types\/page"}],"author":[{"embeddable":true,"href":"https:\/\/iha-race.com\/it\/wp-json\/wp\/v2\/users\/1"}],"replies":[{"embeddable":true,"href":"https:\/\/iha-race.com\/it\/wp-json\/wp\/v2\/comments?post=110684"}],"version-history":[{"count":1,"href":"https:\/\/iha-race.com\/it\/wp-json\/wp\/v2\/pages\/110684\/revisions"}],"predecessor-version":[{"id":246035,"href":"https:\/\/iha-race.com\/it\/wp-json\/wp\/v2\/pages\/110684\/revisions\/246035"}],"wp:attachment":[{"href":"https:\/\/iha-race.com\/it\/wp-json\/wp\/v2\/media?parent=110684"}],"curies":[{"name":"wp","href":"https:\/\/api.w.org\/{rel}","templated":true}]}}