{"id":253238,"date":"2025-01-24T12:54:57","date_gmt":"2025-01-24T11:54:57","guid":{"rendered":"https:\/\/iha-race.com\/producto\/dji-mavic-3t-2-jahre-starterpaket\/"},"modified":"2025-01-24T12:59:59","modified_gmt":"2025-01-24T11:59:59","slug":"dji-mavic-3t-2-jahre-starterpaket","status":"publish","type":"product","link":"https:\/\/iha-race.com\/de\/producto\/dji-mavic-3t-2-jahre-starterpaket\/","title":{"rendered":"DJI Mavic 3T 2 Jahre Starterpaket"},"content":{"rendered":"<h2 class=\"h1 page-title\">DJI Mavic 3T 2 Jahre Starterpaket<\/h2>\n<h3>Beim Kauf einer DJI Mavic 3 Enterprise Serie verschenken wir ger\u00e4uschreduzierende Propeller, die Ihnen dabei helfen, die europ\u00e4ischen Vorschriften einzuhalten und die von der C2-Klassen-Kennzeichnung geforderten L\u00e4rmgrenzwerte zu erf\u00fcllen.<\/h3>\n<p>&nbsp;<\/p>\n<p>&nbsp;<\/p>\n<h1><\/h1>\n<h2><\/h2>\n<p>&nbsp;<\/p>\n<p><img fetchpriority=\"high\" decoding=\"async\" src=\"https:\/\/djiarsmadrid.com\/img\/cms\/DJI%20Mavic%203%20Enterprise\/Mavic3E_RollUp.jpg\" alt=\"Mavic3E_RollUp\" width=\"900\" height=\"1832\"><\/p>\n<h3>*** RTK-Modul und Lautsprecher nicht enthalten ***<\/h3>\n<p>&nbsp;<\/p>\n<p>&nbsp;<\/p>\n<h3>Die neue DJI Mavic 3 Enterprise-Serie setzt den ultimativen Standard f\u00fcr tragbare kommerzielle Drohnen<\/h3>\n<p>&nbsp;<\/p>\n<h2>Sehen Sie das Unsichtbare mit der DJI Mavic 3T<\/h2>\n<p>Die DJI Mavic 3T wurde f\u00fcr die speziellen Anforderungen von Eins\u00e4tzen aus der Luft in den Bereichen Brandbek\u00e4mpfung, Such- und Rettungseins\u00e4tze, Inspektionen und Nachteins\u00e4tze entwickelt. Sie verf\u00fcgt \u00fcber die gleiche Fernerkundungskamera wie die Mavic 3E, eine 48-MP-Kamera mit einem 1\/2-Zoll-CMOS-Sensor, sowie \u00fcber eine W\u00e4rmebildkamera mit einem Sichtfeld von 61\u00b0 (DFOV) und einer \u00e4quivalenten Brennweite von 40 mm mit einer Aufl\u00f6sung von 640 \u00d7 512 px.<\/p>\n<p>Die W\u00e4rmebildkamera des Mavic 3T unterst\u00fctzt die Messung von Punkt- und Fl\u00e4chentemperaturen, Hochtemperaturwarnungen, Farbpaletten und Isothermen, um Fachleuten zu helfen, hei\u00dfe Stellen zu finden und schnelle Entscheidungen zu treffen.<\/p>\n<p>Mit gleichzeitigem Split-Screen-Zoom unterst\u00fctzen die W\u00e4rmebild- und Zoomkameras der Mavic 3T einen stufenlosen 28-fachen Digitalzoom von Seite zu Seite f\u00fcr einfache Vergleiche.<\/p>\n<p>&nbsp;<\/p>\n<p><img decoding=\"async\" src=\"https:\/\/djiarsmadrid.com\/img\/cms\/DJI%20Mavic%203%20Enterprise\/B0002812-1-0726.jpg\" alt=\"B0004077-1\" width=\"900\" height=\"637\"><\/p>\n<p>&nbsp;<\/p>\n<h2>Mit dem DJI Mavic 3E schnell abheben<br \/>\n<strong><br \/>\n<\/strong><\/h2>\n<p><strong>Die au\u00dfergew\u00f6hnliche Kombination von Funktionen des DJI Mavic 3E erm\u00f6glicht hocheffiziente Kartierungs- und Vermessungsmissionen ohne Bodenkontrollpunkte.<\/strong><\/p>\n<p>Sie verf\u00fcgt \u00fcber eine 20-MP-Weitwinkelkamera mit einem 4\/3-CMOS-Sensor mit gro\u00dfen 3,3\u03bcm-Pixeln, der in Verbindung mit dem intelligenten Low-Light-Modus eine deutlich verbesserte Leistung bei schlechten Lichtverh\u00e4ltnissen bietet. Die leistungsstarke Kamera mit bis zu 56-fachem Hybridzoom hat eine \u00e4quivalente Brennweite von 162 mm f\u00fcr 12-MP-Bilder. Ein mechanischer Verschluss verhindert Bewegungsunsch\u00e4rfe und erm\u00f6glicht schnelle Intervallaufnahmen von 0,7 Sekunden.<\/p>\n<p>&nbsp;<\/p>\n<h2><\/h2>\n<h2><\/h2>\n<h2>Bild\u00fcbertragung der n\u00e4chsten Generation<\/h2>\n<p>Mit einer maximalen Kontrollreichweite von 15 km erm\u00f6glicht die DJI O3 Enterprise-\u00dcbertragung den Mavic 3 Enterprise-Drohnen, weiter zu fliegen und Signale mit gr\u00f6\u00dferer Stabilit\u00e4t zu \u00fcbertragen, so dass Piloten w\u00e4hrend des Fluges mehr Sicherheit haben. Sie bietet Live-Streaming mit hoher Bildrate bei 1080p\/30fps. Die Sendeentfernung ist ein Indikator f\u00fcr die Signalst\u00e4rke. Fliegen Sie immer in \u00dcbereinstimmung mit den \u00f6rtlichen Gesetzen und Vorschriften, einschlie\u00dflich des Fliegens der Drohne innerhalb der Sichtlinie des Bedieners, sofern nicht anders genehmigt.<\/p>\n<p>&nbsp;<\/p>\n<h2>Unbeschwerte Fl\u00fcge mit verbesserter Flugsicherheit<\/h2>\n<p>DJI ist seit jeher f\u00fchrend in der Drohnenbranche bei der Entwicklung innovativer Sicherheitsfunktionen. Die Mavic 3 Enterprise-Serie f\u00fchrt dieses Erbe mit verbesserten Hinderniserkennungs- und Navigationssystemen fort, die Drohnenpiloten die n\u00f6tige Orientierung geben, um sicher zu bleiben. Die Drohnen der Mavic 3 Enterprise-Serie sind mit DJI AirSense ausgestattet, das ADS-B-Signale von herk\u00f6mmlichen Flugzeugen in der Umgebung empf\u00e4ngt, um Drohnenpiloten \u00fcber anderen Luftverkehr in der N\u00e4he zu informieren.<\/p>\n<p>Das neue, verbesserte DJI APAS 5.0 System zur Hinderniserkennung ohne toten Winkel wird von sechs omnidirektionalen Fischaugensensoren unterst\u00fctzt.<\/p>\n<h2><\/h2>\n<p><img decoding=\"async\" src=\"https:\/\/djiarsmadrid.com\/img\/cms\/DJI%20Mavic%203%20Enterprise\/B0004077-1.jpg\" alt=\"B0002812-1-0726\" width=\"900\" height=\"675\"><\/p>\n<p>&nbsp;<\/p>\n<h2>Ein neues Toolkit f\u00fcr Fachleute<\/h2>\n<p><strong>Die Mavic 3 Enterprise-Serie kommt mit neuen Tools, die Zubeh\u00f6r und Software f\u00fcr professionelle Eins\u00e4tze kombinieren.<\/strong><br \/>\n<strong> <\/strong><br \/>\n<strong>Die DJI RC Pro Enterprise ist eine professionelle Fernsteuerung mit einem 1.000 nits hellen Display f\u00fcr klare Sicht im direkten Sonnenlicht und einem eingebauten Mikrofon f\u00fcr klare Kommunikation.<\/strong><\/p>\n<p>Das RTK-Modul erm\u00f6glicht Vermessungsfachleuten eine Genauigkeit im Zentimeterbereich mit Unterst\u00fctzung f\u00fcr Netzwerk-RTK, ma\u00dfgeschneiderte Netzwerk-RTK-Dienste und die D-RTK 2 Mobile Station.<\/p>\n<p>Die D-RTK 2 Mobilstation ist DJIs verbesserter, hochpr\u00e4ziser GNSS-Empf\u00e4nger, der alle wichtigen globalen Satellitennavigationssysteme unterst\u00fctzt und differenzielle Korrekturen in Echtzeit liefert.<\/p>\n<p>Durch den Anschluss des Lautsprechers k\u00f6nnen die Piloten eine Nachricht von oben \u00fcbermitteln, mit Unterst\u00fctzung f\u00fcr Text-zu-Sprache-Umwandlung, Audiospeicherung und Loopings, um die Such- und Rettungseffizienz zu verbessern.<br \/>\n<strong> <\/strong><\/p>\n<p>&nbsp;<\/p>\n<p>&nbsp;<\/p>\n<h2>Vollst\u00e4ndiges Softwarepaket<\/h2>\n<h2><\/h2>\n<p><strong>Die Drohnen der Mavic 3 Enterprise-Serie sind das Herzst\u00fcck eines fortschrittlichen und wachsenden Software-\u00d6kosystems f\u00fcr den Drohnenbetrieb, das es den Flugplattformen erm\u00f6glicht, ihr volles Potenzial als Werkzeuge f\u00fcr Datenerfassung, Kartierung, Flottenmanagement und Flugbetrieb auszusch\u00f6pfen.<\/strong><\/p>\n<p>DJI Pilot 2 ist die \u00fcberarbeitete Flugschnittstelle zur Verbesserung der Piloteneffizienz und Flugsicherheit. Die Steuerung der Drohne und der Nutzlast ist mit einer einzigen Ber\u00fchrung leicht zug\u00e4nglich. Die Nutzer k\u00f6nnen auf Drohnenhardware, Live-Videostreaming und Fotodaten zugreifen.<\/p>\n<p>DJI FlightHub 2, die All-in-One Cloud Operations Management Software f\u00fcr Drohnenflotten, erm\u00f6glicht Drohnenbetreibern die effiziente Verwaltung des Flugbetriebs mit Routenplanung und Missionsmanagement.<\/p>\n<p>DJI Terra ist die vollwertige Kartierungssoftware f\u00fcr alle Arbeitsschritte, von der Missionsplanung bis zur Bearbeitung von 2D- und 3D-Modellen.<\/p>\n<p>Das DJI Thermal Analysis Tool 3.0 hilft Fachleuten bei der Analyse, Kommentierung und Verarbeitung von Bildern, die von der Mavic 3T mit DTAT 3.0 aufgenommen wurden, um Temperaturanomalien bei ihren Inspektionen zu erkennen.<\/p>\n<h2><\/h2>\n<p>&nbsp;<\/p>\n<p><strong><img loading=\"lazy\" decoding=\"async\" src=\"https:\/\/djiarsmadrid.com\/img\/cms\/DJI%20Mavic%203%20Enterprise\/B0003880-1.jpg\" alt=\"M3T_auf_Kasten_im_Wald\" width=\"900\" height=\"675\"><\/strong><\/p>\n<h2><\/h2>\n<h2><strong>Einhaltung der h\u00f6chsten professionellen Datensicherheitsprotokolle<\/strong><\/h2>\n<p><strong>DJI Enterprise-Kunden erwarten die h\u00f6chsten Standards f\u00fcr Sicherheit und Datenschutz f\u00fcr ihre Daten. Die Mavic 3 Enterprise-Serie bietet modernste Sicherheitsfunktionen zum Schutz der Integrit\u00e4t von Fotos, Videos, Flugprotokollen und anderen Daten, die w\u00e4hrend sensibler Fl\u00fcge generiert werden.<\/strong><\/p>\n<p>Wenn er aktiviert ist, verhindert der lokale Datenmodus, dass die Flugsteuerungsanwendung DJI Pilot 2 Daten \u00fcber das Internet sendet oder empf\u00e4ngt. Dies bietet zus\u00e4tzliche Sicherheitsgarantien f\u00fcr Betreiber von Fl\u00fcgen mit kritischen Infrastrukturen, Regierungsprojekten oder anderen sensiblen Missionen. Die Funkverbindung zwischen dem Flugzeug und der Fernsteuerung ist mit einer robusten AES-256-Verschl\u00fcsselung ausgestattet.<\/p>\n<h2>DJI Care Enterprise und das DJI Wartungsprogramm<br \/>\n<strong> <\/strong><\/h2>\n<p><strong>DJI Care Enterprise ist ein umfassender Schutzplan, der die DJI Mavic 3 Enterprise Serie gegen eine Reihe von Unfallsch\u00e4den absichert. DJI Care Enterprise Basic bietet bis zu drei g\u00fcnstige Ersatzger\u00e4te innerhalb von zwei Jahren (die Dauer der Verl\u00e4ngerung variiert je nach Region). Um unfallbedingte Ausfallzeiten von Projekten zu reduzieren, bietet DJI Care Express den Nutzern einen schnellen Austauschservice. DJI Care Enterprise Plus bietet eine unbegrenzte Anzahl von kostenlosen Reparaturen innerhalb der Deckungsgrenze.<\/strong><\/p>\n<p>&nbsp;<\/p>\n<h2><\/h2>\n<h2><\/h2>\n<h2><img loading=\"lazy\" decoding=\"async\" src=\"https:\/\/djiarsmadrid.com\/img\/cms\/DJI%20Mavic%203%20Enterprise\/Mavic%203T%20SKU_Universal_down.jpg\" alt=\"Mavic_3T_SKU_Universal_unten\" width=\"900\" height=\"706\"><\/h2>\n<p>&nbsp;<\/p>\n<p>&nbsp;<\/p>\n<h1><\/h1>\n<h2><\/h2>\n","protected":false},"excerpt":{"rendered":"<p>DJI Mavic 3T 2 Jahre Starterpaket Beim Kauf einer DJI Mavic 3 Enterprise Serie verschenken wir ger\u00e4uschreduzierende Propeller, die Ihnen dabei helfen, die europ\u00e4ischen Vorschriften einzuhalten und die von der<\/p>\n","protected":false},"featured_media":253223,"comment_status":"open","ping_status":"closed","template":"","meta":{"_joinchat":[]},"pwb-brand":[3567],"product_cat":[3324,3326,3327,3374],"product_tag":[],"class_list":{"0":"post-253238","1":"product","2":"type-product","3":"status-publish","4":"has-post-thumbnail","6":"pwb-brand-dji","7":"product_cat-dji-2","8":"product_cat-dji-profesional","9":"product_cat-dji-empresa","10":"product_cat-mavic","12":"first","13":"instock","14":"taxable","15":"shipping-taxable","16":"purchasable","17":"product-type-simple"},"barcode":null,"atum_controlled":true,"out_stock_date":null,"out_stock_threshold":null,"inheritable":false,"stock_on_hold":0,"sold_today":0,"sales_last_days":0,"out_stock_days":0,"lost_sales":0,"update_date":"2026-04-18T09:21:42","atum_locations":[],"atum_stock_status":"instock","restock_status":false,"low_stock_amount":"","sales_update_date":"2026-04-18T09:21:42","calc_backorders":null,"yoast_head":"<!-- This site is optimized with the Yoast SEO plugin v27.3 - https:\/\/yoast.com\/product\/yoast-seo-wordpress\/ -->\n<title>DJI Mavic 3T 2 Jahre Starterpaket - Iha Race<\/title>\n<meta name=\"robots\" content=\"index, follow, max-snippet:-1, max-image-preview:large, max-video-preview:-1\" \/>\n<link rel=\"canonical\" href=\"https:\/\/iha-race.com\/de\/producto\/dji-mavic-3t-2-jahre-starterpaket\/\" \/>\n<meta property=\"og:locale\" content=\"de_DE\" \/>\n<meta property=\"og:type\" content=\"article\" \/>\n<meta property=\"og:title\" content=\"DJI Mavic 3T 2 Jahre Starterpaket - Iha Race\" \/>\n<meta property=\"og:description\" content=\"DJI Mavic 3T 2 Jahre Starterpaket Beim Kauf einer DJI Mavic 3 Enterprise Serie verschenken wir ger\u00e4uschreduzierende Propeller, die Ihnen dabei helfen, die europ\u00e4ischen Vorschriften einzuhalten und die von der\" \/>\n<meta property=\"og:url\" content=\"https:\/\/iha-race.com\/de\/producto\/dji-mavic-3t-2-jahre-starterpaket\/\" \/>\n<meta property=\"og:site_name\" content=\"Iha Race\" \/>\n<meta property=\"article:modified_time\" content=\"2025-01-24T11:59:59+00:00\" \/>\n<meta property=\"og:image\" content=\"https:\/\/iha-race.com\/wp-content\/uploads\/2025\/01\/Pack-basico-DJI-Mavic-3T-2-Anos.jpg\" \/>\n\t<meta property=\"og:image:width\" content=\"1100\" \/>\n\t<meta property=\"og:image:height\" content=\"1422\" \/>\n\t<meta property=\"og:image:type\" content=\"image\/jpeg\" \/>\n<meta name=\"twitter:card\" content=\"summary_large_image\" \/>\n<meta name=\"twitter:label1\" content=\"Gesch\u00e4tzte Lesezeit\" \/>\n\t<meta name=\"twitter:data1\" content=\"5\u00a0Minuten\" \/>\n<script type=\"application\/ld+json\" class=\"yoast-schema-graph\">{\"@context\":\"https:\\\/\\\/schema.org\",\"@graph\":[{\"@type\":\"WebPage\",\"@id\":\"https:\\\/\\\/iha-race.com\\\/de\\\/producto\\\/dji-mavic-3t-2-jahre-starterpaket\\\/\",\"url\":\"https:\\\/\\\/iha-race.com\\\/de\\\/producto\\\/dji-mavic-3t-2-jahre-starterpaket\\\/\",\"name\":\"DJI Mavic 3T 2 Jahre Starterpaket - Iha Race\",\"isPartOf\":{\"@id\":\"https:\\\/\\\/iha-race.com\\\/de\\\/#website\"},\"primaryImageOfPage\":{\"@id\":\"https:\\\/\\\/iha-race.com\\\/de\\\/producto\\\/dji-mavic-3t-2-jahre-starterpaket\\\/#primaryimage\"},\"image\":{\"@id\":\"https:\\\/\\\/iha-race.com\\\/de\\\/producto\\\/dji-mavic-3t-2-jahre-starterpaket\\\/#primaryimage\"},\"thumbnailUrl\":\"https:\\\/\\\/iha-race.com\\\/wp-content\\\/uploads\\\/2025\\\/01\\\/Pack-basico-DJI-Mavic-3T-2-Anos.jpg\",\"datePublished\":\"2025-01-24T11:54:57+00:00\",\"dateModified\":\"2025-01-24T11:59:59+00:00\",\"breadcrumb\":{\"@id\":\"https:\\\/\\\/iha-race.com\\\/de\\\/producto\\\/dji-mavic-3t-2-jahre-starterpaket\\\/#breadcrumb\"},\"inLanguage\":\"de\",\"potentialAction\":[{\"@type\":\"ReadAction\",\"target\":[\"https:\\\/\\\/iha-race.com\\\/de\\\/producto\\\/dji-mavic-3t-2-jahre-starterpaket\\\/\"]}]},{\"@type\":\"ImageObject\",\"inLanguage\":\"de\",\"@id\":\"https:\\\/\\\/iha-race.com\\\/de\\\/producto\\\/dji-mavic-3t-2-jahre-starterpaket\\\/#primaryimage\",\"url\":\"https:\\\/\\\/iha-race.com\\\/wp-content\\\/uploads\\\/2025\\\/01\\\/Pack-basico-DJI-Mavic-3T-2-Anos.jpg\",\"contentUrl\":\"https:\\\/\\\/iha-race.com\\\/wp-content\\\/uploads\\\/2025\\\/01\\\/Pack-basico-DJI-Mavic-3T-2-Anos.jpg\",\"width\":1100,\"height\":1422,\"caption\":\"Comprar Pack b\u00e1sico DJI Mavic 3T 2 A\u00f1os\"},{\"@type\":\"BreadcrumbList\",\"@id\":\"https:\\\/\\\/iha-race.com\\\/de\\\/producto\\\/dji-mavic-3t-2-jahre-starterpaket\\\/#breadcrumb\",\"itemListElement\":[{\"@type\":\"ListItem\",\"position\":1,\"name\":\"Portada\",\"item\":\"https:\\\/\\\/iha-race.com\\\/de\\\/elementor-499\\\/\"},{\"@type\":\"ListItem\",\"position\":2,\"name\":\"Shop\",\"item\":\"https:\\\/\\\/iha-race.com\\\/de\\\/shop\\\/\"},{\"@type\":\"ListItem\",\"position\":3,\"name\":\"DJI Mavic 3T 2 Jahre Starterpaket\"}]},{\"@type\":\"WebSite\",\"@id\":\"https:\\\/\\\/iha-race.com\\\/de\\\/#website\",\"url\":\"https:\\\/\\\/iha-race.com\\\/de\\\/\",\"name\":\"Iha Race\",\"description\":\"Comprar drones de carreras FPV env\u00edos en un d\u00eda desde Espa\u00f1a\",\"publisher\":{\"@id\":\"https:\\\/\\\/iha-race.com\\\/de\\\/#organization\"},\"potentialAction\":[{\"@type\":\"SearchAction\",\"target\":{\"@type\":\"EntryPoint\",\"urlTemplate\":\"https:\\\/\\\/iha-race.com\\\/de\\\/?s={search_term_string}\"},\"query-input\":{\"@type\":\"PropertyValueSpecification\",\"valueRequired\":true,\"valueName\":\"search_term_string\"}}],\"inLanguage\":\"de\"},{\"@type\":\"Organization\",\"@id\":\"https:\\\/\\\/iha-race.com\\\/de\\\/#organization\",\"name\":\"Iha Race\",\"url\":\"https:\\\/\\\/iha-race.com\\\/de\\\/\",\"logo\":{\"@type\":\"ImageObject\",\"inLanguage\":\"de\",\"@id\":\"https:\\\/\\\/iha-race.com\\\/de\\\/#\\\/schema\\\/logo\\\/image\\\/\",\"url\":\"https:\\\/\\\/iha-race.com\\\/wp-content\\\/uploads\\\/2018\\\/07\\\/iha-race-drones-de-carreras-tienda-comprar-drones.png\",\"contentUrl\":\"https:\\\/\\\/iha-race.com\\\/wp-content\\\/uploads\\\/2018\\\/07\\\/iha-race-drones-de-carreras-tienda-comprar-drones.png\",\"width\":300,\"height\":100,\"caption\":\"Iha Race\"},\"image\":{\"@id\":\"https:\\\/\\\/iha-race.com\\\/de\\\/#\\\/schema\\\/logo\\\/image\\\/\"}}]}<\/script>\n<!-- \/ Yoast SEO plugin. -->","yoast_head_json":{"title":"DJI Mavic 3T 2 Jahre Starterpaket - Iha Race","robots":{"index":"index","follow":"follow","max-snippet":"max-snippet:-1","max-image-preview":"max-image-preview:large","max-video-preview":"max-video-preview:-1"},"canonical":"https:\/\/iha-race.com\/de\/producto\/dji-mavic-3t-2-jahre-starterpaket\/","og_locale":"de_DE","og_type":"article","og_title":"DJI Mavic 3T 2 Jahre Starterpaket - Iha Race","og_description":"DJI Mavic 3T 2 Jahre Starterpaket Beim Kauf einer DJI Mavic 3 Enterprise Serie verschenken wir ger\u00e4uschreduzierende Propeller, die Ihnen dabei helfen, die europ\u00e4ischen Vorschriften einzuhalten und die von der","og_url":"https:\/\/iha-race.com\/de\/producto\/dji-mavic-3t-2-jahre-starterpaket\/","og_site_name":"Iha Race","article_modified_time":"2025-01-24T11:59:59+00:00","og_image":[{"width":1100,"height":1422,"url":"https:\/\/iha-race.com\/wp-content\/uploads\/2025\/01\/Pack-basico-DJI-Mavic-3T-2-Anos.jpg","type":"image\/jpeg"}],"twitter_card":"summary_large_image","twitter_misc":{"Gesch\u00e4tzte Lesezeit":"5\u00a0Minuten"},"schema":{"@context":"https:\/\/schema.org","@graph":[{"@type":"WebPage","@id":"https:\/\/iha-race.com\/de\/producto\/dji-mavic-3t-2-jahre-starterpaket\/","url":"https:\/\/iha-race.com\/de\/producto\/dji-mavic-3t-2-jahre-starterpaket\/","name":"DJI Mavic 3T 2 Jahre Starterpaket - Iha Race","isPartOf":{"@id":"https:\/\/iha-race.com\/de\/#website"},"primaryImageOfPage":{"@id":"https:\/\/iha-race.com\/de\/producto\/dji-mavic-3t-2-jahre-starterpaket\/#primaryimage"},"image":{"@id":"https:\/\/iha-race.com\/de\/producto\/dji-mavic-3t-2-jahre-starterpaket\/#primaryimage"},"thumbnailUrl":"https:\/\/iha-race.com\/wp-content\/uploads\/2025\/01\/Pack-basico-DJI-Mavic-3T-2-Anos.jpg","datePublished":"2025-01-24T11:54:57+00:00","dateModified":"2025-01-24T11:59:59+00:00","breadcrumb":{"@id":"https:\/\/iha-race.com\/de\/producto\/dji-mavic-3t-2-jahre-starterpaket\/#breadcrumb"},"inLanguage":"de","potentialAction":[{"@type":"ReadAction","target":["https:\/\/iha-race.com\/de\/producto\/dji-mavic-3t-2-jahre-starterpaket\/"]}]},{"@type":"ImageObject","inLanguage":"de","@id":"https:\/\/iha-race.com\/de\/producto\/dji-mavic-3t-2-jahre-starterpaket\/#primaryimage","url":"https:\/\/iha-race.com\/wp-content\/uploads\/2025\/01\/Pack-basico-DJI-Mavic-3T-2-Anos.jpg","contentUrl":"https:\/\/iha-race.com\/wp-content\/uploads\/2025\/01\/Pack-basico-DJI-Mavic-3T-2-Anos.jpg","width":1100,"height":1422,"caption":"Comprar Pack b\u00e1sico DJI Mavic 3T 2 A\u00f1os"},{"@type":"BreadcrumbList","@id":"https:\/\/iha-race.com\/de\/producto\/dji-mavic-3t-2-jahre-starterpaket\/#breadcrumb","itemListElement":[{"@type":"ListItem","position":1,"name":"Portada","item":"https:\/\/iha-race.com\/de\/elementor-499\/"},{"@type":"ListItem","position":2,"name":"Shop","item":"https:\/\/iha-race.com\/de\/shop\/"},{"@type":"ListItem","position":3,"name":"DJI Mavic 3T 2 Jahre Starterpaket"}]},{"@type":"WebSite","@id":"https:\/\/iha-race.com\/de\/#website","url":"https:\/\/iha-race.com\/de\/","name":"Iha Race","description":"Comprar drones de carreras FPV env\u00edos en un d\u00eda desde Espa\u00f1a","publisher":{"@id":"https:\/\/iha-race.com\/de\/#organization"},"potentialAction":[{"@type":"SearchAction","target":{"@type":"EntryPoint","urlTemplate":"https:\/\/iha-race.com\/de\/?s={search_term_string}"},"query-input":{"@type":"PropertyValueSpecification","valueRequired":true,"valueName":"search_term_string"}}],"inLanguage":"de"},{"@type":"Organization","@id":"https:\/\/iha-race.com\/de\/#organization","name":"Iha Race","url":"https:\/\/iha-race.com\/de\/","logo":{"@type":"ImageObject","inLanguage":"de","@id":"https:\/\/iha-race.com\/de\/#\/schema\/logo\/image\/","url":"https:\/\/iha-race.com\/wp-content\/uploads\/2018\/07\/iha-race-drones-de-carreras-tienda-comprar-drones.png","contentUrl":"https:\/\/iha-race.com\/wp-content\/uploads\/2018\/07\/iha-race-drones-de-carreras-tienda-comprar-drones.png","width":300,"height":100,"caption":"Iha Race"},"image":{"@id":"https:\/\/iha-race.com\/de\/#\/schema\/logo\/image\/"}}]}},"jetpack_sharing_enabled":true,"brands":[{"id":3567,"name":"DJI","slug":"dji"}],"_links":{"self":[{"href":"https:\/\/iha-race.com\/de\/wp-json\/wp\/v2\/product\/253238","targetHints":{"allow":["GET"]}}],"collection":[{"href":"https:\/\/iha-race.com\/de\/wp-json\/wp\/v2\/product"}],"about":[{"href":"https:\/\/iha-race.com\/de\/wp-json\/wp\/v2\/types\/product"}],"replies":[{"embeddable":true,"href":"https:\/\/iha-race.com\/de\/wp-json\/wp\/v2\/comments?post=253238"}],"version-history":[{"count":1,"href":"https:\/\/iha-race.com\/de\/wp-json\/wp\/v2\/product\/253238\/revisions"}],"predecessor-version":[{"id":253243,"href":"https:\/\/iha-race.com\/de\/wp-json\/wp\/v2\/product\/253238\/revisions\/253243"}],"wp:featuredmedia":[{"embeddable":true,"href":"https:\/\/iha-race.com\/de\/wp-json\/wp\/v2\/media\/253223"}],"wp:attachment":[{"href":"https:\/\/iha-race.com\/de\/wp-json\/wp\/v2\/media?parent=253238"}],"wp:term":[{"taxonomy":"pwb-brand","embeddable":true,"href":"https:\/\/iha-race.com\/de\/wp-json\/wp\/v2\/pwb-brand?post=253238"},{"taxonomy":"product_cat","embeddable":true,"href":"https:\/\/iha-race.com\/de\/wp-json\/wp\/v2\/product_cat?post=253238"},{"taxonomy":"product_tag","embeddable":true,"href":"https:\/\/iha-race.com\/de\/wp-json\/wp\/v2\/product_tag?post=253238"}],"curies":[{"name":"wp","href":"https:\/\/api.w.org\/{rel}","templated":true}]}}