{"id":253008,"date":"2024-12-08T16:48:58","date_gmt":"2024-12-08T15:48:58","guid":{"rendered":"https:\/\/iha-race.com\/producto\/betafpv-bt3-0-anschluesse-stecker5-buchse5\/"},"modified":"2024-12-08T16:48:58","modified_gmt":"2024-12-08T15:48:58","slug":"betafpv-bt3-0-anschluesse-stecker5-buchse5","status":"publish","type":"product","link":"https:\/\/iha-race.com\/de\/producto\/betafpv-bt3-0-anschluesse-stecker5-buchse5\/","title":{"rendered":"BetaFPV BT3.0 Anschl\u00fcsse (Stecker*5+ Buchse*5 )"},"content":{"rendered":"<h2>BetaFPV BT3.0 Anschl\u00fcsse (Stecker*5+ Buchse*5 )<\/h2>\n<p>Die BT3.0-Stecker sind f\u00fcr den 2S-Akku konzipiert und verf\u00fcgen \u00fcber 3 Metallstifte, die den Energieausgleich w\u00e4hrend des Ladens ohne zus\u00e4tzlichen Balancer-Stecker erm\u00f6glichen. Er vereinfacht die Montage des 2S-Akkus und wiegt nur 1,28 Gramm. Damit ist er kleiner und superleicht als die \u00fcblichen Stecker auf dem Markt. F\u00fcr 2S-Quad-Fahrer ist er eine praktische Option f\u00fcr den 2S-Akku und die beste M\u00f6glichkeit, ein paar Gramm am Quad einzusparen.  <\/p>\n<p><img decoding=\"async\" src=\"https:\/\/cdn.shopifycdn.net\/s\/files\/1\/1778\/6615\/files\/74b96dbb2d19db9758ba306fc55ad040_a1276d97-2097-48b7-9221-5cc9e5976755_1024x1024.jpg?v=1690877384\" alt=\"BT3.0 Serie f\u00fcr Whoop 2S Drohne\"><\/p>\n<h2>Aufz\u00e4hlungspunkt<\/h2>\n<ul>\n<li>Eine innovative Option f\u00fcr den Whoop 2S Drohnenakku, speziell f\u00fcr Whoop 2S Drohnen entwickelt.<\/li>\n<li>Die BT3.0-Stecker bieten unvergleichlichen Komfort, da sie die Balance-Lade- und Entladefunktionen des Stromkabels in einem einzigen Stecker vereinen, so dass Sie kein teures Balance-Ladeger\u00e4t mehr kaufen m\u00fcssen.<\/li>\n<li>Die BT3.0-Stecker sind kleiner und leichter, mit einem Gesamtgewicht von nur 1,28 g f\u00fcr den Stecker und die Buchse, im Vergleich zu herk\u00f6mmlichen Steckern.<\/li>\n<li>Die BT3.0-Anschl\u00fcsse haben einen Nennentladestrom von 12 A und einen Momentanstrom von bis zu 20 A und erf\u00fcllen damit die Entladeanforderungen von 2S-Akkus.<\/li>\n<\/ul>\n<h2>Budget<\/h2>\n<ul>\n<li>BT3.0 Stecker: 0,6 g\/Einheit, 11,2 x 9,2 x 6,1 mm<\/li>\n<li>BT3.0-Buchse: 0,68 g\/Einheit, 10,1 x 9,1 x 5,4 mm<\/li>\n<li>BT3.0 Stecker + Buchse: 1,28 g\/Einheit<\/li>\n<li>Adapterkabel BT3.0 XH2.54: 1,84 g\/Einheit, 35 mm<\/li>\n<li>Flexibles BT3.0 2S Whoop Kabel: 1,39 g\/Einheit, 30 mm<\/li>\n<li>Einf\u00fchrungskraft: 3-22 N<\/li>\n<li>Farbe: Wei\u00df\/Schwarz<\/li>\n<li>Metallmaterial: vergoldetes Kupfer<\/li>\n<li>Material Kunststoff: PA9T<\/li>\n<li>Lebensdauer des Steckers: 1000 Mal<\/li>\n<li>Nennstrom: 12 A<\/li>\n<li>Unmittelbarer Strom: 20A<\/li>\n<\/ul>\n<div class=\"table-wrapper\">\n<table width=\"100%\">\n<tbody>\n<tr>\n<td style=\"width: 25.9152%;\"><\/td>\n<td style=\"width: 18.0848%;\">BT3.0<\/td>\n<td style=\"width: 21%;\">BT2.0<\/td>\n<td style=\"width: 22%;\">XT30<\/td>\n<\/tr>\n<tr>\n<td style=\"width: 25.9152%;\">Nennstrom<\/td>\n<td style=\"width: 18.0848%;\">12A<\/td>\n<td style=\"width: 21%;\">9A<\/td>\n<td style=\"width: 22%;\">15A<\/td>\n<\/tr>\n<tr>\n<td style=\"width: 25.9152%;\">Unmittelbarer Strom<\/td>\n<td style=\"width: 18.0848%;\">20A<\/td>\n<td style=\"width: 21%;\">15A<\/td>\n<td style=\"width: 22%;\">30A<\/td>\n<\/tr>\n<tr>\n<td style=\"width: 25.9152%;\">Gewicht<\/td>\n<td style=\"width: 18.0848%;\">1,28 g<\/td>\n<td style=\"width: 21%;\">0,6 g<\/td>\n<td style=\"width: 22%;\">1,8 g<\/td>\n<\/tr>\n<tr>\n<td style=\"width: 25.9152%;\">Gr\u00f6\u00dfe<\/td>\n<td style=\"width: 18.0848%;\">10,1 x 9,1 x 5,4 mm<\/td>\n<td style=\"width: 21%;\">8,5 x 6,0 x 4,2 mm<\/td>\n<td style=\"width: 22%;\">12,4 x 10,2 x 5,2 mm<\/td>\n<\/tr>\n<\/tbody>\n<\/table>\n<\/div>\n<p>Das Diagramm der Stecker und Buchsen ist unten abgebildet.<\/p>\n<div style=\"text-align: start;\"><img decoding=\"async\" style=\"margin-bottom: 16px; float: none;\" src=\"https:\/\/cdn.shopifycdn.net\/s\/files\/1\/1778\/6615\/files\/b73e49bb92147555b31709204931b254_da260b56-d0c4-4b60-a2cd-b183964e146a_600x600.jpg?v=1689842426\"><\/div>\n<h2>BT3.0 Anschl\u00fcsse<\/h2>\n<p>BT3.0-Stecker sind 3-polige Anschl\u00fcsse. Zwei Metallstifte mit einem Durchmesser von 1,3 mm werden zum Entladen des Akkus verwendet, und zwei Metallstifte mit einem Durchmesser von 1,3 mm und ein Metallstift mit einem Durchmesser von 1,0 mm werden zu einem 3-poligen Stecker als symmetrisches Ladeger\u00e4t zum Laden des Akkus kombiniert. BT3.0-Stecker haben Polarit\u00e4tsmarkierungen auf ihrem L\u00f6tkelch, unterst\u00fctzen aber keine umgekehrten Verbindungen. Achten Sie beim L\u00f6ten von Kabeln unbedingt auf die positive und negative Richtung. Der Stecker ist so konstruiert, dass er keine umgekehrten Verbindungen zul\u00e4sst. Dr\u00fccken Sie ihn also nicht in die entgegengesetzte Richtung, um einen Kurzschluss zu vermeiden.   <\/p>\n<p><img decoding=\"async\" src=\"https:\/\/cdn.shopifycdn.net\/s\/files\/1\/1778\/6615\/files\/f9b5057474449316ba727df113d0c507_702cdfef-4087-4fba-adc7-d790a7b502c1_480x480.jpg?v=1689841718\" alt=\"\"><\/p>\n<h2>Flexibles Anschlusskabel BT3.0 2S<\/h2>\n<p>Dieses Stromkabel mit BT3.0-Anschluss wurde speziell f\u00fcr eine Whoop 2S Drohne entwickelt. Der Stecker und das Stromkabel befinden sich in einem 90-Grad-Winkel, was das Anschlie\u00dfen und Abziehen erleichtert. Die Einsteck- und Ausziehkraft betr\u00e4gt 3-22 N, was den t\u00e4glichen Gebrauch erleichtert. Passend f\u00fcr 2S FC und 2S Quadcopter.   <img decoding=\"async\" src=\"https:\/\/cdn.shopifycdn.net\/s\/files\/1\/1778\/6615\/files\/2_9a197786-e23e-414b-9b98-f1c14d8053ed_480x480.jpg?v=1689841791\" alt=\"\"><\/p>\n<p>Wenn Sie die Platine neu anl\u00f6ten, achten Sie auf die Anschlussmethode. Das BT3.0 Flexkabel besteht aus einem blauen und einem wei\u00dfen Kabel. Der blaue Draht ist der Pluspol (+) und der wei\u00dfe Draht ist der Minuspol (-).  <\/p>\n<p><img decoding=\"async\" src=\"https:\/\/cdn.shopifycdn.net\/s\/files\/1\/1778\/6615\/files\/963b358cba72931fce97d51962e3c105_1024x1024.jpg?v=1689841058\" alt=\"\"><\/p>\n<h2>BT3.0-XH2.54 Adapterkabel<\/h2>\n<p>Der BT3.0-Anschluss kann als 2S-Balance-Ladeanschluss dienen und mit einem herk\u00f6mmlichen 2S-Balance-Ladeger\u00e4t verwendet werden, um den Akku \u00fcber ein BT3.0-Adapterkabel (Stecker auf Stecker) aufzuladen, was den Kunden mehr Flexibilit\u00e4t bei der Wahl ihrer eigenen Lademethode bietet.<\/p>\n<p><img decoding=\"async\" src=\"https:\/\/cdn.shopifycdn.net\/s\/files\/1\/1778\/6615\/files\/390e4917d4bb1e163211caffa87ed1bc_2e461d03-fcb3-4767-baa7-1dd9492e234b_480x480.jpg?v=1691058900\" alt=\"BT3.0-XH2.54 Adapterkabel\"><\/p>\n<div><\/div>\n<h2>BT3.0 Serie Zubeh\u00f6r<\/h2>\n<p>Das Zubeh\u00f6r der BETAFPV BT3.0 Serie ist eine Produktlinie, die exklusiv f\u00fcr Whoop 2S Drohnen entwickelt wurde. Sie besteht aus drei Kategorien von Artikeln, n\u00e4mlich Steckern, Akkus und Ladeger\u00e4ten, die ein integriertes Zubeh\u00f6rset bilden, das perfekt zusammenarbeitet. Die BT3.0-Stecker machen die Balance-Stecker \u00fcberfl\u00fcssig, w\u00e4hrend sie den BT3.0 450mAh 2S-Akku (2 St\u00fcck) optimieren und f\u00fcr mehr Komfort und eine h\u00f6here Leistung von 2S-Drohnen sorgen. In Verbindung mit dem 2S-Akkuladeger\u00e4t k\u00f6nnen Sie ein effizienteres und stabileres Ladeerlebnis erzielen.  <\/p>\n<div style=\"text-align: left;\"><img decoding=\"async\" style=\"margin-bottom: 16px; float: none;\" src=\"https:\/\/cdn.shopifycdn.net\/s\/files\/1\/1778\/6615\/files\/d11071e3e22df0f10fe36afc311a694c_1024x1024.jpg?v=1690877425\" alt=\"BT3.0 Serie f\u00fcr Whoop 2S Drohne\"><\/div>\n<p>Wir empfehlen Ihnen dringend, die folgenden Produkte zu kombinieren, um Ihre Whoop 2S Drohne mit einem Satz effizienter und einfach zu bedienender Zubeh\u00f6rteile aufzur\u00fcsten:<\/p>\n<ul>\n<li><a href=\"https:\/\/betafpv.com\/products\/bt3-0-connectors\">BT3.0 Anschl\u00fcsse<\/a><\/li>\n<li><a href=\"https:\/\/betafpv.com\/products\/bt3-0-450mah-2s-battery-2pcs\"><span data-type=\"text\">BT3.0 450 mAh 2S Akku (2 St\u00fcck)<\/span><\/a><\/li>\n<li><a href=\"https:\/\/betafpv.com\/products\/2s-battery-charger-and-voltage-tester\">2S Batterieladeger\u00e4t und Spannungspr\u00fcfer<\/a><\/li>\n<\/ul>\n<h2>Paket<\/h2>\n<ul>\n<li>Artikel: BT3.0 Stecker\/Buchse (10 St\u00fcck)<\/li>\n<li>10 * BT3.0 Stecker\/Buchse<\/li>\n<li>1 * 70 * 100 statische Tasche<\/li>\n<\/ul>\n<p>&nbsp;<\/p>\n<ul>\n<li>Artikel: BT3.0 Steckverbinder (10 St\u00fcck)<\/li>\n<li>5 * BT3.0 Stecker<\/li>\n<li>5 * BT3.0 Buchse<\/li>\n<li>1 * 70 * 100 statische Tasche<\/li>\n<\/ul>\n<p>&nbsp;<\/p>\n<ul>\n<li>Artikel: Adapterkabel BT3.0-XH2.54 (5 St\u00fcck)<\/li>\n<li>5 * Adapterkabel BT3.0-XH2.54<\/li>\n<li>1 * 70 * 100 statische Tasche<\/li>\n<\/ul>\n<p>&nbsp;<\/p>\n<ul>\n<li>Artikel: BT3.0 2S Whoop Flex Kabel (5 St\u00fcck)<\/li>\n<li>5 * BT3.0 2S Flexkabel<\/li>\n<li>1 * 70 * 100 statische Tasche<\/li>\n<\/ul>\n<div style=\"text-align: left;\"><img decoding=\"async\" style=\"margin-bottom: 16px; float: none;\" src=\"https:\/\/cdn.shopifycdn.net\/s\/files\/1\/1778\/6615\/files\/3f89305fb1dabad87b9b93324e3c25cd_aeb961e8-9033-4f05-bcc5-de958b6da9de_480x480.jpg?v=1688539806\" alt=\"BETAFPV BT3.0 Steckverbinder (10 St\u00fcck)\"><\/div>\n","protected":false},"excerpt":{"rendered":"<p>BetaFPV BT3.0 Anschl\u00fcsse (Stecker*5+ Buchse*5 ) Die BT3.0-Stecker sind f\u00fcr den 2S-Akku konzipiert und verf\u00fcgen \u00fcber 3 Metallstifte, die den Energieausgleich w\u00e4hrend des Ladens ohne zus\u00e4tzlichen Balancer-Stecker erm\u00f6glichen. Er vereinfacht<\/p>\n","protected":false},"featured_media":252356,"comment_status":"open","ping_status":"closed","template":"","meta":{"_joinchat":[]},"pwb-brand":[],"product_cat":[142],"product_tag":[],"class_list":{"0":"post-253008","1":"product","2":"type-product","3":"status-publish","4":"has-post-thumbnail","6":"product_cat-conectores","8":"first","9":"instock","10":"taxable","11":"shipping-taxable","12":"purchasable","13":"product-type-simple"},"barcode":null,"atum_controlled":true,"out_stock_date":null,"out_stock_threshold":null,"inheritable":false,"stock_on_hold":0,"sold_today":0,"sales_last_days":0,"out_stock_days":0,"lost_sales":0,"update_date":"2026-04-27T19:43:52","atum_locations":[],"atum_stock_status":"instock","restock_status":false,"low_stock_amount":"","sales_update_date":"2026-04-27T19:43:52","calc_backorders":null,"yoast_head":"<!-- This site is optimized with the Yoast SEO plugin v27.3 - https:\/\/yoast.com\/product\/yoast-seo-wordpress\/ -->\n<title>BetaFPV BT3.0 Anschl\u00fcsse (Stecker*5+ Buchse*5 ) - Iha Race<\/title>\n<meta name=\"robots\" content=\"index, follow, max-snippet:-1, max-image-preview:large, max-video-preview:-1\" \/>\n<link rel=\"canonical\" href=\"https:\/\/iha-race.com\/de\/producto\/betafpv-bt3-0-anschluesse-stecker5-buchse5\/\" \/>\n<meta property=\"og:locale\" content=\"de_DE\" \/>\n<meta property=\"og:type\" content=\"article\" \/>\n<meta property=\"og:title\" content=\"BetaFPV BT3.0 Anschl\u00fcsse (Stecker*5+ Buchse*5 ) - Iha Race\" \/>\n<meta property=\"og:description\" content=\"BetaFPV BT3.0 Anschl\u00fcsse (Stecker*5+ Buchse*5 ) Die BT3.0-Stecker sind f\u00fcr den 2S-Akku konzipiert und verf\u00fcgen \u00fcber 3 Metallstifte, die den Energieausgleich w\u00e4hrend des Ladens ohne zus\u00e4tzlichen Balancer-Stecker erm\u00f6glichen. Er vereinfacht\" \/>\n<meta property=\"og:url\" content=\"https:\/\/iha-race.com\/de\/producto\/betafpv-bt3-0-anschluesse-stecker5-buchse5\/\" \/>\n<meta property=\"og:site_name\" content=\"Iha Race\" \/>\n<meta property=\"og:image\" content=\"https:\/\/iha-race.com\/wp-content\/uploads\/2024\/12\/BT3.0-Connectors-macho5-hembra5-.webp\" \/>\n\t<meta property=\"og:image:width\" content=\"540\" \/>\n\t<meta property=\"og:image:height\" content=\"540\" \/>\n\t<meta property=\"og:image:type\" content=\"image\/webp\" \/>\n<meta name=\"twitter:card\" content=\"summary_large_image\" \/>\n<meta name=\"twitter:label1\" content=\"Gesch\u00e4tzte Lesezeit\" \/>\n\t<meta name=\"twitter:data1\" content=\"4\u00a0Minuten\" \/>\n<script type=\"application\/ld+json\" class=\"yoast-schema-graph\">{\"@context\":\"https:\\\/\\\/schema.org\",\"@graph\":[{\"@type\":\"WebPage\",\"@id\":\"https:\\\/\\\/iha-race.com\\\/de\\\/producto\\\/betafpv-bt3-0-anschluesse-stecker5-buchse5\\\/\",\"url\":\"https:\\\/\\\/iha-race.com\\\/de\\\/producto\\\/betafpv-bt3-0-anschluesse-stecker5-buchse5\\\/\",\"name\":\"BetaFPV BT3.0 Anschl\u00fcsse (Stecker*5+ Buchse*5 ) - Iha Race\",\"isPartOf\":{\"@id\":\"https:\\\/\\\/iha-race.com\\\/de\\\/#website\"},\"primaryImageOfPage\":{\"@id\":\"https:\\\/\\\/iha-race.com\\\/de\\\/producto\\\/betafpv-bt3-0-anschluesse-stecker5-buchse5\\\/#primaryimage\"},\"image\":{\"@id\":\"https:\\\/\\\/iha-race.com\\\/de\\\/producto\\\/betafpv-bt3-0-anschluesse-stecker5-buchse5\\\/#primaryimage\"},\"thumbnailUrl\":\"https:\\\/\\\/iha-race.com\\\/wp-content\\\/uploads\\\/2024\\\/12\\\/BT3.0-Connectors-macho5-hembra5-.webp\",\"datePublished\":\"2024-12-08T15:48:58+00:00\",\"breadcrumb\":{\"@id\":\"https:\\\/\\\/iha-race.com\\\/de\\\/producto\\\/betafpv-bt3-0-anschluesse-stecker5-buchse5\\\/#breadcrumb\"},\"inLanguage\":\"de\",\"potentialAction\":[{\"@type\":\"ReadAction\",\"target\":[\"https:\\\/\\\/iha-race.com\\\/de\\\/producto\\\/betafpv-bt3-0-anschluesse-stecker5-buchse5\\\/\"]}]},{\"@type\":\"ImageObject\",\"inLanguage\":\"de\",\"@id\":\"https:\\\/\\\/iha-race.com\\\/de\\\/producto\\\/betafpv-bt3-0-anschluesse-stecker5-buchse5\\\/#primaryimage\",\"url\":\"https:\\\/\\\/iha-race.com\\\/wp-content\\\/uploads\\\/2024\\\/12\\\/BT3.0-Connectors-macho5-hembra5-.webp\",\"contentUrl\":\"https:\\\/\\\/iha-race.com\\\/wp-content\\\/uploads\\\/2024\\\/12\\\/BT3.0-Connectors-macho5-hembra5-.webp\",\"width\":540,\"height\":540,\"caption\":\"Comprar BetaFPV Conectores BT3.0 (macho*5+ hembra*5 )\"},{\"@type\":\"BreadcrumbList\",\"@id\":\"https:\\\/\\\/iha-race.com\\\/de\\\/producto\\\/betafpv-bt3-0-anschluesse-stecker5-buchse5\\\/#breadcrumb\",\"itemListElement\":[{\"@type\":\"ListItem\",\"position\":1,\"name\":\"Portada\",\"item\":\"https:\\\/\\\/iha-race.com\\\/de\\\/elementor-499\\\/\"},{\"@type\":\"ListItem\",\"position\":2,\"name\":\"Shop\",\"item\":\"https:\\\/\\\/iha-race.com\\\/de\\\/shop\\\/\"},{\"@type\":\"ListItem\",\"position\":3,\"name\":\"BetaFPV BT3.0 Anschl\u00fcsse (Stecker*5+ Buchse*5 )\"}]},{\"@type\":\"WebSite\",\"@id\":\"https:\\\/\\\/iha-race.com\\\/de\\\/#website\",\"url\":\"https:\\\/\\\/iha-race.com\\\/de\\\/\",\"name\":\"Iha Race\",\"description\":\"Comprar drones de carreras FPV env\u00edos en un d\u00eda desde Espa\u00f1a\",\"publisher\":{\"@id\":\"https:\\\/\\\/iha-race.com\\\/de\\\/#organization\"},\"potentialAction\":[{\"@type\":\"SearchAction\",\"target\":{\"@type\":\"EntryPoint\",\"urlTemplate\":\"https:\\\/\\\/iha-race.com\\\/de\\\/?s={search_term_string}\"},\"query-input\":{\"@type\":\"PropertyValueSpecification\",\"valueRequired\":true,\"valueName\":\"search_term_string\"}}],\"inLanguage\":\"de\"},{\"@type\":\"Organization\",\"@id\":\"https:\\\/\\\/iha-race.com\\\/de\\\/#organization\",\"name\":\"Iha Race\",\"url\":\"https:\\\/\\\/iha-race.com\\\/de\\\/\",\"logo\":{\"@type\":\"ImageObject\",\"inLanguage\":\"de\",\"@id\":\"https:\\\/\\\/iha-race.com\\\/de\\\/#\\\/schema\\\/logo\\\/image\\\/\",\"url\":\"https:\\\/\\\/iha-race.com\\\/wp-content\\\/uploads\\\/2018\\\/07\\\/iha-race-drones-de-carreras-tienda-comprar-drones.png\",\"contentUrl\":\"https:\\\/\\\/iha-race.com\\\/wp-content\\\/uploads\\\/2018\\\/07\\\/iha-race-drones-de-carreras-tienda-comprar-drones.png\",\"width\":300,\"height\":100,\"caption\":\"Iha Race\"},\"image\":{\"@id\":\"https:\\\/\\\/iha-race.com\\\/de\\\/#\\\/schema\\\/logo\\\/image\\\/\"}}]}<\/script>\n<!-- \/ Yoast SEO plugin. -->","yoast_head_json":{"title":"BetaFPV BT3.0 Anschl\u00fcsse (Stecker*5+ Buchse*5 ) - Iha Race","robots":{"index":"index","follow":"follow","max-snippet":"max-snippet:-1","max-image-preview":"max-image-preview:large","max-video-preview":"max-video-preview:-1"},"canonical":"https:\/\/iha-race.com\/de\/producto\/betafpv-bt3-0-anschluesse-stecker5-buchse5\/","og_locale":"de_DE","og_type":"article","og_title":"BetaFPV BT3.0 Anschl\u00fcsse (Stecker*5+ Buchse*5 ) - Iha Race","og_description":"BetaFPV BT3.0 Anschl\u00fcsse (Stecker*5+ Buchse*5 ) Die BT3.0-Stecker sind f\u00fcr den 2S-Akku konzipiert und verf\u00fcgen \u00fcber 3 Metallstifte, die den Energieausgleich w\u00e4hrend des Ladens ohne zus\u00e4tzlichen Balancer-Stecker erm\u00f6glichen. Er vereinfacht","og_url":"https:\/\/iha-race.com\/de\/producto\/betafpv-bt3-0-anschluesse-stecker5-buchse5\/","og_site_name":"Iha Race","og_image":[{"width":540,"height":540,"url":"https:\/\/iha-race.com\/wp-content\/uploads\/2024\/12\/BT3.0-Connectors-macho5-hembra5-.webp","type":"image\/webp"}],"twitter_card":"summary_large_image","twitter_misc":{"Gesch\u00e4tzte Lesezeit":"4\u00a0Minuten"},"schema":{"@context":"https:\/\/schema.org","@graph":[{"@type":"WebPage","@id":"https:\/\/iha-race.com\/de\/producto\/betafpv-bt3-0-anschluesse-stecker5-buchse5\/","url":"https:\/\/iha-race.com\/de\/producto\/betafpv-bt3-0-anschluesse-stecker5-buchse5\/","name":"BetaFPV BT3.0 Anschl\u00fcsse (Stecker*5+ Buchse*5 ) - Iha Race","isPartOf":{"@id":"https:\/\/iha-race.com\/de\/#website"},"primaryImageOfPage":{"@id":"https:\/\/iha-race.com\/de\/producto\/betafpv-bt3-0-anschluesse-stecker5-buchse5\/#primaryimage"},"image":{"@id":"https:\/\/iha-race.com\/de\/producto\/betafpv-bt3-0-anschluesse-stecker5-buchse5\/#primaryimage"},"thumbnailUrl":"https:\/\/iha-race.com\/wp-content\/uploads\/2024\/12\/BT3.0-Connectors-macho5-hembra5-.webp","datePublished":"2024-12-08T15:48:58+00:00","breadcrumb":{"@id":"https:\/\/iha-race.com\/de\/producto\/betafpv-bt3-0-anschluesse-stecker5-buchse5\/#breadcrumb"},"inLanguage":"de","potentialAction":[{"@type":"ReadAction","target":["https:\/\/iha-race.com\/de\/producto\/betafpv-bt3-0-anschluesse-stecker5-buchse5\/"]}]},{"@type":"ImageObject","inLanguage":"de","@id":"https:\/\/iha-race.com\/de\/producto\/betafpv-bt3-0-anschluesse-stecker5-buchse5\/#primaryimage","url":"https:\/\/iha-race.com\/wp-content\/uploads\/2024\/12\/BT3.0-Connectors-macho5-hembra5-.webp","contentUrl":"https:\/\/iha-race.com\/wp-content\/uploads\/2024\/12\/BT3.0-Connectors-macho5-hembra5-.webp","width":540,"height":540,"caption":"Comprar BetaFPV Conectores BT3.0 (macho*5+ hembra*5 )"},{"@type":"BreadcrumbList","@id":"https:\/\/iha-race.com\/de\/producto\/betafpv-bt3-0-anschluesse-stecker5-buchse5\/#breadcrumb","itemListElement":[{"@type":"ListItem","position":1,"name":"Portada","item":"https:\/\/iha-race.com\/de\/elementor-499\/"},{"@type":"ListItem","position":2,"name":"Shop","item":"https:\/\/iha-race.com\/de\/shop\/"},{"@type":"ListItem","position":3,"name":"BetaFPV BT3.0 Anschl\u00fcsse (Stecker*5+ Buchse*5 )"}]},{"@type":"WebSite","@id":"https:\/\/iha-race.com\/de\/#website","url":"https:\/\/iha-race.com\/de\/","name":"Iha Race","description":"Comprar drones de carreras FPV env\u00edos en un d\u00eda desde Espa\u00f1a","publisher":{"@id":"https:\/\/iha-race.com\/de\/#organization"},"potentialAction":[{"@type":"SearchAction","target":{"@type":"EntryPoint","urlTemplate":"https:\/\/iha-race.com\/de\/?s={search_term_string}"},"query-input":{"@type":"PropertyValueSpecification","valueRequired":true,"valueName":"search_term_string"}}],"inLanguage":"de"},{"@type":"Organization","@id":"https:\/\/iha-race.com\/de\/#organization","name":"Iha Race","url":"https:\/\/iha-race.com\/de\/","logo":{"@type":"ImageObject","inLanguage":"de","@id":"https:\/\/iha-race.com\/de\/#\/schema\/logo\/image\/","url":"https:\/\/iha-race.com\/wp-content\/uploads\/2018\/07\/iha-race-drones-de-carreras-tienda-comprar-drones.png","contentUrl":"https:\/\/iha-race.com\/wp-content\/uploads\/2018\/07\/iha-race-drones-de-carreras-tienda-comprar-drones.png","width":300,"height":100,"caption":"Iha Race"},"image":{"@id":"https:\/\/iha-race.com\/de\/#\/schema\/logo\/image\/"}}]}},"jetpack_sharing_enabled":true,"brands":[],"_links":{"self":[{"href":"https:\/\/iha-race.com\/de\/wp-json\/wp\/v2\/product\/253008","targetHints":{"allow":["GET"]}}],"collection":[{"href":"https:\/\/iha-race.com\/de\/wp-json\/wp\/v2\/product"}],"about":[{"href":"https:\/\/iha-race.com\/de\/wp-json\/wp\/v2\/types\/product"}],"replies":[{"embeddable":true,"href":"https:\/\/iha-race.com\/de\/wp-json\/wp\/v2\/comments?post=253008"}],"version-history":[{"count":0,"href":"https:\/\/iha-race.com\/de\/wp-json\/wp\/v2\/product\/253008\/revisions"}],"wp:featuredmedia":[{"embeddable":true,"href":"https:\/\/iha-race.com\/de\/wp-json\/wp\/v2\/media\/252356"}],"wp:attachment":[{"href":"https:\/\/iha-race.com\/de\/wp-json\/wp\/v2\/media?parent=253008"}],"wp:term":[{"taxonomy":"pwb-brand","embeddable":true,"href":"https:\/\/iha-race.com\/de\/wp-json\/wp\/v2\/pwb-brand?post=253008"},{"taxonomy":"product_cat","embeddable":true,"href":"https:\/\/iha-race.com\/de\/wp-json\/wp\/v2\/product_cat?post=253008"},{"taxonomy":"product_tag","embeddable":true,"href":"https:\/\/iha-race.com\/de\/wp-json\/wp\/v2\/product_tag?post=253008"}],"curies":[{"name":"wp","href":"https:\/\/api.w.org\/{rel}","templated":true}]}}