{"id":252448,"date":"2024-12-11T12:41:30","date_gmt":"2024-12-11T11:41:30","guid":{"rendered":"https:\/\/iha-race.com\/producto\/betafpv-c04-vtx-cetus-v2-kamera\/"},"modified":"2026-01-21T17:07:14","modified_gmt":"2026-01-21T16:07:14","slug":"betafpv-c04-vtx-cetus-v2-kamera","status":"publish","type":"product","link":"https:\/\/iha-race.com\/de\/producto\/betafpv-c04-vtx-cetus-v2-kamera\/","title":{"rendered":"BetaFPV C04 + VTX Cetus V2 Kamera"},"content":{"rendered":"<h2>BetaFPV C04 + VTX Cetus V2 Kamera<\/h2>\n<p><span>Die modulare Kamera C04 und das VTX-Modul f\u00fcr den<\/span><span>Quadricopter<\/span><span>ro<\/span><span> Cetus X<\/span><span>Sie sind leicht zu installieren und einfach zu benutzen. Einfach anschlie\u00dfen und loslegen. Mit ihrem geringen Gewicht von 4,14 g und einer Aufl\u00f6sung von 1200 TV-Zeilen bietet diese Kamera eine au\u00dfergew\u00f6hnliche Leistung f\u00fcr FPV-Mikro-Quadcopter. Sie bietet ein weites Sichtfeld von 160\u00b0 und verwendet einen 1\/3&#8221; CMOS-Sensor f\u00fcr scharfe, lebendige Bilder. Wenn Sie diese Kamera kaufen und in Ihren Cetus X Quadcopter einbauen, haben Sie im Notfall ein Backup und minimieren die Ausfallzeiten.    <\/span><\/p>\n<div style=\"text-align: start;\"><img decoding=\"async\" src=\"https:\/\/cdn.shopify.com\/s\/files\/1\/1778\/6615\/files\/FB_e33c2ec9-5bcf-4d41-90de-9082b2b2a3b8_1024x1024.jpg?v=1714460352\" alt=\"C04 Kamera und VTX-Modul\"><\/div>\n<h2 class=\"p1\"><span>Aufz\u00e4hlungspunkt<\/span><\/h2>\n<ul>\n<li><span>Das modulare Design erm\u00f6glicht eine einfache Installation und Nutzung, ohne dass Sie professionelle Schwei\u00dfkenntnisse ben\u00f6tigen. Schlie\u00dfen Sie es einfach an und verwenden Sie es sofort. <\/span><\/li>\n<li><span>Die maximale Ausgangsleistung betr\u00e4gt bis zu 350 ~ 400 mW, so dass die Piloten l\u00e4nger und weiter fliegen, mehr M\u00f6glichkeiten erkunden und Spa\u00df haben k\u00f6nnen.<\/span><\/li>\n<li><span>Miniaturisiertes und leichtes Design, mit einem Gewicht von nur 4,14 g, mit einstellbarer Antenne und Ausgangsleistung f\u00fcr l\u00e4ngere Flugstrecken.  <\/span><\/li>\n<li><span class=\"a-list-item\"><span>Die Aufl\u00f6sung von 1200 TVL und der 1\/3&#8243; CMOS-Sensor garantieren eine gute Qualit\u00e4t und ein klares Bild.<\/span><\/span><\/li>\n<li><span>Mit einem gr\u00f6\u00dferen Sichtfeld (FOV) von 160\u00b0 k\u00f6nnen Sie weite und sch\u00f6ne Szenen aufnehmen.<\/span><\/li>\n<li><span>Wenn Sie die Betaflight-Version des Flugcontrollers f\u00fcr Ihren Cetus X-Quadcopter besitzen, w\u00e4hlen Sie die C04-Kamera und das VTX-Modul aus der M04-Version. Andernfalls w\u00e4hlen Sie die Cetus V2-Version. <\/span><\/li>\n<\/ul>\n<h2 class=\"p1\"><span>Spezifikation<\/span><\/h2>\n<ul>\n<li><span>Artikel: Kameramodul und VTX C04 (M04 VTX\/Cetus VTX V2)<\/span><\/li>\n<li><span>Kamera: C04 FPV Micro Kamera<\/span><\/li>\n<li><span>Bildsensor: 1\/3&#8243; CMOS-Sensor<\/span><\/li>\n<li><span>Horizontale Aufl\u00f6sung: 1200 TV-Linien<\/span><\/li>\n<li><span>Sichtfeld: 160\u00b0.<\/span><\/li>\n<li><span>Videosystem: NTSC (4:3)<\/span><\/li>\n<li><span>Ausgangsleistung: 25-400 mW (M04 VTX)\/ 25-350 mW (Cetus VTX V2)<\/span><\/li>\n<li><span>Versorgungsspannung: 5V<\/span><\/li>\n<li><span>Gr\u00f6\u00dfe: 14,5 x 21 x 23,5 mm (ohne Antenne)<\/span><\/li>\n<li><span>Gewicht: 4,14 g (mit Antenne)<\/span><\/li>\n<li><span>Frequenz: 5 B\u00e4nder, 40 Kan\u00e4le mit Raceband (M04 VTX), 1 Band, 8 Kan\u00e4le (B-Band) (Cetus VTX V2)<\/span><\/li>\n<\/ul>\n<h2 class=\"p1\"><span>Diagramm<\/span><\/h2>\n<p>Die folgende Abbildung zeigt die Gr\u00f6\u00dfe der C04-Kamera und des VTX-Moduls.<\/p>\n<div style=\"text-align: start;\"><img decoding=\"async\" style=\"margin-bottom: 16px; float: none;\" src=\"https:\/\/cdn.shopify.com\/s\/files\/1\/1778\/6615\/files\/468ef44610c31b5b50b747b4f9f5ee49_9ce81fce-64f0-4605-8166-4712cc98a7a3_600x600.jpg?v=1714382607\" alt=\"C04 Kamera und VTX-Modul\"><\/div>\n<p>Die folgende Abbildung zeigt die Frequenz der C04-Kamera und des VTX-Moduls.<\/p>\n<div style=\"text-align: start;\"><img decoding=\"async\" style=\"float: none;\" src=\"https:\/\/cdn.shopify.com\/s\/files\/1\/1778\/6615\/files\/1_337dc6bb-a9e2-4d7e-a00f-0b78ee59da64_600x600.png?v=1714284386\" alt=\"\"><\/div>\n<div style=\"text-align: start;\"><em><span>Hinweis: <\/span>Die Version Cetus V2 ist auf eine B-Frequenz beschr\u00e4nkt, w\u00e4hrend die Version M04 alle oben aufgef\u00fchrten Frequenzen abdeckt.<\/em><\/div>\n<h2 class=\"p1\"><span>Plug-N-Play-Anschluss  <\/span><\/h2>\n<p><span>Die Kamera und der VTX sind bereits verschwei\u00dft, verbunden und direkt einsetzbar. Sie k\u00f6nnen einfach installiert und verwendet werden, ohne dass Sie professionelle Schwei\u00dfkenntnisse ben\u00f6tigen.  Geeignet f\u00fcr<\/span><a href=\"https:\/\/betafpv.com\/collections\/cetus-series\/products\/cetus-x-brushless-quadcopter\"><span>B\u00fcrstenloser Quadrocopter Cetus X<\/span><\/a><span>y<\/span><a href=\"https:\/\/betafpv.com\/collections\/frame\/products\/cetus-x-brushless-whoop-frame\"><span>Cetus X Brushless Quadrocopter Rahmen<\/span><\/a><span>.<\/span><\/p>\n<div style=\"text-align: start;\"><img decoding=\"async\" src=\"https:\/\/cdn.shopify.com\/s\/files\/1\/1778\/6615\/files\/ba143def7294fdd9c1d71a8ef30e0cfe_aee8edb9-d29a-4475-a7ab-a3a7d3472f21_1024x1024.jpg?v=1714449053\" alt=\"C04 Kamera und VTX-Modul\"><\/div>\n<h2 class=\"p1\"><span>Teile empfehlen<\/span><\/h2>\n<ul>\n<li><span>Rahmen:<\/span><span>Cetus X Brushless Whoop Rahmen<\/span><\/li>\n<li><span>Drohnen:<\/span><span>Cetus X B\u00fcrstenloser Quadcopter<\/span><\/li>\n<\/ul>\n<h2 class=\"p1\"><span>Paket<\/span><\/h2>\n<div style=\"text-align: start;\"><\/div>\n<div style=\"text-align: start;\">\n<ul>\n<li><span>1 * C04 Kamera und VTX-Modul (Version Cetus V2)<\/span><\/li>\n<li><span>1 * Kabel<\/span><\/li>\n<li><span>2 * Schrauben<\/span><\/li>\n<\/ul>\n<p><img decoding=\"async\" style=\"float: none;\" src=\"https:\/\/cdn.shopify.com\/s\/files\/1\/1778\/6615\/files\/36911c0904db1d481a24384dac5a57ea_55bf6659-4c0f-4dff-8a1d-fe4a250fecdd_600x600.jpg?v=1714381623\" alt=\"C04 Kamera und VTX-Modul\"><\/p>\n<\/div>\n","protected":false},"excerpt":{"rendered":"<p>BetaFPV C04 + VTX Cetus V2 Kamera Die modulare Kamera C04 und das VTX-Modul f\u00fcr denQuadricopterro Cetus XSie sind leicht zu installieren und einfach zu benutzen. Einfach anschlie\u00dfen und loslegen.<\/p>\n","protected":false},"featured_media":252426,"comment_status":"open","ping_status":"closed","template":"","meta":{"_joinchat":[]},"pwb-brand":[],"product_cat":[2569,2554,4115],"product_tag":[],"class_list":{"0":"post-252448","1":"product","2":"type-product","3":"status-publish","4":"has-post-thumbnail","6":"product_cat-analoge-kameras","7":"product_cat-fpv-kameras-de","8":"product_cat-schwarzer-freitag-2024","10":"first","11":"instock","12":"taxable","13":"shipping-taxable","14":"purchasable","15":"product-type-simple"},"barcode":null,"atum_controlled":true,"out_stock_date":null,"out_stock_threshold":null,"inheritable":false,"stock_on_hold":0,"sold_today":0,"sales_last_days":0,"out_stock_days":0,"lost_sales":0,"update_date":"2026-04-16T06:28:52","atum_locations":[],"atum_stock_status":"instock","restock_status":false,"low_stock_amount":"","sales_update_date":"2026-04-16T06:28:52","calc_backorders":null,"yoast_head":"<!-- This site is optimized with the Yoast SEO plugin v27.3 - https:\/\/yoast.com\/product\/yoast-seo-wordpress\/ -->\n<title>BetaFPV C04 + VTX Cetus V2 Kamera - Iha Race<\/title>\n<meta name=\"robots\" content=\"index, follow, max-snippet:-1, max-image-preview:large, max-video-preview:-1\" \/>\n<link rel=\"canonical\" href=\"https:\/\/iha-race.com\/de\/producto\/betafpv-c04-vtx-cetus-v2-kamera\/\" \/>\n<meta property=\"og:locale\" content=\"de_DE\" \/>\n<meta property=\"og:type\" content=\"article\" \/>\n<meta property=\"og:title\" content=\"BetaFPV C04 + VTX Cetus V2 Kamera - Iha Race\" \/>\n<meta property=\"og:description\" content=\"BetaFPV C04 + VTX Cetus V2 Kamera Die modulare Kamera C04 und das VTX-Modul f\u00fcr denQuadricopterro Cetus XSie sind leicht zu installieren und einfach zu benutzen. Einfach anschlie\u00dfen und loslegen.\" \/>\n<meta property=\"og:url\" content=\"https:\/\/iha-race.com\/de\/producto\/betafpv-c04-vtx-cetus-v2-kamera\/\" \/>\n<meta property=\"og:site_name\" content=\"Iha Race\" \/>\n<meta property=\"article:modified_time\" content=\"2026-01-21T16:07:14+00:00\" \/>\n<meta property=\"og:image\" content=\"https:\/\/iha-race.com\/wp-content\/uploads\/2024\/12\/Camara-BetaFPV-C04-VTX-Cetus-V2.webp\" \/>\n\t<meta property=\"og:image:width\" content=\"540\" \/>\n\t<meta property=\"og:image:height\" content=\"540\" \/>\n\t<meta property=\"og:image:type\" content=\"image\/webp\" \/>\n<meta name=\"twitter:card\" content=\"summary_large_image\" \/>\n<meta name=\"twitter:label1\" content=\"Gesch\u00e4tzte Lesezeit\" \/>\n\t<meta name=\"twitter:data1\" content=\"2\u00a0Minuten\" \/>\n<script type=\"application\/ld+json\" class=\"yoast-schema-graph\">{\"@context\":\"https:\\\/\\\/schema.org\",\"@graph\":[{\"@type\":\"WebPage\",\"@id\":\"https:\\\/\\\/iha-race.com\\\/de\\\/producto\\\/betafpv-c04-vtx-cetus-v2-kamera\\\/\",\"url\":\"https:\\\/\\\/iha-race.com\\\/de\\\/producto\\\/betafpv-c04-vtx-cetus-v2-kamera\\\/\",\"name\":\"BetaFPV C04 + VTX Cetus V2 Kamera - Iha Race\",\"isPartOf\":{\"@id\":\"https:\\\/\\\/iha-race.com\\\/de\\\/#website\"},\"primaryImageOfPage\":{\"@id\":\"https:\\\/\\\/iha-race.com\\\/de\\\/producto\\\/betafpv-c04-vtx-cetus-v2-kamera\\\/#primaryimage\"},\"image\":{\"@id\":\"https:\\\/\\\/iha-race.com\\\/de\\\/producto\\\/betafpv-c04-vtx-cetus-v2-kamera\\\/#primaryimage\"},\"thumbnailUrl\":\"https:\\\/\\\/iha-race.com\\\/wp-content\\\/uploads\\\/2024\\\/12\\\/Camara-BetaFPV-C04-VTX-Cetus-V2.webp\",\"datePublished\":\"2024-12-11T11:41:30+00:00\",\"dateModified\":\"2026-01-21T16:07:14+00:00\",\"breadcrumb\":{\"@id\":\"https:\\\/\\\/iha-race.com\\\/de\\\/producto\\\/betafpv-c04-vtx-cetus-v2-kamera\\\/#breadcrumb\"},\"inLanguage\":\"de\",\"potentialAction\":[{\"@type\":\"ReadAction\",\"target\":[\"https:\\\/\\\/iha-race.com\\\/de\\\/producto\\\/betafpv-c04-vtx-cetus-v2-kamera\\\/\"]}]},{\"@type\":\"ImageObject\",\"inLanguage\":\"de\",\"@id\":\"https:\\\/\\\/iha-race.com\\\/de\\\/producto\\\/betafpv-c04-vtx-cetus-v2-kamera\\\/#primaryimage\",\"url\":\"https:\\\/\\\/iha-race.com\\\/wp-content\\\/uploads\\\/2024\\\/12\\\/Camara-BetaFPV-C04-VTX-Cetus-V2.webp\",\"contentUrl\":\"https:\\\/\\\/iha-race.com\\\/wp-content\\\/uploads\\\/2024\\\/12\\\/Camara-BetaFPV-C04-VTX-Cetus-V2.webp\",\"width\":540,\"height\":540,\"caption\":\"Comprar C\u00e1mara BetaFPV C04 + VTX Cetus V2\"},{\"@type\":\"BreadcrumbList\",\"@id\":\"https:\\\/\\\/iha-race.com\\\/de\\\/producto\\\/betafpv-c04-vtx-cetus-v2-kamera\\\/#breadcrumb\",\"itemListElement\":[{\"@type\":\"ListItem\",\"position\":1,\"name\":\"Portada\",\"item\":\"https:\\\/\\\/iha-race.com\\\/de\\\/elementor-499\\\/\"},{\"@type\":\"ListItem\",\"position\":2,\"name\":\"Shop\",\"item\":\"https:\\\/\\\/iha-race.com\\\/de\\\/shop\\\/\"},{\"@type\":\"ListItem\",\"position\":3,\"name\":\"BetaFPV C04 + VTX Cetus V2 Kamera\"}]},{\"@type\":\"WebSite\",\"@id\":\"https:\\\/\\\/iha-race.com\\\/de\\\/#website\",\"url\":\"https:\\\/\\\/iha-race.com\\\/de\\\/\",\"name\":\"Iha Race\",\"description\":\"Comprar drones de carreras FPV env\u00edos en un d\u00eda desde Espa\u00f1a\",\"publisher\":{\"@id\":\"https:\\\/\\\/iha-race.com\\\/de\\\/#organization\"},\"potentialAction\":[{\"@type\":\"SearchAction\",\"target\":{\"@type\":\"EntryPoint\",\"urlTemplate\":\"https:\\\/\\\/iha-race.com\\\/de\\\/?s={search_term_string}\"},\"query-input\":{\"@type\":\"PropertyValueSpecification\",\"valueRequired\":true,\"valueName\":\"search_term_string\"}}],\"inLanguage\":\"de\"},{\"@type\":\"Organization\",\"@id\":\"https:\\\/\\\/iha-race.com\\\/de\\\/#organization\",\"name\":\"Iha Race\",\"url\":\"https:\\\/\\\/iha-race.com\\\/de\\\/\",\"logo\":{\"@type\":\"ImageObject\",\"inLanguage\":\"de\",\"@id\":\"https:\\\/\\\/iha-race.com\\\/de\\\/#\\\/schema\\\/logo\\\/image\\\/\",\"url\":\"https:\\\/\\\/iha-race.com\\\/wp-content\\\/uploads\\\/2018\\\/07\\\/iha-race-drones-de-carreras-tienda-comprar-drones.png\",\"contentUrl\":\"https:\\\/\\\/iha-race.com\\\/wp-content\\\/uploads\\\/2018\\\/07\\\/iha-race-drones-de-carreras-tienda-comprar-drones.png\",\"width\":300,\"height\":100,\"caption\":\"Iha Race\"},\"image\":{\"@id\":\"https:\\\/\\\/iha-race.com\\\/de\\\/#\\\/schema\\\/logo\\\/image\\\/\"}}]}<\/script>\n<!-- \/ Yoast SEO plugin. -->","yoast_head_json":{"title":"BetaFPV C04 + VTX Cetus V2 Kamera - Iha Race","robots":{"index":"index","follow":"follow","max-snippet":"max-snippet:-1","max-image-preview":"max-image-preview:large","max-video-preview":"max-video-preview:-1"},"canonical":"https:\/\/iha-race.com\/de\/producto\/betafpv-c04-vtx-cetus-v2-kamera\/","og_locale":"de_DE","og_type":"article","og_title":"BetaFPV C04 + VTX Cetus V2 Kamera - Iha Race","og_description":"BetaFPV C04 + VTX Cetus V2 Kamera Die modulare Kamera C04 und das VTX-Modul f\u00fcr denQuadricopterro Cetus XSie sind leicht zu installieren und einfach zu benutzen. Einfach anschlie\u00dfen und loslegen.","og_url":"https:\/\/iha-race.com\/de\/producto\/betafpv-c04-vtx-cetus-v2-kamera\/","og_site_name":"Iha Race","article_modified_time":"2026-01-21T16:07:14+00:00","og_image":[{"width":540,"height":540,"url":"https:\/\/iha-race.com\/wp-content\/uploads\/2024\/12\/Camara-BetaFPV-C04-VTX-Cetus-V2.webp","type":"image\/webp"}],"twitter_card":"summary_large_image","twitter_misc":{"Gesch\u00e4tzte Lesezeit":"2\u00a0Minuten"},"schema":{"@context":"https:\/\/schema.org","@graph":[{"@type":"WebPage","@id":"https:\/\/iha-race.com\/de\/producto\/betafpv-c04-vtx-cetus-v2-kamera\/","url":"https:\/\/iha-race.com\/de\/producto\/betafpv-c04-vtx-cetus-v2-kamera\/","name":"BetaFPV C04 + VTX Cetus V2 Kamera - Iha Race","isPartOf":{"@id":"https:\/\/iha-race.com\/de\/#website"},"primaryImageOfPage":{"@id":"https:\/\/iha-race.com\/de\/producto\/betafpv-c04-vtx-cetus-v2-kamera\/#primaryimage"},"image":{"@id":"https:\/\/iha-race.com\/de\/producto\/betafpv-c04-vtx-cetus-v2-kamera\/#primaryimage"},"thumbnailUrl":"https:\/\/iha-race.com\/wp-content\/uploads\/2024\/12\/Camara-BetaFPV-C04-VTX-Cetus-V2.webp","datePublished":"2024-12-11T11:41:30+00:00","dateModified":"2026-01-21T16:07:14+00:00","breadcrumb":{"@id":"https:\/\/iha-race.com\/de\/producto\/betafpv-c04-vtx-cetus-v2-kamera\/#breadcrumb"},"inLanguage":"de","potentialAction":[{"@type":"ReadAction","target":["https:\/\/iha-race.com\/de\/producto\/betafpv-c04-vtx-cetus-v2-kamera\/"]}]},{"@type":"ImageObject","inLanguage":"de","@id":"https:\/\/iha-race.com\/de\/producto\/betafpv-c04-vtx-cetus-v2-kamera\/#primaryimage","url":"https:\/\/iha-race.com\/wp-content\/uploads\/2024\/12\/Camara-BetaFPV-C04-VTX-Cetus-V2.webp","contentUrl":"https:\/\/iha-race.com\/wp-content\/uploads\/2024\/12\/Camara-BetaFPV-C04-VTX-Cetus-V2.webp","width":540,"height":540,"caption":"Comprar C\u00e1mara BetaFPV C04 + VTX Cetus V2"},{"@type":"BreadcrumbList","@id":"https:\/\/iha-race.com\/de\/producto\/betafpv-c04-vtx-cetus-v2-kamera\/#breadcrumb","itemListElement":[{"@type":"ListItem","position":1,"name":"Portada","item":"https:\/\/iha-race.com\/de\/elementor-499\/"},{"@type":"ListItem","position":2,"name":"Shop","item":"https:\/\/iha-race.com\/de\/shop\/"},{"@type":"ListItem","position":3,"name":"BetaFPV C04 + VTX Cetus V2 Kamera"}]},{"@type":"WebSite","@id":"https:\/\/iha-race.com\/de\/#website","url":"https:\/\/iha-race.com\/de\/","name":"Iha Race","description":"Comprar drones de carreras FPV env\u00edos en un d\u00eda desde Espa\u00f1a","publisher":{"@id":"https:\/\/iha-race.com\/de\/#organization"},"potentialAction":[{"@type":"SearchAction","target":{"@type":"EntryPoint","urlTemplate":"https:\/\/iha-race.com\/de\/?s={search_term_string}"},"query-input":{"@type":"PropertyValueSpecification","valueRequired":true,"valueName":"search_term_string"}}],"inLanguage":"de"},{"@type":"Organization","@id":"https:\/\/iha-race.com\/de\/#organization","name":"Iha Race","url":"https:\/\/iha-race.com\/de\/","logo":{"@type":"ImageObject","inLanguage":"de","@id":"https:\/\/iha-race.com\/de\/#\/schema\/logo\/image\/","url":"https:\/\/iha-race.com\/wp-content\/uploads\/2018\/07\/iha-race-drones-de-carreras-tienda-comprar-drones.png","contentUrl":"https:\/\/iha-race.com\/wp-content\/uploads\/2018\/07\/iha-race-drones-de-carreras-tienda-comprar-drones.png","width":300,"height":100,"caption":"Iha Race"},"image":{"@id":"https:\/\/iha-race.com\/de\/#\/schema\/logo\/image\/"}}]}},"brands":[],"_links":{"self":[{"href":"https:\/\/iha-race.com\/de\/wp-json\/wp\/v2\/product\/252448","targetHints":{"allow":["GET"]}}],"collection":[{"href":"https:\/\/iha-race.com\/de\/wp-json\/wp\/v2\/product"}],"about":[{"href":"https:\/\/iha-race.com\/de\/wp-json\/wp\/v2\/types\/product"}],"replies":[{"embeddable":true,"href":"https:\/\/iha-race.com\/de\/wp-json\/wp\/v2\/comments?post=252448"}],"version-history":[{"count":0,"href":"https:\/\/iha-race.com\/de\/wp-json\/wp\/v2\/product\/252448\/revisions"}],"wp:featuredmedia":[{"embeddable":true,"href":"https:\/\/iha-race.com\/de\/wp-json\/wp\/v2\/media\/252426"}],"wp:attachment":[{"href":"https:\/\/iha-race.com\/de\/wp-json\/wp\/v2\/media?parent=252448"}],"wp:term":[{"taxonomy":"pwb-brand","embeddable":true,"href":"https:\/\/iha-race.com\/de\/wp-json\/wp\/v2\/pwb-brand?post=252448"},{"taxonomy":"product_cat","embeddable":true,"href":"https:\/\/iha-race.com\/de\/wp-json\/wp\/v2\/product_cat?post=252448"},{"taxonomy":"product_tag","embeddable":true,"href":"https:\/\/iha-race.com\/de\/wp-json\/wp\/v2\/product_tag?post=252448"}],"curies":[{"name":"wp","href":"https:\/\/api.w.org\/{rel}","templated":true}]}}