{"id":252052,"date":"2024-11-20T10:59:40","date_gmt":"2024-11-20T09:59:40","guid":{"rendered":"https:\/\/iha-race.com\/producto\/speedybee-f405-aio-40a-bluejay-255-x-255-3-6s-flugregler\/"},"modified":"2025-04-21T22:52:09","modified_gmt":"2025-04-21T20:52:09","slug":"speedybee-f405-aio-40a-bluejay-255-x-255-3-6s-flugregler","status":"publish","type":"product","link":"https:\/\/iha-race.com\/de\/producto\/speedybee-f405-aio-40a-bluejay-255-x-255-3-6s-flugregler\/","title":{"rendered":"SpeedyBee F405 AIO 40A Bluejay 25,5 x 25,5 3-6S Flugregler"},"content":{"rendered":"<h2 class=\"productView-title\"><span>SpeedyBee F405 AIO 40A Bluejay 25,5 x 25,5 3-6S Flugregler<\/span><\/h2>\n<div class=\"tongyong1\">\n<div class=\"section section1\"><img decoding=\"async\" title=\"SpeedyBee F405-AIO-40A\" src=\"https:\/\/store-fhxxhuiq8q.mybigcommerce.com\/product_images\/img_speedybee_f405_aio_40a\/F405-AIO-5-EN_01.jpg\" alt=\"SpeedyBee F405-AIO-40A\"><\/div>\n<div class=\"section section2\">\n<div class=\"position-absolute\"><\/div>\n<p><img decoding=\"async\" title=\"SpeedyBee F405-AIO-40A\" src=\"https:\/\/store-fhxxhuiq8q.mybigcommerce.com\/product_images\/img_speedybee_f405_aio_40a\/F405-AIO-5-EN_02.jpg\" alt=\"SpeedyBee F405-AIO-40A\"><\/div>\n<div class=\"section section2\">\n<div class=\"position-absolute\"><\/div>\n<p><img decoding=\"async\" title=\"SpeedyBee F405-AIO-40A\" src=\"https:\/\/store-fhxxhuiq8q.mybigcommerce.com\/product_images\/img_speedybee_f405_aio_40a\/F405-AIO-5-EN_03.jpg\" alt=\"SpeedyBee F405-AIO-40A\"><\/div>\n<div class=\"section section2\"><img decoding=\"async\" title=\"SpeedyBee F405-AIO-40A\" src=\"https:\/\/store-fhxxhuiq8q.mybigcommerce.com\/product_images\/img_speedybee_f405_aio_40a\/F405-AIO-5-EN_04.jpg\" alt=\"SpeedyBee F405-AIO-40A\"><\/div>\n<div class=\"section section2\"><img decoding=\"async\" title=\"SpeedyBee F405-AIO-40A\" src=\"https:\/\/store-fhxxhuiq8q.mybigcommerce.com\/product_images\/img_speedybee_f405_aio_40a\/F405-AIO-5-EN_06.jpg\" alt=\"SpeedyBee F405-AIO-40A\"><\/div>\n<div class=\"section section2\"><img decoding=\"async\" title=\"SpeedyBee F405-AIO-40A\" src=\"https:\/\/store-fhxxhuiq8q.mybigcommerce.com\/product_images\/img_speedybee_f405_aio_40a\/F405-AIO-5-EN_05.jpg\" alt=\"SpeedyBee F405-AIO-40A\"><\/div>\n<div class=\"section section3\"><img decoding=\"async\" title=\"SpeedyBee F405-AIO-40A\" src=\"https:\/\/store-fhxxhuiq8q.mybigcommerce.com\/product_images\/img_speedybee_f405_aio_40a\/F405-AIO-5-EN_07.jpg\" alt=\"SpeedyBee F405-AIO-40A\"><\/div>\n<div class=\"section section3\"><img decoding=\"async\" title=\"SpeedyBee F405-AIO-40A\" src=\"https:\/\/store-fhxxhuiq8q.mybigcommerce.com\/product_images\/img_speedybee_f405_aio_40a\/F405-AIO-5-EN_08.jpg\" alt=\"SpeedyBee F405-AIO-40A\"><\/div>\n<div class=\"section section3\"><img decoding=\"async\" title=\"SpeedyBee F405-AIO-40A\" src=\"https:\/\/store-fhxxhuiq8q.mybigcommerce.com\/product_images\/img_speedybee_f405_aio_40a\/F405-AIO-5-EN_09.jpg\" alt=\"SpeedyBee F405-AIO-40A\"><\/div>\n<div class=\"section section3\"><img decoding=\"async\" title=\"SpeedyBee F405-AIO-40A\" src=\"https:\/\/store-fhxxhuiq8q.mybigcommerce.com\/product_images\/img_speedybee_f405_aio_40a\/F405-AIO-5-EN_10.jpg\" alt=\"SpeedyBee F405-AIO-40A\"><\/div>\n<div class=\"section section3\"><img decoding=\"async\" title=\"SpeedyBee F405-AIO-40A\" src=\"https:\/\/store-fhxxhuiq8q.mybigcommerce.com\/product_images\/img_speedybee_f405_aio_40a\/F405-AIO-5-EN_11.jpg\" alt=\"SpeedyBee F405-AIO-40A\"><\/div>\n<div class=\"section section3\"><img decoding=\"async\" title=\"SpeedyBee F405-AIO-40A\" src=\"https:\/\/store-fhxxhuiq8q.mybigcommerce.com\/product_images\/img_speedybee_f405_aio_40a\/F405-AIO-5-EN_12.jpg\" alt=\"SpeedyBee F405-AIO-40A\"><\/div>\n<div class=\"section-Specifications\">\n<div class=\"position-absolute\">\n<div id=\"Parameters\" class=\"Specifications\"><span>Flugregler<\/span><\/div>\n<\/div>\n<table class=\"speedybee-table\">\n<tbody>\n<tr>\n<td width=\"30%\"><span>Produktname<\/span><\/td>\n<td width=\"70%\"><span>AIO SpeedyBee F405<\/span><\/td>\n<\/tr>\n<tr>\n<td><span>MCU<\/span><\/td>\n<td><span>STM32F405<\/span><\/td>\n<\/tr>\n<tr>\n<td><span>Gyroskop<\/span><\/td>\n<td><span>ICM-42688P<\/span><\/td>\n<\/tr>\n<tr>\n<td><span>USB-Anschluss Typ<\/span><\/td>\n<td><span>Typ C<\/span><\/td>\n<\/tr>\n<tr>\n<td><span>Barometer<\/span><\/td>\n<td><span>SPA06-003<\/span><\/td>\n<\/tr>\n<tr>\n<td><span>OSD<\/span><\/td>\n<td><span>Unterst\u00fctzt<\/span><\/td>\n<\/tr>\n<tr>\n<td><span>Bluetooth BLE<\/span><\/td>\n<td><span>Unterst\u00fctzung f\u00fcr Bluetooth 2.0 Geschwindigkeits-Upgrade<\/span><\/td>\n<\/tr>\n<tr>\n<td><span>Firmware-Upgrade f\u00fcr drahtlose Flugsteuerung<\/span><\/td>\n<td><span>Kompatibel (Sie m\u00fcssen die physische START-Taste nicht dr\u00fccken)<\/span><\/td>\n<\/tr>\n<tr>\n<td><span>Drahtlose Download-Analyse und BlackBox<\/span><\/td>\n<td><span>Nicht unterst\u00fctzt<\/span><\/td>\n<\/tr>\n<tr>\n<td><span>DJI Air Einheit Anschlussmethode<\/span><\/td>\n<td><span>Unterst\u00fctzt sowohl 6-poliges direktes Einstecken als auch L\u00f6ten.<\/span><\/td>\n<\/tr>\n<tr>\n<td><span>Direktes Einstecken des 6-poligen Sky-Anschlusses von DJI<\/span><\/td>\n<td><span>Kompatibel, kann direkt an DJI O3\/RunCam Link\/Caddx Vista angeschlossen werden, ohne die Kabelreihenfolge zu \u00e4ndern<\/span><\/td>\n<\/tr>\n<tr>\n<td><span>Flash (f\u00fcr BlackBox)<\/span><\/td>\n<td><span>8 MB<\/span><\/td>\n<\/tr>\n<tr>\n<td><span>Betaflight CC Pads (Einstellung der Kameraparameter)<\/span><\/td>\n<td><span>Unterst\u00fctzt<\/span><\/td>\n<\/tr>\n<tr>\n<td><span>Eingangsspannung<\/span><\/td>\n<td><span>3S-6S Lithium-Polymer-Akku<\/span><\/td>\n<\/tr>\n<tr>\n<td><span>4V5 Ausgang<\/span><\/td>\n<td><span>Zwei 4V5 Ausg\u00e4nge; Gesamtstrom 1A<\/span><\/td>\n<\/tr>\n<tr>\n<td><span>5 V BEC-Ausgang<\/span><\/td>\n<td><span>Drei 5 V Ausg\u00e4nge; Gesamtstrom 2 A; gemeinsam mit 4 V5<\/span><\/td>\n<\/tr>\n<tr>\n<td><span>9 V BEC-Ausgang<\/span><\/td>\n<td><span>Keiner (wird mit externem BEC-Modul geliefert, kann zwischen 5 V und 9 V umgeschaltet werden); Gesamtstromausgang 2 A<\/span><\/td>\n<\/tr>\n<tr>\n<td><span>MOTOR<\/span><\/td>\n<td><span>M1-M4<\/span><\/td>\n<\/tr>\n<tr>\n<td><span>Unidirektionale Steuereinheit (UART)<\/span><\/td>\n<td><span>[R2]4 voll funktionsf\u00e4hige serielle Schnittstellen (UART3, UART4, UART5, UART6 + SBUS )<\/span><\/td>\n<\/tr>\n<tr>\n<td><span>ESC Telemetrie<\/span><\/td>\n<td><span>Keine<\/span><\/td>\n<\/tr>\n<tr>\n<td><span>I2C<\/span><\/td>\n<td><span>Unterst\u00fctzt<\/span><\/td>\n<\/tr>\n<tr>\n<td><span>LED-Pads<\/span><\/td>\n<td><span>Kompatibel, f\u00fcr die Steuerung von LED-Leuchten WS2812<\/span><\/td>\n<\/tr>\n<tr>\n<td><span>Buzzer-Pads<\/span><\/td>\n<td><span>Kompatibel mit BZ+ und BZ- Ohrpolstern<\/span><\/td>\n<\/tr>\n<tr>\n<td><span>BOOT-Taste<\/span><\/td>\n<td><span>Kompatibel, halten Sie die BOOT-Taste beim Einschalten gedr\u00fcckt, um den DFU-Modus f\u00fcr die Wiederherstellung der Firmware aufzurufen.<\/span><\/td>\n<\/tr>\n<tr>\n<td><span>RSSI-Pads<\/span><\/td>\n<td><span>Keine<\/span><\/td>\n<\/tr>\n<tr>\n<td><span>Intelligenter Anschluss<\/span><\/td>\n<td><span>Nicht unterst\u00fctzt<\/span><\/td>\n<\/tr>\n<tr>\n<td><span>Unterst\u00fctzte Flugsteuerungs-Firmware<\/span><\/td>\n<td><span>BetaFlight (Standard), INAV<\/span><\/td>\n<\/tr>\n<tr>\n<td><span>Firmware-Zielname<\/span><\/td>\n<td><span>Speedy Bee F405AIO Kampfflugzeug<\/span><\/td>\n<\/tr>\n<tr>\n<td><span>Montage<\/span><\/td>\n<td><span>25,5 x 25,5 mm, Lochdurchmesser 2 mm<\/span><\/td>\n<\/tr>\n<tr>\n<td><span>Abmessungen<\/span><\/td>\n<td><span>33,0 mm (L\u00e4nge) x 33,0 mm (Breite) x 8 mm (H\u00f6he)<\/span><\/td>\n<\/tr>\n<tr>\n<td><span>Gewicht<\/span><\/td>\n<td><span>13,6 g (einschlie\u00dflich CNC)<\/span><\/td>\n<\/tr>\n<\/tbody>\n<\/table>\n<\/div>\n<\/div>\n<div class=\"section-Specifications\">\n<div class=\"position-absolute\">\n<div id=\"Parameters\" class=\"Specifications\"><span>ESC<\/span><\/div>\n<\/div>\n<table class=\"speedybee-table\">\n<tbody>\n<tr>\n<td width=\"30%\"><span>Produktname<\/span><\/td>\n<td width=\"70%\"><span>AIO SpeedyBee F405<\/span><\/td>\n<\/tr>\n<tr>\n<td><span>Eingangsspannung<\/span><\/td>\n<td><span>3-6S Lithium-Polymer-Akku<\/span><\/td>\n<\/tr>\n<tr>\n<td><span>Kontinuierlicher Strom<\/span><\/td>\n<td><span>40A<\/span><\/td>\n<\/tr>\n<tr>\n<td><span>Burst-Strom<\/span><\/td>\n<td><span>45A (10 s)<\/span><\/td>\n<\/tr>\n<tr>\n<td><span>ESC-Protokoll<\/span><\/td>\n<td><span>Unterst\u00fctzt DSHOT600\/300; andere Protokolle k\u00f6nnen schwerwiegende Fehler verursachen, verwenden Sie sie mit Vorsicht.<\/span><\/td>\n<\/tr>\n<tr>\n<td><span>Ausgangsspannung<\/span><\/td>\n<td><span>VBAT-Akkuspannung (wird f\u00fcr die Stromversorgung des Flugcontrollers verwendet)<\/span><\/td>\n<\/tr>\n<tr>\n<td><span>Stromsensor<\/span><\/td>\n<td><span>Kompatibel (Skala = 254, Offset = 0)<\/span><\/td>\n<\/tr>\n<tr>\n<td><span>Firmware<\/span><\/td>\n<td><span>Bluejay JH-40 48 kHz<\/span><\/td>\n<\/tr>\n<\/tbody>\n<\/table>\n<\/div>\n<div class=\"speedybee-section section8\">\n<div id=\"Manual\" class=\"manual\">\n<div class=\"Title\"><span>Handbuch<\/span><\/div>\n<p><a href=\"http:\/\/support.speedybee.cn\/?d=SF40A0&amp;s=1000&amp;a=p\" target=\"_blank\" rel=\"noopener\"><img decoding=\"async\" src=\"https:\/\/www.runcam.com\/images\/HD\/PDF_icon.jpg\" alt=\"Benutzerhandbuch\"><span>Englisch<\/span><\/a> <a href=\"http:\/\/support.speedybee.cn\/?d=SF40A0&amp;s=1000&amp;a=p\" target=\"_blank\" rel=\"noopener\"><img decoding=\"async\" src=\"https:\/\/www.runcam.com\/images\/HD\/PDF_icon.jpg\" alt=\"Benutzerhandbuch\"><span>Chinesisch<\/span><\/a> <a href=\"https:\/\/store-fhxxhuiq8q.mybigcommerce.com\/product_images\/img_speedybee_f405_aio_40a\/SPEEDYBEEF405AIO_betaflight_4.5.1.hex\" target=\"_blank\" rel=\"noopener\"><img decoding=\"async\" src=\"https:\/\/store-fhxxhuiq8q.mybigcommerce.com\/product_images\/icon\/Firmware.png\" alt=\"Benutzerhandbuch\"><span>Firmware<\/span><\/a><\/div>\n<\/div>\n","protected":false},"excerpt":{"rendered":"<p>SpeedyBee F405 AIO 40A Bluejay 25,5 x 25,5 3-6S Flugregler Flugregler Produktname AIO SpeedyBee F405 MCU STM32F405 Gyroskop ICM-42688P USB-Anschluss Typ Typ C Barometer SPA06-003 OSD Unterst\u00fctzt Bluetooth BLE Unterst\u00fctzung<\/p>\n","protected":false},"featured_media":252034,"comment_status":"open","ping_status":"closed","template":"","meta":{"_joinchat":[]},"pwb-brand":[4069],"product_cat":[3017],"product_tag":[],"class_list":{"0":"post-252052","1":"product","2":"type-product","3":"status-publish","4":"has-post-thumbnail","6":"pwb-brand-speedybee","7":"product_cat-aio-karten","9":"first","10":"instock","11":"taxable","12":"shipping-taxable","13":"purchasable","14":"product-type-simple"},"barcode":null,"atum_controlled":true,"out_stock_date":null,"out_stock_threshold":null,"inheritable":false,"stock_on_hold":0,"sold_today":0,"sales_last_days":0,"out_stock_days":0,"lost_sales":0,"update_date":"2026-04-27T19:43:52","atum_locations":[],"atum_stock_status":"instock","restock_status":false,"low_stock_amount":"","sales_update_date":"2026-04-27T19:43:52","calc_backorders":null,"yoast_head":"<!-- This site is optimized with the Yoast SEO plugin v27.3 - https:\/\/yoast.com\/product\/yoast-seo-wordpress\/ -->\n<title>SpeedyBee F405 AIO 40A Bluejay 25,5 x 25,5 3-6S Flugregler - Iha Race<\/title>\n<meta name=\"robots\" content=\"index, follow, max-snippet:-1, max-image-preview:large, max-video-preview:-1\" \/>\n<link rel=\"canonical\" href=\"https:\/\/iha-race.com\/de\/producto\/speedybee-f405-aio-40a-bluejay-255-x-255-3-6s-flugregler\/\" \/>\n<meta property=\"og:locale\" content=\"de_DE\" \/>\n<meta property=\"og:type\" content=\"article\" \/>\n<meta property=\"og:title\" content=\"SpeedyBee F405 AIO 40A Bluejay 25,5 x 25,5 3-6S Flugregler - Iha Race\" \/>\n<meta property=\"og:description\" content=\"SpeedyBee F405 AIO 40A Bluejay 25,5 x 25,5 3-6S Flugregler Flugregler Produktname AIO SpeedyBee F405 MCU STM32F405 Gyroskop ICM-42688P USB-Anschluss Typ Typ C Barometer SPA06-003 OSD Unterst\u00fctzt Bluetooth BLE Unterst\u00fctzung\" \/>\n<meta property=\"og:url\" content=\"https:\/\/iha-race.com\/de\/producto\/speedybee-f405-aio-40a-bluejay-255-x-255-3-6s-flugregler\/\" \/>\n<meta property=\"og:site_name\" content=\"Iha Race\" \/>\n<meta property=\"article:modified_time\" content=\"2025-04-21T20:52:09+00:00\" \/>\n<meta property=\"og:image\" content=\"https:\/\/iha-race.com\/wp-content\/uploads\/2024\/11\/Controlador-de-vuelo-SpeedyBee-F405-AIO-40A.jpg\" \/>\n\t<meta property=\"og:image:width\" content=\"1280\" \/>\n\t<meta property=\"og:image:height\" content=\"1280\" \/>\n\t<meta property=\"og:image:type\" content=\"image\/jpeg\" \/>\n<meta name=\"twitter:card\" content=\"summary_large_image\" \/>\n<meta name=\"twitter:label1\" content=\"Gesch\u00e4tzte Lesezeit\" \/>\n\t<meta name=\"twitter:data1\" content=\"2\u00a0Minuten\" \/>\n<script type=\"application\/ld+json\" class=\"yoast-schema-graph\">{\"@context\":\"https:\\\/\\\/schema.org\",\"@graph\":[{\"@type\":\"WebPage\",\"@id\":\"https:\\\/\\\/iha-race.com\\\/de\\\/producto\\\/speedybee-f405-aio-40a-bluejay-255-x-255-3-6s-flugregler\\\/\",\"url\":\"https:\\\/\\\/iha-race.com\\\/de\\\/producto\\\/speedybee-f405-aio-40a-bluejay-255-x-255-3-6s-flugregler\\\/\",\"name\":\"SpeedyBee F405 AIO 40A Bluejay 25,5 x 25,5 3-6S Flugregler - Iha Race\",\"isPartOf\":{\"@id\":\"https:\\\/\\\/iha-race.com\\\/de\\\/#website\"},\"primaryImageOfPage\":{\"@id\":\"https:\\\/\\\/iha-race.com\\\/de\\\/producto\\\/speedybee-f405-aio-40a-bluejay-255-x-255-3-6s-flugregler\\\/#primaryimage\"},\"image\":{\"@id\":\"https:\\\/\\\/iha-race.com\\\/de\\\/producto\\\/speedybee-f405-aio-40a-bluejay-255-x-255-3-6s-flugregler\\\/#primaryimage\"},\"thumbnailUrl\":\"https:\\\/\\\/iha-race.com\\\/wp-content\\\/uploads\\\/2024\\\/11\\\/Controlador-de-vuelo-SpeedyBee-F405-AIO-40A.jpg\",\"datePublished\":\"2024-11-20T09:59:40+00:00\",\"dateModified\":\"2025-04-21T20:52:09+00:00\",\"breadcrumb\":{\"@id\":\"https:\\\/\\\/iha-race.com\\\/de\\\/producto\\\/speedybee-f405-aio-40a-bluejay-255-x-255-3-6s-flugregler\\\/#breadcrumb\"},\"inLanguage\":\"de\",\"potentialAction\":[{\"@type\":\"ReadAction\",\"target\":[\"https:\\\/\\\/iha-race.com\\\/de\\\/producto\\\/speedybee-f405-aio-40a-bluejay-255-x-255-3-6s-flugregler\\\/\"]}]},{\"@type\":\"ImageObject\",\"inLanguage\":\"de\",\"@id\":\"https:\\\/\\\/iha-race.com\\\/de\\\/producto\\\/speedybee-f405-aio-40a-bluejay-255-x-255-3-6s-flugregler\\\/#primaryimage\",\"url\":\"https:\\\/\\\/iha-race.com\\\/wp-content\\\/uploads\\\/2024\\\/11\\\/Controlador-de-vuelo-SpeedyBee-F405-AIO-40A.jpg\",\"contentUrl\":\"https:\\\/\\\/iha-race.com\\\/wp-content\\\/uploads\\\/2024\\\/11\\\/Controlador-de-vuelo-SpeedyBee-F405-AIO-40A.jpg\",\"width\":1280,\"height\":1280,\"caption\":\"Comprar Controlador de vuelo SpeedyBee F405 AIO 40A Bluejay\"},{\"@type\":\"BreadcrumbList\",\"@id\":\"https:\\\/\\\/iha-race.com\\\/de\\\/producto\\\/speedybee-f405-aio-40a-bluejay-255-x-255-3-6s-flugregler\\\/#breadcrumb\",\"itemListElement\":[{\"@type\":\"ListItem\",\"position\":1,\"name\":\"Portada\",\"item\":\"https:\\\/\\\/iha-race.com\\\/de\\\/elementor-499\\\/\"},{\"@type\":\"ListItem\",\"position\":2,\"name\":\"Shop\",\"item\":\"https:\\\/\\\/iha-race.com\\\/de\\\/shop\\\/\"},{\"@type\":\"ListItem\",\"position\":3,\"name\":\"SpeedyBee F405 AIO 40A Bluejay 25,5 x 25,5 3-6S Flugregler\"}]},{\"@type\":\"WebSite\",\"@id\":\"https:\\\/\\\/iha-race.com\\\/de\\\/#website\",\"url\":\"https:\\\/\\\/iha-race.com\\\/de\\\/\",\"name\":\"Iha Race\",\"description\":\"Comprar drones de carreras FPV env\u00edos en un d\u00eda desde Espa\u00f1a\",\"publisher\":{\"@id\":\"https:\\\/\\\/iha-race.com\\\/de\\\/#organization\"},\"potentialAction\":[{\"@type\":\"SearchAction\",\"target\":{\"@type\":\"EntryPoint\",\"urlTemplate\":\"https:\\\/\\\/iha-race.com\\\/de\\\/?s={search_term_string}\"},\"query-input\":{\"@type\":\"PropertyValueSpecification\",\"valueRequired\":true,\"valueName\":\"search_term_string\"}}],\"inLanguage\":\"de\"},{\"@type\":\"Organization\",\"@id\":\"https:\\\/\\\/iha-race.com\\\/de\\\/#organization\",\"name\":\"Iha Race\",\"url\":\"https:\\\/\\\/iha-race.com\\\/de\\\/\",\"logo\":{\"@type\":\"ImageObject\",\"inLanguage\":\"de\",\"@id\":\"https:\\\/\\\/iha-race.com\\\/de\\\/#\\\/schema\\\/logo\\\/image\\\/\",\"url\":\"https:\\\/\\\/iha-race.com\\\/wp-content\\\/uploads\\\/2018\\\/07\\\/iha-race-drones-de-carreras-tienda-comprar-drones.png\",\"contentUrl\":\"https:\\\/\\\/iha-race.com\\\/wp-content\\\/uploads\\\/2018\\\/07\\\/iha-race-drones-de-carreras-tienda-comprar-drones.png\",\"width\":300,\"height\":100,\"caption\":\"Iha Race\"},\"image\":{\"@id\":\"https:\\\/\\\/iha-race.com\\\/de\\\/#\\\/schema\\\/logo\\\/image\\\/\"}}]}<\/script>\n<!-- \/ Yoast SEO plugin. -->","yoast_head_json":{"title":"SpeedyBee F405 AIO 40A Bluejay 25,5 x 25,5 3-6S Flugregler - Iha Race","robots":{"index":"index","follow":"follow","max-snippet":"max-snippet:-1","max-image-preview":"max-image-preview:large","max-video-preview":"max-video-preview:-1"},"canonical":"https:\/\/iha-race.com\/de\/producto\/speedybee-f405-aio-40a-bluejay-255-x-255-3-6s-flugregler\/","og_locale":"de_DE","og_type":"article","og_title":"SpeedyBee F405 AIO 40A Bluejay 25,5 x 25,5 3-6S Flugregler - Iha Race","og_description":"SpeedyBee F405 AIO 40A Bluejay 25,5 x 25,5 3-6S Flugregler Flugregler Produktname AIO SpeedyBee F405 MCU STM32F405 Gyroskop ICM-42688P USB-Anschluss Typ Typ C Barometer SPA06-003 OSD Unterst\u00fctzt Bluetooth BLE Unterst\u00fctzung","og_url":"https:\/\/iha-race.com\/de\/producto\/speedybee-f405-aio-40a-bluejay-255-x-255-3-6s-flugregler\/","og_site_name":"Iha Race","article_modified_time":"2025-04-21T20:52:09+00:00","og_image":[{"width":1280,"height":1280,"url":"https:\/\/iha-race.com\/wp-content\/uploads\/2024\/11\/Controlador-de-vuelo-SpeedyBee-F405-AIO-40A.jpg","type":"image\/jpeg"}],"twitter_card":"summary_large_image","twitter_misc":{"Gesch\u00e4tzte Lesezeit":"2\u00a0Minuten"},"schema":{"@context":"https:\/\/schema.org","@graph":[{"@type":"WebPage","@id":"https:\/\/iha-race.com\/de\/producto\/speedybee-f405-aio-40a-bluejay-255-x-255-3-6s-flugregler\/","url":"https:\/\/iha-race.com\/de\/producto\/speedybee-f405-aio-40a-bluejay-255-x-255-3-6s-flugregler\/","name":"SpeedyBee F405 AIO 40A Bluejay 25,5 x 25,5 3-6S Flugregler - Iha Race","isPartOf":{"@id":"https:\/\/iha-race.com\/de\/#website"},"primaryImageOfPage":{"@id":"https:\/\/iha-race.com\/de\/producto\/speedybee-f405-aio-40a-bluejay-255-x-255-3-6s-flugregler\/#primaryimage"},"image":{"@id":"https:\/\/iha-race.com\/de\/producto\/speedybee-f405-aio-40a-bluejay-255-x-255-3-6s-flugregler\/#primaryimage"},"thumbnailUrl":"https:\/\/iha-race.com\/wp-content\/uploads\/2024\/11\/Controlador-de-vuelo-SpeedyBee-F405-AIO-40A.jpg","datePublished":"2024-11-20T09:59:40+00:00","dateModified":"2025-04-21T20:52:09+00:00","breadcrumb":{"@id":"https:\/\/iha-race.com\/de\/producto\/speedybee-f405-aio-40a-bluejay-255-x-255-3-6s-flugregler\/#breadcrumb"},"inLanguage":"de","potentialAction":[{"@type":"ReadAction","target":["https:\/\/iha-race.com\/de\/producto\/speedybee-f405-aio-40a-bluejay-255-x-255-3-6s-flugregler\/"]}]},{"@type":"ImageObject","inLanguage":"de","@id":"https:\/\/iha-race.com\/de\/producto\/speedybee-f405-aio-40a-bluejay-255-x-255-3-6s-flugregler\/#primaryimage","url":"https:\/\/iha-race.com\/wp-content\/uploads\/2024\/11\/Controlador-de-vuelo-SpeedyBee-F405-AIO-40A.jpg","contentUrl":"https:\/\/iha-race.com\/wp-content\/uploads\/2024\/11\/Controlador-de-vuelo-SpeedyBee-F405-AIO-40A.jpg","width":1280,"height":1280,"caption":"Comprar Controlador de vuelo SpeedyBee F405 AIO 40A Bluejay"},{"@type":"BreadcrumbList","@id":"https:\/\/iha-race.com\/de\/producto\/speedybee-f405-aio-40a-bluejay-255-x-255-3-6s-flugregler\/#breadcrumb","itemListElement":[{"@type":"ListItem","position":1,"name":"Portada","item":"https:\/\/iha-race.com\/de\/elementor-499\/"},{"@type":"ListItem","position":2,"name":"Shop","item":"https:\/\/iha-race.com\/de\/shop\/"},{"@type":"ListItem","position":3,"name":"SpeedyBee F405 AIO 40A Bluejay 25,5 x 25,5 3-6S Flugregler"}]},{"@type":"WebSite","@id":"https:\/\/iha-race.com\/de\/#website","url":"https:\/\/iha-race.com\/de\/","name":"Iha Race","description":"Comprar drones de carreras FPV env\u00edos en un d\u00eda desde Espa\u00f1a","publisher":{"@id":"https:\/\/iha-race.com\/de\/#organization"},"potentialAction":[{"@type":"SearchAction","target":{"@type":"EntryPoint","urlTemplate":"https:\/\/iha-race.com\/de\/?s={search_term_string}"},"query-input":{"@type":"PropertyValueSpecification","valueRequired":true,"valueName":"search_term_string"}}],"inLanguage":"de"},{"@type":"Organization","@id":"https:\/\/iha-race.com\/de\/#organization","name":"Iha Race","url":"https:\/\/iha-race.com\/de\/","logo":{"@type":"ImageObject","inLanguage":"de","@id":"https:\/\/iha-race.com\/de\/#\/schema\/logo\/image\/","url":"https:\/\/iha-race.com\/wp-content\/uploads\/2018\/07\/iha-race-drones-de-carreras-tienda-comprar-drones.png","contentUrl":"https:\/\/iha-race.com\/wp-content\/uploads\/2018\/07\/iha-race-drones-de-carreras-tienda-comprar-drones.png","width":300,"height":100,"caption":"Iha Race"},"image":{"@id":"https:\/\/iha-race.com\/de\/#\/schema\/logo\/image\/"}}]}},"jetpack_sharing_enabled":true,"brands":[{"id":4069,"name":"SpeedyBee","slug":"speedybee"}],"_links":{"self":[{"href":"https:\/\/iha-race.com\/de\/wp-json\/wp\/v2\/product\/252052","targetHints":{"allow":["GET"]}}],"collection":[{"href":"https:\/\/iha-race.com\/de\/wp-json\/wp\/v2\/product"}],"about":[{"href":"https:\/\/iha-race.com\/de\/wp-json\/wp\/v2\/types\/product"}],"replies":[{"embeddable":true,"href":"https:\/\/iha-race.com\/de\/wp-json\/wp\/v2\/comments?post=252052"}],"version-history":[{"count":0,"href":"https:\/\/iha-race.com\/de\/wp-json\/wp\/v2\/product\/252052\/revisions"}],"wp:featuredmedia":[{"embeddable":true,"href":"https:\/\/iha-race.com\/de\/wp-json\/wp\/v2\/media\/252034"}],"wp:attachment":[{"href":"https:\/\/iha-race.com\/de\/wp-json\/wp\/v2\/media?parent=252052"}],"wp:term":[{"taxonomy":"pwb-brand","embeddable":true,"href":"https:\/\/iha-race.com\/de\/wp-json\/wp\/v2\/pwb-brand?post=252052"},{"taxonomy":"product_cat","embeddable":true,"href":"https:\/\/iha-race.com\/de\/wp-json\/wp\/v2\/product_cat?post=252052"},{"taxonomy":"product_tag","embeddable":true,"href":"https:\/\/iha-race.com\/de\/wp-json\/wp\/v2\/product_tag?post=252052"}],"curies":[{"name":"wp","href":"https:\/\/api.w.org\/{rel}","templated":true}]}}