{"id":251639,"date":"2024-10-17T10:42:36","date_gmt":"2024-10-17T08:42:36","guid":{"rendered":"https:\/\/iha-race.com\/producto\/bt3-0-450-mah-2s-akku-2-stueck\/"},"modified":"2024-10-22T10:27:56","modified_gmt":"2024-10-22T08:27:56","slug":"bt3-0-450-mah-2s-akku-2-stueck","status":"publish","type":"product","link":"https:\/\/iha-race.com\/de\/producto\/bt3-0-450-mah-2s-akku-2-stueck\/","title":{"rendered":"BT3.0 450 mAh 2S Akku (2 St\u00fcck)"},"content":{"rendered":"<h1 class=\"h2 product-single__title\">BT3.0 450 mAh 2S Akku (2 St\u00fcck)<\/h1>\n<p>&nbsp;<\/p>\n<p>Der BETAFPV BT3.0 450mAh 2S-Akku verf\u00fcgt \u00fcber ein hochintegriertes All-in-One-Design, das einen umst\u00e4ndlichen Balancierkopf-Anschluss \u00fcberfl\u00fcssig macht. Diese Plug-and-Play-Funktion sorgt f\u00fcr eine einfache Handhabung und bequeme Installation, die das Gesamtdesign der 2S-Drohnen rationalisiert und aufwertet. Dies hilft nicht nur Anf\u00e4ngern, 2S-Drohnen schnell in Betrieb zu nehmen und den Nervenkitzel des Fliegens zu genie\u00dfen, sondern erf\u00fcllt auch die anspruchsvollen Standards professioneller Piloten f\u00fcr die Montage von Drohnen und erm\u00f6glicht ihnen eine gr\u00f6\u00dfere Kontrolle und Flexibilit\u00e4t beim Fliegen.  <\/p>\n<p><img decoding=\"async\" src=\"https:\/\/cdn.shopifycdn.net\/s\/files\/1\/1778\/6615\/files\/83629e3e107b9b3191a560ef0655f61b_e8f91eda-8984-41de-9188-a5e5ecbe5741_1024x1024.jpg?v=1691561774\" alt=\"BT3.0 450 mAh 2S Akku (2 St\u00fcck)\"><\/p>\n<h2 class=\"p1\">Aufz\u00e4hlungspunkt<\/h2>\n<ul>\n<li>Der Verzicht auf einen Balancierkopf-Anschluss am 2S-Akku sorgt f\u00fcr m\u00fcheloses Laden und Installieren.<\/li>\n<li>Das hochintegrierte Design des 2S-Akkus verhindert, dass die Kabel oder der Akku freiliegen, was die Sicherheit und die Leistungsstabilit\u00e4t verbessert.<\/li>\n<li>Die BT3.0-Anschl\u00fcsse und das minimalistische Design dieses 2S-Akkus erm\u00f6glichen ein schlankes Design f\u00fcr den 2S-Quadcopter.<\/li>\n<\/ul>\n<p>Die folgende Abbildung zeigt die Abmessungen des Akkus.<\/p>\n<p><img decoding=\"async\" src=\"https:\/\/cdn.shopifycdn.net\/s\/files\/1\/1778\/6615\/files\/f7d7c897f798fc44c391847188c3ac79_4ec6e2a4-d586-4a07-a102-b51481a71928_480x480.jpg?v=1691145120\" alt=\"BT3.0 450 mAh 2S Akku (2 St\u00fcck)\"><\/p>\n<h2 class=\"p1\">Spezifikation<\/h2>\n<ul>\n<li>Akku-Anschluss: BT3.0-Anschluss<\/li>\n<li>Akku-Kapazit\u00e4t: 450 mAh<\/li>\n<li>Akku-Typ: Lithium-Akku 2S HV<\/li>\n<li>Nennspannung: 7,6 V<\/li>\n<li>Vollst\u00e4ndig geladene Spannung: 8,7 V<\/li>\n<li>Entladungsrate: 30 \u00b0C<\/li>\n<li>Leistung beim Entladen: 3,42 Wh<\/li>\n<li>Gewicht der Batterie: 27 \u00b1 0,5 g<\/li>\n<li>Batteriegr\u00f6\u00dfe: 67*17,5*15 mm \/ 67*16*13,3 mm (Einbaugr\u00f6\u00dfe)<\/li>\n<li>Farbe: Schwarz<\/li>\n<li>Oberfl\u00e4chenbehandlung: Etikettierung und Schrumpfschl\u00e4uche<\/li>\n<li>Entladekurve der Batterie:<\/li>\n<\/ul>\n<div style=\"text-align: left;\"><img decoding=\"async\" src=\"https:\/\/cdn.shopifycdn.net\/s\/files\/1\/1778\/6615\/files\/114a5c0012b06a7971f293f72efdece0_eb915754-b690-4132-8af5-617ac5830ebb_600x600.jpg?v=1691562102\" alt=\"\"><\/div>\n<h2 class=\"p1\">Hinweise zur Verwendung<\/h2>\n<ul>\n<li>Die Dicke des Akkus liegt zwischen 13,1 und 13,6 mm und eignet sich f\u00fcr die Verwendung mit dem <a href=\"https:\/\/betafpv.com\/products\/pavo-pico-brushless-whoop\">Pavo Pico Brushless Whoop Quadcopter<\/a> und dem <a href=\"https:\/\/betafpv.com\/collections\/cetus-series\/products\/cetus-x-brushless-quadcopter\">Cetus X Brushless Quadcopter<\/a>.<\/li>\n<li>Um diesen Akku aufzuladen, ben\u00f6tigen Sie ein BT3.0 2S-Ladeger\u00e4t.<\/li>\n<li>Um diese Hochspannungsbatterie vollst\u00e4ndig aufzuladen, reicht ein normales Spannungsladeger\u00e4t nicht aus.<\/li>\n<li>Das Aufladen dieses Akkus auf volle Kapazit\u00e4t dauert etwa 20 Minuten mit einem BT3.0 2S-Ladeger\u00e4t.<\/li>\n<\/ul>\n<h2>BT3.0 Serie Zubeh\u00f6r<\/h2>\n<p>Das Zubeh\u00f6r der BETAFPV BT3.0 Serie ist eine Produktlinie, die exklusiv f\u00fcr Whoop 2S Drohnen entwickelt wurde. Sie besteht aus drei Kategorien von Artikeln, n\u00e4mlich Steckern, Akkus und Ladeger\u00e4ten, die ein integriertes Zubeh\u00f6rset bilden, das perfekt zusammenarbeitet. Die BT3.0-Stecker machen die Balance-Stecker \u00fcberfl\u00fcssig, w\u00e4hrend sie den BT3.0 450mAh 2S-Akku (2 St\u00fcck) optimieren und f\u00fcr mehr Komfort und eine h\u00f6here Leistung von 2S-Drohnen sorgen. In Verbindung mit dem 2S-Akkuladeger\u00e4t k\u00f6nnen Sie ein effizienteres und stabileres Ladeerlebnis erzielen.  <\/p>\n<div style=\"text-align: left;\"><img decoding=\"async\" style=\"margin-bottom: 16px; float: none;\" src=\"https:\/\/cdn.shopifycdn.net\/s\/files\/1\/1778\/6615\/files\/d11071e3e22df0f10fe36afc311a694c_1024x1024.jpg?v=1690877425\" alt=\"BT3.0 Serie f\u00fcr Whoop 2S Drohne\"><\/div>\n<p>Wir empfehlen Ihnen dringend, die folgenden Produkte zu kombinieren, um Ihre Whoop 2S Drohne mit einem Satz effizienter und einfach zu bedienender Zubeh\u00f6rteile aufzur\u00fcsten:<\/p>\n<ul>\n<li>BT3.0 Anschl\u00fcsse<\/li>\n<li><span data-type=\"text\">BT3.0 450 mAh 2S Akku (2 St\u00fcck)<\/span><\/li>\n<li>2S Batterieladeger\u00e4t und Spannungspr\u00fcfer<\/li>\n<\/ul>\n<h2 class=\"p1\">Empfohlene Teile<\/h2>\n<ul>\n<li>Quadcopter:B\u00fcrstenloser Quadcopter Cetus X,B\u00fcrstenloser Whoop Quadcopter Pavo Pico<\/li>\n<\/ul>\n<h2 class=\"p1\">Paket<\/h2>\n<ul>\n<li>2 * BT3.0 450mAh 2S Akku<\/li>\n<li>2 * Luftpolsterbeutel<\/li>\n<li>1 * Batteriekasten<\/li>\n<\/ul>\n<p><img decoding=\"async\" src=\"https:\/\/cdn.shopifycdn.net\/s\/files\/1\/1778\/6615\/files\/3f89305fb1dabad87b9b93324e3c25cd_c2bf08d2-dc95-4436-9365-6463ae7da507_480x480.jpg?v=1691043348\" alt=\"BT3.0 450 mAh 2S Akku (2 St\u00fcck)\"><\/p>\n","protected":false},"excerpt":{"rendered":"<p>BT3.0 450 mAh 2S Akku (2 St\u00fcck) &nbsp; Der BETAFPV BT3.0 450mAh 2S-Akku verf\u00fcgt \u00fcber ein hochintegriertes All-in-One-Design, das einen umst\u00e4ndlichen Balancierkopf-Anschluss \u00fcberfl\u00fcssig macht. Diese Plug-and-Play-Funktion sorgt f\u00fcr eine einfache<\/p>\n","protected":false},"featured_media":251621,"comment_status":"open","ping_status":"closed","template":"","meta":{"_joinchat":[]},"pwb-brand":[],"product_cat":[17,19],"product_tag":[],"class_list":{"0":"post-251639","1":"product","2":"type-product","3":"status-publish","4":"has-post-thumbnail","6":"product_cat-baterias-para-drones","7":"product_cat-s2","9":"first","10":"instock","11":"taxable","12":"shipping-taxable","13":"purchasable","14":"product-type-simple"},"barcode":null,"atum_controlled":true,"out_stock_date":null,"out_stock_threshold":null,"inheritable":false,"stock_on_hold":0,"sold_today":0,"sales_last_days":0,"out_stock_days":0,"lost_sales":0,"update_date":"2026-04-18T09:21:43","atum_locations":[],"atum_stock_status":"instock","restock_status":false,"low_stock_amount":"","sales_update_date":"2026-04-18T09:21:43","calc_backorders":null,"yoast_head":"<!-- This site is optimized with the Yoast SEO plugin v27.3 - https:\/\/yoast.com\/product\/yoast-seo-wordpress\/ -->\n<title>BT3.0 450 mAh 2S Akku (2 St\u00fcck) - Iha Race<\/title>\n<meta name=\"robots\" content=\"index, follow, max-snippet:-1, max-image-preview:large, max-video-preview:-1\" \/>\n<link rel=\"canonical\" href=\"https:\/\/iha-race.com\/de\/producto\/bt3-0-450-mah-2s-akku-2-stueck\/\" \/>\n<meta property=\"og:locale\" content=\"de_DE\" \/>\n<meta property=\"og:type\" content=\"article\" \/>\n<meta property=\"og:title\" content=\"BT3.0 450 mAh 2S Akku (2 St\u00fcck) - Iha Race\" \/>\n<meta property=\"og:description\" content=\"BT3.0 450 mAh 2S Akku (2 St\u00fcck) &nbsp; Der BETAFPV BT3.0 450mAh 2S-Akku verf\u00fcgt \u00fcber ein hochintegriertes All-in-One-Design, das einen umst\u00e4ndlichen Balancierkopf-Anschluss \u00fcberfl\u00fcssig macht. Diese Plug-and-Play-Funktion sorgt f\u00fcr eine einfache\" \/>\n<meta property=\"og:url\" content=\"https:\/\/iha-race.com\/de\/producto\/bt3-0-450-mah-2s-akku-2-stueck\/\" \/>\n<meta property=\"og:site_name\" content=\"Iha Race\" \/>\n<meta property=\"article:modified_time\" content=\"2024-10-22T08:27:56+00:00\" \/>\n<meta property=\"og:image\" content=\"https:\/\/iha-race.com\/wp-content\/uploads\/2024\/10\/Bateria-BT3.0-450-mAh-2S-2-piezas.webp\" \/>\n\t<meta property=\"og:image:width\" content=\"540\" \/>\n\t<meta property=\"og:image:height\" content=\"540\" \/>\n\t<meta property=\"og:image:type\" content=\"image\/webp\" \/>\n<meta name=\"twitter:card\" content=\"summary_large_image\" \/>\n<meta name=\"twitter:label1\" content=\"Gesch\u00e4tzte Lesezeit\" \/>\n\t<meta name=\"twitter:data1\" content=\"2\u00a0Minuten\" \/>\n<script type=\"application\/ld+json\" class=\"yoast-schema-graph\">{\"@context\":\"https:\\\/\\\/schema.org\",\"@graph\":[{\"@type\":\"WebPage\",\"@id\":\"https:\\\/\\\/iha-race.com\\\/de\\\/producto\\\/bt3-0-450-mah-2s-akku-2-stueck\\\/\",\"url\":\"https:\\\/\\\/iha-race.com\\\/de\\\/producto\\\/bt3-0-450-mah-2s-akku-2-stueck\\\/\",\"name\":\"BT3.0 450 mAh 2S Akku (2 St\u00fcck) - Iha Race\",\"isPartOf\":{\"@id\":\"https:\\\/\\\/iha-race.com\\\/de\\\/#website\"},\"primaryImageOfPage\":{\"@id\":\"https:\\\/\\\/iha-race.com\\\/de\\\/producto\\\/bt3-0-450-mah-2s-akku-2-stueck\\\/#primaryimage\"},\"image\":{\"@id\":\"https:\\\/\\\/iha-race.com\\\/de\\\/producto\\\/bt3-0-450-mah-2s-akku-2-stueck\\\/#primaryimage\"},\"thumbnailUrl\":\"https:\\\/\\\/iha-race.com\\\/wp-content\\\/uploads\\\/2024\\\/10\\\/Bateria-BT3.0-450-mAh-2S-2-piezas.webp\",\"datePublished\":\"2024-10-17T08:42:36+00:00\",\"dateModified\":\"2024-10-22T08:27:56+00:00\",\"breadcrumb\":{\"@id\":\"https:\\\/\\\/iha-race.com\\\/de\\\/producto\\\/bt3-0-450-mah-2s-akku-2-stueck\\\/#breadcrumb\"},\"inLanguage\":\"de\",\"potentialAction\":[{\"@type\":\"ReadAction\",\"target\":[\"https:\\\/\\\/iha-race.com\\\/de\\\/producto\\\/bt3-0-450-mah-2s-akku-2-stueck\\\/\"]}]},{\"@type\":\"ImageObject\",\"inLanguage\":\"de\",\"@id\":\"https:\\\/\\\/iha-race.com\\\/de\\\/producto\\\/bt3-0-450-mah-2s-akku-2-stueck\\\/#primaryimage\",\"url\":\"https:\\\/\\\/iha-race.com\\\/wp-content\\\/uploads\\\/2024\\\/10\\\/Bateria-BT3.0-450-mAh-2S-2-piezas.webp\",\"contentUrl\":\"https:\\\/\\\/iha-race.com\\\/wp-content\\\/uploads\\\/2024\\\/10\\\/Bateria-BT3.0-450-mAh-2S-2-piezas.webp\",\"width\":540,\"height\":540,\"caption\":\"Comprar Bater\u00eda BT3.0 450 mAh 2S (2 piezas)\"},{\"@type\":\"BreadcrumbList\",\"@id\":\"https:\\\/\\\/iha-race.com\\\/de\\\/producto\\\/bt3-0-450-mah-2s-akku-2-stueck\\\/#breadcrumb\",\"itemListElement\":[{\"@type\":\"ListItem\",\"position\":1,\"name\":\"Portada\",\"item\":\"https:\\\/\\\/iha-race.com\\\/de\\\/elementor-499\\\/\"},{\"@type\":\"ListItem\",\"position\":2,\"name\":\"Shop\",\"item\":\"https:\\\/\\\/iha-race.com\\\/de\\\/shop\\\/\"},{\"@type\":\"ListItem\",\"position\":3,\"name\":\"BT3.0 450 mAh 2S Akku (2 St\u00fcck)\"}]},{\"@type\":\"WebSite\",\"@id\":\"https:\\\/\\\/iha-race.com\\\/de\\\/#website\",\"url\":\"https:\\\/\\\/iha-race.com\\\/de\\\/\",\"name\":\"Iha Race\",\"description\":\"Comprar drones de carreras FPV env\u00edos en un d\u00eda desde Espa\u00f1a\",\"publisher\":{\"@id\":\"https:\\\/\\\/iha-race.com\\\/de\\\/#organization\"},\"potentialAction\":[{\"@type\":\"SearchAction\",\"target\":{\"@type\":\"EntryPoint\",\"urlTemplate\":\"https:\\\/\\\/iha-race.com\\\/de\\\/?s={search_term_string}\"},\"query-input\":{\"@type\":\"PropertyValueSpecification\",\"valueRequired\":true,\"valueName\":\"search_term_string\"}}],\"inLanguage\":\"de\"},{\"@type\":\"Organization\",\"@id\":\"https:\\\/\\\/iha-race.com\\\/de\\\/#organization\",\"name\":\"Iha Race\",\"url\":\"https:\\\/\\\/iha-race.com\\\/de\\\/\",\"logo\":{\"@type\":\"ImageObject\",\"inLanguage\":\"de\",\"@id\":\"https:\\\/\\\/iha-race.com\\\/de\\\/#\\\/schema\\\/logo\\\/image\\\/\",\"url\":\"https:\\\/\\\/iha-race.com\\\/wp-content\\\/uploads\\\/2018\\\/07\\\/iha-race-drones-de-carreras-tienda-comprar-drones.png\",\"contentUrl\":\"https:\\\/\\\/iha-race.com\\\/wp-content\\\/uploads\\\/2018\\\/07\\\/iha-race-drones-de-carreras-tienda-comprar-drones.png\",\"width\":300,\"height\":100,\"caption\":\"Iha Race\"},\"image\":{\"@id\":\"https:\\\/\\\/iha-race.com\\\/de\\\/#\\\/schema\\\/logo\\\/image\\\/\"}}]}<\/script>\n<!-- \/ Yoast SEO plugin. -->","yoast_head_json":{"title":"BT3.0 450 mAh 2S Akku (2 St\u00fcck) - Iha Race","robots":{"index":"index","follow":"follow","max-snippet":"max-snippet:-1","max-image-preview":"max-image-preview:large","max-video-preview":"max-video-preview:-1"},"canonical":"https:\/\/iha-race.com\/de\/producto\/bt3-0-450-mah-2s-akku-2-stueck\/","og_locale":"de_DE","og_type":"article","og_title":"BT3.0 450 mAh 2S Akku (2 St\u00fcck) - Iha Race","og_description":"BT3.0 450 mAh 2S Akku (2 St\u00fcck) &nbsp; Der BETAFPV BT3.0 450mAh 2S-Akku verf\u00fcgt \u00fcber ein hochintegriertes All-in-One-Design, das einen umst\u00e4ndlichen Balancierkopf-Anschluss \u00fcberfl\u00fcssig macht. Diese Plug-and-Play-Funktion sorgt f\u00fcr eine einfache","og_url":"https:\/\/iha-race.com\/de\/producto\/bt3-0-450-mah-2s-akku-2-stueck\/","og_site_name":"Iha Race","article_modified_time":"2024-10-22T08:27:56+00:00","og_image":[{"width":540,"height":540,"url":"https:\/\/iha-race.com\/wp-content\/uploads\/2024\/10\/Bateria-BT3.0-450-mAh-2S-2-piezas.webp","type":"image\/webp"}],"twitter_card":"summary_large_image","twitter_misc":{"Gesch\u00e4tzte Lesezeit":"2\u00a0Minuten"},"schema":{"@context":"https:\/\/schema.org","@graph":[{"@type":"WebPage","@id":"https:\/\/iha-race.com\/de\/producto\/bt3-0-450-mah-2s-akku-2-stueck\/","url":"https:\/\/iha-race.com\/de\/producto\/bt3-0-450-mah-2s-akku-2-stueck\/","name":"BT3.0 450 mAh 2S Akku (2 St\u00fcck) - Iha Race","isPartOf":{"@id":"https:\/\/iha-race.com\/de\/#website"},"primaryImageOfPage":{"@id":"https:\/\/iha-race.com\/de\/producto\/bt3-0-450-mah-2s-akku-2-stueck\/#primaryimage"},"image":{"@id":"https:\/\/iha-race.com\/de\/producto\/bt3-0-450-mah-2s-akku-2-stueck\/#primaryimage"},"thumbnailUrl":"https:\/\/iha-race.com\/wp-content\/uploads\/2024\/10\/Bateria-BT3.0-450-mAh-2S-2-piezas.webp","datePublished":"2024-10-17T08:42:36+00:00","dateModified":"2024-10-22T08:27:56+00:00","breadcrumb":{"@id":"https:\/\/iha-race.com\/de\/producto\/bt3-0-450-mah-2s-akku-2-stueck\/#breadcrumb"},"inLanguage":"de","potentialAction":[{"@type":"ReadAction","target":["https:\/\/iha-race.com\/de\/producto\/bt3-0-450-mah-2s-akku-2-stueck\/"]}]},{"@type":"ImageObject","inLanguage":"de","@id":"https:\/\/iha-race.com\/de\/producto\/bt3-0-450-mah-2s-akku-2-stueck\/#primaryimage","url":"https:\/\/iha-race.com\/wp-content\/uploads\/2024\/10\/Bateria-BT3.0-450-mAh-2S-2-piezas.webp","contentUrl":"https:\/\/iha-race.com\/wp-content\/uploads\/2024\/10\/Bateria-BT3.0-450-mAh-2S-2-piezas.webp","width":540,"height":540,"caption":"Comprar Bater\u00eda BT3.0 450 mAh 2S (2 piezas)"},{"@type":"BreadcrumbList","@id":"https:\/\/iha-race.com\/de\/producto\/bt3-0-450-mah-2s-akku-2-stueck\/#breadcrumb","itemListElement":[{"@type":"ListItem","position":1,"name":"Portada","item":"https:\/\/iha-race.com\/de\/elementor-499\/"},{"@type":"ListItem","position":2,"name":"Shop","item":"https:\/\/iha-race.com\/de\/shop\/"},{"@type":"ListItem","position":3,"name":"BT3.0 450 mAh 2S Akku (2 St\u00fcck)"}]},{"@type":"WebSite","@id":"https:\/\/iha-race.com\/de\/#website","url":"https:\/\/iha-race.com\/de\/","name":"Iha Race","description":"Comprar drones de carreras FPV env\u00edos en un d\u00eda desde Espa\u00f1a","publisher":{"@id":"https:\/\/iha-race.com\/de\/#organization"},"potentialAction":[{"@type":"SearchAction","target":{"@type":"EntryPoint","urlTemplate":"https:\/\/iha-race.com\/de\/?s={search_term_string}"},"query-input":{"@type":"PropertyValueSpecification","valueRequired":true,"valueName":"search_term_string"}}],"inLanguage":"de"},{"@type":"Organization","@id":"https:\/\/iha-race.com\/de\/#organization","name":"Iha Race","url":"https:\/\/iha-race.com\/de\/","logo":{"@type":"ImageObject","inLanguage":"de","@id":"https:\/\/iha-race.com\/de\/#\/schema\/logo\/image\/","url":"https:\/\/iha-race.com\/wp-content\/uploads\/2018\/07\/iha-race-drones-de-carreras-tienda-comprar-drones.png","contentUrl":"https:\/\/iha-race.com\/wp-content\/uploads\/2018\/07\/iha-race-drones-de-carreras-tienda-comprar-drones.png","width":300,"height":100,"caption":"Iha Race"},"image":{"@id":"https:\/\/iha-race.com\/de\/#\/schema\/logo\/image\/"}}]}},"jetpack_sharing_enabled":true,"brands":[],"_links":{"self":[{"href":"https:\/\/iha-race.com\/de\/wp-json\/wp\/v2\/product\/251639","targetHints":{"allow":["GET"]}}],"collection":[{"href":"https:\/\/iha-race.com\/de\/wp-json\/wp\/v2\/product"}],"about":[{"href":"https:\/\/iha-race.com\/de\/wp-json\/wp\/v2\/types\/product"}],"replies":[{"embeddable":true,"href":"https:\/\/iha-race.com\/de\/wp-json\/wp\/v2\/comments?post=251639"}],"version-history":[{"count":1,"href":"https:\/\/iha-race.com\/de\/wp-json\/wp\/v2\/product\/251639\/revisions"}],"predecessor-version":[{"id":251692,"href":"https:\/\/iha-race.com\/de\/wp-json\/wp\/v2\/product\/251639\/revisions\/251692"}],"wp:featuredmedia":[{"embeddable":true,"href":"https:\/\/iha-race.com\/de\/wp-json\/wp\/v2\/media\/251621"}],"wp:attachment":[{"href":"https:\/\/iha-race.com\/de\/wp-json\/wp\/v2\/media?parent=251639"}],"wp:term":[{"taxonomy":"pwb-brand","embeddable":true,"href":"https:\/\/iha-race.com\/de\/wp-json\/wp\/v2\/pwb-brand?post=251639"},{"taxonomy":"product_cat","embeddable":true,"href":"https:\/\/iha-race.com\/de\/wp-json\/wp\/v2\/product_cat?post=251639"},{"taxonomy":"product_tag","embeddable":true,"href":"https:\/\/iha-race.com\/de\/wp-json\/wp\/v2\/product_tag?post=251639"}],"curies":[{"name":"wp","href":"https:\/\/api.w.org\/{rel}","templated":true}]}}