{"id":251453,"date":"2024-10-09T10:25:03","date_gmt":"2024-10-09T08:25:03","guid":{"rendered":"https:\/\/iha-race.com\/producto\/lumenier-axii-hd-stubby-5-8-ghz-antenne-fuer-dji-hd-digitale-fpv-brillen\/"},"modified":"2024-10-09T10:25:03","modified_gmt":"2024-10-09T08:25:03","slug":"lumenier-axii-hd-stubby-5-8-ghz-antenne-fuer-dji-hd-digitale-fpv-brillen","status":"publish","type":"product","link":"https:\/\/iha-race.com\/de\/producto\/lumenier-axii-hd-stubby-5-8-ghz-antenne-fuer-dji-hd-digitale-fpv-brillen\/","title":{"rendered":"Lumenier AXII HD Stubby 5.8 GHz Antenne f\u00fcr DJI HD digitale FPV-Brillen"},"content":{"rendered":"<h2 class=\"mb-3 text-3xl font-medium text-gray-900 title-font\"><span>Lumenier AXII HD Stubby 5.8 GHz Antenne f\u00fcr DJI HD digitale FPV-Brillen<\/span><\/h2>\n<p>&nbsp;<\/p>\n<h2 class=\"text-gray-900 text-2xl title-font font-base w-full pb-3\"><span>\u00dcber dieses Produkt<\/span><\/h2>\n<div class=\"w-full\">\n<div class=\"prose max-w-none\">\n<p><span>Lumenier AXII HD Stubby 5.8 GHz Antenne f\u00fcr DJI Digital HD FPV Goggles. Eine zirkular polarisierte Antenne, die speziell f\u00fcr DJI Digital HD FPV Goggles entwickelt wurde. Entwickelt, um einen verbesserten 5,8 GHz Videoempfang in einem kompakten Format zu bieten.  <\/span><\/p>\n<p><span>Endlich gibt es einen Satz hochwertiger Antennen, die als direkter Ersatz und Upgrade f\u00fcr die Standard-DJI-Antennen f\u00fcr die DJI Digital HD FPV Goggles entwickelt wurden. Die AXII HD-Antennen wurden von Grund auf so entwickelt, dass sie perfekt zu den DJI Goggles passen. Die AXII HD-Antennen sind formschl\u00fcssig, haben ein niedriges Profil, sind farblich angepasst, haben einen RP-SMA-Direktanschluss und bieten eine verbesserte Leistung.  <\/span><\/p>\n<p><img decoding=\"async\" src=\"https:\/\/cdn-v2.getfpv.com\/media\/wysiwyg\/lumenier\/axii-hd-product-detail-banner-main.jpg\" alt=\"AXII HD-Antenne\"><\/p>\n<p><span>Die Lumenier AXII HD Stubby basiert auf der sehr beliebten AXII 2 Stubby Antenne, wurde aber weiter angepasst, um direkt auf die DJI HD Goggles zu passen. Die AXII HD Stubby wird mit einem speziellen RP-SMA-Anschluss geliefert, der direkt und sicher auf die DJI Goggles geschraubt werden kann.  Keine Adapter erforderlich! Dies macht die Konfiguration ultrakompakt und effizient, da kein dB mit zus\u00e4tzlichen Adaptern verschwendet werden muss.<\/span><\/p>\n<h3><strong><span>Ma\u00dfgeschneidertes Design f\u00fcr DJI HD FPV Brillen<\/span><\/strong><\/h3>\n<p><strong><img decoding=\"async\" src=\"https:\/\/cdn-v2.getfpv.com\/media\/wysiwyg\/lumenier\/axii-hd-product-detail-banner-precision-design.jpg\" alt=\"AXII HD-Antenne\"><\/strong><\/p>\n<p><span>Das spritzgegossene Polykarbonat-Geh\u00e4use des Stubby sch\u00fctzt die Antennenelemente im Inneren vollst\u00e4ndig und erm\u00f6glicht eine einfache und sorgenfreie Aufbewahrung. Das Geh\u00e4use wird mit einer Ultraschallschwei\u00dfung versiegelt und ist sto\u00dffest, um es vor versehentlichen St\u00fcrzen zu sch\u00fctzen. <\/span><\/p>\n<h3><\/h3>\n<h3><strong><span>Pr\u00e4zisionstechnik mit hochwertigen Materialien<\/span><\/strong><\/h3>\n<p><strong><img decoding=\"async\" src=\"https:\/\/cdn-v2.getfpv.com\/media\/wysiwyg\/lumenier\/axii-hd-product-detail-banner-molded.jpg\" alt=\"AXII HD-Antenne\"><\/strong><\/p>\n<p><span>Die Lumenier AXII HD ist aus hochwertigen, verlustarmen Materialien gefertigt. Das Material ist der Schl\u00fcssel zu einer guten Qualit\u00e4tsantenne, und noch mehr, wenn es um die Leistung geht. Diese Technologie, gepaart mit pr\u00e4ziser Fertigung, resultiert in einer erstklassigen Empfangsantenne. Sie wurde f\u00fcr die DJI HD FPV Goggles f\u00fcr 5,8 GHz entwickelt und ist in der Lage, Signale aus vielen Kilometern Entfernung zu empfangen. <\/span><\/p>\n<h2><strong><span>Eigenschaften<\/span><\/strong><\/h2>\n<ul type=\"disc\">\n<li><span>Zirkular polarisiert<\/span><\/li>\n<li><span>Entworfen f\u00fcr DJI HD digitale FPV-Brillen, formschl\u00fcssig<\/span><\/li>\n<li><span>Kompaktes und flaches Design f\u00fcr Ihre Brille, einfach zu verstauen und zu tragen.<\/span><\/li>\n<li><span>Hohe Antenneneffizienz f\u00fcr ein verbessertes Signal<\/span><\/li>\n<li><span>360-Grad-Empfangsabdeckung in Stubby<\/span><\/li>\n<\/ul>\n<h2><strong><span>Budget<\/span><\/strong><\/h2>\n<h3><strong><span>AXII HD Kurze Antenne<\/span><\/strong><\/h3>\n<ul type=\"disc\">\n<li><strong><span>Verst\u00e4rkung:<\/span><\/strong><span> 2.2dbic<\/span><\/li>\n<li><strong><br \/>\n  <span>Axiales Verh\u00e4ltnis:<\/span><br \/>\n<\/strong><span> 1,0 (fast perfekt)<\/span><\/li>\n<li><strong><br \/>\n  <span>Bandbreite:<\/span><br \/>\n<\/strong><span> 5,3 GHz-6,2 GHz<\/span><\/li>\n<li><strong><br \/>\n  <span>Strahlungseffizienz:<\/span><br \/>\n<\/strong><span> 98%<\/span><\/li>\n<li><strong><span>Breite des Strahls:<\/span><\/strong><span> 360 Grad (omnidirektional)<\/span><\/li>\n<li><strong><span>EIGENKAPITALRENDITE:<\/span><\/strong><span>  &lt;=1,5:1<\/span><\/li>\n<li><strong><span>Gewicht:<\/span><\/strong><span> 6g<\/span><\/li>\n<li><strong><span>Gr\u00f6\u00dfe:<\/span><\/strong><span> 26 mm x 17,5 mm<\/span><\/li>\n<li><strong><span>Anschluss:<\/span><\/strong><span> RP-SMA (benutzerdefinierte L\u00e4nge)<\/span><\/li>\n<li><span>Sie eignet sich sehr gut als Sende- oder Empfangsantenne.<\/span><\/li>\n<li><span>Kompatibel mit anderen Arten von 5,8-GHz-RHCP-Antennen<\/span><\/li>\n<li><strong><span>Polarisation:<\/span><\/strong><span> (LHCP) Linksh\u00e4ndige zirkul\u00e4re Polarisation.<\/span><\/li>\n<\/ul>\n<h2><strong><span>Enth\u00e4lt<\/span><\/strong><\/h2>\n<ul type=\"disc\">\n<li><span>1x Lumenier AXII HD Kurze Antenne (LHCP)<\/span><\/li>\n<\/ul>\n<p><em><span>Hinweis: Einzeln verkauft. Wir empfehlen Ihnen, 2 oder 4 St\u00fcck zu kaufen, um ein Set f\u00fcr Ihre Brille zusammenzustellen. Sie k\u00f6nnen besuchen    <\/span><a href=\"https:\/\/www.getfpv.com\/lumenier-axii-hd-5-8ghz-antenna-combo-set-for-dji-digital-hd-fpv-goggles.html\"><span>kaufen Sie das komplette Set hier<\/span><\/a><span> wenn Sie etwas Geld sparen und auch die Patch-Antennen erhalten m\u00f6chten.<\/span><\/em><\/p>\n<\/div>\n<\/div>\n","protected":false},"excerpt":{"rendered":"<p>Lumenier AXII HD Stubby 5.8 GHz Antenne f\u00fcr DJI HD digitale FPV-Brillen &nbsp; \u00dcber dieses Produkt Lumenier AXII HD Stubby 5.8 GHz Antenne f\u00fcr DJI Digital HD FPV Goggles. Eine<\/p>\n","protected":false},"featured_media":251423,"comment_status":"open","ping_status":"closed","template":"","meta":{"_joinchat":[]},"pwb-brand":[],"product_cat":[1198,2459],"product_tag":[],"class_list":{"0":"post-251453","1":"product","2":"type-product","3":"status-publish","4":"has-post-thumbnail","6":"product_cat-antenas-fpv","7":"product_cat-acessorios-pt-pt","9":"first","10":"instock","11":"taxable","12":"shipping-taxable","13":"purchasable","14":"product-type-simple"},"barcode":null,"atum_controlled":true,"out_stock_date":null,"out_stock_threshold":null,"inheritable":false,"stock_on_hold":0,"sold_today":0,"sales_last_days":0,"out_stock_days":0,"lost_sales":0,"update_date":"2026-04-18T09:21:43","atum_locations":[],"atum_stock_status":"instock","restock_status":false,"low_stock_amount":"","sales_update_date":"2026-04-18T09:21:43","calc_backorders":null,"yoast_head":"<!-- This site is optimized with the Yoast SEO plugin v27.3 - https:\/\/yoast.com\/product\/yoast-seo-wordpress\/ -->\n<title>Lumenier AXII HD Stubby 5.8 GHz Antenne f\u00fcr DJI HD digitale FPV-Brillen - Iha Race<\/title>\n<meta name=\"robots\" content=\"index, follow, max-snippet:-1, max-image-preview:large, max-video-preview:-1\" \/>\n<link rel=\"canonical\" href=\"https:\/\/iha-race.com\/de\/producto\/lumenier-axii-hd-stubby-5-8-ghz-antenne-fuer-dji-hd-digitale-fpv-brillen\/\" \/>\n<meta property=\"og:locale\" content=\"de_DE\" \/>\n<meta property=\"og:type\" content=\"article\" \/>\n<meta property=\"og:title\" content=\"Lumenier AXII HD Stubby 5.8 GHz Antenne f\u00fcr DJI HD digitale FPV-Brillen - Iha Race\" \/>\n<meta property=\"og:description\" content=\"Lumenier AXII HD Stubby 5.8 GHz Antenne f\u00fcr DJI HD digitale FPV-Brillen &nbsp; \u00dcber dieses Produkt Lumenier AXII HD Stubby 5.8 GHz Antenne f\u00fcr DJI Digital HD FPV Goggles. Eine\" \/>\n<meta property=\"og:url\" content=\"https:\/\/iha-race.com\/de\/producto\/lumenier-axii-hd-stubby-5-8-ghz-antenne-fuer-dji-hd-digitale-fpv-brillen\/\" \/>\n<meta property=\"og:site_name\" content=\"Iha Race\" \/>\n<meta property=\"og:image\" content=\"https:\/\/iha-race.com\/wp-content\/uploads\/2024\/10\/Antena-Lumenier-AXII-HD-Stubby-de-58-GHz-para-gafas-FPV-digitales-HD-de-DJI.webp\" \/>\n\t<meta property=\"og:image:width\" content=\"1000\" \/>\n\t<meta property=\"og:image:height\" content=\"1000\" \/>\n\t<meta property=\"og:image:type\" content=\"image\/webp\" \/>\n<meta name=\"twitter:card\" content=\"summary_large_image\" \/>\n<meta name=\"twitter:label1\" content=\"Gesch\u00e4tzte Lesezeit\" \/>\n\t<meta name=\"twitter:data1\" content=\"2\u00a0Minuten\" \/>\n<script type=\"application\/ld+json\" class=\"yoast-schema-graph\">{\"@context\":\"https:\\\/\\\/schema.org\",\"@graph\":[{\"@type\":\"WebPage\",\"@id\":\"https:\\\/\\\/iha-race.com\\\/de\\\/producto\\\/lumenier-axii-hd-stubby-5-8-ghz-antenne-fuer-dji-hd-digitale-fpv-brillen\\\/\",\"url\":\"https:\\\/\\\/iha-race.com\\\/de\\\/producto\\\/lumenier-axii-hd-stubby-5-8-ghz-antenne-fuer-dji-hd-digitale-fpv-brillen\\\/\",\"name\":\"Lumenier AXII HD Stubby 5.8 GHz Antenne f\u00fcr DJI HD digitale FPV-Brillen - Iha Race\",\"isPartOf\":{\"@id\":\"https:\\\/\\\/iha-race.com\\\/de\\\/#website\"},\"primaryImageOfPage\":{\"@id\":\"https:\\\/\\\/iha-race.com\\\/de\\\/producto\\\/lumenier-axii-hd-stubby-5-8-ghz-antenne-fuer-dji-hd-digitale-fpv-brillen\\\/#primaryimage\"},\"image\":{\"@id\":\"https:\\\/\\\/iha-race.com\\\/de\\\/producto\\\/lumenier-axii-hd-stubby-5-8-ghz-antenne-fuer-dji-hd-digitale-fpv-brillen\\\/#primaryimage\"},\"thumbnailUrl\":\"https:\\\/\\\/iha-race.com\\\/wp-content\\\/uploads\\\/2024\\\/10\\\/Antena-Lumenier-AXII-HD-Stubby-de-58-GHz-para-gafas-FPV-digitales-HD-de-DJI.webp\",\"datePublished\":\"2024-10-09T08:25:03+00:00\",\"breadcrumb\":{\"@id\":\"https:\\\/\\\/iha-race.com\\\/de\\\/producto\\\/lumenier-axii-hd-stubby-5-8-ghz-antenne-fuer-dji-hd-digitale-fpv-brillen\\\/#breadcrumb\"},\"inLanguage\":\"de\",\"potentialAction\":[{\"@type\":\"ReadAction\",\"target\":[\"https:\\\/\\\/iha-race.com\\\/de\\\/producto\\\/lumenier-axii-hd-stubby-5-8-ghz-antenne-fuer-dji-hd-digitale-fpv-brillen\\\/\"]}]},{\"@type\":\"ImageObject\",\"inLanguage\":\"de\",\"@id\":\"https:\\\/\\\/iha-race.com\\\/de\\\/producto\\\/lumenier-axii-hd-stubby-5-8-ghz-antenne-fuer-dji-hd-digitale-fpv-brillen\\\/#primaryimage\",\"url\":\"https:\\\/\\\/iha-race.com\\\/wp-content\\\/uploads\\\/2024\\\/10\\\/Antena-Lumenier-AXII-HD-Stubby-de-58-GHz-para-gafas-FPV-digitales-HD-de-DJI.webp\",\"contentUrl\":\"https:\\\/\\\/iha-race.com\\\/wp-content\\\/uploads\\\/2024\\\/10\\\/Antena-Lumenier-AXII-HD-Stubby-de-58-GHz-para-gafas-FPV-digitales-HD-de-DJI.webp\",\"width\":1000,\"height\":1000,\"caption\":\"Comprar Antena Lumenier AXII HD Stubby de 5,8 GHz para gafas FPV digitales HD de DJI\"},{\"@type\":\"BreadcrumbList\",\"@id\":\"https:\\\/\\\/iha-race.com\\\/de\\\/producto\\\/lumenier-axii-hd-stubby-5-8-ghz-antenne-fuer-dji-hd-digitale-fpv-brillen\\\/#breadcrumb\",\"itemListElement\":[{\"@type\":\"ListItem\",\"position\":1,\"name\":\"Portada\",\"item\":\"https:\\\/\\\/iha-race.com\\\/de\\\/elementor-499\\\/\"},{\"@type\":\"ListItem\",\"position\":2,\"name\":\"Shop\",\"item\":\"https:\\\/\\\/iha-race.com\\\/de\\\/shop\\\/\"},{\"@type\":\"ListItem\",\"position\":3,\"name\":\"Lumenier AXII HD Stubby 5.8 GHz Antenne f\u00fcr DJI HD digitale FPV-Brillen\"}]},{\"@type\":\"WebSite\",\"@id\":\"https:\\\/\\\/iha-race.com\\\/de\\\/#website\",\"url\":\"https:\\\/\\\/iha-race.com\\\/de\\\/\",\"name\":\"Iha Race\",\"description\":\"Comprar drones de carreras FPV env\u00edos en un d\u00eda desde Espa\u00f1a\",\"publisher\":{\"@id\":\"https:\\\/\\\/iha-race.com\\\/de\\\/#organization\"},\"potentialAction\":[{\"@type\":\"SearchAction\",\"target\":{\"@type\":\"EntryPoint\",\"urlTemplate\":\"https:\\\/\\\/iha-race.com\\\/de\\\/?s={search_term_string}\"},\"query-input\":{\"@type\":\"PropertyValueSpecification\",\"valueRequired\":true,\"valueName\":\"search_term_string\"}}],\"inLanguage\":\"de\"},{\"@type\":\"Organization\",\"@id\":\"https:\\\/\\\/iha-race.com\\\/de\\\/#organization\",\"name\":\"Iha Race\",\"url\":\"https:\\\/\\\/iha-race.com\\\/de\\\/\",\"logo\":{\"@type\":\"ImageObject\",\"inLanguage\":\"de\",\"@id\":\"https:\\\/\\\/iha-race.com\\\/de\\\/#\\\/schema\\\/logo\\\/image\\\/\",\"url\":\"https:\\\/\\\/iha-race.com\\\/wp-content\\\/uploads\\\/2018\\\/07\\\/iha-race-drones-de-carreras-tienda-comprar-drones.png\",\"contentUrl\":\"https:\\\/\\\/iha-race.com\\\/wp-content\\\/uploads\\\/2018\\\/07\\\/iha-race-drones-de-carreras-tienda-comprar-drones.png\",\"width\":300,\"height\":100,\"caption\":\"Iha Race\"},\"image\":{\"@id\":\"https:\\\/\\\/iha-race.com\\\/de\\\/#\\\/schema\\\/logo\\\/image\\\/\"}}]}<\/script>\n<!-- \/ Yoast SEO plugin. -->","yoast_head_json":{"title":"Lumenier AXII HD Stubby 5.8 GHz Antenne f\u00fcr DJI HD digitale FPV-Brillen - Iha Race","robots":{"index":"index","follow":"follow","max-snippet":"max-snippet:-1","max-image-preview":"max-image-preview:large","max-video-preview":"max-video-preview:-1"},"canonical":"https:\/\/iha-race.com\/de\/producto\/lumenier-axii-hd-stubby-5-8-ghz-antenne-fuer-dji-hd-digitale-fpv-brillen\/","og_locale":"de_DE","og_type":"article","og_title":"Lumenier AXII HD Stubby 5.8 GHz Antenne f\u00fcr DJI HD digitale FPV-Brillen - Iha Race","og_description":"Lumenier AXII HD Stubby 5.8 GHz Antenne f\u00fcr DJI HD digitale FPV-Brillen &nbsp; \u00dcber dieses Produkt Lumenier AXII HD Stubby 5.8 GHz Antenne f\u00fcr DJI Digital HD FPV Goggles. Eine","og_url":"https:\/\/iha-race.com\/de\/producto\/lumenier-axii-hd-stubby-5-8-ghz-antenne-fuer-dji-hd-digitale-fpv-brillen\/","og_site_name":"Iha Race","og_image":[{"width":1000,"height":1000,"url":"https:\/\/iha-race.com\/wp-content\/uploads\/2024\/10\/Antena-Lumenier-AXII-HD-Stubby-de-58-GHz-para-gafas-FPV-digitales-HD-de-DJI.webp","type":"image\/webp"}],"twitter_card":"summary_large_image","twitter_misc":{"Gesch\u00e4tzte Lesezeit":"2\u00a0Minuten"},"schema":{"@context":"https:\/\/schema.org","@graph":[{"@type":"WebPage","@id":"https:\/\/iha-race.com\/de\/producto\/lumenier-axii-hd-stubby-5-8-ghz-antenne-fuer-dji-hd-digitale-fpv-brillen\/","url":"https:\/\/iha-race.com\/de\/producto\/lumenier-axii-hd-stubby-5-8-ghz-antenne-fuer-dji-hd-digitale-fpv-brillen\/","name":"Lumenier AXII HD Stubby 5.8 GHz Antenne f\u00fcr DJI HD digitale FPV-Brillen - Iha Race","isPartOf":{"@id":"https:\/\/iha-race.com\/de\/#website"},"primaryImageOfPage":{"@id":"https:\/\/iha-race.com\/de\/producto\/lumenier-axii-hd-stubby-5-8-ghz-antenne-fuer-dji-hd-digitale-fpv-brillen\/#primaryimage"},"image":{"@id":"https:\/\/iha-race.com\/de\/producto\/lumenier-axii-hd-stubby-5-8-ghz-antenne-fuer-dji-hd-digitale-fpv-brillen\/#primaryimage"},"thumbnailUrl":"https:\/\/iha-race.com\/wp-content\/uploads\/2024\/10\/Antena-Lumenier-AXII-HD-Stubby-de-58-GHz-para-gafas-FPV-digitales-HD-de-DJI.webp","datePublished":"2024-10-09T08:25:03+00:00","breadcrumb":{"@id":"https:\/\/iha-race.com\/de\/producto\/lumenier-axii-hd-stubby-5-8-ghz-antenne-fuer-dji-hd-digitale-fpv-brillen\/#breadcrumb"},"inLanguage":"de","potentialAction":[{"@type":"ReadAction","target":["https:\/\/iha-race.com\/de\/producto\/lumenier-axii-hd-stubby-5-8-ghz-antenne-fuer-dji-hd-digitale-fpv-brillen\/"]}]},{"@type":"ImageObject","inLanguage":"de","@id":"https:\/\/iha-race.com\/de\/producto\/lumenier-axii-hd-stubby-5-8-ghz-antenne-fuer-dji-hd-digitale-fpv-brillen\/#primaryimage","url":"https:\/\/iha-race.com\/wp-content\/uploads\/2024\/10\/Antena-Lumenier-AXII-HD-Stubby-de-58-GHz-para-gafas-FPV-digitales-HD-de-DJI.webp","contentUrl":"https:\/\/iha-race.com\/wp-content\/uploads\/2024\/10\/Antena-Lumenier-AXII-HD-Stubby-de-58-GHz-para-gafas-FPV-digitales-HD-de-DJI.webp","width":1000,"height":1000,"caption":"Comprar Antena Lumenier AXII HD Stubby de 5,8 GHz para gafas FPV digitales HD de DJI"},{"@type":"BreadcrumbList","@id":"https:\/\/iha-race.com\/de\/producto\/lumenier-axii-hd-stubby-5-8-ghz-antenne-fuer-dji-hd-digitale-fpv-brillen\/#breadcrumb","itemListElement":[{"@type":"ListItem","position":1,"name":"Portada","item":"https:\/\/iha-race.com\/de\/elementor-499\/"},{"@type":"ListItem","position":2,"name":"Shop","item":"https:\/\/iha-race.com\/de\/shop\/"},{"@type":"ListItem","position":3,"name":"Lumenier AXII HD Stubby 5.8 GHz Antenne f\u00fcr DJI HD digitale FPV-Brillen"}]},{"@type":"WebSite","@id":"https:\/\/iha-race.com\/de\/#website","url":"https:\/\/iha-race.com\/de\/","name":"Iha Race","description":"Comprar drones de carreras FPV env\u00edos en un d\u00eda desde Espa\u00f1a","publisher":{"@id":"https:\/\/iha-race.com\/de\/#organization"},"potentialAction":[{"@type":"SearchAction","target":{"@type":"EntryPoint","urlTemplate":"https:\/\/iha-race.com\/de\/?s={search_term_string}"},"query-input":{"@type":"PropertyValueSpecification","valueRequired":true,"valueName":"search_term_string"}}],"inLanguage":"de"},{"@type":"Organization","@id":"https:\/\/iha-race.com\/de\/#organization","name":"Iha Race","url":"https:\/\/iha-race.com\/de\/","logo":{"@type":"ImageObject","inLanguage":"de","@id":"https:\/\/iha-race.com\/de\/#\/schema\/logo\/image\/","url":"https:\/\/iha-race.com\/wp-content\/uploads\/2018\/07\/iha-race-drones-de-carreras-tienda-comprar-drones.png","contentUrl":"https:\/\/iha-race.com\/wp-content\/uploads\/2018\/07\/iha-race-drones-de-carreras-tienda-comprar-drones.png","width":300,"height":100,"caption":"Iha Race"},"image":{"@id":"https:\/\/iha-race.com\/de\/#\/schema\/logo\/image\/"}}]}},"jetpack_sharing_enabled":true,"brands":[],"_links":{"self":[{"href":"https:\/\/iha-race.com\/de\/wp-json\/wp\/v2\/product\/251453","targetHints":{"allow":["GET"]}}],"collection":[{"href":"https:\/\/iha-race.com\/de\/wp-json\/wp\/v2\/product"}],"about":[{"href":"https:\/\/iha-race.com\/de\/wp-json\/wp\/v2\/types\/product"}],"replies":[{"embeddable":true,"href":"https:\/\/iha-race.com\/de\/wp-json\/wp\/v2\/comments?post=251453"}],"version-history":[{"count":0,"href":"https:\/\/iha-race.com\/de\/wp-json\/wp\/v2\/product\/251453\/revisions"}],"wp:featuredmedia":[{"embeddable":true,"href":"https:\/\/iha-race.com\/de\/wp-json\/wp\/v2\/media\/251423"}],"wp:attachment":[{"href":"https:\/\/iha-race.com\/de\/wp-json\/wp\/v2\/media?parent=251453"}],"wp:term":[{"taxonomy":"pwb-brand","embeddable":true,"href":"https:\/\/iha-race.com\/de\/wp-json\/wp\/v2\/pwb-brand?post=251453"},{"taxonomy":"product_cat","embeddable":true,"href":"https:\/\/iha-race.com\/de\/wp-json\/wp\/v2\/product_cat?post=251453"},{"taxonomy":"product_tag","embeddable":true,"href":"https:\/\/iha-race.com\/de\/wp-json\/wp\/v2\/product_tag?post=251453"}],"curies":[{"name":"wp","href":"https:\/\/api.w.org\/{rel}","templated":true}]}}