{"id":251096,"date":"2024-09-14T11:14:46","date_gmt":"2024-09-14T09:14:46","guid":{"rendered":"https:\/\/iha-race.com\/producto\/betafpv-buerstenlose-motoren-2006-2400kv\/"},"modified":"2024-10-17T10:55:45","modified_gmt":"2024-10-17T08:55:45","slug":"betafpv-buerstenlose-motoren-2006-2400kv","status":"publish","type":"product","link":"https:\/\/iha-race.com\/de\/producto\/betafpv-buerstenlose-motoren-2006-2400kv\/","title":{"rendered":"BetaFPV b\u00fcrstenlose Motoren 2006 2400Kv"},"content":{"rendered":"<h2><span data-sheets-root=\"1\">BetaFPV b\u00fcrstenlose Motoren 2006 2400Kv<\/span><\/h2>\n<p>&nbsp;<\/p>\n<p><span>Die b\u00fcrstenlosen Motoren der LAVA Serie 2006 wurden f\u00fcr 3,5&#8220; 6S-Quads entwickelt und zeichnen sich durch hohe Wendigkeit und Beschleunigung aus.<br \/>\nKombiniert mit <\/span><span>GemFan D90S 3-Blatt-Propeller (1,5 mm Welle)<\/span><span>und der<\/span><span>F722 35A All-in-One V2 FC<\/span><span>k\u00f6nnte dem Piloten eine flexible Steuerung bieten.<br \/>\nDer 3,5&#8220; 6S-Quadcopter erf\u00fcllt m\u00fchelos die Anforderungen anspruchsvoller Drohnenwettbewerbe und professioneller Filmproduktionen und bietet Ihnen ein hervorragendes Flugerlebnis und eine hochwertige Bildausgabe.   <\/span><\/p>\n<p><img decoding=\"async\" src=\"https:\/\/cdn.shopify.com\/s\/files\/1\/1778\/6615\/files\/0b815a38d832f29c6d98d257a6dec95c_f20c9515-bdfe-4d9b-91f3-24327e5d8eca_1024x1024.jpg?v=1700809055\" alt=\"B\u00fcrstenlose Motoren LAVA 2006 Serie\"><\/p>\n<h2 class=\"p1\"><span>Aufz\u00e4hlungspunkt<\/span><\/h2>\n<ul>\n<li><span>Speziell f\u00fcr 3,5&#8220; 6S-Quads entwickelt, bietet dieser Motor gro\u00dfe Wendigkeit und Beschleunigung und verf\u00fcgt \u00fcber einen leistungsstarken 2400 KV-Motor.<br \/>\nDie Fahrer genie\u00dfen eine flexible Steuerung und erhalten mehr Platz f\u00fcr zus\u00e4tzliche Ladekapazit\u00e4t. <\/span><\/li>\n<li><span>Diese drehmomentstarken Motoren sind mit GemFan D90S 3-Blatt-Propellern (1,5 mm Welle) ausgestattet, um Propellerschwingungen zu minimieren und ultraschnelle Reaktionen zu erm\u00f6glichen, was zu mehr Schub und Leistung f\u00fchrt.<\/span><\/li>\n<li><span>Perfekt kombiniert mit dem F722 35A AIO V2 Flugcontroller, bietet dieser Motor dem Piloten eine leistungsstarke Flugaufzeichnung mit einem 6S-Akku.<\/span><\/li>\n<\/ul>\n<h2 class=\"p1\"><span>Spezifikation<\/span><\/h2>\n<ul>\n<li><span>Artikel: B\u00fcrstenlose Motoren LAVA 2006 Serie<\/span><\/li>\n<li><span>Motorleistung: 2400 KV<\/span><\/li>\n<li><span>Maximale Leistung: 563,82 W<\/span><\/li>\n<li><span>Maximaler Strom: 23,49 A<\/span><\/li>\n<li><span>Farbe: Grau gemischt mit Orange<\/span><\/li>\n<li><span>Gewicht: 22.2 g<\/span><\/li>\n<li><span>Durchmesser des Schafts: \u00f81,5 mm<\/span><\/li>\n<li><span>L\u00e4nge des Schafts: 3,5 mm<\/span><\/li>\n<li><span>Kabelspezifikation: 22 AWG<\/span><\/li>\n<li><span>Kabell\u00e4nge: 100 mm<\/span><\/li>\n<li><span>Gr\u00f6\u00dfe der Motoreinbau\u00f6ffnung: 4*M2 \u00d812 mm  <\/span><\/li>\n<li><span>Gr\u00f6\u00dfe der Befestigungsl\u00f6cher f\u00fcr den Propeller: 2 <\/span>*M2 \u00d85 mm<\/li>\n<\/ul>\n<div style=\"text-align: start;\"><\/div>\n<div style=\"text-align: start;\"><img decoding=\"async\" src=\"https:\/\/cdn.shopify.com\/s\/files\/1\/1778\/6615\/files\/f7d7c897f798fc44c391847188c3ac79_59d64618-d5ef-480b-b012-869a119764e4_480x480.jpg?v=1700795450\" alt=\"B\u00fcrstenlose Motoren LAVA 2006 Serie\"><\/div>\n<div style=\"text-align: start;\"><img decoding=\"async\" src=\"https:\/\/cdn.shopify.com\/s\/files\/1\/1778\/6615\/files\/9948510e3dcfc96b7b03038a28ab2954_0fc028aa-4248-4145-87a4-50ad40fa61d3_600x600.jpg?v=1700795389\" alt=\"B\u00fcrstenlose Motoren LAVA 2006 Serie\"><\/div>\n<h2 class=\"p1\"><span>Empfohlene Teile<\/span><\/h2>\n<ul>\n<li><span>Torwart: <\/span><span>F722 35A All-in-One V2 FC <\/span> <\/li>\n<li><span>Zubeh\u00f6r:<\/span><span>GemFan D90S 3-Blatt-Propeller (1,5 mm Welle)<\/span><\/li>\n<li><span>Akku:<\/span><span>LAVA 6S Serie 1100 mAh Lithium-Polymer-Akku.<\/span><span>6S Akku 1050 mAh ~ 1400 mAh<\/span><\/li>\n<li><span>Quadcopter:<\/span><span>T\u00fcrkei35<\/span><\/li>\n<\/ul>\n<h2 class=\"p1\"><span>Paket<\/span><\/h2>\n<ul>\n<li><span>1 * B\u00fcrstenlose Motoren LAVA Serie 2006<\/span><\/li>\n<li><span>4 * M2*5 Zylinderkopfschraube mit Innensechskant  <\/span><\/li>\n<li><span>4 * M2*7 Zylinderkopfschraube mit Innensechskant  <\/span><\/li>\n<\/ul>\n<div><img decoding=\"async\" src=\"https:\/\/cdn.shopify.com\/s\/files\/1\/1778\/6615\/files\/3f89305fb1dabad87b9b93324e3c25cd_2345a417-ab74-4dcd-928b-92d4e0140e58_480x480.jpg?v=1700795044\" alt=\"B\u00fcrstenlose Motoren LAVA 2006 Serie\"><\/div>\n","protected":false},"excerpt":{"rendered":"<p>BetaFPV b\u00fcrstenlose Motoren 2006 2400Kv &nbsp; Die b\u00fcrstenlosen Motoren der LAVA Serie 2006 wurden f\u00fcr 3,5&#8220; 6S-Quads entwickelt und zeichnen sich durch hohe Wendigkeit und Beschleunigung aus. Kombiniert mit GemFan<\/p>\n","protected":false},"featured_media":251084,"comment_status":"open","ping_status":"closed","template":"","meta":{"_joinchat":[]},"pwb-brand":[],"product_cat":[2787,2617],"product_tag":[],"class_list":{"0":"post-251096","1":"product","2":"type-product","3":"status-publish","4":"has-post-thumbnail","6":"product_cat-burstenlos-wellenlos","7":"product_cat-fpv-motoren","9":"first","10":"instock","11":"taxable","12":"shipping-taxable","13":"purchasable","14":"product-type-simple"},"barcode":null,"atum_controlled":true,"out_stock_date":null,"out_stock_threshold":null,"inheritable":false,"stock_on_hold":0,"sold_today":0,"sales_last_days":0,"out_stock_days":0,"lost_sales":0,"update_date":"2026-04-27T19:43:52","atum_locations":[],"atum_stock_status":"instock","restock_status":false,"low_stock_amount":"","sales_update_date":"2026-04-27T19:43:52","calc_backorders":null,"yoast_head":"<!-- This site is optimized with the Yoast SEO plugin v27.3 - https:\/\/yoast.com\/product\/yoast-seo-wordpress\/ -->\n<title>BetaFPV b\u00fcrstenlose Motoren 2006 2400Kv - Iha Race<\/title>\n<meta name=\"robots\" content=\"index, follow, max-snippet:-1, max-image-preview:large, max-video-preview:-1\" \/>\n<link rel=\"canonical\" href=\"https:\/\/iha-race.com\/de\/producto\/betafpv-buerstenlose-motoren-2006-2400kv\/\" \/>\n<meta property=\"og:locale\" content=\"de_DE\" \/>\n<meta property=\"og:type\" content=\"article\" \/>\n<meta property=\"og:title\" content=\"BetaFPV b\u00fcrstenlose Motoren 2006 2400Kv - Iha Race\" \/>\n<meta property=\"og:description\" content=\"BetaFPV b\u00fcrstenlose Motoren 2006 2400Kv &nbsp; Die b\u00fcrstenlosen Motoren der LAVA Serie 2006 wurden f\u00fcr 3,5&#8220; 6S-Quads entwickelt und zeichnen sich durch hohe Wendigkeit und Beschleunigung aus. Kombiniert mit GemFan\" \/>\n<meta property=\"og:url\" content=\"https:\/\/iha-race.com\/de\/producto\/betafpv-buerstenlose-motoren-2006-2400kv\/\" \/>\n<meta property=\"og:site_name\" content=\"Iha Race\" \/>\n<meta property=\"article:modified_time\" content=\"2024-10-17T08:55:45+00:00\" \/>\n<meta property=\"og:image\" content=\"https:\/\/iha-race.com\/wp-content\/uploads\/2024\/09\/BetaFPV-motores-sin-escobillas-2006-2400Kv-2.webp\" \/>\n\t<meta property=\"og:image:width\" content=\"808\" \/>\n\t<meta property=\"og:image:height\" content=\"808\" \/>\n\t<meta property=\"og:image:type\" content=\"image\/webp\" \/>\n<meta name=\"twitter:card\" content=\"summary_large_image\" \/>\n<meta name=\"twitter:label1\" content=\"Gesch\u00e4tzte Lesezeit\" \/>\n\t<meta name=\"twitter:data1\" content=\"1\u00a0Minute\" \/>\n<script type=\"application\/ld+json\" class=\"yoast-schema-graph\">{\"@context\":\"https:\\\/\\\/schema.org\",\"@graph\":[{\"@type\":\"WebPage\",\"@id\":\"https:\\\/\\\/iha-race.com\\\/de\\\/producto\\\/betafpv-buerstenlose-motoren-2006-2400kv\\\/\",\"url\":\"https:\\\/\\\/iha-race.com\\\/de\\\/producto\\\/betafpv-buerstenlose-motoren-2006-2400kv\\\/\",\"name\":\"BetaFPV b\u00fcrstenlose Motoren 2006 2400Kv - Iha Race\",\"isPartOf\":{\"@id\":\"https:\\\/\\\/iha-race.com\\\/de\\\/#website\"},\"primaryImageOfPage\":{\"@id\":\"https:\\\/\\\/iha-race.com\\\/de\\\/producto\\\/betafpv-buerstenlose-motoren-2006-2400kv\\\/#primaryimage\"},\"image\":{\"@id\":\"https:\\\/\\\/iha-race.com\\\/de\\\/producto\\\/betafpv-buerstenlose-motoren-2006-2400kv\\\/#primaryimage\"},\"thumbnailUrl\":\"https:\\\/\\\/iha-race.com\\\/wp-content\\\/uploads\\\/2024\\\/09\\\/BetaFPV-motores-sin-escobillas-2006-2400Kv-2.webp\",\"datePublished\":\"2024-09-14T09:14:46+00:00\",\"dateModified\":\"2024-10-17T08:55:45+00:00\",\"breadcrumb\":{\"@id\":\"https:\\\/\\\/iha-race.com\\\/de\\\/producto\\\/betafpv-buerstenlose-motoren-2006-2400kv\\\/#breadcrumb\"},\"inLanguage\":\"de\",\"potentialAction\":[{\"@type\":\"ReadAction\",\"target\":[\"https:\\\/\\\/iha-race.com\\\/de\\\/producto\\\/betafpv-buerstenlose-motoren-2006-2400kv\\\/\"]}]},{\"@type\":\"ImageObject\",\"inLanguage\":\"de\",\"@id\":\"https:\\\/\\\/iha-race.com\\\/de\\\/producto\\\/betafpv-buerstenlose-motoren-2006-2400kv\\\/#primaryimage\",\"url\":\"https:\\\/\\\/iha-race.com\\\/wp-content\\\/uploads\\\/2024\\\/09\\\/BetaFPV-motores-sin-escobillas-2006-2400Kv-2.webp\",\"contentUrl\":\"https:\\\/\\\/iha-race.com\\\/wp-content\\\/uploads\\\/2024\\\/09\\\/BetaFPV-motores-sin-escobillas-2006-2400Kv-2.webp\",\"width\":808,\"height\":808,\"caption\":\"Comprar BetaFPV motores sin escobillas 2006 2400Kv\"},{\"@type\":\"BreadcrumbList\",\"@id\":\"https:\\\/\\\/iha-race.com\\\/de\\\/producto\\\/betafpv-buerstenlose-motoren-2006-2400kv\\\/#breadcrumb\",\"itemListElement\":[{\"@type\":\"ListItem\",\"position\":1,\"name\":\"Portada\",\"item\":\"https:\\\/\\\/iha-race.com\\\/de\\\/elementor-499\\\/\"},{\"@type\":\"ListItem\",\"position\":2,\"name\":\"Shop\",\"item\":\"https:\\\/\\\/iha-race.com\\\/de\\\/shop\\\/\"},{\"@type\":\"ListItem\",\"position\":3,\"name\":\"BetaFPV b\u00fcrstenlose Motoren 2006 2400Kv\"}]},{\"@type\":\"WebSite\",\"@id\":\"https:\\\/\\\/iha-race.com\\\/de\\\/#website\",\"url\":\"https:\\\/\\\/iha-race.com\\\/de\\\/\",\"name\":\"Iha Race\",\"description\":\"Comprar drones de carreras FPV env\u00edos en un d\u00eda desde Espa\u00f1a\",\"publisher\":{\"@id\":\"https:\\\/\\\/iha-race.com\\\/de\\\/#organization\"},\"potentialAction\":[{\"@type\":\"SearchAction\",\"target\":{\"@type\":\"EntryPoint\",\"urlTemplate\":\"https:\\\/\\\/iha-race.com\\\/de\\\/?s={search_term_string}\"},\"query-input\":{\"@type\":\"PropertyValueSpecification\",\"valueRequired\":true,\"valueName\":\"search_term_string\"}}],\"inLanguage\":\"de\"},{\"@type\":\"Organization\",\"@id\":\"https:\\\/\\\/iha-race.com\\\/de\\\/#organization\",\"name\":\"Iha Race\",\"url\":\"https:\\\/\\\/iha-race.com\\\/de\\\/\",\"logo\":{\"@type\":\"ImageObject\",\"inLanguage\":\"de\",\"@id\":\"https:\\\/\\\/iha-race.com\\\/de\\\/#\\\/schema\\\/logo\\\/image\\\/\",\"url\":\"https:\\\/\\\/iha-race.com\\\/wp-content\\\/uploads\\\/2018\\\/07\\\/iha-race-drones-de-carreras-tienda-comprar-drones.png\",\"contentUrl\":\"https:\\\/\\\/iha-race.com\\\/wp-content\\\/uploads\\\/2018\\\/07\\\/iha-race-drones-de-carreras-tienda-comprar-drones.png\",\"width\":300,\"height\":100,\"caption\":\"Iha Race\"},\"image\":{\"@id\":\"https:\\\/\\\/iha-race.com\\\/de\\\/#\\\/schema\\\/logo\\\/image\\\/\"}}]}<\/script>\n<!-- \/ Yoast SEO plugin. -->","yoast_head_json":{"title":"BetaFPV b\u00fcrstenlose Motoren 2006 2400Kv - Iha Race","robots":{"index":"index","follow":"follow","max-snippet":"max-snippet:-1","max-image-preview":"max-image-preview:large","max-video-preview":"max-video-preview:-1"},"canonical":"https:\/\/iha-race.com\/de\/producto\/betafpv-buerstenlose-motoren-2006-2400kv\/","og_locale":"de_DE","og_type":"article","og_title":"BetaFPV b\u00fcrstenlose Motoren 2006 2400Kv - Iha Race","og_description":"BetaFPV b\u00fcrstenlose Motoren 2006 2400Kv &nbsp; Die b\u00fcrstenlosen Motoren der LAVA Serie 2006 wurden f\u00fcr 3,5&#8220; 6S-Quads entwickelt und zeichnen sich durch hohe Wendigkeit und Beschleunigung aus. Kombiniert mit GemFan","og_url":"https:\/\/iha-race.com\/de\/producto\/betafpv-buerstenlose-motoren-2006-2400kv\/","og_site_name":"Iha Race","article_modified_time":"2024-10-17T08:55:45+00:00","og_image":[{"width":808,"height":808,"url":"https:\/\/iha-race.com\/wp-content\/uploads\/2024\/09\/BetaFPV-motores-sin-escobillas-2006-2400Kv-2.webp","type":"image\/webp"}],"twitter_card":"summary_large_image","twitter_misc":{"Gesch\u00e4tzte Lesezeit":"1\u00a0Minute"},"schema":{"@context":"https:\/\/schema.org","@graph":[{"@type":"WebPage","@id":"https:\/\/iha-race.com\/de\/producto\/betafpv-buerstenlose-motoren-2006-2400kv\/","url":"https:\/\/iha-race.com\/de\/producto\/betafpv-buerstenlose-motoren-2006-2400kv\/","name":"BetaFPV b\u00fcrstenlose Motoren 2006 2400Kv - Iha Race","isPartOf":{"@id":"https:\/\/iha-race.com\/de\/#website"},"primaryImageOfPage":{"@id":"https:\/\/iha-race.com\/de\/producto\/betafpv-buerstenlose-motoren-2006-2400kv\/#primaryimage"},"image":{"@id":"https:\/\/iha-race.com\/de\/producto\/betafpv-buerstenlose-motoren-2006-2400kv\/#primaryimage"},"thumbnailUrl":"https:\/\/iha-race.com\/wp-content\/uploads\/2024\/09\/BetaFPV-motores-sin-escobillas-2006-2400Kv-2.webp","datePublished":"2024-09-14T09:14:46+00:00","dateModified":"2024-10-17T08:55:45+00:00","breadcrumb":{"@id":"https:\/\/iha-race.com\/de\/producto\/betafpv-buerstenlose-motoren-2006-2400kv\/#breadcrumb"},"inLanguage":"de","potentialAction":[{"@type":"ReadAction","target":["https:\/\/iha-race.com\/de\/producto\/betafpv-buerstenlose-motoren-2006-2400kv\/"]}]},{"@type":"ImageObject","inLanguage":"de","@id":"https:\/\/iha-race.com\/de\/producto\/betafpv-buerstenlose-motoren-2006-2400kv\/#primaryimage","url":"https:\/\/iha-race.com\/wp-content\/uploads\/2024\/09\/BetaFPV-motores-sin-escobillas-2006-2400Kv-2.webp","contentUrl":"https:\/\/iha-race.com\/wp-content\/uploads\/2024\/09\/BetaFPV-motores-sin-escobillas-2006-2400Kv-2.webp","width":808,"height":808,"caption":"Comprar BetaFPV motores sin escobillas 2006 2400Kv"},{"@type":"BreadcrumbList","@id":"https:\/\/iha-race.com\/de\/producto\/betafpv-buerstenlose-motoren-2006-2400kv\/#breadcrumb","itemListElement":[{"@type":"ListItem","position":1,"name":"Portada","item":"https:\/\/iha-race.com\/de\/elementor-499\/"},{"@type":"ListItem","position":2,"name":"Shop","item":"https:\/\/iha-race.com\/de\/shop\/"},{"@type":"ListItem","position":3,"name":"BetaFPV b\u00fcrstenlose Motoren 2006 2400Kv"}]},{"@type":"WebSite","@id":"https:\/\/iha-race.com\/de\/#website","url":"https:\/\/iha-race.com\/de\/","name":"Iha Race","description":"Comprar drones de carreras FPV env\u00edos en un d\u00eda desde Espa\u00f1a","publisher":{"@id":"https:\/\/iha-race.com\/de\/#organization"},"potentialAction":[{"@type":"SearchAction","target":{"@type":"EntryPoint","urlTemplate":"https:\/\/iha-race.com\/de\/?s={search_term_string}"},"query-input":{"@type":"PropertyValueSpecification","valueRequired":true,"valueName":"search_term_string"}}],"inLanguage":"de"},{"@type":"Organization","@id":"https:\/\/iha-race.com\/de\/#organization","name":"Iha Race","url":"https:\/\/iha-race.com\/de\/","logo":{"@type":"ImageObject","inLanguage":"de","@id":"https:\/\/iha-race.com\/de\/#\/schema\/logo\/image\/","url":"https:\/\/iha-race.com\/wp-content\/uploads\/2018\/07\/iha-race-drones-de-carreras-tienda-comprar-drones.png","contentUrl":"https:\/\/iha-race.com\/wp-content\/uploads\/2018\/07\/iha-race-drones-de-carreras-tienda-comprar-drones.png","width":300,"height":100,"caption":"Iha Race"},"image":{"@id":"https:\/\/iha-race.com\/de\/#\/schema\/logo\/image\/"}}]}},"jetpack_sharing_enabled":true,"brands":[],"_links":{"self":[{"href":"https:\/\/iha-race.com\/de\/wp-json\/wp\/v2\/product\/251096","targetHints":{"allow":["GET"]}}],"collection":[{"href":"https:\/\/iha-race.com\/de\/wp-json\/wp\/v2\/product"}],"about":[{"href":"https:\/\/iha-race.com\/de\/wp-json\/wp\/v2\/types\/product"}],"replies":[{"embeddable":true,"href":"https:\/\/iha-race.com\/de\/wp-json\/wp\/v2\/comments?post=251096"}],"version-history":[{"count":0,"href":"https:\/\/iha-race.com\/de\/wp-json\/wp\/v2\/product\/251096\/revisions"}],"wp:featuredmedia":[{"embeddable":true,"href":"https:\/\/iha-race.com\/de\/wp-json\/wp\/v2\/media\/251084"}],"wp:attachment":[{"href":"https:\/\/iha-race.com\/de\/wp-json\/wp\/v2\/media?parent=251096"}],"wp:term":[{"taxonomy":"pwb-brand","embeddable":true,"href":"https:\/\/iha-race.com\/de\/wp-json\/wp\/v2\/pwb-brand?post=251096"},{"taxonomy":"product_cat","embeddable":true,"href":"https:\/\/iha-race.com\/de\/wp-json\/wp\/v2\/product_cat?post=251096"},{"taxonomy":"product_tag","embeddable":true,"href":"https:\/\/iha-race.com\/de\/wp-json\/wp\/v2\/product_tag?post=251096"}],"curies":[{"name":"wp","href":"https:\/\/api.w.org\/{rel}","templated":true}]}}