{"id":250747,"date":"2024-08-31T11:08:15","date_gmt":"2024-08-31T09:08:15","guid":{"rendered":"https:\/\/iha-race.com\/producto\/betafpv-brushless-quadcopter-air65-racing\/"},"modified":"2024-09-26T16:38:37","modified_gmt":"2024-09-26T14:38:37","slug":"betafpv-brushless-quadcopter-air65-racing","status":"publish","type":"product","link":"https:\/\/iha-race.com\/de\/producto\/betafpv-brushless-quadcopter-air65-racing\/","title":{"rendered":"BetaFPV Brushless Quadcopter Air65 &#8220;Racing&#8221;."},"content":{"rendered":"<h2>BetaFPV Brushless Quadcopter (Air65 &#8220;Racing)<\/h2>\n<p>&nbsp;  \u00dcberwinden Sie die Schwerkraft und begeben Sie sich mit Air65 auf eine unvergessliche Reise!<br \/>\nMachen Sie sich bereit f\u00fcr ein explosiv verbessertes und noch beeindruckenderes Modell als die Meteor-Serie.<br \/>\nEs wiegt nur 17 g weniger, bietet aber Leistung auf h\u00f6chstem Niveau.<br \/>\nAusgestattet mit Air Canopy, Air65 Brushless Whoop Frame, Air Brushless Flight Controller (4 in 1) und der neuen optionalen Lava 1S 260\/300 mAh Battery Enhanced Ultralight Funktion.<br \/>\nWir bringen 2 Versionen des Antriebssystems auf den Markt: Racing und Freestyle.<br \/>\nGanz gleich, ob Sie eine hohe Geschwindigkeit und Agilit\u00e4t oder einen sanften und fl\u00fcssigen Flug w\u00fcnschen, Air65 erf\u00fcllt die W\u00fcnsche aller Piloten.<br \/>\nRegieren Sie als Ultraleicht-K\u00f6nig und Jet-Gigant!        <\/p>\n<div style=\"text-align: start;\"><img decoding=\"async\" style=\"margin-bottom: 16px; float: none;\" src=\"https:\/\/cdn.shopify.com\/s\/files\/1\/1778\/6615\/files\/74b96dbb2d19db9758ba306fc55ad040_88cddb43-9317-49ce-b523-d09f3122d112_1024x1024.jpg?v=1719543503\" alt=\"Air65 b\u00fcrstenloser Quadcopter\"><\/div>\n<div style=\"text-align: start;\"><span style=\"color: #808080;\"><em>Hinweis: BETAFPV ist diesem Testteam, darunter &#8221;Don Johnson, Tokyo_Dom, BLACK KNIGHT, where, Travis,Coitti FPV,Dog t,Knight antonio,Isaac,Alberto,under 250g,Tyrant tfpv, Wk Breeze&#8221; f\u00fcr ihre wertvollen Einblicke in das Design dieses Air65 ungemein dankbar.<\/em><\/span><\/div>\n<h2>Aufz\u00e4hlungspunkt<\/h2>\n<ul>\n<li>\n<div>Erleben Sie mit unserem 65mm Whoop Indoor 1S Whoop eine neue Ebene des leichten Renn- und Freestyle-Fliegens.<br \/>\nMit einem Gewicht von nur 17,1 g bietet er ein aufregendes und wendiges Flugerlebnis. <\/div>\n<\/li>\n<li>\n<div><a href=\"https:\/\/betafpv.com\/products\/air-brushless-flight-controller\">Airborne Brushless Flight Controller (4-in-1<\/a>), der erste FC 1S, der den G473-Prozessor verwendet, der \u00fcber eine \u00fcberragende Rechenleistung verf\u00fcgt und mit einem ICM42688P-Gyro ausgestattet ist. Diese All-in-One-L\u00f6sung integriert nahtlos FC, ESC, OSD und integrierten 5.8G 25mw~400mw VTX und bietet sogar einen optionalen ELRS-Empf\u00e4nger und wiegt nur 2,9g.<\/div>\n<\/li>\n<li>Die Antriebssysteme der Racing\/Freestyle-Version wurden speziell f\u00fcr den leichten 65-mm-Motor entwickelt und sorgen f\u00fcr ein aufregendes Flugerlebnis, das auf die Bed\u00fcrfnisse des jeweiligen Piloten zugeschnitten ist.<\/li>\n<li>Entdecken Sie den Air65, gepaart mit dem faltbaren Akku der LAVA Serie Z, f\u00fcr das ultimative Leichtflug-Erlebnis.<br \/>\nErheben Sie sich in die L\u00fcfte mit unvergleichlicher Agilit\u00e4t und Schwerelosigkeit. <\/li>\n<li>Bringen Sie Ihren einzigartigen Stil mit einer Vielzahl von Teileoptionen zum Ausdruck.<br \/>\nVon 65-mm-Rahmen bis hin zu Kabinend\u00e4chern und Propellern, die Piloten eine gro\u00dfe Auswahl an faszinierenden Farben bieten.<br \/>\nKombinieren Sie sie mit BETAFPV Wasserschiebebildern, um Ihren Whoop-Drohnen einen m\u00fchelosen, pers\u00f6nlichen Touch zu verleihen.  <\/li>\n<\/ul>\n<h2>Spezifikation<\/h2>\n<ul>\n<li>Artikel: Air65 Brushless Whoop Quadcopter<\/li>\n<li>Gewicht: 17.1 g<\/li>\n<li>Radstand: 65 mm<\/li>\n<li>Rahmen:Aire65<\/li>\n<li>Pavillon:Luftvordach<\/li>\n<li>FC und ESC:Air Brushless Flugregler (4-in-1 Version)<\/li>\n<li>VTX: Integrierter 5.8 G 25 mw bis 400 mw VTX<\/li>\n<li>Kameramodell: Kamera C03<\/li>\n<li>Motor: 0702SE|27000KV(Racing Version),0702SE|23000KV(Freestyle Version)<\/li>\n<li>Zubeh\u00f6r: GF1219S3B(Racing Version),Ultralight HQ 31 mm(Freestyle Version)<\/li>\n<li>Batterieanschluss:BT2.0 U Flexkabel<\/li>\n<li>Empfohlener Akku:Lava 1S <a href=\"https:\/\/betafpv.com\/collections\/batt-1s\"> 260\/300<\/a>mAh<\/li>\n<li>Flugzeit (4,35 V-3,3 V): 4 min (LAVA 260 mAh)<\/li>\n<li>RX-Version: externes ELRS 2.4G Lite (im Lieferumfang des Quad enthalten)<\/li>\n<\/ul>\n<div class=\"table-wrapper\" style=\"text-align: start;\">\n<p>&nbsp;<\/p>\n<p><img decoding=\"async\" style=\"float: none;\" src=\"https:\/\/cdn.shopify.com\/s\/files\/1\/1778\/6615\/files\/1_793cbc4e-344b-4212-a64d-df3c46a26406_1024x1024.jpg?v=1719543530\" alt=\"Air65 b\u00fcrstenloser Quadcopter\"><\/p>\n<\/div>\n<h2>Flugregler und ESC<\/h2>\n<p>  Der erste FC 1S, der den G473-Prozessor verwendet, Airborne Brushless Flight Controller (4-in-1)Ausgewogene Leistung und geringes Gewicht, nur 2,9 g.<br \/>\nDas branchenf\u00fchrende ICM42688P-Gyroskop bietet im Vergleich zum F411 eine \u00fcberlegene Rechenleistung und ultraschnelle Reaktionszeiten f\u00fcr pr\u00e4zise Flugleistungen.<br \/>\nMit mehreren UART-Port-Optionen unterst\u00fctzt es verschiedene Funktionserweiterungen.<br \/>\nDiese All-in-One-L\u00f6sung integriert nahtlos FC, ESC, OSD und VTX und bietet sogar einen optionalen ELRS-Empf\u00e4nger.<br \/>\nDer mikrokleine OSD-Chip ist kundenspezifisch.<br \/>\nTauchen Sie m\u00fchelos in die Renn- und Freestyle-Welt der Fingertip-Steuerung ein, wo Sie die un\u00fcbertroffene Pr\u00e4zision und Reaktionsf\u00e4higkeit des Air65 erwartet.       <\/p>\n<div style=\"text-align: start;\"><img decoding=\"async\" style=\"margin-bottom: 16px; float: none;\" src=\"https:\/\/cdn.shopify.com\/s\/files\/1\/1778\/6615\/files\/4in1_a6ec1569-2727-4056-aabb-ee41eb880138_1024x1024.jpg?v=1719543559\" alt=\"Air65 b\u00fcrstenloser Quadcopter\"><\/div>\n<h2>Verbesserte Kabinenhaube<\/h2>\n<p>  Erleben Sie hochwertige, klare und sch\u00e4rfere Bilder mit der leichten Micro C03 FPV Kamera, die nur 1,45 g wiegt.<br \/>\nNeu gestaltete KabinenhaubeMehr Flexibilit\u00e4t, Sto\u00dffestigkeit und Haltbarkeit.<br \/>\nEin verbesserter Biegeeffekt erh\u00f6ht die Flexibilit\u00e4t, verringert die Bruchgefahr und verbessert die Sto\u00dffestigkeit f\u00fcr eine einfachere Installation erheblich.<br \/>\nPasst sich m\u00fchelos an eine Vielzahl von analogen Micro- und Nano-Kameras an.<br \/>\nUnterst\u00fctzt eine Winkelverstellung von 25\u00b0 bis 50\u00b0.<br \/>\nDamit kann der Air65 ohne Bedenken bis an die Grenzen des Freestyle und des Rennsiegs gehen.       <\/p>\n<div style=\"text-align: start;\"><img decoding=\"async\" style=\"margin-bottom: 16px; float: none;\" src=\"https:\/\/cdn.shopify.com\/s\/files\/1\/1778\/6615\/files\/6aea06196175391d80a25a4046b42177_43288d89-0750-40b1-997d-2d1c9ed49c7d_1024x1024.jpg?v=1719543585\" alt=\"Air65 b\u00fcrstenloser Quadcopter\"><\/div>\n<h2>Antriebssystem<\/h2>\n<p>  Ob in der Freestyle- oder der Racing-Version, der Air65 ist wendig genug, um die Rennstrecken m\u00fchelos zu erobern, und erf\u00fcllt die unterschiedlichsten Bed\u00fcrfnisse der Piloten.<br \/>\nDie Racing-Version konzentriert sich auf Hochgeschwindigkeitsfl\u00fcge und hohe Agilit\u00e4t und verwendet die 0702SE|27000KV-Motoren und GF 1219S 3B-Propeller f\u00fcr unglaubliche Geschwindigkeitssch\u00fcbe und agile Steuerung.<br \/>\nF\u00fcr ein sanftes und elegantes Freiflugerlebnis ist die Freestyle-Version mit den 0702SE|23000KV-Motoren und hochwertigen, ultraleichten 31-mm-3B-Propellern ausgestattet, die zeitnahe Reaktionen und pr\u00e4zise Steuerbewegungen erm\u00f6glichen.<br \/>\nDiese erfolgreiche Kombination treibt den Air65 weit \u00fcber die Grenzen seiner Geschwindigkeit und Man\u00f6vrierf\u00e4higkeit hinaus.     <\/p>\n<div style=\"text-align: start;\"><img decoding=\"async\" style=\"margin-bottom: 16px; float: none;\" src=\"https:\/\/cdn.shopify.com\/s\/files\/1\/1778\/6615\/files\/7a1c87b47989db0ed336da6fb3b4637d_fdfe2abb-de18-4ea0-a819-ef9fc41e5d3b_1024x1024.jpg?v=1719543603\" alt=\"Air65 b\u00fcrstenloser Quadcopter\"><\/div>\n<p>  Der ultraleichteLava 1S 260\/300 mAh Akku ist eine kompakte Premium-Version des Air65.<br \/>\nMit einem konzentrierteren Schwerpunkt bietet er ein sch\u00e4rferes Ansprechverhalten, h\u00f6here Beschleunigung und verbesserte Man\u00f6vrierf\u00e4higkeit.<br \/>\nMit dem innovativen Z-Folding-Verfahren \u00fcbertrifft dieser LiHV-Akku herk\u00f6mmliche Kapazit\u00e4ts- und Entladeschwellenwerte.<br \/>\nUnd er ist mit dem BT2.0 U-Flex-Kabel ausgestattet &#8211; keine gefalteten Kabel mehr &#8211; f\u00fcr einen einfacheren Anschluss und eine l\u00e4ngere Lebensdauer.<br \/>\nGeringeres Gewicht durch reduzierte Kabell\u00e4ngen.<br \/>\nHolen Sie sich die beste leichte Option f\u00fcr Drohnenrennen oder Freestyle.       <\/p>\n<div style=\"text-align: start;\"><img decoding=\"async\" style=\"margin-bottom: 16px; float: none;\" src=\"https:\/\/cdn.shopify.com\/s\/files\/1\/1778\/6615\/files\/7ecc40279fd871bac0e0d11e210a632b_471b894a-5c5c-44dc-bbcc-11e5723b24d6_1024x1024.jpg?v=1719543685\" alt=\"Air65 b\u00fcrstenloser Quadcopter\"><\/div>\n<h2>Marco Air65<\/h2>\n<p>  Um das Flugerlebnis zu verbessern, haben Heimwerker flei\u00dfig daran gearbeitet, das Gewicht der 65mm Whoop Drohnen zu reduzieren, insbesondere die Rahmen f\u00fcr eine ultraleichte Struktur.Meteor65 Mikrorahmen zu Air65 Rahmen, der ein sp\u00fcrbar geringeres Gewicht von 3,64g auf 2,67g erreicht.<br \/>\nDie au\u00dfergew\u00f6hnliche Festigkeit und Haltbarkeit wird beibehalten, w\u00e4hrend ein neuer fester Motorschlitz eingef\u00fchrt und das flache Design optimiert wird.<br \/>\nMit 6 Farboptionen ist sie unbestreitbar die beste Bunion-Option f\u00fcr Piloten, die eine ultraleichte Sub18g 65mm 1S Whoop Drohne und eine unvergleichliche Pers\u00f6nlichkeit suchen.    <\/p>\n<div style=\"text-align: start;\"><img decoding=\"async\" style=\"margin-bottom: 16px; float: none;\" src=\"https:\/\/cdn.shopify.com\/s\/files\/1\/1778\/6615\/files\/d2e1b9aec379546f426ce88c187b9234_4ba5ebbc-958f-43a3-a456-ad3b28d1218f_1024x1024.jpg?v=1719543712\" alt=\"Air65 b\u00fcrstenloser Quadcopter\"><\/div>\n<h2>Empfohlene Teile<\/h2>\n<ul>\n<li>Radiosender: LiteRadio 3 Pro, Radio Lite 3, LiteRadio 2 SE<\/li>\n<li>Schutzbrille: FPV-Brille VR03, FPV-Brille VR02<\/li>\n<li>Torwart:Air b\u00fcrstenloser Flugregler (4 in 1)<\/li>\n<li>Empf\u00e4nger:ELRS Lite-Empf\u00e4nger,ELRS nano-Empf\u00e4nger<\/li>\n<li>Akku:LAVA 1S 260mAh 80C Akku, LAVA 1S 300mAh 75C Akku<\/li>\n<li>Zubeh\u00f6r:Hochwertige 31 mm 3B Ultraleichtpropeller,GF 1219S 3B Propeller<\/li>\n<li>Bunter Rahmen: Air65 brushless Whoop Rahmen<\/li>\n<li>Bunter Baldachin:Air Baldachin<\/li>\n<li>Schrauben: Meteor Serie Motorbefestigungsschrauben (40 St\u00fcck)<\/li>\n<li>Aufkleber: Wasserrutschen-Aufkleber BETAFPV<\/li>\n<\/ul>\n<h2>H\u00e4ufig gestellte Fragen<\/h2>\n<ul>\n<li><a href=\"https:\/\/support.betafpv.com\/hc\/en-us\/articles\/32980449219865-CLI-and-Firmware-for-Air65-Racing\">Laden Sie die CLI und die Firmware f\u00fcr Air65 herunter (Rennversion)<\/a><\/li>\n<li>\n<div><a href=\"https:\/\/support.betafpv.com\/hc\/en-us\/articles\/32979928476953-CLI-and-Firmware-for-Air65-Freestyle\">CLI und Firmware f\u00fcr Air65 (Freestyle-Version) herunterladen<\/a><\/div>\n<\/li>\n<\/ul>\n<h2>Paket<\/h2>\n<ul>\n<li>1 * Air65 Brushless Whoop Quadcopter<\/li>\n<li>1 * Lufthaube<\/li>\n<li>4 * GF 1219S 3B Propeller (Rennversion) \/ 31 mm 3B HQ Ultraleichtpropeller (Freestyle-Version)<\/li>\n<li>1 * Schraubenpaket<\/li>\n<li>1 * 4-poliges Adapterkabel<\/li>\n<li>1 * USB Typ-C Adapterkarte<\/li>\n<\/ul>\n<div style=\"text-align: left;\"><img decoding=\"async\" style=\"margin-bottom: 16px; float: none;\" src=\"https:\/\/cdn.shopify.com\/s\/files\/1\/1778\/6615\/files\/3f89305fb1dabad87b9b93324e3c25cd_5f2d6001-8664-4372-ab1f-6674c43dd524_600x600.jpg?v=1719543747\" alt=\"Air65 b\u00fcrstenloser Quadcopter\"><\/div>\n","protected":false},"excerpt":{"rendered":"<p>BetaFPV Brushless Quadcopter (Air65 &#8220;Racing) &nbsp; \u00dcberwinden Sie die Schwerkraft und begeben Sie sich mit Air65 auf eine unvergessliche Reise! Machen Sie sich bereit f\u00fcr ein explosiv verbessertes und noch<\/p>\n","protected":false},"featured_media":258112,"comment_status":"open","ping_status":"closed","template":"","meta":{"_joinchat":[]},"pwb-brand":[],"product_cat":[951,27],"product_tag":[],"class_list":{"0":"post-250747","1":"product","2":"type-product","3":"status-publish","4":"has-post-thumbnail","6":"product_cat-drones-de-iniciacion-e-interior","7":"product_cat-drones-fpv","9":"first","10":"instock","11":"sale","12":"taxable","13":"shipping-taxable","14":"purchasable","15":"product-type-variable"},"barcode":null,"atum_controlled":true,"out_stock_date":"2026-02-03 09:46:15","out_stock_threshold":null,"inheritable":true,"stock_on_hold":1,"sold_today":1,"sales_last_days":2,"out_stock_days":74,"lost_sales":0,"update_date":"2026-04-19T09:20:46","atum_locations":[],"atum_stock_status":"instock","restock_status":false,"low_stock_amount":"","sales_update_date":"2026-04-18T09:21:43","calc_backorders":null,"yoast_head":"<!-- This site is optimized with the Yoast SEO plugin v27.3 - https:\/\/yoast.com\/product\/yoast-seo-wordpress\/ -->\n<title>BetaFPV Brushless Quadcopter Air65 &quot;Racing&quot;. - Iha Race<\/title>\n<meta name=\"robots\" content=\"index, follow, max-snippet:-1, max-image-preview:large, max-video-preview:-1\" \/>\n<link rel=\"canonical\" href=\"https:\/\/iha-race.com\/de\/producto\/betafpv-brushless-quadcopter-air65-racing\/\" \/>\n<meta property=\"og:locale\" content=\"de_DE\" \/>\n<meta property=\"og:type\" content=\"article\" \/>\n<meta property=\"og:title\" content=\"BetaFPV Brushless Quadcopter Air65 &quot;Racing&quot;. - Iha Race\" \/>\n<meta property=\"og:description\" content=\"BetaFPV Brushless Quadcopter (Air65 &#8220;Racing) &nbsp; \u00dcberwinden Sie die Schwerkraft und begeben Sie sich mit Air65 auf eine unvergessliche Reise! Machen Sie sich bereit f\u00fcr ein explosiv verbessertes und noch\" \/>\n<meta property=\"og:url\" content=\"https:\/\/iha-race.com\/de\/producto\/betafpv-brushless-quadcopter-air65-racing\/\" \/>\n<meta property=\"og:site_name\" content=\"Iha Race\" \/>\n<meta property=\"article:modified_time\" content=\"2024-09-26T14:38:37+00:00\" \/>\n<meta property=\"og:image\" content=\"https:\/\/iha-race.com\/wp-content\/uploads\/2024\/08\/BetaFPV-Cuadricoptero-sin-escobillas-Air65.webp\" \/>\n\t<meta property=\"og:image:width\" content=\"540\" \/>\n\t<meta property=\"og:image:height\" content=\"540\" \/>\n\t<meta property=\"og:image:type\" content=\"image\/webp\" \/>\n<meta name=\"twitter:card\" content=\"summary_large_image\" \/>\n<meta name=\"twitter:label1\" content=\"Gesch\u00e4tzte Lesezeit\" \/>\n\t<meta name=\"twitter:data1\" content=\"5\u00a0Minuten\" \/>\n<script type=\"application\/ld+json\" class=\"yoast-schema-graph\">{\"@context\":\"https:\\\/\\\/schema.org\",\"@graph\":[{\"@type\":\"WebPage\",\"@id\":\"https:\\\/\\\/iha-race.com\\\/de\\\/producto\\\/betafpv-brushless-quadcopter-air65-racing\\\/\",\"url\":\"https:\\\/\\\/iha-race.com\\\/de\\\/producto\\\/betafpv-brushless-quadcopter-air65-racing\\\/\",\"name\":\"BetaFPV Brushless Quadcopter Air65 \\\"Racing\\\". - Iha Race\",\"isPartOf\":{\"@id\":\"https:\\\/\\\/iha-race.com\\\/de\\\/#website\"},\"primaryImageOfPage\":{\"@id\":\"https:\\\/\\\/iha-race.com\\\/de\\\/producto\\\/betafpv-brushless-quadcopter-air65-racing\\\/#primaryimage\"},\"image\":{\"@id\":\"https:\\\/\\\/iha-race.com\\\/de\\\/producto\\\/betafpv-brushless-quadcopter-air65-racing\\\/#primaryimage\"},\"thumbnailUrl\":\"https:\\\/\\\/iha-race.com\\\/wp-content\\\/uploads\\\/2024\\\/08\\\/Cuadricoptero-Whoop-sin-escobillas-Air65-II4.webp\",\"datePublished\":\"2024-08-31T09:08:15+00:00\",\"dateModified\":\"2024-09-26T14:38:37+00:00\",\"breadcrumb\":{\"@id\":\"https:\\\/\\\/iha-race.com\\\/de\\\/producto\\\/betafpv-brushless-quadcopter-air65-racing\\\/#breadcrumb\"},\"inLanguage\":\"de\",\"potentialAction\":[{\"@type\":\"ReadAction\",\"target\":[\"https:\\\/\\\/iha-race.com\\\/de\\\/producto\\\/betafpv-brushless-quadcopter-air65-racing\\\/\"]}]},{\"@type\":\"ImageObject\",\"inLanguage\":\"de\",\"@id\":\"https:\\\/\\\/iha-race.com\\\/de\\\/producto\\\/betafpv-brushless-quadcopter-air65-racing\\\/#primaryimage\",\"url\":\"https:\\\/\\\/iha-race.com\\\/wp-content\\\/uploads\\\/2024\\\/08\\\/Cuadricoptero-Whoop-sin-escobillas-Air65-II4.webp\",\"contentUrl\":\"https:\\\/\\\/iha-race.com\\\/wp-content\\\/uploads\\\/2024\\\/08\\\/Cuadricoptero-Whoop-sin-escobillas-Air65-II4.webp\",\"width\":720,\"height\":720,\"caption\":\"Comprar Cuadric\u00f3ptero Whoop sin escobillas Air65 II\"},{\"@type\":\"BreadcrumbList\",\"@id\":\"https:\\\/\\\/iha-race.com\\\/de\\\/producto\\\/betafpv-brushless-quadcopter-air65-racing\\\/#breadcrumb\",\"itemListElement\":[{\"@type\":\"ListItem\",\"position\":1,\"name\":\"Portada\",\"item\":\"https:\\\/\\\/iha-race.com\\\/de\\\/elementor-499\\\/\"},{\"@type\":\"ListItem\",\"position\":2,\"name\":\"Shop\",\"item\":\"https:\\\/\\\/iha-race.com\\\/de\\\/shop\\\/\"},{\"@type\":\"ListItem\",\"position\":3,\"name\":\"BetaFPV Brushless Quadcopter Air65 &#8220;Racing&#8221;.\"}]},{\"@type\":\"WebSite\",\"@id\":\"https:\\\/\\\/iha-race.com\\\/de\\\/#website\",\"url\":\"https:\\\/\\\/iha-race.com\\\/de\\\/\",\"name\":\"Iha Race\",\"description\":\"Comprar drones de carreras FPV env\u00edos en un d\u00eda desde Espa\u00f1a\",\"publisher\":{\"@id\":\"https:\\\/\\\/iha-race.com\\\/de\\\/#organization\"},\"potentialAction\":[{\"@type\":\"SearchAction\",\"target\":{\"@type\":\"EntryPoint\",\"urlTemplate\":\"https:\\\/\\\/iha-race.com\\\/de\\\/?s={search_term_string}\"},\"query-input\":{\"@type\":\"PropertyValueSpecification\",\"valueRequired\":true,\"valueName\":\"search_term_string\"}}],\"inLanguage\":\"de\"},{\"@type\":\"Organization\",\"@id\":\"https:\\\/\\\/iha-race.com\\\/de\\\/#organization\",\"name\":\"Iha Race\",\"url\":\"https:\\\/\\\/iha-race.com\\\/de\\\/\",\"logo\":{\"@type\":\"ImageObject\",\"inLanguage\":\"de\",\"@id\":\"https:\\\/\\\/iha-race.com\\\/de\\\/#\\\/schema\\\/logo\\\/image\\\/\",\"url\":\"https:\\\/\\\/iha-race.com\\\/wp-content\\\/uploads\\\/2018\\\/07\\\/iha-race-drones-de-carreras-tienda-comprar-drones.png\",\"contentUrl\":\"https:\\\/\\\/iha-race.com\\\/wp-content\\\/uploads\\\/2018\\\/07\\\/iha-race-drones-de-carreras-tienda-comprar-drones.png\",\"width\":300,\"height\":100,\"caption\":\"Iha Race\"},\"image\":{\"@id\":\"https:\\\/\\\/iha-race.com\\\/de\\\/#\\\/schema\\\/logo\\\/image\\\/\"}}]}<\/script>\n<!-- \/ Yoast SEO plugin. -->","yoast_head_json":{"title":"BetaFPV Brushless Quadcopter Air65 \"Racing\". - Iha Race","robots":{"index":"index","follow":"follow","max-snippet":"max-snippet:-1","max-image-preview":"max-image-preview:large","max-video-preview":"max-video-preview:-1"},"canonical":"https:\/\/iha-race.com\/de\/producto\/betafpv-brushless-quadcopter-air65-racing\/","og_locale":"de_DE","og_type":"article","og_title":"BetaFPV Brushless Quadcopter Air65 \"Racing\". - Iha Race","og_description":"BetaFPV Brushless Quadcopter (Air65 &#8220;Racing) &nbsp; \u00dcberwinden Sie die Schwerkraft und begeben Sie sich mit Air65 auf eine unvergessliche Reise! Machen Sie sich bereit f\u00fcr ein explosiv verbessertes und noch","og_url":"https:\/\/iha-race.com\/de\/producto\/betafpv-brushless-quadcopter-air65-racing\/","og_site_name":"Iha Race","article_modified_time":"2024-09-26T14:38:37+00:00","og_image":[{"width":540,"height":540,"url":"https:\/\/iha-race.com\/wp-content\/uploads\/2024\/08\/BetaFPV-Cuadricoptero-sin-escobillas-Air65.webp","type":"image\/webp"}],"twitter_card":"summary_large_image","twitter_misc":{"Gesch\u00e4tzte Lesezeit":"5\u00a0Minuten"},"schema":{"@context":"https:\/\/schema.org","@graph":[{"@type":"WebPage","@id":"https:\/\/iha-race.com\/de\/producto\/betafpv-brushless-quadcopter-air65-racing\/","url":"https:\/\/iha-race.com\/de\/producto\/betafpv-brushless-quadcopter-air65-racing\/","name":"BetaFPV Brushless Quadcopter Air65 \"Racing\". - Iha Race","isPartOf":{"@id":"https:\/\/iha-race.com\/de\/#website"},"primaryImageOfPage":{"@id":"https:\/\/iha-race.com\/de\/producto\/betafpv-brushless-quadcopter-air65-racing\/#primaryimage"},"image":{"@id":"https:\/\/iha-race.com\/de\/producto\/betafpv-brushless-quadcopter-air65-racing\/#primaryimage"},"thumbnailUrl":"https:\/\/iha-race.com\/wp-content\/uploads\/2024\/08\/Cuadricoptero-Whoop-sin-escobillas-Air65-II4.webp","datePublished":"2024-08-31T09:08:15+00:00","dateModified":"2024-09-26T14:38:37+00:00","breadcrumb":{"@id":"https:\/\/iha-race.com\/de\/producto\/betafpv-brushless-quadcopter-air65-racing\/#breadcrumb"},"inLanguage":"de","potentialAction":[{"@type":"ReadAction","target":["https:\/\/iha-race.com\/de\/producto\/betafpv-brushless-quadcopter-air65-racing\/"]}]},{"@type":"ImageObject","inLanguage":"de","@id":"https:\/\/iha-race.com\/de\/producto\/betafpv-brushless-quadcopter-air65-racing\/#primaryimage","url":"https:\/\/iha-race.com\/wp-content\/uploads\/2024\/08\/Cuadricoptero-Whoop-sin-escobillas-Air65-II4.webp","contentUrl":"https:\/\/iha-race.com\/wp-content\/uploads\/2024\/08\/Cuadricoptero-Whoop-sin-escobillas-Air65-II4.webp","width":720,"height":720,"caption":"Comprar Cuadric\u00f3ptero Whoop sin escobillas Air65 II"},{"@type":"BreadcrumbList","@id":"https:\/\/iha-race.com\/de\/producto\/betafpv-brushless-quadcopter-air65-racing\/#breadcrumb","itemListElement":[{"@type":"ListItem","position":1,"name":"Portada","item":"https:\/\/iha-race.com\/de\/elementor-499\/"},{"@type":"ListItem","position":2,"name":"Shop","item":"https:\/\/iha-race.com\/de\/shop\/"},{"@type":"ListItem","position":3,"name":"BetaFPV Brushless Quadcopter Air65 &#8220;Racing&#8221;."}]},{"@type":"WebSite","@id":"https:\/\/iha-race.com\/de\/#website","url":"https:\/\/iha-race.com\/de\/","name":"Iha Race","description":"Comprar drones de carreras FPV env\u00edos en un d\u00eda desde Espa\u00f1a","publisher":{"@id":"https:\/\/iha-race.com\/de\/#organization"},"potentialAction":[{"@type":"SearchAction","target":{"@type":"EntryPoint","urlTemplate":"https:\/\/iha-race.com\/de\/?s={search_term_string}"},"query-input":{"@type":"PropertyValueSpecification","valueRequired":true,"valueName":"search_term_string"}}],"inLanguage":"de"},{"@type":"Organization","@id":"https:\/\/iha-race.com\/de\/#organization","name":"Iha Race","url":"https:\/\/iha-race.com\/de\/","logo":{"@type":"ImageObject","inLanguage":"de","@id":"https:\/\/iha-race.com\/de\/#\/schema\/logo\/image\/","url":"https:\/\/iha-race.com\/wp-content\/uploads\/2018\/07\/iha-race-drones-de-carreras-tienda-comprar-drones.png","contentUrl":"https:\/\/iha-race.com\/wp-content\/uploads\/2018\/07\/iha-race-drones-de-carreras-tienda-comprar-drones.png","width":300,"height":100,"caption":"Iha Race"},"image":{"@id":"https:\/\/iha-race.com\/de\/#\/schema\/logo\/image\/"}}]}},"jetpack_sharing_enabled":true,"brands":[],"_links":{"self":[{"href":"https:\/\/iha-race.com\/de\/wp-json\/wp\/v2\/product\/250747","targetHints":{"allow":["GET"]}}],"collection":[{"href":"https:\/\/iha-race.com\/de\/wp-json\/wp\/v2\/product"}],"about":[{"href":"https:\/\/iha-race.com\/de\/wp-json\/wp\/v2\/types\/product"}],"replies":[{"embeddable":true,"href":"https:\/\/iha-race.com\/de\/wp-json\/wp\/v2\/comments?post=250747"}],"version-history":[{"count":1,"href":"https:\/\/iha-race.com\/de\/wp-json\/wp\/v2\/product\/250747\/revisions"}],"predecessor-version":[{"id":251297,"href":"https:\/\/iha-race.com\/de\/wp-json\/wp\/v2\/product\/250747\/revisions\/251297"}],"wp:featuredmedia":[{"embeddable":true,"href":"https:\/\/iha-race.com\/de\/wp-json\/wp\/v2\/media\/258112"}],"wp:attachment":[{"href":"https:\/\/iha-race.com\/de\/wp-json\/wp\/v2\/media?parent=250747"}],"wp:term":[{"taxonomy":"pwb-brand","embeddable":true,"href":"https:\/\/iha-race.com\/de\/wp-json\/wp\/v2\/pwb-brand?post=250747"},{"taxonomy":"product_cat","embeddable":true,"href":"https:\/\/iha-race.com\/de\/wp-json\/wp\/v2\/product_cat?post=250747"},{"taxonomy":"product_tag","embeddable":true,"href":"https:\/\/iha-race.com\/de\/wp-json\/wp\/v2\/product_tag?post=250747"}],"curies":[{"name":"wp","href":"https:\/\/api.w.org\/{rel}","templated":true}]}}