{"id":247708,"date":"2024-07-18T19:06:46","date_gmt":"2024-07-18T17:06:46","guid":{"rendered":"https:\/\/iha-race.com\/producto\/nazgul-xl5-eco-6s-analog\/"},"modified":"2025-07-06T11:45:10","modified_gmt":"2025-07-06T09:45:10","slug":"nazgul-xl5-eco-6s-analog","status":"publish","type":"product","link":"https:\/\/iha-race.com\/de\/producto\/nazgul-xl5-eco-6s-analog\/","title":{"rendered":"Nazgul XL5 ECO 6S Analog"},"content":{"rendered":"<h2><span data-sheets-root=\"1\">Nazgul XL5 ECO 6S Analog<\/span><\/h2>\n<p>&nbsp;<\/p>\n<div class=\"woocommerce-product-details__short-description\">\n<div class=\"short-description\">\n<p><em><strong><span style=\"color: #ff0000;\">VERSAND 7 BIS 10 TAGE NACH DEM KAUF<\/span> <\/strong><\/em><\/p>\n<\/div>\n<\/div>\n<div class=\"about__accordion-toggle active\">\n<p>BESCHREIBUNG<\/p>\n<div class=\"about__accordion-toggle-icon\"><\/div>\n<\/div>\n<div class=\"about__accordion-description\">\n<div>\n<div><iframe src=\"https:\/\/www.youtube.com\/embed\/5_q_4DV4k5o?si=8u4mD0wDXGm8escI\" frameborder=\"0\" allowfullscreen=\"allowfullscreen\" data-mce-fragment=\"1\"><\/iframe><\/div>\n<\/div>\n<p>&nbsp;<\/p>\n<p data-sider-select-id=\"1e1b38f2-9707-4d1b-9ef1-639a29d880bb\"><b data-sider-select-id=\"802e2195-9aa5-4c6d-b1c6-153cb01e3f52\">Leicht und langlebig<\/b><\/p>\n<p>Eine Kombination aus Kohlefaser und Aluminium sorgt f\u00fcr eine leichte und dennoch robuste Struktur f\u00fcr Ihre Fotoausr\u00fcstung. Entwickelt f\u00fcr eine klare Videoausgabe ohne st\u00f6rende Propeller, wodurch die \u00e4sthetische Qualit\u00e4t Ihrer Luftaufnahmen verbessert wird.<\/p>\n<p data-sider-select-id=\"13b88e29-59aa-4a77-b420-47f02da9fe9f\"><b data-sider-select-id=\"0f0bb13c-fdcb-4bf8-9269-add945a6b8c4\">Funkenf\u00e4nger<\/b><\/p>\n<p>Beim Anschlie\u00dfen eines Akkus kann am Stecker ein starker Funke entstehen, der auftritt, wenn der hohe Akkustrom zun\u00e4chst in den Kondensator mit niedrigem ESR geleitet wird und dann die ESC-Kapazit\u00e4t f\u00fcllt. Wir haben eine Schutzschaltung eingebaut, um die Lebensdauer der XT60 Stecker zu verl\u00e4ngern und schnelle Spannungs- oder Stromspitzen zu verhindern, die Ihre elektronischen Ger\u00e4te vor Sch\u00e4den sch\u00fctzen k\u00f6nnen.<\/p>\n<p data-sider-select-id=\"c8fa67af-e2a3-4aad-bb5a-3426c609a47b\"><b data-sider-select-id=\"d5a9f4b6-2a0d-4315-bb2d-dac1650be9d9\">Verbessern Sie die Benutzerfreundlichkeit und optimieren Sie die Wartung<\/b><\/p>\n<p data-sider-select-id=\"7963af4b-81d2-4a44-87db-3c3b43a1c7fd\">Ausgestattet mit einem eingebauten Buzzer und einer Empf\u00e4ngerhalterung, die eine einfache Wartung und Einstellung des Empf\u00e4ngers erm\u00f6glicht.<\/p>\n<p data-sider-select-id=\"0f37b7d3-a7a9-4f47-ab28-5e7055bb5a21\"><b data-sider-select-id=\"5ca7c9dd-d122-4c38-b2a5-9c282c8239c8\">Pers\u00f6nlicher DIY-Raum<\/b><\/p>\n<p>Schaffen Sie Ihren eigenen, individuellen Platz mit der Flexibilit\u00e4t der standardm\u00e4\u00dfigen 20 x 20 und 30,5 x 30,5 Montagel\u00f6cher, die die Kompatibilit\u00e4t mit den beliebtesten VTX-Systemen und Flugs\u00e4ulen auf dem Markt gew\u00e4hrleisten. Passen Sie Ihre Konfiguration an Ihren Geschmack an und genie\u00dfen Sie einen nahtlosen Integrationsprozess mit diesen vielseitigen Montageoptionen.<\/p>\n<p>&nbsp;<\/p>\n<h3><strong>Spezifikationen:<\/strong><\/h3>\n<p>Produktname: Nazgul XL5 ECO 6S Analog<\/p>\n<p data-sider-select-id=\"e61e9e83-e97e-43b5-abeb-7dc64e36778d\">Geometrie: True-X<\/p>\n<p>FC: Flugsteuerung BLITZ ATF435<\/p>\n<p data-sider-select-id=\"af06840a-5d33-4655-b695-26b2f2cd8500\">ESC: ESC BLITZ E55S 4 IN 1<\/p>\n<p>Video\u00fcbertragung: BLITZ 1.6W VTX<\/p>\n<p>Rahmen: 245 mm Radstand<\/p>\n<p>Motor: XING-E Pro 2207 1800KV Motoren<\/p>\n<p>Propeller: Nazgul F5 Propeller<\/p>\n<p data-sider-select-id=\"8c770ffb-d4e4-43ef-ab78-a1f07e0754b5\">Gewicht: 427g<\/p>\n<p data-sider-select-id=\"8c770ffb-d4e4-43ef-ab78-a1f07e0754b5\">Abfluggewicht: Ca. 652 g (mit 6S 1400 mAh Akku)<\/p>\n<p>Abmessungen (L\u00d7B\u00d7H): 173\u00d7173\u00d7173\u00d734\u00b12 mm<\/p>\n<p>Diagonaler Abstand: 245 mm<\/p>\n<p data-sider-select-id=\"7cde36f2-3c76-4c9b-8bb4-eba338eb1958\">H\u00f6chstgeschwindigkeit: 190 km\/h (manueller Modus)<\/p>\n<p>Maximale Abflugh\u00f6he: 3200 m<\/p>\n<p>Maximale station\u00e4re Flugzeit: ca. 7,5 Minuten (ohne Aufladen mit 6S 1400 mAh Akku)<\/p>\n<p data-sider-select-id=\"3a992c54-903a-4ce5-8af8-c196c34a41c0\">Widerstandsf\u00e4higkeit bei maximaler Windgeschwindigkeit: Stufe 7<\/p>\n<p>de Rango de temperatura de funcionamiento: -10\u00b0 a 40\u00b0 C (14\u00b0 a 104\u00b0 F)<\/p>\n<p>Antennen: Einzelne Antenne<\/p>\n<p>GNSS: GPS+SBAS+Galileo+QZSS+Glonass (optional)<\/p>\n<p>&nbsp;<\/p>\n<h3>Video\u00fcbertragung:<\/h3>\n<p>Produktname: BLITZ 5.8G 1.6W VTX<\/p>\n<p>Ausgangsleistung: 0-25-400-800-1600mw<\/p>\n<p>Eingangsspannung: 7-34 V (2-8 S)<\/p>\n<p>Betriebsstrom: 25,2 V, \u2264p @ 20 mA, \u226425 mw @ 65 mA, \u2264400 mw @ 130 mA, \u2264800 mw @ 150 mA, \u22641600 mw @ 250 mA<\/p>\n<p>Sendefrequenz: 40CH(ABEFR)<\/p>\n<p>Antennenschnittstelle: MMCX<\/p>\n<p>Montage\u00f6ffnung: 30,5 \u00d7 30,5\/\u03a63 mm<\/p>\n<p>Gewicht: 18,9 g (Antenne nicht enthalten)<\/p>\n<p>Abmessungen: 38,5 \u00d7 38,5 mm<\/p>\n<p>&nbsp;<\/p>\n<h3><strong>Packliste:<\/strong><\/h3>\n<p>1 x Nazgul XL5 ECO 6S Analoger BNF<\/p>\n<p>1 x Antenne<\/p>\n<p>2 x Akku-Pads<\/p>\n<p>2 x Nazgul F5 Propeller (Paare)<\/p>\n<p>&nbsp;<\/p>\n<\/div>\n","protected":false},"excerpt":{"rendered":"<p>Nazgul XL5 ECO 6S Analog &nbsp; VERSAND 7 BIS 10 TAGE NACH DEM KAUF BESCHREIBUNG &nbsp; Leicht und langlebig Eine Kombination aus Kohlefaser und Aluminium sorgt f\u00fcr eine leichte und<\/p>\n","protected":false},"featured_media":247686,"comment_status":"open","ping_status":"closed","template":"","meta":{"_joinchat":[]},"pwb-brand":[],"product_cat":[2579,3672],"product_tag":[],"class_list":{"0":"post-247708","1":"product","2":"type-product","3":"status-publish","4":"has-post-thumbnail","6":"product_cat-fpv-drohnen","7":"product_cat-rtf-montiert","9":"first","10":"instock","11":"taxable","12":"shipping-taxable","13":"purchasable","14":"product-type-variable"},"barcode":null,"atum_controlled":true,"out_stock_date":null,"out_stock_threshold":null,"inheritable":true,"stock_on_hold":0,"sold_today":0,"sales_last_days":0,"out_stock_days":null,"lost_sales":0,"update_date":"2026-04-28T16:45:42","atum_locations":[],"atum_stock_status":"instock","restock_status":false,"low_stock_amount":"","sales_update_date":"2026-04-27T19:43:52","calc_backorders":null,"yoast_head":"<!-- This site is optimized with the Yoast SEO plugin v27.3 - https:\/\/yoast.com\/product\/yoast-seo-wordpress\/ -->\n<title>Nazgul XL5 ECO 6S Analog - Iha Race<\/title>\n<meta name=\"robots\" content=\"index, follow, max-snippet:-1, max-image-preview:large, max-video-preview:-1\" \/>\n<link rel=\"canonical\" href=\"https:\/\/iha-race.com\/de\/producto\/nazgul-xl5-eco-6s-analog\/\" \/>\n<meta property=\"og:locale\" content=\"de_DE\" \/>\n<meta property=\"og:type\" content=\"article\" \/>\n<meta property=\"og:title\" content=\"Nazgul XL5 ECO 6S Analog - Iha Race\" \/>\n<meta property=\"og:description\" content=\"Nazgul XL5 ECO 6S Analog &nbsp; VERSAND 7 BIS 10 TAGE NACH DEM KAUF BESCHREIBUNG &nbsp; Leicht und langlebig Eine Kombination aus Kohlefaser und Aluminium sorgt f\u00fcr eine leichte und\" \/>\n<meta property=\"og:url\" content=\"https:\/\/iha-race.com\/de\/producto\/nazgul-xl5-eco-6s-analog\/\" \/>\n<meta property=\"og:site_name\" content=\"Iha Race\" \/>\n<meta property=\"article:modified_time\" content=\"2025-07-06T09:45:10+00:00\" \/>\n<meta property=\"og:image\" content=\"https:\/\/iha-race.com\/wp-content\/uploads\/2024\/07\/Nazgul-XL5-ECO-6S-Analogico.webp\" \/>\n\t<meta property=\"og:image:width\" content=\"800\" \/>\n\t<meta property=\"og:image:height\" content=\"800\" \/>\n\t<meta property=\"og:image:type\" content=\"image\/webp\" \/>\n<meta name=\"twitter:card\" content=\"summary_large_image\" \/>\n<meta name=\"twitter:label1\" content=\"Gesch\u00e4tzte Lesezeit\" \/>\n\t<meta name=\"twitter:data1\" content=\"2\u00a0Minuten\" \/>\n<script type=\"application\/ld+json\" class=\"yoast-schema-graph\">{\"@context\":\"https:\\\/\\\/schema.org\",\"@graph\":[{\"@type\":\"WebPage\",\"@id\":\"https:\\\/\\\/iha-race.com\\\/de\\\/producto\\\/nazgul-xl5-eco-6s-analog\\\/\",\"url\":\"https:\\\/\\\/iha-race.com\\\/de\\\/producto\\\/nazgul-xl5-eco-6s-analog\\\/\",\"name\":\"Nazgul XL5 ECO 6S Analog - Iha Race\",\"isPartOf\":{\"@id\":\"https:\\\/\\\/iha-race.com\\\/de\\\/#website\"},\"primaryImageOfPage\":{\"@id\":\"https:\\\/\\\/iha-race.com\\\/de\\\/producto\\\/nazgul-xl5-eco-6s-analog\\\/#primaryimage\"},\"image\":{\"@id\":\"https:\\\/\\\/iha-race.com\\\/de\\\/producto\\\/nazgul-xl5-eco-6s-analog\\\/#primaryimage\"},\"thumbnailUrl\":\"https:\\\/\\\/iha-race.com\\\/wp-content\\\/uploads\\\/2024\\\/07\\\/Nazgul-XL5-ECO-6S-Analogico.webp\",\"datePublished\":\"2024-07-18T17:06:46+00:00\",\"dateModified\":\"2025-07-06T09:45:10+00:00\",\"breadcrumb\":{\"@id\":\"https:\\\/\\\/iha-race.com\\\/de\\\/producto\\\/nazgul-xl5-eco-6s-analog\\\/#breadcrumb\"},\"inLanguage\":\"de\",\"potentialAction\":[{\"@type\":\"ReadAction\",\"target\":[\"https:\\\/\\\/iha-race.com\\\/de\\\/producto\\\/nazgul-xl5-eco-6s-analog\\\/\"]}]},{\"@type\":\"ImageObject\",\"inLanguage\":\"de\",\"@id\":\"https:\\\/\\\/iha-race.com\\\/de\\\/producto\\\/nazgul-xl5-eco-6s-analog\\\/#primaryimage\",\"url\":\"https:\\\/\\\/iha-race.com\\\/wp-content\\\/uploads\\\/2024\\\/07\\\/Nazgul-XL5-ECO-6S-Analogico.webp\",\"contentUrl\":\"https:\\\/\\\/iha-race.com\\\/wp-content\\\/uploads\\\/2024\\\/07\\\/Nazgul-XL5-ECO-6S-Analogico.webp\",\"width\":800,\"height\":800,\"caption\":\"Comprar Nazgul XL5 ECO 6S Anal\u00f3gico\"},{\"@type\":\"BreadcrumbList\",\"@id\":\"https:\\\/\\\/iha-race.com\\\/de\\\/producto\\\/nazgul-xl5-eco-6s-analog\\\/#breadcrumb\",\"itemListElement\":[{\"@type\":\"ListItem\",\"position\":1,\"name\":\"Portada\",\"item\":\"https:\\\/\\\/iha-race.com\\\/de\\\/elementor-499\\\/\"},{\"@type\":\"ListItem\",\"position\":2,\"name\":\"Shop\",\"item\":\"https:\\\/\\\/iha-race.com\\\/de\\\/shop\\\/\"},{\"@type\":\"ListItem\",\"position\":3,\"name\":\"Nazgul XL5 ECO 6S Analog\"}]},{\"@type\":\"WebSite\",\"@id\":\"https:\\\/\\\/iha-race.com\\\/de\\\/#website\",\"url\":\"https:\\\/\\\/iha-race.com\\\/de\\\/\",\"name\":\"Iha Race\",\"description\":\"Comprar drones de carreras FPV env\u00edos en un d\u00eda desde Espa\u00f1a\",\"publisher\":{\"@id\":\"https:\\\/\\\/iha-race.com\\\/de\\\/#organization\"},\"potentialAction\":[{\"@type\":\"SearchAction\",\"target\":{\"@type\":\"EntryPoint\",\"urlTemplate\":\"https:\\\/\\\/iha-race.com\\\/de\\\/?s={search_term_string}\"},\"query-input\":{\"@type\":\"PropertyValueSpecification\",\"valueRequired\":true,\"valueName\":\"search_term_string\"}}],\"inLanguage\":\"de\"},{\"@type\":\"Organization\",\"@id\":\"https:\\\/\\\/iha-race.com\\\/de\\\/#organization\",\"name\":\"Iha Race\",\"url\":\"https:\\\/\\\/iha-race.com\\\/de\\\/\",\"logo\":{\"@type\":\"ImageObject\",\"inLanguage\":\"de\",\"@id\":\"https:\\\/\\\/iha-race.com\\\/de\\\/#\\\/schema\\\/logo\\\/image\\\/\",\"url\":\"https:\\\/\\\/iha-race.com\\\/wp-content\\\/uploads\\\/2018\\\/07\\\/iha-race-drones-de-carreras-tienda-comprar-drones.png\",\"contentUrl\":\"https:\\\/\\\/iha-race.com\\\/wp-content\\\/uploads\\\/2018\\\/07\\\/iha-race-drones-de-carreras-tienda-comprar-drones.png\",\"width\":300,\"height\":100,\"caption\":\"Iha Race\"},\"image\":{\"@id\":\"https:\\\/\\\/iha-race.com\\\/de\\\/#\\\/schema\\\/logo\\\/image\\\/\"}}]}<\/script>\n<!-- \/ Yoast SEO plugin. -->","yoast_head_json":{"title":"Nazgul XL5 ECO 6S Analog - Iha Race","robots":{"index":"index","follow":"follow","max-snippet":"max-snippet:-1","max-image-preview":"max-image-preview:large","max-video-preview":"max-video-preview:-1"},"canonical":"https:\/\/iha-race.com\/de\/producto\/nazgul-xl5-eco-6s-analog\/","og_locale":"de_DE","og_type":"article","og_title":"Nazgul XL5 ECO 6S Analog - Iha Race","og_description":"Nazgul XL5 ECO 6S Analog &nbsp; VERSAND 7 BIS 10 TAGE NACH DEM KAUF BESCHREIBUNG &nbsp; Leicht und langlebig Eine Kombination aus Kohlefaser und Aluminium sorgt f\u00fcr eine leichte und","og_url":"https:\/\/iha-race.com\/de\/producto\/nazgul-xl5-eco-6s-analog\/","og_site_name":"Iha Race","article_modified_time":"2025-07-06T09:45:10+00:00","og_image":[{"width":800,"height":800,"url":"https:\/\/iha-race.com\/wp-content\/uploads\/2024\/07\/Nazgul-XL5-ECO-6S-Analogico.webp","type":"image\/webp"}],"twitter_card":"summary_large_image","twitter_misc":{"Gesch\u00e4tzte Lesezeit":"2\u00a0Minuten"},"schema":{"@context":"https:\/\/schema.org","@graph":[{"@type":"WebPage","@id":"https:\/\/iha-race.com\/de\/producto\/nazgul-xl5-eco-6s-analog\/","url":"https:\/\/iha-race.com\/de\/producto\/nazgul-xl5-eco-6s-analog\/","name":"Nazgul XL5 ECO 6S Analog - Iha Race","isPartOf":{"@id":"https:\/\/iha-race.com\/de\/#website"},"primaryImageOfPage":{"@id":"https:\/\/iha-race.com\/de\/producto\/nazgul-xl5-eco-6s-analog\/#primaryimage"},"image":{"@id":"https:\/\/iha-race.com\/de\/producto\/nazgul-xl5-eco-6s-analog\/#primaryimage"},"thumbnailUrl":"https:\/\/iha-race.com\/wp-content\/uploads\/2024\/07\/Nazgul-XL5-ECO-6S-Analogico.webp","datePublished":"2024-07-18T17:06:46+00:00","dateModified":"2025-07-06T09:45:10+00:00","breadcrumb":{"@id":"https:\/\/iha-race.com\/de\/producto\/nazgul-xl5-eco-6s-analog\/#breadcrumb"},"inLanguage":"de","potentialAction":[{"@type":"ReadAction","target":["https:\/\/iha-race.com\/de\/producto\/nazgul-xl5-eco-6s-analog\/"]}]},{"@type":"ImageObject","inLanguage":"de","@id":"https:\/\/iha-race.com\/de\/producto\/nazgul-xl5-eco-6s-analog\/#primaryimage","url":"https:\/\/iha-race.com\/wp-content\/uploads\/2024\/07\/Nazgul-XL5-ECO-6S-Analogico.webp","contentUrl":"https:\/\/iha-race.com\/wp-content\/uploads\/2024\/07\/Nazgul-XL5-ECO-6S-Analogico.webp","width":800,"height":800,"caption":"Comprar Nazgul XL5 ECO 6S Anal\u00f3gico"},{"@type":"BreadcrumbList","@id":"https:\/\/iha-race.com\/de\/producto\/nazgul-xl5-eco-6s-analog\/#breadcrumb","itemListElement":[{"@type":"ListItem","position":1,"name":"Portada","item":"https:\/\/iha-race.com\/de\/elementor-499\/"},{"@type":"ListItem","position":2,"name":"Shop","item":"https:\/\/iha-race.com\/de\/shop\/"},{"@type":"ListItem","position":3,"name":"Nazgul XL5 ECO 6S Analog"}]},{"@type":"WebSite","@id":"https:\/\/iha-race.com\/de\/#website","url":"https:\/\/iha-race.com\/de\/","name":"Iha Race","description":"Comprar drones de carreras FPV env\u00edos en un d\u00eda desde Espa\u00f1a","publisher":{"@id":"https:\/\/iha-race.com\/de\/#organization"},"potentialAction":[{"@type":"SearchAction","target":{"@type":"EntryPoint","urlTemplate":"https:\/\/iha-race.com\/de\/?s={search_term_string}"},"query-input":{"@type":"PropertyValueSpecification","valueRequired":true,"valueName":"search_term_string"}}],"inLanguage":"de"},{"@type":"Organization","@id":"https:\/\/iha-race.com\/de\/#organization","name":"Iha Race","url":"https:\/\/iha-race.com\/de\/","logo":{"@type":"ImageObject","inLanguage":"de","@id":"https:\/\/iha-race.com\/de\/#\/schema\/logo\/image\/","url":"https:\/\/iha-race.com\/wp-content\/uploads\/2018\/07\/iha-race-drones-de-carreras-tienda-comprar-drones.png","contentUrl":"https:\/\/iha-race.com\/wp-content\/uploads\/2018\/07\/iha-race-drones-de-carreras-tienda-comprar-drones.png","width":300,"height":100,"caption":"Iha Race"},"image":{"@id":"https:\/\/iha-race.com\/de\/#\/schema\/logo\/image\/"}}]}},"jetpack_sharing_enabled":true,"brands":[],"_links":{"self":[{"href":"https:\/\/iha-race.com\/de\/wp-json\/wp\/v2\/product\/247708","targetHints":{"allow":["GET"]}}],"collection":[{"href":"https:\/\/iha-race.com\/de\/wp-json\/wp\/v2\/product"}],"about":[{"href":"https:\/\/iha-race.com\/de\/wp-json\/wp\/v2\/types\/product"}],"replies":[{"embeddable":true,"href":"https:\/\/iha-race.com\/de\/wp-json\/wp\/v2\/comments?post=247708"}],"version-history":[{"count":1,"href":"https:\/\/iha-race.com\/de\/wp-json\/wp\/v2\/product\/247708\/revisions"}],"predecessor-version":[{"id":247711,"href":"https:\/\/iha-race.com\/de\/wp-json\/wp\/v2\/product\/247708\/revisions\/247711"}],"wp:featuredmedia":[{"embeddable":true,"href":"https:\/\/iha-race.com\/de\/wp-json\/wp\/v2\/media\/247686"}],"wp:attachment":[{"href":"https:\/\/iha-race.com\/de\/wp-json\/wp\/v2\/media?parent=247708"}],"wp:term":[{"taxonomy":"pwb-brand","embeddable":true,"href":"https:\/\/iha-race.com\/de\/wp-json\/wp\/v2\/pwb-brand?post=247708"},{"taxonomy":"product_cat","embeddable":true,"href":"https:\/\/iha-race.com\/de\/wp-json\/wp\/v2\/product_cat?post=247708"},{"taxonomy":"product_tag","embeddable":true,"href":"https:\/\/iha-race.com\/de\/wp-json\/wp\/v2\/product_tag?post=247708"}],"curies":[{"name":"wp","href":"https:\/\/api.w.org\/{rel}","templated":true}]}}