{"id":247396,"date":"2024-06-30T12:45:36","date_gmt":"2024-06-30T10:45:36","guid":{"rendered":"https:\/\/iha-race.com\/producto\/nazgul-dc5-eco-6s-o3-hd-gps\/"},"modified":"2025-07-06T11:45:09","modified_gmt":"2025-07-06T09:45:09","slug":"nazgul-dc5-eco-6s-o3-hd-gps","status":"publish","type":"product","link":"https:\/\/iha-race.com\/de\/producto\/nazgul-dc5-eco-6s-o3-hd-gps\/","title":{"rendered":"Nazgul DC5 ECO 6S O3 HD"},"content":{"rendered":"<h2>Nazgul DC5 ECO 6S O3 HD<\/h2>\n<p>&nbsp;<\/p>\n<div class=\"title-product\">\n<h1><\/h1>\n<\/div>\n<p><span style=\"color: #ff0000;\"><em><strong>VERSAND 7 BIS 10 TAGE NACH DEM KAUF<\/strong><\/em><\/span><\/p>\n<p>&nbsp;<\/p>\n<p>&nbsp;<\/p>\n<p>&nbsp;<\/p>\n<div class=\"temp-specs-tr\">\n<h3 class=\"temp-specs-td name\"><span class=\"\">Beschreibung<\/span><\/h3>\n<div class=\"temp-specs-td value\">\n<p data-sider-select-id=\"aac4036e-8313-487e-b6d5-9b05ade67a4d\"><span class=\"\">Wir stellen die Nazgul DC5 ECO vor: eine neue Definition von Leistung und Wert in einer Standard 5-Zoll Freestyle-Drohne. Ausgestattet mit dem neuen digitalen HD O3-System von DJI, sorgt sein einzigartiges Design daf\u00fcr, dass kein Propeller in Sicht ist und das Video der O3-Antenne direkt genutzt werden kann. Mit dem ATF435 Flugregler und dem BLITZ E55S 2-6S 55A BLITZ ESC bietet er un\u00fcbertroffene Leistung und Zuverl\u00e4ssigkeit. Der Kohlefaserrahmen mit Aluminium-Kamerahalterung ist leicht und dennoch robust, w\u00e4hrend die mitgelieferte GoPro-Halterung Vielseitigkeit bietet, um Ihre epischen Freestyle-Fl\u00fcge festzuhalten. Erh\u00f6hen Sie Ihr Flugerlebnis auf neue H\u00f6hen mit der Nazgul DC5 ECO.<\/span><\/p>\n<\/div>\n<\/div>\n<div class=\"temp-specs-tr\">\n<h3 class=\"temp-specs-td name\">de Reflejos<\/h3>\n<div class=\"temp-specs-td value\">\n<p data-sider-select-id=\"2c9b6bdc-28a5-4092-b260-42b093faf69b\"><b data-sider-select-id=\"04e34090-c4d7-42c1-88e2-b60addd61d60\">Leicht und langlebig<\/b><\/p>\n<p>  Eine Kombination aus Kohlefaser und Aluminium sorgt f\u00fcr eine leichte und dennoch robuste Struktur f\u00fcr Ihre Fotoausr\u00fcstung. Entwickelt f\u00fcr eine gestochen scharfe Videoausgabe ohne st\u00f6rende Propeller, was die \u00e4sthetische Qualit\u00e4t Ihrer Luftaufnahmen verbessert.  <\/p>\n<p data-sider-select-id=\"8f67b1c2-7331-4a10-b742-4abd7688980a\"><b data-sider-select-id=\"a9979aad-aa6f-491d-b148-486c8ab7cc28\">Funkenf\u00e4nger<\/b><\/p>\n<p>  Beim Anschlie\u00dfen eines Akkus kann am Stecker ein starker Funke entstehen, der auftritt, wenn der hohe Akkustrom zun\u00e4chst in den Kondensator mit niedrigem ESR geleitet wird und dann die ESC-Kapazit\u00e4t f\u00fcllt. Wir haben eine Schutzschaltung eingebaut, um die Lebensdauer der XT60 Stecker zu verl\u00e4ngern und schnelle Spannungs- oder Stromspitzen zu verhindern, die Ihre elektronischen Ger\u00e4te vor Sch\u00e4den sch\u00fctzen k\u00f6nnen.  <\/p>\n<p data-sider-select-id=\"fcb46b0c-e03b-47b5-9eb1-fe45469766f3\"><b data-sider-select-id=\"1310f33a-6359-423a-a04c-e1cc951aaf9d\">Digitale \u00dcbertragung mit geringer Latenz der DJI O3 HD Air Einheit<\/b><\/p>\n<p>  Video\u00fcbertragungsreichweite bis zu 10 km: Genie\u00dfen Sie eine klare und fl\u00fcssige Echtzeitansicht auf Ihrer Brille, selbst in st\u00f6rungsanf\u00e4lligen Umgebungen. (Quelle DJI) Die HD-Version erm\u00f6glicht die Installation von ND-Filtern und bietet damit mehr Kontrolle \u00fcber die Belichtungseinstellungen der Kamera.  <\/p>\n<p data-sider-select-id=\"1c2476b2-5e6b-4cc1-b91b-0da95ed24383\"><b data-sider-select-id=\"93014075-3335-47fc-ae3b-992c66e91f7a\">4K Ultra-Weitwinkel 155\u00b0 stabilisiertes Video<\/b><\/p>\n<p>  Gepaart mit einer hochwertigen Bildleistung liefert er au\u00dfergew\u00f6hnliche Bilder, die Ihr Publikum in Atem halten werden. (Quelle DJI)  <\/p>\n<p data-sider-select-id=\"e6a5af15-ec79-4511-827b-73cca355e0ed\"><b data-sider-select-id=\"0bbd4cc0-f41f-4ac4-a4ac-dc4c516c022f\">Verbessern Sie die Benutzerfreundlichkeit und optimieren Sie die Wartung<\/b><\/p>\n<p data-sider-select-id=\"c57bd0dc-4003-4b12-9675-665ed42092fc\">Ausgestattet mit einem eingebauten Summer und einer Empf\u00e4ngerhalterung, erleichtert diese Funktion die Wartung und Einstellung des Empf\u00e4ngers.<\/p>\n<p data-sider-select-id=\"b666b420-570e-430a-8113-8d6cf2286ce3\"><b data-sider-select-id=\"79c66ba0-e9aa-4184-91cb-ca6c86e1adf4\">Pers\u00f6nlicher DIY-Raum<\/b><\/p>\n<p>  Schaffen Sie Ihren eigenen, individuellen Platz mit der Flexibilit\u00e4t der standardm\u00e4\u00dfigen 20 x 20 und 30,5 x 30,5 Montagel\u00f6cher, die die Kompatibilit\u00e4t mit den beliebtesten VTX-Systemen und Flugs\u00e4ulen auf dem Markt gew\u00e4hrleisten. Passen Sie Ihre Konfiguration an Ihren Geschmack an und genie\u00dfen Sie einen nahtlosen Integrationsprozess mit diesen vielseitigen Montageoptionen.  <\/p><\/div>\n<\/div>\n<div class=\"temp-specs-tr\">\n<h3 class=\"temp-specs-td name\">Spezifikationen<\/h3>\n<div class=\"temp-specs-td value\">  Produktname: Nazgul DC5 ECO 6S O3 HD Geometrie: DC (DeadCat) FC: BLITZ ATF435 Flight Controller ESC: ESC BLITZ E55S 55A 4 IN 1 Video\u00fcbertragung: DJI O3 Air Unit Rahmen: 240mm Radstand Motor: XING-E Pro 2207 1800KV Motoren Propeller: Nazgul F5 Propeller  <\/p>\n<p data-sider-select-id=\"c4bf3871-b7da-43ba-bf98-5d0a290000fd\">Gewicht: 450g<\/p>\n<p data-sider-select-id=\"c4bf3871-b7da-43ba-bf98-5d0a290000fd\">Abfluggewicht: Ca. 675 g (mit 6S 1400 mAh Akku)<\/p>\n<p>  Abmessungen (L\u00d7B\u00d7H): 193\u00d7144\u00d734 mm H\u00f6chstgeschwindigkeit: 190 km\/h (manueller Modus) Maximale Abflugh\u00f6he: 7000 m  <\/p>\n<p data-sider-select-id=\"1627f023-2150-41ca-8c42-5ccde6ecee2b\">Maximale Flugzeit: ca. 7,5 Minuten (ohne Aufladung mit 6S 1400 mAh)<\/p>\n<p>  Maximale Windgeschwindigkeitsresistenz: Stufe 7 Betriebstemperaturbereich: -10\u00b0 bis 40\u00b0 C (14\u00b0 bis 104\u00b0 F) Antennen: Duale GNSS-Antenne: GPS+SBAS+Galileo+QZSS+Glonass (optional)  <\/p><\/div>\n<\/div>\n<div class=\"temp-specs-tr\">\n<div class=\"temp-specs-td name\">Video-\u00dcbertragung<\/div>\n<div class=\"temp-specs-td value\">  Produktname: DJI O3 Air Unit Kommunikationsbandbreite: Max. 40 MHz Sichtfeld (Einzelbildschirm): 155\u00b0 Kommunikationsfrequenz: 2,400-2,4835 GHz (nur RX) \/ 5,725-5,850 GHz (RX und TX) Ende-zu-Ende-Latenz Mit DJI FPV Goggles V2: 810p\/120fps Video\u00fcbertragungsqualit\u00e4t: Die Latenz betr\u00e4gt weniger als 28 ms. 810p\/60fps Video\u00fcbertragungsqualit\u00e4t: Die Latenzzeit betr\u00e4gt weniger als 40 ms. Mit DJI Goggles 2: 1080p\/100 fps Video-Streaming-Qualit\u00e4t: Die Latenzzeit betr\u00e4gt nur 30 ms. 1080p\/60 fps Video-Streaming-Qualit\u00e4t: Die Latenzzeit betr\u00e4gt nur 40 ms. Maximale Video\u00fcbertragungsrate: 50 Mbps Maximale Video\u00fcbertragungsreichweite: 10 km (FCC), 2 km (CE), 6 km (SRRC) Betriebstemperaturbereich: -10\u00b0 bis 40\u00b0 C (14\u00b0 bis 104\u00b0 F) Leistungsaufnahme: 7,4-26,4 V Audio\u00fcbertragung: N\/A  <\/div>\n<\/div>\n<div class=\"temp-specs-tr\">\n<h3 class=\"temp-specs-td name\">Packliste<\/h3>\n<div class=\"temp-specs-td value\">\n<p data-sider-select-id=\"9e23ee4c-9f7f-477d-bbdc-04bb1777af5e\"><span class=\"VIpgJd-yAWNEb-VIpgJd-fmcmS-sn54Q\">1 x Nazgul DC5 ECO 6S O3 HD BNF<\/span><\/p>\n<p>  2 x Antennen 2 x Batteriepads 2 x St\u00fctzen (Paare)  <\/p><\/div>\n<\/div>\n","protected":false},"excerpt":{"rendered":"<p><span style=\"color: #ff0000;\"><strong>VERSAND INNERHALB VON 7 BIS 10 TAGEN NACH KAUF<\/strong><\/span><strong><span style=\"color: #ff0000;\">DAS MODELL ELRS 2.4 GHZ IST IN 24 STUNDEN AB LAGER LIEFERBAR.<\/span><\/strong><\/p>\n","protected":false},"featured_media":254145,"comment_status":"open","ping_status":"closed","template":"","meta":{"_joinchat":[]},"pwb-brand":[3571],"product_cat":[2579,3672],"product_tag":[],"class_list":{"0":"post-247396","1":"product","2":"type-product","3":"status-publish","4":"has-post-thumbnail","6":"pwb-brand-iflight","7":"product_cat-fpv-drohnen","8":"product_cat-rtf-montiert","10":"first","11":"instock","12":"taxable","13":"shipping-taxable","14":"purchasable","15":"product-type-variable"},"barcode":null,"atum_controlled":true,"out_stock_date":null,"out_stock_threshold":null,"inheritable":true,"stock_on_hold":0,"sold_today":0,"sales_last_days":1,"out_stock_days":null,"lost_sales":0,"update_date":"2026-04-18T09:21:43","atum_locations":[],"atum_stock_status":"instock","restock_status":false,"low_stock_amount":"","sales_update_date":"2026-04-18T09:21:43","calc_backorders":null,"yoast_head":"<!-- This site is optimized with the Yoast SEO plugin v27.3 - https:\/\/yoast.com\/product\/yoast-seo-wordpress\/ -->\n<title>Nazgul DC5 ECO 6S O3 HD - Iha Race<\/title>\n<meta name=\"robots\" content=\"index, follow, max-snippet:-1, max-image-preview:large, max-video-preview:-1\" \/>\n<link rel=\"canonical\" href=\"https:\/\/iha-race.com\/de\/producto\/nazgul-dc5-eco-6s-o3-hd-gps\/\" \/>\n<meta property=\"og:locale\" content=\"de_DE\" \/>\n<meta property=\"og:type\" content=\"article\" \/>\n<meta property=\"og:title\" content=\"Nazgul DC5 ECO 6S O3 HD - Iha Race\" \/>\n<meta property=\"og:description\" content=\"VERSAND INNERHALB VON 7 BIS 10 TAGEN NACH KAUFDAS MODELL ELRS 2.4 GHZ IST IN 24 STUNDEN AB LAGER LIEFERBAR.\" \/>\n<meta property=\"og:url\" content=\"https:\/\/iha-race.com\/de\/producto\/nazgul-dc5-eco-6s-o3-hd-gps\/\" \/>\n<meta property=\"og:site_name\" content=\"Iha Race\" \/>\n<meta property=\"article:modified_time\" content=\"2025-07-06T09:45:09+00:00\" \/>\n<meta property=\"og:image\" content=\"https:\/\/iha-race.com\/wp-content\/uploads\/2024\/06\/Nazgul-DC5-ECO-6S-O3-HD-GPS.png\" \/>\n\t<meta property=\"og:image:width\" content=\"1000\" \/>\n\t<meta property=\"og:image:height\" content=\"1000\" \/>\n\t<meta property=\"og:image:type\" content=\"image\/png\" \/>\n<meta name=\"twitter:card\" content=\"summary_large_image\" \/>\n<meta name=\"twitter:label1\" content=\"Gesch\u00e4tzte Lesezeit\" \/>\n\t<meta name=\"twitter:data1\" content=\"3\u00a0Minuten\" \/>\n<script type=\"application\/ld+json\" class=\"yoast-schema-graph\">{\"@context\":\"https:\\\/\\\/schema.org\",\"@graph\":[{\"@type\":\"WebPage\",\"@id\":\"https:\\\/\\\/iha-race.com\\\/de\\\/producto\\\/nazgul-dc5-eco-6s-o3-hd-gps\\\/\",\"url\":\"https:\\\/\\\/iha-race.com\\\/de\\\/producto\\\/nazgul-dc5-eco-6s-o3-hd-gps\\\/\",\"name\":\"Nazgul DC5 ECO 6S O3 HD - Iha Race\",\"isPartOf\":{\"@id\":\"https:\\\/\\\/iha-race.com\\\/de\\\/#website\"},\"primaryImageOfPage\":{\"@id\":\"https:\\\/\\\/iha-race.com\\\/de\\\/producto\\\/nazgul-dc5-eco-6s-o3-hd-gps\\\/#primaryimage\"},\"image\":{\"@id\":\"https:\\\/\\\/iha-race.com\\\/de\\\/producto\\\/nazgul-dc5-eco-6s-o3-hd-gps\\\/#primaryimage\"},\"thumbnailUrl\":\"https:\\\/\\\/iha-race.com\\\/wp-content\\\/uploads\\\/2024\\\/06\\\/Nazgul-DC5-ECO-O4-6S-HD.png\",\"datePublished\":\"2024-06-30T10:45:36+00:00\",\"dateModified\":\"2025-07-06T09:45:09+00:00\",\"breadcrumb\":{\"@id\":\"https:\\\/\\\/iha-race.com\\\/de\\\/producto\\\/nazgul-dc5-eco-6s-o3-hd-gps\\\/#breadcrumb\"},\"inLanguage\":\"de\",\"potentialAction\":[{\"@type\":\"ReadAction\",\"target\":[\"https:\\\/\\\/iha-race.com\\\/de\\\/producto\\\/nazgul-dc5-eco-6s-o3-hd-gps\\\/\"]}]},{\"@type\":\"ImageObject\",\"inLanguage\":\"de\",\"@id\":\"https:\\\/\\\/iha-race.com\\\/de\\\/producto\\\/nazgul-dc5-eco-6s-o3-hd-gps\\\/#primaryimage\",\"url\":\"https:\\\/\\\/iha-race.com\\\/wp-content\\\/uploads\\\/2024\\\/06\\\/Nazgul-DC5-ECO-O4-6S-HD.png\",\"contentUrl\":\"https:\\\/\\\/iha-race.com\\\/wp-content\\\/uploads\\\/2024\\\/06\\\/Nazgul-DC5-ECO-O4-6S-HD.png\",\"width\":1000,\"height\":1000,\"caption\":\"Comprar Nazgul DC5 ECO O4 6S HD\"},{\"@type\":\"BreadcrumbList\",\"@id\":\"https:\\\/\\\/iha-race.com\\\/de\\\/producto\\\/nazgul-dc5-eco-6s-o3-hd-gps\\\/#breadcrumb\",\"itemListElement\":[{\"@type\":\"ListItem\",\"position\":1,\"name\":\"Portada\",\"item\":\"https:\\\/\\\/iha-race.com\\\/de\\\/elementor-499\\\/\"},{\"@type\":\"ListItem\",\"position\":2,\"name\":\"Shop\",\"item\":\"https:\\\/\\\/iha-race.com\\\/de\\\/shop\\\/\"},{\"@type\":\"ListItem\",\"position\":3,\"name\":\"Nazgul DC5 ECO 6S O3 HD\"}]},{\"@type\":\"WebSite\",\"@id\":\"https:\\\/\\\/iha-race.com\\\/de\\\/#website\",\"url\":\"https:\\\/\\\/iha-race.com\\\/de\\\/\",\"name\":\"Iha Race\",\"description\":\"Comprar drones de carreras FPV env\u00edos en un d\u00eda desde Espa\u00f1a\",\"publisher\":{\"@id\":\"https:\\\/\\\/iha-race.com\\\/de\\\/#organization\"},\"potentialAction\":[{\"@type\":\"SearchAction\",\"target\":{\"@type\":\"EntryPoint\",\"urlTemplate\":\"https:\\\/\\\/iha-race.com\\\/de\\\/?s={search_term_string}\"},\"query-input\":{\"@type\":\"PropertyValueSpecification\",\"valueRequired\":true,\"valueName\":\"search_term_string\"}}],\"inLanguage\":\"de\"},{\"@type\":\"Organization\",\"@id\":\"https:\\\/\\\/iha-race.com\\\/de\\\/#organization\",\"name\":\"Iha Race\",\"url\":\"https:\\\/\\\/iha-race.com\\\/de\\\/\",\"logo\":{\"@type\":\"ImageObject\",\"inLanguage\":\"de\",\"@id\":\"https:\\\/\\\/iha-race.com\\\/de\\\/#\\\/schema\\\/logo\\\/image\\\/\",\"url\":\"https:\\\/\\\/iha-race.com\\\/wp-content\\\/uploads\\\/2018\\\/07\\\/iha-race-drones-de-carreras-tienda-comprar-drones.png\",\"contentUrl\":\"https:\\\/\\\/iha-race.com\\\/wp-content\\\/uploads\\\/2018\\\/07\\\/iha-race-drones-de-carreras-tienda-comprar-drones.png\",\"width\":300,\"height\":100,\"caption\":\"Iha Race\"},\"image\":{\"@id\":\"https:\\\/\\\/iha-race.com\\\/de\\\/#\\\/schema\\\/logo\\\/image\\\/\"}}]}<\/script>\n<!-- \/ Yoast SEO plugin. -->","yoast_head_json":{"title":"Nazgul DC5 ECO 6S O3 HD - Iha Race","robots":{"index":"index","follow":"follow","max-snippet":"max-snippet:-1","max-image-preview":"max-image-preview:large","max-video-preview":"max-video-preview:-1"},"canonical":"https:\/\/iha-race.com\/de\/producto\/nazgul-dc5-eco-6s-o3-hd-gps\/","og_locale":"de_DE","og_type":"article","og_title":"Nazgul DC5 ECO 6S O3 HD - Iha Race","og_description":"VERSAND INNERHALB VON 7 BIS 10 TAGEN NACH KAUFDAS MODELL ELRS 2.4 GHZ IST IN 24 STUNDEN AB LAGER LIEFERBAR.","og_url":"https:\/\/iha-race.com\/de\/producto\/nazgul-dc5-eco-6s-o3-hd-gps\/","og_site_name":"Iha Race","article_modified_time":"2025-07-06T09:45:09+00:00","og_image":[{"width":1000,"height":1000,"url":"https:\/\/iha-race.com\/wp-content\/uploads\/2024\/06\/Nazgul-DC5-ECO-6S-O3-HD-GPS.png","type":"image\/png"}],"twitter_card":"summary_large_image","twitter_misc":{"Gesch\u00e4tzte Lesezeit":"3\u00a0Minuten"},"schema":{"@context":"https:\/\/schema.org","@graph":[{"@type":"WebPage","@id":"https:\/\/iha-race.com\/de\/producto\/nazgul-dc5-eco-6s-o3-hd-gps\/","url":"https:\/\/iha-race.com\/de\/producto\/nazgul-dc5-eco-6s-o3-hd-gps\/","name":"Nazgul DC5 ECO 6S O3 HD - Iha Race","isPartOf":{"@id":"https:\/\/iha-race.com\/de\/#website"},"primaryImageOfPage":{"@id":"https:\/\/iha-race.com\/de\/producto\/nazgul-dc5-eco-6s-o3-hd-gps\/#primaryimage"},"image":{"@id":"https:\/\/iha-race.com\/de\/producto\/nazgul-dc5-eco-6s-o3-hd-gps\/#primaryimage"},"thumbnailUrl":"https:\/\/iha-race.com\/wp-content\/uploads\/2024\/06\/Nazgul-DC5-ECO-O4-6S-HD.png","datePublished":"2024-06-30T10:45:36+00:00","dateModified":"2025-07-06T09:45:09+00:00","breadcrumb":{"@id":"https:\/\/iha-race.com\/de\/producto\/nazgul-dc5-eco-6s-o3-hd-gps\/#breadcrumb"},"inLanguage":"de","potentialAction":[{"@type":"ReadAction","target":["https:\/\/iha-race.com\/de\/producto\/nazgul-dc5-eco-6s-o3-hd-gps\/"]}]},{"@type":"ImageObject","inLanguage":"de","@id":"https:\/\/iha-race.com\/de\/producto\/nazgul-dc5-eco-6s-o3-hd-gps\/#primaryimage","url":"https:\/\/iha-race.com\/wp-content\/uploads\/2024\/06\/Nazgul-DC5-ECO-O4-6S-HD.png","contentUrl":"https:\/\/iha-race.com\/wp-content\/uploads\/2024\/06\/Nazgul-DC5-ECO-O4-6S-HD.png","width":1000,"height":1000,"caption":"Comprar Nazgul DC5 ECO O4 6S HD"},{"@type":"BreadcrumbList","@id":"https:\/\/iha-race.com\/de\/producto\/nazgul-dc5-eco-6s-o3-hd-gps\/#breadcrumb","itemListElement":[{"@type":"ListItem","position":1,"name":"Portada","item":"https:\/\/iha-race.com\/de\/elementor-499\/"},{"@type":"ListItem","position":2,"name":"Shop","item":"https:\/\/iha-race.com\/de\/shop\/"},{"@type":"ListItem","position":3,"name":"Nazgul DC5 ECO 6S O3 HD"}]},{"@type":"WebSite","@id":"https:\/\/iha-race.com\/de\/#website","url":"https:\/\/iha-race.com\/de\/","name":"Iha Race","description":"Comprar drones de carreras FPV env\u00edos en un d\u00eda desde Espa\u00f1a","publisher":{"@id":"https:\/\/iha-race.com\/de\/#organization"},"potentialAction":[{"@type":"SearchAction","target":{"@type":"EntryPoint","urlTemplate":"https:\/\/iha-race.com\/de\/?s={search_term_string}"},"query-input":{"@type":"PropertyValueSpecification","valueRequired":true,"valueName":"search_term_string"}}],"inLanguage":"de"},{"@type":"Organization","@id":"https:\/\/iha-race.com\/de\/#organization","name":"Iha Race","url":"https:\/\/iha-race.com\/de\/","logo":{"@type":"ImageObject","inLanguage":"de","@id":"https:\/\/iha-race.com\/de\/#\/schema\/logo\/image\/","url":"https:\/\/iha-race.com\/wp-content\/uploads\/2018\/07\/iha-race-drones-de-carreras-tienda-comprar-drones.png","contentUrl":"https:\/\/iha-race.com\/wp-content\/uploads\/2018\/07\/iha-race-drones-de-carreras-tienda-comprar-drones.png","width":300,"height":100,"caption":"Iha Race"},"image":{"@id":"https:\/\/iha-race.com\/de\/#\/schema\/logo\/image\/"}}]}},"jetpack_sharing_enabled":true,"brands":[{"id":3571,"name":"iFlight","slug":"iflight"}],"_links":{"self":[{"href":"https:\/\/iha-race.com\/de\/wp-json\/wp\/v2\/product\/247396","targetHints":{"allow":["GET"]}}],"collection":[{"href":"https:\/\/iha-race.com\/de\/wp-json\/wp\/v2\/product"}],"about":[{"href":"https:\/\/iha-race.com\/de\/wp-json\/wp\/v2\/types\/product"}],"replies":[{"embeddable":true,"href":"https:\/\/iha-race.com\/de\/wp-json\/wp\/v2\/comments?post=247396"}],"version-history":[{"count":4,"href":"https:\/\/iha-race.com\/de\/wp-json\/wp\/v2\/product\/247396\/revisions"}],"predecessor-version":[{"id":251344,"href":"https:\/\/iha-race.com\/de\/wp-json\/wp\/v2\/product\/247396\/revisions\/251344"}],"wp:featuredmedia":[{"embeddable":true,"href":"https:\/\/iha-race.com\/de\/wp-json\/wp\/v2\/media\/254145"}],"wp:attachment":[{"href":"https:\/\/iha-race.com\/de\/wp-json\/wp\/v2\/media?parent=247396"}],"wp:term":[{"taxonomy":"pwb-brand","embeddable":true,"href":"https:\/\/iha-race.com\/de\/wp-json\/wp\/v2\/pwb-brand?post=247396"},{"taxonomy":"product_cat","embeddable":true,"href":"https:\/\/iha-race.com\/de\/wp-json\/wp\/v2\/product_cat?post=247396"},{"taxonomy":"product_tag","embeddable":true,"href":"https:\/\/iha-race.com\/de\/wp-json\/wp\/v2\/product_tag?post=247396"}],"curies":[{"name":"wp","href":"https:\/\/api.w.org\/{rel}","templated":true}]}}