{"id":247319,"date":"2024-06-27T10:22:04","date_gmt":"2024-06-27T08:22:04","guid":{"rendered":"https:\/\/iha-race.com\/producto\/iflight-expresslrs-elrs-500mw-empfaenger\/"},"modified":"2024-11-21T09:43:30","modified_gmt":"2024-11-21T08:43:30","slug":"iflight-expresslrs-elrs-500mw-empfaenger","status":"publish","type":"product","link":"https:\/\/iha-race.com\/de\/producto\/iflight-expresslrs-elrs-500mw-empfaenger\/","title":{"rendered":"iFlight ExpressLRS ELRS 500mW Empf\u00e4nger"},"content":{"rendered":"<h2>iFlight ExpressLRS ELRS 500mW Empf\u00e4nger<\/h2>\n<p>&nbsp;<\/p>\n<div class=\"temp-specs-tr\">\n<h3 class=\"temp-specs-td name\">Beschreibung<\/h3>\n<div class=\"temp-specs-td value\">\n<p>Eine neue Version des iFlight ELRS Empf\u00e4ngers ist jetzt verf\u00fcgbar. Er verf\u00fcgt \u00fcber einen temperaturkompensierten Quarzoszillator, um temperaturbedingte Frequenzschwankungen zu vermeiden, und hat eine Telemetrieleistung von 500 mW. Sie erf\u00fcllt die Anforderungen an die Zuverl\u00e4ssigkeit f\u00fcr Langstreckenfl\u00fcge, Luftaufnahmen oder Freestyle-FPV-Man\u00f6ver mehr als deutlich.<\/p>\n<\/div>\n<\/div>\n<div class=\"temp-specs-tr\">\n<h3 class=\"temp-specs-td name\">Eigenschaften<\/h3>\n<div class=\"temp-specs-td value\">\n<p>Einseitige elektronische Komponenten, spart Einbauraum Aluminium-K\u00fchlk\u00f6rperplatte zum Schutz der elektronischen Komponenten und zur Verbesserung der Anti-Interferenz-F\u00e4higkeit. Neu verbesserter temperaturkompensierter Quarzoszillator, geringerer Paketverlust, hohe Frequenzstabilit\u00e4t Vorgel\u00f6teter SH1.<\/p>\n<p>0-Stecker (Plug&amp;Play f\u00fcr einfache Installation mit iFlight FC) Telemetrieleistung bis zu 500 mW, die st\u00e4rkere Telemetriesignale erzeugt und Telemetrieverluste deutlich reduziert.<\/p>\n<\/div>\n<\/div>\n<div class=\"temp-specs-tr\">\n<div class=\"temp-specs-td name\">Leistung und Kompatibilit\u00e4t<\/div>\n<div class=\"temp-specs-td value\">\n<p>Achten Sie darauf, die Antenne nicht in der N\u00e4he von leitenden oder magnetischen Komponenten (Kohle, Metall, Motoren) zu installieren.<\/p>\n<p>Aktualisieren Sie auf die neueste Firmware und folgen Sie der ELRS-Community f\u00fcr Updates, Tutorials oder Beitr\u00e4ge.<\/p>\n<p>Verwenden Sie iFlight ELRS-Empf\u00e4nger in Verbindung mit unserem Sender f\u00fcr maximale Leistung. Wir haben wahrscheinlich die beste Quarzfrequenzstabilit\u00e4t auf dem Markt mit einer sehr geringen Frequenzabweichung erreicht. Weitere Informationen finden Sie in diesem Artikel <a href=\"https:\/\/github.com\/ExpressLRS\/ExpressLRS\/wiki\/Crystal-Oscillator-(XO)-Frequency-Error\">https:\/\/github.com\/ExpressLRS\/ExpressLRS\/wiki\/Crystal-Oscillator-(XO)-Frequency-Error<\/a><\/p>\n<\/div>\n<\/div>\n<div class=\"temp-specs-tr\">\n<h3 class=\"temp-specs-td name\">Option Band<\/h3>\n<div class=\"temp-specs-td value\">\n<p>Sowohl das 900-MHz- als auch das 2400-MHz-Band bieten eine au\u00dfergew\u00f6hnliche Leistung und gro\u00dfe Reichweite. Wenn Sie sich nicht sicher sind, was Sie kaufen sollen, schauen Sie sich den offiziellen ELRS Long Range Wettbewerb an, um zu sehen, was erreicht wurde. https:\/\/www.expresslrs.org\/2.0\/info\/long-range\/<\/p>\n<p data-sider-select-id=\"ab1b8e5c-bf52-48f0-8295-0febd5ca519f\">Was k\u00f6nnen Sie erwarten? Aufgrund lokaler Vorschriften scheint die FCC 900 MHz-Region besser zu funktionieren als die EU 868 MHz-Region. Das 2400-MHz-Band funktioniert in jeder Region sehr gut und hat eine h\u00f6here Paketrate von bis zu 500 Hz. Dies ist kein g\u00e4ngiges 2400-MHz-Protokoll und kann nicht mit anderen auf dem Markt befindlichen Ger\u00e4ten verglichen werden.<\/p>\n<\/div>\n<\/div>\n<div class=\"temp-specs-tr\">\n<h3 class=\"temp-specs-td name\">Spezifikationen<\/h3>\n<div class=\"temp-specs-td value\">\n<p>MCU: ESP8285<\/p>\n<p>Empf\u00e4ngertyp: Einzelantenne<\/p>\n<p data-sider-select-id=\"c0bce9d0-7cb3-466b-a1c3-1d757c621156\">Firmware: iFlight 900 MHz 500 mW RX (868 MHz\/900 MHz)<\/p>\n<p data-sider-select-id=\"c0bce9d0-7cb3-466b-a1c3-1d757c621156\">  iFlight 2,4 GHz 500 mW Empf\u00e4nger (2,4 G)<\/p>\n<p data-sider-select-id=\"c0bce9d0-7cb3-466b-a1c3-1d757c621156\"><span class=\"VIpgJd-yAWNEb-VIpgJd-fmcmS-sn54Q\">Lua-Skript: iF 900 500 mW RX (868 MHz\/900 MHz) \/ iF 2G4 500 mW RX (2.4 G)<\/span><\/p>\n<p data-sider-select-id=\"9ef9c2a7-563a-47df-aa3a-a5f66fc83220\">Frequenzb\u00e4nder: 868 MHz EU\/900 MHz FCC und 2,4 GHz ISM<\/p>\n<p data-sider-select-id=\"390da907-30f6-4717-ba4b-0aeb8721bcac\">Telemetrieleistung: 100-500 mW (20-27 dBm) (868\/900 MHz)<\/p>\n<p>  50-500 mW (17-27 dBm) (2.4 G)<\/p>\n<p>Abmessungen: 14 x 25 x 4,3 mm<\/p>\n<p>Protokoll: CRSF<\/p>\n<p data-sider-select-id=\"9e079e45-c29b-4033-861d-f4200bcf9713\">LNA: N\/A (868\/900 MHz) \/ YES (2.4 G)<\/p>\n<p>Gewicht: 1,8 g<\/p>\n<\/div>\n<\/div>\n<div class=\"temp-specs-tr\">\n<h3 class=\"temp-specs-td name\">Packliste<\/h3>\n<div class=\"temp-specs-td value\">\n<p>1 x 500 mW ExpressLRS Empf\u00e4nger 1 x Antenne<\/p>\n<\/div>\n<\/div>\n","protected":false},"excerpt":{"rendered":"<p>iFlight ExpressLRS ELRS 500mW Empf\u00e4nger &nbsp; Beschreibung Eine neue Version des iFlight ELRS Empf\u00e4ngers ist jetzt verf\u00fcgbar. Er verf\u00fcgt \u00fcber einen temperaturkompensierten Quarzoszillator, um temperaturbedingte Frequenzschwankungen zu vermeiden, und hat<\/p>\n","protected":false},"featured_media":247291,"comment_status":"open","ping_status":"closed","template":"","meta":{"_joinchat":[]},"pwb-brand":[],"product_cat":[58,2436],"product_tag":[],"class_list":{"0":"post-247319","1":"product","2":"type-product","3":"status-publish","4":"has-post-thumbnail","6":"product_cat-emisoras","7":"product_cat-receptores-rx","9":"first","10":"instock","11":"taxable","12":"shipping-taxable","13":"purchasable","14":"product-type-variable"},"barcode":null,"atum_controlled":true,"out_stock_date":null,"out_stock_threshold":null,"inheritable":true,"stock_on_hold":0,"sold_today":0,"sales_last_days":1,"out_stock_days":null,"lost_sales":0,"update_date":"2026-04-18T09:21:43","atum_locations":[],"atum_stock_status":"instock","restock_status":false,"low_stock_amount":"","sales_update_date":"2026-04-18T09:21:43","calc_backorders":null,"yoast_head":"<!-- This site is optimized with the Yoast SEO plugin v27.3 - https:\/\/yoast.com\/product\/yoast-seo-wordpress\/ -->\n<title>iFlight ExpressLRS ELRS 500mW Empf\u00e4nger - Iha Race<\/title>\n<meta name=\"robots\" content=\"index, follow, max-snippet:-1, max-image-preview:large, max-video-preview:-1\" \/>\n<link rel=\"canonical\" href=\"https:\/\/iha-race.com\/de\/producto\/iflight-expresslrs-elrs-500mw-empfaenger\/\" \/>\n<meta property=\"og:locale\" content=\"de_DE\" \/>\n<meta property=\"og:type\" content=\"article\" \/>\n<meta property=\"og:title\" content=\"iFlight ExpressLRS ELRS 500mW Empf\u00e4nger - Iha Race\" \/>\n<meta property=\"og:description\" content=\"iFlight ExpressLRS ELRS 500mW Empf\u00e4nger &nbsp; Beschreibung Eine neue Version des iFlight ELRS Empf\u00e4ngers ist jetzt verf\u00fcgbar. Er verf\u00fcgt \u00fcber einen temperaturkompensierten Quarzoszillator, um temperaturbedingte Frequenzschwankungen zu vermeiden, und hat\" \/>\n<meta property=\"og:url\" content=\"https:\/\/iha-race.com\/de\/producto\/iflight-expresslrs-elrs-500mw-empfaenger\/\" \/>\n<meta property=\"og:site_name\" content=\"Iha Race\" \/>\n<meta property=\"article:modified_time\" content=\"2024-11-21T08:43:30+00:00\" \/>\n<meta property=\"og:image\" content=\"https:\/\/iha-race.com\/wp-content\/uploads\/2024\/06\/Receptor-iFlight-ExpressLRS-ELRS-500mW-3.png\" \/>\n\t<meta property=\"og:image:width\" content=\"1000\" \/>\n\t<meta property=\"og:image:height\" content=\"1000\" \/>\n\t<meta property=\"og:image:type\" content=\"image\/png\" \/>\n<meta name=\"twitter:card\" content=\"summary_large_image\" \/>\n<meta name=\"twitter:label1\" content=\"Gesch\u00e4tzte Lesezeit\" \/>\n\t<meta name=\"twitter:data1\" content=\"2\u00a0Minuten\" \/>\n<script type=\"application\/ld+json\" class=\"yoast-schema-graph\">{\"@context\":\"https:\\\/\\\/schema.org\",\"@graph\":[{\"@type\":\"WebPage\",\"@id\":\"https:\\\/\\\/iha-race.com\\\/de\\\/producto\\\/iflight-expresslrs-elrs-500mw-empfaenger\\\/\",\"url\":\"https:\\\/\\\/iha-race.com\\\/de\\\/producto\\\/iflight-expresslrs-elrs-500mw-empfaenger\\\/\",\"name\":\"iFlight ExpressLRS ELRS 500mW Empf\u00e4nger - Iha Race\",\"isPartOf\":{\"@id\":\"https:\\\/\\\/iha-race.com\\\/de\\\/#website\"},\"primaryImageOfPage\":{\"@id\":\"https:\\\/\\\/iha-race.com\\\/de\\\/producto\\\/iflight-expresslrs-elrs-500mw-empfaenger\\\/#primaryimage\"},\"image\":{\"@id\":\"https:\\\/\\\/iha-race.com\\\/de\\\/producto\\\/iflight-expresslrs-elrs-500mw-empfaenger\\\/#primaryimage\"},\"thumbnailUrl\":\"https:\\\/\\\/iha-race.com\\\/wp-content\\\/uploads\\\/2024\\\/06\\\/Receptor-iFlight-ExpressLRS-ELRS-500mW-3.png\",\"datePublished\":\"2024-06-27T08:22:04+00:00\",\"dateModified\":\"2024-11-21T08:43:30+00:00\",\"breadcrumb\":{\"@id\":\"https:\\\/\\\/iha-race.com\\\/de\\\/producto\\\/iflight-expresslrs-elrs-500mw-empfaenger\\\/#breadcrumb\"},\"inLanguage\":\"de\",\"potentialAction\":[{\"@type\":\"ReadAction\",\"target\":[\"https:\\\/\\\/iha-race.com\\\/de\\\/producto\\\/iflight-expresslrs-elrs-500mw-empfaenger\\\/\"]}]},{\"@type\":\"ImageObject\",\"inLanguage\":\"de\",\"@id\":\"https:\\\/\\\/iha-race.com\\\/de\\\/producto\\\/iflight-expresslrs-elrs-500mw-empfaenger\\\/#primaryimage\",\"url\":\"https:\\\/\\\/iha-race.com\\\/wp-content\\\/uploads\\\/2024\\\/06\\\/Receptor-iFlight-ExpressLRS-ELRS-500mW-3.png\",\"contentUrl\":\"https:\\\/\\\/iha-race.com\\\/wp-content\\\/uploads\\\/2024\\\/06\\\/Receptor-iFlight-ExpressLRS-ELRS-500mW-3.png\",\"width\":1000,\"height\":1000,\"caption\":\"Comprar Receptor iFlight ExpressLRS ELRS 500mW\"},{\"@type\":\"BreadcrumbList\",\"@id\":\"https:\\\/\\\/iha-race.com\\\/de\\\/producto\\\/iflight-expresslrs-elrs-500mw-empfaenger\\\/#breadcrumb\",\"itemListElement\":[{\"@type\":\"ListItem\",\"position\":1,\"name\":\"Portada\",\"item\":\"https:\\\/\\\/iha-race.com\\\/de\\\/elementor-499\\\/\"},{\"@type\":\"ListItem\",\"position\":2,\"name\":\"Shop\",\"item\":\"https:\\\/\\\/iha-race.com\\\/de\\\/shop\\\/\"},{\"@type\":\"ListItem\",\"position\":3,\"name\":\"iFlight ExpressLRS ELRS 500mW Empf\u00e4nger\"}]},{\"@type\":\"WebSite\",\"@id\":\"https:\\\/\\\/iha-race.com\\\/de\\\/#website\",\"url\":\"https:\\\/\\\/iha-race.com\\\/de\\\/\",\"name\":\"Iha Race\",\"description\":\"Comprar drones de carreras FPV env\u00edos en un d\u00eda desde Espa\u00f1a\",\"publisher\":{\"@id\":\"https:\\\/\\\/iha-race.com\\\/de\\\/#organization\"},\"potentialAction\":[{\"@type\":\"SearchAction\",\"target\":{\"@type\":\"EntryPoint\",\"urlTemplate\":\"https:\\\/\\\/iha-race.com\\\/de\\\/?s={search_term_string}\"},\"query-input\":{\"@type\":\"PropertyValueSpecification\",\"valueRequired\":true,\"valueName\":\"search_term_string\"}}],\"inLanguage\":\"de\"},{\"@type\":\"Organization\",\"@id\":\"https:\\\/\\\/iha-race.com\\\/de\\\/#organization\",\"name\":\"Iha Race\",\"url\":\"https:\\\/\\\/iha-race.com\\\/de\\\/\",\"logo\":{\"@type\":\"ImageObject\",\"inLanguage\":\"de\",\"@id\":\"https:\\\/\\\/iha-race.com\\\/de\\\/#\\\/schema\\\/logo\\\/image\\\/\",\"url\":\"https:\\\/\\\/iha-race.com\\\/wp-content\\\/uploads\\\/2018\\\/07\\\/iha-race-drones-de-carreras-tienda-comprar-drones.png\",\"contentUrl\":\"https:\\\/\\\/iha-race.com\\\/wp-content\\\/uploads\\\/2018\\\/07\\\/iha-race-drones-de-carreras-tienda-comprar-drones.png\",\"width\":300,\"height\":100,\"caption\":\"Iha Race\"},\"image\":{\"@id\":\"https:\\\/\\\/iha-race.com\\\/de\\\/#\\\/schema\\\/logo\\\/image\\\/\"}}]}<\/script>\n<!-- \/ Yoast SEO plugin. -->","yoast_head_json":{"title":"iFlight ExpressLRS ELRS 500mW Empf\u00e4nger - Iha Race","robots":{"index":"index","follow":"follow","max-snippet":"max-snippet:-1","max-image-preview":"max-image-preview:large","max-video-preview":"max-video-preview:-1"},"canonical":"https:\/\/iha-race.com\/de\/producto\/iflight-expresslrs-elrs-500mw-empfaenger\/","og_locale":"de_DE","og_type":"article","og_title":"iFlight ExpressLRS ELRS 500mW Empf\u00e4nger - Iha Race","og_description":"iFlight ExpressLRS ELRS 500mW Empf\u00e4nger &nbsp; Beschreibung Eine neue Version des iFlight ELRS Empf\u00e4ngers ist jetzt verf\u00fcgbar. Er verf\u00fcgt \u00fcber einen temperaturkompensierten Quarzoszillator, um temperaturbedingte Frequenzschwankungen zu vermeiden, und hat","og_url":"https:\/\/iha-race.com\/de\/producto\/iflight-expresslrs-elrs-500mw-empfaenger\/","og_site_name":"Iha Race","article_modified_time":"2024-11-21T08:43:30+00:00","og_image":[{"width":1000,"height":1000,"url":"https:\/\/iha-race.com\/wp-content\/uploads\/2024\/06\/Receptor-iFlight-ExpressLRS-ELRS-500mW-3.png","type":"image\/png"}],"twitter_card":"summary_large_image","twitter_misc":{"Gesch\u00e4tzte Lesezeit":"2\u00a0Minuten"},"schema":{"@context":"https:\/\/schema.org","@graph":[{"@type":"WebPage","@id":"https:\/\/iha-race.com\/de\/producto\/iflight-expresslrs-elrs-500mw-empfaenger\/","url":"https:\/\/iha-race.com\/de\/producto\/iflight-expresslrs-elrs-500mw-empfaenger\/","name":"iFlight ExpressLRS ELRS 500mW Empf\u00e4nger - Iha Race","isPartOf":{"@id":"https:\/\/iha-race.com\/de\/#website"},"primaryImageOfPage":{"@id":"https:\/\/iha-race.com\/de\/producto\/iflight-expresslrs-elrs-500mw-empfaenger\/#primaryimage"},"image":{"@id":"https:\/\/iha-race.com\/de\/producto\/iflight-expresslrs-elrs-500mw-empfaenger\/#primaryimage"},"thumbnailUrl":"https:\/\/iha-race.com\/wp-content\/uploads\/2024\/06\/Receptor-iFlight-ExpressLRS-ELRS-500mW-3.png","datePublished":"2024-06-27T08:22:04+00:00","dateModified":"2024-11-21T08:43:30+00:00","breadcrumb":{"@id":"https:\/\/iha-race.com\/de\/producto\/iflight-expresslrs-elrs-500mw-empfaenger\/#breadcrumb"},"inLanguage":"de","potentialAction":[{"@type":"ReadAction","target":["https:\/\/iha-race.com\/de\/producto\/iflight-expresslrs-elrs-500mw-empfaenger\/"]}]},{"@type":"ImageObject","inLanguage":"de","@id":"https:\/\/iha-race.com\/de\/producto\/iflight-expresslrs-elrs-500mw-empfaenger\/#primaryimage","url":"https:\/\/iha-race.com\/wp-content\/uploads\/2024\/06\/Receptor-iFlight-ExpressLRS-ELRS-500mW-3.png","contentUrl":"https:\/\/iha-race.com\/wp-content\/uploads\/2024\/06\/Receptor-iFlight-ExpressLRS-ELRS-500mW-3.png","width":1000,"height":1000,"caption":"Comprar Receptor iFlight ExpressLRS ELRS 500mW"},{"@type":"BreadcrumbList","@id":"https:\/\/iha-race.com\/de\/producto\/iflight-expresslrs-elrs-500mw-empfaenger\/#breadcrumb","itemListElement":[{"@type":"ListItem","position":1,"name":"Portada","item":"https:\/\/iha-race.com\/de\/elementor-499\/"},{"@type":"ListItem","position":2,"name":"Shop","item":"https:\/\/iha-race.com\/de\/shop\/"},{"@type":"ListItem","position":3,"name":"iFlight ExpressLRS ELRS 500mW Empf\u00e4nger"}]},{"@type":"WebSite","@id":"https:\/\/iha-race.com\/de\/#website","url":"https:\/\/iha-race.com\/de\/","name":"Iha Race","description":"Comprar drones de carreras FPV env\u00edos en un d\u00eda desde Espa\u00f1a","publisher":{"@id":"https:\/\/iha-race.com\/de\/#organization"},"potentialAction":[{"@type":"SearchAction","target":{"@type":"EntryPoint","urlTemplate":"https:\/\/iha-race.com\/de\/?s={search_term_string}"},"query-input":{"@type":"PropertyValueSpecification","valueRequired":true,"valueName":"search_term_string"}}],"inLanguage":"de"},{"@type":"Organization","@id":"https:\/\/iha-race.com\/de\/#organization","name":"Iha Race","url":"https:\/\/iha-race.com\/de\/","logo":{"@type":"ImageObject","inLanguage":"de","@id":"https:\/\/iha-race.com\/de\/#\/schema\/logo\/image\/","url":"https:\/\/iha-race.com\/wp-content\/uploads\/2018\/07\/iha-race-drones-de-carreras-tienda-comprar-drones.png","contentUrl":"https:\/\/iha-race.com\/wp-content\/uploads\/2018\/07\/iha-race-drones-de-carreras-tienda-comprar-drones.png","width":300,"height":100,"caption":"Iha Race"},"image":{"@id":"https:\/\/iha-race.com\/de\/#\/schema\/logo\/image\/"}}]}},"jetpack_sharing_enabled":true,"brands":[],"_links":{"self":[{"href":"https:\/\/iha-race.com\/de\/wp-json\/wp\/v2\/product\/247319","targetHints":{"allow":["GET"]}}],"collection":[{"href":"https:\/\/iha-race.com\/de\/wp-json\/wp\/v2\/product"}],"about":[{"href":"https:\/\/iha-race.com\/de\/wp-json\/wp\/v2\/types\/product"}],"replies":[{"embeddable":true,"href":"https:\/\/iha-race.com\/de\/wp-json\/wp\/v2\/comments?post=247319"}],"version-history":[{"count":2,"href":"https:\/\/iha-race.com\/de\/wp-json\/wp\/v2\/product\/247319\/revisions"}],"predecessor-version":[{"id":252060,"href":"https:\/\/iha-race.com\/de\/wp-json\/wp\/v2\/product\/247319\/revisions\/252060"}],"wp:featuredmedia":[{"embeddable":true,"href":"https:\/\/iha-race.com\/de\/wp-json\/wp\/v2\/media\/247291"}],"wp:attachment":[{"href":"https:\/\/iha-race.com\/de\/wp-json\/wp\/v2\/media?parent=247319"}],"wp:term":[{"taxonomy":"pwb-brand","embeddable":true,"href":"https:\/\/iha-race.com\/de\/wp-json\/wp\/v2\/pwb-brand?post=247319"},{"taxonomy":"product_cat","embeddable":true,"href":"https:\/\/iha-race.com\/de\/wp-json\/wp\/v2\/product_cat?post=247319"},{"taxonomy":"product_tag","embeddable":true,"href":"https:\/\/iha-race.com\/de\/wp-json\/wp\/v2\/product_tag?post=247319"}],"curies":[{"name":"wp","href":"https:\/\/api.w.org\/{rel}","templated":true}]}}