{"id":246440,"date":"2024-05-10T16:01:30","date_gmt":"2024-05-10T14:01:30","guid":{"rendered":"https:\/\/iha-race.com\/producto\/dji-schwimmbrille-3\/"},"modified":"2024-08-29T11:19:35","modified_gmt":"2024-08-29T09:19:35","slug":"dji-schwimmbrille-3","status":"publish","type":"product","link":"https:\/\/iha-race.com\/de\/producto\/dji-schwimmbrille-3\/","title":{"rendered":"DJI Schwimmbrille 3"},"content":{"rendered":"<h1>DJI Schwimmbrille 3<\/h1>\n<div class=\"default-link-style style__highlight___nYJxi\">\n<div class=\"style__body___hRZQQ layout-top-bottom section-container\">\n<article id=\"overview\" class=\"style__tab-content-item___feY-i style__overview-item___+Ra5W style__content-layout-show-hide___dH5fd style__active___z2rnN \">\n<div class=\"style__content-container___5Yesm\">\n<div class=\"product-detail-temp-specs\">\n<div class=\"temp-specs-table\">\n<div class=\"temp-specs-tbody\">\n<div class=\"temp-specs-tr\">\n<div class=\"temp-specs-td value\">\n<h3><b>Rundflug: Erweitern Sie Ihre Horizonte<\/b><\/h3>\n<p>  Kombinieren Sie sie mit der DJI RC Motion 3 f\u00fcr ein umfassendes Bewegungssteuerungserlebnis, oder verwenden Sie sie mit den Fernsteuerungen RC-N2 oder RC 2, um eine Drohne mit einer 3-Achsen-stabilisierten Kamera zu fliegen. All dies erm\u00f6glicht sehr fl\u00fcssige Live-\u00dcbertragungen, so dass Sie das FPV-Flugerlebnis in vollen Z\u00fcgen genie\u00dfen k\u00f6nnen.  <\/p>\n<h3><b>O4 Video-Streaming, kompatibel mit Air 3 und Mini 4 Pro<\/b><\/h3>\n<p>  Mit Avata 2 bietet O4 Video-Streaming eine extrem niedrige Latenz von 24 ms und eine hohe Bitrate von 60 Mb\/s. Das zuverl\u00e4ssige HD O4-Streaming, das auch mit dem Air 3 und dem Mini 4 Pro kompatibel ist, liefert gestochen scharfe und fl\u00fcssige First-Person-Ansichten.  <\/p>\n<h3><b>Aktuelle Ansicht in PiP: Sicherheit in Sicht<\/b><\/h3>\n<p>  Ohne die Brille abnehmen zu m\u00fcssen, k\u00f6nnen Sie nun bequem Ihre Umgebung beobachten und so die Flugsicherheit erh\u00f6hen.  <\/p>\n<h3><b>Bequem und praktisch in jeder Hinsicht<\/b><\/h3>\n<p>  Umwerfende Verbesserungen: Genie\u00dfen Sie ein 1080p-Mikro-OLED-Display mit einer Bildwiederholfrequenz von bis zu 100 Hz* sowie die Low Blue Light Certification des T\u00dcV Rheinland. Dioptrienanpassung von -6,0 D bis +2,0 D f\u00fcr kurzsichtige und weitsichtige Nutzer. In das Kopfband integrierte Batterie: Das leichte und komfortable Design des integrierten Kopfb\u00fcgels befreit Sie von Kabelsalat und bietet eine lange Akkulaufzeit von 3 Stunden.  <\/p>\n<ul>\n<li>Entfrosten auf Knopfdruck: Durch Aktivieren der Entfrosterfunktion erhalten Sie eine praktische L\u00f6sung f\u00fcr pl\u00f6tzliche Temperaturschwankungen oder sehr feuchte Bedingungen.<\/li>\n<\/ul>\n<h3><b>Mehr Spa\u00df mit kabellosem Streaming<\/b><\/h3>\n<p>  Streamen Sie Ihren Flug in Echtzeit \u00fcber die DJI Fly App auf Ihrem Smartphone via Wi-Fi-Verbindung.*** Sie k\u00f6nnen auch 3D- und Panorama-Videos auf eine SD-Karte importieren und auf der Goggles 3 wiedergeben &#8211; f\u00fcr ein immersives Erlebnis, das sich fast greifbar anf\u00fchlt.  <\/p><\/div>\n<\/div>\n<div class=\"temp-specs-tr\">\n<h3 class=\"temp-specs-td name\"><strong>Das Paket umfasst<\/strong><\/h3>\n<div class=\"temp-specs-td value\">\n<ul>\n<li>1 x DJI Schutzbrille 3<\/li>\n<li>1 x DJI Goggles 3 Schaumstoffpolsterung<\/li>\n<li>1 x Zus\u00e4tzliches DJI Goggles 3 Stirnpolster<\/li>\n<li>1 x -2.0D Korrekturgl\u00e4ser (Paar) DJI Goggles 3<\/li>\n<li>1 x USB-C OTG-Kabel<\/li>\n<\/ul>\n<\/div>\n<\/div>\n<div class=\"temp-specs-tr\">\n<h3 class=\"temp-specs-td name\"><strong>Kompatibilit\u00e4t<\/strong><\/h3>\n<div class=\"temp-specs-td value\">\n<ul>\n<li>DJI Avata 2<\/li>\n<li>DJI Mini 4 Pro<\/li>\n<li>DJI Air 3<\/li>\n<li>DJI RC Motion 3<\/li>\n<li>DJI FPV Fernsteuerung 3<\/li>\n<li>DJI RC-N2<\/li>\n<li>DJI RC 2<\/li>\n<\/ul>\n<\/div>\n<\/div>\n<\/div>\n<\/div>\n<\/div>\n<\/div>\n<\/article>\n<\/div>\n<\/div>\n","protected":false},"excerpt":{"rendered":"<p>Genie\u00dfen Sie die immersive Bewegungssteuerung mit dem DJI RC Motion 3 oder kombinieren Sie ihn mit den RC-N2 oder RC 2 Controllern, um FPV-Fl\u00fcge zu genie\u00dfen.<\/p>\n","protected":false},"featured_media":246420,"comment_status":"open","ping_status":"closed","template":"","meta":{"_joinchat":[]},"pwb-brand":[3567],"product_cat":[2597,3328,3340,2536],"product_tag":[],"class_list":{"0":"post-246440","1":"product","2":"type-product","3":"status-publish","4":"has-post-thumbnail","6":"pwb-brand-dji","7":"product_cat-brillen-und-monitore","8":"product_cat-dji-de","9":"product_cat-dji-fpv-de","10":"product_cat-fpv-schutzbrille","12":"first","13":"onbackorder","14":"taxable","15":"shipping-taxable","16":"purchasable","17":"product-type-simple"},"barcode":null,"atum_controlled":true,"out_stock_date":null,"out_stock_threshold":null,"inheritable":false,"stock_on_hold":0,"sold_today":0,"sales_last_days":0,"out_stock_days":0,"lost_sales":0,"update_date":"2026-04-16T06:31:20","atum_locations":[],"atum_stock_status":"onbackorder","restock_status":false,"low_stock_amount":"","sales_update_date":"2026-04-16T06:31:20","calc_backorders":null,"yoast_head":"<!-- This site is optimized with the Yoast SEO plugin v27.3 - https:\/\/yoast.com\/product\/yoast-seo-wordpress\/ -->\n<title>DJI Schwimmbrille 3 - Iha Race<\/title>\n<meta name=\"robots\" content=\"index, follow, max-snippet:-1, max-image-preview:large, max-video-preview:-1\" \/>\n<link rel=\"canonical\" href=\"https:\/\/iha-race.com\/de\/producto\/dji-schwimmbrille-3\/\" \/>\n<meta property=\"og:locale\" content=\"de_DE\" \/>\n<meta property=\"og:type\" content=\"article\" \/>\n<meta property=\"og:title\" content=\"DJI Schwimmbrille 3 - Iha Race\" \/>\n<meta property=\"og:description\" content=\"Genie\u00dfen Sie die immersive Bewegungssteuerung mit dem DJI RC Motion 3 oder kombinieren Sie ihn mit den RC-N2 oder RC 2 Controllern, um FPV-Fl\u00fcge zu genie\u00dfen.\" \/>\n<meta property=\"og:url\" content=\"https:\/\/iha-race.com\/de\/producto\/dji-schwimmbrille-3\/\" \/>\n<meta property=\"og:site_name\" content=\"Iha Race\" \/>\n<meta property=\"article:modified_time\" content=\"2024-08-29T09:19:35+00:00\" \/>\n<meta property=\"og:image\" content=\"https:\/\/iha-race.com\/wp-content\/uploads\/2024\/05\/DJI-Goggles-3-2.jpg\" \/>\n\t<meta property=\"og:image:width\" content=\"1200\" \/>\n\t<meta property=\"og:image:height\" content=\"800\" \/>\n\t<meta property=\"og:image:type\" content=\"image\/jpeg\" \/>\n<meta name=\"twitter:card\" content=\"summary_large_image\" \/>\n<meta name=\"twitter:label1\" content=\"Gesch\u00e4tzte Lesezeit\" \/>\n\t<meta name=\"twitter:data1\" content=\"2\u00a0Minuten\" \/>\n<script type=\"application\/ld+json\" class=\"yoast-schema-graph\">{\"@context\":\"https:\\\/\\\/schema.org\",\"@graph\":[{\"@type\":\"WebPage\",\"@id\":\"https:\\\/\\\/iha-race.com\\\/de\\\/producto\\\/dji-schwimmbrille-3\\\/\",\"url\":\"https:\\\/\\\/iha-race.com\\\/de\\\/producto\\\/dji-schwimmbrille-3\\\/\",\"name\":\"DJI Schwimmbrille 3 - Iha Race\",\"isPartOf\":{\"@id\":\"https:\\\/\\\/iha-race.com\\\/de\\\/#website\"},\"primaryImageOfPage\":{\"@id\":\"https:\\\/\\\/iha-race.com\\\/de\\\/producto\\\/dji-schwimmbrille-3\\\/#primaryimage\"},\"image\":{\"@id\":\"https:\\\/\\\/iha-race.com\\\/de\\\/producto\\\/dji-schwimmbrille-3\\\/#primaryimage\"},\"thumbnailUrl\":\"https:\\\/\\\/iha-race.com\\\/wp-content\\\/uploads\\\/2024\\\/05\\\/DJI-Goggles-3-2.jpg\",\"datePublished\":\"2024-05-10T14:01:30+00:00\",\"dateModified\":\"2024-08-29T09:19:35+00:00\",\"breadcrumb\":{\"@id\":\"https:\\\/\\\/iha-race.com\\\/de\\\/producto\\\/dji-schwimmbrille-3\\\/#breadcrumb\"},\"inLanguage\":\"de\",\"potentialAction\":[{\"@type\":\"ReadAction\",\"target\":[\"https:\\\/\\\/iha-race.com\\\/de\\\/producto\\\/dji-schwimmbrille-3\\\/\"]}]},{\"@type\":\"ImageObject\",\"inLanguage\":\"de\",\"@id\":\"https:\\\/\\\/iha-race.com\\\/de\\\/producto\\\/dji-schwimmbrille-3\\\/#primaryimage\",\"url\":\"https:\\\/\\\/iha-race.com\\\/wp-content\\\/uploads\\\/2024\\\/05\\\/DJI-Goggles-3-2.jpg\",\"contentUrl\":\"https:\\\/\\\/iha-race.com\\\/wp-content\\\/uploads\\\/2024\\\/05\\\/DJI-Goggles-3-2.jpg\",\"width\":1200,\"height\":800},{\"@type\":\"BreadcrumbList\",\"@id\":\"https:\\\/\\\/iha-race.com\\\/de\\\/producto\\\/dji-schwimmbrille-3\\\/#breadcrumb\",\"itemListElement\":[{\"@type\":\"ListItem\",\"position\":1,\"name\":\"Portada\",\"item\":\"https:\\\/\\\/iha-race.com\\\/de\\\/elementor-499\\\/\"},{\"@type\":\"ListItem\",\"position\":2,\"name\":\"Shop\",\"item\":\"https:\\\/\\\/iha-race.com\\\/de\\\/shop\\\/\"},{\"@type\":\"ListItem\",\"position\":3,\"name\":\"DJI Schwimmbrille 3\"}]},{\"@type\":\"WebSite\",\"@id\":\"https:\\\/\\\/iha-race.com\\\/de\\\/#website\",\"url\":\"https:\\\/\\\/iha-race.com\\\/de\\\/\",\"name\":\"Iha Race\",\"description\":\"Comprar drones de carreras FPV env\u00edos en un d\u00eda desde Espa\u00f1a\",\"publisher\":{\"@id\":\"https:\\\/\\\/iha-race.com\\\/de\\\/#organization\"},\"potentialAction\":[{\"@type\":\"SearchAction\",\"target\":{\"@type\":\"EntryPoint\",\"urlTemplate\":\"https:\\\/\\\/iha-race.com\\\/de\\\/?s={search_term_string}\"},\"query-input\":{\"@type\":\"PropertyValueSpecification\",\"valueRequired\":true,\"valueName\":\"search_term_string\"}}],\"inLanguage\":\"de\"},{\"@type\":\"Organization\",\"@id\":\"https:\\\/\\\/iha-race.com\\\/de\\\/#organization\",\"name\":\"Iha Race\",\"url\":\"https:\\\/\\\/iha-race.com\\\/de\\\/\",\"logo\":{\"@type\":\"ImageObject\",\"inLanguage\":\"de\",\"@id\":\"https:\\\/\\\/iha-race.com\\\/de\\\/#\\\/schema\\\/logo\\\/image\\\/\",\"url\":\"https:\\\/\\\/iha-race.com\\\/wp-content\\\/uploads\\\/2018\\\/07\\\/iha-race-drones-de-carreras-tienda-comprar-drones.png\",\"contentUrl\":\"https:\\\/\\\/iha-race.com\\\/wp-content\\\/uploads\\\/2018\\\/07\\\/iha-race-drones-de-carreras-tienda-comprar-drones.png\",\"width\":300,\"height\":100,\"caption\":\"Iha Race\"},\"image\":{\"@id\":\"https:\\\/\\\/iha-race.com\\\/de\\\/#\\\/schema\\\/logo\\\/image\\\/\"}}]}<\/script>\n<!-- \/ Yoast SEO plugin. -->","yoast_head_json":{"title":"DJI Schwimmbrille 3 - Iha Race","robots":{"index":"index","follow":"follow","max-snippet":"max-snippet:-1","max-image-preview":"max-image-preview:large","max-video-preview":"max-video-preview:-1"},"canonical":"https:\/\/iha-race.com\/de\/producto\/dji-schwimmbrille-3\/","og_locale":"de_DE","og_type":"article","og_title":"DJI Schwimmbrille 3 - Iha Race","og_description":"Genie\u00dfen Sie die immersive Bewegungssteuerung mit dem DJI RC Motion 3 oder kombinieren Sie ihn mit den RC-N2 oder RC 2 Controllern, um FPV-Fl\u00fcge zu genie\u00dfen.","og_url":"https:\/\/iha-race.com\/de\/producto\/dji-schwimmbrille-3\/","og_site_name":"Iha Race","article_modified_time":"2024-08-29T09:19:35+00:00","og_image":[{"width":1200,"height":800,"url":"https:\/\/iha-race.com\/wp-content\/uploads\/2024\/05\/DJI-Goggles-3-2.jpg","type":"image\/jpeg"}],"twitter_card":"summary_large_image","twitter_misc":{"Gesch\u00e4tzte Lesezeit":"2\u00a0Minuten"},"schema":{"@context":"https:\/\/schema.org","@graph":[{"@type":"WebPage","@id":"https:\/\/iha-race.com\/de\/producto\/dji-schwimmbrille-3\/","url":"https:\/\/iha-race.com\/de\/producto\/dji-schwimmbrille-3\/","name":"DJI Schwimmbrille 3 - Iha Race","isPartOf":{"@id":"https:\/\/iha-race.com\/de\/#website"},"primaryImageOfPage":{"@id":"https:\/\/iha-race.com\/de\/producto\/dji-schwimmbrille-3\/#primaryimage"},"image":{"@id":"https:\/\/iha-race.com\/de\/producto\/dji-schwimmbrille-3\/#primaryimage"},"thumbnailUrl":"https:\/\/iha-race.com\/wp-content\/uploads\/2024\/05\/DJI-Goggles-3-2.jpg","datePublished":"2024-05-10T14:01:30+00:00","dateModified":"2024-08-29T09:19:35+00:00","breadcrumb":{"@id":"https:\/\/iha-race.com\/de\/producto\/dji-schwimmbrille-3\/#breadcrumb"},"inLanguage":"de","potentialAction":[{"@type":"ReadAction","target":["https:\/\/iha-race.com\/de\/producto\/dji-schwimmbrille-3\/"]}]},{"@type":"ImageObject","inLanguage":"de","@id":"https:\/\/iha-race.com\/de\/producto\/dji-schwimmbrille-3\/#primaryimage","url":"https:\/\/iha-race.com\/wp-content\/uploads\/2024\/05\/DJI-Goggles-3-2.jpg","contentUrl":"https:\/\/iha-race.com\/wp-content\/uploads\/2024\/05\/DJI-Goggles-3-2.jpg","width":1200,"height":800},{"@type":"BreadcrumbList","@id":"https:\/\/iha-race.com\/de\/producto\/dji-schwimmbrille-3\/#breadcrumb","itemListElement":[{"@type":"ListItem","position":1,"name":"Portada","item":"https:\/\/iha-race.com\/de\/elementor-499\/"},{"@type":"ListItem","position":2,"name":"Shop","item":"https:\/\/iha-race.com\/de\/shop\/"},{"@type":"ListItem","position":3,"name":"DJI Schwimmbrille 3"}]},{"@type":"WebSite","@id":"https:\/\/iha-race.com\/de\/#website","url":"https:\/\/iha-race.com\/de\/","name":"Iha Race","description":"Comprar drones de carreras FPV env\u00edos en un d\u00eda desde Espa\u00f1a","publisher":{"@id":"https:\/\/iha-race.com\/de\/#organization"},"potentialAction":[{"@type":"SearchAction","target":{"@type":"EntryPoint","urlTemplate":"https:\/\/iha-race.com\/de\/?s={search_term_string}"},"query-input":{"@type":"PropertyValueSpecification","valueRequired":true,"valueName":"search_term_string"}}],"inLanguage":"de"},{"@type":"Organization","@id":"https:\/\/iha-race.com\/de\/#organization","name":"Iha Race","url":"https:\/\/iha-race.com\/de\/","logo":{"@type":"ImageObject","inLanguage":"de","@id":"https:\/\/iha-race.com\/de\/#\/schema\/logo\/image\/","url":"https:\/\/iha-race.com\/wp-content\/uploads\/2018\/07\/iha-race-drones-de-carreras-tienda-comprar-drones.png","contentUrl":"https:\/\/iha-race.com\/wp-content\/uploads\/2018\/07\/iha-race-drones-de-carreras-tienda-comprar-drones.png","width":300,"height":100,"caption":"Iha Race"},"image":{"@id":"https:\/\/iha-race.com\/de\/#\/schema\/logo\/image\/"}}]}},"brands":[{"id":3567,"name":"DJI","slug":"dji"}],"_links":{"self":[{"href":"https:\/\/iha-race.com\/de\/wp-json\/wp\/v2\/product\/246440","targetHints":{"allow":["GET"]}}],"collection":[{"href":"https:\/\/iha-race.com\/de\/wp-json\/wp\/v2\/product"}],"about":[{"href":"https:\/\/iha-race.com\/de\/wp-json\/wp\/v2\/types\/product"}],"replies":[{"embeddable":true,"href":"https:\/\/iha-race.com\/de\/wp-json\/wp\/v2\/comments?post=246440"}],"version-history":[{"count":2,"href":"https:\/\/iha-race.com\/de\/wp-json\/wp\/v2\/product\/246440\/revisions"}],"predecessor-version":[{"id":248468,"href":"https:\/\/iha-race.com\/de\/wp-json\/wp\/v2\/product\/246440\/revisions\/248468"}],"wp:featuredmedia":[{"embeddable":true,"href":"https:\/\/iha-race.com\/de\/wp-json\/wp\/v2\/media\/246420"}],"wp:attachment":[{"href":"https:\/\/iha-race.com\/de\/wp-json\/wp\/v2\/media?parent=246440"}],"wp:term":[{"taxonomy":"pwb-brand","embeddable":true,"href":"https:\/\/iha-race.com\/de\/wp-json\/wp\/v2\/pwb-brand?post=246440"},{"taxonomy":"product_cat","embeddable":true,"href":"https:\/\/iha-race.com\/de\/wp-json\/wp\/v2\/product_cat?post=246440"},{"taxonomy":"product_tag","embeddable":true,"href":"https:\/\/iha-race.com\/de\/wp-json\/wp\/v2\/product_tag?post=246440"}],"curies":[{"name":"wp","href":"https:\/\/api.w.org\/{rel}","templated":true}]}}